{"id":106534,"date":"2018-06-01T06:52:28","date_gmt":"2018-05-31T22:52:28","guid":{"rendered":"https:\/\/64.4.160.99\/gelidsolutions_new\/ueber-uns\/"},"modified":"2025-11-05T16:39:58","modified_gmt":"2025-11-05T08:39:58","slug":"ueber-uns","status":"publish","type":"page","link":"https:\/\/gelidsolutions.com\/de\/ueber-uns\/","title":{"rendered":"\u00dcber uns"},"content":{"rendered":"<div class=\"wpb-content-wrapper\"><section class=\"vc_row wpb_row vc_row-fluid  vc_custom_1558757898852\"><div class=\"wpb_column vc_column_container vc_col-sm-12 vc_col-xs-12\"><div class=\"vc_column-inner  hongo_responsive_1569400647684\"><div class=\"wpb_wrapper\"><div class=\"vc_empty_space\"   style=\"height: 70px\"><span class=\"vc_empty_space_inner\"><\/span><\/div><div class=\"text-block-content hongo-text-block-1 last-paragraph-no-margin\"><p data-canvas-width=\"473.35848648290306\"><em>Das englische Wort\u00a0\u201egelid\u201c kommt von lateinischem\u00a0\u201egelidus\u201d\u00a0und heisst\u00a0(extrem kalt, eisig).\u00a0<\/em><\/p>\n<p>&nbsp;<\/p>\n<p data-canvas-width=\"473.35848648290306\">GELID Solutions Ltd. ist eine in Hong Kong ans\u00e4ssige Firma mit Schweizer Management und wurde im Jahr 2008 von Gebhard Scherrer und VC Tran gegr\u00fcndet. Beide haben Erfahrungen in der Industrie des PC-Cooling sammeln k\u00f6nnen und bauten erfolgreich ein IT-Unternehmen mit ihrem Know-how auf.<\/p>\n<p>&nbsp;<\/p>\n<p data-canvas-width=\"473.35848648290306\">GELID Solutions entwirft und produziert Verpackungen, K\u00fchll\u00f6sungen wie CPU K\u00fchler, L\u00fcfter und andere Computer-Hardware sowohl f\u00fcr Gamer und Silent-Enthusiasten wie auch f\u00fcr ihre OEM und ODM Kunden. Wir bieten\u00a0 f\u00fcr Computer-Hardware Distributoren, Einzelh\u00e4ndler und System-Integratoren\u00a0innovative, leise, leistungsstarke und hochwertige thermische L\u00f6sungen mit speziellem Design und Verpackungen an.<\/p>\n<p>&nbsp;<\/p>\n<p data-canvas-width=\"473.35848648290306\">Design, Qualit\u00e4t und Innovation sind Schl\u00fcssel zum Erfolg. Und als Schweizer \u00fcberlassen wir nichts dem Zufall. Deshalb bieten wir Komplettl\u00f6sungen \u2013 vom Kugellager bis zur technischen Spezifikation, vom Design bis zum Versand, von der Formung des L\u00fcfters bis zum Druck der Packung \u2013 mit State-of-the-art-Maschinen und erfahrenem Personal.<\/p>\n<p><strong>Unsere Vision:<\/strong><\/p>\n<p><strong>Wir kombinieren Qualit\u00e4t und den Einfallsreichtum, um Best-in-Class-Produkte f\u00fcr Computer-Enthusiasten weltweit zu schaffen.<\/strong><\/p>\n<\/div><\/div><\/div><\/div><\/section><section data-vc-full-width=\"true\" data-vc-full-width-init=\"false\" class=\"vc_row wpb_row vc_row-fluid  vc_custom_1648569460086   hongo-stretch-content hongo-stretch-row-container  hongo_responsive_1648569460089\"><div class=\"wpb_column vc_column_container col-xs-mobile-fullwidth vc_col-sm-12\"><div class=\"vc_column-inner\"><div class=\"wpb_wrapper\"><div class=\"wpb_single_image    hongo-full-width-single-image\">\n\t\t\t<figure class=\"wpb_wrapper vc_figure\">\n\t\t\t\t<div class=\"vc_single_image-wrapper  \"><img loading=\"lazy\" decoding=\"async\" width=\"1920\" height=\"559\" src=\"https:\/\/gelidsolutions.com\/wp-content\/uploads\/2022\/06\/about.jpg\" class=\"vc_single_image-img attachment-full\" alt=\"\" title=\"about\" srcset=\"https:\/\/gelidsolutions.com\/wp-content\/uploads\/2022\/06\/about.jpg 1920w, https:\/\/gelidsolutions.com\/wp-content\/uploads\/2022\/06\/about-300x87.jpg 300w, https:\/\/gelidsolutions.com\/wp-content\/uploads\/2022\/06\/about-1024x298.jpg 1024w, https:\/\/gelidsolutions.com\/wp-content\/uploads\/2022\/06\/about-768x224.jpg 768w, https:\/\/gelidsolutions.com\/wp-content\/uploads\/2022\/06\/about-1536x447.jpg 1536w, https:\/\/gelidsolutions.com\/wp-content\/uploads\/2022\/06\/about-84x24.jpg 84w, https:\/\/gelidsolutions.com\/wp-content\/uploads\/2022\/06\/about-200x58.jpg 200w, https:\/\/gelidsolutions.com\/wp-content\/uploads\/2022\/06\/about-450x131.jpg 450w, https:\/\/gelidsolutions.com\/wp-content\/uploads\/2022\/06\/about-1200x349.jpg 1200w, https:\/\/gelidsolutions.com\/wp-content\/uploads\/2022\/06\/about-360x105.jpg 360w, https:\/\/gelidsolutions.com\/wp-content\/uploads\/2022\/06\/about-800x233.jpg 800w\" sizes=\"auto, (max-width: 1920px) 100vw, 1920px\" \/><\/div>\n\t\t\t<\/figure>\n\t\t\t\n\t\t<\/div><div class=\"vc_empty_space\"   style=\"height: 32px\"><span class=\"vc_empty_space_inner\"><\/span><\/div><div class=\"alt-font heading-style-4 vc_custom_1655201236041  hongo_responsive_1655201236043 heading-1 hongo-section-heading hongo_font_1655201236041\"><span>UNSERE GESCHICHTE<\/span><\/div><div class=\"vc_empty_space\"   style=\"height: 32px\"><span class=\"vc_empty_space_inner\"><\/span><\/div><div class=\"vc_row wpb_row vc_inner vc_row-fluid\"><div class=\"wpb_column vc_column_container col-xs-mobile-fullwidth vc_col-sm-6\"><div class=\"vc_column-inner\"><div class=\"wpb_wrapper\"><div class=\"text-block-content hongo-text-block-2 last-paragraph-no-margin\"><p><strong>VC Tran, Mitgr\u00fcnder und Managing Partner bei GELID Solutions<\/strong><\/p>\n<p style=\"padding-left: 40px;\">\u201eWir haben schweizerische Wurzeln, und deswegen wurde ich schon immer von den drei Prinzipien inspiriert, die dem Schweizer Uhrenbau zugrunde liegen: Qualit\u00e4t, Zuverl\u00e4ssigkeit und Effizienz. F\u00fcr unsere Produkte werden diese Grunds\u00e4tze ebenfalls angewandt. Und unsere Kunden haben die Gelegenheit, genau dies jeden Tag aufs neue zu erleben.<\/p>\n<p style=\"padding-left: 40px;\">Wir m\u00f6chten Sie mit GELID Solutions bekannt machen, und zwar mit wirklich engen Partnerschaften; und wir m\u00f6chten, dass alle unsere Kunden ihr Leben mit unseren Produkten verbessern k\u00f6nnen. Deswegen streben wir danach, die Art von Produkten anzubieten, in die sich unser Kunden verlieben werden. Das ist die Vermarktungsstrategie von GELID Solutions.\u201c<\/p>\n<\/div><\/div><\/div><\/div><\/div><div class=\"vc_empty_space\"   style=\"height: 32px\"><span class=\"vc_empty_space_inner\"><\/span><\/div><div class=\"alt-font heading-style-4 vc_custom_1655201331544  hongo_responsive_1655201331545 heading-2 hongo-section-heading hongo_font_1655201331544\"><span>UNSERE FACHGEBIETE<\/span><\/div><div class=\"vc_empty_space\"   style=\"height: 32px\"><span class=\"vc_empty_space_inner\"><\/span><\/div><div class=\"text-block-content hongo-text-block-3 last-paragraph-no-margin\"><p style=\"text-align: justify;\" data-canvas-width=\"556.5546445397579\">Wir haben eine umfangreiche Produktionsbasis in China und in Taiwan. GELID Solutions kann fast jede Anfrage von OEM&amp;ODM-Kunden nach Design, Entwicklung,\u00a0 zertifizierten Energiemanagementsystemen und mobiles Zubeh\u00f6r, K\u00fchlungsl\u00f6sungen und Metallteilen ausf\u00fchren.<\/p>\n<\/div><div class=\"vc_empty_space\"   style=\"height: 32px\"><span class=\"vc_empty_space_inner\"><\/span><\/div><div class=\"vc_empty_space\"   style=\"height: 32px\"><span class=\"vc_empty_space_inner\"><\/span><\/div><div class=\"alt-font heading-style-4 vc_custom_1655201453192  hongo_responsive_1655201453193 heading-3 hongo-section-heading hongo_font_1655201453191\"><span>UNSER TEAM<\/span><\/div><\/div><\/div><\/div><\/section><div class=\"vc_row-full-width vc_clearfix\"><\/div><section data-vc-full-width=\"true\" data-vc-full-width-init=\"false\" class=\"vc_row wpb_row vc_row-fluid  vc_custom_1569402651203   hongo-stretch-content hongo-stretch-row-container  hongo_responsive_1569402651210\"><div class=\"wpb_column vc_column_container vc_col-sm-6 vc_col-md-3 vc_col-xs-12 wow fadeIn text-center\" data-wow-delay= 100ms><div class=\"vc_column-inner  hongo_responsive_1567234777921\"><div class=\"wpb_wrapper\"><\/div><\/div><\/div><div class=\"wpb_column vc_column_container col-xs-mobile-fullwidth vc_col-sm-6 wow fadeIn\" data-wow-delay= 200ms><div class=\"vc_column-inner  hongo_responsive_1762331888470\"><div class=\"wpb_wrapper\"><div class=\"team-style-2 team2-1\"><figure><div class=\"team-image\"><img loading=\"lazy\" decoding=\"async\" width=\"400\" height=\"400\" src=\"https:\/\/gelidsolutions.com\/wp-content\/uploads\/2022\/06\/VC.jpg\" class=\"\" alt=\"\" title=\"\" srcset=\"https:\/\/gelidsolutions.com\/wp-content\/uploads\/2022\/06\/VC.jpg 400w, https:\/\/gelidsolutions.com\/wp-content\/uploads\/2022\/06\/VC-300x300.jpg 300w, https:\/\/gelidsolutions.com\/wp-content\/uploads\/2022\/06\/VC-150x150.jpg 150w, https:\/\/gelidsolutions.com\/wp-content\/uploads\/2022\/06\/VC-380x380.jpg 380w, https:\/\/gelidsolutions.com\/wp-content\/uploads\/2022\/06\/VC-360x360.jpg 360w, https:\/\/gelidsolutions.com\/wp-content\/uploads\/2022\/06\/VC-64x64.jpg 64w, https:\/\/gelidsolutions.com\/wp-content\/uploads\/2022\/06\/VC-84x84.jpg 84w, https:\/\/gelidsolutions.com\/wp-content\/uploads\/2022\/06\/VC-200x200.jpg 200w, https:\/\/gelidsolutions.com\/wp-content\/uploads\/2022\/06\/VC-100x100.jpg 100w, https:\/\/gelidsolutions.com\/wp-content\/uploads\/2022\/06\/VC-90x90.jpg 90w\" sizes=\"auto, (max-width: 400px) 100vw, 400px\" \/><div class=\"hongo-overlay\"><\/div><div class=\"overlay-content icon-social-small\"><a class=\"team-social-icon\" href=\"https:\/\/www.facebook.com\/\" target=\"_blank\"><i class=\"fa-brands fa-facebook-f \"><\/i><\/a><a class=\"team-social-icon\" href=\"https:\/\/www.twitter.com\/\" target=\"_blank\"><i class=\"fa-brands fa-x-twitter \"><\/i><\/a><a class=\"team-social-icon\" href=\"https:\/\/www.linkedin.com\/\" target=\"_blank\"><i class=\"fa-brands fa-linkedin-in \"><\/i><\/a><\/div><\/div><figcaption><div class=\"team-member-position\"><div class=\"team-name alt-font\">VC Tran<\/div><div class=\"team-designation alt-font\">MANAGING DIRECTOR, CO-FOUNDER<\/div><\/div><\/figcaption><\/figure><\/div><div class=\"text-block-content hongo-text-block-4 last-paragraph-no-margin\"><p style=\"text-align: center;\">HK Office:<\/p>\n<p style=\"text-align: center;\"><span data-sheets-value=\"{&quot;1&quot;:2,&quot;2&quot;:&quot;GELID Solutions Ltd&quot;}\" data-sheets-userformat=\"{&quot;2&quot;:12417,&quot;3&quot;:{&quot;1&quot;:0,&quot;3&quot;:1},&quot;10&quot;:0,&quot;15&quot;:&quot;Arial&quot;,&quot;16&quot;:10}\">GELID Solutions Ltd<\/span><\/p>\n<p style=\"text-align: center;\">Unit 602, 6\/F, Tower A, Southmark<br \/>\n11 Yip Hing Street, Wong Chuk Hang<br \/>\nAberdeen, Hong Kong<br \/>\nTEL: +852 2343 6068<\/p>\n<p style=\"text-align: center;\"><span style=\"text-align: center;\">RP Europe:\u00a0<\/span><\/p>\n<p style=\"text-align: center;\">AVM S.r.l.s<br \/>\nVia Vittorio Veneto 163, 21050 Lonate Ceppino (VA)<br \/>\n-Italy-<\/p>\n<p style=\"text-align: center;\">WEEE Reg.Nr: DE 31757899<\/p>\n<\/div><\/div><\/div><\/div><div class=\"wpb_column vc_column_container vc_col-sm-6 vc_col-md-3 vc_col-xs-12 wow fadeIn text-center\" data-wow-delay= 400ms><div class=\"vc_column-inner\"><div class=\"wpb_wrapper\"><\/div><\/div><\/div><\/section><div class=\"vc_row-full-width vc_clearfix\"><\/div><section data-vc-full-width=\"true\" data-vc-full-width-init=\"false\" class=\"vc_row wpb_row vc_row-fluid  vc_custom_1648571737816   vc_row-has-fill hongo-stretch-content hongo-stretch-row-container\"><div class=\"hongo-overlay\" style=\"opacity:0.4; background: #000000;\"><\/div><div class=\"wpb_column vc_column_container col-xs-mobile-fullwidth vc_col-sm-12\"><div class=\"vc_column-inner\"><div class=\"wpb_wrapper\"><div class=\"alt-font heading-style-3 vc_custom_1655200839185 heading-4 hongo-section-heading hongo_font_1655200839184\">ENJOY OUR PRODUCTS! GROW YOUR BUSINESS WITH GELID SOLUTIONS!<\/div><\/div><\/div><\/div><\/section><div class=\"vc_row-full-width vc_clearfix\"><\/div>\n<\/div>","protected":false},"excerpt":{"rendered":"Das englische Wort\u00a0\u201egelid\u201c kommt von lateinischem\u00a0\u201egelidus\u201d\u00a0und heisst\u00a0(extrem kalt, eisig).\u00a0 &nbsp; GELID Solutions Ltd. ist eine in Hong Kong ans\u00e4ssige Firma mit Schweizer Management und wurde im Jahr 2008 von Gebhard Scherrer und VC Tran gegr\u00fcndet. Beide haben Erfahrungen in der Industrie des PC-Cooling sammeln k\u00f6nnen und bauten erfolgreich ein IT-Unternehmen mit ihrem Know-how auf. &nbsp; GELID Solutions entwirft und produziert Verpackungen, K\u00fchll\u00f6sungen wie CPU K\u00fchler, L\u00fcfter und andere Computer-Hardware sowohl f\u00fcr Gamer und Silent-Enthusiasten wie auch f\u00fcr ihre OEM und ODM Kunden. Wir bieten\u00a0 f\u00fcr Computer-Hardware Distributoren, Einzelh\u00e4ndler und System-Integratoren\u00a0innovative, leise, leistungsstarke und hochwertige thermische L\u00f6sungen mit speziellem Design und Verpackungen an. &nbsp; Design, Qualit\u00e4t und Innovation sind Schl\u00fcssel zum Erfolg. Und als Schweizer \u00fcberlassen wir nichts dem Zufall. Deshalb bieten wir Komplettl\u00f6sungen \u2013 vom Kugellager bis zur technischen Spezifikation, vom Design bis zum Versand, von der Formung des L\u00fcfters bis zum Druck der Packung \u2013 mit State-of-the-art-Maschinen und erfahrenem Personal. Unsere Vision: Wir kombinieren Qualit\u00e4t und den Einfallsreichtum, um Best-in-Class-Produkte f\u00fcr Computer-Enthusiasten weltweit zu schaffen. UNSERE GESCHICHTEVC Tran, Mitgr\u00fcnder und Managing Partner bei GELID Solutions \u201eWir haben schweizerische Wurzeln, und deswegen wurde ich schon immer von den drei Prinzipien inspiriert, die dem Schweizer Uhrenbau zugrunde liegen: Qualit\u00e4t, Zuverl\u00e4ssigkeit und...","protected":false},"author":7,"featured_media":0,"parent":0,"menu_order":0,"comment_status":"closed","ping_status":"closed","template":"","meta":{"_acf_changed":false,"footnotes":""},"class_list":["post-106534","page","type-page","status-publish","hentry"],"acf":[],"yoast_head":"<!-- This site is optimized with the Yoast SEO plugin v27.6 - https:\/\/yoast.com\/product\/yoast-seo-wordpress\/ -->\n<title>\u00dcber uns - Gelid Solutions<\/title>\n<meta name=\"robots\" content=\"index, follow, max-snippet:-1, max-image-preview:large, max-video-preview:-1\" \/>\n<link rel=\"canonical\" href=\"https:\/\/gelidsolutions.com\/de\/ueber-uns\/\" \/>\n<meta property=\"og:locale\" content=\"de_DE\" \/>\n<meta property=\"og:type\" content=\"article\" \/>\n<meta property=\"og:title\" content=\"\u00dcber uns - Gelid Solutions\" \/>\n<meta property=\"og:url\" content=\"https:\/\/gelidsolutions.com\/de\/ueber-uns\/\" \/>\n<meta property=\"og:site_name\" content=\"Gelid Solutions\" \/>\n<meta property=\"article:modified_time\" content=\"2025-11-05T08:39:58+00:00\" \/>\n<meta name=\"twitter:card\" content=\"summary_large_image\" \/>\n<meta name=\"twitter:label1\" content=\"Gesch\u00e4tzte Lesezeit\" \/>\n\t<meta name=\"twitter:data1\" content=\"3\u00a0Minuten\" \/>\n<script type=\"application\/ld+json\" class=\"yoast-schema-graph\">{\"@context\":\"https:\\\/\\\/schema.org\",\"@graph\":[{\"@type\":\"WebPage\",\"@id\":\"https:\\\/\\\/gelidsolutions.com\\\/de\\\/ueber-uns\\\/\",\"url\":\"https:\\\/\\\/gelidsolutions.com\\\/de\\\/ueber-uns\\\/\",\"name\":\"\u00dcber uns - Gelid Solutions\",\"isPartOf\":{\"@id\":\"https:\\\/\\\/gelidsolutions.com\\\/de\\\/#website\"},\"datePublished\":\"2018-05-31T22:52:28+00:00\",\"dateModified\":\"2025-11-05T08:39:58+00:00\",\"breadcrumb\":{\"@id\":\"https:\\\/\\\/gelidsolutions.com\\\/de\\\/ueber-uns\\\/#breadcrumb\"},\"inLanguage\":\"de\",\"potentialAction\":[{\"@type\":\"ReadAction\",\"target\":[\"https:\\\/\\\/gelidsolutions.com\\\/de\\\/ueber-uns\\\/\"]}]},{\"@type\":\"BreadcrumbList\",\"@id\":\"https:\\\/\\\/gelidsolutions.com\\\/de\\\/ueber-uns\\\/#breadcrumb\",\"itemListElement\":[{\"@type\":\"ListItem\",\"position\":1,\"name\":\"Home\",\"item\":\"https:\\\/\\\/gelidsolutions.com\\\/de\\\/\"},{\"@type\":\"ListItem\",\"position\":2,\"name\":\"\u00dcber uns\"}]},{\"@type\":\"WebSite\",\"@id\":\"https:\\\/\\\/gelidsolutions.com\\\/de\\\/#website\",\"url\":\"https:\\\/\\\/gelidsolutions.com\\\/de\\\/\",\"name\":\"Gelid Solutions\",\"description\":\"\",\"publisher\":{\"@id\":\"https:\\\/\\\/gelidsolutions.com\\\/de\\\/#organization\"},\"potentialAction\":[{\"@type\":\"SearchAction\",\"target\":{\"@type\":\"EntryPoint\",\"urlTemplate\":\"https:\\\/\\\/gelidsolutions.com\\\/de\\\/?s={search_term_string}\"},\"query-input\":{\"@type\":\"PropertyValueSpecification\",\"valueRequired\":true,\"valueName\":\"search_term_string\"}}],\"inLanguage\":\"de\"},{\"@type\":\"Organization\",\"@id\":\"https:\\\/\\\/gelidsolutions.com\\\/de\\\/#organization\",\"name\":\"Gelid Solutions\",\"url\":\"https:\\\/\\\/gelidsolutions.com\\\/de\\\/\",\"logo\":{\"@type\":\"ImageObject\",\"inLanguage\":\"de\",\"@id\":\"https:\\\/\\\/gelidsolutions.com\\\/de\\\/#\\\/schema\\\/logo\\\/image\\\/\",\"url\":\"https:\\\/\\\/gelidsolutions.com\\\/wp-content\\\/uploads\\\/2022\\\/06\\\/logo_white_104_104.gif\",\"contentUrl\":\"https:\\\/\\\/gelidsolutions.com\\\/wp-content\\\/uploads\\\/2022\\\/06\\\/logo_white_104_104.gif\",\"width\":104,\"height\":104,\"caption\":\"Gelid Solutions\"},\"image\":{\"@id\":\"https:\\\/\\\/gelidsolutions.com\\\/de\\\/#\\\/schema\\\/logo\\\/image\\\/\"}}]}<\/script>\n<!-- \/ Yoast SEO plugin. -->","yoast_head_json":{"title":"\u00dcber uns - Gelid Solutions","robots":{"index":"index","follow":"follow","max-snippet":"max-snippet:-1","max-image-preview":"max-image-preview:large","max-video-preview":"max-video-preview:-1"},"canonical":"https:\/\/gelidsolutions.com\/de\/ueber-uns\/","og_locale":"de_DE","og_type":"article","og_title":"\u00dcber uns - Gelid Solutions","og_url":"https:\/\/gelidsolutions.com\/de\/ueber-uns\/","og_site_name":"Gelid Solutions","article_modified_time":"2025-11-05T08:39:58+00:00","twitter_card":"summary_large_image","twitter_misc":{"Gesch\u00e4tzte Lesezeit":"3\u00a0Minuten"},"schema":{"@context":"https:\/\/schema.org","@graph":[{"@type":"WebPage","@id":"https:\/\/gelidsolutions.com\/de\/ueber-uns\/","url":"https:\/\/gelidsolutions.com\/de\/ueber-uns\/","name":"\u00dcber uns - Gelid Solutions","isPartOf":{"@id":"https:\/\/gelidsolutions.com\/de\/#website"},"datePublished":"2018-05-31T22:52:28+00:00","dateModified":"2025-11-05T08:39:58+00:00","breadcrumb":{"@id":"https:\/\/gelidsolutions.com\/de\/ueber-uns\/#breadcrumb"},"inLanguage":"de","potentialAction":[{"@type":"ReadAction","target":["https:\/\/gelidsolutions.com\/de\/ueber-uns\/"]}]},{"@type":"BreadcrumbList","@id":"https:\/\/gelidsolutions.com\/de\/ueber-uns\/#breadcrumb","itemListElement":[{"@type":"ListItem","position":1,"name":"Home","item":"https:\/\/gelidsolutions.com\/de\/"},{"@type":"ListItem","position":2,"name":"\u00dcber uns"}]},{"@type":"WebSite","@id":"https:\/\/gelidsolutions.com\/de\/#website","url":"https:\/\/gelidsolutions.com\/de\/","name":"Gelid Solutions","description":"","publisher":{"@id":"https:\/\/gelidsolutions.com\/de\/#organization"},"potentialAction":[{"@type":"SearchAction","target":{"@type":"EntryPoint","urlTemplate":"https:\/\/gelidsolutions.com\/de\/?s={search_term_string}"},"query-input":{"@type":"PropertyValueSpecification","valueRequired":true,"valueName":"search_term_string"}}],"inLanguage":"de"},{"@type":"Organization","@id":"https:\/\/gelidsolutions.com\/de\/#organization","name":"Gelid Solutions","url":"https:\/\/gelidsolutions.com\/de\/","logo":{"@type":"ImageObject","inLanguage":"de","@id":"https:\/\/gelidsolutions.com\/de\/#\/schema\/logo\/image\/","url":"https:\/\/gelidsolutions.com\/wp-content\/uploads\/2022\/06\/logo_white_104_104.gif","contentUrl":"https:\/\/gelidsolutions.com\/wp-content\/uploads\/2022\/06\/logo_white_104_104.gif","width":104,"height":104,"caption":"Gelid Solutions"},"image":{"@id":"https:\/\/gelidsolutions.com\/de\/#\/schema\/logo\/image\/"}}]}},"_links":{"self":[{"href":"https:\/\/gelidsolutions.com\/de\/wp-json\/wp\/v2\/pages\/106534","targetHints":{"allow":["GET"]}}],"collection":[{"href":"https:\/\/gelidsolutions.com\/de\/wp-json\/wp\/v2\/pages"}],"about":[{"href":"https:\/\/gelidsolutions.com\/de\/wp-json\/wp\/v2\/types\/page"}],"author":[{"embeddable":true,"href":"https:\/\/gelidsolutions.com\/de\/wp-json\/wp\/v2\/users\/7"}],"replies":[{"embeddable":true,"href":"https:\/\/gelidsolutions.com\/de\/wp-json\/wp\/v2\/comments?post=106534"}],"version-history":[{"count":11,"href":"https:\/\/gelidsolutions.com\/de\/wp-json\/wp\/v2\/pages\/106534\/revisions"}],"predecessor-version":[{"id":138636,"href":"https:\/\/gelidsolutions.com\/de\/wp-json\/wp\/v2\/pages\/106534\/revisions\/138636"}],"wp:attachment":[{"href":"https:\/\/gelidsolutions.com\/de\/wp-json\/wp\/v2\/media?parent=106534"}],"curies":[{"name":"wp","href":"https:\/\/api.w.org\/{rel}","templated":true}]}}