{"id":125734,"date":"2022-05-18T11:20:27","date_gmt":"2022-05-18T03:20:27","guid":{"rendered":"https:\/\/gelidsolutions.com\/privacy-policy\/"},"modified":"2023-02-23T11:32:55","modified_gmt":"2023-02-23T03:32:55","slug":"privacy-policy","status":"publish","type":"page","link":"https:\/\/gelidsolutions.com\/de\/privacy-policy\/","title":{"rendered":"Datenschutz-Bestimmungen"},"content":{"rendered":"<div class=\"wpb-content-wrapper\"><section class=\"vc_row wpb_row vc_row-fluid\"><div class=\"wpb_column vc_column_container col-xs-mobile-fullwidth vc_col-sm-12\"><div class=\"vc_column-inner\"><div class=\"wpb_wrapper\"><div class=\"vc_empty_space\"   style=\"height: 50px\"><span class=\"vc_empty_space_inner\"><\/span><\/div><div class=\"text-block-content hongo-text-block-1 last-paragraph-no-margin\"><h1>DATENSCHUTZERKL\u00c4RUNG F\u00dcR DIE WEBSITE<\/h1>\n<\/div><div class=\"text-block-content hongo-text-block-2 last-paragraph-no-margin\"><p><strong>GELID Solutions<\/strong> verpflichtet sich, Ihre Privatsph\u00e4re zu sch\u00fctzen und zu respektieren.<\/p>\n<p>&nbsp;<\/p>\n<p>Diese Richtlinie legt die Grundlage dar, auf der GELID Solutions of HONG KONG (Business Registration Number 38132592) (zusammen mit unseren Tochtergesellschaften, unserer Holdinggesellschaft und den Tochtergesellschaften unserer Holdinggesellschaft von Zeit zu Zeit, zusammen &#8222;GELID Solutions Ltd&#8220; oder &#8222;<strong>wir<\/strong>&#8222;) personenbezogene Daten von Ihnen erhebt und wie wir diese Daten verarbeiten.<\/p>\n<p>Mit dem Besuch unserer Website www.gelidsolutions.com (unsere &#8222;<strong>Website<\/strong>&#8222;) akzeptieren Sie die nachstehend beschriebenen Praktiken und stimmen ihnen zu.<\/p>\n<p>&nbsp;<\/p>\n<ul>\n<li style=\"list-style-type: none;\">\n<ul>\n<li><strong>1. Sammlung von Informationen <\/strong>\n<ul>\n<li>1.1 F\u00fcr die in Klausel 2 genannten Zwecke k\u00f6nnen wir die folgenden Informationen \u00fcber Sie sammeln und verarbeiten:\n<ul>\n<li style=\"list-style-type: none;\">\n<ul>\n<li>(b)<em> Informationen, die Sie uns zur Verf\u00fcgung stellen<\/em> &#8211; Informationen, die Sie uns zur Verf\u00fcgung stellen (einschlie\u00dflich Ihres Namens, Ihrer Adresse, Ihrer E-Mail-Adresse, Ihrer Telefonnummer, Ihrer Kreditkarteninformationen und anderer pers\u00f6nlicher Angaben), indem Sie Formulare auf unserer Website ausf\u00fcllen oder mit uns korrespondieren (z. B. per Telefon, E-Mail oder auf andere Weise):\n<ul>\n<li>(i) wenn Sie uns ein Problem melden;<\/li>\n<li>(ii) wenn Sie bestimmte Funktionen auf unserer Website nutzen;<\/li>\n<li>(iii) wenn Sie Unterst\u00fctzung von uns anfordern; oder<\/li>\n<li>(iv) wenn Sie eine Umfrage oder einen Fragebogen ausf\u00fcllen, den wir Ihnen zusenden.<\/li>\n<\/ul>\n<\/li>\n<\/ul>\n<\/li>\n<\/ul>\n<ul>\n<li>(b) <em>Informationen, die wir \u00fcber Sie sammeln<\/em> &#8211; Informationen, die automatisch gesammelt werden, wenn Sie unsere Website besuchen, zum Beispiel:\n<ul>\n<li>(i) technische Informationen, einschlie\u00dflich der Internet-Protokoll-Adresse (IP-Adresse), die f\u00fcr die Verbindung Ihres Computers mit dem Internet verwendet wird, sowie Ihre Anmeldedaten, Browsertyp und -version, Zeitzoneneinstellung, Browser-Plug-in-Typen und -Versionen, Betriebssystem und Plattform;<\/li>\n<li>(ii) Informationen \u00fcber Ihren Besuch, einschlie\u00dflich der vollst\u00e4ndigen URLs (Uniform Resource Locators), des Clickstreams zu, durch und von unserer Website (einschlie\u00dflich Datum und Uhrzeit), der von Ihnen angesehenen oder gesuchten Produkte, der Seitenreaktionszeiten, der Fehler beim Herunterladen, der Dauer des Besuchs bestimmter Seiten, der Informationen \u00fcber die Seiteninteraktion (z. B. Scrollen, Klicken und \u00dcberfahren mit der Maus), der Methoden, die zum Verlassen der Seite verwendet wurden, und aller Telefonnummern, die zum Anrufen unseres Kundendienstes verwendet wurden.<\/li>\n<\/ul>\n<\/li>\n<\/ul>\n<\/li>\n<li>1.2 Wir bewahren personenbezogene Daten nur so lange auf, wie dies erforderlich ist. Die Daten k\u00f6nnen archiviert werden, solange der Zweck, f\u00fcr den die Daten verwendet wurden, noch besteht.<\/li>\n<\/ul>\n<p>&nbsp;<\/li>\n<li><strong>2. Verwendung der Informationen <\/strong>\n<ul>\n<li>2.1 Wir verwenden die \u00fcber Sie gespeicherten Informationen f\u00fcr die folgenden Zwecke:\n<ul>\n<li>(a) Bereitstellung, Verbesserung und Entwicklung unserer Dienstleistungen;<\/li>\n<li>(b) Erforschung, Gestaltung und Einf\u00fchrung neuer Funktionen oder Produkte;<\/li>\n<li>(c) Darstellung von Inhalten und Informationen auf unserer Website auf die f\u00fcr Sie und das von Ihnen verwendete Ger\u00e4t effektivste Weise;<\/li>\n<li>(d) Bereitstellung von Benachrichtigungen, Aktualisierungen, Materialien oder Informationen \u00fcber unsere Dienstleistungen oder andere Arten von Informationen, die Sie angefordert oder abonniert haben;<\/li>\n<li>(e) in jedem Teil der Welt;<\/li>\n<li>(f) Beantwortung von oder Teilnahme an Gerichtsverfahren, einschlie\u00dflich der Einholung von professionellem Rat;<\/li>\n<li>(g) zu Zwecken des Direktmarketings (siehe weitere Einzelheiten in Abschnitt 2.2);<\/li>\n<li>(h) die Kommunikation mit Ihnen und die Beantwortung Ihrer Fragen oder W\u00fcnsche; und;<\/li>\n<li>(i) Zwecke, die mit den oben genannten unmittelbar zusammenh\u00e4ngen oder mit ihnen in Zusammenhang stehen.<\/li>\n<\/ul>\n<\/li>\n<li>2.2 Wir beabsichtigen, Ihre personenbezogenen Daten im Rahmen des Direktmarketings zu verwenden (d. h. um Ihnen Produkte oder Dienstleistungen anzubieten oder zu bewerben, indem wir Ihnen die entsprechenden Informationen direkt zusenden). Wir ben\u00f6tigen Ihre Zustimmung speziell f\u00fcr diesen Zweck, und<strong> Sie k\u00f6nnen sich jederzeit dagegen entscheiden<\/strong>. F\u00fcr die Zwecke dieser Klausel:\n<ul>\n<li>(a) Die personenbezogenen Daten, die im Rahmen des Direktmarketings verwendet werden k\u00f6nnen, sind die Daten, die Sie uns zur Verf\u00fcgung stellen oder die wir von Ihnen gem\u00e4\u00df Klausel 1.1 oben erheben;<\/li>\n<li>(b) die Art der Dienstleistungen oder Produkte, die angeboten oder beworben werden k\u00f6nnen, sind Thermal Solutions;<\/li>\n<li>(c) die entsprechenden Informationen k\u00f6nnen Ihnen per E-Mail zugesandt werden;<\/li>\n<li>(d) Sie k\u00f6nnen sich jederzeit abmelden, indem Sie uns eine E-Mail an support(at)gelidsolutions.com schicken. Wir werden Ihnen keine kostenlosen Marketinginformationen mehr zusenden.<\/li>\n<\/ul>\n<\/li>\n<\/ul>\n<\/li>\n<\/ul>\n<\/li>\n<\/ul>\n<\/div><\/div><\/div><\/div><\/section>\n<\/div>","protected":false},"excerpt":{"rendered":"DATENSCHUTZERKL\u00c4RUNG F\u00dcR DIE WEBSITE GELID Solutions verpflichtet sich, Ihre Privatsph\u00e4re zu sch\u00fctzen und zu respektieren. &nbsp; Diese Richtlinie legt die Grundlage dar, auf der GELID Solutions of HONG KONG (Business Registration Number 38132592) (zusammen mit unseren Tochtergesellschaften, unserer Holdinggesellschaft und den Tochtergesellschaften unserer Holdinggesellschaft von Zeit zu Zeit, zusammen \"GELID Solutions Ltd\" oder \"wir\") personenbezogene Daten von Ihnen erhebt und wie wir diese Daten verarbeiten. Mit dem Besuch unserer Website www.gelidsolutions.com (unsere \"Website\") akzeptieren Sie die nachstehend beschriebenen Praktiken und stimmen ihnen zu. &nbsp; 1. Sammlung von Informationen 1.1 F\u00fcr die in Klausel 2 genannten Zwecke k\u00f6nnen wir die folgenden Informationen \u00fcber Sie sammeln und verarbeiten: (b) Informationen, die Sie uns zur Verf\u00fcgung stellen - Informationen, die Sie uns zur Verf\u00fcgung stellen (einschlie\u00dflich Ihres Namens, Ihrer Adresse, Ihrer E-Mail-Adresse, Ihrer Telefonnummer, Ihrer Kreditkarteninformationen und anderer pers\u00f6nlicher Angaben), indem Sie Formulare auf unserer Website ausf\u00fcllen oder mit uns korrespondieren (z. B. per Telefon, E-Mail oder auf andere Weise): (i) wenn Sie uns ein Problem melden; (ii) wenn Sie bestimmte Funktionen auf unserer Website nutzen; (iii) wenn Sie Unterst\u00fctzung von uns anfordern; oder (iv) wenn Sie eine Umfrage oder einen Fragebogen ausf\u00fcllen, den wir Ihnen zusenden. (b) Informationen, die wir \u00fcber Sie...","protected":false},"author":7,"featured_media":0,"parent":0,"menu_order":0,"comment_status":"closed","ping_status":"closed","template":"","meta":{"_acf_changed":false,"footnotes":""},"class_list":["post-125734","page","type-page","status-publish","hentry"],"acf":[],"yoast_head":"<!-- This site is optimized with the Yoast SEO plugin v27.5 - https:\/\/yoast.com\/product\/yoast-seo-wordpress\/ -->\n<title>Datenschutz-Bestimmungen - Gelid Solutions<\/title>\n<meta name=\"robots\" content=\"index, follow, max-snippet:-1, max-image-preview:large, max-video-preview:-1\" \/>\n<link rel=\"canonical\" href=\"https:\/\/gelidsolutions.com\/de\/privacy-policy\/\" \/>\n<meta property=\"og:locale\" content=\"de_DE\" \/>\n<meta property=\"og:type\" content=\"article\" \/>\n<meta property=\"og:title\" content=\"Datenschutz-Bestimmungen - Gelid Solutions\" \/>\n<meta property=\"og:url\" content=\"https:\/\/gelidsolutions.com\/de\/privacy-policy\/\" \/>\n<meta property=\"og:site_name\" content=\"Gelid Solutions\" \/>\n<meta property=\"article:modified_time\" content=\"2023-02-23T03:32:55+00:00\" \/>\n<meta name=\"twitter:card\" content=\"summary_large_image\" \/>\n<meta name=\"twitter:label1\" content=\"Gesch\u00e4tzte Lesezeit\" \/>\n\t<meta name=\"twitter:data1\" content=\"3\u00a0Minuten\" \/>\n<script type=\"application\/ld+json\" class=\"yoast-schema-graph\">{\"@context\":\"https:\\\/\\\/schema.org\",\"@graph\":[{\"@type\":\"WebPage\",\"@id\":\"https:\\\/\\\/gelidsolutions.com\\\/de\\\/privacy-policy\\\/\",\"url\":\"https:\\\/\\\/gelidsolutions.com\\\/de\\\/privacy-policy\\\/\",\"name\":\"Datenschutz-Bestimmungen - Gelid Solutions\",\"isPartOf\":{\"@id\":\"https:\\\/\\\/gelidsolutions.com\\\/de\\\/#website\"},\"datePublished\":\"2022-05-18T03:20:27+00:00\",\"dateModified\":\"2023-02-23T03:32:55+00:00\",\"breadcrumb\":{\"@id\":\"https:\\\/\\\/gelidsolutions.com\\\/de\\\/privacy-policy\\\/#breadcrumb\"},\"inLanguage\":\"de\",\"potentialAction\":[{\"@type\":\"ReadAction\",\"target\":[\"https:\\\/\\\/gelidsolutions.com\\\/de\\\/privacy-policy\\\/\"]}]},{\"@type\":\"BreadcrumbList\",\"@id\":\"https:\\\/\\\/gelidsolutions.com\\\/de\\\/privacy-policy\\\/#breadcrumb\",\"itemListElement\":[{\"@type\":\"ListItem\",\"position\":1,\"name\":\"Home\",\"item\":\"https:\\\/\\\/gelidsolutions.com\\\/de\\\/\"},{\"@type\":\"ListItem\",\"position\":2,\"name\":\"Datenschutz-Bestimmungen\"}]},{\"@type\":\"WebSite\",\"@id\":\"https:\\\/\\\/gelidsolutions.com\\\/de\\\/#website\",\"url\":\"https:\\\/\\\/gelidsolutions.com\\\/de\\\/\",\"name\":\"Gelid Solutions\",\"description\":\"\",\"publisher\":{\"@id\":\"https:\\\/\\\/gelidsolutions.com\\\/de\\\/#organization\"},\"potentialAction\":[{\"@type\":\"SearchAction\",\"target\":{\"@type\":\"EntryPoint\",\"urlTemplate\":\"https:\\\/\\\/gelidsolutions.com\\\/de\\\/?s={search_term_string}\"},\"query-input\":{\"@type\":\"PropertyValueSpecification\",\"valueRequired\":true,\"valueName\":\"search_term_string\"}}],\"inLanguage\":\"de\"},{\"@type\":\"Organization\",\"@id\":\"https:\\\/\\\/gelidsolutions.com\\\/de\\\/#organization\",\"name\":\"Gelid Solutions\",\"url\":\"https:\\\/\\\/gelidsolutions.com\\\/de\\\/\",\"logo\":{\"@type\":\"ImageObject\",\"inLanguage\":\"de\",\"@id\":\"https:\\\/\\\/gelidsolutions.com\\\/de\\\/#\\\/schema\\\/logo\\\/image\\\/\",\"url\":\"https:\\\/\\\/gelidsolutions.com\\\/wp-content\\\/uploads\\\/2022\\\/06\\\/logo_white_104_104.gif\",\"contentUrl\":\"https:\\\/\\\/gelidsolutions.com\\\/wp-content\\\/uploads\\\/2022\\\/06\\\/logo_white_104_104.gif\",\"width\":104,\"height\":104,\"caption\":\"Gelid Solutions\"},\"image\":{\"@id\":\"https:\\\/\\\/gelidsolutions.com\\\/de\\\/#\\\/schema\\\/logo\\\/image\\\/\"}}]}<\/script>\n<!-- \/ Yoast SEO plugin. -->","yoast_head_json":{"title":"Datenschutz-Bestimmungen - Gelid Solutions","robots":{"index":"index","follow":"follow","max-snippet":"max-snippet:-1","max-image-preview":"max-image-preview:large","max-video-preview":"max-video-preview:-1"},"canonical":"https:\/\/gelidsolutions.com\/de\/privacy-policy\/","og_locale":"de_DE","og_type":"article","og_title":"Datenschutz-Bestimmungen - Gelid Solutions","og_url":"https:\/\/gelidsolutions.com\/de\/privacy-policy\/","og_site_name":"Gelid Solutions","article_modified_time":"2023-02-23T03:32:55+00:00","twitter_card":"summary_large_image","twitter_misc":{"Gesch\u00e4tzte Lesezeit":"3\u00a0Minuten"},"schema":{"@context":"https:\/\/schema.org","@graph":[{"@type":"WebPage","@id":"https:\/\/gelidsolutions.com\/de\/privacy-policy\/","url":"https:\/\/gelidsolutions.com\/de\/privacy-policy\/","name":"Datenschutz-Bestimmungen - Gelid Solutions","isPartOf":{"@id":"https:\/\/gelidsolutions.com\/de\/#website"},"datePublished":"2022-05-18T03:20:27+00:00","dateModified":"2023-02-23T03:32:55+00:00","breadcrumb":{"@id":"https:\/\/gelidsolutions.com\/de\/privacy-policy\/#breadcrumb"},"inLanguage":"de","potentialAction":[{"@type":"ReadAction","target":["https:\/\/gelidsolutions.com\/de\/privacy-policy\/"]}]},{"@type":"BreadcrumbList","@id":"https:\/\/gelidsolutions.com\/de\/privacy-policy\/#breadcrumb","itemListElement":[{"@type":"ListItem","position":1,"name":"Home","item":"https:\/\/gelidsolutions.com\/de\/"},{"@type":"ListItem","position":2,"name":"Datenschutz-Bestimmungen"}]},{"@type":"WebSite","@id":"https:\/\/gelidsolutions.com\/de\/#website","url":"https:\/\/gelidsolutions.com\/de\/","name":"Gelid Solutions","description":"","publisher":{"@id":"https:\/\/gelidsolutions.com\/de\/#organization"},"potentialAction":[{"@type":"SearchAction","target":{"@type":"EntryPoint","urlTemplate":"https:\/\/gelidsolutions.com\/de\/?s={search_term_string}"},"query-input":{"@type":"PropertyValueSpecification","valueRequired":true,"valueName":"search_term_string"}}],"inLanguage":"de"},{"@type":"Organization","@id":"https:\/\/gelidsolutions.com\/de\/#organization","name":"Gelid Solutions","url":"https:\/\/gelidsolutions.com\/de\/","logo":{"@type":"ImageObject","inLanguage":"de","@id":"https:\/\/gelidsolutions.com\/de\/#\/schema\/logo\/image\/","url":"https:\/\/gelidsolutions.com\/wp-content\/uploads\/2022\/06\/logo_white_104_104.gif","contentUrl":"https:\/\/gelidsolutions.com\/wp-content\/uploads\/2022\/06\/logo_white_104_104.gif","width":104,"height":104,"caption":"Gelid Solutions"},"image":{"@id":"https:\/\/gelidsolutions.com\/de\/#\/schema\/logo\/image\/"}}]}},"_links":{"self":[{"href":"https:\/\/gelidsolutions.com\/de\/wp-json\/wp\/v2\/pages\/125734","targetHints":{"allow":["GET"]}}],"collection":[{"href":"https:\/\/gelidsolutions.com\/de\/wp-json\/wp\/v2\/pages"}],"about":[{"href":"https:\/\/gelidsolutions.com\/de\/wp-json\/wp\/v2\/types\/page"}],"author":[{"embeddable":true,"href":"https:\/\/gelidsolutions.com\/de\/wp-json\/wp\/v2\/users\/7"}],"replies":[{"embeddable":true,"href":"https:\/\/gelidsolutions.com\/de\/wp-json\/wp\/v2\/comments?post=125734"}],"version-history":[{"count":3,"href":"https:\/\/gelidsolutions.com\/de\/wp-json\/wp\/v2\/pages\/125734\/revisions"}],"predecessor-version":[{"id":127026,"href":"https:\/\/gelidsolutions.com\/de\/wp-json\/wp\/v2\/pages\/125734\/revisions\/127026"}],"wp:attachment":[{"href":"https:\/\/gelidsolutions.com\/de\/wp-json\/wp\/v2\/media?parent=125734"}],"curies":[{"name":"wp","href":"https:\/\/api.w.org\/{rel}","templated":true}]}}