{"id":113722,"date":"2016-08-03T06:55:00","date_gmt":"2016-08-02T22:55:00","guid":{"rendered":"https:\/\/localhost\/gelidsolutions\/product\/wing-8\/"},"modified":"2023-12-01T00:00:19","modified_gmt":"2023-11-30T16:00:19","slug":"wing-8","status":"publish","type":"product","link":"https:\/\/gelidsolutions.com\/de\/produkt\/wing-8\/","title":{"rendered":"WING 8"},"content":{"rendered":"<p><i><b>WING 8<\/b><\/i> (FN-FW08-20)<br \/>\n<i>80mm Gamerl\u00fcfter<br \/>\n<\/i><\/p>\n<p>&nbsp;<\/p>\n<p>Die WING-Geh\u00e4usel\u00fcfter sind hochwertige, UV-reaktive, extrem leise, staub- und wasserdichte L\u00fcfter f\u00fcr Gaming-Enthusiasten. Diese Serie verf\u00fcgt \u00fcber ein einzigartiges Lager mit patentiertem Design, Winglet-L\u00fcfterfl\u00fcgeln und niedriger Startspannung. F\u00fcr die Herstellung dieses hochmodernen L\u00fcfters wurden nur Materialien von h\u00f6chster Qualit\u00e4t verwendet. Steuern Sie die Drehzahl des L\u00fcfters nach Ihren W\u00fcnschen mit dem mitgelieferten Spannungsregler. Um die Ger\u00e4uschentwicklung zu verbessern, ersetzen die L\u00fcfterhalterungen herk\u00f6mmliche Schrauben und bestehen aus hochwertigem, ultraweichem Silikon. Dieses verhindert, dass Vibrationen des L\u00fcftermotors in Ihr PC-Geh\u00e4use gelangen.<\/p>\n<p>&nbsp;<\/p>\n<p><i><b>Nanoflux Kugellager(NFB)<\/b><\/i><br \/>\nDas patentierte Nanoflux-Lager verf\u00fcgt \u00fcber ein raffiniertes magnetisches Design, eine hochpr\u00e4zise Fertigung, ist reibungsfrei und arbeitet ger\u00e4uschlos. Elektromagnetische Felder werden genutzt um zu verhindern, dass sich feste Teile ber\u00fchren. Die Last wird von einem Magnetfeld getragen.<\/p>\n<p>&nbsp;<\/p>\n<p><i><b>a) Hauptmerkmale des Nanoflux-Lagers (NFB)<\/b><\/i><br \/>\nDer Verbundstoff mit Nanotechnologie sorgt f\u00fcr geringsten Abrieb und extreme Haltbarkeit (MTTF 100&#8217;000 Stunden). Im Vergleich zu anderen Magnetlagern erm\u00f6glicht diese Technologie das Abnehmen des Laufrads und somit die einfache Reinigung der L\u00fcfterbl\u00e4tter.<\/p>\n<p>&nbsp;<\/p>\n<p><img loading=\"lazy\" decoding=\"async\" src=\"https:\/\/gelidsolutions.com\/clients\/gelid\/userfiles\/image\/gamer-bearing_set_280_200(2).gif\" alt=\"\" width=\"280\" height=\"200\" border=\"0\" \/><\/p>\n<p>Das Material der Nanoflux Lagers ist selbst schmierend und wasserdicht.<\/p>\n<p>&nbsp;<\/p>\n<p><img loading=\"lazy\" decoding=\"async\" src=\"https:\/\/gelidsolutions.com\/clients\/gelid\/userfiles\/image\/remove_fan1_200_138(1).gif\" alt=\"\" width=\"200\" height=\"138\" border=\"0\" \/>\u00a0\u00a0\u00a0\u00a0\u00a0\u00a0\u00a0\u00a0 <img loading=\"lazy\" decoding=\"async\" src=\"https:\/\/gelidsolutions.com\/clients\/gelid\/userfiles\/image\/remove_fan2_200_138(1).gif\" alt=\"\" width=\"200\" height=\"138\" border=\"0\" \/><\/p>\n<p>Das L\u00fcfterlaufrad kann durch leichten Druck aus dem schwarzen L\u00fcftergeh\u00e4use entfernt werden.<\/p>\n<p>&nbsp;<\/p>\n<p><b><i>b) Nanoflux-Lager (NFB) im Vergleich zu Gleit- und Kugellagern <\/i><\/b><br \/>\nObwohl derzeit herk\u00f6mmliche Gleit- und Kugellager den L\u00fcftermarkt dominieren, haben beide ihre Nachteile. Gleitlager haben zwar sehr geringe Ger\u00e4uschemissionen und sind sehr kosteng\u00fcnstig, neigen jedoch dazu, \u00d6l zu lecken. Sobald sich das \u00d6l aufgel\u00f6st hat, kann der L\u00fcfter nicht mehr arbeiten. Kugellager hingegen sind bei l\u00e4ngerer Lebensdauer teurer, ger\u00e4uschvoller und anf\u00e4llig f\u00fcr Besch\u00e4digungen.<br \/>\nDas Nanoflux-Lager von GELID nutzt den Magnetfluss, um den Kontakt und die Reibung zwischen Lager und Welle zu begrenzen. Hochpr\u00e4zises selbst schmierendes Material verhindert \u00d6llecks. Das Ergebnis ist ein extrem leises Lager mit langer Lebenszeit.<\/p>\n<p>&nbsp;<\/p>\n<p><i><b>L\u00fcfterdrehzahlregelung <\/b><\/i><br \/>\nDie Drehzahl eines L\u00fcfters kann mit diesem Spannungsregler je nach Wunsch manuell von voller Drehzahl auf niedrige Drehzahl geregelt werden. Dieses Produkt ist f\u00fcr alle L\u00fcfter mit hoher Drehzahl geeignet und regelt zwischen 5 und 12V.<\/p>\n<p>&nbsp;<\/p>\n<p><b><i>Gummil\u00fcfterhalterungen <\/i><\/b><br \/>\nVibrationen von L\u00fcftermotoren k\u00f6nnen in ein PC-Geh\u00e4use gelangen und sich verst\u00e4rken, wenn ein L\u00fcfter fest sitzt. Dieses \u201eVibrationsger\u00e4usch\u201c ist st\u00f6rend, wenn Sie einen sehr leisen oder praktisch leisen PC bauen m\u00f6chten.<br \/>\nDiese Gummilager wurden speziell f\u00fcr L\u00fcfter bedingte Vibrationen entwickelt und sind eine ideale Alternative zu Standard-L\u00fcfterschrauben, sodass Vibrationen zu 100% von Ihrem PC-Geh\u00e4use entkoppelt sind.<\/p>\n<p>&nbsp;<\/p>\n<p><b><i>Merkmale<\/i><\/b><\/p>\n<p>&#8211; Hochwertige Materialien gew\u00e4hrleisten eine lange Lebensdauer auch bei hohen Temperaturen<\/p>\n<p>&#8211; Ultraweiches Silikonpolymer bricht oder rei\u00dft nicht w\u00e4hrend der Installation<\/p>\n<p>&#8211; Universal-Design passt f\u00fcr die meisten L\u00fcftergr\u00f6\u00dfen mit offenem Geh\u00e4use (80 mm, 92 mm, 120 mm) und PC-Geh\u00e4use<\/p>\n<p>&#8211; Schnelle und einfache Installation ohne Werkzeug<\/p>\n<p>&nbsp;<\/p>\n<p><b><i>UVP: USD 9.00<\/i><\/b><\/p>\n<p>&nbsp;<\/p>\n<p><i>EAN: 4897025780620<\/i><\/p>\n<p>&nbsp;<\/p>\n<p>* Gr\u00fcne WING L\u00fcfter sind zur Zeit in den EU-L\u00e4ndern nicht erh\u00e4ltlich.<\/p>\n","protected":false},"excerpt":{"rendered":"<p><i><b>Merkmale:<\/b><\/i><\/p>\n<ul>\n<li>\u00a0 \u00a0 \u00a0 \u00a0 \u25cf Nanoflux Bearing (NFB)<\/li>\n<li>\u00a0 \u00a0 \u00a0 \u00a0 \u25cf Abnehmbares und optimiertes L\u00fcfterrad<\/li>\n<li>\u00a0 \u00a0 \u00a0 \u00a0 \u25cf Wasser- und staubdicht<\/li>\n<li>\u00a0 \u00a0 \u00a0 \u00a0 \u25cf Lebenszeit (100&#039;000 h MTTF bei 40\u00b0C)<\/li>\n<li>\u00a0 \u00a0 \u00a0 \u00a0 \u25cf Silikonl\u00fcfterhalterungen<\/li>\n<li>\u00a0 \u00a0 \u00a0 \u00a0 \u25cf L\u00fcfterdrehzahlregelung<\/li>\n<\/ul>\n<p>&nbsp;<\/p>\n","protected":false},"featured_media":111907,"comment_status":"closed","ping_status":"closed","template":"","meta":{"_acf_changed":false},"product_cat":[307,321,306],"product_tag":[],"class_list":{"0":"post-113722","1":"product","2":"type-product","3":"status-publish","4":"has-post-thumbnail","6":"product_cat-gamer-luefter","7":"product_cat-gamer-luefter-archiv","8":"product_cat-luefter","10":"first","11":"instock","12":"taxable","13":"shipping-taxable","14":"purchasable","15":"product-type-simple"},"supplier_id":null,"supplier_sku":"FN-FW08-20","barcode":"4897025780620","atum_controlled":true,"out_stock_date":null,"out_stock_threshold":null,"inheritable":false,"inbound_stock":null,"stock_on_hold":0,"sold_today":0,"sales_last_days":0,"reserved_stock":null,"customer_returns":null,"warehouse_damage":null,"lost_in_post":null,"other_logs":null,"out_stock_days":0,"lost_sales":0,"has_location":false,"update_date":"2026-04-04T00:03:36","atum_locations":[],"atum_stock_status":"instock","restock_status":false,"low_stock_amount":"","sales_update_date":"2026-04-04T00:03:36","calc_backorders":null,"acf":[],"yoast_head":"<!-- This site is optimized with the Yoast SEO plugin v27.3 - https:\/\/yoast.com\/product\/yoast-seo-wordpress\/ -->\n<title>WING 8 - Gelid Solutions<\/title>\n<meta name=\"robots\" content=\"index, follow, max-snippet:-1, max-image-preview:large, max-video-preview:-1\" \/>\n<link rel=\"canonical\" href=\"https:\/\/gelidsolutions.com\/de\/produkt\/wing-8\/\" \/>\n<meta property=\"og:locale\" content=\"de_DE\" \/>\n<meta property=\"og:type\" content=\"article\" \/>\n<meta property=\"og:title\" content=\"WING 8 - Gelid Solutions\" \/>\n<meta property=\"og:description\" content=\"Merkmale:   \u00a0 \u00a0 \u00a0 \u00a0 \u25cf Nanoflux Bearing (NFB)  \u00a0 \u00a0 \u00a0 \u00a0 \u25cf Abnehmbares und optimiertes L\u00fcfterrad  \u00a0 \u00a0 \u00a0 \u00a0 \u25cf Wasser- und staubdicht  \u00a0 \u00a0 \u00a0 \u00a0 \u25cf Lebenszeit (100&#039;000 h MTTF bei 40\u00b0C)  \u00a0 \u00a0 \u00a0 \u00a0 \u25cf Silikonl\u00fcfterhalterungen  \u00a0 \u00a0 \u00a0 \u00a0 \u25cf L\u00fcfterdrehzahlregelung  &nbsp;\" \/>\n<meta property=\"og:url\" content=\"https:\/\/gelidsolutions.com\/de\/produkt\/wing-8\/\" \/>\n<meta property=\"og:site_name\" content=\"Gelid Solutions\" \/>\n<meta property=\"article:modified_time\" content=\"2023-11-30T16:00:19+00:00\" \/>\n<meta property=\"og:image\" content=\"https:\/\/gelidsolutions.com\/wp-content\/uploads\/2022\/05\/wing8_1.jpg\" \/>\n\t<meta property=\"og:image:width\" content=\"750\" \/>\n\t<meta property=\"og:image:height\" content=\"563\" \/>\n\t<meta property=\"og:image:type\" content=\"image\/jpeg\" \/>\n<meta name=\"twitter:card\" content=\"summary_large_image\" \/>\n<meta name=\"twitter:label1\" content=\"Gesch\u00e4tzte Lesezeit\" \/>\n\t<meta name=\"twitter:data1\" content=\"3\u00a0Minuten\" \/>\n<script type=\"application\/ld+json\" class=\"yoast-schema-graph\">{\"@context\":\"https:\\\/\\\/schema.org\",\"@graph\":[{\"@type\":\"WebPage\",\"@id\":\"https:\\\/\\\/gelidsolutions.com\\\/de\\\/produkt\\\/wing-8\\\/\",\"url\":\"https:\\\/\\\/gelidsolutions.com\\\/de\\\/produkt\\\/wing-8\\\/\",\"name\":\"WING 8 - Gelid Solutions\",\"isPartOf\":{\"@id\":\"https:\\\/\\\/gelidsolutions.com\\\/de\\\/#website\"},\"primaryImageOfPage\":{\"@id\":\"https:\\\/\\\/gelidsolutions.com\\\/de\\\/produkt\\\/wing-8\\\/#primaryimage\"},\"image\":{\"@id\":\"https:\\\/\\\/gelidsolutions.com\\\/de\\\/produkt\\\/wing-8\\\/#primaryimage\"},\"thumbnailUrl\":\"https:\\\/\\\/gelidsolutions.com\\\/wp-content\\\/uploads\\\/2022\\\/05\\\/wing8_1.jpg\",\"datePublished\":\"2016-08-02T22:55:00+00:00\",\"dateModified\":\"2023-11-30T16:00:19+00:00\",\"breadcrumb\":{\"@id\":\"https:\\\/\\\/gelidsolutions.com\\\/de\\\/produkt\\\/wing-8\\\/#breadcrumb\"},\"inLanguage\":\"de\",\"potentialAction\":[{\"@type\":\"ReadAction\",\"target\":[\"https:\\\/\\\/gelidsolutions.com\\\/de\\\/produkt\\\/wing-8\\\/\"]}]},{\"@type\":\"ImageObject\",\"inLanguage\":\"de\",\"@id\":\"https:\\\/\\\/gelidsolutions.com\\\/de\\\/produkt\\\/wing-8\\\/#primaryimage\",\"url\":\"https:\\\/\\\/gelidsolutions.com\\\/wp-content\\\/uploads\\\/2022\\\/05\\\/wing8_1.jpg\",\"contentUrl\":\"https:\\\/\\\/gelidsolutions.com\\\/wp-content\\\/uploads\\\/2022\\\/05\\\/wing8_1.jpg\",\"width\":750,\"height\":563},{\"@type\":\"BreadcrumbList\",\"@id\":\"https:\\\/\\\/gelidsolutions.com\\\/de\\\/produkt\\\/wing-8\\\/#breadcrumb\",\"itemListElement\":[{\"@type\":\"ListItem\",\"position\":1,\"name\":\"Home\",\"item\":\"https:\\\/\\\/gelidsolutions.com\\\/de\\\/\"},{\"@type\":\"ListItem\",\"position\":2,\"name\":\"Shop\",\"item\":\"https:\\\/\\\/gelidsolutions.com\\\/shop\\\/\"},{\"@type\":\"ListItem\",\"position\":3,\"name\":\"WING 8\"}]},{\"@type\":\"WebSite\",\"@id\":\"https:\\\/\\\/gelidsolutions.com\\\/de\\\/#website\",\"url\":\"https:\\\/\\\/gelidsolutions.com\\\/de\\\/\",\"name\":\"Gelid Solutions\",\"description\":\"\",\"publisher\":{\"@id\":\"https:\\\/\\\/gelidsolutions.com\\\/de\\\/#organization\"},\"potentialAction\":[{\"@type\":\"SearchAction\",\"target\":{\"@type\":\"EntryPoint\",\"urlTemplate\":\"https:\\\/\\\/gelidsolutions.com\\\/de\\\/?s={search_term_string}\"},\"query-input\":{\"@type\":\"PropertyValueSpecification\",\"valueRequired\":true,\"valueName\":\"search_term_string\"}}],\"inLanguage\":\"de\"},{\"@type\":\"Organization\",\"@id\":\"https:\\\/\\\/gelidsolutions.com\\\/de\\\/#organization\",\"name\":\"Gelid Solutions\",\"url\":\"https:\\\/\\\/gelidsolutions.com\\\/de\\\/\",\"logo\":{\"@type\":\"ImageObject\",\"inLanguage\":\"de\",\"@id\":\"https:\\\/\\\/gelidsolutions.com\\\/de\\\/#\\\/schema\\\/logo\\\/image\\\/\",\"url\":\"https:\\\/\\\/gelidsolutions.com\\\/wp-content\\\/uploads\\\/2022\\\/06\\\/logo_white_104_104.gif\",\"contentUrl\":\"https:\\\/\\\/gelidsolutions.com\\\/wp-content\\\/uploads\\\/2022\\\/06\\\/logo_white_104_104.gif\",\"width\":104,\"height\":104,\"caption\":\"Gelid Solutions\"},\"image\":{\"@id\":\"https:\\\/\\\/gelidsolutions.com\\\/de\\\/#\\\/schema\\\/logo\\\/image\\\/\"}}]}<\/script>\n<!-- \/ Yoast SEO plugin. -->","yoast_head_json":{"title":"WING 8 - Gelid Solutions","robots":{"index":"index","follow":"follow","max-snippet":"max-snippet:-1","max-image-preview":"max-image-preview:large","max-video-preview":"max-video-preview:-1"},"canonical":"https:\/\/gelidsolutions.com\/de\/produkt\/wing-8\/","og_locale":"de_DE","og_type":"article","og_title":"WING 8 - Gelid Solutions","og_description":"Merkmale:   \u00a0 \u00a0 \u00a0 \u00a0 \u25cf Nanoflux Bearing (NFB)  \u00a0 \u00a0 \u00a0 \u00a0 \u25cf Abnehmbares und optimiertes L\u00fcfterrad  \u00a0 \u00a0 \u00a0 \u00a0 \u25cf Wasser- und staubdicht  \u00a0 \u00a0 \u00a0 \u00a0 \u25cf Lebenszeit (100&#039;000 h MTTF bei 40\u00b0C)  \u00a0 \u00a0 \u00a0 \u00a0 \u25cf Silikonl\u00fcfterhalterungen  \u00a0 \u00a0 \u00a0 \u00a0 \u25cf L\u00fcfterdrehzahlregelung  &nbsp;","og_url":"https:\/\/gelidsolutions.com\/de\/produkt\/wing-8\/","og_site_name":"Gelid Solutions","article_modified_time":"2023-11-30T16:00:19+00:00","og_image":[{"width":750,"height":563,"url":"https:\/\/gelidsolutions.com\/wp-content\/uploads\/2022\/05\/wing8_1.jpg","type":"image\/jpeg"}],"twitter_card":"summary_large_image","twitter_misc":{"Gesch\u00e4tzte Lesezeit":"3\u00a0Minuten"},"schema":{"@context":"https:\/\/schema.org","@graph":[{"@type":"WebPage","@id":"https:\/\/gelidsolutions.com\/de\/produkt\/wing-8\/","url":"https:\/\/gelidsolutions.com\/de\/produkt\/wing-8\/","name":"WING 8 - Gelid Solutions","isPartOf":{"@id":"https:\/\/gelidsolutions.com\/de\/#website"},"primaryImageOfPage":{"@id":"https:\/\/gelidsolutions.com\/de\/produkt\/wing-8\/#primaryimage"},"image":{"@id":"https:\/\/gelidsolutions.com\/de\/produkt\/wing-8\/#primaryimage"},"thumbnailUrl":"https:\/\/gelidsolutions.com\/wp-content\/uploads\/2022\/05\/wing8_1.jpg","datePublished":"2016-08-02T22:55:00+00:00","dateModified":"2023-11-30T16:00:19+00:00","breadcrumb":{"@id":"https:\/\/gelidsolutions.com\/de\/produkt\/wing-8\/#breadcrumb"},"inLanguage":"de","potentialAction":[{"@type":"ReadAction","target":["https:\/\/gelidsolutions.com\/de\/produkt\/wing-8\/"]}]},{"@type":"ImageObject","inLanguage":"de","@id":"https:\/\/gelidsolutions.com\/de\/produkt\/wing-8\/#primaryimage","url":"https:\/\/gelidsolutions.com\/wp-content\/uploads\/2022\/05\/wing8_1.jpg","contentUrl":"https:\/\/gelidsolutions.com\/wp-content\/uploads\/2022\/05\/wing8_1.jpg","width":750,"height":563},{"@type":"BreadcrumbList","@id":"https:\/\/gelidsolutions.com\/de\/produkt\/wing-8\/#breadcrumb","itemListElement":[{"@type":"ListItem","position":1,"name":"Home","item":"https:\/\/gelidsolutions.com\/de\/"},{"@type":"ListItem","position":2,"name":"Shop","item":"https:\/\/gelidsolutions.com\/shop\/"},{"@type":"ListItem","position":3,"name":"WING 8"}]},{"@type":"WebSite","@id":"https:\/\/gelidsolutions.com\/de\/#website","url":"https:\/\/gelidsolutions.com\/de\/","name":"Gelid Solutions","description":"","publisher":{"@id":"https:\/\/gelidsolutions.com\/de\/#organization"},"potentialAction":[{"@type":"SearchAction","target":{"@type":"EntryPoint","urlTemplate":"https:\/\/gelidsolutions.com\/de\/?s={search_term_string}"},"query-input":{"@type":"PropertyValueSpecification","valueRequired":true,"valueName":"search_term_string"}}],"inLanguage":"de"},{"@type":"Organization","@id":"https:\/\/gelidsolutions.com\/de\/#organization","name":"Gelid Solutions","url":"https:\/\/gelidsolutions.com\/de\/","logo":{"@type":"ImageObject","inLanguage":"de","@id":"https:\/\/gelidsolutions.com\/de\/#\/schema\/logo\/image\/","url":"https:\/\/gelidsolutions.com\/wp-content\/uploads\/2022\/06\/logo_white_104_104.gif","contentUrl":"https:\/\/gelidsolutions.com\/wp-content\/uploads\/2022\/06\/logo_white_104_104.gif","width":104,"height":104,"caption":"Gelid Solutions"},"image":{"@id":"https:\/\/gelidsolutions.com\/de\/#\/schema\/logo\/image\/"}}]}},"_links":{"self":[{"href":"https:\/\/gelidsolutions.com\/de\/wp-json\/wp\/v2\/product\/113722","targetHints":{"allow":["GET"]}}],"collection":[{"href":"https:\/\/gelidsolutions.com\/de\/wp-json\/wp\/v2\/product"}],"about":[{"href":"https:\/\/gelidsolutions.com\/de\/wp-json\/wp\/v2\/types\/product"}],"replies":[{"embeddable":true,"href":"https:\/\/gelidsolutions.com\/de\/wp-json\/wp\/v2\/comments?post=113722"}],"wp:featuredmedia":[{"embeddable":true,"href":"https:\/\/gelidsolutions.com\/de\/wp-json\/wp\/v2\/media\/111907"}],"wp:attachment":[{"href":"https:\/\/gelidsolutions.com\/de\/wp-json\/wp\/v2\/media?parent=113722"}],"wp:term":[{"taxonomy":"product_cat","embeddable":true,"href":"https:\/\/gelidsolutions.com\/de\/wp-json\/wp\/v2\/product_cat?post=113722"},{"taxonomy":"product_tag","embeddable":true,"href":"https:\/\/gelidsolutions.com\/de\/wp-json\/wp\/v2\/product_tag?post=113722"}],"curies":[{"name":"wp","href":"https:\/\/api.w.org\/{rel}","templated":true}]}}