{"id":113723,"date":"2016-08-02T05:05:00","date_gmt":"2016-08-02T05:05:00","guid":{"rendered":"https:\/\/localhost\/gelidsolutions\/product\/case-fan-silent-pro-14\/"},"modified":"2022-12-01T15:43:29","modified_gmt":"2022-12-01T07:43:29","slug":"case-fan-silent-pro-14","status":"publish","type":"product","link":"https:\/\/gelidsolutions.com\/de\/produkt\/case-fan-silent-pro-14\/","title":{"rendered":"SILENT PRO 14"},"content":{"rendered":"<p><i><b>Silent Pro 14 <\/b>(FN-PX14P-15)\u00a0 <\/i><br \/>\n<i>140 mm (120 mm kompatibel) PWM-Geh\u00e4usel\u00fcfter ohne Klickger\u00e4usch<\/i><\/p>\n<p>Dieser L\u00fcfter wird mit pr\u00e4zise optimierten L\u00fcfterfl\u00fcgeln geliefert, die einen hohen Luftstrom und hohen statischen Druck sowie einen extrem ger\u00e4uscharmen Betrieb aufzeigen. Der neu entwickelte PWM-IC, ein Kernbestandteil von Silent Pro 14 PWM, eliminiert Klickger\u00e4usche des L\u00fcfters. Dar\u00fcber hinaus treibt das intelligente Steuerger\u00e4t GELID PWM (Pulse Width Modulation) den L\u00fcfter in einem erweiterten Drehzahlbereich von 450 U \/ min bis 1500 U \/ min an. Es h\u00e4lt den L\u00fcfter leise, beschleunigt jedoch die L\u00fcftergeschwindigkeit, wenn ein h\u00f6herer Luftstrom erforderlich ist. Das Silent Pro 14 PWM verwendet den gleichen Formfaktor f\u00fcr das Befestigungsloch wie 120-mm-L\u00fcfter. Daher passt es f\u00fcr die meisten PC-Geh\u00e4use und CPU-K\u00fchler auf dem Markt. Der Silent Pro 14 PWM wird au\u00dferdem mit einem Satz spezieller L\u00fcfterhalterungen aus hochwertigem, temperaturbest\u00e4ndigem und besonders langlebigem Gummi geliefert, die verhindern, dass sich Vibrationen des L\u00fcfterrahmens in Ihrem PC-Geh\u00e4use ausbreiten.<\/p>\n<p><i><b>Wie funktioniert PWM?<\/b><\/i><\/p>\n<p>Die Pulsweitenmodulation sendet einen digitalen Signal. Die Vorteile bei der Verwendung von digitalen PWM Signal im Vergleich zu analogen Regler sind:<\/p>\n<p>&#8211; Die PWM-Steuerung berechnet die K\u00fchlleistung entsprechend der CPU- und Systemtemperatur<br \/>\n&#8211; Die PWM-Steuerung Ihres Mainboards wird immer auf die richtige K\u00fchlung eingestellt<br \/>\n&#8211; PWM Kontrolle funktioniert ohne Hitze zu verursachen.<br \/>\n<b><i><br \/>\nDie intelligente GELID PWM Kurve<\/i><\/b><\/p>\n<p><img loading=\"lazy\" decoding=\"async\" src=\"https:\/\/gelidsolutions.com\/clients\/gelid\/userfiles\/image\/pwm_curves_set_480_250.gif\" alt=\"\" width=\"480\" height=\"250\" border=\"0\" \/><\/p>\n<p>Die intelligente GELID PWM-Kurve ist effizienter als die herk\u00f6mmliche rote Kurve anderer PWM-L\u00fcfter<\/p>\n<p>&nbsp;<\/p>\n<p><i>EAN: 4897025781238<\/i><\/p>\n<p>&nbsp;<\/p>\n","protected":false},"excerpt":{"rendered":"<ul>\n<li>\u00a0Pulsweitenmodulation (PWM)<\/li>\n<li>\u00a0Leiser Betrieb mit Gummil\u00fcfterhalterungen<\/li>\n<li>\u00a0Optimierte L\u00fcfterbl\u00e4tter<\/li>\n<li>\u00a0Hoher Luftstrom und statischer Druck<\/li>\n<li>\u00a0Lebenszeit (50&#8217;000 h MTTF bei 40\u00b0C)<\/li>\n<li>\u00a05 Jahre Garantie<\/li>\n<\/ul>\n","protected":false},"featured_media":0,"comment_status":"closed","ping_status":"closed","template":"","meta":{"_acf_changed":false},"product_cat":[305,306],"product_tag":[],"class_list":{"0":"post-113723","1":"product","2":"type-product","3":"status-publish","5":"product_cat-kuehlloesungen","6":"product_cat-luefter","8":"first","9":"instock","10":"taxable","11":"shipping-taxable","12":"product-type-simple"},"supplier_id":null,"supplier_sku":"","barcode":null,"atum_controlled":true,"out_stock_date":null,"out_stock_threshold":null,"inheritable":false,"inbound_stock":null,"stock_on_hold":0,"sold_today":0,"sales_last_days":0,"reserved_stock":null,"customer_returns":null,"warehouse_damage":null,"lost_in_post":null,"other_logs":null,"out_stock_days":0,"lost_sales":0,"has_location":false,"update_date":"2026-04-28T01:10:54","atum_locations":[],"atum_stock_status":"instock","restock_status":false,"low_stock_amount":"","sales_update_date":"2026-04-28T01:10:54","calc_backorders":null,"acf":[],"yoast_head":"<!-- This site is optimized with the Yoast SEO plugin v27.5 - https:\/\/yoast.com\/product\/yoast-seo-wordpress\/ -->\n<title>SILENT PRO 14 - Gelid Solutions<\/title>\n<meta name=\"robots\" content=\"index, follow, max-snippet:-1, max-image-preview:large, max-video-preview:-1\" \/>\n<link rel=\"canonical\" href=\"https:\/\/gelidsolutions.com\/de\/produkt\/case-fan-silent-pro-14\/\" \/>\n<meta property=\"og:locale\" content=\"de_DE\" \/>\n<meta property=\"og:type\" content=\"article\" \/>\n<meta property=\"og:title\" content=\"SILENT PRO 14 - Gelid Solutions\" \/>\n<meta property=\"og:description\" content=\"\u00a0Pulsweitenmodulation (PWM)  \u00a0Leiser Betrieb mit Gummil\u00fcfterhalterungen  \u00a0Optimierte L\u00fcfterbl\u00e4tter  \u00a0Hoher Luftstrom und statischer Druck  \u00a0Lebenszeit (50&#039;000 h MTTF bei 40\u00b0C)  \u00a05 Jahre Garantie\" \/>\n<meta property=\"og:url\" content=\"https:\/\/gelidsolutions.com\/de\/produkt\/case-fan-silent-pro-14\/\" \/>\n<meta property=\"og:site_name\" content=\"Gelid Solutions\" \/>\n<meta property=\"article:modified_time\" content=\"2022-12-01T07:43:29+00:00\" \/>\n<meta property=\"og:image\" content=\"https:\/\/gelidsolutions.com\/clients\/gelid\/userfiles\/image\/pwm_curves_set_480_250.gif\" \/>\n<meta name=\"twitter:card\" content=\"summary_large_image\" \/>\n<meta name=\"twitter:label1\" content=\"Gesch\u00e4tzte Lesezeit\" \/>\n\t<meta name=\"twitter:data1\" content=\"2\u00a0Minuten\" \/>\n<script type=\"application\/ld+json\" class=\"yoast-schema-graph\">{\"@context\":\"https:\\\/\\\/schema.org\",\"@graph\":[{\"@type\":\"WebPage\",\"@id\":\"https:\\\/\\\/gelidsolutions.com\\\/de\\\/produkt\\\/case-fan-silent-pro-14\\\/\",\"url\":\"https:\\\/\\\/gelidsolutions.com\\\/de\\\/produkt\\\/case-fan-silent-pro-14\\\/\",\"name\":\"SILENT PRO 14 - Gelid Solutions\",\"isPartOf\":{\"@id\":\"https:\\\/\\\/gelidsolutions.com\\\/de\\\/#website\"},\"primaryImageOfPage\":{\"@id\":\"https:\\\/\\\/gelidsolutions.com\\\/de\\\/produkt\\\/case-fan-silent-pro-14\\\/#primaryimage\"},\"image\":{\"@id\":\"https:\\\/\\\/gelidsolutions.com\\\/de\\\/produkt\\\/case-fan-silent-pro-14\\\/#primaryimage\"},\"thumbnailUrl\":\"https:\\\/\\\/gelidsolutions.com\\\/clients\\\/gelid\\\/userfiles\\\/image\\\/pwm_curves_set_480_250.gif\",\"datePublished\":\"2016-08-02T05:05:00+00:00\",\"dateModified\":\"2022-12-01T07:43:29+00:00\",\"breadcrumb\":{\"@id\":\"https:\\\/\\\/gelidsolutions.com\\\/de\\\/produkt\\\/case-fan-silent-pro-14\\\/#breadcrumb\"},\"inLanguage\":\"de\",\"potentialAction\":[{\"@type\":\"ReadAction\",\"target\":[\"https:\\\/\\\/gelidsolutions.com\\\/de\\\/produkt\\\/case-fan-silent-pro-14\\\/\"]}]},{\"@type\":\"ImageObject\",\"inLanguage\":\"de\",\"@id\":\"https:\\\/\\\/gelidsolutions.com\\\/de\\\/produkt\\\/case-fan-silent-pro-14\\\/#primaryimage\",\"url\":\"https:\\\/\\\/gelidsolutions.com\\\/clients\\\/gelid\\\/userfiles\\\/image\\\/pwm_curves_set_480_250.gif\",\"contentUrl\":\"https:\\\/\\\/gelidsolutions.com\\\/clients\\\/gelid\\\/userfiles\\\/image\\\/pwm_curves_set_480_250.gif\"},{\"@type\":\"BreadcrumbList\",\"@id\":\"https:\\\/\\\/gelidsolutions.com\\\/de\\\/produkt\\\/case-fan-silent-pro-14\\\/#breadcrumb\",\"itemListElement\":[{\"@type\":\"ListItem\",\"position\":1,\"name\":\"Home\",\"item\":\"https:\\\/\\\/gelidsolutions.com\\\/de\\\/\"},{\"@type\":\"ListItem\",\"position\":2,\"name\":\"Shop\",\"item\":\"https:\\\/\\\/gelidsolutions.com\\\/shop\\\/\"},{\"@type\":\"ListItem\",\"position\":3,\"name\":\"SILENT PRO 14\"}]},{\"@type\":\"WebSite\",\"@id\":\"https:\\\/\\\/gelidsolutions.com\\\/de\\\/#website\",\"url\":\"https:\\\/\\\/gelidsolutions.com\\\/de\\\/\",\"name\":\"Gelid Solutions\",\"description\":\"\",\"publisher\":{\"@id\":\"https:\\\/\\\/gelidsolutions.com\\\/de\\\/#organization\"},\"potentialAction\":[{\"@type\":\"SearchAction\",\"target\":{\"@type\":\"EntryPoint\",\"urlTemplate\":\"https:\\\/\\\/gelidsolutions.com\\\/de\\\/?s={search_term_string}\"},\"query-input\":{\"@type\":\"PropertyValueSpecification\",\"valueRequired\":true,\"valueName\":\"search_term_string\"}}],\"inLanguage\":\"de\"},{\"@type\":\"Organization\",\"@id\":\"https:\\\/\\\/gelidsolutions.com\\\/de\\\/#organization\",\"name\":\"Gelid Solutions\",\"url\":\"https:\\\/\\\/gelidsolutions.com\\\/de\\\/\",\"logo\":{\"@type\":\"ImageObject\",\"inLanguage\":\"de\",\"@id\":\"https:\\\/\\\/gelidsolutions.com\\\/de\\\/#\\\/schema\\\/logo\\\/image\\\/\",\"url\":\"https:\\\/\\\/gelidsolutions.com\\\/wp-content\\\/uploads\\\/2022\\\/06\\\/logo_white_104_104.gif\",\"contentUrl\":\"https:\\\/\\\/gelidsolutions.com\\\/wp-content\\\/uploads\\\/2022\\\/06\\\/logo_white_104_104.gif\",\"width\":104,\"height\":104,\"caption\":\"Gelid Solutions\"},\"image\":{\"@id\":\"https:\\\/\\\/gelidsolutions.com\\\/de\\\/#\\\/schema\\\/logo\\\/image\\\/\"}}]}<\/script>\n<!-- \/ Yoast SEO plugin. -->","yoast_head_json":{"title":"SILENT PRO 14 - Gelid Solutions","robots":{"index":"index","follow":"follow","max-snippet":"max-snippet:-1","max-image-preview":"max-image-preview:large","max-video-preview":"max-video-preview:-1"},"canonical":"https:\/\/gelidsolutions.com\/de\/produkt\/case-fan-silent-pro-14\/","og_locale":"de_DE","og_type":"article","og_title":"SILENT PRO 14 - Gelid Solutions","og_description":"\u00a0Pulsweitenmodulation (PWM)  \u00a0Leiser Betrieb mit Gummil\u00fcfterhalterungen  \u00a0Optimierte L\u00fcfterbl\u00e4tter  \u00a0Hoher Luftstrom und statischer Druck  \u00a0Lebenszeit (50'000 h MTTF bei 40\u00b0C)  \u00a05 Jahre Garantie","og_url":"https:\/\/gelidsolutions.com\/de\/produkt\/case-fan-silent-pro-14\/","og_site_name":"Gelid Solutions","article_modified_time":"2022-12-01T07:43:29+00:00","og_image":[{"url":"https:\/\/gelidsolutions.com\/clients\/gelid\/userfiles\/image\/pwm_curves_set_480_250.gif","type":"","width":"","height":""}],"twitter_card":"summary_large_image","twitter_misc":{"Gesch\u00e4tzte Lesezeit":"2\u00a0Minuten"},"schema":{"@context":"https:\/\/schema.org","@graph":[{"@type":"WebPage","@id":"https:\/\/gelidsolutions.com\/de\/produkt\/case-fan-silent-pro-14\/","url":"https:\/\/gelidsolutions.com\/de\/produkt\/case-fan-silent-pro-14\/","name":"SILENT PRO 14 - Gelid Solutions","isPartOf":{"@id":"https:\/\/gelidsolutions.com\/de\/#website"},"primaryImageOfPage":{"@id":"https:\/\/gelidsolutions.com\/de\/produkt\/case-fan-silent-pro-14\/#primaryimage"},"image":{"@id":"https:\/\/gelidsolutions.com\/de\/produkt\/case-fan-silent-pro-14\/#primaryimage"},"thumbnailUrl":"https:\/\/gelidsolutions.com\/clients\/gelid\/userfiles\/image\/pwm_curves_set_480_250.gif","datePublished":"2016-08-02T05:05:00+00:00","dateModified":"2022-12-01T07:43:29+00:00","breadcrumb":{"@id":"https:\/\/gelidsolutions.com\/de\/produkt\/case-fan-silent-pro-14\/#breadcrumb"},"inLanguage":"de","potentialAction":[{"@type":"ReadAction","target":["https:\/\/gelidsolutions.com\/de\/produkt\/case-fan-silent-pro-14\/"]}]},{"@type":"ImageObject","inLanguage":"de","@id":"https:\/\/gelidsolutions.com\/de\/produkt\/case-fan-silent-pro-14\/#primaryimage","url":"https:\/\/gelidsolutions.com\/clients\/gelid\/userfiles\/image\/pwm_curves_set_480_250.gif","contentUrl":"https:\/\/gelidsolutions.com\/clients\/gelid\/userfiles\/image\/pwm_curves_set_480_250.gif"},{"@type":"BreadcrumbList","@id":"https:\/\/gelidsolutions.com\/de\/produkt\/case-fan-silent-pro-14\/#breadcrumb","itemListElement":[{"@type":"ListItem","position":1,"name":"Home","item":"https:\/\/gelidsolutions.com\/de\/"},{"@type":"ListItem","position":2,"name":"Shop","item":"https:\/\/gelidsolutions.com\/shop\/"},{"@type":"ListItem","position":3,"name":"SILENT PRO 14"}]},{"@type":"WebSite","@id":"https:\/\/gelidsolutions.com\/de\/#website","url":"https:\/\/gelidsolutions.com\/de\/","name":"Gelid Solutions","description":"","publisher":{"@id":"https:\/\/gelidsolutions.com\/de\/#organization"},"potentialAction":[{"@type":"SearchAction","target":{"@type":"EntryPoint","urlTemplate":"https:\/\/gelidsolutions.com\/de\/?s={search_term_string}"},"query-input":{"@type":"PropertyValueSpecification","valueRequired":true,"valueName":"search_term_string"}}],"inLanguage":"de"},{"@type":"Organization","@id":"https:\/\/gelidsolutions.com\/de\/#organization","name":"Gelid Solutions","url":"https:\/\/gelidsolutions.com\/de\/","logo":{"@type":"ImageObject","inLanguage":"de","@id":"https:\/\/gelidsolutions.com\/de\/#\/schema\/logo\/image\/","url":"https:\/\/gelidsolutions.com\/wp-content\/uploads\/2022\/06\/logo_white_104_104.gif","contentUrl":"https:\/\/gelidsolutions.com\/wp-content\/uploads\/2022\/06\/logo_white_104_104.gif","width":104,"height":104,"caption":"Gelid Solutions"},"image":{"@id":"https:\/\/gelidsolutions.com\/de\/#\/schema\/logo\/image\/"}}]}},"_links":{"self":[{"href":"https:\/\/gelidsolutions.com\/de\/wp-json\/wp\/v2\/product\/113723","targetHints":{"allow":["GET"]}}],"collection":[{"href":"https:\/\/gelidsolutions.com\/de\/wp-json\/wp\/v2\/product"}],"about":[{"href":"https:\/\/gelidsolutions.com\/de\/wp-json\/wp\/v2\/types\/product"}],"replies":[{"embeddable":true,"href":"https:\/\/gelidsolutions.com\/de\/wp-json\/wp\/v2\/comments?post=113723"}],"wp:attachment":[{"href":"https:\/\/gelidsolutions.com\/de\/wp-json\/wp\/v2\/media?parent=113723"}],"wp:term":[{"taxonomy":"product_cat","embeddable":true,"href":"https:\/\/gelidsolutions.com\/de\/wp-json\/wp\/v2\/product_cat?post=113723"},{"taxonomy":"product_tag","embeddable":true,"href":"https:\/\/gelidsolutions.com\/de\/wp-json\/wp\/v2\/product_tag?post=113723"}],"curies":[{"name":"wp","href":"https:\/\/api.w.org\/{rel}","templated":true}]}}