{"id":113727,"date":"2016-08-02T05:19:00","date_gmt":"2016-08-01T21:19:00","guid":{"rendered":"https:\/\/localhost\/gelidsolutions\/product\/case-fan-silent-9pwm\/"},"modified":"2022-11-30T22:40:08","modified_gmt":"2022-11-30T14:40:08","slug":"gehause-lufter-gerauschlos-9pwm","status":"publish","type":"product","link":"https:\/\/gelidsolutions.com\/de\/produkt\/gehause-lufter-gerauschlos-9pwm\/","title":{"rendered":"SILENT 9 PWM"},"content":{"rendered":"<p><i><b>Silent 9 PWM <\/b>(FN-PX09-20)  <\/i><br \/>\n<i>92-mm-Geh\u00e4usel\u00fcfter mit intelligenter PWM-Steuerung<\/i><\/p>\n<p>Die GELID Silent PWM-L\u00fcfter wurden f\u00fcr fortgeschrittene Benutzer entwickelt und sorgen f\u00fcr zus\u00e4tzlichen Luftstrom, indem sie die Pulsweitenmodulation (PWM) nutzen, um die L\u00fcftergeschwindigkeit automatisch an die CPU-Last anzupassen. Der L\u00fcfter kann im Leerlauf betrieben werden und ist dadurch wesentlich leiser. Ein intelligenter IC wurde in das PCB des L\u00fcfters integriert, um die BIOS-Software Ihres Mainboards zu nutzen. Diese Technologie ist effizienter und bequemer als die Verwendung einer externen L\u00fcftersteuerung zur Spannungsanpassung.<\/p>\n<p>Jedes Ventilatorlaufrad wurde mit Hilfe modernster Technologie einzeln ausgewuchtet, um einen gleichm\u00e4\u00dfigen und st\u00f6rungsfreien Betrieb zu gew\u00e4hrleisten. Sie sind aus hochwertigem, temperaturbest\u00e4ndigem und besonders langlebigem Gummi gefertigt und verhindern, dass die Vibrationen des L\u00fcftermotors in Ihr PC-Geh\u00e4use eindringen.<\/p>\n<p><i><b>Wie funktioniert die PWM?<\/b><\/i><\/p>\n<p>Die Pulsweitenmodulation (PWM) liefert ein digitales Signal. Die Vorteile der Verwendung eines digitalen PWM-Signals im Vergleich zu einem analogen Regler sind:<\/p>\n<p>&#8211; Die PWM-Steuerung berechnet die angemessene K\u00fchlleistung je nach CPU- und Systemtemperatur &#8211; die PWM-Steuerung Ihres Mainboards wird immer auf die richtige K\u00fchlung eingestellt<br \/>\n&#8211; PWM-Steuerung arbeitet ohne W\u00e4rmeentwicklung<\/p>\n<p><i><b>Die intelligente GELID-PWM-Kurve<\/b><\/i><\/p>\n<p><img loading=\"lazy\" decoding=\"async\" src=\"https:\/\/gelidsolutions.com\/clients\/gelid\/userfiles\/image\/pwm_curves_set_480_250(1).gif\" alt=\"\" width=\"480\" height=\"250\" border=\"0\"><\/p>\n<p>Bildunterschrift: Die intelligente GELID-PWM-Kurve ist effizienter als die traditionelle rote Kurve anderer PWM-L\u00fcfter.<\/p>\n<p>&nbsp;<\/p>\n<p><i>EAN: 4897025780101<\/i><\/p>\n<p>&nbsp;<\/p>\n","protected":false},"excerpt":{"rendered":"<ul>\n<li>  Impulsbreitenmodulation (PWM)<\/li>\n<li>  Leiser Betrieb mit Gummil\u00fcfterhalterungen<\/li>\n<li> Optimierte L\u00fcfterbl\u00e4tter<\/li>\n<li> Hoher Luftstrom und hoher statischer Druck<\/li>\n<li> Lange Lebensdauer (50&#8217;000 h MTTF bei 40\u00b0C)<\/li>\n<\/ul>\n","protected":false},"featured_media":120012,"comment_status":"closed","ping_status":"closed","template":"","meta":{"_acf_changed":false},"product_cat":[313,587,306],"product_tag":[551,552,553],"class_list":{"0":"post-113727","1":"product","2":"type-product","3":"status-publish","4":"has-post-thumbnail","6":"product_cat-archiv","7":"product_cat-archiv-fur-stille-fans","8":"product_cat-luefter","9":"product_tag-case-fan-de","10":"product_tag-silent-case-fan-de","11":"product_tag-thermal-solution-de","13":"first","14":"outofstock","15":"taxable","16":"shipping-taxable","17":"purchasable","18":"product-type-simple"},"supplier_id":null,"supplier_sku":"FN-PX09-20","barcode":"4897025780101","atum_controlled":true,"out_stock_date":"2022-11-25 03:47:04","out_stock_threshold":null,"inheritable":false,"inbound_stock":null,"stock_on_hold":0,"sold_today":0,"sales_last_days":0,"reserved_stock":null,"customer_returns":null,"warehouse_damage":null,"lost_in_post":null,"other_logs":null,"out_stock_days":1254,"lost_sales":0,"has_location":false,"update_date":"2026-05-03T01:13:50","atum_locations":[],"atum_stock_status":"outofstock","restock_status":false,"low_stock_amount":"","sales_update_date":"2026-05-03T01:13:50","calc_backorders":null,"acf":[],"yoast_head":"<!-- This site is optimized with the Yoast SEO plugin v27.5 - https:\/\/yoast.com\/product\/yoast-seo-wordpress\/ -->\n<title>SILENT 9 PWM - Gelid Solutions<\/title>\n<meta name=\"robots\" content=\"index, follow, max-snippet:-1, max-image-preview:large, max-video-preview:-1\" \/>\n<link rel=\"canonical\" href=\"https:\/\/gelidsolutions.com\/de\/produkt\/gehause-lufter-gerauschlos-9pwm\/\" \/>\n<meta property=\"og:locale\" content=\"de_DE\" \/>\n<meta property=\"og:type\" content=\"article\" \/>\n<meta property=\"og:title\" content=\"SILENT 9 PWM - Gelid Solutions\" \/>\n<meta property=\"og:description\" content=\"Impulsbreitenmodulation (PWM)   Leiser Betrieb mit Gummil\u00fcfterhalterungen  Optimierte L\u00fcfterbl\u00e4tter  Hoher Luftstrom und hoher statischer Druck  Lange Lebensdauer (50&#039;000 h MTTF bei 40\u00b0C)\" \/>\n<meta property=\"og:url\" content=\"https:\/\/gelidsolutions.com\/de\/produkt\/gehause-lufter-gerauschlos-9pwm\/\" \/>\n<meta property=\"og:site_name\" content=\"Gelid Solutions\" \/>\n<meta property=\"article:modified_time\" content=\"2022-11-30T14:40:08+00:00\" \/>\n<meta property=\"og:image\" content=\"https:\/\/gelidsolutions.com\/wp-content\/uploads\/2016\/08\/SILENT-9-PWM.png\" \/>\n\t<meta property=\"og:image:width\" content=\"600\" \/>\n\t<meta property=\"og:image:height\" content=\"400\" \/>\n\t<meta property=\"og:image:type\" content=\"image\/png\" \/>\n<meta name=\"twitter:card\" content=\"summary_large_image\" \/>\n<meta name=\"twitter:label1\" content=\"Gesch\u00e4tzte Lesezeit\" \/>\n\t<meta name=\"twitter:data1\" content=\"1\u00a0Minute\" \/>\n<script type=\"application\/ld+json\" class=\"yoast-schema-graph\">{\"@context\":\"https:\\\/\\\/schema.org\",\"@graph\":[{\"@type\":\"WebPage\",\"@id\":\"https:\\\/\\\/gelidsolutions.com\\\/de\\\/produkt\\\/gehause-lufter-gerauschlos-9pwm\\\/\",\"url\":\"https:\\\/\\\/gelidsolutions.com\\\/de\\\/produkt\\\/gehause-lufter-gerauschlos-9pwm\\\/\",\"name\":\"SILENT 9 PWM - Gelid Solutions\",\"isPartOf\":{\"@id\":\"https:\\\/\\\/gelidsolutions.com\\\/de\\\/#website\"},\"primaryImageOfPage\":{\"@id\":\"https:\\\/\\\/gelidsolutions.com\\\/de\\\/produkt\\\/gehause-lufter-gerauschlos-9pwm\\\/#primaryimage\"},\"image\":{\"@id\":\"https:\\\/\\\/gelidsolutions.com\\\/de\\\/produkt\\\/gehause-lufter-gerauschlos-9pwm\\\/#primaryimage\"},\"thumbnailUrl\":\"https:\\\/\\\/gelidsolutions.com\\\/wp-content\\\/uploads\\\/2016\\\/08\\\/SILENT-9-PWM.png\",\"datePublished\":\"2016-08-01T21:19:00+00:00\",\"dateModified\":\"2022-11-30T14:40:08+00:00\",\"breadcrumb\":{\"@id\":\"https:\\\/\\\/gelidsolutions.com\\\/de\\\/produkt\\\/gehause-lufter-gerauschlos-9pwm\\\/#breadcrumb\"},\"inLanguage\":\"de\",\"potentialAction\":[{\"@type\":\"ReadAction\",\"target\":[\"https:\\\/\\\/gelidsolutions.com\\\/de\\\/produkt\\\/gehause-lufter-gerauschlos-9pwm\\\/\"]}]},{\"@type\":\"ImageObject\",\"inLanguage\":\"de\",\"@id\":\"https:\\\/\\\/gelidsolutions.com\\\/de\\\/produkt\\\/gehause-lufter-gerauschlos-9pwm\\\/#primaryimage\",\"url\":\"https:\\\/\\\/gelidsolutions.com\\\/wp-content\\\/uploads\\\/2016\\\/08\\\/SILENT-9-PWM.png\",\"contentUrl\":\"https:\\\/\\\/gelidsolutions.com\\\/wp-content\\\/uploads\\\/2016\\\/08\\\/SILENT-9-PWM.png\",\"width\":600,\"height\":400},{\"@type\":\"BreadcrumbList\",\"@id\":\"https:\\\/\\\/gelidsolutions.com\\\/de\\\/produkt\\\/gehause-lufter-gerauschlos-9pwm\\\/#breadcrumb\",\"itemListElement\":[{\"@type\":\"ListItem\",\"position\":1,\"name\":\"Home\",\"item\":\"https:\\\/\\\/gelidsolutions.com\\\/de\\\/\"},{\"@type\":\"ListItem\",\"position\":2,\"name\":\"Shop\",\"item\":\"https:\\\/\\\/gelidsolutions.com\\\/shop\\\/\"},{\"@type\":\"ListItem\",\"position\":3,\"name\":\"SILENT 9 PWM\"}]},{\"@type\":\"WebSite\",\"@id\":\"https:\\\/\\\/gelidsolutions.com\\\/de\\\/#website\",\"url\":\"https:\\\/\\\/gelidsolutions.com\\\/de\\\/\",\"name\":\"Gelid Solutions\",\"description\":\"\",\"publisher\":{\"@id\":\"https:\\\/\\\/gelidsolutions.com\\\/de\\\/#organization\"},\"potentialAction\":[{\"@type\":\"SearchAction\",\"target\":{\"@type\":\"EntryPoint\",\"urlTemplate\":\"https:\\\/\\\/gelidsolutions.com\\\/de\\\/?s={search_term_string}\"},\"query-input\":{\"@type\":\"PropertyValueSpecification\",\"valueRequired\":true,\"valueName\":\"search_term_string\"}}],\"inLanguage\":\"de\"},{\"@type\":\"Organization\",\"@id\":\"https:\\\/\\\/gelidsolutions.com\\\/de\\\/#organization\",\"name\":\"Gelid Solutions\",\"url\":\"https:\\\/\\\/gelidsolutions.com\\\/de\\\/\",\"logo\":{\"@type\":\"ImageObject\",\"inLanguage\":\"de\",\"@id\":\"https:\\\/\\\/gelidsolutions.com\\\/de\\\/#\\\/schema\\\/logo\\\/image\\\/\",\"url\":\"https:\\\/\\\/gelidsolutions.com\\\/wp-content\\\/uploads\\\/2022\\\/06\\\/logo_white_104_104.gif\",\"contentUrl\":\"https:\\\/\\\/gelidsolutions.com\\\/wp-content\\\/uploads\\\/2022\\\/06\\\/logo_white_104_104.gif\",\"width\":104,\"height\":104,\"caption\":\"Gelid Solutions\"},\"image\":{\"@id\":\"https:\\\/\\\/gelidsolutions.com\\\/de\\\/#\\\/schema\\\/logo\\\/image\\\/\"}}]}<\/script>\n<!-- \/ Yoast SEO plugin. -->","yoast_head_json":{"title":"SILENT 9 PWM - Gelid Solutions","robots":{"index":"index","follow":"follow","max-snippet":"max-snippet:-1","max-image-preview":"max-image-preview:large","max-video-preview":"max-video-preview:-1"},"canonical":"https:\/\/gelidsolutions.com\/de\/produkt\/gehause-lufter-gerauschlos-9pwm\/","og_locale":"de_DE","og_type":"article","og_title":"SILENT 9 PWM - Gelid Solutions","og_description":"Impulsbreitenmodulation (PWM)   Leiser Betrieb mit Gummil\u00fcfterhalterungen  Optimierte L\u00fcfterbl\u00e4tter  Hoher Luftstrom und hoher statischer Druck  Lange Lebensdauer (50'000 h MTTF bei 40\u00b0C)","og_url":"https:\/\/gelidsolutions.com\/de\/produkt\/gehause-lufter-gerauschlos-9pwm\/","og_site_name":"Gelid Solutions","article_modified_time":"2022-11-30T14:40:08+00:00","og_image":[{"width":600,"height":400,"url":"https:\/\/gelidsolutions.com\/wp-content\/uploads\/2016\/08\/SILENT-9-PWM.png","type":"image\/png"}],"twitter_card":"summary_large_image","twitter_misc":{"Gesch\u00e4tzte Lesezeit":"1\u00a0Minute"},"schema":{"@context":"https:\/\/schema.org","@graph":[{"@type":"WebPage","@id":"https:\/\/gelidsolutions.com\/de\/produkt\/gehause-lufter-gerauschlos-9pwm\/","url":"https:\/\/gelidsolutions.com\/de\/produkt\/gehause-lufter-gerauschlos-9pwm\/","name":"SILENT 9 PWM - Gelid Solutions","isPartOf":{"@id":"https:\/\/gelidsolutions.com\/de\/#website"},"primaryImageOfPage":{"@id":"https:\/\/gelidsolutions.com\/de\/produkt\/gehause-lufter-gerauschlos-9pwm\/#primaryimage"},"image":{"@id":"https:\/\/gelidsolutions.com\/de\/produkt\/gehause-lufter-gerauschlos-9pwm\/#primaryimage"},"thumbnailUrl":"https:\/\/gelidsolutions.com\/wp-content\/uploads\/2016\/08\/SILENT-9-PWM.png","datePublished":"2016-08-01T21:19:00+00:00","dateModified":"2022-11-30T14:40:08+00:00","breadcrumb":{"@id":"https:\/\/gelidsolutions.com\/de\/produkt\/gehause-lufter-gerauschlos-9pwm\/#breadcrumb"},"inLanguage":"de","potentialAction":[{"@type":"ReadAction","target":["https:\/\/gelidsolutions.com\/de\/produkt\/gehause-lufter-gerauschlos-9pwm\/"]}]},{"@type":"ImageObject","inLanguage":"de","@id":"https:\/\/gelidsolutions.com\/de\/produkt\/gehause-lufter-gerauschlos-9pwm\/#primaryimage","url":"https:\/\/gelidsolutions.com\/wp-content\/uploads\/2016\/08\/SILENT-9-PWM.png","contentUrl":"https:\/\/gelidsolutions.com\/wp-content\/uploads\/2016\/08\/SILENT-9-PWM.png","width":600,"height":400},{"@type":"BreadcrumbList","@id":"https:\/\/gelidsolutions.com\/de\/produkt\/gehause-lufter-gerauschlos-9pwm\/#breadcrumb","itemListElement":[{"@type":"ListItem","position":1,"name":"Home","item":"https:\/\/gelidsolutions.com\/de\/"},{"@type":"ListItem","position":2,"name":"Shop","item":"https:\/\/gelidsolutions.com\/shop\/"},{"@type":"ListItem","position":3,"name":"SILENT 9 PWM"}]},{"@type":"WebSite","@id":"https:\/\/gelidsolutions.com\/de\/#website","url":"https:\/\/gelidsolutions.com\/de\/","name":"Gelid Solutions","description":"","publisher":{"@id":"https:\/\/gelidsolutions.com\/de\/#organization"},"potentialAction":[{"@type":"SearchAction","target":{"@type":"EntryPoint","urlTemplate":"https:\/\/gelidsolutions.com\/de\/?s={search_term_string}"},"query-input":{"@type":"PropertyValueSpecification","valueRequired":true,"valueName":"search_term_string"}}],"inLanguage":"de"},{"@type":"Organization","@id":"https:\/\/gelidsolutions.com\/de\/#organization","name":"Gelid Solutions","url":"https:\/\/gelidsolutions.com\/de\/","logo":{"@type":"ImageObject","inLanguage":"de","@id":"https:\/\/gelidsolutions.com\/de\/#\/schema\/logo\/image\/","url":"https:\/\/gelidsolutions.com\/wp-content\/uploads\/2022\/06\/logo_white_104_104.gif","contentUrl":"https:\/\/gelidsolutions.com\/wp-content\/uploads\/2022\/06\/logo_white_104_104.gif","width":104,"height":104,"caption":"Gelid Solutions"},"image":{"@id":"https:\/\/gelidsolutions.com\/de\/#\/schema\/logo\/image\/"}}]}},"_links":{"self":[{"href":"https:\/\/gelidsolutions.com\/de\/wp-json\/wp\/v2\/product\/113727","targetHints":{"allow":["GET"]}}],"collection":[{"href":"https:\/\/gelidsolutions.com\/de\/wp-json\/wp\/v2\/product"}],"about":[{"href":"https:\/\/gelidsolutions.com\/de\/wp-json\/wp\/v2\/types\/product"}],"replies":[{"embeddable":true,"href":"https:\/\/gelidsolutions.com\/de\/wp-json\/wp\/v2\/comments?post=113727"}],"wp:featuredmedia":[{"embeddable":true,"href":"https:\/\/gelidsolutions.com\/de\/wp-json\/wp\/v2\/media\/120012"}],"wp:attachment":[{"href":"https:\/\/gelidsolutions.com\/de\/wp-json\/wp\/v2\/media?parent=113727"}],"wp:term":[{"taxonomy":"product_cat","embeddable":true,"href":"https:\/\/gelidsolutions.com\/de\/wp-json\/wp\/v2\/product_cat?post=113727"},{"taxonomy":"product_tag","embeddable":true,"href":"https:\/\/gelidsolutions.com\/de\/wp-json\/wp\/v2\/product_tag?post=113727"}],"curies":[{"name":"wp","href":"https:\/\/api.w.org\/{rel}","templated":true}]}}