{"id":113734,"date":"2016-08-03T06:15:00","date_gmt":"2016-08-02T22:15:00","guid":{"rendered":"https:\/\/localhost\/gelidsolutions\/product\/case-fan-slim-12-uv-blue\/"},"modified":"2022-06-17T16:05:16","modified_gmt":"2022-06-17T16:05:16","slug":"case-fan-slim-12-uv-blue","status":"publish","type":"product","link":"https:\/\/gelidsolutions.com\/de\/produkt\/case-fan-slim-12-uv-blue\/","title":{"rendered":"SLIM 12 UV BLUE"},"content":{"rendered":"<p><b><i>Slim 12 UV Blue (FN-FW12SlimB-15)<\/i><\/b><br \/>\nSilent Slim 120mm UV-Reaktivl\u00fcfter<\/p>\n<p>&nbsp;<\/p>\n<p>Der Slim 12 UV Blue verf\u00fcgt \u00fcber ein einzigartiges hydro-dynamisches Lager. Dieses Lager gew\u00e4hrleistet einen ger\u00e4uscharmen Betrieb und eine lange Lebensdauer. Die optimierten L\u00fcfterfl\u00fcgel erzeugen einen hohen Luftstrom und das Laufrad ist UV-reaktiv. Der Slim 12 UV Blue hat eine Startspannung von nur 5 Volt und eine 5-j\u00e4hrige Lieferantengarantie.<\/p>\n<p><b><i>UVP: Euro 6.60\u00a0 <\/i><\/b><\/p>\n<p>&nbsp;<\/p>\n<p><i>EAN: 4897025780675<\/i><\/p>\n<p>&nbsp;<\/p>\n","protected":false},"excerpt":{"rendered":"<p><i><b>Merkmale<\/b><\/i><\/p>\n<ul>\n<li>\u00a0 \u00a0 \u00a0 \u00a0 \u25cf 120 x 120 x 15.8mm Slim L\u00fcfter<\/li>\n<li>\u00a0 \u00a0 \u00a0 \u00a0 \u25cf Hydro Dynamic Lager<\/li>\n<li>\u00a0 \u00a0 \u00a0 \u00a0 \u25cf UV reaktiv<\/li>\n<li>\u00a0 \u00a0 \u00a0 \u00a0 \u25cf Hoher Luftstrom<\/li>\n<li>\u00a0 \u00a0 \u00a0 \u00a0 \u25cf Leiser Betrieb<\/li>\n<li>\u00a0 \u00a0 \u00a0 \u00a0 \u25cf 5 Jahre Garantie<\/li>\n<\/ul>\n<p>&nbsp;<\/p>\n","protected":false},"featured_media":107297,"comment_status":"closed","ping_status":"closed","template":"","meta":{"_acf_changed":false},"product_cat":[321],"product_tag":[551,552,553],"class_list":{"0":"post-113734","1":"product","2":"type-product","3":"status-publish","4":"has-post-thumbnail","6":"product_cat-gamer-luefter-archiv","7":"product_tag-case-fan-de","8":"product_tag-silent-case-fan-de","9":"product_tag-thermal-solution-de","11":"first","12":"outofstock","13":"taxable","14":"shipping-taxable","15":"purchasable","16":"product-type-simple"},"supplier_id":null,"supplier_sku":"FN-FW12SlimB-15","barcode":"4897025780675","atum_controlled":true,"out_stock_date":null,"out_stock_threshold":null,"inheritable":false,"inbound_stock":null,"stock_on_hold":0,"sold_today":0,"sales_last_days":0,"reserved_stock":null,"customer_returns":null,"warehouse_damage":null,"lost_in_post":null,"other_logs":null,"out_stock_days":0,"lost_sales":0,"has_location":false,"update_date":"2026-04-29T01:10:52","atum_locations":[],"atum_stock_status":"outofstock","restock_status":false,"low_stock_amount":"","sales_update_date":"2026-04-29T01:10:52","calc_backorders":null,"acf":[],"yoast_head":"<!-- This site is optimized with the Yoast SEO plugin v27.5 - https:\/\/yoast.com\/product\/yoast-seo-wordpress\/ -->\n<title>SLIM 12 UV BLUE - Gelid Solutions<\/title>\n<meta name=\"robots\" content=\"index, follow, max-snippet:-1, max-image-preview:large, max-video-preview:-1\" \/>\n<link rel=\"canonical\" href=\"https:\/\/gelidsolutions.com\/de\/produkt\/case-fan-slim-12-uv-blue\/\" \/>\n<meta property=\"og:locale\" content=\"de_DE\" \/>\n<meta property=\"og:type\" content=\"article\" \/>\n<meta property=\"og:title\" content=\"SLIM 12 UV BLUE - Gelid Solutions\" \/>\n<meta property=\"og:description\" content=\"Merkmale   \u00a0 \u00a0 \u00a0 \u00a0 \u25cf 120 x 120 x 15.8mm Slim L\u00fcfter  \u00a0 \u00a0 \u00a0 \u00a0 \u25cf Hydro Dynamic Lager  \u00a0 \u00a0 \u00a0 \u00a0 \u25cf UV reaktiv  \u00a0 \u00a0 \u00a0 \u00a0 \u25cf Hoher Luftstrom  \u00a0 \u00a0 \u00a0 \u00a0 \u25cf Leiser Betrieb  \u00a0 \u00a0 \u00a0 \u00a0 \u25cf 5 Jahre Garantie  &nbsp;\" \/>\n<meta property=\"og:url\" content=\"https:\/\/gelidsolutions.com\/de\/produkt\/case-fan-slim-12-uv-blue\/\" \/>\n<meta property=\"og:site_name\" content=\"Gelid Solutions\" \/>\n<meta property=\"article:modified_time\" content=\"2022-06-17T16:05:16+00:00\" \/>\n<meta property=\"og:image\" content=\"https:\/\/gelidsolutions.com\/wp-content\/uploads\/2022\/05\/case_fan_gamer_SLIM_12_UV_BLUE_1.jpg\" \/>\n\t<meta property=\"og:image:width\" content=\"600\" \/>\n\t<meta property=\"og:image:height\" content=\"400\" \/>\n\t<meta property=\"og:image:type\" content=\"image\/jpeg\" \/>\n<meta name=\"twitter:card\" content=\"summary_large_image\" \/>\n<script type=\"application\/ld+json\" class=\"yoast-schema-graph\">{\"@context\":\"https:\\\/\\\/schema.org\",\"@graph\":[{\"@type\":\"WebPage\",\"@id\":\"https:\\\/\\\/gelidsolutions.com\\\/de\\\/produkt\\\/case-fan-slim-12-uv-blue\\\/\",\"url\":\"https:\\\/\\\/gelidsolutions.com\\\/de\\\/produkt\\\/case-fan-slim-12-uv-blue\\\/\",\"name\":\"SLIM 12 UV BLUE - Gelid Solutions\",\"isPartOf\":{\"@id\":\"https:\\\/\\\/gelidsolutions.com\\\/de\\\/#website\"},\"primaryImageOfPage\":{\"@id\":\"https:\\\/\\\/gelidsolutions.com\\\/de\\\/produkt\\\/case-fan-slim-12-uv-blue\\\/#primaryimage\"},\"image\":{\"@id\":\"https:\\\/\\\/gelidsolutions.com\\\/de\\\/produkt\\\/case-fan-slim-12-uv-blue\\\/#primaryimage\"},\"thumbnailUrl\":\"https:\\\/\\\/gelidsolutions.com\\\/wp-content\\\/uploads\\\/2022\\\/05\\\/case_fan_gamer_SLIM_12_UV_BLUE_1.jpg\",\"datePublished\":\"2016-08-02T22:15:00+00:00\",\"dateModified\":\"2022-06-17T16:05:16+00:00\",\"breadcrumb\":{\"@id\":\"https:\\\/\\\/gelidsolutions.com\\\/de\\\/produkt\\\/case-fan-slim-12-uv-blue\\\/#breadcrumb\"},\"inLanguage\":\"de\",\"potentialAction\":[{\"@type\":\"ReadAction\",\"target\":[\"https:\\\/\\\/gelidsolutions.com\\\/de\\\/produkt\\\/case-fan-slim-12-uv-blue\\\/\"]}]},{\"@type\":\"ImageObject\",\"inLanguage\":\"de\",\"@id\":\"https:\\\/\\\/gelidsolutions.com\\\/de\\\/produkt\\\/case-fan-slim-12-uv-blue\\\/#primaryimage\",\"url\":\"https:\\\/\\\/gelidsolutions.com\\\/wp-content\\\/uploads\\\/2022\\\/05\\\/case_fan_gamer_SLIM_12_UV_BLUE_1.jpg\",\"contentUrl\":\"https:\\\/\\\/gelidsolutions.com\\\/wp-content\\\/uploads\\\/2022\\\/05\\\/case_fan_gamer_SLIM_12_UV_BLUE_1.jpg\",\"width\":600,\"height\":400},{\"@type\":\"BreadcrumbList\",\"@id\":\"https:\\\/\\\/gelidsolutions.com\\\/de\\\/produkt\\\/case-fan-slim-12-uv-blue\\\/#breadcrumb\",\"itemListElement\":[{\"@type\":\"ListItem\",\"position\":1,\"name\":\"Home\",\"item\":\"https:\\\/\\\/gelidsolutions.com\\\/de\\\/\"},{\"@type\":\"ListItem\",\"position\":2,\"name\":\"Shop\",\"item\":\"https:\\\/\\\/gelidsolutions.com\\\/shop\\\/\"},{\"@type\":\"ListItem\",\"position\":3,\"name\":\"SLIM 12 UV BLUE\"}]},{\"@type\":\"WebSite\",\"@id\":\"https:\\\/\\\/gelidsolutions.com\\\/de\\\/#website\",\"url\":\"https:\\\/\\\/gelidsolutions.com\\\/de\\\/\",\"name\":\"Gelid Solutions\",\"description\":\"\",\"publisher\":{\"@id\":\"https:\\\/\\\/gelidsolutions.com\\\/de\\\/#organization\"},\"potentialAction\":[{\"@type\":\"SearchAction\",\"target\":{\"@type\":\"EntryPoint\",\"urlTemplate\":\"https:\\\/\\\/gelidsolutions.com\\\/de\\\/?s={search_term_string}\"},\"query-input\":{\"@type\":\"PropertyValueSpecification\",\"valueRequired\":true,\"valueName\":\"search_term_string\"}}],\"inLanguage\":\"de\"},{\"@type\":\"Organization\",\"@id\":\"https:\\\/\\\/gelidsolutions.com\\\/de\\\/#organization\",\"name\":\"Gelid Solutions\",\"url\":\"https:\\\/\\\/gelidsolutions.com\\\/de\\\/\",\"logo\":{\"@type\":\"ImageObject\",\"inLanguage\":\"de\",\"@id\":\"https:\\\/\\\/gelidsolutions.com\\\/de\\\/#\\\/schema\\\/logo\\\/image\\\/\",\"url\":\"https:\\\/\\\/gelidsolutions.com\\\/wp-content\\\/uploads\\\/2022\\\/06\\\/logo_white_104_104.gif\",\"contentUrl\":\"https:\\\/\\\/gelidsolutions.com\\\/wp-content\\\/uploads\\\/2022\\\/06\\\/logo_white_104_104.gif\",\"width\":104,\"height\":104,\"caption\":\"Gelid Solutions\"},\"image\":{\"@id\":\"https:\\\/\\\/gelidsolutions.com\\\/de\\\/#\\\/schema\\\/logo\\\/image\\\/\"}}]}<\/script>\n<!-- \/ Yoast SEO plugin. -->","yoast_head_json":{"title":"SLIM 12 UV BLUE - Gelid Solutions","robots":{"index":"index","follow":"follow","max-snippet":"max-snippet:-1","max-image-preview":"max-image-preview:large","max-video-preview":"max-video-preview:-1"},"canonical":"https:\/\/gelidsolutions.com\/de\/produkt\/case-fan-slim-12-uv-blue\/","og_locale":"de_DE","og_type":"article","og_title":"SLIM 12 UV BLUE - Gelid Solutions","og_description":"Merkmale   \u00a0 \u00a0 \u00a0 \u00a0 \u25cf 120 x 120 x 15.8mm Slim L\u00fcfter  \u00a0 \u00a0 \u00a0 \u00a0 \u25cf Hydro Dynamic Lager  \u00a0 \u00a0 \u00a0 \u00a0 \u25cf UV reaktiv  \u00a0 \u00a0 \u00a0 \u00a0 \u25cf Hoher Luftstrom  \u00a0 \u00a0 \u00a0 \u00a0 \u25cf Leiser Betrieb  \u00a0 \u00a0 \u00a0 \u00a0 \u25cf 5 Jahre Garantie  &nbsp;","og_url":"https:\/\/gelidsolutions.com\/de\/produkt\/case-fan-slim-12-uv-blue\/","og_site_name":"Gelid Solutions","article_modified_time":"2022-06-17T16:05:16+00:00","og_image":[{"width":600,"height":400,"url":"https:\/\/gelidsolutions.com\/wp-content\/uploads\/2022\/05\/case_fan_gamer_SLIM_12_UV_BLUE_1.jpg","type":"image\/jpeg"}],"twitter_card":"summary_large_image","schema":{"@context":"https:\/\/schema.org","@graph":[{"@type":"WebPage","@id":"https:\/\/gelidsolutions.com\/de\/produkt\/case-fan-slim-12-uv-blue\/","url":"https:\/\/gelidsolutions.com\/de\/produkt\/case-fan-slim-12-uv-blue\/","name":"SLIM 12 UV BLUE - Gelid Solutions","isPartOf":{"@id":"https:\/\/gelidsolutions.com\/de\/#website"},"primaryImageOfPage":{"@id":"https:\/\/gelidsolutions.com\/de\/produkt\/case-fan-slim-12-uv-blue\/#primaryimage"},"image":{"@id":"https:\/\/gelidsolutions.com\/de\/produkt\/case-fan-slim-12-uv-blue\/#primaryimage"},"thumbnailUrl":"https:\/\/gelidsolutions.com\/wp-content\/uploads\/2022\/05\/case_fan_gamer_SLIM_12_UV_BLUE_1.jpg","datePublished":"2016-08-02T22:15:00+00:00","dateModified":"2022-06-17T16:05:16+00:00","breadcrumb":{"@id":"https:\/\/gelidsolutions.com\/de\/produkt\/case-fan-slim-12-uv-blue\/#breadcrumb"},"inLanguage":"de","potentialAction":[{"@type":"ReadAction","target":["https:\/\/gelidsolutions.com\/de\/produkt\/case-fan-slim-12-uv-blue\/"]}]},{"@type":"ImageObject","inLanguage":"de","@id":"https:\/\/gelidsolutions.com\/de\/produkt\/case-fan-slim-12-uv-blue\/#primaryimage","url":"https:\/\/gelidsolutions.com\/wp-content\/uploads\/2022\/05\/case_fan_gamer_SLIM_12_UV_BLUE_1.jpg","contentUrl":"https:\/\/gelidsolutions.com\/wp-content\/uploads\/2022\/05\/case_fan_gamer_SLIM_12_UV_BLUE_1.jpg","width":600,"height":400},{"@type":"BreadcrumbList","@id":"https:\/\/gelidsolutions.com\/de\/produkt\/case-fan-slim-12-uv-blue\/#breadcrumb","itemListElement":[{"@type":"ListItem","position":1,"name":"Home","item":"https:\/\/gelidsolutions.com\/de\/"},{"@type":"ListItem","position":2,"name":"Shop","item":"https:\/\/gelidsolutions.com\/shop\/"},{"@type":"ListItem","position":3,"name":"SLIM 12 UV BLUE"}]},{"@type":"WebSite","@id":"https:\/\/gelidsolutions.com\/de\/#website","url":"https:\/\/gelidsolutions.com\/de\/","name":"Gelid Solutions","description":"","publisher":{"@id":"https:\/\/gelidsolutions.com\/de\/#organization"},"potentialAction":[{"@type":"SearchAction","target":{"@type":"EntryPoint","urlTemplate":"https:\/\/gelidsolutions.com\/de\/?s={search_term_string}"},"query-input":{"@type":"PropertyValueSpecification","valueRequired":true,"valueName":"search_term_string"}}],"inLanguage":"de"},{"@type":"Organization","@id":"https:\/\/gelidsolutions.com\/de\/#organization","name":"Gelid Solutions","url":"https:\/\/gelidsolutions.com\/de\/","logo":{"@type":"ImageObject","inLanguage":"de","@id":"https:\/\/gelidsolutions.com\/de\/#\/schema\/logo\/image\/","url":"https:\/\/gelidsolutions.com\/wp-content\/uploads\/2022\/06\/logo_white_104_104.gif","contentUrl":"https:\/\/gelidsolutions.com\/wp-content\/uploads\/2022\/06\/logo_white_104_104.gif","width":104,"height":104,"caption":"Gelid Solutions"},"image":{"@id":"https:\/\/gelidsolutions.com\/de\/#\/schema\/logo\/image\/"}}]}},"_links":{"self":[{"href":"https:\/\/gelidsolutions.com\/de\/wp-json\/wp\/v2\/product\/113734","targetHints":{"allow":["GET"]}}],"collection":[{"href":"https:\/\/gelidsolutions.com\/de\/wp-json\/wp\/v2\/product"}],"about":[{"href":"https:\/\/gelidsolutions.com\/de\/wp-json\/wp\/v2\/types\/product"}],"replies":[{"embeddable":true,"href":"https:\/\/gelidsolutions.com\/de\/wp-json\/wp\/v2\/comments?post=113734"}],"wp:featuredmedia":[{"embeddable":true,"href":"https:\/\/gelidsolutions.com\/de\/wp-json\/wp\/v2\/media\/107297"}],"wp:attachment":[{"href":"https:\/\/gelidsolutions.com\/de\/wp-json\/wp\/v2\/media?parent=113734"}],"wp:term":[{"taxonomy":"product_cat","embeddable":true,"href":"https:\/\/gelidsolutions.com\/de\/wp-json\/wp\/v2\/product_cat?post=113734"},{"taxonomy":"product_tag","embeddable":true,"href":"https:\/\/gelidsolutions.com\/de\/wp-json\/wp\/v2\/product_tag?post=113734"}],"curies":[{"name":"wp","href":"https:\/\/api.w.org\/{rel}","templated":true}]}}