{"id":113735,"date":"2016-08-02T05:39:00","date_gmt":"2016-08-01T21:39:00","guid":{"rendered":"https:\/\/localhost\/gelidsolutions\/product\/case-fan-silent-8\/"},"modified":"2023-08-17T15:46:46","modified_gmt":"2023-08-17T07:46:46","slug":"gehause-lufter-gerauschlos-8","status":"publish","type":"product","link":"https:\/\/gelidsolutions.com\/de\/produkt\/gehause-lufter-gerauschlos-8\/","title":{"rendered":"SILENT 8"},"content":{"rendered":"<div class=\"wpb-content-wrapper\"><section class=\"vc_row wpb_row vc_row-fluid\"><div class=\"wpb_column vc_column_container col-xs-mobile-fullwidth vc_col-sm-12\"><div class=\"vc_column-inner\"><div class=\"wpb_wrapper\"><div class=\"wpb_single_image    hongo-full-width-single-image\">\n\t\t\t<figure class=\"wpb_wrapper vc_figure\">\n\t\t\t\t<div class=\"vc_single_image-wrapper  \"><img loading=\"lazy\" decoding=\"async\" width=\"970\" height=\"300\" src=\"https:\/\/gelidsolutions.com\/wp-content\/uploads\/2023\/08\/Silent-8-PWM-AMAZON-DE_970X600-01.png\" class=\"vc_single_image-img attachment-full\" alt=\"\" title=\"Silent 8 PWM - AMAZON-DE_970X600-01\" srcset=\"https:\/\/gelidsolutions.com\/wp-content\/uploads\/2023\/08\/Silent-8-PWM-AMAZON-DE_970X600-01.png 970w, https:\/\/gelidsolutions.com\/wp-content\/uploads\/2023\/08\/Silent-8-PWM-AMAZON-DE_970X600-01-300x93.png 300w, https:\/\/gelidsolutions.com\/wp-content\/uploads\/2023\/08\/Silent-8-PWM-AMAZON-DE_970X600-01-768x238.png 768w, https:\/\/gelidsolutions.com\/wp-content\/uploads\/2023\/08\/Silent-8-PWM-AMAZON-DE_970X600-01-84x26.png 84w, https:\/\/gelidsolutions.com\/wp-content\/uploads\/2023\/08\/Silent-8-PWM-AMAZON-DE_970X600-01-200x62.png 200w, https:\/\/gelidsolutions.com\/wp-content\/uploads\/2023\/08\/Silent-8-PWM-AMAZON-DE_970X600-01-450x139.png 450w, https:\/\/gelidsolutions.com\/wp-content\/uploads\/2023\/08\/Silent-8-PWM-AMAZON-DE_970X600-01-360x111.png 360w, https:\/\/gelidsolutions.com\/wp-content\/uploads\/2023\/08\/Silent-8-PWM-AMAZON-DE_970X600-01-800x247.png 800w, https:\/\/gelidsolutions.com\/wp-content\/uploads\/2023\/08\/Silent-8-PWM-AMAZON-DE_970X600-01-190x59.png 190w, https:\/\/gelidsolutions.com\/wp-content\/uploads\/2023\/08\/Silent-8-PWM-AMAZON-DE_970X600-01-291x90.png 291w\" sizes=\"auto, (max-width: 970px) 100vw, 970px\" \/><\/div>\n\t\t\t<\/figure>\n\t\t\t\n\t\t<\/div><div class=\"vc_empty_space\"   style=\"height: 15px\"><span class=\"vc_empty_space_inner\"><\/span><\/div><div class=\"wpb_single_image    hongo-full-width-single-image\">\n\t\t\t<figure class=\"wpb_wrapper vc_figure\">\n\t\t\t\t<div class=\"vc_single_image-wrapper  \"><img loading=\"lazy\" decoding=\"async\" width=\"970\" height=\"300\" src=\"https:\/\/gelidsolutions.com\/wp-content\/uploads\/2023\/08\/Silent-8-PWM-AMAZON-DE_970X600-02.png\" class=\"vc_single_image-img attachment-full\" alt=\"\" title=\"Silent 8 PWM - AMAZON-DE_970X600-02\" srcset=\"https:\/\/gelidsolutions.com\/wp-content\/uploads\/2023\/08\/Silent-8-PWM-AMAZON-DE_970X600-02.png 970w, https:\/\/gelidsolutions.com\/wp-content\/uploads\/2023\/08\/Silent-8-PWM-AMAZON-DE_970X600-02-300x93.png 300w, https:\/\/gelidsolutions.com\/wp-content\/uploads\/2023\/08\/Silent-8-PWM-AMAZON-DE_970X600-02-768x238.png 768w, https:\/\/gelidsolutions.com\/wp-content\/uploads\/2023\/08\/Silent-8-PWM-AMAZON-DE_970X600-02-84x26.png 84w, https:\/\/gelidsolutions.com\/wp-content\/uploads\/2023\/08\/Silent-8-PWM-AMAZON-DE_970X600-02-200x62.png 200w, https:\/\/gelidsolutions.com\/wp-content\/uploads\/2023\/08\/Silent-8-PWM-AMAZON-DE_970X600-02-450x139.png 450w, https:\/\/gelidsolutions.com\/wp-content\/uploads\/2023\/08\/Silent-8-PWM-AMAZON-DE_970X600-02-360x111.png 360w, https:\/\/gelidsolutions.com\/wp-content\/uploads\/2023\/08\/Silent-8-PWM-AMAZON-DE_970X600-02-800x247.png 800w, https:\/\/gelidsolutions.com\/wp-content\/uploads\/2023\/08\/Silent-8-PWM-AMAZON-DE_970X600-02-190x59.png 190w, https:\/\/gelidsolutions.com\/wp-content\/uploads\/2023\/08\/Silent-8-PWM-AMAZON-DE_970X600-02-291x90.png 291w\" sizes=\"auto, (max-width: 970px) 100vw, 970px\" \/><\/div>\n\t\t\t<\/figure>\n\t\t\t\n\t\t<\/div><div class=\"vc_empty_space\"   style=\"height: 15px\"><span class=\"vc_empty_space_inner\"><\/span><\/div><div class=\"wpb_single_image    hongo-full-width-single-image\">\n\t\t\t<figure class=\"wpb_wrapper vc_figure\">\n\t\t\t\t<div class=\"vc_single_image-wrapper  \"><img loading=\"lazy\" decoding=\"async\" width=\"970\" height=\"300\" src=\"https:\/\/gelidsolutions.com\/wp-content\/uploads\/2023\/08\/Silent-8-PWM-AMAZON-DE_970X600-03.png\" class=\"vc_single_image-img attachment-full\" alt=\"\" title=\"Silent 8 PWM - AMAZON-DE_970X600-03\" srcset=\"https:\/\/gelidsolutions.com\/wp-content\/uploads\/2023\/08\/Silent-8-PWM-AMAZON-DE_970X600-03.png 970w, https:\/\/gelidsolutions.com\/wp-content\/uploads\/2023\/08\/Silent-8-PWM-AMAZON-DE_970X600-03-300x93.png 300w, https:\/\/gelidsolutions.com\/wp-content\/uploads\/2023\/08\/Silent-8-PWM-AMAZON-DE_970X600-03-768x238.png 768w, https:\/\/gelidsolutions.com\/wp-content\/uploads\/2023\/08\/Silent-8-PWM-AMAZON-DE_970X600-03-84x26.png 84w, https:\/\/gelidsolutions.com\/wp-content\/uploads\/2023\/08\/Silent-8-PWM-AMAZON-DE_970X600-03-200x62.png 200w, https:\/\/gelidsolutions.com\/wp-content\/uploads\/2023\/08\/Silent-8-PWM-AMAZON-DE_970X600-03-450x139.png 450w, https:\/\/gelidsolutions.com\/wp-content\/uploads\/2023\/08\/Silent-8-PWM-AMAZON-DE_970X600-03-360x111.png 360w, https:\/\/gelidsolutions.com\/wp-content\/uploads\/2023\/08\/Silent-8-PWM-AMAZON-DE_970X600-03-800x247.png 800w, https:\/\/gelidsolutions.com\/wp-content\/uploads\/2023\/08\/Silent-8-PWM-AMAZON-DE_970X600-03-190x59.png 190w, https:\/\/gelidsolutions.com\/wp-content\/uploads\/2023\/08\/Silent-8-PWM-AMAZON-DE_970X600-03-291x90.png 291w\" sizes=\"auto, (max-width: 970px) 100vw, 970px\" \/><\/div>\n\t\t\t<\/figure>\n\t\t\t\n\t\t<\/div><div class=\"vc_empty_space\"   style=\"height: 15px\"><span class=\"vc_empty_space_inner\"><\/span><\/div><div class=\"wpb_single_image    hongo-full-width-single-image\">\n\t\t\t<figure class=\"wpb_wrapper vc_figure\">\n\t\t\t\t<div class=\"vc_single_image-wrapper  \"><img loading=\"lazy\" decoding=\"async\" width=\"970\" height=\"300\" src=\"https:\/\/gelidsolutions.com\/wp-content\/uploads\/2023\/08\/Silent-8-PWM-AMAZON-DE_970X600-04.png\" class=\"vc_single_image-img attachment-full\" alt=\"\" title=\"Silent 8 PWM - AMAZON-DE_970X600-04\" srcset=\"https:\/\/gelidsolutions.com\/wp-content\/uploads\/2023\/08\/Silent-8-PWM-AMAZON-DE_970X600-04.png 970w, https:\/\/gelidsolutions.com\/wp-content\/uploads\/2023\/08\/Silent-8-PWM-AMAZON-DE_970X600-04-300x93.png 300w, https:\/\/gelidsolutions.com\/wp-content\/uploads\/2023\/08\/Silent-8-PWM-AMAZON-DE_970X600-04-768x238.png 768w, https:\/\/gelidsolutions.com\/wp-content\/uploads\/2023\/08\/Silent-8-PWM-AMAZON-DE_970X600-04-84x26.png 84w, https:\/\/gelidsolutions.com\/wp-content\/uploads\/2023\/08\/Silent-8-PWM-AMAZON-DE_970X600-04-200x62.png 200w, https:\/\/gelidsolutions.com\/wp-content\/uploads\/2023\/08\/Silent-8-PWM-AMAZON-DE_970X600-04-450x139.png 450w, https:\/\/gelidsolutions.com\/wp-content\/uploads\/2023\/08\/Silent-8-PWM-AMAZON-DE_970X600-04-360x111.png 360w, https:\/\/gelidsolutions.com\/wp-content\/uploads\/2023\/08\/Silent-8-PWM-AMAZON-DE_970X600-04-800x247.png 800w, https:\/\/gelidsolutions.com\/wp-content\/uploads\/2023\/08\/Silent-8-PWM-AMAZON-DE_970X600-04-190x59.png 190w, https:\/\/gelidsolutions.com\/wp-content\/uploads\/2023\/08\/Silent-8-PWM-AMAZON-DE_970X600-04-291x90.png 291w\" sizes=\"auto, (max-width: 970px) 100vw, 970px\" \/><\/div>\n\t\t\t<\/figure>\n\t\t\t\n\t\t<\/div><div class=\"vc_empty_space\"   style=\"height: 15px\"><span class=\"vc_empty_space_inner\"><\/span><\/div><div class=\"wpb_single_image    hongo-full-width-single-image\">\n\t\t\t<figure class=\"wpb_wrapper vc_figure\">\n\t\t\t\t<div class=\"vc_single_image-wrapper  \"><img loading=\"lazy\" decoding=\"async\" width=\"970\" height=\"300\" src=\"https:\/\/gelidsolutions.com\/wp-content\/uploads\/2023\/08\/Silent-8-PWM-AMAZON-DE_970X600-05.png\" class=\"vc_single_image-img attachment-full\" alt=\"\" title=\"Silent 8 PWM - AMAZON-DE_970X600-05\" srcset=\"https:\/\/gelidsolutions.com\/wp-content\/uploads\/2023\/08\/Silent-8-PWM-AMAZON-DE_970X600-05.png 970w, https:\/\/gelidsolutions.com\/wp-content\/uploads\/2023\/08\/Silent-8-PWM-AMAZON-DE_970X600-05-300x93.png 300w, https:\/\/gelidsolutions.com\/wp-content\/uploads\/2023\/08\/Silent-8-PWM-AMAZON-DE_970X600-05-768x238.png 768w, https:\/\/gelidsolutions.com\/wp-content\/uploads\/2023\/08\/Silent-8-PWM-AMAZON-DE_970X600-05-84x26.png 84w, https:\/\/gelidsolutions.com\/wp-content\/uploads\/2023\/08\/Silent-8-PWM-AMAZON-DE_970X600-05-200x62.png 200w, https:\/\/gelidsolutions.com\/wp-content\/uploads\/2023\/08\/Silent-8-PWM-AMAZON-DE_970X600-05-450x139.png 450w, https:\/\/gelidsolutions.com\/wp-content\/uploads\/2023\/08\/Silent-8-PWM-AMAZON-DE_970X600-05-360x111.png 360w, https:\/\/gelidsolutions.com\/wp-content\/uploads\/2023\/08\/Silent-8-PWM-AMAZON-DE_970X600-05-800x247.png 800w, https:\/\/gelidsolutions.com\/wp-content\/uploads\/2023\/08\/Silent-8-PWM-AMAZON-DE_970X600-05-190x59.png 190w, https:\/\/gelidsolutions.com\/wp-content\/uploads\/2023\/08\/Silent-8-PWM-AMAZON-DE_970X600-05-291x90.png 291w\" sizes=\"auto, (max-width: 970px) 100vw, 970px\" \/><\/div>\n\t\t\t<\/figure>\n\t\t\t\n\t\t<\/div><div class=\"vc_empty_space\"   style=\"height: 15px\"><span class=\"vc_empty_space_inner\"><\/span><\/div><div class=\"wpb_single_image    hongo-full-width-single-image\">\n\t\t\t<figure class=\"wpb_wrapper vc_figure\">\n\t\t\t\t<div class=\"vc_single_image-wrapper  \"><img loading=\"lazy\" decoding=\"async\" width=\"970\" height=\"300\" src=\"https:\/\/gelidsolutions.com\/wp-content\/uploads\/2023\/08\/Silent-8-PWM-AMAZON-DE_970X600-06.png\" class=\"vc_single_image-img attachment-full\" alt=\"\" title=\"Silent 8 PWM - AMAZON-DE_970X600-06\" srcset=\"https:\/\/gelidsolutions.com\/wp-content\/uploads\/2023\/08\/Silent-8-PWM-AMAZON-DE_970X600-06.png 970w, https:\/\/gelidsolutions.com\/wp-content\/uploads\/2023\/08\/Silent-8-PWM-AMAZON-DE_970X600-06-300x93.png 300w, https:\/\/gelidsolutions.com\/wp-content\/uploads\/2023\/08\/Silent-8-PWM-AMAZON-DE_970X600-06-768x238.png 768w, https:\/\/gelidsolutions.com\/wp-content\/uploads\/2023\/08\/Silent-8-PWM-AMAZON-DE_970X600-06-84x26.png 84w, https:\/\/gelidsolutions.com\/wp-content\/uploads\/2023\/08\/Silent-8-PWM-AMAZON-DE_970X600-06-200x62.png 200w, https:\/\/gelidsolutions.com\/wp-content\/uploads\/2023\/08\/Silent-8-PWM-AMAZON-DE_970X600-06-450x139.png 450w, https:\/\/gelidsolutions.com\/wp-content\/uploads\/2023\/08\/Silent-8-PWM-AMAZON-DE_970X600-06-360x111.png 360w, https:\/\/gelidsolutions.com\/wp-content\/uploads\/2023\/08\/Silent-8-PWM-AMAZON-DE_970X600-06-800x247.png 800w, https:\/\/gelidsolutions.com\/wp-content\/uploads\/2023\/08\/Silent-8-PWM-AMAZON-DE_970X600-06-190x59.png 190w, https:\/\/gelidsolutions.com\/wp-content\/uploads\/2023\/08\/Silent-8-PWM-AMAZON-DE_970X600-06-291x90.png 291w\" sizes=\"auto, (max-width: 970px) 100vw, 970px\" \/><\/div>\n\t\t\t<\/figure>\n\t\t\t\n\t\t<\/div><div class=\"vc_empty_space\"   style=\"height: 15px\"><span class=\"vc_empty_space_inner\"><\/span><\/div><div class=\"wpb_single_image    hongo-full-width-single-image\">\n\t\t\t<figure class=\"wpb_wrapper vc_figure\">\n\t\t\t\t<div class=\"vc_single_image-wrapper  \"><img loading=\"lazy\" decoding=\"async\" width=\"970\" height=\"300\" src=\"https:\/\/gelidsolutions.com\/wp-content\/uploads\/2023\/08\/Silent-8-PWM-AMAZON-DE_970X600-07.png\" class=\"vc_single_image-img attachment-full\" alt=\"\" title=\"Silent 8 PWM - AMAZON-DE_970X600-07\" srcset=\"https:\/\/gelidsolutions.com\/wp-content\/uploads\/2023\/08\/Silent-8-PWM-AMAZON-DE_970X600-07.png 970w, https:\/\/gelidsolutions.com\/wp-content\/uploads\/2023\/08\/Silent-8-PWM-AMAZON-DE_970X600-07-300x93.png 300w, https:\/\/gelidsolutions.com\/wp-content\/uploads\/2023\/08\/Silent-8-PWM-AMAZON-DE_970X600-07-768x238.png 768w, https:\/\/gelidsolutions.com\/wp-content\/uploads\/2023\/08\/Silent-8-PWM-AMAZON-DE_970X600-07-84x26.png 84w, https:\/\/gelidsolutions.com\/wp-content\/uploads\/2023\/08\/Silent-8-PWM-AMAZON-DE_970X600-07-200x62.png 200w, https:\/\/gelidsolutions.com\/wp-content\/uploads\/2023\/08\/Silent-8-PWM-AMAZON-DE_970X600-07-450x139.png 450w, https:\/\/gelidsolutions.com\/wp-content\/uploads\/2023\/08\/Silent-8-PWM-AMAZON-DE_970X600-07-360x111.png 360w, https:\/\/gelidsolutions.com\/wp-content\/uploads\/2023\/08\/Silent-8-PWM-AMAZON-DE_970X600-07-800x247.png 800w, https:\/\/gelidsolutions.com\/wp-content\/uploads\/2023\/08\/Silent-8-PWM-AMAZON-DE_970X600-07-190x59.png 190w, https:\/\/gelidsolutions.com\/wp-content\/uploads\/2023\/08\/Silent-8-PWM-AMAZON-DE_970X600-07-291x90.png 291w\" sizes=\"auto, (max-width: 970px) 100vw, 970px\" \/><\/div>\n\t\t\t<\/figure>\n\t\t\t\n\t\t<\/div><div class=\"vc_empty_space\"   style=\"height: 40px\"><span class=\"vc_empty_space_inner\"><\/span><\/div><div class=\"text-block-content hongo-text-block-1 last-paragraph-no-margin\"><p><b><br \/>\n  <i>Silent 8 <\/i><br \/>\n<\/b><i>(FN-SX08-16)<\/i><\/p>\n<p><i>80 mm leiser Geh\u00e4usel\u00fcfter<\/i><\/p>\n<p>&nbsp;<\/p>\n<p>GELID Silent-L\u00fcfter wurden f\u00fcr Silent-Enthusiasten entwickelt und sorgen f\u00fcr zus\u00e4tzlichen Luftstrom, ohne den Ger\u00e4uschpegel zu erh\u00f6hen, und das zu erschwinglichen Preisen. Pr\u00e4zise ausgewuchtete L\u00fcfterfl\u00fcgel und das langlebige Hydro-Dynamic-Lager garantieren einen extrem niedrigen Ger\u00e4uschpegel. Sie sind aus hochwertigem, temperaturbest\u00e4ndigem und besonders langlebigem Gummi gefertigt und verhindern, dass die Vibrationen des L\u00fcftermotors in Ihr PC-Geh\u00e4use eindringen.<\/p>\n<p>&nbsp;<\/p>\n<p><i>EAN: 4897025780057<\/i><\/p>\n<p>&nbsp;<\/p>\n<\/div><\/div><\/div><\/div><\/section>\n<\/div>","protected":false},"excerpt":{"rendered":"<ul>\n<li> Ger\u00e4uschloser Betrieb<\/li>\n<li> Optimierte L\u00fcfterbl\u00e4tter<\/li>\n<li> Hoher Luftstrom und hoher statischer Druck<\/li>\n<li>  Gummil\u00fcfterhalterungen<\/li>\n<li> Lange Lebensdauer (50&#8217;000 h MTTF bei 40\u00b0C)<\/li>\n<\/ul>\n","protected":false},"featured_media":107316,"comment_status":"closed","ping_status":"closed","template":"","meta":{"_acf_changed":false},"product_cat":[587],"product_tag":[554,555,556],"class_list":{"0":"post-113735","1":"product","2":"type-product","3":"status-publish","4":"has-post-thumbnail","6":"product_cat-archiv-fur-stille-fans","7":"product_tag-gamer-case-fan-de","8":"product_tag-solution-case-fan-de","9":"product_tag-thermal-de","11":"first","12":"instock","13":"taxable","14":"shipping-taxable","15":"purchasable","16":"product-type-simple"},"supplier_id":null,"supplier_sku":"FN-SX08-16","barcode":"4897025780057","atum_controlled":true,"out_stock_date":"2022-07-12 14:17:53","out_stock_threshold":null,"inheritable":false,"inbound_stock":null,"stock_on_hold":0,"sold_today":0,"sales_last_days":0,"reserved_stock":null,"customer_returns":null,"warehouse_damage":null,"lost_in_post":null,"other_logs":null,"out_stock_days":1366,"lost_sales":0,"has_location":false,"update_date":"2026-04-09T00:06:17","atum_locations":[],"atum_stock_status":"instock","restock_status":false,"low_stock_amount":"","sales_update_date":"2026-04-09T00:06:17","calc_backorders":null,"acf":[],"yoast_head":"<!-- This site is optimized with the Yoast SEO plugin v27.3 - https:\/\/yoast.com\/product\/yoast-seo-wordpress\/ -->\n<title>SILENT 8 - Gelid Solutions<\/title>\n<meta name=\"robots\" content=\"index, follow, max-snippet:-1, max-image-preview:large, max-video-preview:-1\" \/>\n<link rel=\"canonical\" href=\"https:\/\/gelidsolutions.com\/de\/produkt\/gehause-lufter-gerauschlos-8\/\" \/>\n<meta property=\"og:locale\" content=\"de_DE\" \/>\n<meta property=\"og:type\" content=\"article\" \/>\n<meta property=\"og:title\" content=\"SILENT 8 - Gelid Solutions\" \/>\n<meta property=\"og:description\" content=\"Ger\u00e4uschloser Betrieb   Optimierte L\u00fcfterbl\u00e4tter   Hoher Luftstrom und hoher statischer Druck   Gummil\u00fcfterhalterungen   Lange Lebensdauer (50&#039;000 h MTTF bei 40\u00b0C)\" \/>\n<meta property=\"og:url\" content=\"https:\/\/gelidsolutions.com\/de\/produkt\/gehause-lufter-gerauschlos-8\/\" \/>\n<meta property=\"og:site_name\" content=\"Gelid Solutions\" \/>\n<meta property=\"article:modified_time\" content=\"2023-08-17T07:46:46+00:00\" \/>\n<meta property=\"og:image\" content=\"https:\/\/gelidsolutions.com\/wp-content\/uploads\/2022\/05\/case_fan_silent_SILENT_8_1.jpg\" \/>\n\t<meta property=\"og:image:width\" content=\"600\" \/>\n\t<meta property=\"og:image:height\" content=\"400\" \/>\n\t<meta property=\"og:image:type\" content=\"image\/jpeg\" \/>\n<meta name=\"twitter:card\" content=\"summary_large_image\" \/>\n<meta name=\"twitter:label1\" content=\"Gesch\u00e4tzte Lesezeit\" \/>\n\t<meta name=\"twitter:data1\" content=\"1\u00a0Minute\" \/>\n<script type=\"application\/ld+json\" class=\"yoast-schema-graph\">{\"@context\":\"https:\\\/\\\/schema.org\",\"@graph\":[{\"@type\":\"WebPage\",\"@id\":\"https:\\\/\\\/gelidsolutions.com\\\/de\\\/produkt\\\/gehause-lufter-gerauschlos-8\\\/\",\"url\":\"https:\\\/\\\/gelidsolutions.com\\\/de\\\/produkt\\\/gehause-lufter-gerauschlos-8\\\/\",\"name\":\"SILENT 8 - Gelid Solutions\",\"isPartOf\":{\"@id\":\"https:\\\/\\\/gelidsolutions.com\\\/de\\\/#website\"},\"primaryImageOfPage\":{\"@id\":\"https:\\\/\\\/gelidsolutions.com\\\/de\\\/produkt\\\/gehause-lufter-gerauschlos-8\\\/#primaryimage\"},\"image\":{\"@id\":\"https:\\\/\\\/gelidsolutions.com\\\/de\\\/produkt\\\/gehause-lufter-gerauschlos-8\\\/#primaryimage\"},\"thumbnailUrl\":\"https:\\\/\\\/gelidsolutions.com\\\/wp-content\\\/uploads\\\/2022\\\/05\\\/case_fan_silent_SILENT_8_1.jpg\",\"datePublished\":\"2016-08-01T21:39:00+00:00\",\"dateModified\":\"2023-08-17T07:46:46+00:00\",\"breadcrumb\":{\"@id\":\"https:\\\/\\\/gelidsolutions.com\\\/de\\\/produkt\\\/gehause-lufter-gerauschlos-8\\\/#breadcrumb\"},\"inLanguage\":\"de\",\"potentialAction\":[{\"@type\":\"ReadAction\",\"target\":[\"https:\\\/\\\/gelidsolutions.com\\\/de\\\/produkt\\\/gehause-lufter-gerauschlos-8\\\/\"]}]},{\"@type\":\"ImageObject\",\"inLanguage\":\"de\",\"@id\":\"https:\\\/\\\/gelidsolutions.com\\\/de\\\/produkt\\\/gehause-lufter-gerauschlos-8\\\/#primaryimage\",\"url\":\"https:\\\/\\\/gelidsolutions.com\\\/wp-content\\\/uploads\\\/2022\\\/05\\\/case_fan_silent_SILENT_8_1.jpg\",\"contentUrl\":\"https:\\\/\\\/gelidsolutions.com\\\/wp-content\\\/uploads\\\/2022\\\/05\\\/case_fan_silent_SILENT_8_1.jpg\",\"width\":600,\"height\":400},{\"@type\":\"BreadcrumbList\",\"@id\":\"https:\\\/\\\/gelidsolutions.com\\\/de\\\/produkt\\\/gehause-lufter-gerauschlos-8\\\/#breadcrumb\",\"itemListElement\":[{\"@type\":\"ListItem\",\"position\":1,\"name\":\"Home\",\"item\":\"https:\\\/\\\/gelidsolutions.com\\\/de\\\/\"},{\"@type\":\"ListItem\",\"position\":2,\"name\":\"Shop\",\"item\":\"https:\\\/\\\/gelidsolutions.com\\\/shop\\\/\"},{\"@type\":\"ListItem\",\"position\":3,\"name\":\"SILENT 8\"}]},{\"@type\":\"WebSite\",\"@id\":\"https:\\\/\\\/gelidsolutions.com\\\/de\\\/#website\",\"url\":\"https:\\\/\\\/gelidsolutions.com\\\/de\\\/\",\"name\":\"Gelid Solutions\",\"description\":\"\",\"publisher\":{\"@id\":\"https:\\\/\\\/gelidsolutions.com\\\/de\\\/#organization\"},\"potentialAction\":[{\"@type\":\"SearchAction\",\"target\":{\"@type\":\"EntryPoint\",\"urlTemplate\":\"https:\\\/\\\/gelidsolutions.com\\\/de\\\/?s={search_term_string}\"},\"query-input\":{\"@type\":\"PropertyValueSpecification\",\"valueRequired\":true,\"valueName\":\"search_term_string\"}}],\"inLanguage\":\"de\"},{\"@type\":\"Organization\",\"@id\":\"https:\\\/\\\/gelidsolutions.com\\\/de\\\/#organization\",\"name\":\"Gelid Solutions\",\"url\":\"https:\\\/\\\/gelidsolutions.com\\\/de\\\/\",\"logo\":{\"@type\":\"ImageObject\",\"inLanguage\":\"de\",\"@id\":\"https:\\\/\\\/gelidsolutions.com\\\/de\\\/#\\\/schema\\\/logo\\\/image\\\/\",\"url\":\"https:\\\/\\\/gelidsolutions.com\\\/wp-content\\\/uploads\\\/2022\\\/06\\\/logo_white_104_104.gif\",\"contentUrl\":\"https:\\\/\\\/gelidsolutions.com\\\/wp-content\\\/uploads\\\/2022\\\/06\\\/logo_white_104_104.gif\",\"width\":104,\"height\":104,\"caption\":\"Gelid Solutions\"},\"image\":{\"@id\":\"https:\\\/\\\/gelidsolutions.com\\\/de\\\/#\\\/schema\\\/logo\\\/image\\\/\"}}]}<\/script>\n<!-- \/ Yoast SEO plugin. -->","yoast_head_json":{"title":"SILENT 8 - Gelid Solutions","robots":{"index":"index","follow":"follow","max-snippet":"max-snippet:-1","max-image-preview":"max-image-preview:large","max-video-preview":"max-video-preview:-1"},"canonical":"https:\/\/gelidsolutions.com\/de\/produkt\/gehause-lufter-gerauschlos-8\/","og_locale":"de_DE","og_type":"article","og_title":"SILENT 8 - Gelid Solutions","og_description":"Ger\u00e4uschloser Betrieb   Optimierte L\u00fcfterbl\u00e4tter   Hoher Luftstrom und hoher statischer Druck   Gummil\u00fcfterhalterungen   Lange Lebensdauer (50'000 h MTTF bei 40\u00b0C)","og_url":"https:\/\/gelidsolutions.com\/de\/produkt\/gehause-lufter-gerauschlos-8\/","og_site_name":"Gelid Solutions","article_modified_time":"2023-08-17T07:46:46+00:00","og_image":[{"width":600,"height":400,"url":"https:\/\/gelidsolutions.com\/wp-content\/uploads\/2022\/05\/case_fan_silent_SILENT_8_1.jpg","type":"image\/jpeg"}],"twitter_card":"summary_large_image","twitter_misc":{"Gesch\u00e4tzte Lesezeit":"1\u00a0Minute"},"schema":{"@context":"https:\/\/schema.org","@graph":[{"@type":"WebPage","@id":"https:\/\/gelidsolutions.com\/de\/produkt\/gehause-lufter-gerauschlos-8\/","url":"https:\/\/gelidsolutions.com\/de\/produkt\/gehause-lufter-gerauschlos-8\/","name":"SILENT 8 - Gelid Solutions","isPartOf":{"@id":"https:\/\/gelidsolutions.com\/de\/#website"},"primaryImageOfPage":{"@id":"https:\/\/gelidsolutions.com\/de\/produkt\/gehause-lufter-gerauschlos-8\/#primaryimage"},"image":{"@id":"https:\/\/gelidsolutions.com\/de\/produkt\/gehause-lufter-gerauschlos-8\/#primaryimage"},"thumbnailUrl":"https:\/\/gelidsolutions.com\/wp-content\/uploads\/2022\/05\/case_fan_silent_SILENT_8_1.jpg","datePublished":"2016-08-01T21:39:00+00:00","dateModified":"2023-08-17T07:46:46+00:00","breadcrumb":{"@id":"https:\/\/gelidsolutions.com\/de\/produkt\/gehause-lufter-gerauschlos-8\/#breadcrumb"},"inLanguage":"de","potentialAction":[{"@type":"ReadAction","target":["https:\/\/gelidsolutions.com\/de\/produkt\/gehause-lufter-gerauschlos-8\/"]}]},{"@type":"ImageObject","inLanguage":"de","@id":"https:\/\/gelidsolutions.com\/de\/produkt\/gehause-lufter-gerauschlos-8\/#primaryimage","url":"https:\/\/gelidsolutions.com\/wp-content\/uploads\/2022\/05\/case_fan_silent_SILENT_8_1.jpg","contentUrl":"https:\/\/gelidsolutions.com\/wp-content\/uploads\/2022\/05\/case_fan_silent_SILENT_8_1.jpg","width":600,"height":400},{"@type":"BreadcrumbList","@id":"https:\/\/gelidsolutions.com\/de\/produkt\/gehause-lufter-gerauschlos-8\/#breadcrumb","itemListElement":[{"@type":"ListItem","position":1,"name":"Home","item":"https:\/\/gelidsolutions.com\/de\/"},{"@type":"ListItem","position":2,"name":"Shop","item":"https:\/\/gelidsolutions.com\/shop\/"},{"@type":"ListItem","position":3,"name":"SILENT 8"}]},{"@type":"WebSite","@id":"https:\/\/gelidsolutions.com\/de\/#website","url":"https:\/\/gelidsolutions.com\/de\/","name":"Gelid Solutions","description":"","publisher":{"@id":"https:\/\/gelidsolutions.com\/de\/#organization"},"potentialAction":[{"@type":"SearchAction","target":{"@type":"EntryPoint","urlTemplate":"https:\/\/gelidsolutions.com\/de\/?s={search_term_string}"},"query-input":{"@type":"PropertyValueSpecification","valueRequired":true,"valueName":"search_term_string"}}],"inLanguage":"de"},{"@type":"Organization","@id":"https:\/\/gelidsolutions.com\/de\/#organization","name":"Gelid Solutions","url":"https:\/\/gelidsolutions.com\/de\/","logo":{"@type":"ImageObject","inLanguage":"de","@id":"https:\/\/gelidsolutions.com\/de\/#\/schema\/logo\/image\/","url":"https:\/\/gelidsolutions.com\/wp-content\/uploads\/2022\/06\/logo_white_104_104.gif","contentUrl":"https:\/\/gelidsolutions.com\/wp-content\/uploads\/2022\/06\/logo_white_104_104.gif","width":104,"height":104,"caption":"Gelid Solutions"},"image":{"@id":"https:\/\/gelidsolutions.com\/de\/#\/schema\/logo\/image\/"}}]}},"_links":{"self":[{"href":"https:\/\/gelidsolutions.com\/de\/wp-json\/wp\/v2\/product\/113735","targetHints":{"allow":["GET"]}}],"collection":[{"href":"https:\/\/gelidsolutions.com\/de\/wp-json\/wp\/v2\/product"}],"about":[{"href":"https:\/\/gelidsolutions.com\/de\/wp-json\/wp\/v2\/types\/product"}],"replies":[{"embeddable":true,"href":"https:\/\/gelidsolutions.com\/de\/wp-json\/wp\/v2\/comments?post=113735"}],"wp:featuredmedia":[{"embeddable":true,"href":"https:\/\/gelidsolutions.com\/de\/wp-json\/wp\/v2\/media\/107316"}],"wp:attachment":[{"href":"https:\/\/gelidsolutions.com\/de\/wp-json\/wp\/v2\/media?parent=113735"}],"wp:term":[{"taxonomy":"product_cat","embeddable":true,"href":"https:\/\/gelidsolutions.com\/de\/wp-json\/wp\/v2\/product_cat?post=113735"},{"taxonomy":"product_tag","embeddable":true,"href":"https:\/\/gelidsolutions.com\/de\/wp-json\/wp\/v2\/product_tag?post=113735"}],"curies":[{"name":"wp","href":"https:\/\/api.w.org\/{rel}","templated":true}]}}