{"id":113738,"date":"2022-02-03T18:45:00","date_gmt":"2022-02-03T10:45:00","guid":{"rendered":"https:\/\/localhost\/gelidsolutions\/product\/case-fan-silent-14-pwm\/"},"modified":"2024-01-06T00:00:07","modified_gmt":"2024-01-05T16:00:07","slug":"leise-14-pwm-schwarz","status":"publish","type":"product","link":"https:\/\/gelidsolutions.com\/de\/produkt\/leise-14-pwm-schwarz\/","title":{"rendered":"SILENT 14 PWM SCHWARZ"},"content":{"rendered":"<div class=\"wpb-content-wrapper\"><section class=\"vc_row wpb_row vc_row-fluid\"><div class=\"wpb_column vc_column_container col-xs-mobile-fullwidth vc_col-sm-12\"><div class=\"vc_column-inner\"><div class=\"wpb_wrapper\"><div class=\"wpb_single_image    hongo-full-width-single-image\">\n\t\t\t<figure class=\"wpb_wrapper vc_figure\">\n\t\t\t\t<div class=\"vc_single_image-wrapper  \"><img loading=\"lazy\" decoding=\"async\" width=\"970\" height=\"300\" src=\"https:\/\/gelidsolutions.com\/wp-content\/uploads\/2023\/09\/Silent-14-PWM-DE-970X300-1.png\" class=\"vc_single_image-img attachment-full\" alt=\"\" title=\"Silent 14 PWM DE 970X300-1\" srcset=\"https:\/\/gelidsolutions.com\/wp-content\/uploads\/2023\/09\/Silent-14-PWM-DE-970X300-1.png 970w, https:\/\/gelidsolutions.com\/wp-content\/uploads\/2023\/09\/Silent-14-PWM-DE-970X300-1-300x93.png 300w, https:\/\/gelidsolutions.com\/wp-content\/uploads\/2023\/09\/Silent-14-PWM-DE-970X300-1-768x238.png 768w, https:\/\/gelidsolutions.com\/wp-content\/uploads\/2023\/09\/Silent-14-PWM-DE-970X300-1-84x26.png 84w, https:\/\/gelidsolutions.com\/wp-content\/uploads\/2023\/09\/Silent-14-PWM-DE-970X300-1-200x62.png 200w, https:\/\/gelidsolutions.com\/wp-content\/uploads\/2023\/09\/Silent-14-PWM-DE-970X300-1-450x139.png 450w, https:\/\/gelidsolutions.com\/wp-content\/uploads\/2023\/09\/Silent-14-PWM-DE-970X300-1-360x111.png 360w, https:\/\/gelidsolutions.com\/wp-content\/uploads\/2023\/09\/Silent-14-PWM-DE-970X300-1-800x247.png 800w\" sizes=\"auto, (max-width: 970px) 100vw, 970px\" \/><\/div>\n\t\t\t<\/figure>\n\t\t\t\n\t\t<\/div><div class=\"wpb_single_image    hongo-full-width-single-image\">\n\t\t\t<figure class=\"wpb_wrapper vc_figure\">\n\t\t\t\t<div class=\"vc_single_image-wrapper  \"><img loading=\"lazy\" decoding=\"async\" width=\"970\" height=\"300\" src=\"https:\/\/gelidsolutions.com\/wp-content\/uploads\/2023\/09\/Silent-14-PWM-DE-970X300-2.png\" class=\"vc_single_image-img attachment-full\" alt=\"\" title=\"Silent 14 PWM DE 970X300-2\" srcset=\"https:\/\/gelidsolutions.com\/wp-content\/uploads\/2023\/09\/Silent-14-PWM-DE-970X300-2.png 970w, https:\/\/gelidsolutions.com\/wp-content\/uploads\/2023\/09\/Silent-14-PWM-DE-970X300-2-300x93.png 300w, https:\/\/gelidsolutions.com\/wp-content\/uploads\/2023\/09\/Silent-14-PWM-DE-970X300-2-768x238.png 768w, https:\/\/gelidsolutions.com\/wp-content\/uploads\/2023\/09\/Silent-14-PWM-DE-970X300-2-84x26.png 84w, https:\/\/gelidsolutions.com\/wp-content\/uploads\/2023\/09\/Silent-14-PWM-DE-970X300-2-200x62.png 200w, https:\/\/gelidsolutions.com\/wp-content\/uploads\/2023\/09\/Silent-14-PWM-DE-970X300-2-450x139.png 450w, https:\/\/gelidsolutions.com\/wp-content\/uploads\/2023\/09\/Silent-14-PWM-DE-970X300-2-360x111.png 360w, https:\/\/gelidsolutions.com\/wp-content\/uploads\/2023\/09\/Silent-14-PWM-DE-970X300-2-800x247.png 800w\" sizes=\"auto, (max-width: 970px) 100vw, 970px\" \/><\/div>\n\t\t\t<\/figure>\n\t\t\t\n\t\t<\/div><div class=\"wpb_single_image    hongo-full-width-single-image\">\n\t\t\t<figure class=\"wpb_wrapper vc_figure\">\n\t\t\t\t<div class=\"vc_single_image-wrapper  \"><img loading=\"lazy\" decoding=\"async\" width=\"970\" height=\"300\" src=\"https:\/\/gelidsolutions.com\/wp-content\/uploads\/2023\/09\/Silent-14-PWM-DE-970X300-3.png\" class=\"vc_single_image-img attachment-full\" alt=\"\" title=\"Silent 14 PWM DE 970X300-3\" srcset=\"https:\/\/gelidsolutions.com\/wp-content\/uploads\/2023\/09\/Silent-14-PWM-DE-970X300-3.png 970w, https:\/\/gelidsolutions.com\/wp-content\/uploads\/2023\/09\/Silent-14-PWM-DE-970X300-3-300x93.png 300w, https:\/\/gelidsolutions.com\/wp-content\/uploads\/2023\/09\/Silent-14-PWM-DE-970X300-3-768x238.png 768w, https:\/\/gelidsolutions.com\/wp-content\/uploads\/2023\/09\/Silent-14-PWM-DE-970X300-3-84x26.png 84w, https:\/\/gelidsolutions.com\/wp-content\/uploads\/2023\/09\/Silent-14-PWM-DE-970X300-3-200x62.png 200w, https:\/\/gelidsolutions.com\/wp-content\/uploads\/2023\/09\/Silent-14-PWM-DE-970X300-3-450x139.png 450w, https:\/\/gelidsolutions.com\/wp-content\/uploads\/2023\/09\/Silent-14-PWM-DE-970X300-3-360x111.png 360w, https:\/\/gelidsolutions.com\/wp-content\/uploads\/2023\/09\/Silent-14-PWM-DE-970X300-3-800x247.png 800w\" sizes=\"auto, (max-width: 970px) 100vw, 970px\" \/><\/div>\n\t\t\t<\/figure>\n\t\t\t\n\t\t<\/div><div class=\"wpb_single_image    hongo-full-width-single-image\">\n\t\t\t<figure class=\"wpb_wrapper vc_figure\">\n\t\t\t\t<div class=\"vc_single_image-wrapper  \"><img loading=\"lazy\" decoding=\"async\" width=\"970\" height=\"300\" src=\"https:\/\/gelidsolutions.com\/wp-content\/uploads\/2023\/09\/Silent-14-PWM-DE-970X300-4.png\" class=\"vc_single_image-img attachment-full\" alt=\"\" title=\"Silent 14 PWM DE 970X300-4\" srcset=\"https:\/\/gelidsolutions.com\/wp-content\/uploads\/2023\/09\/Silent-14-PWM-DE-970X300-4.png 970w, https:\/\/gelidsolutions.com\/wp-content\/uploads\/2023\/09\/Silent-14-PWM-DE-970X300-4-300x93.png 300w, https:\/\/gelidsolutions.com\/wp-content\/uploads\/2023\/09\/Silent-14-PWM-DE-970X300-4-768x238.png 768w, https:\/\/gelidsolutions.com\/wp-content\/uploads\/2023\/09\/Silent-14-PWM-DE-970X300-4-84x26.png 84w, https:\/\/gelidsolutions.com\/wp-content\/uploads\/2023\/09\/Silent-14-PWM-DE-970X300-4-200x62.png 200w, https:\/\/gelidsolutions.com\/wp-content\/uploads\/2023\/09\/Silent-14-PWM-DE-970X300-4-450x139.png 450w, https:\/\/gelidsolutions.com\/wp-content\/uploads\/2023\/09\/Silent-14-PWM-DE-970X300-4-360x111.png 360w, https:\/\/gelidsolutions.com\/wp-content\/uploads\/2023\/09\/Silent-14-PWM-DE-970X300-4-800x247.png 800w\" sizes=\"auto, (max-width: 970px) 100vw, 970px\" \/><\/div>\n\t\t\t<\/figure>\n\t\t\t\n\t\t<\/div><div class=\"wpb_single_image    hongo-full-width-single-image\">\n\t\t\t<figure class=\"wpb_wrapper vc_figure\">\n\t\t\t\t<div class=\"vc_single_image-wrapper  \"><img loading=\"lazy\" decoding=\"async\" width=\"970\" height=\"300\" src=\"https:\/\/gelidsolutions.com\/wp-content\/uploads\/2023\/09\/Silent-14-PWM-DE-970X300-5.png\" class=\"vc_single_image-img attachment-full\" alt=\"\" title=\"Silent 14 PWM DE 970X300-5\" srcset=\"https:\/\/gelidsolutions.com\/wp-content\/uploads\/2023\/09\/Silent-14-PWM-DE-970X300-5.png 970w, https:\/\/gelidsolutions.com\/wp-content\/uploads\/2023\/09\/Silent-14-PWM-DE-970X300-5-300x93.png 300w, https:\/\/gelidsolutions.com\/wp-content\/uploads\/2023\/09\/Silent-14-PWM-DE-970X300-5-768x238.png 768w, https:\/\/gelidsolutions.com\/wp-content\/uploads\/2023\/09\/Silent-14-PWM-DE-970X300-5-84x26.png 84w, https:\/\/gelidsolutions.com\/wp-content\/uploads\/2023\/09\/Silent-14-PWM-DE-970X300-5-200x62.png 200w, https:\/\/gelidsolutions.com\/wp-content\/uploads\/2023\/09\/Silent-14-PWM-DE-970X300-5-450x139.png 450w, https:\/\/gelidsolutions.com\/wp-content\/uploads\/2023\/09\/Silent-14-PWM-DE-970X300-5-360x111.png 360w, https:\/\/gelidsolutions.com\/wp-content\/uploads\/2023\/09\/Silent-14-PWM-DE-970X300-5-800x247.png 800w\" sizes=\"auto, (max-width: 970px) 100vw, 970px\" \/><\/div>\n\t\t\t<\/figure>\n\t\t\t\n\t\t<\/div><div class=\"wpb_single_image    hongo-full-width-single-image\">\n\t\t\t<figure class=\"wpb_wrapper vc_figure\">\n\t\t\t\t<div class=\"vc_single_image-wrapper  \"><img loading=\"lazy\" decoding=\"async\" width=\"970\" height=\"300\" src=\"https:\/\/gelidsolutions.com\/wp-content\/uploads\/2023\/09\/Silent-14-PWM-DE-970X300-06.png\" class=\"vc_single_image-img attachment-full\" alt=\"\" title=\"Silent 14 PWM DE 970X300-06\" srcset=\"https:\/\/gelidsolutions.com\/wp-content\/uploads\/2023\/09\/Silent-14-PWM-DE-970X300-06.png 970w, https:\/\/gelidsolutions.com\/wp-content\/uploads\/2023\/09\/Silent-14-PWM-DE-970X300-06-300x93.png 300w, https:\/\/gelidsolutions.com\/wp-content\/uploads\/2023\/09\/Silent-14-PWM-DE-970X300-06-768x238.png 768w, https:\/\/gelidsolutions.com\/wp-content\/uploads\/2023\/09\/Silent-14-PWM-DE-970X300-06-84x26.png 84w, https:\/\/gelidsolutions.com\/wp-content\/uploads\/2023\/09\/Silent-14-PWM-DE-970X300-06-200x62.png 200w, https:\/\/gelidsolutions.com\/wp-content\/uploads\/2023\/09\/Silent-14-PWM-DE-970X300-06-450x139.png 450w, https:\/\/gelidsolutions.com\/wp-content\/uploads\/2023\/09\/Silent-14-PWM-DE-970X300-06-360x111.png 360w, https:\/\/gelidsolutions.com\/wp-content\/uploads\/2023\/09\/Silent-14-PWM-DE-970X300-06-800x247.png 800w\" sizes=\"auto, (max-width: 970px) 100vw, 970px\" \/><\/div>\n\t\t\t<\/figure>\n\t\t\t\n\t\t<\/div><div class=\"wpb_single_image    hongo-full-width-single-image\">\n\t\t\t<figure class=\"wpb_wrapper vc_figure\">\n\t\t\t\t<div class=\"vc_single_image-wrapper  \"><img loading=\"lazy\" decoding=\"async\" width=\"970\" height=\"300\" src=\"https:\/\/gelidsolutions.com\/wp-content\/uploads\/2023\/09\/Silent-14-PWM-DE-970X300-07.png\" class=\"vc_single_image-img attachment-full\" alt=\"\" title=\"Silent 14 PWM DE 970X300-07\" srcset=\"https:\/\/gelidsolutions.com\/wp-content\/uploads\/2023\/09\/Silent-14-PWM-DE-970X300-07.png 970w, https:\/\/gelidsolutions.com\/wp-content\/uploads\/2023\/09\/Silent-14-PWM-DE-970X300-07-300x93.png 300w, https:\/\/gelidsolutions.com\/wp-content\/uploads\/2023\/09\/Silent-14-PWM-DE-970X300-07-768x238.png 768w, https:\/\/gelidsolutions.com\/wp-content\/uploads\/2023\/09\/Silent-14-PWM-DE-970X300-07-84x26.png 84w, https:\/\/gelidsolutions.com\/wp-content\/uploads\/2023\/09\/Silent-14-PWM-DE-970X300-07-200x62.png 200w, https:\/\/gelidsolutions.com\/wp-content\/uploads\/2023\/09\/Silent-14-PWM-DE-970X300-07-450x139.png 450w, https:\/\/gelidsolutions.com\/wp-content\/uploads\/2023\/09\/Silent-14-PWM-DE-970X300-07-360x111.png 360w, https:\/\/gelidsolutions.com\/wp-content\/uploads\/2023\/09\/Silent-14-PWM-DE-970X300-07-800x247.png 800w\" sizes=\"auto, (max-width: 970px) 100vw, 970px\" \/><\/div>\n\t\t\t<\/figure>\n\t\t\t\n\t\t<\/div><div class=\"vc_empty_space\"   style=\"height: 20px\"><span class=\"vc_empty_space_inner\"><\/span><\/div><div class=\"text-block-content hongo-text-block-1 last-paragraph-no-margin\"><p><i><b>Silent 14 PWM Schwarz <\/b>(FN-PX14-16) <\/i><br \/>\n<i>140-mm-Silent-Geh\u00e4usel\u00fcfter mit intelligenter PWM-Steuerung<\/i><\/p>\n<p>&nbsp;<\/p>\n<p>Der Silent 14 PWM wurde f\u00fcr Silent-Enthusiasten entwickelt und verf\u00fcgt \u00fcber ein neu entwickeltes Laufrad mit hohem Luftstrom, ein fortschrittliches hydrodynamisches Lager und einen ger\u00e4uschlosen Motortreiber-IC. Der L\u00fcfter ist mit der intelligenten PWM-Steuerungstechnologie (Pulse Width Modulation) ausgestattet, die die L\u00fcfterdrehzahl automatisch an die CPU-Last anpasst, so dass er im Leerlauf betrieben werden kann und somit viel leiser ist. Silent 12 PWM ist au\u00dferdem mit weichen Gummipads ausgestattet, die Vibrationen und Ger\u00e4usche reduzieren und den L\u00fcfter in Ihrem PC unh\u00f6rbar machen.<\/p>\n<p>&nbsp;<\/p>\n<p><i><b>Wie funktioniert die PWM?<\/b><\/i><\/p>\n<p>Die Pulsweitenmodulation (PWM) liefert ein digitales Signal. Die Vorteile der Verwendung eines digitalen PWM-Signals im Vergleich zu einem analogen Regler sind:<\/p>\n<p>&#8211; Die PWM-Steuerung berechnet die angemessene K\u00fchlleistung je nach CPU- und Systemtemperatur &#8211; die PWM-Steuerung Ihres Mainboards wird immer auf die richtige K\u00fchlung eingestellt<br \/>\n&#8211; PWM-Steuerung arbeitet ohne W\u00e4rmeentwicklung<\/p>\n<p>&nbsp;<\/p>\n<p><i><b>Die intelligente GELID-PWM-Kurve<\/b><\/i><\/p>\n<p><img loading=\"lazy\" decoding=\"async\" src=\"https:\/\/gelidsolutions.com\/clients\/gelid\/userfiles\/image\/pwm_curves_set_480_250(2).gif\" alt=\"\" width=\"480\" height=\"250\" border=\"0\" \/><\/p>\n<p>Die intelligente GELID-PWM-Kurve ist effizienter als die traditionelle rote Kurve anderer PWM-L\u00fcfter<\/p>\n<p>&nbsp;<\/p>\n<p>EAN: 4897025783164<\/p>\n<\/div><\/div><\/div><\/div><\/section>\n<\/div>","protected":false},"excerpt":{"rendered":"<ul>\n<li>Impulsbreitenmodulation (PWM)<\/li>\n<li>Leiser Betrieb mit Gummil\u00fcfterhalterungen<\/li>\n<li>Optimierte L\u00fcfterbl\u00e4tter<\/li>\n<li>Hoher Luftstrom und hoher statischer Druck<\/li>\n<li>Lange Lebensdauer (50&#8217;000 h MTTF bei 40\u00b0C)<\/li>\n<\/ul>\n","protected":false},"featured_media":130807,"comment_status":"closed","ping_status":"closed","template":"","meta":{"_acf_changed":false},"product_cat":[305,306,550,309],"product_tag":[],"class_list":{"0":"post-113738","1":"product","2":"type-product","3":"status-publish","4":"has-post-thumbnail","6":"product_cat-kuehlloesungen","7":"product_cat-luefter","8":"product_cat-silent-case-fan-case-fan-thermal-solutions-de","9":"product_cat-silent-luefter","11":"first","12":"instock","13":"taxable","14":"shipping-taxable","15":"purchasable","16":"product-type-simple"},"supplier_id":null,"supplier_sku":"FN-PX14-16","barcode":"4897025783164","atum_controlled":true,"out_stock_date":null,"out_stock_threshold":null,"inheritable":false,"inbound_stock":null,"stock_on_hold":0,"sold_today":0,"sales_last_days":0,"reserved_stock":null,"customer_returns":null,"warehouse_damage":null,"lost_in_post":null,"other_logs":null,"out_stock_days":0,"lost_sales":0,"has_location":false,"update_date":"2026-04-29T01:10:52","atum_locations":[],"atum_stock_status":"instock","restock_status":false,"low_stock_amount":"","sales_update_date":"2026-04-29T01:10:52","calc_backorders":null,"acf":[],"yoast_head":"<!-- This site is optimized with the Yoast SEO plugin v27.5 - https:\/\/yoast.com\/product\/yoast-seo-wordpress\/ -->\n<title>SILENT 14 PWM SCHWARZ - Gelid Solutions<\/title>\n<meta name=\"robots\" content=\"index, follow, max-snippet:-1, max-image-preview:large, max-video-preview:-1\" \/>\n<link rel=\"canonical\" href=\"https:\/\/gelidsolutions.com\/de\/produkt\/leise-14-pwm-schwarz\/\" \/>\n<meta property=\"og:locale\" content=\"de_DE\" \/>\n<meta property=\"og:type\" content=\"article\" \/>\n<meta property=\"og:title\" content=\"SILENT 14 PWM SCHWARZ - Gelid Solutions\" \/>\n<meta property=\"og:description\" content=\"Impulsbreitenmodulation (PWM)  Leiser Betrieb mit Gummil\u00fcfterhalterungen  Optimierte L\u00fcfterbl\u00e4tter  Hoher Luftstrom und hoher statischer Druck  Lange Lebensdauer (50&#039;000 h MTTF bei 40\u00b0C)\" \/>\n<meta property=\"og:url\" content=\"https:\/\/gelidsolutions.com\/de\/produkt\/leise-14-pwm-schwarz\/\" \/>\n<meta property=\"og:site_name\" content=\"Gelid Solutions\" \/>\n<meta property=\"article:modified_time\" content=\"2024-01-05T16:00:07+00:00\" \/>\n<meta property=\"og:image\" content=\"https:\/\/gelidsolutions.com\/wp-content\/uploads\/2022\/02\/Slient-14-PWM-02-1.png\" \/>\n\t<meta property=\"og:image:width\" content=\"800\" \/>\n\t<meta property=\"og:image:height\" content=\"800\" \/>\n\t<meta property=\"og:image:type\" content=\"image\/png\" \/>\n<meta name=\"twitter:card\" content=\"summary_large_image\" \/>\n<meta name=\"twitter:label1\" content=\"Gesch\u00e4tzte Lesezeit\" \/>\n\t<meta name=\"twitter:data1\" content=\"1\u00a0Minute\" \/>\n<script type=\"application\/ld+json\" class=\"yoast-schema-graph\">{\"@context\":\"https:\\\/\\\/schema.org\",\"@graph\":[{\"@type\":\"WebPage\",\"@id\":\"https:\\\/\\\/gelidsolutions.com\\\/de\\\/produkt\\\/leise-14-pwm-schwarz\\\/\",\"url\":\"https:\\\/\\\/gelidsolutions.com\\\/de\\\/produkt\\\/leise-14-pwm-schwarz\\\/\",\"name\":\"SILENT 14 PWM SCHWARZ - Gelid Solutions\",\"isPartOf\":{\"@id\":\"https:\\\/\\\/gelidsolutions.com\\\/de\\\/#website\"},\"primaryImageOfPage\":{\"@id\":\"https:\\\/\\\/gelidsolutions.com\\\/de\\\/produkt\\\/leise-14-pwm-schwarz\\\/#primaryimage\"},\"image\":{\"@id\":\"https:\\\/\\\/gelidsolutions.com\\\/de\\\/produkt\\\/leise-14-pwm-schwarz\\\/#primaryimage\"},\"thumbnailUrl\":\"https:\\\/\\\/gelidsolutions.com\\\/wp-content\\\/uploads\\\/2022\\\/02\\\/Slient-14-PWM-02-1.png\",\"datePublished\":\"2022-02-03T10:45:00+00:00\",\"dateModified\":\"2024-01-05T16:00:07+00:00\",\"breadcrumb\":{\"@id\":\"https:\\\/\\\/gelidsolutions.com\\\/de\\\/produkt\\\/leise-14-pwm-schwarz\\\/#breadcrumb\"},\"inLanguage\":\"de\",\"potentialAction\":[{\"@type\":\"ReadAction\",\"target\":[\"https:\\\/\\\/gelidsolutions.com\\\/de\\\/produkt\\\/leise-14-pwm-schwarz\\\/\"]}]},{\"@type\":\"ImageObject\",\"inLanguage\":\"de\",\"@id\":\"https:\\\/\\\/gelidsolutions.com\\\/de\\\/produkt\\\/leise-14-pwm-schwarz\\\/#primaryimage\",\"url\":\"https:\\\/\\\/gelidsolutions.com\\\/wp-content\\\/uploads\\\/2022\\\/02\\\/Slient-14-PWM-02-1.png\",\"contentUrl\":\"https:\\\/\\\/gelidsolutions.com\\\/wp-content\\\/uploads\\\/2022\\\/02\\\/Slient-14-PWM-02-1.png\",\"width\":800,\"height\":800},{\"@type\":\"BreadcrumbList\",\"@id\":\"https:\\\/\\\/gelidsolutions.com\\\/de\\\/produkt\\\/leise-14-pwm-schwarz\\\/#breadcrumb\",\"itemListElement\":[{\"@type\":\"ListItem\",\"position\":1,\"name\":\"Home\",\"item\":\"https:\\\/\\\/gelidsolutions.com\\\/de\\\/\"},{\"@type\":\"ListItem\",\"position\":2,\"name\":\"Shop\",\"item\":\"https:\\\/\\\/gelidsolutions.com\\\/shop\\\/\"},{\"@type\":\"ListItem\",\"position\":3,\"name\":\"SILENT 14 PWM SCHWARZ\"}]},{\"@type\":\"WebSite\",\"@id\":\"https:\\\/\\\/gelidsolutions.com\\\/de\\\/#website\",\"url\":\"https:\\\/\\\/gelidsolutions.com\\\/de\\\/\",\"name\":\"Gelid Solutions\",\"description\":\"\",\"publisher\":{\"@id\":\"https:\\\/\\\/gelidsolutions.com\\\/de\\\/#organization\"},\"potentialAction\":[{\"@type\":\"SearchAction\",\"target\":{\"@type\":\"EntryPoint\",\"urlTemplate\":\"https:\\\/\\\/gelidsolutions.com\\\/de\\\/?s={search_term_string}\"},\"query-input\":{\"@type\":\"PropertyValueSpecification\",\"valueRequired\":true,\"valueName\":\"search_term_string\"}}],\"inLanguage\":\"de\"},{\"@type\":\"Organization\",\"@id\":\"https:\\\/\\\/gelidsolutions.com\\\/de\\\/#organization\",\"name\":\"Gelid Solutions\",\"url\":\"https:\\\/\\\/gelidsolutions.com\\\/de\\\/\",\"logo\":{\"@type\":\"ImageObject\",\"inLanguage\":\"de\",\"@id\":\"https:\\\/\\\/gelidsolutions.com\\\/de\\\/#\\\/schema\\\/logo\\\/image\\\/\",\"url\":\"https:\\\/\\\/gelidsolutions.com\\\/wp-content\\\/uploads\\\/2022\\\/06\\\/logo_white_104_104.gif\",\"contentUrl\":\"https:\\\/\\\/gelidsolutions.com\\\/wp-content\\\/uploads\\\/2022\\\/06\\\/logo_white_104_104.gif\",\"width\":104,\"height\":104,\"caption\":\"Gelid Solutions\"},\"image\":{\"@id\":\"https:\\\/\\\/gelidsolutions.com\\\/de\\\/#\\\/schema\\\/logo\\\/image\\\/\"}}]}<\/script>\n<!-- \/ Yoast SEO plugin. -->","yoast_head_json":{"title":"SILENT 14 PWM SCHWARZ - Gelid Solutions","robots":{"index":"index","follow":"follow","max-snippet":"max-snippet:-1","max-image-preview":"max-image-preview:large","max-video-preview":"max-video-preview:-1"},"canonical":"https:\/\/gelidsolutions.com\/de\/produkt\/leise-14-pwm-schwarz\/","og_locale":"de_DE","og_type":"article","og_title":"SILENT 14 PWM SCHWARZ - Gelid Solutions","og_description":"Impulsbreitenmodulation (PWM)  Leiser Betrieb mit Gummil\u00fcfterhalterungen  Optimierte L\u00fcfterbl\u00e4tter  Hoher Luftstrom und hoher statischer Druck  Lange Lebensdauer (50'000 h MTTF bei 40\u00b0C)","og_url":"https:\/\/gelidsolutions.com\/de\/produkt\/leise-14-pwm-schwarz\/","og_site_name":"Gelid Solutions","article_modified_time":"2024-01-05T16:00:07+00:00","og_image":[{"width":800,"height":800,"url":"https:\/\/gelidsolutions.com\/wp-content\/uploads\/2022\/02\/Slient-14-PWM-02-1.png","type":"image\/png"}],"twitter_card":"summary_large_image","twitter_misc":{"Gesch\u00e4tzte Lesezeit":"1\u00a0Minute"},"schema":{"@context":"https:\/\/schema.org","@graph":[{"@type":"WebPage","@id":"https:\/\/gelidsolutions.com\/de\/produkt\/leise-14-pwm-schwarz\/","url":"https:\/\/gelidsolutions.com\/de\/produkt\/leise-14-pwm-schwarz\/","name":"SILENT 14 PWM SCHWARZ - Gelid Solutions","isPartOf":{"@id":"https:\/\/gelidsolutions.com\/de\/#website"},"primaryImageOfPage":{"@id":"https:\/\/gelidsolutions.com\/de\/produkt\/leise-14-pwm-schwarz\/#primaryimage"},"image":{"@id":"https:\/\/gelidsolutions.com\/de\/produkt\/leise-14-pwm-schwarz\/#primaryimage"},"thumbnailUrl":"https:\/\/gelidsolutions.com\/wp-content\/uploads\/2022\/02\/Slient-14-PWM-02-1.png","datePublished":"2022-02-03T10:45:00+00:00","dateModified":"2024-01-05T16:00:07+00:00","breadcrumb":{"@id":"https:\/\/gelidsolutions.com\/de\/produkt\/leise-14-pwm-schwarz\/#breadcrumb"},"inLanguage":"de","potentialAction":[{"@type":"ReadAction","target":["https:\/\/gelidsolutions.com\/de\/produkt\/leise-14-pwm-schwarz\/"]}]},{"@type":"ImageObject","inLanguage":"de","@id":"https:\/\/gelidsolutions.com\/de\/produkt\/leise-14-pwm-schwarz\/#primaryimage","url":"https:\/\/gelidsolutions.com\/wp-content\/uploads\/2022\/02\/Slient-14-PWM-02-1.png","contentUrl":"https:\/\/gelidsolutions.com\/wp-content\/uploads\/2022\/02\/Slient-14-PWM-02-1.png","width":800,"height":800},{"@type":"BreadcrumbList","@id":"https:\/\/gelidsolutions.com\/de\/produkt\/leise-14-pwm-schwarz\/#breadcrumb","itemListElement":[{"@type":"ListItem","position":1,"name":"Home","item":"https:\/\/gelidsolutions.com\/de\/"},{"@type":"ListItem","position":2,"name":"Shop","item":"https:\/\/gelidsolutions.com\/shop\/"},{"@type":"ListItem","position":3,"name":"SILENT 14 PWM SCHWARZ"}]},{"@type":"WebSite","@id":"https:\/\/gelidsolutions.com\/de\/#website","url":"https:\/\/gelidsolutions.com\/de\/","name":"Gelid Solutions","description":"","publisher":{"@id":"https:\/\/gelidsolutions.com\/de\/#organization"},"potentialAction":[{"@type":"SearchAction","target":{"@type":"EntryPoint","urlTemplate":"https:\/\/gelidsolutions.com\/de\/?s={search_term_string}"},"query-input":{"@type":"PropertyValueSpecification","valueRequired":true,"valueName":"search_term_string"}}],"inLanguage":"de"},{"@type":"Organization","@id":"https:\/\/gelidsolutions.com\/de\/#organization","name":"Gelid Solutions","url":"https:\/\/gelidsolutions.com\/de\/","logo":{"@type":"ImageObject","inLanguage":"de","@id":"https:\/\/gelidsolutions.com\/de\/#\/schema\/logo\/image\/","url":"https:\/\/gelidsolutions.com\/wp-content\/uploads\/2022\/06\/logo_white_104_104.gif","contentUrl":"https:\/\/gelidsolutions.com\/wp-content\/uploads\/2022\/06\/logo_white_104_104.gif","width":104,"height":104,"caption":"Gelid Solutions"},"image":{"@id":"https:\/\/gelidsolutions.com\/de\/#\/schema\/logo\/image\/"}}]}},"_links":{"self":[{"href":"https:\/\/gelidsolutions.com\/de\/wp-json\/wp\/v2\/product\/113738","targetHints":{"allow":["GET"]}}],"collection":[{"href":"https:\/\/gelidsolutions.com\/de\/wp-json\/wp\/v2\/product"}],"about":[{"href":"https:\/\/gelidsolutions.com\/de\/wp-json\/wp\/v2\/types\/product"}],"replies":[{"embeddable":true,"href":"https:\/\/gelidsolutions.com\/de\/wp-json\/wp\/v2\/comments?post=113738"}],"wp:featuredmedia":[{"embeddable":true,"href":"https:\/\/gelidsolutions.com\/de\/wp-json\/wp\/v2\/media\/130807"}],"wp:attachment":[{"href":"https:\/\/gelidsolutions.com\/de\/wp-json\/wp\/v2\/media?parent=113738"}],"wp:term":[{"taxonomy":"product_cat","embeddable":true,"href":"https:\/\/gelidsolutions.com\/de\/wp-json\/wp\/v2\/product_cat?post=113738"},{"taxonomy":"product_tag","embeddable":true,"href":"https:\/\/gelidsolutions.com\/de\/wp-json\/wp\/v2\/product_tag?post=113738"}],"curies":[{"name":"wp","href":"https:\/\/api.w.org\/{rel}","templated":true}]}}