{"id":113742,"date":"2016-08-03T06:38:00","date_gmt":"2016-08-02T22:38:00","guid":{"rendered":"https:\/\/localhost\/gelidsolutions\/product\/wing-8-uv-blue\/"},"modified":"2022-10-26T02:02:03","modified_gmt":"2022-10-25T18:02:03","slug":"wing-8-uv-blau","status":"publish","type":"product","link":"https:\/\/gelidsolutions.com\/de\/produkt\/wing-8-uv-blau\/","title":{"rendered":"WING 8 UV-BLUE"},"content":{"rendered":"<p><i><b>WING 8 UV Blue<\/b>(FN-FW08-20-B) <\/i><br \/>\n<i>80mm Gamer-L\u00fcfter<\/i><\/p>\n<p>&nbsp;<\/p>\n<p>Die WING UV Blue Geh\u00e4usel\u00fcfter sind hochwertige, UV-reaktive, extrem leise, staub- und wasserdichte L\u00fcfter f\u00fcr Gaming-Enthusiasten, die sich durch ein einzigartiges Lager mit patentiertem Design, Winglet-L\u00fcfterbl\u00e4tter und eine niedrige Anlaufspannung auszeichnen. F\u00fcr die Herstellung dieses hochmodernen L\u00fcfters wurden nur die hochwertigsten Materialien verwendet. Steuern Sie die Drehzahl des L\u00fcfters mit dem mitgelieferten Spannungsregler nach Ihren W\u00fcnschen. Um die Ger\u00e4uschlosigkeit zu erh\u00f6hen, ersetzen die L\u00fcfterhalterungen herk\u00f6mmliche Schrauben und sind aus hochwertigem, ultraweichem Silikon gefertigt, das die Vibrationen des L\u00fcftermotors von Ihrem PC-Geh\u00e4use fernh\u00e4lt.<\/p>\n<p><i><b>Nanoflux-Lager (NFB)<\/b><\/i><br \/>\nDas patentierte Nanoflux-Lager verf\u00fcgt \u00fcber ein ausgekl\u00fcgeltes magnetisches Design, eine hochpr\u00e4zise Fertigung und l\u00e4uft reibungsfrei und ger\u00e4uschlos. Elektromagnetische Felder werden genutzt, um zu verhindern, dass sich feste Teile ber\u00fchren. Die Last wird von einem Magnetfeld getragen.<\/p>\n<p><i><b>a) Hauptmerkmale des Nanoflux-Lagers (NFB)<\/b><\/i><br \/>\nDer Nano-Technologie-Verbundwerkstoff gew\u00e4hrleistet geringsten Abrieb und extreme Haltbarkeit (MTTF 100&#8217;000 Stunden). Im Vergleich zu anderen Magnetlagern kann bei dieser Technologie das Laufrad abgenommen werden, so dass die Ventilatorfl\u00fcgel leicht gereinigt werden k\u00f6nnen.<\/p>\n<p><img loading=\"lazy\" decoding=\"async\" src=\"https:\/\/gelidsolutions.com\/clients\/gelid\/userfiles\/image\/gamer-bearing_set_280_200.gif\" alt=\"\" width=\"280\" height=\"200\" border=\"0\" \/><\/p>\n<p>Das Material des Nanoflux-Lagers ist selbstschmierend und sogar wasserdicht<\/p>\n<p><img loading=\"lazy\" decoding=\"async\" src=\"https:\/\/gelidsolutions.com\/clients\/gelid\/userfiles\/image\/IMG_4089_set_200_138.gif\" alt=\"\" width=\"200\" height=\"138\" border=\"0\" \/> <img loading=\"lazy\" decoding=\"async\" src=\"https:\/\/gelidsolutions.com\/clients\/gelid\/userfiles\/image\/IMG_4084_set_200_138.gif\" alt=\"\" width=\"200\" height=\"138\" border=\"0\" \/><\/p>\n<p>Das L\u00fcfterrad kann mit leichtem Druck aus dem schwarzen L\u00fcftergeh\u00e4use entfernt werden.<\/p>\n<p><i><b>b) Nanoflux-Lager (NFB) im Vergleich zu Gleit- und Kugellagern<\/b><\/i><br \/>\nAuch wenn konventionelle Gleit- und Kugellager derzeit den Ventilatormarkt dominieren, haben beide ihre Nachteile. Gleitlager sind zwar sehr ger\u00e4uscharm und kosteng\u00fcnstig, aber sie neigen zu \u00d6lleckagen; wenn das \u00d6l abgeflossen ist, kann der Ventilator nicht mehr arbeiten. Kugellager hingegen bieten zwar eine l\u00e4ngere Lebensdauer, sind aber teurer, lauter und anf\u00e4lliger f\u00fcr Sch\u00e4den.<\/p>\n<p>Das Nanoflux-Lager von GELID nutzt den magnetischen Fluss, um den Kontakt und die Reibung zwischen dem Lager und der Welle zu begrenzen. Hochpr\u00e4zises, selbstschmierendes Material verhindert das Auslaufen von \u00d6l. Das Ergebnis ist ein extrem leises Lager mit langer Lebensdauer.<br \/>\n<i><strong>L\u00fcfter-Drehzahlregelung <\/strong><\/i><strong><br \/>\n<\/strong>Die Drehzahl eines jeden L\u00fcfters kann mit diesem Spannungsregler je nach Wunsch manuell von voller auf niedrige Drehzahl geregelt werden. Dieses Produkt ist f\u00fcr alle L\u00fcfter mit hohen Drehzahlen geeignet und regelt zwischen 5 und 12 V.<\/p>\n<p><i><b>Gummil\u00fcfterhalterungen<\/b><\/i><br \/>\nDie Vibrationen von L\u00fcftermotoren k\u00f6nnen in ein PC-Geh\u00e4use eindringen und sich verst\u00e4rken, wenn ein L\u00fcfter fest eingebaut ist. Dieses &#8222;vibrierende&#8220; Ger\u00e4usch ist st\u00f6rend, wenn Sie einen sehr leisen oder nahezu ger\u00e4uschlosen PC bauen m\u00f6chten.<\/p>\n<p>Diese Gummihalterungen wurden speziell f\u00fcr l\u00fcfterbedingte Vibrationen entwickelt und sind eine ideale Alternative zu herk\u00f6mmlichen L\u00fcfterschrauben, da sie die Vibrationen zu 100% von Ihrem PC-Geh\u00e4use entkoppeln.<\/p>\n<p><i>EAN: 4897025780613<\/i><\/p>\n<p>&nbsp;<\/p>\n","protected":false},"excerpt":{"rendered":"<ul>\n<li>  Nanoflux-Lager (NFB)<\/li>\n<li>  Optimierte Winglet-Fan-Bl\u00e4tter<\/li>\n<li>  Wasserdicht und staubdicht<\/li>\n<li>  Lange Lebensdauer (100&#8217;000 h MTTF bei 40\u00b0C)<\/li>\n<li>  Silikon-L\u00fcfterhalterungen<\/li>\n<li>  L\u00fcfter-Drehzahlregelung<\/li>\n<\/ul>\n","protected":false},"featured_media":120507,"comment_status":"closed","ping_status":"closed","template":"","meta":{"_acf_changed":false},"product_cat":[321],"product_tag":[],"class_list":{"0":"post-113742","1":"product","2":"type-product","3":"status-publish","4":"has-post-thumbnail","6":"product_cat-gamer-luefter-archiv","8":"first","9":"instock","10":"taxable","11":"shipping-taxable","12":"purchasable","13":"product-type-simple"},"supplier_id":null,"supplier_sku":"FN-FW08-20-B","barcode":"4897025780613","atum_controlled":true,"out_stock_date":"2022-07-12 14:18:00","out_stock_threshold":null,"inheritable":false,"inbound_stock":null,"stock_on_hold":0,"sold_today":0,"sales_last_days":0,"reserved_stock":null,"customer_returns":null,"warehouse_damage":null,"lost_in_post":null,"other_logs":null,"out_stock_days":1376,"lost_sales":0,"has_location":false,"update_date":"2026-04-19T00:11:49","atum_locations":[],"atum_stock_status":"instock","restock_status":false,"low_stock_amount":"","sales_update_date":"2026-04-19T00:11:49","calc_backorders":null,"acf":[],"yoast_head":"<!-- This site is optimized with the Yoast SEO plugin v27.4 - https:\/\/yoast.com\/product\/yoast-seo-wordpress\/ -->\n<title>WING 8 UV-BLUE - Gelid Solutions<\/title>\n<meta name=\"robots\" content=\"index, follow, max-snippet:-1, max-image-preview:large, max-video-preview:-1\" \/>\n<link rel=\"canonical\" href=\"https:\/\/gelidsolutions.com\/de\/produkt\/wing-8-uv-blau\/\" \/>\n<meta property=\"og:locale\" content=\"de_DE\" \/>\n<meta property=\"og:type\" content=\"article\" \/>\n<meta property=\"og:title\" content=\"WING 8 UV-BLUE - Gelid Solutions\" \/>\n<meta property=\"og:description\" content=\"Nanoflux-Lager (NFB)   Optimierte Winglet-Fan-Bl\u00e4tter   Wasserdicht und staubdicht   Lange Lebensdauer (100&#039;000 h MTTF bei 40\u00b0C)   Silikon-L\u00fcfterhalterungen   L\u00fcfter-Drehzahlregelung\" \/>\n<meta property=\"og:url\" content=\"https:\/\/gelidsolutions.com\/de\/produkt\/wing-8-uv-blau\/\" \/>\n<meta property=\"og:site_name\" content=\"Gelid Solutions\" \/>\n<meta property=\"article:modified_time\" content=\"2022-10-25T18:02:03+00:00\" \/>\n<meta property=\"og:image\" content=\"https:\/\/gelidsolutions.com\/wp-content\/uploads\/2016\/08\/case_fan_gamer_WING_8_UV_BLUE_1.png\" \/>\n\t<meta property=\"og:image:width\" content=\"1600\" \/>\n\t<meta property=\"og:image:height\" content=\"1200\" \/>\n\t<meta property=\"og:image:type\" content=\"image\/png\" \/>\n<meta name=\"twitter:card\" content=\"summary_large_image\" \/>\n<meta name=\"twitter:label1\" content=\"Gesch\u00e4tzte Lesezeit\" \/>\n\t<meta name=\"twitter:data1\" content=\"2\u00a0Minuten\" \/>\n<script type=\"application\/ld+json\" class=\"yoast-schema-graph\">{\"@context\":\"https:\\\/\\\/schema.org\",\"@graph\":[{\"@type\":\"WebPage\",\"@id\":\"https:\\\/\\\/gelidsolutions.com\\\/de\\\/produkt\\\/wing-8-uv-blau\\\/\",\"url\":\"https:\\\/\\\/gelidsolutions.com\\\/de\\\/produkt\\\/wing-8-uv-blau\\\/\",\"name\":\"WING 8 UV-BLUE - Gelid Solutions\",\"isPartOf\":{\"@id\":\"https:\\\/\\\/gelidsolutions.com\\\/de\\\/#website\"},\"primaryImageOfPage\":{\"@id\":\"https:\\\/\\\/gelidsolutions.com\\\/de\\\/produkt\\\/wing-8-uv-blau\\\/#primaryimage\"},\"image\":{\"@id\":\"https:\\\/\\\/gelidsolutions.com\\\/de\\\/produkt\\\/wing-8-uv-blau\\\/#primaryimage\"},\"thumbnailUrl\":\"https:\\\/\\\/gelidsolutions.com\\\/wp-content\\\/uploads\\\/2016\\\/08\\\/case_fan_gamer_WING_8_UV_BLUE_1.png\",\"datePublished\":\"2016-08-02T22:38:00+00:00\",\"dateModified\":\"2022-10-25T18:02:03+00:00\",\"breadcrumb\":{\"@id\":\"https:\\\/\\\/gelidsolutions.com\\\/de\\\/produkt\\\/wing-8-uv-blau\\\/#breadcrumb\"},\"inLanguage\":\"de\",\"potentialAction\":[{\"@type\":\"ReadAction\",\"target\":[\"https:\\\/\\\/gelidsolutions.com\\\/de\\\/produkt\\\/wing-8-uv-blau\\\/\"]}]},{\"@type\":\"ImageObject\",\"inLanguage\":\"de\",\"@id\":\"https:\\\/\\\/gelidsolutions.com\\\/de\\\/produkt\\\/wing-8-uv-blau\\\/#primaryimage\",\"url\":\"https:\\\/\\\/gelidsolutions.com\\\/wp-content\\\/uploads\\\/2016\\\/08\\\/case_fan_gamer_WING_8_UV_BLUE_1.png\",\"contentUrl\":\"https:\\\/\\\/gelidsolutions.com\\\/wp-content\\\/uploads\\\/2016\\\/08\\\/case_fan_gamer_WING_8_UV_BLUE_1.png\",\"width\":1600,\"height\":1200,\"caption\":\"Fl\u00fcgel 8 UV Blau\"},{\"@type\":\"BreadcrumbList\",\"@id\":\"https:\\\/\\\/gelidsolutions.com\\\/de\\\/produkt\\\/wing-8-uv-blau\\\/#breadcrumb\",\"itemListElement\":[{\"@type\":\"ListItem\",\"position\":1,\"name\":\"Home\",\"item\":\"https:\\\/\\\/gelidsolutions.com\\\/de\\\/\"},{\"@type\":\"ListItem\",\"position\":2,\"name\":\"Shop\",\"item\":\"https:\\\/\\\/gelidsolutions.com\\\/shop\\\/\"},{\"@type\":\"ListItem\",\"position\":3,\"name\":\"WING 8 UV-BLUE\"}]},{\"@type\":\"WebSite\",\"@id\":\"https:\\\/\\\/gelidsolutions.com\\\/de\\\/#website\",\"url\":\"https:\\\/\\\/gelidsolutions.com\\\/de\\\/\",\"name\":\"Gelid Solutions\",\"description\":\"\",\"publisher\":{\"@id\":\"https:\\\/\\\/gelidsolutions.com\\\/de\\\/#organization\"},\"potentialAction\":[{\"@type\":\"SearchAction\",\"target\":{\"@type\":\"EntryPoint\",\"urlTemplate\":\"https:\\\/\\\/gelidsolutions.com\\\/de\\\/?s={search_term_string}\"},\"query-input\":{\"@type\":\"PropertyValueSpecification\",\"valueRequired\":true,\"valueName\":\"search_term_string\"}}],\"inLanguage\":\"de\"},{\"@type\":\"Organization\",\"@id\":\"https:\\\/\\\/gelidsolutions.com\\\/de\\\/#organization\",\"name\":\"Gelid Solutions\",\"url\":\"https:\\\/\\\/gelidsolutions.com\\\/de\\\/\",\"logo\":{\"@type\":\"ImageObject\",\"inLanguage\":\"de\",\"@id\":\"https:\\\/\\\/gelidsolutions.com\\\/de\\\/#\\\/schema\\\/logo\\\/image\\\/\",\"url\":\"https:\\\/\\\/gelidsolutions.com\\\/wp-content\\\/uploads\\\/2022\\\/06\\\/logo_white_104_104.gif\",\"contentUrl\":\"https:\\\/\\\/gelidsolutions.com\\\/wp-content\\\/uploads\\\/2022\\\/06\\\/logo_white_104_104.gif\",\"width\":104,\"height\":104,\"caption\":\"Gelid Solutions\"},\"image\":{\"@id\":\"https:\\\/\\\/gelidsolutions.com\\\/de\\\/#\\\/schema\\\/logo\\\/image\\\/\"}}]}<\/script>\n<!-- \/ Yoast SEO plugin. -->","yoast_head_json":{"title":"WING 8 UV-BLUE - Gelid Solutions","robots":{"index":"index","follow":"follow","max-snippet":"max-snippet:-1","max-image-preview":"max-image-preview:large","max-video-preview":"max-video-preview:-1"},"canonical":"https:\/\/gelidsolutions.com\/de\/produkt\/wing-8-uv-blau\/","og_locale":"de_DE","og_type":"article","og_title":"WING 8 UV-BLUE - Gelid Solutions","og_description":"Nanoflux-Lager (NFB)   Optimierte Winglet-Fan-Bl\u00e4tter   Wasserdicht und staubdicht   Lange Lebensdauer (100'000 h MTTF bei 40\u00b0C)   Silikon-L\u00fcfterhalterungen   L\u00fcfter-Drehzahlregelung","og_url":"https:\/\/gelidsolutions.com\/de\/produkt\/wing-8-uv-blau\/","og_site_name":"Gelid Solutions","article_modified_time":"2022-10-25T18:02:03+00:00","og_image":[{"width":1600,"height":1200,"url":"https:\/\/gelidsolutions.com\/wp-content\/uploads\/2016\/08\/case_fan_gamer_WING_8_UV_BLUE_1.png","type":"image\/png"}],"twitter_card":"summary_large_image","twitter_misc":{"Gesch\u00e4tzte Lesezeit":"2\u00a0Minuten"},"schema":{"@context":"https:\/\/schema.org","@graph":[{"@type":"WebPage","@id":"https:\/\/gelidsolutions.com\/de\/produkt\/wing-8-uv-blau\/","url":"https:\/\/gelidsolutions.com\/de\/produkt\/wing-8-uv-blau\/","name":"WING 8 UV-BLUE - Gelid Solutions","isPartOf":{"@id":"https:\/\/gelidsolutions.com\/de\/#website"},"primaryImageOfPage":{"@id":"https:\/\/gelidsolutions.com\/de\/produkt\/wing-8-uv-blau\/#primaryimage"},"image":{"@id":"https:\/\/gelidsolutions.com\/de\/produkt\/wing-8-uv-blau\/#primaryimage"},"thumbnailUrl":"https:\/\/gelidsolutions.com\/wp-content\/uploads\/2016\/08\/case_fan_gamer_WING_8_UV_BLUE_1.png","datePublished":"2016-08-02T22:38:00+00:00","dateModified":"2022-10-25T18:02:03+00:00","breadcrumb":{"@id":"https:\/\/gelidsolutions.com\/de\/produkt\/wing-8-uv-blau\/#breadcrumb"},"inLanguage":"de","potentialAction":[{"@type":"ReadAction","target":["https:\/\/gelidsolutions.com\/de\/produkt\/wing-8-uv-blau\/"]}]},{"@type":"ImageObject","inLanguage":"de","@id":"https:\/\/gelidsolutions.com\/de\/produkt\/wing-8-uv-blau\/#primaryimage","url":"https:\/\/gelidsolutions.com\/wp-content\/uploads\/2016\/08\/case_fan_gamer_WING_8_UV_BLUE_1.png","contentUrl":"https:\/\/gelidsolutions.com\/wp-content\/uploads\/2016\/08\/case_fan_gamer_WING_8_UV_BLUE_1.png","width":1600,"height":1200,"caption":"Fl\u00fcgel 8 UV Blau"},{"@type":"BreadcrumbList","@id":"https:\/\/gelidsolutions.com\/de\/produkt\/wing-8-uv-blau\/#breadcrumb","itemListElement":[{"@type":"ListItem","position":1,"name":"Home","item":"https:\/\/gelidsolutions.com\/de\/"},{"@type":"ListItem","position":2,"name":"Shop","item":"https:\/\/gelidsolutions.com\/shop\/"},{"@type":"ListItem","position":3,"name":"WING 8 UV-BLUE"}]},{"@type":"WebSite","@id":"https:\/\/gelidsolutions.com\/de\/#website","url":"https:\/\/gelidsolutions.com\/de\/","name":"Gelid Solutions","description":"","publisher":{"@id":"https:\/\/gelidsolutions.com\/de\/#organization"},"potentialAction":[{"@type":"SearchAction","target":{"@type":"EntryPoint","urlTemplate":"https:\/\/gelidsolutions.com\/de\/?s={search_term_string}"},"query-input":{"@type":"PropertyValueSpecification","valueRequired":true,"valueName":"search_term_string"}}],"inLanguage":"de"},{"@type":"Organization","@id":"https:\/\/gelidsolutions.com\/de\/#organization","name":"Gelid Solutions","url":"https:\/\/gelidsolutions.com\/de\/","logo":{"@type":"ImageObject","inLanguage":"de","@id":"https:\/\/gelidsolutions.com\/de\/#\/schema\/logo\/image\/","url":"https:\/\/gelidsolutions.com\/wp-content\/uploads\/2022\/06\/logo_white_104_104.gif","contentUrl":"https:\/\/gelidsolutions.com\/wp-content\/uploads\/2022\/06\/logo_white_104_104.gif","width":104,"height":104,"caption":"Gelid Solutions"},"image":{"@id":"https:\/\/gelidsolutions.com\/de\/#\/schema\/logo\/image\/"}}]}},"_links":{"self":[{"href":"https:\/\/gelidsolutions.com\/de\/wp-json\/wp\/v2\/product\/113742","targetHints":{"allow":["GET"]}}],"collection":[{"href":"https:\/\/gelidsolutions.com\/de\/wp-json\/wp\/v2\/product"}],"about":[{"href":"https:\/\/gelidsolutions.com\/de\/wp-json\/wp\/v2\/types\/product"}],"replies":[{"embeddable":true,"href":"https:\/\/gelidsolutions.com\/de\/wp-json\/wp\/v2\/comments?post=113742"}],"wp:featuredmedia":[{"embeddable":true,"href":"https:\/\/gelidsolutions.com\/de\/wp-json\/wp\/v2\/media\/120507"}],"wp:attachment":[{"href":"https:\/\/gelidsolutions.com\/de\/wp-json\/wp\/v2\/media?parent=113742"}],"wp:term":[{"taxonomy":"product_cat","embeddable":true,"href":"https:\/\/gelidsolutions.com\/de\/wp-json\/wp\/v2\/product_cat?post=113742"},{"taxonomy":"product_tag","embeddable":true,"href":"https:\/\/gelidsolutions.com\/de\/wp-json\/wp\/v2\/product_tag?post=113742"}],"curies":[{"name":"wp","href":"https:\/\/api.w.org\/{rel}","templated":true}]}}