{"id":113743,"date":"2016-08-02T06:57:00","date_gmt":"2016-08-02T06:57:00","guid":{"rendered":"https:\/\/localhost\/gelidsolutions\/product\/cpu-cooler-siberian\/"},"modified":"2022-06-18T06:25:58","modified_gmt":"2022-06-18T06:25:58","slug":"cpu-cooler-siberian","status":"publish","type":"product","link":"https:\/\/gelidsolutions.com\/de\/produkt\/cpu-cooler-siberian\/","title":{"rendered":"SIBERIAN"},"content":{"rendered":"<p><i><b>Siberian (CC-Siberian-01)<\/b><\/i><\/p>\n<p>&nbsp;<\/p>\n<p><i><b>Anwendungsbereich:<\/b><\/i><\/p>\n<p><b>Intel<\/b> Sockel 775, 1155, 1156, 1150 &amp; 1151<br \/>\nCPU (bis zu TDP 82W): alle Pentium D\/ Pentium 4\/ alle Celeron D\/ alle Pentium Dual-Core\/ alle Core 2 Quad\/ Core 2 Duo, Core i3, Core i5<\/p>\n<p>&nbsp;<\/p>\n<p><b>AMD<\/b> Sockel 754, 939, AM2, AM2+, AM3, AM3+, FM1, FM2 &amp; FM2+<br \/>\nCPU (bis zu TDP 82W): alle Athlon 64 X2, Athlon 64 und alle Athlon II<\/p>\n<p>&nbsp;<\/p>\n<p>Alle Marken- und Warenzeichen sind Eigentum ihrer jeweiligen Besitzer.<\/p>\n<p>&nbsp;<\/p>\n<p><i><b>Designkonzept:<\/b><\/i><\/p>\n<p>Der Sibirian CPU-K\u00fchler ist ein ger\u00e4uscharmer Top-Flow-Designk\u00fchler. Der K\u00fchler enth\u00e4lt einen leisen 80-mm-L\u00fcfter mit intelligenter PWM-Steuerung von GELID und einen geeigneten Premium-Aluminiumk\u00fchlk\u00f6rper. Die optimierte intelligente Steuerung der GELID PWM erzielt das beste Preis-Leistungs-Verh\u00e4ltnis ihrer Klasse und erm\u00f6glicht es Benutzern, die L\u00fcftergeschwindigkeit in ihrem BIOS entsprechend einzustellen. Mit einer kompakten Gr\u00f6\u00dfe und einer H\u00f6he von nur 66 mm wurde es speziell f\u00fcr HTPC und kleine Chassis entwickelt.<\/p>\n<p>&nbsp;<\/p>\n<p>Das mehrfach ausgezeichnete Silent 8 PWM garantiert einen ger\u00e4uscharmen Betrieb und erzielt einen hohen Luftstrom. Dank des Top-Flow-Designs erm\u00f6glicht der Siberian, die Komponenten rund um die CPU k\u00fchl zu halten.<\/p>\n<p>&nbsp;<\/p>\n<p><img loading=\"lazy\" decoding=\"async\" src=\"https:\/\/gelidsolutions.com\/clients\/gelid\/userfiles\/image\/S_af(1).jpg\" alt=\"\" width=\"480\" height=\"240\" border=\"0\" \/><\/p>\n<p>&nbsp;<\/p>\n<p>Zus\u00e4tzlich sind Montageclips f\u00fcr AMD 754, 939, AM2, AM2 +, AM3, AM3 +, FM1 und f\u00fcr Intel 775, 1155, 1156, 1150, 1151 und 1200 enthalten:<\/p>\n<p><img loading=\"lazy\" decoding=\"async\" src=\"https:\/\/gelidsolutions.com\/clients\/gelid\/userfiles\/image\/S_clip(2).jpg\" alt=\"\" width=\"480\" height=\"160\" border=\"0\" \/><\/p>\n<p>Der K\u00fchler ist RoHS- und WEEE-konform und hat eine Garantie von 5 Jahren.<\/p>\n<p><a href=\"https:\/\/gelidsolutions.com\/clients\/gelid\/userfiles\/Siberian_installationa_rev2.pdf\" target=\"_blank\" rel=\"noopener\">Installationsanleitung zum herunterladen.<\/a><\/p>\n<p>&nbsp;<\/p>\n<p><b><i>UVP: USD 9.99\/ Euro 6.99<\/i><\/b><\/p>\n<p>&nbsp;<\/p>\n<p><i>EAN: 4897025780484<\/i><\/p>\n<p>&nbsp;<\/p>\n","protected":false},"excerpt":{"rendered":"<p><i><b>Merkmale:<\/b><\/i><\/p>\n<ul>\n<li>\u00a0 \u00a0 \u00a0 \u00a0 \u25cf 80mm L\u00fcfter mit hohem Luftstrom<\/li>\n<li>\u00a0 \u00a0 \u00a0 \u00a0 \u25cf Intelligente GELID PWM Steuerung<\/li>\n<li>\u00a0 \u00a0 \u00a0 \u00a0 \u25cf K\u00fchlk\u00f6rper aus hochwertigem Aluminium<\/li>\n<li>\u00a0 \u00a0 \u00a0 \u00a0 \u25cf 5 Jahre Garantie<\/li>\n<\/ul>\n<p>&nbsp;<\/p>\n<table style=\"width: 320px\">\n<tbody>\n<tr>\n<td style=\"padding: 5px 5px\">[vc_single_image image=\"30883\" img_size=\"full\" onclick=\"custom_link\" qode_css_animation=\"element_from_fade\" qode_hover_animation=\"zoom_in\" link=\"https:\/\/pixelfy.me\/gelid-siberian-cpu-cooler\"]<\/td>\n<td style=\"padding: 5px 5px\">[vc_single_image image=\"32804\" img_size=\"full\" onclick=\"custom_link\" qode_css_animation=\"element_from_fade\" qode_hover_animation=\"zoom_in\" link=\"https:\/\/gelidstore.com\/collections\/cpu-cooler\/products\/siberian\"]<\/td>\n<\/tr>\n<\/tbody>\n<\/table>\n<p>&nbsp;<\/p>\n","protected":false},"featured_media":108429,"comment_status":"closed","ping_status":"closed","template":"","meta":{"_acf_changed":false},"product_cat":[305],"product_tag":[],"class_list":{"0":"post-113743","1":"product","2":"type-product","3":"status-publish","4":"has-post-thumbnail","6":"product_cat-kuehlloesungen","8":"first","9":"outofstock","10":"taxable","11":"shipping-taxable","12":"purchasable","13":"product-type-simple"},"supplier_id":null,"supplier_sku":"CC-Siberian-01","barcode":"4897025780484","atum_controlled":true,"out_stock_date":"2022-07-12 14:17:59","out_stock_threshold":null,"inheritable":false,"inbound_stock":null,"stock_on_hold":0,"sold_today":0,"sales_last_days":0,"reserved_stock":null,"customer_returns":null,"warehouse_damage":null,"lost_in_post":null,"other_logs":null,"out_stock_days":1361,"lost_sales":0,"has_location":false,"update_date":"2026-04-04T00:03:36","atum_locations":[],"atum_stock_status":"outofstock","restock_status":false,"low_stock_amount":"","sales_update_date":"2026-04-04T00:03:36","calc_backorders":null,"acf":[],"yoast_head":"<!-- This site is optimized with the Yoast SEO plugin v27.3 - https:\/\/yoast.com\/product\/yoast-seo-wordpress\/ -->\n<title>SIBERIAN - Gelid Solutions<\/title>\n<meta name=\"robots\" content=\"index, follow, max-snippet:-1, max-image-preview:large, max-video-preview:-1\" \/>\n<link rel=\"canonical\" href=\"https:\/\/gelidsolutions.com\/de\/produkt\/cpu-cooler-siberian\/\" \/>\n<meta property=\"og:locale\" content=\"de_DE\" \/>\n<meta property=\"og:type\" content=\"article\" \/>\n<meta property=\"og:title\" content=\"SIBERIAN - Gelid Solutions\" \/>\n<meta property=\"og:description\" content=\"Merkmale:   \u00a0 \u00a0 \u00a0 \u00a0 \u25cf 80mm L\u00fcfter mit hohem Luftstrom  \u00a0 \u00a0 \u00a0 \u00a0 \u25cf Intelligente GELID PWM Steuerung  \u00a0 \u00a0 \u00a0 \u00a0 \u25cf K\u00fchlk\u00f6rper aus hochwertigem Aluminium  \u00a0 \u00a0 \u00a0 \u00a0 \u25cf 5 Jahre Garantie   &nbsp;            &nbsp;\" \/>\n<meta property=\"og:url\" content=\"https:\/\/gelidsolutions.com\/de\/produkt\/cpu-cooler-siberian\/\" \/>\n<meta property=\"og:site_name\" content=\"Gelid Solutions\" \/>\n<meta property=\"article:modified_time\" content=\"2022-06-18T06:25:58+00:00\" \/>\n<meta property=\"og:image\" content=\"https:\/\/gelidsolutions.com\/wp-content\/uploads\/2022\/05\/cpu_cooler_silent_CPU_COOLER_SIBERIAN_1.jpg\" \/>\n\t<meta property=\"og:image:width\" content=\"600\" \/>\n\t<meta property=\"og:image:height\" content=\"400\" \/>\n\t<meta property=\"og:image:type\" content=\"image\/jpeg\" \/>\n<meta name=\"twitter:card\" content=\"summary_large_image\" \/>\n<meta name=\"twitter:label1\" content=\"Gesch\u00e4tzte Lesezeit\" \/>\n\t<meta name=\"twitter:data1\" content=\"1\u00a0Minute\" \/>\n<script type=\"application\/ld+json\" class=\"yoast-schema-graph\">{\"@context\":\"https:\\\/\\\/schema.org\",\"@graph\":[{\"@type\":\"WebPage\",\"@id\":\"https:\\\/\\\/gelidsolutions.com\\\/de\\\/produkt\\\/cpu-cooler-siberian\\\/\",\"url\":\"https:\\\/\\\/gelidsolutions.com\\\/de\\\/produkt\\\/cpu-cooler-siberian\\\/\",\"name\":\"SIBERIAN - Gelid Solutions\",\"isPartOf\":{\"@id\":\"https:\\\/\\\/gelidsolutions.com\\\/de\\\/#website\"},\"primaryImageOfPage\":{\"@id\":\"https:\\\/\\\/gelidsolutions.com\\\/de\\\/produkt\\\/cpu-cooler-siberian\\\/#primaryimage\"},\"image\":{\"@id\":\"https:\\\/\\\/gelidsolutions.com\\\/de\\\/produkt\\\/cpu-cooler-siberian\\\/#primaryimage\"},\"thumbnailUrl\":\"https:\\\/\\\/gelidsolutions.com\\\/wp-content\\\/uploads\\\/2022\\\/05\\\/cpu_cooler_silent_CPU_COOLER_SIBERIAN_1.jpg\",\"datePublished\":\"2016-08-02T06:57:00+00:00\",\"dateModified\":\"2022-06-18T06:25:58+00:00\",\"breadcrumb\":{\"@id\":\"https:\\\/\\\/gelidsolutions.com\\\/de\\\/produkt\\\/cpu-cooler-siberian\\\/#breadcrumb\"},\"inLanguage\":\"de\",\"potentialAction\":[{\"@type\":\"ReadAction\",\"target\":[\"https:\\\/\\\/gelidsolutions.com\\\/de\\\/produkt\\\/cpu-cooler-siberian\\\/\"]}]},{\"@type\":\"ImageObject\",\"inLanguage\":\"de\",\"@id\":\"https:\\\/\\\/gelidsolutions.com\\\/de\\\/produkt\\\/cpu-cooler-siberian\\\/#primaryimage\",\"url\":\"https:\\\/\\\/gelidsolutions.com\\\/wp-content\\\/uploads\\\/2022\\\/05\\\/cpu_cooler_silent_CPU_COOLER_SIBERIAN_1.jpg\",\"contentUrl\":\"https:\\\/\\\/gelidsolutions.com\\\/wp-content\\\/uploads\\\/2022\\\/05\\\/cpu_cooler_silent_CPU_COOLER_SIBERIAN_1.jpg\",\"width\":600,\"height\":400},{\"@type\":\"BreadcrumbList\",\"@id\":\"https:\\\/\\\/gelidsolutions.com\\\/de\\\/produkt\\\/cpu-cooler-siberian\\\/#breadcrumb\",\"itemListElement\":[{\"@type\":\"ListItem\",\"position\":1,\"name\":\"Home\",\"item\":\"https:\\\/\\\/gelidsolutions.com\\\/de\\\/\"},{\"@type\":\"ListItem\",\"position\":2,\"name\":\"Shop\",\"item\":\"https:\\\/\\\/gelidsolutions.com\\\/shop\\\/\"},{\"@type\":\"ListItem\",\"position\":3,\"name\":\"SIBERIAN\"}]},{\"@type\":\"WebSite\",\"@id\":\"https:\\\/\\\/gelidsolutions.com\\\/de\\\/#website\",\"url\":\"https:\\\/\\\/gelidsolutions.com\\\/de\\\/\",\"name\":\"Gelid Solutions\",\"description\":\"\",\"publisher\":{\"@id\":\"https:\\\/\\\/gelidsolutions.com\\\/de\\\/#organization\"},\"potentialAction\":[{\"@type\":\"SearchAction\",\"target\":{\"@type\":\"EntryPoint\",\"urlTemplate\":\"https:\\\/\\\/gelidsolutions.com\\\/de\\\/?s={search_term_string}\"},\"query-input\":{\"@type\":\"PropertyValueSpecification\",\"valueRequired\":true,\"valueName\":\"search_term_string\"}}],\"inLanguage\":\"de\"},{\"@type\":\"Organization\",\"@id\":\"https:\\\/\\\/gelidsolutions.com\\\/de\\\/#organization\",\"name\":\"Gelid Solutions\",\"url\":\"https:\\\/\\\/gelidsolutions.com\\\/de\\\/\",\"logo\":{\"@type\":\"ImageObject\",\"inLanguage\":\"de\",\"@id\":\"https:\\\/\\\/gelidsolutions.com\\\/de\\\/#\\\/schema\\\/logo\\\/image\\\/\",\"url\":\"https:\\\/\\\/gelidsolutions.com\\\/wp-content\\\/uploads\\\/2022\\\/06\\\/logo_white_104_104.gif\",\"contentUrl\":\"https:\\\/\\\/gelidsolutions.com\\\/wp-content\\\/uploads\\\/2022\\\/06\\\/logo_white_104_104.gif\",\"width\":104,\"height\":104,\"caption\":\"Gelid Solutions\"},\"image\":{\"@id\":\"https:\\\/\\\/gelidsolutions.com\\\/de\\\/#\\\/schema\\\/logo\\\/image\\\/\"}}]}<\/script>\n<!-- \/ Yoast SEO plugin. -->","yoast_head_json":{"title":"SIBERIAN - Gelid Solutions","robots":{"index":"index","follow":"follow","max-snippet":"max-snippet:-1","max-image-preview":"max-image-preview:large","max-video-preview":"max-video-preview:-1"},"canonical":"https:\/\/gelidsolutions.com\/de\/produkt\/cpu-cooler-siberian\/","og_locale":"de_DE","og_type":"article","og_title":"SIBERIAN - Gelid Solutions","og_description":"Merkmale:   \u00a0 \u00a0 \u00a0 \u00a0 \u25cf 80mm L\u00fcfter mit hohem Luftstrom  \u00a0 \u00a0 \u00a0 \u00a0 \u25cf Intelligente GELID PWM Steuerung  \u00a0 \u00a0 \u00a0 \u00a0 \u25cf K\u00fchlk\u00f6rper aus hochwertigem Aluminium  \u00a0 \u00a0 \u00a0 \u00a0 \u25cf 5 Jahre Garantie   &nbsp;            &nbsp;","og_url":"https:\/\/gelidsolutions.com\/de\/produkt\/cpu-cooler-siberian\/","og_site_name":"Gelid Solutions","article_modified_time":"2022-06-18T06:25:58+00:00","og_image":[{"width":600,"height":400,"url":"https:\/\/gelidsolutions.com\/wp-content\/uploads\/2022\/05\/cpu_cooler_silent_CPU_COOLER_SIBERIAN_1.jpg","type":"image\/jpeg"}],"twitter_card":"summary_large_image","twitter_misc":{"Gesch\u00e4tzte Lesezeit":"1\u00a0Minute"},"schema":{"@context":"https:\/\/schema.org","@graph":[{"@type":"WebPage","@id":"https:\/\/gelidsolutions.com\/de\/produkt\/cpu-cooler-siberian\/","url":"https:\/\/gelidsolutions.com\/de\/produkt\/cpu-cooler-siberian\/","name":"SIBERIAN - Gelid Solutions","isPartOf":{"@id":"https:\/\/gelidsolutions.com\/de\/#website"},"primaryImageOfPage":{"@id":"https:\/\/gelidsolutions.com\/de\/produkt\/cpu-cooler-siberian\/#primaryimage"},"image":{"@id":"https:\/\/gelidsolutions.com\/de\/produkt\/cpu-cooler-siberian\/#primaryimage"},"thumbnailUrl":"https:\/\/gelidsolutions.com\/wp-content\/uploads\/2022\/05\/cpu_cooler_silent_CPU_COOLER_SIBERIAN_1.jpg","datePublished":"2016-08-02T06:57:00+00:00","dateModified":"2022-06-18T06:25:58+00:00","breadcrumb":{"@id":"https:\/\/gelidsolutions.com\/de\/produkt\/cpu-cooler-siberian\/#breadcrumb"},"inLanguage":"de","potentialAction":[{"@type":"ReadAction","target":["https:\/\/gelidsolutions.com\/de\/produkt\/cpu-cooler-siberian\/"]}]},{"@type":"ImageObject","inLanguage":"de","@id":"https:\/\/gelidsolutions.com\/de\/produkt\/cpu-cooler-siberian\/#primaryimage","url":"https:\/\/gelidsolutions.com\/wp-content\/uploads\/2022\/05\/cpu_cooler_silent_CPU_COOLER_SIBERIAN_1.jpg","contentUrl":"https:\/\/gelidsolutions.com\/wp-content\/uploads\/2022\/05\/cpu_cooler_silent_CPU_COOLER_SIBERIAN_1.jpg","width":600,"height":400},{"@type":"BreadcrumbList","@id":"https:\/\/gelidsolutions.com\/de\/produkt\/cpu-cooler-siberian\/#breadcrumb","itemListElement":[{"@type":"ListItem","position":1,"name":"Home","item":"https:\/\/gelidsolutions.com\/de\/"},{"@type":"ListItem","position":2,"name":"Shop","item":"https:\/\/gelidsolutions.com\/shop\/"},{"@type":"ListItem","position":3,"name":"SIBERIAN"}]},{"@type":"WebSite","@id":"https:\/\/gelidsolutions.com\/de\/#website","url":"https:\/\/gelidsolutions.com\/de\/","name":"Gelid Solutions","description":"","publisher":{"@id":"https:\/\/gelidsolutions.com\/de\/#organization"},"potentialAction":[{"@type":"SearchAction","target":{"@type":"EntryPoint","urlTemplate":"https:\/\/gelidsolutions.com\/de\/?s={search_term_string}"},"query-input":{"@type":"PropertyValueSpecification","valueRequired":true,"valueName":"search_term_string"}}],"inLanguage":"de"},{"@type":"Organization","@id":"https:\/\/gelidsolutions.com\/de\/#organization","name":"Gelid Solutions","url":"https:\/\/gelidsolutions.com\/de\/","logo":{"@type":"ImageObject","inLanguage":"de","@id":"https:\/\/gelidsolutions.com\/de\/#\/schema\/logo\/image\/","url":"https:\/\/gelidsolutions.com\/wp-content\/uploads\/2022\/06\/logo_white_104_104.gif","contentUrl":"https:\/\/gelidsolutions.com\/wp-content\/uploads\/2022\/06\/logo_white_104_104.gif","width":104,"height":104,"caption":"Gelid Solutions"},"image":{"@id":"https:\/\/gelidsolutions.com\/de\/#\/schema\/logo\/image\/"}}]}},"_links":{"self":[{"href":"https:\/\/gelidsolutions.com\/de\/wp-json\/wp\/v2\/product\/113743","targetHints":{"allow":["GET"]}}],"collection":[{"href":"https:\/\/gelidsolutions.com\/de\/wp-json\/wp\/v2\/product"}],"about":[{"href":"https:\/\/gelidsolutions.com\/de\/wp-json\/wp\/v2\/types\/product"}],"replies":[{"embeddable":true,"href":"https:\/\/gelidsolutions.com\/de\/wp-json\/wp\/v2\/comments?post=113743"}],"wp:featuredmedia":[{"embeddable":true,"href":"https:\/\/gelidsolutions.com\/de\/wp-json\/wp\/v2\/media\/108429"}],"wp:attachment":[{"href":"https:\/\/gelidsolutions.com\/de\/wp-json\/wp\/v2\/media?parent=113743"}],"wp:term":[{"taxonomy":"product_cat","embeddable":true,"href":"https:\/\/gelidsolutions.com\/de\/wp-json\/wp\/v2\/product_cat?post=113743"},{"taxonomy":"product_tag","embeddable":true,"href":"https:\/\/gelidsolutions.com\/de\/wp-json\/wp\/v2\/product_tag?post=113743"}],"curies":[{"name":"wp","href":"https:\/\/api.w.org\/{rel}","templated":true}]}}