{"id":113745,"date":"2016-08-02T06:55:00","date_gmt":"2016-08-01T22:55:00","guid":{"rendered":"https:\/\/localhost\/gelidsolutions\/product\/cpu-cooler-siberian-pro\/"},"modified":"2022-06-18T06:29:21","modified_gmt":"2022-06-18T06:29:21","slug":"cpu-cooler-siberian-pro","status":"publish","type":"product","link":"https:\/\/gelidsolutions.com\/de\/produkt\/cpu-cooler-siberian-pro\/","title":{"rendered":"SIBERIAN PRO"},"content":{"rendered":"<p><i><b>Siberian PRO (CC-SiberianP-01)<\/b><\/i><\/p>\n<p>&nbsp;<\/p>\n<p><i><b>Anwendungsbereich:<\/b><\/i><\/p>\n<p><b>Intel<\/b> Sockel 775, 1155, 1156, 1150 &amp; 1151<br \/>\nCPU (bis zu 100W TDP): alle Pentium D\/ Pentium 4\/ alle Celeron D\/ alle Pentium Dual-Core\/ alle Core 2 Quad\/ Core 2 Duo, Core i3, Core i5<\/p>\n<p>&nbsp;<\/p>\n<p><b>AMD<\/b> Sockel 754, 939, AM2, AM2+, AM3, AM3+, FM1, FM2 &amp; FM2+<br \/>\nCPU (bis zu 100W TDP): alle Athlon 64 X2, Athlon 64 und alle Athlon II<\/p>\n<p>Alle Marken- und Warenzeichen sind Eigentum ihrer jeweiligen Besitzer.<\/p>\n<p>&nbsp;<\/p>\n<p><i><b>Designkonzept:<\/b><\/i><\/p>\n<p>Der Siberian PRO CPU Cooler ist ein ger\u00e4uscharmer Top Flow Design-K\u00fchler. Der K\u00fchler enth\u00e4lt einen leisen 92-mm-L\u00fcfter mit intelligenter PWM-Steuerung von GELID und einen geeigneten Premium-Aluminiumk\u00fchlk\u00f6rper. Die optimierte intelligente Steuerung GELID PWM erzielt das beste Preis-Leistungs-Verh\u00e4ltnis ihrer Klasse und erm\u00f6glicht es Benutzern, die L\u00fcftergeschwindigkeit in ihrem BIOS entsprechend einzustellen. Mit einer kompakten Gr\u00f6\u00dfe und einer H\u00f6he von nur 89 mm wurde es speziell f\u00fcr HTPC und kleine Chassis entwickelt.<\/p>\n<p>&nbsp;<\/p>\n<p>Der L\u00fcfter von Siberian PRO garantiert einen ger\u00e4uscharmen Betrieb und erzielt einen hohen Luftstrom. Dank des Top-Flow-Designs erm\u00f6glicht der Siberian, die Komponenten rund um die CPU k\u00fchl zu halten<\/p>\n<p><img loading=\"lazy\" decoding=\"async\" src=\"https:\/\/gelidsolutions.com\/clients\/gelid\/userfiles\/image\/1-1(1).gif\" alt=\"\" width=\"480\" height=\"240\" border=\"0\" \/><\/p>\n<p>Zus\u00e4tzlich sind Montageclips f\u00fcr AMD 754, 939, AM2, AM2 +, AM3, AM3 +, FM1 und f\u00fcr Intel 775, 1150, 1155, 1156, 1151 und 1200 enthalten:<\/p>\n<p>&nbsp;<\/p>\n<p><img loading=\"lazy\" decoding=\"async\" src=\"https:\/\/gelidsolutions.com\/clients\/gelid\/userfiles\/image\/2-2(1).gif\" alt=\"\" width=\"480\" height=\"160\" border=\"0\" \/><\/p>\n<p>Der K\u00fchler ist RoHS- und WEEE-konform und hat eine Garantie von 5 Jahren.<\/p>\n<p>&nbsp;<\/p>\n<p><a href=\"https:\/\/gelidsolutions.com\/clients\/gelid\/userfiles\/Siberian_PRO_installation.pdf\" target=\"_blank\" rel=\"noopener\">Installationsanleitung zum herunterladen.<\/a><\/p>\n<p>&nbsp;<\/p>\n<p><b><i>UVP: USD 18.99\/ Euro 14.99<\/i><\/b><\/p>\n<p>&nbsp;<\/p>\n<p><i>EAN: 4897025780965<\/i><\/p>\n<p>&nbsp;<\/p>\n","protected":false},"excerpt":{"rendered":"<p><i><b>Merkmale:<\/b><\/i><\/p>\n<ul>\n<li>\u00a0 \u00a0 \u00a0 \u00a0 \u25cf\u00a092mm L\u00fcfter mit hohem Luftstrom<\/li>\n<li>\u00a0 \u00a0 \u00a0 \u00a0 \u25cf\u00a0Intelligente GELID PWM Steuerung<\/li>\n<li>\u00a0 \u00a0 \u00a0 \u00a0 \u25cf\u00a089mm Premium Aluminium K\u00fchlk\u00f6rper<\/li>\n<li>\u00a0 \u00a0 \u00a0 \u00a0 \u25cf\u00a0Unterst\u00fctzt AMD &#038; Intel CPU bis 100W TDP<\/li>\n<li>\u00a0 \u00a0 \u00a0 \u00a0 \u25cf\u00a05 Jahre Garantie<\/li>\n<\/ul>\n[vc_single_image image=\"30883\" img_size=\"full\" onclick=\"custom_link\" qode_css_animation=\"element_from_fade\" qode_hover_animation=\"zoom_in\" link=\"https:\/\/pixelfy.me\/gelid-siberianpro-cpu-cooler\"]\n","protected":false},"featured_media":108134,"comment_status":"closed","ping_status":"closed","template":"","meta":{"_acf_changed":false},"product_cat":[313,591],"product_tag":[559,560,553],"class_list":{"0":"post-113745","1":"product","2":"type-product","3":"status-publish","4":"has-post-thumbnail","6":"product_cat-archiv","7":"product_cat-silent-cpu-cooler-archive-product-archive-de","8":"product_tag-cpu-kuhler","9":"product_tag-leiser-cpu-kuhler","10":"product_tag-thermal-solution-de","12":"first","13":"outofstock","14":"taxable","15":"shipping-taxable","16":"purchasable","17":"product-type-simple"},"supplier_id":null,"supplier_sku":"CC-SiberianP-01","barcode":"4897025780965","atum_controlled":true,"out_stock_date":"2022-07-12 14:17:56","out_stock_threshold":null,"inheritable":false,"inbound_stock":null,"stock_on_hold":0,"sold_today":0,"sales_last_days":0,"reserved_stock":null,"customer_returns":null,"warehouse_damage":null,"lost_in_post":null,"other_logs":null,"out_stock_days":1392,"lost_sales":0,"has_location":false,"update_date":"2026-05-05T01:13:52","atum_locations":[],"atum_stock_status":"outofstock","restock_status":false,"low_stock_amount":"","sales_update_date":"2026-05-05T01:13:52","calc_backorders":null,"acf":[],"yoast_head":"<!-- This site is optimized with the Yoast SEO plugin v27.5 - https:\/\/yoast.com\/product\/yoast-seo-wordpress\/ -->\n<title>SIBERIAN PRO - Gelid Solutions<\/title>\n<meta name=\"robots\" content=\"index, follow, max-snippet:-1, max-image-preview:large, max-video-preview:-1\" \/>\n<link rel=\"canonical\" href=\"https:\/\/gelidsolutions.com\/de\/produkt\/cpu-cooler-siberian-pro\/\" \/>\n<meta property=\"og:locale\" content=\"de_DE\" \/>\n<meta property=\"og:type\" content=\"article\" \/>\n<meta property=\"og:title\" content=\"SIBERIAN PRO - Gelid Solutions\" \/>\n<meta property=\"og:description\" content=\"Merkmale:   \u00a0 \u00a0 \u00a0 \u00a0 \u25cf\u00a092mm L\u00fcfter mit hohem Luftstrom  \u00a0 \u00a0 \u00a0 \u00a0 \u25cf\u00a0Intelligente GELID PWM Steuerung  \u00a0 \u00a0 \u00a0 \u00a0 \u25cf\u00a089mm Premium Aluminium K\u00fchlk\u00f6rper  \u00a0 \u00a0 \u00a0 \u00a0 \u25cf\u00a0Unterst\u00fctzt AMD &amp; Intel CPU bis 100W TDP  \u00a0 \u00a0 \u00a0 \u00a0 \u25cf\u00a05 Jahre Garantie\" \/>\n<meta property=\"og:url\" content=\"https:\/\/gelidsolutions.com\/de\/produkt\/cpu-cooler-siberian-pro\/\" \/>\n<meta property=\"og:site_name\" content=\"Gelid Solutions\" \/>\n<meta property=\"article:modified_time\" content=\"2022-06-18T06:29:21+00:00\" \/>\n<meta property=\"og:image\" content=\"https:\/\/gelidsolutions.com\/wp-content\/uploads\/2022\/05\/cpu_cooler_silent_SIBERIAN_PRO_1-1.jpg\" \/>\n\t<meta property=\"og:image:width\" content=\"600\" \/>\n\t<meta property=\"og:image:height\" content=\"400\" \/>\n\t<meta property=\"og:image:type\" content=\"image\/jpeg\" \/>\n<meta name=\"twitter:card\" content=\"summary_large_image\" \/>\n<meta name=\"twitter:label1\" content=\"Gesch\u00e4tzte Lesezeit\" \/>\n\t<meta name=\"twitter:data1\" content=\"1\u00a0Minute\" \/>\n<script type=\"application\/ld+json\" class=\"yoast-schema-graph\">{\"@context\":\"https:\\\/\\\/schema.org\",\"@graph\":[{\"@type\":\"WebPage\",\"@id\":\"https:\\\/\\\/gelidsolutions.com\\\/de\\\/produkt\\\/cpu-cooler-siberian-pro\\\/\",\"url\":\"https:\\\/\\\/gelidsolutions.com\\\/de\\\/produkt\\\/cpu-cooler-siberian-pro\\\/\",\"name\":\"SIBERIAN PRO - Gelid Solutions\",\"isPartOf\":{\"@id\":\"https:\\\/\\\/gelidsolutions.com\\\/de\\\/#website\"},\"primaryImageOfPage\":{\"@id\":\"https:\\\/\\\/gelidsolutions.com\\\/de\\\/produkt\\\/cpu-cooler-siberian-pro\\\/#primaryimage\"},\"image\":{\"@id\":\"https:\\\/\\\/gelidsolutions.com\\\/de\\\/produkt\\\/cpu-cooler-siberian-pro\\\/#primaryimage\"},\"thumbnailUrl\":\"https:\\\/\\\/gelidsolutions.com\\\/wp-content\\\/uploads\\\/2022\\\/05\\\/cpu_cooler_silent_SIBERIAN_PRO_1-1.jpg\",\"datePublished\":\"2016-08-01T22:55:00+00:00\",\"dateModified\":\"2022-06-18T06:29:21+00:00\",\"breadcrumb\":{\"@id\":\"https:\\\/\\\/gelidsolutions.com\\\/de\\\/produkt\\\/cpu-cooler-siberian-pro\\\/#breadcrumb\"},\"inLanguage\":\"de\",\"potentialAction\":[{\"@type\":\"ReadAction\",\"target\":[\"https:\\\/\\\/gelidsolutions.com\\\/de\\\/produkt\\\/cpu-cooler-siberian-pro\\\/\"]}]},{\"@type\":\"ImageObject\",\"inLanguage\":\"de\",\"@id\":\"https:\\\/\\\/gelidsolutions.com\\\/de\\\/produkt\\\/cpu-cooler-siberian-pro\\\/#primaryimage\",\"url\":\"https:\\\/\\\/gelidsolutions.com\\\/wp-content\\\/uploads\\\/2022\\\/05\\\/cpu_cooler_silent_SIBERIAN_PRO_1-1.jpg\",\"contentUrl\":\"https:\\\/\\\/gelidsolutions.com\\\/wp-content\\\/uploads\\\/2022\\\/05\\\/cpu_cooler_silent_SIBERIAN_PRO_1-1.jpg\",\"width\":600,\"height\":400},{\"@type\":\"BreadcrumbList\",\"@id\":\"https:\\\/\\\/gelidsolutions.com\\\/de\\\/produkt\\\/cpu-cooler-siberian-pro\\\/#breadcrumb\",\"itemListElement\":[{\"@type\":\"ListItem\",\"position\":1,\"name\":\"Home\",\"item\":\"https:\\\/\\\/gelidsolutions.com\\\/de\\\/\"},{\"@type\":\"ListItem\",\"position\":2,\"name\":\"Shop\",\"item\":\"https:\\\/\\\/gelidsolutions.com\\\/shop\\\/\"},{\"@type\":\"ListItem\",\"position\":3,\"name\":\"SIBERIAN PRO\"}]},{\"@type\":\"WebSite\",\"@id\":\"https:\\\/\\\/gelidsolutions.com\\\/de\\\/#website\",\"url\":\"https:\\\/\\\/gelidsolutions.com\\\/de\\\/\",\"name\":\"Gelid Solutions\",\"description\":\"\",\"publisher\":{\"@id\":\"https:\\\/\\\/gelidsolutions.com\\\/de\\\/#organization\"},\"potentialAction\":[{\"@type\":\"SearchAction\",\"target\":{\"@type\":\"EntryPoint\",\"urlTemplate\":\"https:\\\/\\\/gelidsolutions.com\\\/de\\\/?s={search_term_string}\"},\"query-input\":{\"@type\":\"PropertyValueSpecification\",\"valueRequired\":true,\"valueName\":\"search_term_string\"}}],\"inLanguage\":\"de\"},{\"@type\":\"Organization\",\"@id\":\"https:\\\/\\\/gelidsolutions.com\\\/de\\\/#organization\",\"name\":\"Gelid Solutions\",\"url\":\"https:\\\/\\\/gelidsolutions.com\\\/de\\\/\",\"logo\":{\"@type\":\"ImageObject\",\"inLanguage\":\"de\",\"@id\":\"https:\\\/\\\/gelidsolutions.com\\\/de\\\/#\\\/schema\\\/logo\\\/image\\\/\",\"url\":\"https:\\\/\\\/gelidsolutions.com\\\/wp-content\\\/uploads\\\/2022\\\/06\\\/logo_white_104_104.gif\",\"contentUrl\":\"https:\\\/\\\/gelidsolutions.com\\\/wp-content\\\/uploads\\\/2022\\\/06\\\/logo_white_104_104.gif\",\"width\":104,\"height\":104,\"caption\":\"Gelid Solutions\"},\"image\":{\"@id\":\"https:\\\/\\\/gelidsolutions.com\\\/de\\\/#\\\/schema\\\/logo\\\/image\\\/\"}}]}<\/script>\n<!-- \/ Yoast SEO plugin. -->","yoast_head_json":{"title":"SIBERIAN PRO - Gelid Solutions","robots":{"index":"index","follow":"follow","max-snippet":"max-snippet:-1","max-image-preview":"max-image-preview:large","max-video-preview":"max-video-preview:-1"},"canonical":"https:\/\/gelidsolutions.com\/de\/produkt\/cpu-cooler-siberian-pro\/","og_locale":"de_DE","og_type":"article","og_title":"SIBERIAN PRO - Gelid Solutions","og_description":"Merkmale:   \u00a0 \u00a0 \u00a0 \u00a0 \u25cf\u00a092mm L\u00fcfter mit hohem Luftstrom  \u00a0 \u00a0 \u00a0 \u00a0 \u25cf\u00a0Intelligente GELID PWM Steuerung  \u00a0 \u00a0 \u00a0 \u00a0 \u25cf\u00a089mm Premium Aluminium K\u00fchlk\u00f6rper  \u00a0 \u00a0 \u00a0 \u00a0 \u25cf\u00a0Unterst\u00fctzt AMD & Intel CPU bis 100W TDP  \u00a0 \u00a0 \u00a0 \u00a0 \u25cf\u00a05 Jahre Garantie","og_url":"https:\/\/gelidsolutions.com\/de\/produkt\/cpu-cooler-siberian-pro\/","og_site_name":"Gelid Solutions","article_modified_time":"2022-06-18T06:29:21+00:00","og_image":[{"width":600,"height":400,"url":"https:\/\/gelidsolutions.com\/wp-content\/uploads\/2022\/05\/cpu_cooler_silent_SIBERIAN_PRO_1-1.jpg","type":"image\/jpeg"}],"twitter_card":"summary_large_image","twitter_misc":{"Gesch\u00e4tzte Lesezeit":"1\u00a0Minute"},"schema":{"@context":"https:\/\/schema.org","@graph":[{"@type":"WebPage","@id":"https:\/\/gelidsolutions.com\/de\/produkt\/cpu-cooler-siberian-pro\/","url":"https:\/\/gelidsolutions.com\/de\/produkt\/cpu-cooler-siberian-pro\/","name":"SIBERIAN PRO - Gelid Solutions","isPartOf":{"@id":"https:\/\/gelidsolutions.com\/de\/#website"},"primaryImageOfPage":{"@id":"https:\/\/gelidsolutions.com\/de\/produkt\/cpu-cooler-siberian-pro\/#primaryimage"},"image":{"@id":"https:\/\/gelidsolutions.com\/de\/produkt\/cpu-cooler-siberian-pro\/#primaryimage"},"thumbnailUrl":"https:\/\/gelidsolutions.com\/wp-content\/uploads\/2022\/05\/cpu_cooler_silent_SIBERIAN_PRO_1-1.jpg","datePublished":"2016-08-01T22:55:00+00:00","dateModified":"2022-06-18T06:29:21+00:00","breadcrumb":{"@id":"https:\/\/gelidsolutions.com\/de\/produkt\/cpu-cooler-siberian-pro\/#breadcrumb"},"inLanguage":"de","potentialAction":[{"@type":"ReadAction","target":["https:\/\/gelidsolutions.com\/de\/produkt\/cpu-cooler-siberian-pro\/"]}]},{"@type":"ImageObject","inLanguage":"de","@id":"https:\/\/gelidsolutions.com\/de\/produkt\/cpu-cooler-siberian-pro\/#primaryimage","url":"https:\/\/gelidsolutions.com\/wp-content\/uploads\/2022\/05\/cpu_cooler_silent_SIBERIAN_PRO_1-1.jpg","contentUrl":"https:\/\/gelidsolutions.com\/wp-content\/uploads\/2022\/05\/cpu_cooler_silent_SIBERIAN_PRO_1-1.jpg","width":600,"height":400},{"@type":"BreadcrumbList","@id":"https:\/\/gelidsolutions.com\/de\/produkt\/cpu-cooler-siberian-pro\/#breadcrumb","itemListElement":[{"@type":"ListItem","position":1,"name":"Home","item":"https:\/\/gelidsolutions.com\/de\/"},{"@type":"ListItem","position":2,"name":"Shop","item":"https:\/\/gelidsolutions.com\/shop\/"},{"@type":"ListItem","position":3,"name":"SIBERIAN PRO"}]},{"@type":"WebSite","@id":"https:\/\/gelidsolutions.com\/de\/#website","url":"https:\/\/gelidsolutions.com\/de\/","name":"Gelid Solutions","description":"","publisher":{"@id":"https:\/\/gelidsolutions.com\/de\/#organization"},"potentialAction":[{"@type":"SearchAction","target":{"@type":"EntryPoint","urlTemplate":"https:\/\/gelidsolutions.com\/de\/?s={search_term_string}"},"query-input":{"@type":"PropertyValueSpecification","valueRequired":true,"valueName":"search_term_string"}}],"inLanguage":"de"},{"@type":"Organization","@id":"https:\/\/gelidsolutions.com\/de\/#organization","name":"Gelid Solutions","url":"https:\/\/gelidsolutions.com\/de\/","logo":{"@type":"ImageObject","inLanguage":"de","@id":"https:\/\/gelidsolutions.com\/de\/#\/schema\/logo\/image\/","url":"https:\/\/gelidsolutions.com\/wp-content\/uploads\/2022\/06\/logo_white_104_104.gif","contentUrl":"https:\/\/gelidsolutions.com\/wp-content\/uploads\/2022\/06\/logo_white_104_104.gif","width":104,"height":104,"caption":"Gelid Solutions"},"image":{"@id":"https:\/\/gelidsolutions.com\/de\/#\/schema\/logo\/image\/"}}]}},"_links":{"self":[{"href":"https:\/\/gelidsolutions.com\/de\/wp-json\/wp\/v2\/product\/113745","targetHints":{"allow":["GET"]}}],"collection":[{"href":"https:\/\/gelidsolutions.com\/de\/wp-json\/wp\/v2\/product"}],"about":[{"href":"https:\/\/gelidsolutions.com\/de\/wp-json\/wp\/v2\/types\/product"}],"replies":[{"embeddable":true,"href":"https:\/\/gelidsolutions.com\/de\/wp-json\/wp\/v2\/comments?post=113745"}],"wp:featuredmedia":[{"embeddable":true,"href":"https:\/\/gelidsolutions.com\/de\/wp-json\/wp\/v2\/media\/108134"}],"wp:attachment":[{"href":"https:\/\/gelidsolutions.com\/de\/wp-json\/wp\/v2\/media?parent=113745"}],"wp:term":[{"taxonomy":"product_cat","embeddable":true,"href":"https:\/\/gelidsolutions.com\/de\/wp-json\/wp\/v2\/product_cat?post=113745"},{"taxonomy":"product_tag","embeddable":true,"href":"https:\/\/gelidsolutions.com\/de\/wp-json\/wp\/v2\/product_tag?post=113745"}],"curies":[{"name":"wp","href":"https:\/\/api.w.org\/{rel}","templated":true}]}}