{"id":113748,"date":"2016-08-02T06:42:00","date_gmt":"2016-08-01T22:42:00","guid":{"rendered":"https:\/\/localhost\/gelidsolutions\/product\/cpu-cooler-rev-4-tranquillo-2\/"},"modified":"2022-06-18T06:52:00","modified_gmt":"2022-06-18T06:52:00","slug":"cpu-cooler-rev-4-tranquillo-2","status":"publish","type":"product","link":"https:\/\/gelidsolutions.com\/de\/produkt\/cpu-cooler-rev-4-tranquillo-2\/","title":{"rendered":"REV.4 TRANQUILLO"},"content":{"rendered":"<p><em><strong>Rev. 4 Tranquillo (CC-TranQ-04-B)<\/strong><\/em><br \/>\nLeiser CPU-K\u00fchler<\/p>\n<p>&nbsp;<\/p>\n<p><em><strong>Anwendungsbereich:<\/strong><\/em><\/p>\n<p><strong>Intel<\/strong> Socket 775, 1366, 2011*, 2066*, 1150, 1155, 1156, 1151 &amp; 1200<\/p>\n<p>CPU: Alle Pentium D\/ Pentium 4\/ All Celeron D\/ All Pentium Dual-Core\/ Extreme\/ All Core 2 Extreme\/ Core 2 Quad\/ Core 2 Duo, Core i5, Core i7, Core i9<br \/>\n<strong>AMD<\/strong> Socket AM2, AM2+, AM3, AM3+, AM4, FM1, FM2 &amp; FM2+<br \/>\nCPU: Alle Athlon 64 X2, Athlon 64, All Athlon 64 FX, Opteron, Sempron, Phenom, Phenom II, Ryzen<\/p>\n<p>&nbsp;<\/p>\n<p><em>*Der Montageclip f\u00fcr die Buchse 2011\/2066 muss separat erworben werden.<\/em><\/p>\n<p>&nbsp;<\/p>\n<p><em>Alle Marken und Warenzeichen sind Eigentum ihrer jeweiligen Inhaber.<\/em><\/p>\n<p>&nbsp;<\/p>\n<p>Der Tower-CPU-K\u00fchler \u201eRev. 4 Tranquillo \u201cverwendet 4 Power W\u00e4rmeleitungen und eine besondere W\u00e4rmeleitungs-Konstellation, um die beste W\u00e4rme\u00fcbertragung vom CPU-Kern auf die Aluminiumlamellen zu erzielen.<\/p>\n<p>&nbsp;<\/p>\n<p>Wie das urspr\u00fcngliche Design verwendet der <em> Rev. 4 Tranquillo <\/em>, 4 Power W\u00e4rmeleitungen und eine einzigartige W\u00e4rmeleitungs-Konstellation, verf\u00fcgt jedoch dar\u00fcber hinaus \u00fcber eine Reihe neuer Technologien, die implementiert werden, um eine h\u00f6here K\u00fchlleistung zu erzielen. Der <em> Rev. 4 Tranquillo <\/em> verf\u00fcgt \u00fcber die <em> W\u00e4rmeleitung-Direktber\u00fchrungs-Technologie <\/em>, eine direkte thermische Verbindung zwischen dem CPU-Kern und den W\u00e4rmeleitungen. Der neue K\u00fchlk\u00f6rper wird zus\u00e4tzlich durch die <em> einzigartige K\u00fchlk\u00f6rperform-Technologie <\/em> verbessert. Dies ist das Ergebnis pr\u00e4ziser Softwaresimulationen und -berechnungen, die den Luftstr\u00f6mungswiderstand des neuen K\u00fchlk\u00f6rpers erheblich verringern. Die <em> Gestapelte gel\u00f6tete W\u00e4rmeleitungs- und Flossen-Technologie<\/em> bietet die beste Qualit\u00e4t der L\u00f6tverbindungen zwischen W\u00e4rmeleitung und Lamellen und gew\u00e4hrleistet die effizienteste W\u00e4rme\u00fcbertragung innerhalb des neuen K\u00fchlk\u00f6rpers.<\/p>\n<p>&nbsp;<\/p>\n<p>Ein verbesserter 120-mm-L\u00fcfter mit der intelligenten GELID PWM-Steuerung (Pulse Width Module) erg\u00e4nzt den K\u00fchlk\u00f6rper. Die neue <em> Doppelschichtklinge-Technologie <\/em> wird angewendet, um den Luftstrom bei niedriger Geschwindigkeit effizient zu verteilen. Der neu gestaltete PWM-IC eliminiert Klickger\u00e4usche. Die intelligente GELID PWM-Kurve beschleunigt den L\u00fcfter im Drehzahlbereich von 750 U \/ min bis 1600 U \/ min. Sie h\u00e4lt den L\u00fcfter dauerhaft leise, beschleunigt jedoch die Drehzahl, wenn zus\u00e4tzliche K\u00fchlung erforderlich ist. Mit den 2 L\u00fcfterhalterungen kann ein zweiter L\u00fcfter installiert werden, um die K\u00fchlerleistung noch weiter zu verbessern.<\/p>\n<p>&nbsp;<\/p>\n<p><strong><em>Design Konzept:<\/em><\/strong><\/p>\n<p>&nbsp;<\/p>\n<p><strong>1. Verbesserte W\u00e4rmeleitungs-Direktber\u00fchrung<\/strong><\/p>\n<p>Beim Rev.4 Tranquillo ber\u00fchrt die CPU-Oberfl\u00e4che direkt die W\u00e4rmeleitungen, sodass die W\u00e4rme schneller \u00fcbertragen wird als bei einem typischen K\u00fchlk\u00f6rper mit W\u00e4rmeleitungen, die an einer Kupfergrundplatte befestigt sind. Die l\u00fcckenlose B\u00fcndelung der pr\u00e4zise verarbeiteten W\u00e4rmeleitungen gew\u00e4hrleistet dar\u00fcber hinaus die h\u00f6chstm\u00f6gliche Qualit\u00e4t der thermischen Verbindung zwischen CPU und W\u00e4rmeleitung. Keinen Innenwiderstand zwischen den Leitungen und eine 100%-ige Effizienz der W\u00e4rme\u00fcbertragung.<\/p>\n<p>&nbsp;<\/p>\n<p><img loading=\"lazy\" decoding=\"async\" class=\"alignnone wp-image-24695 \" src=\"https:\/\/gelidsolutions.com\/wp-content\/uploads\/2017\/03\/rev4-tranquillo-ehdt.jpg\" alt=\"\" width=\"503\" height=\"283\" \/><\/p>\n<p>&nbsp;<\/p>\n<p><strong>2. Stapel-Flossen Verl\u00f6tung<\/strong><\/p>\n<p>Im Gegensatz zu den anderen K\u00fchlk\u00f6rpern verf\u00fcgt der Rev.4 Tranquillo \u00fcber eine stark verbesserte Technologie durch die Stapel-Flossen Verl\u00f6tung, die Dank der speziellen L\u00f6tstellen den effizientesten W\u00e4rmekontakt zwischen W\u00e4rmeleitung und Lamellen gew\u00e4hrleisten. Die L\u00f6tstellen bieten die h\u00f6chste W\u00e4rmeleitf\u00e4higkeit, sodass die W\u00e4rme auch in diesen Teilen des K\u00fchlk\u00f6rpers effizient \u00fcbertragen wird. Die L\u00f6tstellen unterst\u00fctzen zu dem eine st\u00e4rkere mechanische Integrit\u00e4t des K\u00fchlk\u00f6rpers.<\/p>\n<p>&nbsp;<\/p>\n<p><img loading=\"lazy\" decoding=\"async\" class=\"alignnone wp-image-24710 \" src=\"https:\/\/gelidsolutions.com\/wp-content\/uploads\/2017\/03\/rev4-tranquillo-soldering.jpg\" alt=\"\" width=\"502\" height=\"282\" \/><\/p>\n<p>&nbsp;<\/p>\n<p><strong>3. Vernickelung<\/strong><\/p>\n<p>Eine schlechte Qualit\u00e4t der Lamellenoberfl\u00e4che f\u00fchrt h\u00e4ufig zu verschmutzten oder korrodierten Lamellen, die die W\u00e4rmeleitung verschlechtern und die W\u00e4rmeleistung des K\u00fchlk\u00f6rpers erheblich einschr\u00e4nken. Der Rev.4 Tranquillo verf\u00fcgt \u00fcber eine verbesserte Vernickelung, die eine dauerhafte Qualit\u00e4t der Lamellenoberfl\u00e4che garantiert und somit die effizienteste W\u00e4rme\u00fcbertragung auf die Lamellen gew\u00e4hrleistet.<\/p>\n<p>&nbsp;<\/p>\n<p><img loading=\"lazy\" decoding=\"async\" class=\"alignnone wp-image-24700 \" src=\"https:\/\/gelidsolutions.com\/wp-content\/uploads\/2017\/03\/rev4-tranquillo-plating1.jpg\" alt=\"\" width=\"503\" height=\"283\" \/><\/p>\n<p><img loading=\"lazy\" decoding=\"async\" class=\"alignnone wp-image-24705 \" src=\"https:\/\/gelidsolutions.com\/wp-content\/uploads\/2017\/03\/rev4-tranquillo-plating2.jpg\" alt=\"\" width=\"503\" height=\"283\" \/><\/p>\n<p>&nbsp;<\/p>\n<p>Zusammenfassend ist der Rev.4 Tranquillo bei der W\u00e4rme\u00fcbertragung von einem CPU-Kern zu den K\u00fchlk\u00f6rperlamellen vollst\u00e4ndig optimiert und bietet Ihren Desktops eine verbesserte K\u00fchlung, weniger Rauschen und eine h\u00f6here Produktqualit\u00e4t.<\/p>\n<p>&nbsp;<\/p>\n<p>Die mehrfach preisgekr\u00f6nte Hochleistungs-W\u00e4rmeleitpaste GC Pro ist bereits im Lieferumfang enthalten. Montageclips f\u00fcr mehrere AMD \u2122 CPU-Sockel AM2, AM2 +, AM3, AM3 +, AM4, FM1, FM2 und f\u00fcr Intel \u2122 CPU LGA 775, 1366, 1155, 1156, 1150, 1151 Sockel sowie R\u00fcckplatten f\u00fcr AMD- und Intel-Mainboards sind ebenso enthalten.<\/p>\n<p>&nbsp;<\/p>\n<p>Der K\u00fchler ist RoHS- und WEEE-konform und hat eine Garantie von 5 Jahren.<\/p>\n<p>&nbsp;<\/p>\n<p><em><strong>UVP: USD 39\/ Euro 29<\/strong><\/em><\/p>\n<p>&nbsp;<\/p>\n<p><i>EAN: 4897025781320<\/i><\/p>\n<p>&nbsp;<\/p>\n","protected":false},"excerpt":{"rendered":"<p><b>Merkmale: <\/b><\/p>\n<ul>\n<li>\u00a0 \u00a0 \u00a0 \u00a0 \u25cf 4 Power W\u00e4rmeleitungen mit W\u00e4rmeleitungs-Direktber\u00fchrung<\/li>\n<li>\u00a0 \u00a0 \u00a0 \u00a0 \u25cf Einzigartiges K\u00fchlk\u00f6rperform-Design<\/li>\n<li>\u00a0 \u00a0 \u00a0 \u00a0 \u25cf Stapel-Flossen Verl\u00f6tung<\/li>\n<li>\u00a0 \u00a0 \u00a0 \u00a0 \u25cf PWM-IC ohne Klickrauschen<\/li>\n<li>\u00a0 \u00a0 \u00a0 \u00a0 \u25cf Doppelschicht L\u00fcfterfl\u00fcgel Design<\/li>\n<li>\u00a0 \u00a0 \u00a0 \u00a0 \u25cf 5 Jahre Garantie<\/li>\n<\/ul>\n<p>&nbsp;<\/p>\n<table style=\"width: 320px\">\n<tbody>\n<tr>\n<td style=\"padding: 5px 5px\">[vc_single_image image=\"30883\" img_size=\"full\" onclick=\"custom_link\" qode_css_animation=\"element_from_fade\" qode_hover_animation=\"zoom_in\" link=\"https:\/\/pixelfy.me\/gelid-tranquillo4-cpu-cooler\"]<\/td>\n<td style=\"padding: 5px 5px\">[vc_single_image image=\"32804\" img_size=\"full\" onclick=\"custom_link\" qode_css_animation=\"element_from_fade\" qode_hover_animation=\"zoom_in\" link=\"https:\/\/gelidstore.com\/collections\/cpu-cooler\/products\/rev-4-tranquillo\"]<\/td>\n<\/tr>\n<\/tbody>\n<\/table>\n<p>&nbsp;<\/p>\n","protected":false},"featured_media":108233,"comment_status":"closed","ping_status":"closed","template":"","meta":{"_acf_changed":false},"product_cat":[548,549,591],"product_tag":[559,560,553],"class_list":{"0":"post-113748","1":"product","2":"type-product","3":"status-publish","4":"has-post-thumbnail","6":"product_cat-award-winning-thermal-solutions-collections-de","7":"product_cat-collections-de","8":"product_cat-silent-cpu-cooler-archive-product-archive-de","9":"product_tag-cpu-kuhler","10":"product_tag-leiser-cpu-kuhler","11":"product_tag-thermal-solution-de","13":"first","14":"outofstock","15":"taxable","16":"shipping-taxable","17":"purchasable","18":"product-type-simple"},"supplier_id":null,"supplier_sku":"","barcode":"4897025781320","atum_controlled":true,"out_stock_date":"2022-07-12 14:17:59","out_stock_threshold":null,"inheritable":false,"inbound_stock":null,"stock_on_hold":0,"sold_today":0,"sales_last_days":0,"reserved_stock":null,"customer_returns":null,"warehouse_damage":null,"lost_in_post":null,"other_logs":null,"out_stock_days":1402,"lost_sales":0,"has_location":false,"update_date":"2026-05-15T00:02:50","atum_locations":[],"atum_stock_status":"outofstock","restock_status":false,"low_stock_amount":"","sales_update_date":"2026-05-15T00:02:50","calc_backorders":null,"acf":[],"yoast_head":"<!-- This site is optimized with the Yoast SEO plugin v27.6 - https:\/\/yoast.com\/product\/yoast-seo-wordpress\/ -->\n<title>REV.4 TRANQUILLO - Gelid Solutions<\/title>\n<meta name=\"robots\" content=\"index, follow, max-snippet:-1, max-image-preview:large, max-video-preview:-1\" \/>\n<link rel=\"canonical\" href=\"https:\/\/gelidsolutions.com\/de\/produkt\/cpu-cooler-rev-4-tranquillo-2\/\" \/>\n<meta property=\"og:locale\" content=\"de_DE\" \/>\n<meta property=\"og:type\" content=\"article\" \/>\n<meta property=\"og:title\" content=\"REV.4 TRANQUILLO - Gelid Solutions\" \/>\n<meta property=\"og:description\" content=\"Merkmale:    \u00a0 \u00a0 \u00a0 \u00a0 \u25cf 4 Power W\u00e4rmeleitungen mit W\u00e4rmeleitungs-Direktber\u00fchrung  \u00a0 \u00a0 \u00a0 \u00a0 \u25cf Einzigartiges K\u00fchlk\u00f6rperform-Design  \u00a0 \u00a0 \u00a0 \u00a0 \u25cf Stapel-Flossen Verl\u00f6tung  \u00a0 \u00a0 \u00a0 \u00a0 \u25cf PWM-IC ohne Klickrauschen  \u00a0 \u00a0 \u00a0 \u00a0 \u25cf Doppelschicht L\u00fcfterfl\u00fcgel Design  \u00a0 \u00a0 \u00a0 \u00a0 \u25cf 5 Jahre Garantie   &nbsp;           &nbsp;\" \/>\n<meta property=\"og:url\" content=\"https:\/\/gelidsolutions.com\/de\/produkt\/cpu-cooler-rev-4-tranquillo-2\/\" \/>\n<meta property=\"og:site_name\" content=\"Gelid Solutions\" \/>\n<meta property=\"article:modified_time\" content=\"2022-06-18T06:52:00+00:00\" \/>\n<meta property=\"og:image\" content=\"https:\/\/gelidsolutions.com\/wp-content\/uploads\/2022\/05\/cpu_cooler_silent_REV4_TRANQUILLO_1.jpg\" \/>\n\t<meta property=\"og:image:width\" content=\"600\" \/>\n\t<meta property=\"og:image:height\" content=\"400\" \/>\n\t<meta property=\"og:image:type\" content=\"image\/jpeg\" \/>\n<meta name=\"twitter:card\" content=\"summary_large_image\" \/>\n<meta name=\"twitter:label1\" content=\"Gesch\u00e4tzte Lesezeit\" \/>\n\t<meta name=\"twitter:data1\" content=\"3\u00a0Minuten\" \/>\n<script type=\"application\/ld+json\" class=\"yoast-schema-graph\">{\"@context\":\"https:\\\/\\\/schema.org\",\"@graph\":[{\"@type\":\"WebPage\",\"@id\":\"https:\\\/\\\/gelidsolutions.com\\\/de\\\/produkt\\\/cpu-cooler-rev-4-tranquillo-2\\\/\",\"url\":\"https:\\\/\\\/gelidsolutions.com\\\/de\\\/produkt\\\/cpu-cooler-rev-4-tranquillo-2\\\/\",\"name\":\"REV.4 TRANQUILLO - Gelid Solutions\",\"isPartOf\":{\"@id\":\"https:\\\/\\\/gelidsolutions.com\\\/de\\\/#website\"},\"primaryImageOfPage\":{\"@id\":\"https:\\\/\\\/gelidsolutions.com\\\/de\\\/produkt\\\/cpu-cooler-rev-4-tranquillo-2\\\/#primaryimage\"},\"image\":{\"@id\":\"https:\\\/\\\/gelidsolutions.com\\\/de\\\/produkt\\\/cpu-cooler-rev-4-tranquillo-2\\\/#primaryimage\"},\"thumbnailUrl\":\"https:\\\/\\\/gelidsolutions.com\\\/wp-content\\\/uploads\\\/2022\\\/05\\\/cpu_cooler_silent_REV4_TRANQUILLO_1.jpg\",\"datePublished\":\"2016-08-01T22:42:00+00:00\",\"dateModified\":\"2022-06-18T06:52:00+00:00\",\"breadcrumb\":{\"@id\":\"https:\\\/\\\/gelidsolutions.com\\\/de\\\/produkt\\\/cpu-cooler-rev-4-tranquillo-2\\\/#breadcrumb\"},\"inLanguage\":\"de\",\"potentialAction\":[{\"@type\":\"ReadAction\",\"target\":[\"https:\\\/\\\/gelidsolutions.com\\\/de\\\/produkt\\\/cpu-cooler-rev-4-tranquillo-2\\\/\"]}]},{\"@type\":\"ImageObject\",\"inLanguage\":\"de\",\"@id\":\"https:\\\/\\\/gelidsolutions.com\\\/de\\\/produkt\\\/cpu-cooler-rev-4-tranquillo-2\\\/#primaryimage\",\"url\":\"https:\\\/\\\/gelidsolutions.com\\\/wp-content\\\/uploads\\\/2022\\\/05\\\/cpu_cooler_silent_REV4_TRANQUILLO_1.jpg\",\"contentUrl\":\"https:\\\/\\\/gelidsolutions.com\\\/wp-content\\\/uploads\\\/2022\\\/05\\\/cpu_cooler_silent_REV4_TRANQUILLO_1.jpg\",\"width\":600,\"height\":400},{\"@type\":\"BreadcrumbList\",\"@id\":\"https:\\\/\\\/gelidsolutions.com\\\/de\\\/produkt\\\/cpu-cooler-rev-4-tranquillo-2\\\/#breadcrumb\",\"itemListElement\":[{\"@type\":\"ListItem\",\"position\":1,\"name\":\"Home\",\"item\":\"https:\\\/\\\/gelidsolutions.com\\\/de\\\/\"},{\"@type\":\"ListItem\",\"position\":2,\"name\":\"Shop\",\"item\":\"https:\\\/\\\/gelidsolutions.com\\\/shop\\\/\"},{\"@type\":\"ListItem\",\"position\":3,\"name\":\"REV.4 TRANQUILLO\"}]},{\"@type\":\"WebSite\",\"@id\":\"https:\\\/\\\/gelidsolutions.com\\\/de\\\/#website\",\"url\":\"https:\\\/\\\/gelidsolutions.com\\\/de\\\/\",\"name\":\"Gelid Solutions\",\"description\":\"\",\"publisher\":{\"@id\":\"https:\\\/\\\/gelidsolutions.com\\\/de\\\/#organization\"},\"potentialAction\":[{\"@type\":\"SearchAction\",\"target\":{\"@type\":\"EntryPoint\",\"urlTemplate\":\"https:\\\/\\\/gelidsolutions.com\\\/de\\\/?s={search_term_string}\"},\"query-input\":{\"@type\":\"PropertyValueSpecification\",\"valueRequired\":true,\"valueName\":\"search_term_string\"}}],\"inLanguage\":\"de\"},{\"@type\":\"Organization\",\"@id\":\"https:\\\/\\\/gelidsolutions.com\\\/de\\\/#organization\",\"name\":\"Gelid Solutions\",\"url\":\"https:\\\/\\\/gelidsolutions.com\\\/de\\\/\",\"logo\":{\"@type\":\"ImageObject\",\"inLanguage\":\"de\",\"@id\":\"https:\\\/\\\/gelidsolutions.com\\\/de\\\/#\\\/schema\\\/logo\\\/image\\\/\",\"url\":\"https:\\\/\\\/gelidsolutions.com\\\/wp-content\\\/uploads\\\/2022\\\/06\\\/logo_white_104_104.gif\",\"contentUrl\":\"https:\\\/\\\/gelidsolutions.com\\\/wp-content\\\/uploads\\\/2022\\\/06\\\/logo_white_104_104.gif\",\"width\":104,\"height\":104,\"caption\":\"Gelid Solutions\"},\"image\":{\"@id\":\"https:\\\/\\\/gelidsolutions.com\\\/de\\\/#\\\/schema\\\/logo\\\/image\\\/\"}}]}<\/script>\n<!-- \/ Yoast SEO plugin. -->","yoast_head_json":{"title":"REV.4 TRANQUILLO - Gelid Solutions","robots":{"index":"index","follow":"follow","max-snippet":"max-snippet:-1","max-image-preview":"max-image-preview:large","max-video-preview":"max-video-preview:-1"},"canonical":"https:\/\/gelidsolutions.com\/de\/produkt\/cpu-cooler-rev-4-tranquillo-2\/","og_locale":"de_DE","og_type":"article","og_title":"REV.4 TRANQUILLO - Gelid Solutions","og_description":"Merkmale:    \u00a0 \u00a0 \u00a0 \u00a0 \u25cf 4 Power W\u00e4rmeleitungen mit W\u00e4rmeleitungs-Direktber\u00fchrung  \u00a0 \u00a0 \u00a0 \u00a0 \u25cf Einzigartiges K\u00fchlk\u00f6rperform-Design  \u00a0 \u00a0 \u00a0 \u00a0 \u25cf Stapel-Flossen Verl\u00f6tung  \u00a0 \u00a0 \u00a0 \u00a0 \u25cf PWM-IC ohne Klickrauschen  \u00a0 \u00a0 \u00a0 \u00a0 \u25cf Doppelschicht L\u00fcfterfl\u00fcgel Design  \u00a0 \u00a0 \u00a0 \u00a0 \u25cf 5 Jahre Garantie   &nbsp;           &nbsp;","og_url":"https:\/\/gelidsolutions.com\/de\/produkt\/cpu-cooler-rev-4-tranquillo-2\/","og_site_name":"Gelid Solutions","article_modified_time":"2022-06-18T06:52:00+00:00","og_image":[{"width":600,"height":400,"url":"https:\/\/gelidsolutions.com\/wp-content\/uploads\/2022\/05\/cpu_cooler_silent_REV4_TRANQUILLO_1.jpg","type":"image\/jpeg"}],"twitter_card":"summary_large_image","twitter_misc":{"Gesch\u00e4tzte Lesezeit":"3\u00a0Minuten"},"schema":{"@context":"https:\/\/schema.org","@graph":[{"@type":"WebPage","@id":"https:\/\/gelidsolutions.com\/de\/produkt\/cpu-cooler-rev-4-tranquillo-2\/","url":"https:\/\/gelidsolutions.com\/de\/produkt\/cpu-cooler-rev-4-tranquillo-2\/","name":"REV.4 TRANQUILLO - Gelid Solutions","isPartOf":{"@id":"https:\/\/gelidsolutions.com\/de\/#website"},"primaryImageOfPage":{"@id":"https:\/\/gelidsolutions.com\/de\/produkt\/cpu-cooler-rev-4-tranquillo-2\/#primaryimage"},"image":{"@id":"https:\/\/gelidsolutions.com\/de\/produkt\/cpu-cooler-rev-4-tranquillo-2\/#primaryimage"},"thumbnailUrl":"https:\/\/gelidsolutions.com\/wp-content\/uploads\/2022\/05\/cpu_cooler_silent_REV4_TRANQUILLO_1.jpg","datePublished":"2016-08-01T22:42:00+00:00","dateModified":"2022-06-18T06:52:00+00:00","breadcrumb":{"@id":"https:\/\/gelidsolutions.com\/de\/produkt\/cpu-cooler-rev-4-tranquillo-2\/#breadcrumb"},"inLanguage":"de","potentialAction":[{"@type":"ReadAction","target":["https:\/\/gelidsolutions.com\/de\/produkt\/cpu-cooler-rev-4-tranquillo-2\/"]}]},{"@type":"ImageObject","inLanguage":"de","@id":"https:\/\/gelidsolutions.com\/de\/produkt\/cpu-cooler-rev-4-tranquillo-2\/#primaryimage","url":"https:\/\/gelidsolutions.com\/wp-content\/uploads\/2022\/05\/cpu_cooler_silent_REV4_TRANQUILLO_1.jpg","contentUrl":"https:\/\/gelidsolutions.com\/wp-content\/uploads\/2022\/05\/cpu_cooler_silent_REV4_TRANQUILLO_1.jpg","width":600,"height":400},{"@type":"BreadcrumbList","@id":"https:\/\/gelidsolutions.com\/de\/produkt\/cpu-cooler-rev-4-tranquillo-2\/#breadcrumb","itemListElement":[{"@type":"ListItem","position":1,"name":"Home","item":"https:\/\/gelidsolutions.com\/de\/"},{"@type":"ListItem","position":2,"name":"Shop","item":"https:\/\/gelidsolutions.com\/shop\/"},{"@type":"ListItem","position":3,"name":"REV.4 TRANQUILLO"}]},{"@type":"WebSite","@id":"https:\/\/gelidsolutions.com\/de\/#website","url":"https:\/\/gelidsolutions.com\/de\/","name":"Gelid Solutions","description":"","publisher":{"@id":"https:\/\/gelidsolutions.com\/de\/#organization"},"potentialAction":[{"@type":"SearchAction","target":{"@type":"EntryPoint","urlTemplate":"https:\/\/gelidsolutions.com\/de\/?s={search_term_string}"},"query-input":{"@type":"PropertyValueSpecification","valueRequired":true,"valueName":"search_term_string"}}],"inLanguage":"de"},{"@type":"Organization","@id":"https:\/\/gelidsolutions.com\/de\/#organization","name":"Gelid Solutions","url":"https:\/\/gelidsolutions.com\/de\/","logo":{"@type":"ImageObject","inLanguage":"de","@id":"https:\/\/gelidsolutions.com\/de\/#\/schema\/logo\/image\/","url":"https:\/\/gelidsolutions.com\/wp-content\/uploads\/2022\/06\/logo_white_104_104.gif","contentUrl":"https:\/\/gelidsolutions.com\/wp-content\/uploads\/2022\/06\/logo_white_104_104.gif","width":104,"height":104,"caption":"Gelid Solutions"},"image":{"@id":"https:\/\/gelidsolutions.com\/de\/#\/schema\/logo\/image\/"}}]}},"_links":{"self":[{"href":"https:\/\/gelidsolutions.com\/de\/wp-json\/wp\/v2\/product\/113748","targetHints":{"allow":["GET"]}}],"collection":[{"href":"https:\/\/gelidsolutions.com\/de\/wp-json\/wp\/v2\/product"}],"about":[{"href":"https:\/\/gelidsolutions.com\/de\/wp-json\/wp\/v2\/types\/product"}],"replies":[{"embeddable":true,"href":"https:\/\/gelidsolutions.com\/de\/wp-json\/wp\/v2\/comments?post=113748"}],"wp:featuredmedia":[{"embeddable":true,"href":"https:\/\/gelidsolutions.com\/de\/wp-json\/wp\/v2\/media\/108233"}],"wp:attachment":[{"href":"https:\/\/gelidsolutions.com\/de\/wp-json\/wp\/v2\/media?parent=113748"}],"wp:term":[{"taxonomy":"product_cat","embeddable":true,"href":"https:\/\/gelidsolutions.com\/de\/wp-json\/wp\/v2\/product_cat?post=113748"},{"taxonomy":"product_tag","embeddable":true,"href":"https:\/\/gelidsolutions.com\/de\/wp-json\/wp\/v2\/product_tag?post=113748"}],"curies":[{"name":"wp","href":"https:\/\/api.w.org\/{rel}","templated":true}]}}