{"id":113751,"date":"2016-08-02T06:39:00","date_gmt":"2016-08-02T06:39:00","guid":{"rendered":"https:\/\/localhost\/gelidsolutions\/product\/cpu-cooler-silent-spirit\/"},"modified":"2022-06-18T06:56:36","modified_gmt":"2022-06-18T06:56:36","slug":"cpu-cooler-silent-spirit","status":"publish","type":"product","link":"https:\/\/gelidsolutions.com\/de\/produkt\/cpu-cooler-silent-spirit\/","title":{"rendered":"SILENT SPIRIT"},"content":{"rendered":"<p><b><i>Silent Spirit <\/i><\/b><i>(CC-Spirit-01)\u00a0<\/i><\/p>\n<p>&nbsp;<\/p>\n<p><b><i>Applikationen:<\/i><\/b><\/p>\n<p><b>Intel<\/b> Sockel 775, <b>1366<\/b>*, 1155 and 1156<br \/>\nCPU: Alle Pentium D\/ Pentium 4, alle Celeron D, alle Pentium Dual-Core\/ Extreme, alle Core 2 Extreme\/ Core 2 Quad\/ Core 2 Duo, <a href=\"https:\/\/gelidsolutions.com\/product-pdf\/index.php?lid=2&amp;cid=11&amp;id=36\">Core i7\u00a0920*,<\/a>\u00a0<i>(Nicht empfohlen f\u00fcr Corei7 940 &#8211; 975 CPU)<\/i><\/p>\n<p>&nbsp;<\/p>\n<p><b>AMD<\/b> Sockel 754\/ 939\/ 940\/ AM2\/ AM2+\/ AM3\/ FM1:<br \/>\nCPU: Alle Athlon 64 X2, Athlon 64, alle Athlon 64 FX, Opteron, Sempron, Phenom bis zu 9850BE, Phenom II bis zu 920, <i>(<\/i><i>Nicht empfohlen f\u00fcr <\/i><i>Phenom II 940 und 955 CPU)<\/i><\/p>\n<p><a href=\"https:\/\/gelidsolutions.com\/product-pdf\/index.php?lid=2&amp;cid=11&amp;id=36\" target=\"_blank\" rel=\"noopener\">*Mounting Clip f<\/a><a href=\"https:\/\/gelidsolutions.com\/product-pdf\/index.php?lid=2&amp;cid=11&amp;id=36\" target=\"_blank\" rel=\"noopener\"><i>\u00fc<\/i><\/a><a href=\"https:\/\/gelidsolutions.com\/product-pdf\/index.php?lid=2&amp;cid=11&amp;id=36\" target=\"_blank\" rel=\"noopener\">r 1366 Socket wird separt erh\u00e4ltlich.<\/a><\/p>\n<p>Alle Marken-und Warenzeichen sind Eigentum ihrer jeweiligen Besitzer.<\/p>\n<p>&nbsp;<\/p>\n<p><b><i>Designkonzept von Silent Spirit:<\/i><\/b><\/p>\n<p>a) L\u00fcfter Design<\/p>\n<p>Der Top-Flow-K\u00fchler &#8222;Silent Spirit&#8220; folgt einem offenen Rahmenkonzept, Design und Ausma\u00dfe wurden verbessert, um Brummen und Summen zu unterdr\u00fccken bei gleichzeitiger Gew\u00e4hrleistung einer kompakten Gr\u00f6\u00dfe. Der 92mm-L\u00fcfter wurde gew\u00e4hlt, da er einen ger\u00e4uscharmen Betrieb und hohe Luftzirkulation garantiert und kommt mit einer intelligenten PWM-Steuerung, damit der Benutzer die L\u00fcfterdrehzahl in seinem BIOS entsprechend einstellen kann. Dazu sind Anti-Vibrations-Schrauben verwendet, welche aus hochwertigem Gummi sind und somit eine lange Lebensdauer auch bei hohen Temperaturen garantiert.<\/p>\n<p>Durch pr\u00e4zise Berechnungen und durch Prototyp-Tests w\u00e4hrend der Entwicklungsphase, haben unsere Lautlos-Produktentwickler den Schluss gezogen, dass<\/p>\n<p>1. der optimale Abstand zwischen den oberen Rippen und dem Silent Spirit L\u00fcfterfl\u00fcgel etwa <span class=\"question\"><b>5 bis 5.5<\/b> <b>mm<\/b><\/span>betr\u00e4gt, um minimale Str\u00f6mungen zu erreichen, die durch die Unterst\u00fctzung der oberen Rippe eine minimale H\u00f6he garantieren.<\/p>\n<p>2. die optimale Distanze zwischen dem L\u00fcfterhalter und dem \u00e4ussersten Durchmesser vom L\u00fcfter des Silent Spirit ist ca.<span class=\"question\"><b>9 mm<\/b><\/span><b> <\/b>garantiert kleinste Turbulenzen, welche am Aussenhalter entstehen.<\/p>\n<p>3. die Position des Kabels muss einen kleinstm\u00f6glichen Wiederstand darstellen, um Luftverwirbelungen zu vermeiden.<\/p>\n<p>4. Dank der GELID inteligent PWM-Technologie ist es m\u00f6glich, ger\u00e4uscharmen Betrieb bei niedriger CPU-Temperatur zu erwirken und die L\u00fcftergeschwindigkeit anzuheben, wenn die CPU-Temperatur h\u00f6her ist.<\/p>\n<p><img loading=\"lazy\" decoding=\"async\" src=\"https:\/\/gelidsolutions.com\/clients\/gelid\/userfiles\/image\/pwm_curves_set_480_250(3).gif\" alt=\"\" width=\"480\" height=\"250\" border=\"0\" \/><\/p>\n<p>Bildlegende: Nicht-lineare GELID inteligence PWM-Kurve<\/p>\n<p>&nbsp;<\/p>\n<p>5. Vier Gummischrauben sollten montiert werden, um auch nur die geringste Vibrationen aus dem laufenden L\u00fcfter zu vermeiden.<\/p>\n<p><img loading=\"lazy\" decoding=\"async\" src=\"https:\/\/gelidsolutions.com\/clients\/gelid\/userfiles\/image\/IMG_3623_r1_480_360.gif\" alt=\"\" width=\"480\" height=\"360\" border=\"0\" \/><\/p>\n<p>Bildlegende: Gummi Anti-Vibration Bolzen<\/p>\n<p>&nbsp;<\/p>\n<p>b) K\u00fchlk\u00f6rper Design<\/p>\n<p>Der L\u00fcfter auf dem K\u00fchlk\u00f6rper hat eine optimale Position und einen optimalen Winkel, um die Nutzung der K\u00fchlluft zu 100% zu garantieren.<\/p>\n<p><img loading=\"lazy\" decoding=\"async\" src=\"https:\/\/gelidsolutions.com\/clients\/gelid\/userfiles\/image\/IMG_3624_r1_480_360.gif\" alt=\"\" width=\"480\" height=\"360\" border=\"0\" \/><\/p>\n<p>Bildlegende: optimale Position und Winkel des L\u00fcfters auf K\u00fchlk\u00f6rper<\/p>\n<p>&nbsp;<\/p>\n<p>Das Design der K\u00fchlk\u00f6rper enth\u00e4lt zwei wichtige Elemente a) einzigartige Rippen Architektur und b) K\u00fchlk\u00f6rper Ausrichtungswinkel.<img loading=\"lazy\" decoding=\"async\" src=\"https:\/\/gelidsolutions.com\/clients\/gelid\/userfiles\/image\/IMG_3627_r1_480_360.gif\" alt=\"\" width=\"480\" height=\"360\" border=\"0\" \/><\/p>\n<p>Bildlegende: Einzigartige Architektur &amp; einzigartiger Winkel der Heatsinks<\/p>\n<p>&nbsp;<\/p>\n<p>1. Die genaue Berechnung der Lamellenanordnung und -architektur kann die Luft von dem L\u00fcfter gleichm\u00e4\u00dfig durch alle Bereiche der Lamellen ziehen, um die K\u00fchlleistung noch einmal zu steigern.<br \/>\n<img loading=\"lazy\" decoding=\"async\" src=\"https:\/\/gelidsolutions.com\/clients\/gelid\/userfiles\/image\/IMG_3630_r1_480_3600(5).gif\" alt=\"\" width=\"480\" height=\"360\" border=\"0\" \/><\/p>\n<p>&nbsp;<\/p>\n<p>Bildlegende: Einzigartiges Lamellenarrangement und -architektur<\/p>\n<p>&nbsp;<\/p>\n<p>2. Der einzigartige K\u00fchlk\u00f6rperwinkel tr\u00e4gt zur K\u00fchlung der Komponenten rund um die CPU bei ohne einen R\u00fcckstrom der Luft. Auch der absichtliche Winkel und die Heatpipe-Verteilung sorgt f\u00fcr konstanten Fl\u00fcssigkeitsstrom in den Heatpipes um die Stabilit\u00e4t der W\u00e4rme\u00fcbertragung zu garantieren.<img loading=\"lazy\" decoding=\"async\" src=\"https:\/\/gelidsolutions.com\/clients\/gelid\/userfiles\/image\/IMG_3625_r1_480_360(1).gif\" alt=\"\" width=\"480\" height=\"360\" border=\"0\" \/><\/p>\n<p>Bildlegende: Einzigartiger Winkel des K\u00fchlk\u00f6rper zur K\u00fchlung der Komponenten rund um die CPU.<\/p>\n<p>&nbsp;<\/p>\n<p>3. Vier Hochleistungs-Heatpipes verl\u00f6tet auf einer Kupfer-Basis mit voller, runder Form, die sicherstellen, dass die W\u00e4rme von Single Core, Dual-oder Quad-Core CPUs gleichm\u00e4\u00dfig auf 4 Heatpipes verteilt wird.<\/p>\n<p>&nbsp;<\/p>\n<p><img loading=\"lazy\" decoding=\"async\" src=\"https:\/\/gelidsolutions.com\/clients\/gelid\/userfiles\/image\/IMG_3632_r1_480_360.gif\" alt=\"\" width=\"480\" height=\"360\" border=\"0\" \/><\/p>\n<p>Bildlegende: 4 Hochleistungsheatpipe<\/p>\n<p>&nbsp;<\/p>\n<p>4. Der vernickelte Aluminium-K\u00fchlk\u00f6rper im Zusammenhang mit der Heatpipe-und Kupfer-Verl\u00f6tung, um sicherzustellen, dass die W\u00e4rme\u00fcbertragung in jedem Bereich der Heatpipe voll ausgelastet werden kann und auch verhindert, dass ein W\u00e4rmestauproblem bei niedriger Drehzahl entsteht wie traditionellen Towerk\u00fchlk\u00f6rpern.<\/p>\n<p>&nbsp;<\/p>\n<p><img loading=\"lazy\" decoding=\"async\" src=\"https:\/\/gelidsolutions.com\/clients\/gelid\/userfiles\/image\/IMG_3629_r1_480_360.gif\" alt=\"\" width=\"480\" height=\"360\" border=\"0\" \/><\/p>\n<p>Bildlegendeterschrift: vernickelte Aluminium-K\u00fchlk\u00f6rper<\/p>\n<p>&nbsp;<\/p>\n<p><i><b>UVP: USD 35 \/ Euro 27<\/b><\/i><\/p>\n<p>&nbsp;<\/p>\n","protected":false},"excerpt":{"rendered":"<p><b>Merkmale: <\/b><\/p>\n<ul>\n<li>\u25cf Quad Heatpipes<\/li>\n<li>\u25cf Einzigartige Lammellenarchitektur<\/li>\n<li>\u25cf Spezielles K\u00fchlk\u00f6rper-Winkel-Design<\/li>\n<li>\u25cf Optimiertes Luftstromkonzept<\/li>\n<li>\u25cf Intelligente PWM Steuerung<\/li>\n<li>\u25cf Anti-Vibration Bolzen<\/li>\n<\/ul>\n<p>&nbsp;<\/p>\n","protected":false},"featured_media":108289,"comment_status":"closed","ping_status":"closed","template":"","meta":{"_acf_changed":false},"product_cat":[313],"product_tag":[],"class_list":{"0":"post-113751","1":"product","2":"type-product","3":"status-publish","4":"has-post-thumbnail","6":"product_cat-archiv","8":"first","9":"outofstock","10":"taxable","11":"shipping-taxable","12":"purchasable","13":"product-type-simple"},"supplier_id":null,"supplier_sku":"CC-Spirit-01","barcode":null,"atum_controlled":true,"out_stock_date":"2022-07-12 14:17:59","out_stock_threshold":null,"inheritable":false,"inbound_stock":0,"stock_on_hold":0,"sold_today":0,"sales_last_days":0,"reserved_stock":0,"customer_returns":0,"warehouse_damage":0,"lost_in_post":0,"other_logs":0,"out_stock_days":1386,"lost_sales":0,"has_location":false,"update_date":"2026-04-29T01:10:53","atum_locations":[],"atum_stock_status":"outofstock","restock_status":false,"low_stock_amount":"","sales_update_date":"2026-04-29T01:10:53","calc_backorders":null,"acf":[],"yoast_head":"<!-- This site is optimized with the Yoast SEO plugin v27.5 - https:\/\/yoast.com\/product\/yoast-seo-wordpress\/ -->\n<title>SILENT SPIRIT - Gelid Solutions<\/title>\n<meta name=\"robots\" content=\"index, follow, max-snippet:-1, max-image-preview:large, max-video-preview:-1\" \/>\n<link rel=\"canonical\" href=\"https:\/\/gelidsolutions.com\/de\/produkt\/cpu-cooler-silent-spirit\/\" \/>\n<meta property=\"og:locale\" content=\"de_DE\" \/>\n<meta property=\"og:type\" content=\"article\" \/>\n<meta property=\"og:title\" content=\"SILENT SPIRIT - Gelid Solutions\" \/>\n<meta property=\"og:description\" content=\"Merkmale:    \u25cf Quad Heatpipes  \u25cf Einzigartige Lammellenarchitektur  \u25cf Spezielles K\u00fchlk\u00f6rper-Winkel-Design  \u25cf Optimiertes Luftstromkonzept  \u25cf Intelligente PWM Steuerung  \u25cf Anti-Vibration Bolzen  &nbsp;\" \/>\n<meta property=\"og:url\" content=\"https:\/\/gelidsolutions.com\/de\/produkt\/cpu-cooler-silent-spirit\/\" \/>\n<meta property=\"og:site_name\" content=\"Gelid Solutions\" \/>\n<meta property=\"article:modified_time\" content=\"2022-06-18T06:56:36+00:00\" \/>\n<meta property=\"og:image\" content=\"https:\/\/gelidsolutions.com\/wp-content\/uploads\/2022\/05\/cpu_cooler_silent_SILENT_SPIRIT_1.jpg\" \/>\n\t<meta property=\"og:image:width\" content=\"600\" \/>\n\t<meta property=\"og:image:height\" content=\"400\" \/>\n\t<meta property=\"og:image:type\" content=\"image\/jpeg\" \/>\n<meta name=\"twitter:card\" content=\"summary_large_image\" \/>\n<meta name=\"twitter:label1\" content=\"Gesch\u00e4tzte Lesezeit\" \/>\n\t<meta name=\"twitter:data1\" content=\"3\u00a0Minuten\" \/>\n<script type=\"application\/ld+json\" class=\"yoast-schema-graph\">{\"@context\":\"https:\\\/\\\/schema.org\",\"@graph\":[{\"@type\":\"WebPage\",\"@id\":\"https:\\\/\\\/gelidsolutions.com\\\/de\\\/produkt\\\/cpu-cooler-silent-spirit\\\/\",\"url\":\"https:\\\/\\\/gelidsolutions.com\\\/de\\\/produkt\\\/cpu-cooler-silent-spirit\\\/\",\"name\":\"SILENT SPIRIT - Gelid Solutions\",\"isPartOf\":{\"@id\":\"https:\\\/\\\/gelidsolutions.com\\\/de\\\/#website\"},\"primaryImageOfPage\":{\"@id\":\"https:\\\/\\\/gelidsolutions.com\\\/de\\\/produkt\\\/cpu-cooler-silent-spirit\\\/#primaryimage\"},\"image\":{\"@id\":\"https:\\\/\\\/gelidsolutions.com\\\/de\\\/produkt\\\/cpu-cooler-silent-spirit\\\/#primaryimage\"},\"thumbnailUrl\":\"https:\\\/\\\/gelidsolutions.com\\\/wp-content\\\/uploads\\\/2022\\\/05\\\/cpu_cooler_silent_SILENT_SPIRIT_1.jpg\",\"datePublished\":\"2016-08-02T06:39:00+00:00\",\"dateModified\":\"2022-06-18T06:56:36+00:00\",\"breadcrumb\":{\"@id\":\"https:\\\/\\\/gelidsolutions.com\\\/de\\\/produkt\\\/cpu-cooler-silent-spirit\\\/#breadcrumb\"},\"inLanguage\":\"de\",\"potentialAction\":[{\"@type\":\"ReadAction\",\"target\":[\"https:\\\/\\\/gelidsolutions.com\\\/de\\\/produkt\\\/cpu-cooler-silent-spirit\\\/\"]}]},{\"@type\":\"ImageObject\",\"inLanguage\":\"de\",\"@id\":\"https:\\\/\\\/gelidsolutions.com\\\/de\\\/produkt\\\/cpu-cooler-silent-spirit\\\/#primaryimage\",\"url\":\"https:\\\/\\\/gelidsolutions.com\\\/wp-content\\\/uploads\\\/2022\\\/05\\\/cpu_cooler_silent_SILENT_SPIRIT_1.jpg\",\"contentUrl\":\"https:\\\/\\\/gelidsolutions.com\\\/wp-content\\\/uploads\\\/2022\\\/05\\\/cpu_cooler_silent_SILENT_SPIRIT_1.jpg\",\"width\":600,\"height\":400},{\"@type\":\"BreadcrumbList\",\"@id\":\"https:\\\/\\\/gelidsolutions.com\\\/de\\\/produkt\\\/cpu-cooler-silent-spirit\\\/#breadcrumb\",\"itemListElement\":[{\"@type\":\"ListItem\",\"position\":1,\"name\":\"Home\",\"item\":\"https:\\\/\\\/gelidsolutions.com\\\/de\\\/\"},{\"@type\":\"ListItem\",\"position\":2,\"name\":\"Shop\",\"item\":\"https:\\\/\\\/gelidsolutions.com\\\/shop\\\/\"},{\"@type\":\"ListItem\",\"position\":3,\"name\":\"SILENT SPIRIT\"}]},{\"@type\":\"WebSite\",\"@id\":\"https:\\\/\\\/gelidsolutions.com\\\/de\\\/#website\",\"url\":\"https:\\\/\\\/gelidsolutions.com\\\/de\\\/\",\"name\":\"Gelid Solutions\",\"description\":\"\",\"publisher\":{\"@id\":\"https:\\\/\\\/gelidsolutions.com\\\/de\\\/#organization\"},\"potentialAction\":[{\"@type\":\"SearchAction\",\"target\":{\"@type\":\"EntryPoint\",\"urlTemplate\":\"https:\\\/\\\/gelidsolutions.com\\\/de\\\/?s={search_term_string}\"},\"query-input\":{\"@type\":\"PropertyValueSpecification\",\"valueRequired\":true,\"valueName\":\"search_term_string\"}}],\"inLanguage\":\"de\"},{\"@type\":\"Organization\",\"@id\":\"https:\\\/\\\/gelidsolutions.com\\\/de\\\/#organization\",\"name\":\"Gelid Solutions\",\"url\":\"https:\\\/\\\/gelidsolutions.com\\\/de\\\/\",\"logo\":{\"@type\":\"ImageObject\",\"inLanguage\":\"de\",\"@id\":\"https:\\\/\\\/gelidsolutions.com\\\/de\\\/#\\\/schema\\\/logo\\\/image\\\/\",\"url\":\"https:\\\/\\\/gelidsolutions.com\\\/wp-content\\\/uploads\\\/2022\\\/06\\\/logo_white_104_104.gif\",\"contentUrl\":\"https:\\\/\\\/gelidsolutions.com\\\/wp-content\\\/uploads\\\/2022\\\/06\\\/logo_white_104_104.gif\",\"width\":104,\"height\":104,\"caption\":\"Gelid Solutions\"},\"image\":{\"@id\":\"https:\\\/\\\/gelidsolutions.com\\\/de\\\/#\\\/schema\\\/logo\\\/image\\\/\"}}]}<\/script>\n<!-- \/ Yoast SEO plugin. -->","yoast_head_json":{"title":"SILENT SPIRIT - Gelid Solutions","robots":{"index":"index","follow":"follow","max-snippet":"max-snippet:-1","max-image-preview":"max-image-preview:large","max-video-preview":"max-video-preview:-1"},"canonical":"https:\/\/gelidsolutions.com\/de\/produkt\/cpu-cooler-silent-spirit\/","og_locale":"de_DE","og_type":"article","og_title":"SILENT SPIRIT - Gelid Solutions","og_description":"Merkmale:    \u25cf Quad Heatpipes  \u25cf Einzigartige Lammellenarchitektur  \u25cf Spezielles K\u00fchlk\u00f6rper-Winkel-Design  \u25cf Optimiertes Luftstromkonzept  \u25cf Intelligente PWM Steuerung  \u25cf Anti-Vibration Bolzen  &nbsp;","og_url":"https:\/\/gelidsolutions.com\/de\/produkt\/cpu-cooler-silent-spirit\/","og_site_name":"Gelid Solutions","article_modified_time":"2022-06-18T06:56:36+00:00","og_image":[{"width":600,"height":400,"url":"https:\/\/gelidsolutions.com\/wp-content\/uploads\/2022\/05\/cpu_cooler_silent_SILENT_SPIRIT_1.jpg","type":"image\/jpeg"}],"twitter_card":"summary_large_image","twitter_misc":{"Gesch\u00e4tzte Lesezeit":"3\u00a0Minuten"},"schema":{"@context":"https:\/\/schema.org","@graph":[{"@type":"WebPage","@id":"https:\/\/gelidsolutions.com\/de\/produkt\/cpu-cooler-silent-spirit\/","url":"https:\/\/gelidsolutions.com\/de\/produkt\/cpu-cooler-silent-spirit\/","name":"SILENT SPIRIT - Gelid Solutions","isPartOf":{"@id":"https:\/\/gelidsolutions.com\/de\/#website"},"primaryImageOfPage":{"@id":"https:\/\/gelidsolutions.com\/de\/produkt\/cpu-cooler-silent-spirit\/#primaryimage"},"image":{"@id":"https:\/\/gelidsolutions.com\/de\/produkt\/cpu-cooler-silent-spirit\/#primaryimage"},"thumbnailUrl":"https:\/\/gelidsolutions.com\/wp-content\/uploads\/2022\/05\/cpu_cooler_silent_SILENT_SPIRIT_1.jpg","datePublished":"2016-08-02T06:39:00+00:00","dateModified":"2022-06-18T06:56:36+00:00","breadcrumb":{"@id":"https:\/\/gelidsolutions.com\/de\/produkt\/cpu-cooler-silent-spirit\/#breadcrumb"},"inLanguage":"de","potentialAction":[{"@type":"ReadAction","target":["https:\/\/gelidsolutions.com\/de\/produkt\/cpu-cooler-silent-spirit\/"]}]},{"@type":"ImageObject","inLanguage":"de","@id":"https:\/\/gelidsolutions.com\/de\/produkt\/cpu-cooler-silent-spirit\/#primaryimage","url":"https:\/\/gelidsolutions.com\/wp-content\/uploads\/2022\/05\/cpu_cooler_silent_SILENT_SPIRIT_1.jpg","contentUrl":"https:\/\/gelidsolutions.com\/wp-content\/uploads\/2022\/05\/cpu_cooler_silent_SILENT_SPIRIT_1.jpg","width":600,"height":400},{"@type":"BreadcrumbList","@id":"https:\/\/gelidsolutions.com\/de\/produkt\/cpu-cooler-silent-spirit\/#breadcrumb","itemListElement":[{"@type":"ListItem","position":1,"name":"Home","item":"https:\/\/gelidsolutions.com\/de\/"},{"@type":"ListItem","position":2,"name":"Shop","item":"https:\/\/gelidsolutions.com\/shop\/"},{"@type":"ListItem","position":3,"name":"SILENT SPIRIT"}]},{"@type":"WebSite","@id":"https:\/\/gelidsolutions.com\/de\/#website","url":"https:\/\/gelidsolutions.com\/de\/","name":"Gelid Solutions","description":"","publisher":{"@id":"https:\/\/gelidsolutions.com\/de\/#organization"},"potentialAction":[{"@type":"SearchAction","target":{"@type":"EntryPoint","urlTemplate":"https:\/\/gelidsolutions.com\/de\/?s={search_term_string}"},"query-input":{"@type":"PropertyValueSpecification","valueRequired":true,"valueName":"search_term_string"}}],"inLanguage":"de"},{"@type":"Organization","@id":"https:\/\/gelidsolutions.com\/de\/#organization","name":"Gelid Solutions","url":"https:\/\/gelidsolutions.com\/de\/","logo":{"@type":"ImageObject","inLanguage":"de","@id":"https:\/\/gelidsolutions.com\/de\/#\/schema\/logo\/image\/","url":"https:\/\/gelidsolutions.com\/wp-content\/uploads\/2022\/06\/logo_white_104_104.gif","contentUrl":"https:\/\/gelidsolutions.com\/wp-content\/uploads\/2022\/06\/logo_white_104_104.gif","width":104,"height":104,"caption":"Gelid Solutions"},"image":{"@id":"https:\/\/gelidsolutions.com\/de\/#\/schema\/logo\/image\/"}}]}},"_links":{"self":[{"href":"https:\/\/gelidsolutions.com\/de\/wp-json\/wp\/v2\/product\/113751","targetHints":{"allow":["GET"]}}],"collection":[{"href":"https:\/\/gelidsolutions.com\/de\/wp-json\/wp\/v2\/product"}],"about":[{"href":"https:\/\/gelidsolutions.com\/de\/wp-json\/wp\/v2\/types\/product"}],"replies":[{"embeddable":true,"href":"https:\/\/gelidsolutions.com\/de\/wp-json\/wp\/v2\/comments?post=113751"}],"wp:featuredmedia":[{"embeddable":true,"href":"https:\/\/gelidsolutions.com\/de\/wp-json\/wp\/v2\/media\/108289"}],"wp:attachment":[{"href":"https:\/\/gelidsolutions.com\/de\/wp-json\/wp\/v2\/media?parent=113751"}],"wp:term":[{"taxonomy":"product_cat","embeddable":true,"href":"https:\/\/gelidsolutions.com\/de\/wp-json\/wp\/v2\/product_cat?post=113751"},{"taxonomy":"product_tag","embeddable":true,"href":"https:\/\/gelidsolutions.com\/de\/wp-json\/wp\/v2\/product_tag?post=113751"}],"curies":[{"name":"wp","href":"https:\/\/api.w.org\/{rel}","templated":true}]}}