{"id":113752,"date":"2016-08-02T06:36:00","date_gmt":"2016-08-01T22:36:00","guid":{"rendered":"https:\/\/localhost\/gelidsolutions\/product\/cpu-cooler-slimhero\/"},"modified":"2022-10-25T17:16:14","modified_gmt":"2022-10-25T09:16:14","slug":"cpu-kuhler-slimhero","status":"publish","type":"product","link":"https:\/\/gelidsolutions.com\/de\/produkt\/cpu-kuhler-slimhero\/","title":{"rendered":"SLIMHERO"},"content":{"rendered":"<p><b><i>SlimHero<\/i><\/b><i>(CC-Shero-01-B) <\/i><br \/>\nSchlanker CPU-K\u00fchler mit 120mm PWM-L\u00fcfter<\/p>\n<p>&nbsp;<\/p>\n<p><b><i>Anwendungen:<\/i><\/b><\/p>\n<p><b>Intel<\/b> Sockel 775, 1366, 1155, 1156, 1150, 1151 &amp; 1200<br \/>\nCPU: Alle Pentium D\/ Pentium 4\/ Alle Celeron D<br \/>\nAlle Pentium Dual-Core\/ Extreme<br \/>\nAlle Core 2 Extreme\/ Core 2 Quad\/ Core 2 Duo<br \/>\nAlle Core i3, alle Core i5, alle Core i7<\/p>\n<p>&nbsp;<\/p>\n<p><b>AMD<\/b> Sockel AM2, AM2+, AM3, AM3+, AM4, FM1, FM2, FM2+<br \/>\nCPU: Athlon\u2122 64 X2 (AM2), Athlon\u2122 64 (AM2),<br \/>\nAlle Athlon\u2122 II, Sempron\u2122, alle Phenom\u2122, Phenom II\u2122, Ryzen\u2122 (AM4)<\/p>\n<p>&nbsp;<\/p>\n<p><em>Alle Marken und Warenzeichen sind das Eigentum ihrer jeweiligen Inhaber.<\/em><\/p>\n<p>&nbsp;<\/p>\n<p>Der SlimHero verf\u00fcgt \u00fcber 4 gesinterte Power-Heatpipes mit einem leisen und schlanken 120-mm-L\u00fcfter. Die Kupfer-Heatpipes gew\u00e4hrleisten eine maximale W\u00e4rme\u00fcbertragung von der CPU zu den Aluminiumlamellen. Der K\u00fchlk\u00f6rper hat eine einzigartige Form, um den Luftstromwiderstand zu verringern. Der K\u00fchler kann in beide Richtungen des AMD\u2122-Sockels montiert werden.<\/p>\n<p>&nbsp;<\/p>\n<p><img loading=\"lazy\" decoding=\"async\" class=\"aligncenter size-full wp-image-29178\" src=\"https:\/\/gelidsolutions.com\/wp-content\/uploads\/2019\/05\/slimhero-concept.png\" alt=\"SlimHero Konzept\" width=\"590\" height=\"267\" \/><\/p>\n<p>&nbsp;<\/p>\n<p>Der flache K\u00fchler SlimHero wurde f\u00fcr kompakte PC-Geh\u00e4use entwickelt, bei denen Platz ein entscheidender Faktor sein kann. Mit einer Gesamth\u00f6he von 59 mm passt dieser K\u00fchler in nahezu alle kleineren Geh\u00e4use und ist in der Lage, bis zu 136W (TDP) zu k\u00fchlen.<\/p>\n<p>&nbsp;<\/p>\n<p><img loading=\"lazy\" decoding=\"async\" class=\"aligncenter size-full wp-image-29183\" src=\"https:\/\/gelidsolutions.com\/wp-content\/uploads\/2019\/05\/slimhero-drawing.png\" alt=\"SlimHero Zeichnung\" width=\"590\" height=\"201\" \/><\/p>\n<p>&nbsp;<\/p>\n<p>Der K\u00fchlk\u00f6rper wird mit einem leisen und schlanken 120-mm-L\u00fcfter mit hohem Luftdurchsatz geliefert. Der L\u00fcfter verf\u00fcgt \u00fcber eine intelligente PWM-Steuerung, die es dem Benutzer erm\u00f6glicht, die L\u00fcftergeschwindigkeit im BIOS entsprechend einzustellen.<\/p>\n<p>&nbsp;<\/p>\n<p>Bitte \u00fcberpr\u00fcfen Sie Ihr Motherboard anhand der<a href=\"https:\/\/gelidsolutions.com\/clients\/gelid\/userfiles\/restriction_drawing.jpg\" target=\"_blank\" rel=\"noopener noreferrer\"> Restriktionszeichnung<\/a> des K\u00fchlers.<\/p>\n<p>&nbsp;<\/p>\n<p><i>EAN: 4897025780750<\/i><\/p>\n<p>&nbsp;<\/p>\n","protected":false},"excerpt":{"rendered":"<ul>\n<li>  4 Leistungs-Heatpipes<\/li>\n<li>  Einzigartiges K\u00fchlk\u00f6rperdesign<\/li>\n<li>  4 Montagehinweise f\u00fcr AMD\u2122-Sockel<\/li>\n<li>  59mm H\u00f6he<\/li>\n<li>  Intelligente PWM-L\u00fcftersteuerungskurve<\/li>\n<\/ul>\n","protected":false},"featured_media":120294,"comment_status":"closed","ping_status":"closed","template":"","meta":{"_acf_changed":false},"product_cat":[548,549,591],"product_tag":[559,560,553],"class_list":{"0":"post-113752","1":"product","2":"type-product","3":"status-publish","4":"has-post-thumbnail","6":"product_cat-award-winning-thermal-solutions-collections-de","7":"product_cat-collections-de","8":"product_cat-silent-cpu-cooler-archive-product-archive-de","9":"product_tag-cpu-kuhler","10":"product_tag-leiser-cpu-kuhler","11":"product_tag-thermal-solution-de","13":"first","14":"outofstock","15":"taxable","16":"shipping-taxable","17":"purchasable","18":"product-type-simple"},"supplier_id":null,"supplier_sku":"CC-Shero-01-B","barcode":"4897025780750","atum_controlled":true,"out_stock_date":"2022-07-12 14:17:56","out_stock_threshold":null,"inheritable":false,"inbound_stock":null,"stock_on_hold":0,"sold_today":0,"sales_last_days":0,"reserved_stock":null,"customer_returns":null,"warehouse_damage":null,"lost_in_post":null,"other_logs":null,"out_stock_days":1388,"lost_sales":0,"has_location":false,"update_date":"2026-05-01T01:11:53","atum_locations":[],"atum_stock_status":"outofstock","restock_status":false,"low_stock_amount":"","sales_update_date":"2026-05-01T01:11:53","calc_backorders":null,"acf":[],"yoast_head":"<!-- This site is optimized with the Yoast SEO plugin v27.5 - https:\/\/yoast.com\/product\/yoast-seo-wordpress\/ -->\n<title>SLIMHERO - Gelid Solutions<\/title>\n<meta name=\"robots\" content=\"index, follow, max-snippet:-1, max-image-preview:large, max-video-preview:-1\" \/>\n<link rel=\"canonical\" href=\"https:\/\/gelidsolutions.com\/de\/produkt\/cpu-kuhler-slimhero\/\" \/>\n<meta property=\"og:locale\" content=\"de_DE\" \/>\n<meta property=\"og:type\" content=\"article\" \/>\n<meta property=\"og:title\" content=\"SLIMHERO - Gelid Solutions\" \/>\n<meta property=\"og:description\" content=\"4 Leistungs-Heatpipes   Einzigartiges K\u00fchlk\u00f6rperdesign   4 Montagehinweise f\u00fcr AMD\u2122-Sockel   59mm H\u00f6he   Intelligente PWM-L\u00fcftersteuerungskurve\" \/>\n<meta property=\"og:url\" content=\"https:\/\/gelidsolutions.com\/de\/produkt\/cpu-kuhler-slimhero\/\" \/>\n<meta property=\"og:site_name\" content=\"Gelid Solutions\" \/>\n<meta property=\"article:modified_time\" content=\"2022-10-25T09:16:14+00:00\" \/>\n<meta property=\"og:image\" content=\"https:\/\/gelidsolutions.com\/wp-content\/uploads\/2016\/08\/cpu_cooler_silent_SLIMHERO_1.1.png\" \/>\n\t<meta property=\"og:image:width\" content=\"600\" \/>\n\t<meta property=\"og:image:height\" content=\"400\" \/>\n\t<meta property=\"og:image:type\" content=\"image\/png\" \/>\n<meta name=\"twitter:card\" content=\"summary_large_image\" \/>\n<meta name=\"twitter:label1\" content=\"Gesch\u00e4tzte Lesezeit\" \/>\n\t<meta name=\"twitter:data1\" content=\"1\u00a0Minute\" \/>\n<script type=\"application\/ld+json\" class=\"yoast-schema-graph\">{\"@context\":\"https:\\\/\\\/schema.org\",\"@graph\":[{\"@type\":\"WebPage\",\"@id\":\"https:\\\/\\\/gelidsolutions.com\\\/de\\\/produkt\\\/cpu-kuhler-slimhero\\\/\",\"url\":\"https:\\\/\\\/gelidsolutions.com\\\/de\\\/produkt\\\/cpu-kuhler-slimhero\\\/\",\"name\":\"SLIMHERO - Gelid Solutions\",\"isPartOf\":{\"@id\":\"https:\\\/\\\/gelidsolutions.com\\\/de\\\/#website\"},\"primaryImageOfPage\":{\"@id\":\"https:\\\/\\\/gelidsolutions.com\\\/de\\\/produkt\\\/cpu-kuhler-slimhero\\\/#primaryimage\"},\"image\":{\"@id\":\"https:\\\/\\\/gelidsolutions.com\\\/de\\\/produkt\\\/cpu-kuhler-slimhero\\\/#primaryimage\"},\"thumbnailUrl\":\"https:\\\/\\\/gelidsolutions.com\\\/wp-content\\\/uploads\\\/2016\\\/08\\\/cpu_cooler_silent_SLIMHERO_1.1.png\",\"datePublished\":\"2016-08-01T22:36:00+00:00\",\"dateModified\":\"2022-10-25T09:16:14+00:00\",\"breadcrumb\":{\"@id\":\"https:\\\/\\\/gelidsolutions.com\\\/de\\\/produkt\\\/cpu-kuhler-slimhero\\\/#breadcrumb\"},\"inLanguage\":\"de\",\"potentialAction\":[{\"@type\":\"ReadAction\",\"target\":[\"https:\\\/\\\/gelidsolutions.com\\\/de\\\/produkt\\\/cpu-kuhler-slimhero\\\/\"]}]},{\"@type\":\"ImageObject\",\"inLanguage\":\"de\",\"@id\":\"https:\\\/\\\/gelidsolutions.com\\\/de\\\/produkt\\\/cpu-kuhler-slimhero\\\/#primaryimage\",\"url\":\"https:\\\/\\\/gelidsolutions.com\\\/wp-content\\\/uploads\\\/2016\\\/08\\\/cpu_cooler_silent_SLIMHERO_1.1.png\",\"contentUrl\":\"https:\\\/\\\/gelidsolutions.com\\\/wp-content\\\/uploads\\\/2016\\\/08\\\/cpu_cooler_silent_SLIMHERO_1.1.png\",\"width\":600,\"height\":400,\"caption\":\"Slimhero\"},{\"@type\":\"BreadcrumbList\",\"@id\":\"https:\\\/\\\/gelidsolutions.com\\\/de\\\/produkt\\\/cpu-kuhler-slimhero\\\/#breadcrumb\",\"itemListElement\":[{\"@type\":\"ListItem\",\"position\":1,\"name\":\"Home\",\"item\":\"https:\\\/\\\/gelidsolutions.com\\\/de\\\/\"},{\"@type\":\"ListItem\",\"position\":2,\"name\":\"Shop\",\"item\":\"https:\\\/\\\/gelidsolutions.com\\\/shop\\\/\"},{\"@type\":\"ListItem\",\"position\":3,\"name\":\"SLIMHERO\"}]},{\"@type\":\"WebSite\",\"@id\":\"https:\\\/\\\/gelidsolutions.com\\\/de\\\/#website\",\"url\":\"https:\\\/\\\/gelidsolutions.com\\\/de\\\/\",\"name\":\"Gelid Solutions\",\"description\":\"\",\"publisher\":{\"@id\":\"https:\\\/\\\/gelidsolutions.com\\\/de\\\/#organization\"},\"potentialAction\":[{\"@type\":\"SearchAction\",\"target\":{\"@type\":\"EntryPoint\",\"urlTemplate\":\"https:\\\/\\\/gelidsolutions.com\\\/de\\\/?s={search_term_string}\"},\"query-input\":{\"@type\":\"PropertyValueSpecification\",\"valueRequired\":true,\"valueName\":\"search_term_string\"}}],\"inLanguage\":\"de\"},{\"@type\":\"Organization\",\"@id\":\"https:\\\/\\\/gelidsolutions.com\\\/de\\\/#organization\",\"name\":\"Gelid Solutions\",\"url\":\"https:\\\/\\\/gelidsolutions.com\\\/de\\\/\",\"logo\":{\"@type\":\"ImageObject\",\"inLanguage\":\"de\",\"@id\":\"https:\\\/\\\/gelidsolutions.com\\\/de\\\/#\\\/schema\\\/logo\\\/image\\\/\",\"url\":\"https:\\\/\\\/gelidsolutions.com\\\/wp-content\\\/uploads\\\/2022\\\/06\\\/logo_white_104_104.gif\",\"contentUrl\":\"https:\\\/\\\/gelidsolutions.com\\\/wp-content\\\/uploads\\\/2022\\\/06\\\/logo_white_104_104.gif\",\"width\":104,\"height\":104,\"caption\":\"Gelid Solutions\"},\"image\":{\"@id\":\"https:\\\/\\\/gelidsolutions.com\\\/de\\\/#\\\/schema\\\/logo\\\/image\\\/\"}}]}<\/script>\n<!-- \/ Yoast SEO plugin. -->","yoast_head_json":{"title":"SLIMHERO - Gelid Solutions","robots":{"index":"index","follow":"follow","max-snippet":"max-snippet:-1","max-image-preview":"max-image-preview:large","max-video-preview":"max-video-preview:-1"},"canonical":"https:\/\/gelidsolutions.com\/de\/produkt\/cpu-kuhler-slimhero\/","og_locale":"de_DE","og_type":"article","og_title":"SLIMHERO - Gelid Solutions","og_description":"4 Leistungs-Heatpipes   Einzigartiges K\u00fchlk\u00f6rperdesign   4 Montagehinweise f\u00fcr AMD\u2122-Sockel   59mm H\u00f6he   Intelligente PWM-L\u00fcftersteuerungskurve","og_url":"https:\/\/gelidsolutions.com\/de\/produkt\/cpu-kuhler-slimhero\/","og_site_name":"Gelid Solutions","article_modified_time":"2022-10-25T09:16:14+00:00","og_image":[{"width":600,"height":400,"url":"https:\/\/gelidsolutions.com\/wp-content\/uploads\/2016\/08\/cpu_cooler_silent_SLIMHERO_1.1.png","type":"image\/png"}],"twitter_card":"summary_large_image","twitter_misc":{"Gesch\u00e4tzte Lesezeit":"1\u00a0Minute"},"schema":{"@context":"https:\/\/schema.org","@graph":[{"@type":"WebPage","@id":"https:\/\/gelidsolutions.com\/de\/produkt\/cpu-kuhler-slimhero\/","url":"https:\/\/gelidsolutions.com\/de\/produkt\/cpu-kuhler-slimhero\/","name":"SLIMHERO - Gelid Solutions","isPartOf":{"@id":"https:\/\/gelidsolutions.com\/de\/#website"},"primaryImageOfPage":{"@id":"https:\/\/gelidsolutions.com\/de\/produkt\/cpu-kuhler-slimhero\/#primaryimage"},"image":{"@id":"https:\/\/gelidsolutions.com\/de\/produkt\/cpu-kuhler-slimhero\/#primaryimage"},"thumbnailUrl":"https:\/\/gelidsolutions.com\/wp-content\/uploads\/2016\/08\/cpu_cooler_silent_SLIMHERO_1.1.png","datePublished":"2016-08-01T22:36:00+00:00","dateModified":"2022-10-25T09:16:14+00:00","breadcrumb":{"@id":"https:\/\/gelidsolutions.com\/de\/produkt\/cpu-kuhler-slimhero\/#breadcrumb"},"inLanguage":"de","potentialAction":[{"@type":"ReadAction","target":["https:\/\/gelidsolutions.com\/de\/produkt\/cpu-kuhler-slimhero\/"]}]},{"@type":"ImageObject","inLanguage":"de","@id":"https:\/\/gelidsolutions.com\/de\/produkt\/cpu-kuhler-slimhero\/#primaryimage","url":"https:\/\/gelidsolutions.com\/wp-content\/uploads\/2016\/08\/cpu_cooler_silent_SLIMHERO_1.1.png","contentUrl":"https:\/\/gelidsolutions.com\/wp-content\/uploads\/2016\/08\/cpu_cooler_silent_SLIMHERO_1.1.png","width":600,"height":400,"caption":"Slimhero"},{"@type":"BreadcrumbList","@id":"https:\/\/gelidsolutions.com\/de\/produkt\/cpu-kuhler-slimhero\/#breadcrumb","itemListElement":[{"@type":"ListItem","position":1,"name":"Home","item":"https:\/\/gelidsolutions.com\/de\/"},{"@type":"ListItem","position":2,"name":"Shop","item":"https:\/\/gelidsolutions.com\/shop\/"},{"@type":"ListItem","position":3,"name":"SLIMHERO"}]},{"@type":"WebSite","@id":"https:\/\/gelidsolutions.com\/de\/#website","url":"https:\/\/gelidsolutions.com\/de\/","name":"Gelid Solutions","description":"","publisher":{"@id":"https:\/\/gelidsolutions.com\/de\/#organization"},"potentialAction":[{"@type":"SearchAction","target":{"@type":"EntryPoint","urlTemplate":"https:\/\/gelidsolutions.com\/de\/?s={search_term_string}"},"query-input":{"@type":"PropertyValueSpecification","valueRequired":true,"valueName":"search_term_string"}}],"inLanguage":"de"},{"@type":"Organization","@id":"https:\/\/gelidsolutions.com\/de\/#organization","name":"Gelid Solutions","url":"https:\/\/gelidsolutions.com\/de\/","logo":{"@type":"ImageObject","inLanguage":"de","@id":"https:\/\/gelidsolutions.com\/de\/#\/schema\/logo\/image\/","url":"https:\/\/gelidsolutions.com\/wp-content\/uploads\/2022\/06\/logo_white_104_104.gif","contentUrl":"https:\/\/gelidsolutions.com\/wp-content\/uploads\/2022\/06\/logo_white_104_104.gif","width":104,"height":104,"caption":"Gelid Solutions"},"image":{"@id":"https:\/\/gelidsolutions.com\/de\/#\/schema\/logo\/image\/"}}]}},"_links":{"self":[{"href":"https:\/\/gelidsolutions.com\/de\/wp-json\/wp\/v2\/product\/113752","targetHints":{"allow":["GET"]}}],"collection":[{"href":"https:\/\/gelidsolutions.com\/de\/wp-json\/wp\/v2\/product"}],"about":[{"href":"https:\/\/gelidsolutions.com\/de\/wp-json\/wp\/v2\/types\/product"}],"replies":[{"embeddable":true,"href":"https:\/\/gelidsolutions.com\/de\/wp-json\/wp\/v2\/comments?post=113752"}],"wp:featuredmedia":[{"embeddable":true,"href":"https:\/\/gelidsolutions.com\/de\/wp-json\/wp\/v2\/media\/120294"}],"wp:attachment":[{"href":"https:\/\/gelidsolutions.com\/de\/wp-json\/wp\/v2\/media?parent=113752"}],"wp:term":[{"taxonomy":"product_cat","embeddable":true,"href":"https:\/\/gelidsolutions.com\/de\/wp-json\/wp\/v2\/product_cat?post=113752"},{"taxonomy":"product_tag","embeddable":true,"href":"https:\/\/gelidsolutions.com\/de\/wp-json\/wp\/v2\/product_tag?post=113752"}],"curies":[{"name":"wp","href":"https:\/\/api.w.org\/{rel}","templated":true}]}}