{"id":113753,"date":"2016-08-02T06:32:00","date_gmt":"2016-08-02T06:32:00","guid":{"rendered":"https:\/\/localhost\/gelidsolutions\/product\/cpu-cooler-slim-silence-a-plus\/"},"modified":"2022-06-19T13:41:31","modified_gmt":"2022-06-19T13:41:31","slug":"cpu-cooler-slim-silence-a-plus","status":"publish","type":"product","link":"https:\/\/gelidsolutions.com\/de\/produkt\/cpu-cooler-slim-silence-a-plus\/","title":{"rendered":"SLIM SILENCE A-PLUS"},"content":{"rendered":"<p><i><b>Slim Silence A-Plus (CC-SSilence-Aplus)<\/b><\/i><\/p>\n<p>&nbsp;<\/p>\n<p><b><i>Anwendungsbereich:<br \/>\n<\/i><\/b><br \/>\n<b><i>AMD\u2122 CPU Sockel<\/i><\/b>: AM2, AM2+, AM3, AM3+, FM1, FM2 und FM2+<\/p>\n<p><b><i>CPU:<\/i><\/b> AMD 2650e, 3250e, 4850e, 5050e und andere mit einem niedrigen Stromverbrauch bis zu 95W (TDP) mit guter Geh\u00e4useventilation.<br \/>\n<b><i>Unterst\u00fctzte Mainboard-Typen:<\/i><\/b> Mini-ITX, Mikro-ATX, ATX: Mini ITX, Micro ATX, ATX<\/p>\n<p>Alle Marken und Handelsmarken sind das Eigentum ihrer jeweiligen Eigent\u00fcmer.<\/p>\n<p>&nbsp;<\/p>\n<p>Mit einem kompakten K\u00fchlk\u00f6rperdesign f\u00fcr Mini-ITX, Micro-ATX, ATX, HTPC, Panel-PC, Auto-PC und 1U-Server enth\u00e4lt der \u201eSlim Silence A-Plus\u201c zwei Stromversorgungsrohre und einen leisen L\u00fcfter mit PWM-Funktion. Die Hochleistungs-W\u00e4rmeleitungen gew\u00e4hrleisten eine schnelle und effiziente W\u00e4rme\u00fcbertragung vom Kern auf die Aluminiumlamellen. Der rahmenlose ger\u00e4uschlose L\u00fcfter verf\u00fcgt \u00fcber ein Kugellager und eine intelligente PWM-Steuerung (Pulsweitenmodulation) von GELID, die einen ger\u00e4uscharmen Betrieb bei niedriger CPU-Temperatur gew\u00e4hrleistet und bei Bedarf die L\u00fcftergeschwindigkeit beschleunigt.<\/p>\n<p>&nbsp;<\/p>\n<p><b><i>UVP: USD 24.99 \/ Euro 19.99 <\/i><\/b><\/p>\n<p>&nbsp;<\/p>\n<p><i>EAN: 4897025780545<\/i><\/p>\n<p>&nbsp;<\/p>\n","protected":false},"excerpt":{"rendered":"<p><i><b>Merkmale:<\/b><\/i><\/p>\n<ul>\n<li>\u00a0 \u00a0 \u00a0 \u00a0 \u25cf 1U K\u00fchlerh\u00f6he (28mm)<\/li>\n<li>\u00a0 \u00a0 \u00a0 \u00a0 \u25cf 2 Power W\u00e4rmeleitungen<\/li>\n<li>\u00a0 \u00a0 \u00a0 \u00a0 \u25cf Leiser PWM L\u00fcfter<\/li>\n<li>\u00a0 \u00a0 \u00a0 \u00a0 \u25cf Kugellager<\/li>\n<li>\u00a0 \u00a0 \u00a0 \u00a0 \u25cf Hoher Luftstrom<\/li>\n<li>\u00a0 \u00a0 \u00a0 \u00a0 \u25cf 5 Jahre Garantie<\/li>\n<\/ul>\n<p>&nbsp;<\/p>\n","protected":false},"featured_media":108063,"comment_status":"closed","ping_status":"closed","template":"","meta":{"_acf_changed":false},"product_cat":[15],"product_tag":[],"class_list":{"0":"post-113753","1":"product","2":"type-product","3":"status-publish","4":"has-post-thumbnail","6":"product_cat-uncategorized","8":"first","9":"outofstock","10":"taxable","11":"shipping-taxable","12":"purchasable","13":"product-type-simple"},"supplier_id":null,"supplier_sku":"CC-SSilence-Aplus","barcode":"4897025780545","atum_controlled":true,"out_stock_date":"2022-07-12 14:17:55","out_stock_threshold":null,"inheritable":false,"inbound_stock":null,"stock_on_hold":0,"sold_today":0,"sales_last_days":0,"reserved_stock":null,"customer_returns":null,"warehouse_damage":null,"lost_in_post":null,"other_logs":null,"out_stock_days":1385,"lost_sales":0,"has_location":false,"update_date":"2026-04-28T01:10:54","atum_locations":[],"atum_stock_status":"outofstock","restock_status":false,"low_stock_amount":"","sales_update_date":"2026-04-28T01:10:54","calc_backorders":null,"acf":[],"yoast_head":"<!-- This site is optimized with the Yoast SEO plugin v27.5 - https:\/\/yoast.com\/product\/yoast-seo-wordpress\/ -->\n<title>SLIM SILENCE A-PLUS - Gelid Solutions<\/title>\n<meta name=\"robots\" content=\"index, follow, max-snippet:-1, max-image-preview:large, max-video-preview:-1\" \/>\n<link rel=\"canonical\" href=\"https:\/\/gelidsolutions.com\/de\/produkt\/cpu-cooler-slim-silence-a-plus\/\" \/>\n<meta property=\"og:locale\" content=\"de_DE\" \/>\n<meta property=\"og:type\" content=\"article\" \/>\n<meta property=\"og:title\" content=\"SLIM SILENCE A-PLUS - Gelid Solutions\" \/>\n<meta property=\"og:description\" content=\"Merkmale:   \u00a0 \u00a0 \u00a0 \u00a0 \u25cf 1U K\u00fchlerh\u00f6he (28mm)  \u00a0 \u00a0 \u00a0 \u00a0 \u25cf 2 Power W\u00e4rmeleitungen  \u00a0 \u00a0 \u00a0 \u00a0 \u25cf Leiser PWM L\u00fcfter  \u00a0 \u00a0 \u00a0 \u00a0 \u25cf Kugellager  \u00a0 \u00a0 \u00a0 \u00a0 \u25cf Hoher Luftstrom  \u00a0 \u00a0 \u00a0 \u00a0 \u25cf 5 Jahre Garantie  &nbsp;\" \/>\n<meta property=\"og:url\" content=\"https:\/\/gelidsolutions.com\/de\/produkt\/cpu-cooler-slim-silence-a-plus\/\" \/>\n<meta property=\"og:site_name\" content=\"Gelid Solutions\" \/>\n<meta property=\"article:modified_time\" content=\"2022-06-19T13:41:31+00:00\" \/>\n<meta property=\"og:image\" content=\"https:\/\/gelidsolutions.com\/wp-content\/uploads\/2022\/05\/cpu_cooler_silent_SLIM_SILENCE_A-PLUS_1.jpg\" \/>\n\t<meta property=\"og:image:width\" content=\"600\" \/>\n\t<meta property=\"og:image:height\" content=\"400\" \/>\n\t<meta property=\"og:image:type\" content=\"image\/jpeg\" \/>\n<meta name=\"twitter:card\" content=\"summary_large_image\" \/>\n<meta name=\"twitter:label1\" content=\"Gesch\u00e4tzte Lesezeit\" \/>\n\t<meta name=\"twitter:data1\" content=\"1\u00a0Minute\" \/>\n<script type=\"application\/ld+json\" class=\"yoast-schema-graph\">{\"@context\":\"https:\\\/\\\/schema.org\",\"@graph\":[{\"@type\":\"WebPage\",\"@id\":\"https:\\\/\\\/gelidsolutions.com\\\/de\\\/produkt\\\/cpu-cooler-slim-silence-a-plus\\\/\",\"url\":\"https:\\\/\\\/gelidsolutions.com\\\/de\\\/produkt\\\/cpu-cooler-slim-silence-a-plus\\\/\",\"name\":\"SLIM SILENCE A-PLUS - Gelid Solutions\",\"isPartOf\":{\"@id\":\"https:\\\/\\\/gelidsolutions.com\\\/de\\\/#website\"},\"primaryImageOfPage\":{\"@id\":\"https:\\\/\\\/gelidsolutions.com\\\/de\\\/produkt\\\/cpu-cooler-slim-silence-a-plus\\\/#primaryimage\"},\"image\":{\"@id\":\"https:\\\/\\\/gelidsolutions.com\\\/de\\\/produkt\\\/cpu-cooler-slim-silence-a-plus\\\/#primaryimage\"},\"thumbnailUrl\":\"https:\\\/\\\/gelidsolutions.com\\\/wp-content\\\/uploads\\\/2022\\\/05\\\/cpu_cooler_silent_SLIM_SILENCE_A-PLUS_1.jpg\",\"datePublished\":\"2016-08-02T06:32:00+00:00\",\"dateModified\":\"2022-06-19T13:41:31+00:00\",\"breadcrumb\":{\"@id\":\"https:\\\/\\\/gelidsolutions.com\\\/de\\\/produkt\\\/cpu-cooler-slim-silence-a-plus\\\/#breadcrumb\"},\"inLanguage\":\"de\",\"potentialAction\":[{\"@type\":\"ReadAction\",\"target\":[\"https:\\\/\\\/gelidsolutions.com\\\/de\\\/produkt\\\/cpu-cooler-slim-silence-a-plus\\\/\"]}]},{\"@type\":\"ImageObject\",\"inLanguage\":\"de\",\"@id\":\"https:\\\/\\\/gelidsolutions.com\\\/de\\\/produkt\\\/cpu-cooler-slim-silence-a-plus\\\/#primaryimage\",\"url\":\"https:\\\/\\\/gelidsolutions.com\\\/wp-content\\\/uploads\\\/2022\\\/05\\\/cpu_cooler_silent_SLIM_SILENCE_A-PLUS_1.jpg\",\"contentUrl\":\"https:\\\/\\\/gelidsolutions.com\\\/wp-content\\\/uploads\\\/2022\\\/05\\\/cpu_cooler_silent_SLIM_SILENCE_A-PLUS_1.jpg\",\"width\":600,\"height\":400},{\"@type\":\"BreadcrumbList\",\"@id\":\"https:\\\/\\\/gelidsolutions.com\\\/de\\\/produkt\\\/cpu-cooler-slim-silence-a-plus\\\/#breadcrumb\",\"itemListElement\":[{\"@type\":\"ListItem\",\"position\":1,\"name\":\"Home\",\"item\":\"https:\\\/\\\/gelidsolutions.com\\\/de\\\/\"},{\"@type\":\"ListItem\",\"position\":2,\"name\":\"Shop\",\"item\":\"https:\\\/\\\/gelidsolutions.com\\\/shop\\\/\"},{\"@type\":\"ListItem\",\"position\":3,\"name\":\"SLIM SILENCE A-PLUS\"}]},{\"@type\":\"WebSite\",\"@id\":\"https:\\\/\\\/gelidsolutions.com\\\/de\\\/#website\",\"url\":\"https:\\\/\\\/gelidsolutions.com\\\/de\\\/\",\"name\":\"Gelid Solutions\",\"description\":\"\",\"publisher\":{\"@id\":\"https:\\\/\\\/gelidsolutions.com\\\/de\\\/#organization\"},\"potentialAction\":[{\"@type\":\"SearchAction\",\"target\":{\"@type\":\"EntryPoint\",\"urlTemplate\":\"https:\\\/\\\/gelidsolutions.com\\\/de\\\/?s={search_term_string}\"},\"query-input\":{\"@type\":\"PropertyValueSpecification\",\"valueRequired\":true,\"valueName\":\"search_term_string\"}}],\"inLanguage\":\"de\"},{\"@type\":\"Organization\",\"@id\":\"https:\\\/\\\/gelidsolutions.com\\\/de\\\/#organization\",\"name\":\"Gelid Solutions\",\"url\":\"https:\\\/\\\/gelidsolutions.com\\\/de\\\/\",\"logo\":{\"@type\":\"ImageObject\",\"inLanguage\":\"de\",\"@id\":\"https:\\\/\\\/gelidsolutions.com\\\/de\\\/#\\\/schema\\\/logo\\\/image\\\/\",\"url\":\"https:\\\/\\\/gelidsolutions.com\\\/wp-content\\\/uploads\\\/2022\\\/06\\\/logo_white_104_104.gif\",\"contentUrl\":\"https:\\\/\\\/gelidsolutions.com\\\/wp-content\\\/uploads\\\/2022\\\/06\\\/logo_white_104_104.gif\",\"width\":104,\"height\":104,\"caption\":\"Gelid Solutions\"},\"image\":{\"@id\":\"https:\\\/\\\/gelidsolutions.com\\\/de\\\/#\\\/schema\\\/logo\\\/image\\\/\"}}]}<\/script>\n<!-- \/ Yoast SEO plugin. -->","yoast_head_json":{"title":"SLIM SILENCE A-PLUS - Gelid Solutions","robots":{"index":"index","follow":"follow","max-snippet":"max-snippet:-1","max-image-preview":"max-image-preview:large","max-video-preview":"max-video-preview:-1"},"canonical":"https:\/\/gelidsolutions.com\/de\/produkt\/cpu-cooler-slim-silence-a-plus\/","og_locale":"de_DE","og_type":"article","og_title":"SLIM SILENCE A-PLUS - Gelid Solutions","og_description":"Merkmale:   \u00a0 \u00a0 \u00a0 \u00a0 \u25cf 1U K\u00fchlerh\u00f6he (28mm)  \u00a0 \u00a0 \u00a0 \u00a0 \u25cf 2 Power W\u00e4rmeleitungen  \u00a0 \u00a0 \u00a0 \u00a0 \u25cf Leiser PWM L\u00fcfter  \u00a0 \u00a0 \u00a0 \u00a0 \u25cf Kugellager  \u00a0 \u00a0 \u00a0 \u00a0 \u25cf Hoher Luftstrom  \u00a0 \u00a0 \u00a0 \u00a0 \u25cf 5 Jahre Garantie  &nbsp;","og_url":"https:\/\/gelidsolutions.com\/de\/produkt\/cpu-cooler-slim-silence-a-plus\/","og_site_name":"Gelid Solutions","article_modified_time":"2022-06-19T13:41:31+00:00","og_image":[{"width":600,"height":400,"url":"https:\/\/gelidsolutions.com\/wp-content\/uploads\/2022\/05\/cpu_cooler_silent_SLIM_SILENCE_A-PLUS_1.jpg","type":"image\/jpeg"}],"twitter_card":"summary_large_image","twitter_misc":{"Gesch\u00e4tzte Lesezeit":"1\u00a0Minute"},"schema":{"@context":"https:\/\/schema.org","@graph":[{"@type":"WebPage","@id":"https:\/\/gelidsolutions.com\/de\/produkt\/cpu-cooler-slim-silence-a-plus\/","url":"https:\/\/gelidsolutions.com\/de\/produkt\/cpu-cooler-slim-silence-a-plus\/","name":"SLIM SILENCE A-PLUS - Gelid Solutions","isPartOf":{"@id":"https:\/\/gelidsolutions.com\/de\/#website"},"primaryImageOfPage":{"@id":"https:\/\/gelidsolutions.com\/de\/produkt\/cpu-cooler-slim-silence-a-plus\/#primaryimage"},"image":{"@id":"https:\/\/gelidsolutions.com\/de\/produkt\/cpu-cooler-slim-silence-a-plus\/#primaryimage"},"thumbnailUrl":"https:\/\/gelidsolutions.com\/wp-content\/uploads\/2022\/05\/cpu_cooler_silent_SLIM_SILENCE_A-PLUS_1.jpg","datePublished":"2016-08-02T06:32:00+00:00","dateModified":"2022-06-19T13:41:31+00:00","breadcrumb":{"@id":"https:\/\/gelidsolutions.com\/de\/produkt\/cpu-cooler-slim-silence-a-plus\/#breadcrumb"},"inLanguage":"de","potentialAction":[{"@type":"ReadAction","target":["https:\/\/gelidsolutions.com\/de\/produkt\/cpu-cooler-slim-silence-a-plus\/"]}]},{"@type":"ImageObject","inLanguage":"de","@id":"https:\/\/gelidsolutions.com\/de\/produkt\/cpu-cooler-slim-silence-a-plus\/#primaryimage","url":"https:\/\/gelidsolutions.com\/wp-content\/uploads\/2022\/05\/cpu_cooler_silent_SLIM_SILENCE_A-PLUS_1.jpg","contentUrl":"https:\/\/gelidsolutions.com\/wp-content\/uploads\/2022\/05\/cpu_cooler_silent_SLIM_SILENCE_A-PLUS_1.jpg","width":600,"height":400},{"@type":"BreadcrumbList","@id":"https:\/\/gelidsolutions.com\/de\/produkt\/cpu-cooler-slim-silence-a-plus\/#breadcrumb","itemListElement":[{"@type":"ListItem","position":1,"name":"Home","item":"https:\/\/gelidsolutions.com\/de\/"},{"@type":"ListItem","position":2,"name":"Shop","item":"https:\/\/gelidsolutions.com\/shop\/"},{"@type":"ListItem","position":3,"name":"SLIM SILENCE A-PLUS"}]},{"@type":"WebSite","@id":"https:\/\/gelidsolutions.com\/de\/#website","url":"https:\/\/gelidsolutions.com\/de\/","name":"Gelid Solutions","description":"","publisher":{"@id":"https:\/\/gelidsolutions.com\/de\/#organization"},"potentialAction":[{"@type":"SearchAction","target":{"@type":"EntryPoint","urlTemplate":"https:\/\/gelidsolutions.com\/de\/?s={search_term_string}"},"query-input":{"@type":"PropertyValueSpecification","valueRequired":true,"valueName":"search_term_string"}}],"inLanguage":"de"},{"@type":"Organization","@id":"https:\/\/gelidsolutions.com\/de\/#organization","name":"Gelid Solutions","url":"https:\/\/gelidsolutions.com\/de\/","logo":{"@type":"ImageObject","inLanguage":"de","@id":"https:\/\/gelidsolutions.com\/de\/#\/schema\/logo\/image\/","url":"https:\/\/gelidsolutions.com\/wp-content\/uploads\/2022\/06\/logo_white_104_104.gif","contentUrl":"https:\/\/gelidsolutions.com\/wp-content\/uploads\/2022\/06\/logo_white_104_104.gif","width":104,"height":104,"caption":"Gelid Solutions"},"image":{"@id":"https:\/\/gelidsolutions.com\/de\/#\/schema\/logo\/image\/"}}]}},"_links":{"self":[{"href":"https:\/\/gelidsolutions.com\/de\/wp-json\/wp\/v2\/product\/113753","targetHints":{"allow":["GET"]}}],"collection":[{"href":"https:\/\/gelidsolutions.com\/de\/wp-json\/wp\/v2\/product"}],"about":[{"href":"https:\/\/gelidsolutions.com\/de\/wp-json\/wp\/v2\/types\/product"}],"replies":[{"embeddable":true,"href":"https:\/\/gelidsolutions.com\/de\/wp-json\/wp\/v2\/comments?post=113753"}],"wp:featuredmedia":[{"embeddable":true,"href":"https:\/\/gelidsolutions.com\/de\/wp-json\/wp\/v2\/media\/108063"}],"wp:attachment":[{"href":"https:\/\/gelidsolutions.com\/de\/wp-json\/wp\/v2\/media?parent=113753"}],"wp:term":[{"taxonomy":"product_cat","embeddable":true,"href":"https:\/\/gelidsolutions.com\/de\/wp-json\/wp\/v2\/product_cat?post=113753"},{"taxonomy":"product_tag","embeddable":true,"href":"https:\/\/gelidsolutions.com\/de\/wp-json\/wp\/v2\/product_tag?post=113753"}],"curies":[{"name":"wp","href":"https:\/\/api.w.org\/{rel}","templated":true}]}}