{"id":113754,"date":"2016-08-02T06:29:00","date_gmt":"2016-08-01T22:29:00","guid":{"rendered":"https:\/\/localhost\/gelidsolutions\/product\/cpu-cooler-slim-silence-i-plus\/"},"modified":"2022-10-25T17:09:49","modified_gmt":"2022-10-25T09:09:49","slug":"cpu-kuhler-slim-silence-i-plus","status":"publish","type":"product","link":"https:\/\/gelidsolutions.com\/de\/produkt\/cpu-kuhler-slim-silence-i-plus\/","title":{"rendered":"SLIM SILENCE I-PLUS"},"content":{"rendered":"<p><i><b>Slim Silence i-Plus (CC-SSilence-iplus) <\/b><\/i><br \/>\n1U CPU-K\u00fchler<\/p>\n<p>&nbsp;<\/p>\n<p><i><b>Anwendungen<\/b><\/i><\/p>\n<p><i><br \/>\n<b>Intel-Sockel<\/b><br \/>\n<\/i>: 775, 1155, 1156, 1150, 1151 &amp; 1200<\/p>\n<p><i><br \/>\n<b>CPU<\/b><br \/>\n<\/i>: Conroe-L (TDP 35W), E-Serie Celeron (TDP 65W max), Dual-Core (TDP 65W max), Core 2 Duo (TDP 65W max), Core i3\/i5 (TDP 82W max) mit guter Geh\u00e4usebel\u00fcftung<\/p>\n<p><i><br \/>\n<b>Unterst\u00fctzt Motherboard-Typen<\/b><br \/>\n<\/i>: Mini ITX, Micro ATX, ATX*<\/p>\n<p>&nbsp;<\/p>\n<p><a href=\"https:\/\/gelidsolutions.com\/clients\/gelid\/userfiles\/i_plus_size_restriction_drawing.pdf\" target=\"_blank\" rel=\"noopener\"><em>*Bitte pr\u00fcfen Sie das Installationshandbuch und die Zeichnung mit den Gr\u00f6\u00dfenbeschr\u00e4nkungen.<\/em><\/a><\/p>\n<p>&nbsp;<\/p>\n<p><em>Alle Marken und Warenzeichen sind das Eigentum ihrer jeweiligen Inhaber.<\/em><\/p>\n<p>&nbsp;<\/p>\n<p><b>Kompaktes K\u00fchlk\u00f6rper-Design<\/b> <b>f\u00fcr Mini ITX, Micro ATX, ATX, HTPC, Panel PC, Car PC &amp; 1U Server<\/b><\/p>\n<p>Maximale K\u00fchlk\u00f6rperh\u00f6he von nur 28 mm, um in die meisten schlanken Low-Profile-Geh\u00e4use zu passen, ohne dass es zu Konflikten mit dem Geh\u00e4use kommt.<\/p>\n<p>&nbsp;<\/p>\n<p><b>Optimiertes L\u00fcfterdesign<\/b> mit intelligenter PWM-Funktion<\/p>\n<p>Integrierter, rahmenloser 75-mm-L\u00fcfter mit Kugellager und PWM-Steuerung zur Minimierung des Ger\u00e4uschpegels bei gleichzeitiger Bereitstellung eines ausreichenden Luftstroms f\u00fcr die CPU-K\u00fchlung unter Last und f\u00fcr eine lange Lebensdauer in Umgebungen mit hohen Temperaturen.<\/p>\n<p>&nbsp;<\/p>\n<p><b>Hochwertige gesinterte Heatpipe &amp; Premium-Kupferbasis<\/b><\/p>\n<p>Erm\u00f6glicht eine effizientere und schnellere W\u00e4rme\u00fcbertragung vom Kern zu den Aluminiumlamellen.<\/p>\n<p>&nbsp;<\/p>\n<p><i>EAN: 4897025780422<\/i><\/p>\n<p>&nbsp;<\/p>\n","protected":false},"excerpt":{"rendered":"<ul>\n<li>  1U K\u00fchler H\u00f6he (28mm)<\/li>\n<li>  High Performance Heatpipe<\/li>\n<li>  Premium-Kupferplatte<\/li>\n<li>  Leiser PWM-L\u00fcfter mit Kugellager<\/li>\n<li>  Hoher Luftstrom<\/li>\n<\/ul>\n","protected":false},"featured_media":120289,"comment_status":"closed","ping_status":"closed","template":"","meta":{"_acf_changed":false},"product_cat":[548,549,591],"product_tag":[],"class_list":{"0":"post-113754","1":"product","2":"type-product","3":"status-publish","4":"has-post-thumbnail","6":"product_cat-award-winning-thermal-solutions-collections-de","7":"product_cat-collections-de","8":"product_cat-silent-cpu-cooler-archive-product-archive-de","10":"first","11":"outofstock","12":"taxable","13":"shipping-taxable","14":"purchasable","15":"product-type-simple"},"supplier_id":null,"supplier_sku":"CC-SSilence-iplus","barcode":"4897025780422","atum_controlled":true,"out_stock_date":"2022-07-12 14:17:59","out_stock_threshold":null,"inheritable":false,"inbound_stock":null,"stock_on_hold":0,"sold_today":0,"sales_last_days":0,"reserved_stock":null,"customer_returns":null,"warehouse_damage":null,"lost_in_post":null,"other_logs":null,"out_stock_days":1389,"lost_sales":0,"has_location":false,"update_date":"2026-05-02T01:12:52","atum_locations":[],"atum_stock_status":"outofstock","restock_status":false,"low_stock_amount":"","sales_update_date":"2026-05-02T01:12:52","calc_backorders":null,"acf":[],"yoast_head":"<!-- This site is optimized with the Yoast SEO plugin v27.5 - https:\/\/yoast.com\/product\/yoast-seo-wordpress\/ -->\n<title>SLIM SILENCE I-PLUS - Gelid Solutions<\/title>\n<meta name=\"robots\" content=\"index, follow, max-snippet:-1, max-image-preview:large, max-video-preview:-1\" \/>\n<link rel=\"canonical\" href=\"https:\/\/gelidsolutions.com\/de\/produkt\/cpu-kuhler-slim-silence-i-plus\/\" \/>\n<meta property=\"og:locale\" content=\"de_DE\" \/>\n<meta property=\"og:type\" content=\"article\" \/>\n<meta property=\"og:title\" content=\"SLIM SILENCE I-PLUS - Gelid Solutions\" \/>\n<meta property=\"og:description\" content=\"1U K\u00fchler H\u00f6he (28mm)   High Performance Heatpipe   Premium-Kupferplatte   Leiser PWM-L\u00fcfter mit Kugellager   Hoher Luftstrom\" \/>\n<meta property=\"og:url\" content=\"https:\/\/gelidsolutions.com\/de\/produkt\/cpu-kuhler-slim-silence-i-plus\/\" \/>\n<meta property=\"og:site_name\" content=\"Gelid Solutions\" \/>\n<meta property=\"article:modified_time\" content=\"2022-10-25T09:09:49+00:00\" \/>\n<meta property=\"og:image\" content=\"https:\/\/gelidsolutions.com\/wp-content\/uploads\/2016\/08\/cpu_cooler_silent_SLIM_SILENCE_I-PLUS_1.png\" \/>\n\t<meta property=\"og:image:width\" content=\"600\" \/>\n\t<meta property=\"og:image:height\" content=\"400\" \/>\n\t<meta property=\"og:image:type\" content=\"image\/png\" \/>\n<meta name=\"twitter:card\" content=\"summary_large_image\" \/>\n<meta name=\"twitter:label1\" content=\"Gesch\u00e4tzte Lesezeit\" \/>\n\t<meta name=\"twitter:data1\" content=\"1\u00a0Minute\" \/>\n<script type=\"application\/ld+json\" class=\"yoast-schema-graph\">{\"@context\":\"https:\\\/\\\/schema.org\",\"@graph\":[{\"@type\":\"WebPage\",\"@id\":\"https:\\\/\\\/gelidsolutions.com\\\/de\\\/produkt\\\/cpu-kuhler-slim-silence-i-plus\\\/\",\"url\":\"https:\\\/\\\/gelidsolutions.com\\\/de\\\/produkt\\\/cpu-kuhler-slim-silence-i-plus\\\/\",\"name\":\"SLIM SILENCE I-PLUS - Gelid Solutions\",\"isPartOf\":{\"@id\":\"https:\\\/\\\/gelidsolutions.com\\\/de\\\/#website\"},\"primaryImageOfPage\":{\"@id\":\"https:\\\/\\\/gelidsolutions.com\\\/de\\\/produkt\\\/cpu-kuhler-slim-silence-i-plus\\\/#primaryimage\"},\"image\":{\"@id\":\"https:\\\/\\\/gelidsolutions.com\\\/de\\\/produkt\\\/cpu-kuhler-slim-silence-i-plus\\\/#primaryimage\"},\"thumbnailUrl\":\"https:\\\/\\\/gelidsolutions.com\\\/wp-content\\\/uploads\\\/2016\\\/08\\\/cpu_cooler_silent_SLIM_SILENCE_I-PLUS_1.png\",\"datePublished\":\"2016-08-01T22:29:00+00:00\",\"dateModified\":\"2022-10-25T09:09:49+00:00\",\"breadcrumb\":{\"@id\":\"https:\\\/\\\/gelidsolutions.com\\\/de\\\/produkt\\\/cpu-kuhler-slim-silence-i-plus\\\/#breadcrumb\"},\"inLanguage\":\"de\",\"potentialAction\":[{\"@type\":\"ReadAction\",\"target\":[\"https:\\\/\\\/gelidsolutions.com\\\/de\\\/produkt\\\/cpu-kuhler-slim-silence-i-plus\\\/\"]}]},{\"@type\":\"ImageObject\",\"inLanguage\":\"de\",\"@id\":\"https:\\\/\\\/gelidsolutions.com\\\/de\\\/produkt\\\/cpu-kuhler-slim-silence-i-plus\\\/#primaryimage\",\"url\":\"https:\\\/\\\/gelidsolutions.com\\\/wp-content\\\/uploads\\\/2016\\\/08\\\/cpu_cooler_silent_SLIM_SILENCE_I-PLUS_1.png\",\"contentUrl\":\"https:\\\/\\\/gelidsolutions.com\\\/wp-content\\\/uploads\\\/2016\\\/08\\\/cpu_cooler_silent_SLIM_SILENCE_I-PLUS_1.png\",\"width\":600,\"height\":400,\"caption\":\"Schlankes Schweigen I-Plus\"},{\"@type\":\"BreadcrumbList\",\"@id\":\"https:\\\/\\\/gelidsolutions.com\\\/de\\\/produkt\\\/cpu-kuhler-slim-silence-i-plus\\\/#breadcrumb\",\"itemListElement\":[{\"@type\":\"ListItem\",\"position\":1,\"name\":\"Home\",\"item\":\"https:\\\/\\\/gelidsolutions.com\\\/de\\\/\"},{\"@type\":\"ListItem\",\"position\":2,\"name\":\"Shop\",\"item\":\"https:\\\/\\\/gelidsolutions.com\\\/shop\\\/\"},{\"@type\":\"ListItem\",\"position\":3,\"name\":\"SLIM SILENCE I-PLUS\"}]},{\"@type\":\"WebSite\",\"@id\":\"https:\\\/\\\/gelidsolutions.com\\\/de\\\/#website\",\"url\":\"https:\\\/\\\/gelidsolutions.com\\\/de\\\/\",\"name\":\"Gelid Solutions\",\"description\":\"\",\"publisher\":{\"@id\":\"https:\\\/\\\/gelidsolutions.com\\\/de\\\/#organization\"},\"potentialAction\":[{\"@type\":\"SearchAction\",\"target\":{\"@type\":\"EntryPoint\",\"urlTemplate\":\"https:\\\/\\\/gelidsolutions.com\\\/de\\\/?s={search_term_string}\"},\"query-input\":{\"@type\":\"PropertyValueSpecification\",\"valueRequired\":true,\"valueName\":\"search_term_string\"}}],\"inLanguage\":\"de\"},{\"@type\":\"Organization\",\"@id\":\"https:\\\/\\\/gelidsolutions.com\\\/de\\\/#organization\",\"name\":\"Gelid Solutions\",\"url\":\"https:\\\/\\\/gelidsolutions.com\\\/de\\\/\",\"logo\":{\"@type\":\"ImageObject\",\"inLanguage\":\"de\",\"@id\":\"https:\\\/\\\/gelidsolutions.com\\\/de\\\/#\\\/schema\\\/logo\\\/image\\\/\",\"url\":\"https:\\\/\\\/gelidsolutions.com\\\/wp-content\\\/uploads\\\/2022\\\/06\\\/logo_white_104_104.gif\",\"contentUrl\":\"https:\\\/\\\/gelidsolutions.com\\\/wp-content\\\/uploads\\\/2022\\\/06\\\/logo_white_104_104.gif\",\"width\":104,\"height\":104,\"caption\":\"Gelid Solutions\"},\"image\":{\"@id\":\"https:\\\/\\\/gelidsolutions.com\\\/de\\\/#\\\/schema\\\/logo\\\/image\\\/\"}}]}<\/script>\n<!-- \/ Yoast SEO plugin. -->","yoast_head_json":{"title":"SLIM SILENCE I-PLUS - Gelid Solutions","robots":{"index":"index","follow":"follow","max-snippet":"max-snippet:-1","max-image-preview":"max-image-preview:large","max-video-preview":"max-video-preview:-1"},"canonical":"https:\/\/gelidsolutions.com\/de\/produkt\/cpu-kuhler-slim-silence-i-plus\/","og_locale":"de_DE","og_type":"article","og_title":"SLIM SILENCE I-PLUS - Gelid Solutions","og_description":"1U K\u00fchler H\u00f6he (28mm)   High Performance Heatpipe   Premium-Kupferplatte   Leiser PWM-L\u00fcfter mit Kugellager   Hoher Luftstrom","og_url":"https:\/\/gelidsolutions.com\/de\/produkt\/cpu-kuhler-slim-silence-i-plus\/","og_site_name":"Gelid Solutions","article_modified_time":"2022-10-25T09:09:49+00:00","og_image":[{"width":600,"height":400,"url":"https:\/\/gelidsolutions.com\/wp-content\/uploads\/2016\/08\/cpu_cooler_silent_SLIM_SILENCE_I-PLUS_1.png","type":"image\/png"}],"twitter_card":"summary_large_image","twitter_misc":{"Gesch\u00e4tzte Lesezeit":"1\u00a0Minute"},"schema":{"@context":"https:\/\/schema.org","@graph":[{"@type":"WebPage","@id":"https:\/\/gelidsolutions.com\/de\/produkt\/cpu-kuhler-slim-silence-i-plus\/","url":"https:\/\/gelidsolutions.com\/de\/produkt\/cpu-kuhler-slim-silence-i-plus\/","name":"SLIM SILENCE I-PLUS - Gelid Solutions","isPartOf":{"@id":"https:\/\/gelidsolutions.com\/de\/#website"},"primaryImageOfPage":{"@id":"https:\/\/gelidsolutions.com\/de\/produkt\/cpu-kuhler-slim-silence-i-plus\/#primaryimage"},"image":{"@id":"https:\/\/gelidsolutions.com\/de\/produkt\/cpu-kuhler-slim-silence-i-plus\/#primaryimage"},"thumbnailUrl":"https:\/\/gelidsolutions.com\/wp-content\/uploads\/2016\/08\/cpu_cooler_silent_SLIM_SILENCE_I-PLUS_1.png","datePublished":"2016-08-01T22:29:00+00:00","dateModified":"2022-10-25T09:09:49+00:00","breadcrumb":{"@id":"https:\/\/gelidsolutions.com\/de\/produkt\/cpu-kuhler-slim-silence-i-plus\/#breadcrumb"},"inLanguage":"de","potentialAction":[{"@type":"ReadAction","target":["https:\/\/gelidsolutions.com\/de\/produkt\/cpu-kuhler-slim-silence-i-plus\/"]}]},{"@type":"ImageObject","inLanguage":"de","@id":"https:\/\/gelidsolutions.com\/de\/produkt\/cpu-kuhler-slim-silence-i-plus\/#primaryimage","url":"https:\/\/gelidsolutions.com\/wp-content\/uploads\/2016\/08\/cpu_cooler_silent_SLIM_SILENCE_I-PLUS_1.png","contentUrl":"https:\/\/gelidsolutions.com\/wp-content\/uploads\/2016\/08\/cpu_cooler_silent_SLIM_SILENCE_I-PLUS_1.png","width":600,"height":400,"caption":"Schlankes Schweigen I-Plus"},{"@type":"BreadcrumbList","@id":"https:\/\/gelidsolutions.com\/de\/produkt\/cpu-kuhler-slim-silence-i-plus\/#breadcrumb","itemListElement":[{"@type":"ListItem","position":1,"name":"Home","item":"https:\/\/gelidsolutions.com\/de\/"},{"@type":"ListItem","position":2,"name":"Shop","item":"https:\/\/gelidsolutions.com\/shop\/"},{"@type":"ListItem","position":3,"name":"SLIM SILENCE I-PLUS"}]},{"@type":"WebSite","@id":"https:\/\/gelidsolutions.com\/de\/#website","url":"https:\/\/gelidsolutions.com\/de\/","name":"Gelid Solutions","description":"","publisher":{"@id":"https:\/\/gelidsolutions.com\/de\/#organization"},"potentialAction":[{"@type":"SearchAction","target":{"@type":"EntryPoint","urlTemplate":"https:\/\/gelidsolutions.com\/de\/?s={search_term_string}"},"query-input":{"@type":"PropertyValueSpecification","valueRequired":true,"valueName":"search_term_string"}}],"inLanguage":"de"},{"@type":"Organization","@id":"https:\/\/gelidsolutions.com\/de\/#organization","name":"Gelid Solutions","url":"https:\/\/gelidsolutions.com\/de\/","logo":{"@type":"ImageObject","inLanguage":"de","@id":"https:\/\/gelidsolutions.com\/de\/#\/schema\/logo\/image\/","url":"https:\/\/gelidsolutions.com\/wp-content\/uploads\/2022\/06\/logo_white_104_104.gif","contentUrl":"https:\/\/gelidsolutions.com\/wp-content\/uploads\/2022\/06\/logo_white_104_104.gif","width":104,"height":104,"caption":"Gelid Solutions"},"image":{"@id":"https:\/\/gelidsolutions.com\/de\/#\/schema\/logo\/image\/"}}]}},"_links":{"self":[{"href":"https:\/\/gelidsolutions.com\/de\/wp-json\/wp\/v2\/product\/113754","targetHints":{"allow":["GET"]}}],"collection":[{"href":"https:\/\/gelidsolutions.com\/de\/wp-json\/wp\/v2\/product"}],"about":[{"href":"https:\/\/gelidsolutions.com\/de\/wp-json\/wp\/v2\/types\/product"}],"replies":[{"embeddable":true,"href":"https:\/\/gelidsolutions.com\/de\/wp-json\/wp\/v2\/comments?post=113754"}],"wp:featuredmedia":[{"embeddable":true,"href":"https:\/\/gelidsolutions.com\/de\/wp-json\/wp\/v2\/media\/120289"}],"wp:attachment":[{"href":"https:\/\/gelidsolutions.com\/de\/wp-json\/wp\/v2\/media?parent=113754"}],"wp:term":[{"taxonomy":"product_cat","embeddable":true,"href":"https:\/\/gelidsolutions.com\/de\/wp-json\/wp\/v2\/product_cat?post=113754"},{"taxonomy":"product_tag","embeddable":true,"href":"https:\/\/gelidsolutions.com\/de\/wp-json\/wp\/v2\/product_tag?post=113754"}],"curies":[{"name":"wp","href":"https:\/\/api.w.org\/{rel}","templated":true}]}}