{"id":113755,"date":"2016-08-02T06:27:00","date_gmt":"2016-08-01T22:27:00","guid":{"rendered":"https:\/\/localhost\/gelidsolutions\/product\/cpu-cooler-polar\/"},"modified":"2022-06-18T07:15:38","modified_gmt":"2022-06-18T07:15:38","slug":"cpu-cooler-polar","status":"publish","type":"product","link":"https:\/\/gelidsolutions.com\/de\/produkt\/cpu-cooler-polar\/","title":{"rendered":"POLAR"},"content":{"rendered":"<p><b>Polar (CC-Polar-01)<\/b><\/p>\n<p>&nbsp;<\/p>\n<p><i><b>Anwendungsbereich:<\/b><\/i><\/p>\n<p>Intel Sockel: LGA 1550, 1155, 1156 und 1151<br \/>\nCPU: Celeron, Pentium Dual Core, Core i3 und Core i5 mit TDP 65W<\/p>\n<p>Alle Marken-und Warenzeichen sind Eigentum ihrer jeweiligen Besitzer.<br \/>\n<i><b><br \/>\n<\/b><\/i><\/p>\n<p><i><b>Designkonzept:<\/b><\/i><\/p>\n<p>Der POLAR wurde f\u00fcr HTPC, Panel-PC, Auto-PC, 1U-Server und Thin ITX-Motherboard entwickelt. Die K\u00fchlk\u00f6rperh\u00f6he von nur 27 mm passt in die meisten schlanken Geh\u00e4use mit niedrigem Profil. Der POLAR verf\u00fcgt au\u00dferdem \u00fcber eine verbesserte K\u00fchlk\u00f6rperrippenkonfiguration, um eine hohe K\u00fchlleistung in einem kompakten Design zu erzielen. Der K\u00fchler wiegt nur 127g und ist besonders f\u00fcr leichte Panel-PC- und Car-PC-Anwendungen geeignet.<\/p>\n<p>Ein leiser rahmenloser 75-mm-L\u00fcfter mit der intelligenten GELID PWM-Steuerung (Pulsbreitenmodul) wurde f\u00fcr die Integration in den K\u00fchlk\u00f6rper ausgew\u00e4hlt. Die L\u00fcfterbl\u00e4tter wurden optimiert und mit einer L\u00fcftergeschwindigkeit von min. 1400 U \/ min, garantiert es einen hohen Luftstrom. Die intelligente GELID PWM-Steuerung h\u00e4lt den L\u00fcfter leise, beschleunigt jedoch die L\u00fcftergeschwindigkeit, wenn zus\u00e4tzliche K\u00fchlung erforderlich ist. Die mehrfach preisgekr\u00f6nte Hochleistungs-GC-2-W\u00e4rmeleitpaste ist bereits auf dem K\u00fchlk\u00f6rper vorab aufgetragen. Der POLAR ist kompatibel mit Intel \u2122 Celeron \u2122, Pentium Dual-Core \u2122, Core i3 \u2122 und Core i5 \u2122 CPU mit TDP 65W. Er passt auf mehrere Intel \u2122 CPU-Sockel wie LGA 1150, 1155, 1156, 1151 und 1200.<\/p>\n<p><span class=\"Apple-converted-space\">Der K\u00fchler ist RoHS- und WEEE-konform und hat eine Garantie von 5 Jahren.<\/span><\/p>\n<p>&nbsp;<\/p>\n<p><i><b>UVP: USD 15.99 \/ Euro 14<\/b><\/i><\/p>\n<p>&nbsp;<\/p>\n<p><i>EAN: 4897025781825<\/i><\/p>\n<p>&nbsp;<\/p>\n","protected":false},"excerpt":{"rendered":"<p><i><b>Merkmale:<\/b><\/i><\/p>\n<ul>\n<li>\u00a0 \u00a0 \u00a0 \u00a0 \u25cf\u00a01U K\u00fchlerh\u00f6he (27mm)<\/li>\n<li>\u00a0 \u00a0 \u00a0 \u00a0 \u25cf\u00a0Intelligente PWM Kontrolle<\/li>\n<li>\u00a0 \u00a0 \u00a0 \u00a0 \u25cf\u00a0Leiser L\u00fcfter<\/li>\n<li>\u00a0 \u00a0 \u00a0 \u00a0 \u25cf\u00a0Kugellager<\/li>\n<li>\u00a0 \u00a0 \u00a0 \u00a0 \u25cf\u00a05 Jahre Garantie<\/li>\n<\/ul>\n<p>&nbsp;<\/p>\n","protected":false},"featured_media":108212,"comment_status":"closed","ping_status":"closed","template":"","meta":{"_acf_changed":false},"product_cat":[305],"product_tag":[559,560,553],"class_list":{"0":"post-113755","1":"product","2":"type-product","3":"status-publish","4":"has-post-thumbnail","6":"product_cat-kuehlloesungen","7":"product_tag-cpu-kuhler","8":"product_tag-leiser-cpu-kuhler","9":"product_tag-thermal-solution-de","11":"first","12":"outofstock","13":"taxable","14":"shipping-taxable","15":"purchasable","16":"product-type-simple"},"supplier_id":null,"supplier_sku":"CC-Polar-02","barcode":"4897025781825","atum_controlled":true,"out_stock_date":"2022-07-12 14:17:59","out_stock_threshold":null,"inheritable":false,"inbound_stock":null,"stock_on_hold":0,"sold_today":0,"sales_last_days":0,"reserved_stock":null,"customer_returns":null,"warehouse_damage":null,"lost_in_post":null,"other_logs":null,"out_stock_days":1383,"lost_sales":0,"has_location":false,"update_date":"2026-04-26T01:09:51","atum_locations":[],"atum_stock_status":"outofstock","restock_status":false,"low_stock_amount":"","sales_update_date":"2026-04-26T01:09:51","calc_backorders":null,"acf":[],"yoast_head":"<!-- This site is optimized with the Yoast SEO plugin v27.4 - https:\/\/yoast.com\/product\/yoast-seo-wordpress\/ -->\n<title>POLAR - Gelid Solutions<\/title>\n<meta name=\"robots\" content=\"index, follow, max-snippet:-1, max-image-preview:large, max-video-preview:-1\" \/>\n<link rel=\"canonical\" href=\"https:\/\/gelidsolutions.com\/de\/produkt\/cpu-cooler-polar\/\" \/>\n<meta property=\"og:locale\" content=\"de_DE\" \/>\n<meta property=\"og:type\" content=\"article\" \/>\n<meta property=\"og:title\" content=\"POLAR - Gelid Solutions\" \/>\n<meta property=\"og:description\" content=\"Merkmale:   \u00a0 \u00a0 \u00a0 \u00a0 \u25cf\u00a01U K\u00fchlerh\u00f6he (27mm)  \u00a0 \u00a0 \u00a0 \u00a0 \u25cf\u00a0Intelligente PWM Kontrolle  \u00a0 \u00a0 \u00a0 \u00a0 \u25cf\u00a0Leiser L\u00fcfter  \u00a0 \u00a0 \u00a0 \u00a0 \u25cf\u00a0Kugellager  \u00a0 \u00a0 \u00a0 \u00a0 \u25cf\u00a05 Jahre Garantie  &nbsp;\" \/>\n<meta property=\"og:url\" content=\"https:\/\/gelidsolutions.com\/de\/produkt\/cpu-cooler-polar\/\" \/>\n<meta property=\"og:site_name\" content=\"Gelid Solutions\" \/>\n<meta property=\"article:modified_time\" content=\"2022-06-18T07:15:38+00:00\" \/>\n<meta property=\"og:image\" content=\"https:\/\/gelidsolutions.com\/wp-content\/uploads\/2022\/05\/cpu_cooler_silent_POLAR_2_1.jpg\" \/>\n\t<meta property=\"og:image:width\" content=\"600\" \/>\n\t<meta property=\"og:image:height\" content=\"400\" \/>\n\t<meta property=\"og:image:type\" content=\"image\/jpeg\" \/>\n<meta name=\"twitter:card\" content=\"summary_large_image\" \/>\n<meta name=\"twitter:label1\" content=\"Gesch\u00e4tzte Lesezeit\" \/>\n\t<meta name=\"twitter:data1\" content=\"1\u00a0Minute\" \/>\n<script type=\"application\/ld+json\" class=\"yoast-schema-graph\">{\"@context\":\"https:\\\/\\\/schema.org\",\"@graph\":[{\"@type\":\"WebPage\",\"@id\":\"https:\\\/\\\/gelidsolutions.com\\\/de\\\/produkt\\\/cpu-cooler-polar\\\/\",\"url\":\"https:\\\/\\\/gelidsolutions.com\\\/de\\\/produkt\\\/cpu-cooler-polar\\\/\",\"name\":\"POLAR - Gelid Solutions\",\"isPartOf\":{\"@id\":\"https:\\\/\\\/gelidsolutions.com\\\/de\\\/#website\"},\"primaryImageOfPage\":{\"@id\":\"https:\\\/\\\/gelidsolutions.com\\\/de\\\/produkt\\\/cpu-cooler-polar\\\/#primaryimage\"},\"image\":{\"@id\":\"https:\\\/\\\/gelidsolutions.com\\\/de\\\/produkt\\\/cpu-cooler-polar\\\/#primaryimage\"},\"thumbnailUrl\":\"https:\\\/\\\/gelidsolutions.com\\\/wp-content\\\/uploads\\\/2022\\\/05\\\/cpu_cooler_silent_POLAR_2_1.jpg\",\"datePublished\":\"2016-08-01T22:27:00+00:00\",\"dateModified\":\"2022-06-18T07:15:38+00:00\",\"breadcrumb\":{\"@id\":\"https:\\\/\\\/gelidsolutions.com\\\/de\\\/produkt\\\/cpu-cooler-polar\\\/#breadcrumb\"},\"inLanguage\":\"de\",\"potentialAction\":[{\"@type\":\"ReadAction\",\"target\":[\"https:\\\/\\\/gelidsolutions.com\\\/de\\\/produkt\\\/cpu-cooler-polar\\\/\"]}]},{\"@type\":\"ImageObject\",\"inLanguage\":\"de\",\"@id\":\"https:\\\/\\\/gelidsolutions.com\\\/de\\\/produkt\\\/cpu-cooler-polar\\\/#primaryimage\",\"url\":\"https:\\\/\\\/gelidsolutions.com\\\/wp-content\\\/uploads\\\/2022\\\/05\\\/cpu_cooler_silent_POLAR_2_1.jpg\",\"contentUrl\":\"https:\\\/\\\/gelidsolutions.com\\\/wp-content\\\/uploads\\\/2022\\\/05\\\/cpu_cooler_silent_POLAR_2_1.jpg\",\"width\":600,\"height\":400},{\"@type\":\"BreadcrumbList\",\"@id\":\"https:\\\/\\\/gelidsolutions.com\\\/de\\\/produkt\\\/cpu-cooler-polar\\\/#breadcrumb\",\"itemListElement\":[{\"@type\":\"ListItem\",\"position\":1,\"name\":\"Home\",\"item\":\"https:\\\/\\\/gelidsolutions.com\\\/de\\\/\"},{\"@type\":\"ListItem\",\"position\":2,\"name\":\"Shop\",\"item\":\"https:\\\/\\\/gelidsolutions.com\\\/shop\\\/\"},{\"@type\":\"ListItem\",\"position\":3,\"name\":\"POLAR\"}]},{\"@type\":\"WebSite\",\"@id\":\"https:\\\/\\\/gelidsolutions.com\\\/de\\\/#website\",\"url\":\"https:\\\/\\\/gelidsolutions.com\\\/de\\\/\",\"name\":\"Gelid Solutions\",\"description\":\"\",\"publisher\":{\"@id\":\"https:\\\/\\\/gelidsolutions.com\\\/de\\\/#organization\"},\"potentialAction\":[{\"@type\":\"SearchAction\",\"target\":{\"@type\":\"EntryPoint\",\"urlTemplate\":\"https:\\\/\\\/gelidsolutions.com\\\/de\\\/?s={search_term_string}\"},\"query-input\":{\"@type\":\"PropertyValueSpecification\",\"valueRequired\":true,\"valueName\":\"search_term_string\"}}],\"inLanguage\":\"de\"},{\"@type\":\"Organization\",\"@id\":\"https:\\\/\\\/gelidsolutions.com\\\/de\\\/#organization\",\"name\":\"Gelid Solutions\",\"url\":\"https:\\\/\\\/gelidsolutions.com\\\/de\\\/\",\"logo\":{\"@type\":\"ImageObject\",\"inLanguage\":\"de\",\"@id\":\"https:\\\/\\\/gelidsolutions.com\\\/de\\\/#\\\/schema\\\/logo\\\/image\\\/\",\"url\":\"https:\\\/\\\/gelidsolutions.com\\\/wp-content\\\/uploads\\\/2022\\\/06\\\/logo_white_104_104.gif\",\"contentUrl\":\"https:\\\/\\\/gelidsolutions.com\\\/wp-content\\\/uploads\\\/2022\\\/06\\\/logo_white_104_104.gif\",\"width\":104,\"height\":104,\"caption\":\"Gelid Solutions\"},\"image\":{\"@id\":\"https:\\\/\\\/gelidsolutions.com\\\/de\\\/#\\\/schema\\\/logo\\\/image\\\/\"}}]}<\/script>\n<!-- \/ Yoast SEO plugin. -->","yoast_head_json":{"title":"POLAR - Gelid Solutions","robots":{"index":"index","follow":"follow","max-snippet":"max-snippet:-1","max-image-preview":"max-image-preview:large","max-video-preview":"max-video-preview:-1"},"canonical":"https:\/\/gelidsolutions.com\/de\/produkt\/cpu-cooler-polar\/","og_locale":"de_DE","og_type":"article","og_title":"POLAR - Gelid Solutions","og_description":"Merkmale:   \u00a0 \u00a0 \u00a0 \u00a0 \u25cf\u00a01U K\u00fchlerh\u00f6he (27mm)  \u00a0 \u00a0 \u00a0 \u00a0 \u25cf\u00a0Intelligente PWM Kontrolle  \u00a0 \u00a0 \u00a0 \u00a0 \u25cf\u00a0Leiser L\u00fcfter  \u00a0 \u00a0 \u00a0 \u00a0 \u25cf\u00a0Kugellager  \u00a0 \u00a0 \u00a0 \u00a0 \u25cf\u00a05 Jahre Garantie  &nbsp;","og_url":"https:\/\/gelidsolutions.com\/de\/produkt\/cpu-cooler-polar\/","og_site_name":"Gelid Solutions","article_modified_time":"2022-06-18T07:15:38+00:00","og_image":[{"width":600,"height":400,"url":"https:\/\/gelidsolutions.com\/wp-content\/uploads\/2022\/05\/cpu_cooler_silent_POLAR_2_1.jpg","type":"image\/jpeg"}],"twitter_card":"summary_large_image","twitter_misc":{"Gesch\u00e4tzte Lesezeit":"1\u00a0Minute"},"schema":{"@context":"https:\/\/schema.org","@graph":[{"@type":"WebPage","@id":"https:\/\/gelidsolutions.com\/de\/produkt\/cpu-cooler-polar\/","url":"https:\/\/gelidsolutions.com\/de\/produkt\/cpu-cooler-polar\/","name":"POLAR - Gelid Solutions","isPartOf":{"@id":"https:\/\/gelidsolutions.com\/de\/#website"},"primaryImageOfPage":{"@id":"https:\/\/gelidsolutions.com\/de\/produkt\/cpu-cooler-polar\/#primaryimage"},"image":{"@id":"https:\/\/gelidsolutions.com\/de\/produkt\/cpu-cooler-polar\/#primaryimage"},"thumbnailUrl":"https:\/\/gelidsolutions.com\/wp-content\/uploads\/2022\/05\/cpu_cooler_silent_POLAR_2_1.jpg","datePublished":"2016-08-01T22:27:00+00:00","dateModified":"2022-06-18T07:15:38+00:00","breadcrumb":{"@id":"https:\/\/gelidsolutions.com\/de\/produkt\/cpu-cooler-polar\/#breadcrumb"},"inLanguage":"de","potentialAction":[{"@type":"ReadAction","target":["https:\/\/gelidsolutions.com\/de\/produkt\/cpu-cooler-polar\/"]}]},{"@type":"ImageObject","inLanguage":"de","@id":"https:\/\/gelidsolutions.com\/de\/produkt\/cpu-cooler-polar\/#primaryimage","url":"https:\/\/gelidsolutions.com\/wp-content\/uploads\/2022\/05\/cpu_cooler_silent_POLAR_2_1.jpg","contentUrl":"https:\/\/gelidsolutions.com\/wp-content\/uploads\/2022\/05\/cpu_cooler_silent_POLAR_2_1.jpg","width":600,"height":400},{"@type":"BreadcrumbList","@id":"https:\/\/gelidsolutions.com\/de\/produkt\/cpu-cooler-polar\/#breadcrumb","itemListElement":[{"@type":"ListItem","position":1,"name":"Home","item":"https:\/\/gelidsolutions.com\/de\/"},{"@type":"ListItem","position":2,"name":"Shop","item":"https:\/\/gelidsolutions.com\/shop\/"},{"@type":"ListItem","position":3,"name":"POLAR"}]},{"@type":"WebSite","@id":"https:\/\/gelidsolutions.com\/de\/#website","url":"https:\/\/gelidsolutions.com\/de\/","name":"Gelid Solutions","description":"","publisher":{"@id":"https:\/\/gelidsolutions.com\/de\/#organization"},"potentialAction":[{"@type":"SearchAction","target":{"@type":"EntryPoint","urlTemplate":"https:\/\/gelidsolutions.com\/de\/?s={search_term_string}"},"query-input":{"@type":"PropertyValueSpecification","valueRequired":true,"valueName":"search_term_string"}}],"inLanguage":"de"},{"@type":"Organization","@id":"https:\/\/gelidsolutions.com\/de\/#organization","name":"Gelid Solutions","url":"https:\/\/gelidsolutions.com\/de\/","logo":{"@type":"ImageObject","inLanguage":"de","@id":"https:\/\/gelidsolutions.com\/de\/#\/schema\/logo\/image\/","url":"https:\/\/gelidsolutions.com\/wp-content\/uploads\/2022\/06\/logo_white_104_104.gif","contentUrl":"https:\/\/gelidsolutions.com\/wp-content\/uploads\/2022\/06\/logo_white_104_104.gif","width":104,"height":104,"caption":"Gelid Solutions"},"image":{"@id":"https:\/\/gelidsolutions.com\/de\/#\/schema\/logo\/image\/"}}]}},"_links":{"self":[{"href":"https:\/\/gelidsolutions.com\/de\/wp-json\/wp\/v2\/product\/113755","targetHints":{"allow":["GET"]}}],"collection":[{"href":"https:\/\/gelidsolutions.com\/de\/wp-json\/wp\/v2\/product"}],"about":[{"href":"https:\/\/gelidsolutions.com\/de\/wp-json\/wp\/v2\/types\/product"}],"replies":[{"embeddable":true,"href":"https:\/\/gelidsolutions.com\/de\/wp-json\/wp\/v2\/comments?post=113755"}],"wp:featuredmedia":[{"embeddable":true,"href":"https:\/\/gelidsolutions.com\/de\/wp-json\/wp\/v2\/media\/108212"}],"wp:attachment":[{"href":"https:\/\/gelidsolutions.com\/de\/wp-json\/wp\/v2\/media?parent=113755"}],"wp:term":[{"taxonomy":"product_cat","embeddable":true,"href":"https:\/\/gelidsolutions.com\/de\/wp-json\/wp\/v2\/product_cat?post=113755"},{"taxonomy":"product_tag","embeddable":true,"href":"https:\/\/gelidsolutions.com\/de\/wp-json\/wp\/v2\/product_tag?post=113755"}],"curies":[{"name":"wp","href":"https:\/\/api.w.org\/{rel}","templated":true}]}}