{"id":113757,"date":"2016-08-02T06:21:00","date_gmt":"2016-08-02T06:21:00","guid":{"rendered":"https:\/\/localhost\/gelidsolutions\/product\/cpu-cooler-slim-silence-775\/"},"modified":"2022-05-31T06:44:35","modified_gmt":"2022-05-31T06:44:35","slug":"cpu-cooler-slim-silence-775","status":"publish","type":"product","link":"https:\/\/gelidsolutions.com\/de\/produkt\/cpu-cooler-slim-silence-775\/","title":{"rendered":"SLIM SILENCE 775"},"content":{"rendered":"<p><i><b>Slim Silence 775<\/b><\/i> <i>(CC-SSilence-775)<\/i><\/p>\n<p>&nbsp;<\/p>\n<p><b>Applikationen:\u00a0<\/b><\/p>\n<p><b>Sockel<\/b>: 775<\/p>\n<p><b>CPU<\/b>: Conroe-L mit einer TDP von 35W, E Reihe Celeron mit TDP bis zu 65W mit guter Chassisbel\u00fcftung, Dualcore mit TDP bis zu 65W mit guter Chassisbel\u00fcftung, Core2Duo mit TDP bis zu 65W mit guter Chassisbel\u00fcftung<\/p>\n<p>Unterst\u00fctzt Motherboard Typen: Mini ITX, Micro ATX, ATX<\/p>\n<p><i><a href=\"https:\/\/gelidsolutions.com\/product-pdf\/guides\/installation_manual_intel_A5_r1.pdf\" target=\"_blank\" rel=\"noopener\">*Bitte \u00fcberpr\u00fcfen sie die Installationsanleitung und Gr\u00f6\u00dfenrestriktionszeichnung.<\/a><\/i><i><\/i><\/p>\n<p>Alle Marken und Handelsmarken sind Eigentum ihrer jeweiligen Eigent\u00fcmer.<\/p>\n<p>&nbsp;<\/p>\n<p><b>Kompaktes Heatsink Design<\/b> f\u00fcr mini-ITX, mikro-ATX, ATX *, HTPC, Pannel PC, Auto-PC und 1U Server<br \/>\nMaximale Lamellenh\u00f6he von 28 mm, um keinen Konflikt zu den meisten Slim-Low-Profile Geh\u00e4use zu garantieren.<\/p>\n<p><b>Hochwertige Sintered Heatpipe<\/b><br \/>\nErm\u00f6glicht effizientere und schnellere W\u00e4rme\u00fcbertragung vom Kern bis zu den Aluminiumlamellen<\/p>\n<p><b>Optimiertes L\u00fcfter-Design mit PWM-L\u00fcfter<\/b><br \/>\nIntegrierter 75 mm, rahmenloser L\u00fcfter mit Kugellager und PWM-Kontrolle, um das Ger\u00e4uschniveau zu minimieren.<\/p>\n<p>&nbsp;<\/p>\n<p><i><b>UVP: USD 22.50 \/ Euro 16<\/b><\/i><\/p>\n","protected":false},"excerpt":{"rendered":"<p><i><b>Merkmale:<\/b><\/i><\/p>\n<ul>\n<li>\u00a0 \u00a0 \u00a0 \u00a0 \u25cf\u00a01U K\u00fchlerh\u00f6he (28mm)<\/li>\n<li>\u00a0 \u00a0 \u00a0 \u00a0 \u25cf\u00a0Hochwertige Heatpipe<\/li>\n<li>\u00a0 \u00a0 \u00a0 \u00a0 \u25cf\u00a0Leiser PWM L\u00fcfter<\/li>\n<li>\u00a0 \u00a0 \u00a0 \u00a0 \u25cf\u00a0Kugellager<\/li>\n<li>\u00a0 \u00a0 \u00a0 \u00a0 \u25cf\u00a0Hoher Luftstrom<\/li>\n<li>\u00a0 \u00a0 \u00a0 \u00a0 \u25cf\u00a05 Jahre Garantie<\/li>\n<\/ul>\n<p>&nbsp;<\/p>\n<p>[button size=&#8217;medium&#8216; style=&#8220; text=&#8217;PDF Download&#8216; icon=&#8220; icon_color=&#8220; link=&#8217;https:\/\/gelidsolutions.com\/product-pdf\/guides\/Intel_flyer_c.pdf&#8216; target=&#8217;_self&#8216; color=&#8217;#c1d72e&#8216; hover_color=&#8220; border_color=&#8220; hover_border_color=&#8220; background_color=&#8217;#ffffff&#8216; hover_background_color=&#8220; font_style=&#8220; font_weight=&#8220; text_align=&#8217;center&#8216; margin=&#8220;] \u00a0 \u00a0 \u00a0 \u00a0 \u00a0\u00a0 \u00a0 [button size=&#8217;medium&#8216; style=&#8220; text=&#8217;Awards&#8216; icon=&#8220; icon_color=&#8220; link=\u2019https:\/\/gelidsolutions.com\/product-pdf\/index.php?lid=2&amp;cid=12&amp;id=40&amp;tab=4\u2019 target=&#8217;_self&#8216; color=&#8217;#c1d72e&#8216; hover_color=&#8220; border_color=&#8220; hover_border_color=&#8220; background_color=&#8217;#ffffff&#8216; hover_background_color=&#8220; font_style=&#8220; font_weight=&#8220; text_align=&#8217;center&#8216; margin=&#8220;]<\/p>\n","protected":false},"featured_media":0,"comment_status":"open","ping_status":"open","template":"","meta":{"_acf_changed":false},"product_cat":[313,314],"product_tag":[159,160,148],"class_list":{"0":"post-113757","1":"product","2":"type-product","3":"status-publish","5":"product_cat-archiv","6":"product_cat-silent-cpu-kuehler-archiv","7":"product_tag-cpu-cooler","8":"product_tag-silent-cpu-cooler","9":"product_tag-thermal-solution","11":"first","12":"instock","13":"taxable","14":"shipping-taxable","15":"product-type-simple"},"supplier_id":null,"supplier_sku":"","barcode":null,"atum_controlled":true,"out_stock_date":null,"out_stock_threshold":null,"inheritable":false,"inbound_stock":null,"stock_on_hold":0,"sold_today":0,"sales_last_days":0,"reserved_stock":null,"customer_returns":null,"warehouse_damage":null,"lost_in_post":null,"other_logs":null,"out_stock_days":0,"lost_sales":0,"has_location":null,"update_date":"2026-05-01T01:11:53","atum_locations":[],"atum_stock_status":"instock","restock_status":false,"low_stock_amount":"","sales_update_date":"2026-05-01T01:11:53","calc_backorders":null,"acf":[],"yoast_head":"<!-- This site is optimized with the Yoast SEO plugin v27.5 - https:\/\/yoast.com\/product\/yoast-seo-wordpress\/ -->\n<title>SLIM SILENCE 775 - Gelid Solutions<\/title>\n<meta name=\"robots\" content=\"index, follow, max-snippet:-1, max-image-preview:large, max-video-preview:-1\" \/>\n<link rel=\"canonical\" href=\"https:\/\/gelidsolutions.com\/de\/produkt\/cpu-cooler-slim-silence-775\/\" \/>\n<meta property=\"og:locale\" content=\"de_DE\" \/>\n<meta property=\"og:type\" content=\"article\" \/>\n<meta property=\"og:title\" content=\"SLIM SILENCE 775 - Gelid Solutions\" \/>\n<meta property=\"og:description\" content=\"Merkmale:  \u00a0 \u00a0 \u00a0 \u00a0 \u25cf\u00a01U K\u00fchlerh\u00f6he (28mm)  \u00a0 \u00a0 \u00a0 \u00a0 \u25cf\u00a0Hochwertige Heatpipe  \u00a0 \u00a0 \u00a0 \u00a0 \u25cf\u00a0Leiser PWM L\u00fcfter  \u00a0 \u00a0 \u00a0 \u00a0 \u25cf\u00a0Kugellager  \u00a0 \u00a0 \u00a0 \u00a0 \u25cf\u00a0Hoher Luftstrom  \u00a0 \u00a0 \u00a0 \u00a0 \u25cf\u00a05 Jahre Garantie &nbsp; [button size=&#039;medium&#039; style=&#039;&#039; text=&#039;PDF Download&#039; icon=&#039;&#039; icon_color=&#039;&#039; link=&#039;https:\/\/gelidsolutions.com\/product-pdf\/guides\/Intel_flyer_c.pdf&#039; target=&#039;_self&#039; color=&#039;#c1d72e&#039; hover_color=&#039;&#039; border_color=&#039;&#039; hover_border_color=&#039;&#039; background_color=&#039;#ffffff&#039; hover_background_color=&#039;&#039; font_style=&#039;&#039; font_weight=&#039;&#039; text_align=&#039;center&#039; margin=&#039;&#039;] \u00a0 \u00a0 \u00a0 \u00a0 \u00a0\u00a0 \u00a0 [button size=&#039;medium&#039; style=&#039;&#039; text=&#039;Awards&#039; icon=&#039;&#039; icon_color=&#039;&#039; link=\u2019https:\/\/gelidsolutions.com\/product-pdf\/index.php?lid=2&amp;cid=12&amp;id=40&amp;tab=4\u2019 target=&#039;_self&#039; color=&#039;#c1d72e&#039; hover_color=&#039;&#039; border_color=&#039;&#039; hover_border_color=&#039;&#039; background_color=&#039;#ffffff&#039; hover_background_color=&#039;&#039; font_style=&#039;&#039; font_weight=&#039;&#039; text_align=&#039;center&#039; margin=&#039;&#039;]\" \/>\n<meta property=\"og:url\" content=\"https:\/\/gelidsolutions.com\/de\/produkt\/cpu-cooler-slim-silence-775\/\" \/>\n<meta property=\"og:site_name\" content=\"Gelid Solutions\" \/>\n<meta property=\"article:modified_time\" content=\"2022-05-31T06:44:35+00:00\" \/>\n<meta name=\"twitter:card\" content=\"summary_large_image\" \/>\n<meta name=\"twitter:label1\" content=\"Gesch\u00e4tzte Lesezeit\" \/>\n\t<meta name=\"twitter:data1\" content=\"1\u00a0Minute\" \/>\n<script type=\"application\/ld+json\" class=\"yoast-schema-graph\">{\"@context\":\"https:\\\/\\\/schema.org\",\"@graph\":[{\"@type\":\"WebPage\",\"@id\":\"https:\\\/\\\/gelidsolutions.com\\\/de\\\/produkt\\\/cpu-cooler-slim-silence-775\\\/\",\"url\":\"https:\\\/\\\/gelidsolutions.com\\\/de\\\/produkt\\\/cpu-cooler-slim-silence-775\\\/\",\"name\":\"SLIM SILENCE 775 - Gelid Solutions\",\"isPartOf\":{\"@id\":\"https:\\\/\\\/gelidsolutions.com\\\/de\\\/#website\"},\"datePublished\":\"2016-08-02T06:21:00+00:00\",\"dateModified\":\"2022-05-31T06:44:35+00:00\",\"breadcrumb\":{\"@id\":\"https:\\\/\\\/gelidsolutions.com\\\/de\\\/produkt\\\/cpu-cooler-slim-silence-775\\\/#breadcrumb\"},\"inLanguage\":\"de\",\"potentialAction\":[{\"@type\":\"ReadAction\",\"target\":[\"https:\\\/\\\/gelidsolutions.com\\\/de\\\/produkt\\\/cpu-cooler-slim-silence-775\\\/\"]}]},{\"@type\":\"BreadcrumbList\",\"@id\":\"https:\\\/\\\/gelidsolutions.com\\\/de\\\/produkt\\\/cpu-cooler-slim-silence-775\\\/#breadcrumb\",\"itemListElement\":[{\"@type\":\"ListItem\",\"position\":1,\"name\":\"Home\",\"item\":\"https:\\\/\\\/gelidsolutions.com\\\/de\\\/\"},{\"@type\":\"ListItem\",\"position\":2,\"name\":\"Shop\",\"item\":\"https:\\\/\\\/gelidsolutions.com\\\/shop\\\/\"},{\"@type\":\"ListItem\",\"position\":3,\"name\":\"SLIM SILENCE 775\"}]},{\"@type\":\"WebSite\",\"@id\":\"https:\\\/\\\/gelidsolutions.com\\\/de\\\/#website\",\"url\":\"https:\\\/\\\/gelidsolutions.com\\\/de\\\/\",\"name\":\"Gelid Solutions\",\"description\":\"\",\"publisher\":{\"@id\":\"https:\\\/\\\/gelidsolutions.com\\\/de\\\/#organization\"},\"potentialAction\":[{\"@type\":\"SearchAction\",\"target\":{\"@type\":\"EntryPoint\",\"urlTemplate\":\"https:\\\/\\\/gelidsolutions.com\\\/de\\\/?s={search_term_string}\"},\"query-input\":{\"@type\":\"PropertyValueSpecification\",\"valueRequired\":true,\"valueName\":\"search_term_string\"}}],\"inLanguage\":\"de\"},{\"@type\":\"Organization\",\"@id\":\"https:\\\/\\\/gelidsolutions.com\\\/de\\\/#organization\",\"name\":\"Gelid Solutions\",\"url\":\"https:\\\/\\\/gelidsolutions.com\\\/de\\\/\",\"logo\":{\"@type\":\"ImageObject\",\"inLanguage\":\"de\",\"@id\":\"https:\\\/\\\/gelidsolutions.com\\\/de\\\/#\\\/schema\\\/logo\\\/image\\\/\",\"url\":\"https:\\\/\\\/gelidsolutions.com\\\/wp-content\\\/uploads\\\/2022\\\/06\\\/logo_white_104_104.gif\",\"contentUrl\":\"https:\\\/\\\/gelidsolutions.com\\\/wp-content\\\/uploads\\\/2022\\\/06\\\/logo_white_104_104.gif\",\"width\":104,\"height\":104,\"caption\":\"Gelid Solutions\"},\"image\":{\"@id\":\"https:\\\/\\\/gelidsolutions.com\\\/de\\\/#\\\/schema\\\/logo\\\/image\\\/\"}}]}<\/script>\n<!-- \/ Yoast SEO plugin. -->","yoast_head_json":{"title":"SLIM SILENCE 775 - Gelid Solutions","robots":{"index":"index","follow":"follow","max-snippet":"max-snippet:-1","max-image-preview":"max-image-preview:large","max-video-preview":"max-video-preview:-1"},"canonical":"https:\/\/gelidsolutions.com\/de\/produkt\/cpu-cooler-slim-silence-775\/","og_locale":"de_DE","og_type":"article","og_title":"SLIM SILENCE 775 - Gelid Solutions","og_description":"Merkmale:  \u00a0 \u00a0 \u00a0 \u00a0 \u25cf\u00a01U K\u00fchlerh\u00f6he (28mm)  \u00a0 \u00a0 \u00a0 \u00a0 \u25cf\u00a0Hochwertige Heatpipe  \u00a0 \u00a0 \u00a0 \u00a0 \u25cf\u00a0Leiser PWM L\u00fcfter  \u00a0 \u00a0 \u00a0 \u00a0 \u25cf\u00a0Kugellager  \u00a0 \u00a0 \u00a0 \u00a0 \u25cf\u00a0Hoher Luftstrom  \u00a0 \u00a0 \u00a0 \u00a0 \u25cf\u00a05 Jahre Garantie &nbsp; [button size='medium' style='' text='PDF Download' icon='' icon_color='' link='https:\/\/gelidsolutions.com\/product-pdf\/guides\/Intel_flyer_c.pdf' target='_self' color='#c1d72e' hover_color='' border_color='' hover_border_color='' background_color='#ffffff' hover_background_color='' font_style='' font_weight='' text_align='center' margin=''] \u00a0 \u00a0 \u00a0 \u00a0 \u00a0\u00a0 \u00a0 [button size='medium' style='' text='Awards' icon='' icon_color='' link=\u2019https:\/\/gelidsolutions.com\/product-pdf\/index.php?lid=2&amp;cid=12&amp;id=40&amp;tab=4\u2019 target='_self' color='#c1d72e' hover_color='' border_color='' hover_border_color='' background_color='#ffffff' hover_background_color='' font_style='' font_weight='' text_align='center' margin='']","og_url":"https:\/\/gelidsolutions.com\/de\/produkt\/cpu-cooler-slim-silence-775\/","og_site_name":"Gelid Solutions","article_modified_time":"2022-05-31T06:44:35+00:00","twitter_card":"summary_large_image","twitter_misc":{"Gesch\u00e4tzte Lesezeit":"1\u00a0Minute"},"schema":{"@context":"https:\/\/schema.org","@graph":[{"@type":"WebPage","@id":"https:\/\/gelidsolutions.com\/de\/produkt\/cpu-cooler-slim-silence-775\/","url":"https:\/\/gelidsolutions.com\/de\/produkt\/cpu-cooler-slim-silence-775\/","name":"SLIM SILENCE 775 - Gelid Solutions","isPartOf":{"@id":"https:\/\/gelidsolutions.com\/de\/#website"},"datePublished":"2016-08-02T06:21:00+00:00","dateModified":"2022-05-31T06:44:35+00:00","breadcrumb":{"@id":"https:\/\/gelidsolutions.com\/de\/produkt\/cpu-cooler-slim-silence-775\/#breadcrumb"},"inLanguage":"de","potentialAction":[{"@type":"ReadAction","target":["https:\/\/gelidsolutions.com\/de\/produkt\/cpu-cooler-slim-silence-775\/"]}]},{"@type":"BreadcrumbList","@id":"https:\/\/gelidsolutions.com\/de\/produkt\/cpu-cooler-slim-silence-775\/#breadcrumb","itemListElement":[{"@type":"ListItem","position":1,"name":"Home","item":"https:\/\/gelidsolutions.com\/de\/"},{"@type":"ListItem","position":2,"name":"Shop","item":"https:\/\/gelidsolutions.com\/shop\/"},{"@type":"ListItem","position":3,"name":"SLIM SILENCE 775"}]},{"@type":"WebSite","@id":"https:\/\/gelidsolutions.com\/de\/#website","url":"https:\/\/gelidsolutions.com\/de\/","name":"Gelid Solutions","description":"","publisher":{"@id":"https:\/\/gelidsolutions.com\/de\/#organization"},"potentialAction":[{"@type":"SearchAction","target":{"@type":"EntryPoint","urlTemplate":"https:\/\/gelidsolutions.com\/de\/?s={search_term_string}"},"query-input":{"@type":"PropertyValueSpecification","valueRequired":true,"valueName":"search_term_string"}}],"inLanguage":"de"},{"@type":"Organization","@id":"https:\/\/gelidsolutions.com\/de\/#organization","name":"Gelid Solutions","url":"https:\/\/gelidsolutions.com\/de\/","logo":{"@type":"ImageObject","inLanguage":"de","@id":"https:\/\/gelidsolutions.com\/de\/#\/schema\/logo\/image\/","url":"https:\/\/gelidsolutions.com\/wp-content\/uploads\/2022\/06\/logo_white_104_104.gif","contentUrl":"https:\/\/gelidsolutions.com\/wp-content\/uploads\/2022\/06\/logo_white_104_104.gif","width":104,"height":104,"caption":"Gelid Solutions"},"image":{"@id":"https:\/\/gelidsolutions.com\/de\/#\/schema\/logo\/image\/"}}]}},"_links":{"self":[{"href":"https:\/\/gelidsolutions.com\/de\/wp-json\/wp\/v2\/product\/113757","targetHints":{"allow":["GET"]}}],"collection":[{"href":"https:\/\/gelidsolutions.com\/de\/wp-json\/wp\/v2\/product"}],"about":[{"href":"https:\/\/gelidsolutions.com\/de\/wp-json\/wp\/v2\/types\/product"}],"replies":[{"embeddable":true,"href":"https:\/\/gelidsolutions.com\/de\/wp-json\/wp\/v2\/comments?post=113757"}],"wp:attachment":[{"href":"https:\/\/gelidsolutions.com\/de\/wp-json\/wp\/v2\/media?parent=113757"}],"wp:term":[{"taxonomy":"product_cat","embeddable":true,"href":"https:\/\/gelidsolutions.com\/de\/wp-json\/wp\/v2\/product_cat?post=113757"},{"taxonomy":"product_tag","embeddable":true,"href":"https:\/\/gelidsolutions.com\/de\/wp-json\/wp\/v2\/product_tag?post=113757"}],"curies":[{"name":"wp","href":"https:\/\/api.w.org\/{rel}","templated":true}]}}