{"id":113760,"date":"2016-08-02T06:11:00","date_gmt":"2016-08-02T06:11:00","guid":{"rendered":"https:\/\/localhost\/gelidsolutions\/product\/cpu-cooler-rev-2-tranquillo\/"},"modified":"2022-05-31T06:48:39","modified_gmt":"2022-05-31T06:48:39","slug":"cpu-cooler-rev-2-tranquillo","status":"publish","type":"product","link":"https:\/\/gelidsolutions.com\/de\/produkt\/cpu-cooler-rev-2-tranquillo\/","title":{"rendered":"REV.2 TRANQUILLO"},"content":{"rendered":"<p><b><i>Rev. 2 Tranquillo (CC-TranQ-02-A)<\/i><\/b><\/p>\n<p>&nbsp;<\/p>\n<p><i><b>Applikationen:<\/b><\/i><\/p>\n<p><i><b>Intel <\/b><\/i>Sockel 775, 1366, 1155, 1156 &amp; 1150<br \/>\nCPU: Alle Pentium D\/ Pentium 4\/ alle Celeron D\/ alle Pentium Dual-Core\/ Extreme\/ alle Core 2 Extreme\/ Core 2 Quad\/ Core 2 Duo, Core i5, Core i7<\/p>\n<p>&nbsp;<\/p>\n<p><i><b>AMD<\/b><\/i> Sockel AM2\/ AM2+\/ AM3\/ FM1\/ FM2\/ FM2+:<br \/>\nCPU: Alle Athlon 64 X2, Athlon 64, alle Athlon 64 FX, Opteron, Sempron, Phenom, Phenom II<\/p>\n<p>Alle Marken-und Warenzeichen sind Eigentum ihrer jeweiligen Besitzer.<\/p>\n<p>&nbsp;<\/p>\n<p><i><b>Designkonzept von Tranquillo:<\/b><\/i><\/p>\n<p>Der optimierte Towerk\u00fchler \u201eTranquillo\u201c erzielt mit 4 Heatpipes und einer speziellen Heatpipekonstellation einen effektiven Hitzetransfer von CPU Kern zu den Aluminiumfinnen.<\/p>\n<p><img loading=\"lazy\" decoding=\"async\" src=\"https:\/\/gelidsolutions.com\/clients\/gelid\/userfiles\/image\/air%20flow(1).jpg\" alt=\"\" width=\"480\" height=\"284\" border=\"0\" \/><\/p>\n<p><i><b>Neu bei der Rev. 2 Tranquillo sind:<\/b><\/i><\/p>\n<p>Im Vergleich zum vorherigen Modell wurde nun die Konstellation der Heatpipes so angepasst, dass es keine Konflikte zu den Komponenten auf den neuesten Mutterplatine gibt. Zus\u00e4tzlich wurde der kleine K\u00fchlk\u00f6rper oberhalb der Kupferplatte nochmals neu kreiert, um einen besseren Hitzetransfer zu gew\u00e4hrleisten.<\/p>\n<p>&nbsp;<\/p>\n<p><img loading=\"lazy\" decoding=\"async\" src=\"https:\/\/gelidsolutions.com\/clients\/gelid\/userfiles\/image\/IMG_0860_480_250(1).gif\" alt=\"\" width=\"480\" height=\"250\" border=\"0\" \/><\/p>\n<p>Rev. 2 Tranquillo\u00a0\u00a0\u00a0\u00a0\u00a0\u00a0\u00a0\u00a0\u00a0\u00a0\u00a0\u00a0\u00a0\u00a0\u00a0\u00a0\u00a0\u00a0\u00a0\u00a0\u00a0\u00a0\u00a0\u00a0\u00a0\u00a0\u00a0\u00a0\u00a0\u00a0 Tranquillo<\/p>\n<p>Der AMD Clip wurde neu so optimiert, dass man den K\u00fchler in allen vier Richtungen (4&#215;90\u00b0) installieren kann.<\/p>\n<p><img decoding=\"async\" src=\"https:\/\/gelidsolutions.com\/clients\/gelid\/userfiles\/image\/IMG_0998_480(1).gif\" alt=\"\" border=\"0\" \/><\/p>\n<p><img decoding=\"async\" src=\"https:\/\/gelidsolutions.com\/clients\/gelid\/userfiles\/image\/IMG_0999_480gif(1).gif\" alt=\"\" border=\"0\" \/><\/p>\n<p><img decoding=\"async\" src=\"https:\/\/gelidsolutions.com\/clients\/gelid\/userfiles\/image\/IMG_1000_480(1).gif\" alt=\"\" border=\"0\" \/><\/p>\n<p><img decoding=\"async\" src=\"https:\/\/gelidsolutions.com\/clients\/gelid\/userfiles\/image\/IMG_1001_480(1).gif\" alt=\"\" border=\"0\" \/><\/p>\n<p>Beide K\u00fchlk\u00f6rper wurden mit Hilfe von pr\u00e4zisen Softwaresimulationen und Berechnungen entwickelt, um den Luftstromwiderstand so tief wie m\u00f6glich zu halten.<\/p>\n<p>Ein leiser und zugleich leistungsstarker 120mm L\u00fcfter mit intelligenter GELID PWM (Pulsweiten Modulation) Steuerung erg\u00e4nzt den K\u00fchler. Die L\u00fcfterbl\u00e4tter wurden optimiert, um einen hohen Luftstrom und einen leisen Betrieb zu gew\u00e4hrleisten. Die intelligente GELID PWM Kurve h\u00e4lt den L\u00fcfter sch\u00f6n leise, wenn keine zus\u00e4tzliche K\u00fchlung notwendig ist. Falls es aber mehr K\u00fchlung braucht, wird automatisch die Drehzahl des L\u00fcfters rasant beschleunigt. Die mehrfach ausgezeichnete hochwertige GC-2 W\u00e4rmeleitpaste ist bereits beigelegt.<\/p>\n<p>Um welche Konflikte zu Ihrem Motherboard zu vermeiden, bitte \u00fcberpr\u00fcfen Sie mit der Dimensionrestriktionszeichnung von Rev. 2 Tranquillo:<\/p>\n<p><img loading=\"lazy\" decoding=\"async\" src=\"https:\/\/gelidsolutions.com\/clients\/gelid\/userfiles\/image\/restriction_drawing_Rev_2_Tranquillo_.jpg\" alt=\"\" width=\"480\" height=\"441\" border=\"0\" \/><br \/>\nZus\u00e4tzlich sind Befestigungsklammer f\u00fcr den AM2\/ AM2+ und Intel\u2018s 775, 1366, 1155 und den 1156 Sockel sowie R\u00fcckplatten f\u00fcr Intel LGA 775, Core i5 und Core i7 Motherboards bereits inbegriffen.<\/p>\n<p><img loading=\"lazy\" decoding=\"async\" src=\"https:\/\/gelidsolutions.com\/clients\/gelid\/userfiles\/image\/clip(1).jpg\" alt=\"\" width=\"480\" height=\"188\" border=\"0\" \/><\/p>\n<p>Der K\u00fchler ist sowohl RoHS als auch WEEE konform und hat eine Herstellergarantie von 5 Jahren. Installationsanleitung zum herunterladen.<\/p>\n<p>&nbsp;<\/p>\n<p><b><i>UVP: USD 40\/ Euro 30<\/i><\/b><\/p>\n","protected":false},"excerpt":{"rendered":"<p><i><b>Merkmale:<\/b><\/i><\/p>\n<ul>\n<li>\u00a0 \u00a0 \u00a0 \u00a0 \u25cf\u00a04 Power Heatpipes mit aktualisierte Konstellation<\/li>\n<li>\u00a0 \u00a0 \u00a0 \u00a0 \u25cf\u00a0Intelligente PWM Steuerung mit hohem Luftstrom<\/li>\n<li>\u00a0 \u00a0 \u00a0 \u00a0 \u25cf\u00a04&#215;90\u00b0 AMD Clip Installationsrichtung<\/li>\n<li>\u00a0 \u00a0 \u00a0 \u00a0 \u25cf\u00a0Optimierte L\u00fcfterbl\u00e4tter<\/li>\n<li>\u00a0 \u00a0 \u00a0 \u00a0 \u25cf\u00a05 Jahre Garantie<\/li>\n<\/ul>\n<p>[button size=&#8217;medium&#8216; style=&#8220; text=&#8217;PDF Download&#8216; icon=&#8220; icon_color=&#8220; link=&#8217;https:\/\/gelidsolutions.com\/product-pdf\/guides\/Rev.2_Tranquillo_install.pdf&#8216; target=&#8217;_self&#8216; color=&#8217;#c1d72e&#8216; hover_color=&#8220; border_color=&#8220; hover_border_color=&#8220; background_color=&#8217;#ffffff&#8216; hover_background_color=&#8220; font_style=&#8220; font_weight=&#8220; text_align=&#8217;center&#8216; margin=&#8220;] \u00a0 \u00a0 \u00a0 \u00a0 \u00a0\u00a0 \u00a0 [button size=&#8217;medium&#8216; style=&#8220; text=&#8217;Awards&#8216; icon=&#8220; icon_color=&#8220; link=\u2019https:\/\/gelidsolutions.com\/product-pdf\/index.php?lid=2&amp;cid=12&amp;id=64&amp;tab=4\u2019 target=&#8217;_self&#8216; color=&#8217;#c1d72e&#8216; hover_color=&#8220; border_color=&#8220; hover_border_color=&#8220; background_color=&#8217;#ffffff&#8216; hover_background_color=&#8220; font_style=&#8220; font_weight=&#8220; text_align=&#8217;center&#8216; margin=&#8220;]<\/p>\n","protected":false},"featured_media":108398,"comment_status":"closed","ping_status":"closed","template":"","meta":{"_acf_changed":false},"product_cat":[313],"product_tag":[],"class_list":{"0":"post-113760","1":"product","2":"type-product","3":"status-publish","4":"has-post-thumbnail","6":"product_cat-archiv","8":"first","9":"outofstock","10":"taxable","11":"shipping-taxable","12":"purchasable","13":"product-type-simple"},"supplier_id":null,"supplier_sku":"","barcode":null,"atum_controlled":true,"out_stock_date":"2022-07-12 14:17:59","out_stock_threshold":null,"inheritable":false,"inbound_stock":null,"stock_on_hold":0,"sold_today":0,"sales_last_days":0,"reserved_stock":null,"customer_returns":null,"warehouse_damage":null,"lost_in_post":null,"other_logs":null,"out_stock_days":1395,"lost_sales":0,"has_location":false,"update_date":"2026-05-08T01:14:55","atum_locations":[],"atum_stock_status":"outofstock","restock_status":false,"low_stock_amount":"","sales_update_date":"2026-05-08T01:14:55","calc_backorders":null,"acf":[],"yoast_head":"<!-- This site is optimized with the Yoast SEO plugin v27.5 - https:\/\/yoast.com\/product\/yoast-seo-wordpress\/ -->\n<title>REV.2 TRANQUILLO - Gelid Solutions<\/title>\n<meta name=\"robots\" content=\"index, follow, max-snippet:-1, max-image-preview:large, max-video-preview:-1\" \/>\n<link rel=\"canonical\" href=\"https:\/\/gelidsolutions.com\/de\/produkt\/cpu-cooler-rev-2-tranquillo\/\" \/>\n<meta property=\"og:locale\" content=\"de_DE\" \/>\n<meta property=\"og:type\" content=\"article\" \/>\n<meta property=\"og:title\" content=\"REV.2 TRANQUILLO - Gelid Solutions\" \/>\n<meta property=\"og:description\" content=\"Merkmale:  \u00a0 \u00a0 \u00a0 \u00a0 \u25cf\u00a04 Power Heatpipes mit aktualisierte Konstellation  \u00a0 \u00a0 \u00a0 \u00a0 \u25cf\u00a0Intelligente PWM Steuerung mit hohem Luftstrom  \u00a0 \u00a0 \u00a0 \u00a0 \u25cf\u00a04x90\u00b0 AMD Clip Installationsrichtung  \u00a0 \u00a0 \u00a0 \u00a0 \u25cf\u00a0Optimierte L\u00fcfterbl\u00e4tter  \u00a0 \u00a0 \u00a0 \u00a0 \u25cf\u00a05 Jahre Garantie [button size=&#039;medium&#039; style=&#039;&#039; text=&#039;PDF Download&#039; icon=&#039;&#039; icon_color=&#039;&#039; link=&#039;https:\/\/gelidsolutions.com\/product-pdf\/guides\/Rev.2_Tranquillo_install.pdf&#039; target=&#039;_self&#039; color=&#039;#c1d72e&#039; hover_color=&#039;&#039; border_color=&#039;&#039; hover_border_color=&#039;&#039; background_color=&#039;#ffffff&#039; hover_background_color=&#039;&#039; font_style=&#039;&#039; font_weight=&#039;&#039; text_align=&#039;center&#039; margin=&#039;&#039;] \u00a0 \u00a0 \u00a0 \u00a0 \u00a0\u00a0 \u00a0 [button size=&#039;medium&#039; style=&#039;&#039; text=&#039;Awards&#039; icon=&#039;&#039; icon_color=&#039;&#039; link=\u2019https:\/\/gelidsolutions.com\/product-pdf\/index.php?lid=2&amp;cid=12&amp;id=64&amp;tab=4\u2019 target=&#039;_self&#039; color=&#039;#c1d72e&#039; hover_color=&#039;&#039; border_color=&#039;&#039; hover_border_color=&#039;&#039; background_color=&#039;#ffffff&#039; hover_background_color=&#039;&#039; font_style=&#039;&#039; font_weight=&#039;&#039; text_align=&#039;center&#039; margin=&#039;&#039;]\" \/>\n<meta property=\"og:url\" content=\"https:\/\/gelidsolutions.com\/de\/produkt\/cpu-cooler-rev-2-tranquillo\/\" \/>\n<meta property=\"og:site_name\" content=\"Gelid Solutions\" \/>\n<meta property=\"article:modified_time\" content=\"2022-05-31T06:48:39+00:00\" \/>\n<meta property=\"og:image\" content=\"https:\/\/gelidsolutions.com\/wp-content\/uploads\/2022\/05\/cpu_cooler_silent_REV2_TRANQUILLO_1.jpg\" \/>\n\t<meta property=\"og:image:width\" content=\"600\" \/>\n\t<meta property=\"og:image:height\" content=\"400\" \/>\n\t<meta property=\"og:image:type\" content=\"image\/jpeg\" \/>\n<meta name=\"twitter:card\" content=\"summary_large_image\" \/>\n<meta name=\"twitter:label1\" content=\"Gesch\u00e4tzte Lesezeit\" \/>\n\t<meta name=\"twitter:data1\" content=\"2\u00a0Minuten\" \/>\n<script type=\"application\/ld+json\" class=\"yoast-schema-graph\">{\"@context\":\"https:\\\/\\\/schema.org\",\"@graph\":[{\"@type\":\"WebPage\",\"@id\":\"https:\\\/\\\/gelidsolutions.com\\\/de\\\/produkt\\\/cpu-cooler-rev-2-tranquillo\\\/\",\"url\":\"https:\\\/\\\/gelidsolutions.com\\\/de\\\/produkt\\\/cpu-cooler-rev-2-tranquillo\\\/\",\"name\":\"REV.2 TRANQUILLO - Gelid Solutions\",\"isPartOf\":{\"@id\":\"https:\\\/\\\/gelidsolutions.com\\\/de\\\/#website\"},\"primaryImageOfPage\":{\"@id\":\"https:\\\/\\\/gelidsolutions.com\\\/de\\\/produkt\\\/cpu-cooler-rev-2-tranquillo\\\/#primaryimage\"},\"image\":{\"@id\":\"https:\\\/\\\/gelidsolutions.com\\\/de\\\/produkt\\\/cpu-cooler-rev-2-tranquillo\\\/#primaryimage\"},\"thumbnailUrl\":\"https:\\\/\\\/gelidsolutions.com\\\/wp-content\\\/uploads\\\/2022\\\/05\\\/cpu_cooler_silent_REV2_TRANQUILLO_1.jpg\",\"datePublished\":\"2016-08-02T06:11:00+00:00\",\"dateModified\":\"2022-05-31T06:48:39+00:00\",\"breadcrumb\":{\"@id\":\"https:\\\/\\\/gelidsolutions.com\\\/de\\\/produkt\\\/cpu-cooler-rev-2-tranquillo\\\/#breadcrumb\"},\"inLanguage\":\"de\",\"potentialAction\":[{\"@type\":\"ReadAction\",\"target\":[\"https:\\\/\\\/gelidsolutions.com\\\/de\\\/produkt\\\/cpu-cooler-rev-2-tranquillo\\\/\"]}]},{\"@type\":\"ImageObject\",\"inLanguage\":\"de\",\"@id\":\"https:\\\/\\\/gelidsolutions.com\\\/de\\\/produkt\\\/cpu-cooler-rev-2-tranquillo\\\/#primaryimage\",\"url\":\"https:\\\/\\\/gelidsolutions.com\\\/wp-content\\\/uploads\\\/2022\\\/05\\\/cpu_cooler_silent_REV2_TRANQUILLO_1.jpg\",\"contentUrl\":\"https:\\\/\\\/gelidsolutions.com\\\/wp-content\\\/uploads\\\/2022\\\/05\\\/cpu_cooler_silent_REV2_TRANQUILLO_1.jpg\",\"width\":600,\"height\":400},{\"@type\":\"BreadcrumbList\",\"@id\":\"https:\\\/\\\/gelidsolutions.com\\\/de\\\/produkt\\\/cpu-cooler-rev-2-tranquillo\\\/#breadcrumb\",\"itemListElement\":[{\"@type\":\"ListItem\",\"position\":1,\"name\":\"Home\",\"item\":\"https:\\\/\\\/gelidsolutions.com\\\/de\\\/\"},{\"@type\":\"ListItem\",\"position\":2,\"name\":\"Shop\",\"item\":\"https:\\\/\\\/gelidsolutions.com\\\/shop\\\/\"},{\"@type\":\"ListItem\",\"position\":3,\"name\":\"REV.2 TRANQUILLO\"}]},{\"@type\":\"WebSite\",\"@id\":\"https:\\\/\\\/gelidsolutions.com\\\/de\\\/#website\",\"url\":\"https:\\\/\\\/gelidsolutions.com\\\/de\\\/\",\"name\":\"Gelid Solutions\",\"description\":\"\",\"publisher\":{\"@id\":\"https:\\\/\\\/gelidsolutions.com\\\/de\\\/#organization\"},\"potentialAction\":[{\"@type\":\"SearchAction\",\"target\":{\"@type\":\"EntryPoint\",\"urlTemplate\":\"https:\\\/\\\/gelidsolutions.com\\\/de\\\/?s={search_term_string}\"},\"query-input\":{\"@type\":\"PropertyValueSpecification\",\"valueRequired\":true,\"valueName\":\"search_term_string\"}}],\"inLanguage\":\"de\"},{\"@type\":\"Organization\",\"@id\":\"https:\\\/\\\/gelidsolutions.com\\\/de\\\/#organization\",\"name\":\"Gelid Solutions\",\"url\":\"https:\\\/\\\/gelidsolutions.com\\\/de\\\/\",\"logo\":{\"@type\":\"ImageObject\",\"inLanguage\":\"de\",\"@id\":\"https:\\\/\\\/gelidsolutions.com\\\/de\\\/#\\\/schema\\\/logo\\\/image\\\/\",\"url\":\"https:\\\/\\\/gelidsolutions.com\\\/wp-content\\\/uploads\\\/2022\\\/06\\\/logo_white_104_104.gif\",\"contentUrl\":\"https:\\\/\\\/gelidsolutions.com\\\/wp-content\\\/uploads\\\/2022\\\/06\\\/logo_white_104_104.gif\",\"width\":104,\"height\":104,\"caption\":\"Gelid Solutions\"},\"image\":{\"@id\":\"https:\\\/\\\/gelidsolutions.com\\\/de\\\/#\\\/schema\\\/logo\\\/image\\\/\"}}]}<\/script>\n<!-- \/ Yoast SEO plugin. -->","yoast_head_json":{"title":"REV.2 TRANQUILLO - Gelid Solutions","robots":{"index":"index","follow":"follow","max-snippet":"max-snippet:-1","max-image-preview":"max-image-preview:large","max-video-preview":"max-video-preview:-1"},"canonical":"https:\/\/gelidsolutions.com\/de\/produkt\/cpu-cooler-rev-2-tranquillo\/","og_locale":"de_DE","og_type":"article","og_title":"REV.2 TRANQUILLO - Gelid Solutions","og_description":"Merkmale:  \u00a0 \u00a0 \u00a0 \u00a0 \u25cf\u00a04 Power Heatpipes mit aktualisierte Konstellation  \u00a0 \u00a0 \u00a0 \u00a0 \u25cf\u00a0Intelligente PWM Steuerung mit hohem Luftstrom  \u00a0 \u00a0 \u00a0 \u00a0 \u25cf\u00a04x90\u00b0 AMD Clip Installationsrichtung  \u00a0 \u00a0 \u00a0 \u00a0 \u25cf\u00a0Optimierte L\u00fcfterbl\u00e4tter  \u00a0 \u00a0 \u00a0 \u00a0 \u25cf\u00a05 Jahre Garantie [button size='medium' style='' text='PDF Download' icon='' icon_color='' link='https:\/\/gelidsolutions.com\/product-pdf\/guides\/Rev.2_Tranquillo_install.pdf' target='_self' color='#c1d72e' hover_color='' border_color='' hover_border_color='' background_color='#ffffff' hover_background_color='' font_style='' font_weight='' text_align='center' margin=''] \u00a0 \u00a0 \u00a0 \u00a0 \u00a0\u00a0 \u00a0 [button size='medium' style='' text='Awards' icon='' icon_color='' link=\u2019https:\/\/gelidsolutions.com\/product-pdf\/index.php?lid=2&amp;cid=12&amp;id=64&amp;tab=4\u2019 target='_self' color='#c1d72e' hover_color='' border_color='' hover_border_color='' background_color='#ffffff' hover_background_color='' font_style='' font_weight='' text_align='center' margin='']","og_url":"https:\/\/gelidsolutions.com\/de\/produkt\/cpu-cooler-rev-2-tranquillo\/","og_site_name":"Gelid Solutions","article_modified_time":"2022-05-31T06:48:39+00:00","og_image":[{"width":600,"height":400,"url":"https:\/\/gelidsolutions.com\/wp-content\/uploads\/2022\/05\/cpu_cooler_silent_REV2_TRANQUILLO_1.jpg","type":"image\/jpeg"}],"twitter_card":"summary_large_image","twitter_misc":{"Gesch\u00e4tzte Lesezeit":"2\u00a0Minuten"},"schema":{"@context":"https:\/\/schema.org","@graph":[{"@type":"WebPage","@id":"https:\/\/gelidsolutions.com\/de\/produkt\/cpu-cooler-rev-2-tranquillo\/","url":"https:\/\/gelidsolutions.com\/de\/produkt\/cpu-cooler-rev-2-tranquillo\/","name":"REV.2 TRANQUILLO - Gelid Solutions","isPartOf":{"@id":"https:\/\/gelidsolutions.com\/de\/#website"},"primaryImageOfPage":{"@id":"https:\/\/gelidsolutions.com\/de\/produkt\/cpu-cooler-rev-2-tranquillo\/#primaryimage"},"image":{"@id":"https:\/\/gelidsolutions.com\/de\/produkt\/cpu-cooler-rev-2-tranquillo\/#primaryimage"},"thumbnailUrl":"https:\/\/gelidsolutions.com\/wp-content\/uploads\/2022\/05\/cpu_cooler_silent_REV2_TRANQUILLO_1.jpg","datePublished":"2016-08-02T06:11:00+00:00","dateModified":"2022-05-31T06:48:39+00:00","breadcrumb":{"@id":"https:\/\/gelidsolutions.com\/de\/produkt\/cpu-cooler-rev-2-tranquillo\/#breadcrumb"},"inLanguage":"de","potentialAction":[{"@type":"ReadAction","target":["https:\/\/gelidsolutions.com\/de\/produkt\/cpu-cooler-rev-2-tranquillo\/"]}]},{"@type":"ImageObject","inLanguage":"de","@id":"https:\/\/gelidsolutions.com\/de\/produkt\/cpu-cooler-rev-2-tranquillo\/#primaryimage","url":"https:\/\/gelidsolutions.com\/wp-content\/uploads\/2022\/05\/cpu_cooler_silent_REV2_TRANQUILLO_1.jpg","contentUrl":"https:\/\/gelidsolutions.com\/wp-content\/uploads\/2022\/05\/cpu_cooler_silent_REV2_TRANQUILLO_1.jpg","width":600,"height":400},{"@type":"BreadcrumbList","@id":"https:\/\/gelidsolutions.com\/de\/produkt\/cpu-cooler-rev-2-tranquillo\/#breadcrumb","itemListElement":[{"@type":"ListItem","position":1,"name":"Home","item":"https:\/\/gelidsolutions.com\/de\/"},{"@type":"ListItem","position":2,"name":"Shop","item":"https:\/\/gelidsolutions.com\/shop\/"},{"@type":"ListItem","position":3,"name":"REV.2 TRANQUILLO"}]},{"@type":"WebSite","@id":"https:\/\/gelidsolutions.com\/de\/#website","url":"https:\/\/gelidsolutions.com\/de\/","name":"Gelid Solutions","description":"","publisher":{"@id":"https:\/\/gelidsolutions.com\/de\/#organization"},"potentialAction":[{"@type":"SearchAction","target":{"@type":"EntryPoint","urlTemplate":"https:\/\/gelidsolutions.com\/de\/?s={search_term_string}"},"query-input":{"@type":"PropertyValueSpecification","valueRequired":true,"valueName":"search_term_string"}}],"inLanguage":"de"},{"@type":"Organization","@id":"https:\/\/gelidsolutions.com\/de\/#organization","name":"Gelid Solutions","url":"https:\/\/gelidsolutions.com\/de\/","logo":{"@type":"ImageObject","inLanguage":"de","@id":"https:\/\/gelidsolutions.com\/de\/#\/schema\/logo\/image\/","url":"https:\/\/gelidsolutions.com\/wp-content\/uploads\/2022\/06\/logo_white_104_104.gif","contentUrl":"https:\/\/gelidsolutions.com\/wp-content\/uploads\/2022\/06\/logo_white_104_104.gif","width":104,"height":104,"caption":"Gelid Solutions"},"image":{"@id":"https:\/\/gelidsolutions.com\/de\/#\/schema\/logo\/image\/"}}]}},"_links":{"self":[{"href":"https:\/\/gelidsolutions.com\/de\/wp-json\/wp\/v2\/product\/113760","targetHints":{"allow":["GET"]}}],"collection":[{"href":"https:\/\/gelidsolutions.com\/de\/wp-json\/wp\/v2\/product"}],"about":[{"href":"https:\/\/gelidsolutions.com\/de\/wp-json\/wp\/v2\/types\/product"}],"replies":[{"embeddable":true,"href":"https:\/\/gelidsolutions.com\/de\/wp-json\/wp\/v2\/comments?post=113760"}],"wp:featuredmedia":[{"embeddable":true,"href":"https:\/\/gelidsolutions.com\/de\/wp-json\/wp\/v2\/media\/108398"}],"wp:attachment":[{"href":"https:\/\/gelidsolutions.com\/de\/wp-json\/wp\/v2\/media?parent=113760"}],"wp:term":[{"taxonomy":"product_cat","embeddable":true,"href":"https:\/\/gelidsolutions.com\/de\/wp-json\/wp\/v2\/product_cat?post=113760"},{"taxonomy":"product_tag","embeddable":true,"href":"https:\/\/gelidsolutions.com\/de\/wp-json\/wp\/v2\/product_tag?post=113760"}],"curies":[{"name":"wp","href":"https:\/\/api.w.org\/{rel}","templated":true}]}}