{"id":113761,"date":"2016-08-02T06:09:00","date_gmt":"2016-08-02T06:09:00","guid":{"rendered":"https:\/\/localhost\/gelidsolutions\/product\/cpu-cooler-rev-3-tranquillo\/"},"modified":"2022-05-31T06:51:07","modified_gmt":"2022-05-31T06:51:07","slug":"cpu-cooler-rev-3-tranquillo","status":"publish","type":"product","link":"https:\/\/gelidsolutions.com\/de\/produkt\/cpu-cooler-rev-3-tranquillo\/","title":{"rendered":"REV.3 TRANQUILLO"},"content":{"rendered":"<p><i><b>Rev. 3 Tranquillo (CC-TranQ-03-A)<\/b><\/i><\/p>\n<p>&nbsp;<\/p>\n<p><i><b>Applikationen:<\/b><\/i><\/p>\n<p><b>Intel<\/b> Sockel 775, 1366, 1155, 1156, 1150 &amp; 1151<br \/>\nCPU: Alle Pentium D\/ Pentium 4\/ alle Celeron D\/ alle Pentium Dual-Core\/ Extreme\/ alle Core 2 Extreme\/ Core 2 Quad\/ Core 2 Duo, Core i5, Core i7<\/p>\n<p>&nbsp;<\/p>\n<p><b>AMD<\/b> Sockel AM2, AM2+, AM3, AM3+, FM1, FM2, FM2+<br \/>\nCPU: Alle Athlon 64 X2, Athlon 64, alle Athlon 64 FX, Opteron, Sempron, Phenom, Phenom II<\/p>\n<p>Alle Marken-und Warenzeichen sind Eigentum ihrer jeweiligen Besitzer..<br \/>\n<i><b><br \/>\n<\/b><\/i><\/p>\n<p><i><b>Designkonzept von Tranquillo:<\/b><\/i><\/p>\n<p>Wie sein Vorg\u00e4nger verwendet der Rev. 3 Tranquillo 4 Power Heatpipes und eine spezielle Heatpipekonstellation, die eine hohe K\u00fchlleistung wie sein mehrfach preisgekr\u00f6nten Vorg\u00e4nger erbringt.<\/p>\n<p><img loading=\"lazy\" decoding=\"async\" src=\"https:\/\/gelidsolutions.com\/clients\/gelid\/userfiles\/image\/rev3-tranquillo_air_480.gif\" alt=\"\" width=\"480\" height=\"335\" border=\"0\" \/><\/p>\n<p>Rev. 3 Tranquillo<\/p>\n<p><img decoding=\"async\" src=\"https:\/\/gelidsolutions.com\/clients\/gelid\/userfiles\/image\/rev3_tranq_.jpg\" alt=\"\" \/><\/p>\n<p>Normal Heatsink with Heatpipe<\/p>\n<p><img loading=\"lazy\" decoding=\"async\" src=\"https:\/\/gelidsolutions.com\/clients\/gelid\/userfiles\/image\/normal_heatpipe_heatsink_.jpg\" alt=\"\" width=\"433\" height=\"462\" border=\"0\" \/><\/p>\n<p>Die Konstellation der Heatpipes wurde so angepasst, dass es keine Konflikte zu den Komponenten auf den neuesten Mutterplatine gibt. Der AMD Clip wurde neu so optimiert, dass man den K\u00fchler in allen vier Richtungen (4 x 90\u00b0) installieren kann. Hingegen erlaubt der neue K\u00fchlk\u00f6rper einen zweiten L\u00fcfter anzuh\u00e4ngen, um noch eine bessere K\u00fchlleistung zu erlangen.<\/p>\n<p>Ein leiser und zugleich leistungsstarker 120mm L\u00fcfter mit intelligenter GELID PWM (Pulsweiten Modulation) Steuerung erg\u04d3nzt den K\u00fchler. Der neue L\u00fcfter kommt nun ohne Clicking Ger\u00e4usch, was sonst bei der PWM Steuerung im bisherigen L\u00fcfter zu h\u00f6ren war. Die L\u00fcfterbl\u04d3tter wurden optimiert und bei einer L\u00fcfterdrehzahl von min. 1000 rpm kann man den h\u00f6heren Luftstrom deutlich sp\u00fcren. Die intelligente GELID PWM Kurve h\u04d3lt den L\u00fcfter sch\u00f6n leise, wenn keine zus\u00e4tzliche K\u00fchlung notwendig ist. Falls es mehr K\u00fchlung braucht, wird automatisch die Drehzahl des L\u00fcfters rasant beschleunigt..<\/p>\n<p><img loading=\"lazy\" decoding=\"async\" src=\"https:\/\/gelidsolutions.com\/clients\/gelid\/userfiles\/image\/pwm_curves_set_480_250(6).gif\" alt=\"\" width=\"480\" height=\"250\" border=\"0\" \/><\/p>\n<p>Die mehrfach ausgezeichnete hochwertige GC-2 W\u04d3rmeleitpaste ist bereits beigelegt..<\/p>\n<p>Zus\u04d3tzlich sind Befestigungsklammer f\u00fcr den AMD AM2, AM2+, AM3, AM3+, FM1, FM2 und Intel\u2018s 775, 1366, 1155 und den 1156 Sockel sowie R\u00fcckplatten f\u00fcr Intel LGA 775, Core i5 und Core i7 Motherboards bereits inbegriffen.<\/p>\n<p><img loading=\"lazy\" decoding=\"async\" src=\"https:\/\/gelidsolutions.com\/clients\/gelid\/userfiles\/image\/rev3-tranquillo_clip_480.gif\" alt=\"\" width=\"480\" height=\"215\" border=\"0\" \/><br \/>\n<span class=\"Apple-converted-space\">Der K\u00fchler ist sowohl RoHS als auch WEEE konform und hat eine Herstellergarantie von 5 Jahren.<\/span><\/p>\n<p>&nbsp;<\/p>\n<p><i><b>UVP: USD 39 \/ Euro 29<\/b><\/i><\/p>\n","protected":false},"excerpt":{"rendered":"<p><i><b>Merkmale:<\/b><\/i><\/p>\n<ul>\n<li>\u00a0 \u00a0 \u00a0 \u00a0 \u25cf\u00a04 Power Heatpipes mit spezieller Konstellation<\/li>\n<li>\u00a0 \u00a0 \u00a0 \u00a0 \u25cf\u00a0Spezielles K\u00fchlk\u00f6rper Design<\/li>\n<li>\u00a0 \u00a0 \u00a0 \u00a0 \u25cf\u00a02 L\u00fcfter anh\u00e4ngbar<\/li>\n<li>\u00a0 \u00a0 \u00a0 \u00a0 \u25cf\u00a0PWM IC ohne Klicking Ger\u00e4usch<\/li>\n<li>\u00a0 \u00a0 \u00a0 \u00a0 \u25cf\u00a0L\u00fcfterbl\u00e4tter mit Doppelschicht Design<\/li>\n<li>\u00a0 \u00a0 \u00a0 \u00a0 \u25cf\u00a05 Jahre Garantie<\/li>\n<\/ul>\n<p>&nbsp;<\/p>\n","protected":false},"featured_media":108170,"comment_status":"closed","ping_status":"closed","template":"","meta":{"_acf_changed":false},"product_cat":[313],"product_tag":[],"class_list":{"0":"post-113761","1":"product","2":"type-product","3":"status-publish","4":"has-post-thumbnail","6":"product_cat-archiv","8":"first","9":"outofstock","10":"taxable","11":"shipping-taxable","12":"purchasable","13":"product-type-simple"},"supplier_id":null,"supplier_sku":"","barcode":null,"atum_controlled":true,"out_stock_date":"2022-07-12 14:17:56","out_stock_threshold":null,"inheritable":false,"inbound_stock":null,"stock_on_hold":0,"sold_today":0,"sales_last_days":0,"reserved_stock":null,"customer_returns":null,"warehouse_damage":null,"lost_in_post":null,"other_logs":null,"out_stock_days":1390,"lost_sales":0,"has_location":false,"update_date":"2026-05-03T01:13:51","atum_locations":[],"atum_stock_status":"outofstock","restock_status":false,"low_stock_amount":"","sales_update_date":"2026-05-03T01:13:51","calc_backorders":null,"acf":[],"yoast_head":"<!-- This site is optimized with the Yoast SEO plugin v27.5 - https:\/\/yoast.com\/product\/yoast-seo-wordpress\/ -->\n<title>REV.3 TRANQUILLO - Gelid Solutions<\/title>\n<meta name=\"robots\" content=\"index, follow, max-snippet:-1, max-image-preview:large, max-video-preview:-1\" \/>\n<link rel=\"canonical\" href=\"https:\/\/gelidsolutions.com\/de\/produkt\/cpu-cooler-rev-3-tranquillo\/\" \/>\n<meta property=\"og:locale\" content=\"de_DE\" \/>\n<meta property=\"og:type\" content=\"article\" \/>\n<meta property=\"og:title\" content=\"REV.3 TRANQUILLO - Gelid Solutions\" \/>\n<meta property=\"og:description\" content=\"Merkmale:  \u00a0 \u00a0 \u00a0 \u00a0 \u25cf\u00a04 Power Heatpipes mit spezieller Konstellation  \u00a0 \u00a0 \u00a0 \u00a0 \u25cf\u00a0Spezielles K\u00fchlk\u00f6rper Design  \u00a0 \u00a0 \u00a0 \u00a0 \u25cf\u00a02 L\u00fcfter anh\u00e4ngbar  \u00a0 \u00a0 \u00a0 \u00a0 \u25cf\u00a0PWM IC ohne Klicking Ger\u00e4usch  \u00a0 \u00a0 \u00a0 \u00a0 \u25cf\u00a0L\u00fcfterbl\u00e4tter mit Doppelschicht Design  \u00a0 \u00a0 \u00a0 \u00a0 \u25cf\u00a05 Jahre Garantie &nbsp;\" \/>\n<meta property=\"og:url\" content=\"https:\/\/gelidsolutions.com\/de\/produkt\/cpu-cooler-rev-3-tranquillo\/\" \/>\n<meta property=\"og:site_name\" content=\"Gelid Solutions\" \/>\n<meta property=\"article:modified_time\" content=\"2022-05-31T06:51:07+00:00\" \/>\n<meta property=\"og:image\" content=\"https:\/\/gelidsolutions.com\/wp-content\/uploads\/2022\/05\/cpu_cooler_silent_REV3_TRANQUILLO_1.jpg\" \/>\n\t<meta property=\"og:image:width\" content=\"600\" \/>\n\t<meta property=\"og:image:height\" content=\"400\" \/>\n\t<meta property=\"og:image:type\" content=\"image\/jpeg\" \/>\n<meta name=\"twitter:card\" content=\"summary_large_image\" \/>\n<meta name=\"twitter:label1\" content=\"Gesch\u00e4tzte Lesezeit\" \/>\n\t<meta name=\"twitter:data1\" content=\"2\u00a0Minuten\" \/>\n<script type=\"application\/ld+json\" class=\"yoast-schema-graph\">{\"@context\":\"https:\\\/\\\/schema.org\",\"@graph\":[{\"@type\":\"WebPage\",\"@id\":\"https:\\\/\\\/gelidsolutions.com\\\/de\\\/produkt\\\/cpu-cooler-rev-3-tranquillo\\\/\",\"url\":\"https:\\\/\\\/gelidsolutions.com\\\/de\\\/produkt\\\/cpu-cooler-rev-3-tranquillo\\\/\",\"name\":\"REV.3 TRANQUILLO - Gelid Solutions\",\"isPartOf\":{\"@id\":\"https:\\\/\\\/gelidsolutions.com\\\/de\\\/#website\"},\"primaryImageOfPage\":{\"@id\":\"https:\\\/\\\/gelidsolutions.com\\\/de\\\/produkt\\\/cpu-cooler-rev-3-tranquillo\\\/#primaryimage\"},\"image\":{\"@id\":\"https:\\\/\\\/gelidsolutions.com\\\/de\\\/produkt\\\/cpu-cooler-rev-3-tranquillo\\\/#primaryimage\"},\"thumbnailUrl\":\"https:\\\/\\\/gelidsolutions.com\\\/wp-content\\\/uploads\\\/2022\\\/05\\\/cpu_cooler_silent_REV3_TRANQUILLO_1.jpg\",\"datePublished\":\"2016-08-02T06:09:00+00:00\",\"dateModified\":\"2022-05-31T06:51:07+00:00\",\"breadcrumb\":{\"@id\":\"https:\\\/\\\/gelidsolutions.com\\\/de\\\/produkt\\\/cpu-cooler-rev-3-tranquillo\\\/#breadcrumb\"},\"inLanguage\":\"de\",\"potentialAction\":[{\"@type\":\"ReadAction\",\"target\":[\"https:\\\/\\\/gelidsolutions.com\\\/de\\\/produkt\\\/cpu-cooler-rev-3-tranquillo\\\/\"]}]},{\"@type\":\"ImageObject\",\"inLanguage\":\"de\",\"@id\":\"https:\\\/\\\/gelidsolutions.com\\\/de\\\/produkt\\\/cpu-cooler-rev-3-tranquillo\\\/#primaryimage\",\"url\":\"https:\\\/\\\/gelidsolutions.com\\\/wp-content\\\/uploads\\\/2022\\\/05\\\/cpu_cooler_silent_REV3_TRANQUILLO_1.jpg\",\"contentUrl\":\"https:\\\/\\\/gelidsolutions.com\\\/wp-content\\\/uploads\\\/2022\\\/05\\\/cpu_cooler_silent_REV3_TRANQUILLO_1.jpg\",\"width\":600,\"height\":400},{\"@type\":\"BreadcrumbList\",\"@id\":\"https:\\\/\\\/gelidsolutions.com\\\/de\\\/produkt\\\/cpu-cooler-rev-3-tranquillo\\\/#breadcrumb\",\"itemListElement\":[{\"@type\":\"ListItem\",\"position\":1,\"name\":\"Home\",\"item\":\"https:\\\/\\\/gelidsolutions.com\\\/de\\\/\"},{\"@type\":\"ListItem\",\"position\":2,\"name\":\"Shop\",\"item\":\"https:\\\/\\\/gelidsolutions.com\\\/shop\\\/\"},{\"@type\":\"ListItem\",\"position\":3,\"name\":\"REV.3 TRANQUILLO\"}]},{\"@type\":\"WebSite\",\"@id\":\"https:\\\/\\\/gelidsolutions.com\\\/de\\\/#website\",\"url\":\"https:\\\/\\\/gelidsolutions.com\\\/de\\\/\",\"name\":\"Gelid Solutions\",\"description\":\"\",\"publisher\":{\"@id\":\"https:\\\/\\\/gelidsolutions.com\\\/de\\\/#organization\"},\"potentialAction\":[{\"@type\":\"SearchAction\",\"target\":{\"@type\":\"EntryPoint\",\"urlTemplate\":\"https:\\\/\\\/gelidsolutions.com\\\/de\\\/?s={search_term_string}\"},\"query-input\":{\"@type\":\"PropertyValueSpecification\",\"valueRequired\":true,\"valueName\":\"search_term_string\"}}],\"inLanguage\":\"de\"},{\"@type\":\"Organization\",\"@id\":\"https:\\\/\\\/gelidsolutions.com\\\/de\\\/#organization\",\"name\":\"Gelid Solutions\",\"url\":\"https:\\\/\\\/gelidsolutions.com\\\/de\\\/\",\"logo\":{\"@type\":\"ImageObject\",\"inLanguage\":\"de\",\"@id\":\"https:\\\/\\\/gelidsolutions.com\\\/de\\\/#\\\/schema\\\/logo\\\/image\\\/\",\"url\":\"https:\\\/\\\/gelidsolutions.com\\\/wp-content\\\/uploads\\\/2022\\\/06\\\/logo_white_104_104.gif\",\"contentUrl\":\"https:\\\/\\\/gelidsolutions.com\\\/wp-content\\\/uploads\\\/2022\\\/06\\\/logo_white_104_104.gif\",\"width\":104,\"height\":104,\"caption\":\"Gelid Solutions\"},\"image\":{\"@id\":\"https:\\\/\\\/gelidsolutions.com\\\/de\\\/#\\\/schema\\\/logo\\\/image\\\/\"}}]}<\/script>\n<!-- \/ Yoast SEO plugin. -->","yoast_head_json":{"title":"REV.3 TRANQUILLO - Gelid Solutions","robots":{"index":"index","follow":"follow","max-snippet":"max-snippet:-1","max-image-preview":"max-image-preview:large","max-video-preview":"max-video-preview:-1"},"canonical":"https:\/\/gelidsolutions.com\/de\/produkt\/cpu-cooler-rev-3-tranquillo\/","og_locale":"de_DE","og_type":"article","og_title":"REV.3 TRANQUILLO - Gelid Solutions","og_description":"Merkmale:  \u00a0 \u00a0 \u00a0 \u00a0 \u25cf\u00a04 Power Heatpipes mit spezieller Konstellation  \u00a0 \u00a0 \u00a0 \u00a0 \u25cf\u00a0Spezielles K\u00fchlk\u00f6rper Design  \u00a0 \u00a0 \u00a0 \u00a0 \u25cf\u00a02 L\u00fcfter anh\u00e4ngbar  \u00a0 \u00a0 \u00a0 \u00a0 \u25cf\u00a0PWM IC ohne Klicking Ger\u00e4usch  \u00a0 \u00a0 \u00a0 \u00a0 \u25cf\u00a0L\u00fcfterbl\u00e4tter mit Doppelschicht Design  \u00a0 \u00a0 \u00a0 \u00a0 \u25cf\u00a05 Jahre Garantie &nbsp;","og_url":"https:\/\/gelidsolutions.com\/de\/produkt\/cpu-cooler-rev-3-tranquillo\/","og_site_name":"Gelid Solutions","article_modified_time":"2022-05-31T06:51:07+00:00","og_image":[{"width":600,"height":400,"url":"https:\/\/gelidsolutions.com\/wp-content\/uploads\/2022\/05\/cpu_cooler_silent_REV3_TRANQUILLO_1.jpg","type":"image\/jpeg"}],"twitter_card":"summary_large_image","twitter_misc":{"Gesch\u00e4tzte Lesezeit":"2\u00a0Minuten"},"schema":{"@context":"https:\/\/schema.org","@graph":[{"@type":"WebPage","@id":"https:\/\/gelidsolutions.com\/de\/produkt\/cpu-cooler-rev-3-tranquillo\/","url":"https:\/\/gelidsolutions.com\/de\/produkt\/cpu-cooler-rev-3-tranquillo\/","name":"REV.3 TRANQUILLO - Gelid Solutions","isPartOf":{"@id":"https:\/\/gelidsolutions.com\/de\/#website"},"primaryImageOfPage":{"@id":"https:\/\/gelidsolutions.com\/de\/produkt\/cpu-cooler-rev-3-tranquillo\/#primaryimage"},"image":{"@id":"https:\/\/gelidsolutions.com\/de\/produkt\/cpu-cooler-rev-3-tranquillo\/#primaryimage"},"thumbnailUrl":"https:\/\/gelidsolutions.com\/wp-content\/uploads\/2022\/05\/cpu_cooler_silent_REV3_TRANQUILLO_1.jpg","datePublished":"2016-08-02T06:09:00+00:00","dateModified":"2022-05-31T06:51:07+00:00","breadcrumb":{"@id":"https:\/\/gelidsolutions.com\/de\/produkt\/cpu-cooler-rev-3-tranquillo\/#breadcrumb"},"inLanguage":"de","potentialAction":[{"@type":"ReadAction","target":["https:\/\/gelidsolutions.com\/de\/produkt\/cpu-cooler-rev-3-tranquillo\/"]}]},{"@type":"ImageObject","inLanguage":"de","@id":"https:\/\/gelidsolutions.com\/de\/produkt\/cpu-cooler-rev-3-tranquillo\/#primaryimage","url":"https:\/\/gelidsolutions.com\/wp-content\/uploads\/2022\/05\/cpu_cooler_silent_REV3_TRANQUILLO_1.jpg","contentUrl":"https:\/\/gelidsolutions.com\/wp-content\/uploads\/2022\/05\/cpu_cooler_silent_REV3_TRANQUILLO_1.jpg","width":600,"height":400},{"@type":"BreadcrumbList","@id":"https:\/\/gelidsolutions.com\/de\/produkt\/cpu-cooler-rev-3-tranquillo\/#breadcrumb","itemListElement":[{"@type":"ListItem","position":1,"name":"Home","item":"https:\/\/gelidsolutions.com\/de\/"},{"@type":"ListItem","position":2,"name":"Shop","item":"https:\/\/gelidsolutions.com\/shop\/"},{"@type":"ListItem","position":3,"name":"REV.3 TRANQUILLO"}]},{"@type":"WebSite","@id":"https:\/\/gelidsolutions.com\/de\/#website","url":"https:\/\/gelidsolutions.com\/de\/","name":"Gelid Solutions","description":"","publisher":{"@id":"https:\/\/gelidsolutions.com\/de\/#organization"},"potentialAction":[{"@type":"SearchAction","target":{"@type":"EntryPoint","urlTemplate":"https:\/\/gelidsolutions.com\/de\/?s={search_term_string}"},"query-input":{"@type":"PropertyValueSpecification","valueRequired":true,"valueName":"search_term_string"}}],"inLanguage":"de"},{"@type":"Organization","@id":"https:\/\/gelidsolutions.com\/de\/#organization","name":"Gelid Solutions","url":"https:\/\/gelidsolutions.com\/de\/","logo":{"@type":"ImageObject","inLanguage":"de","@id":"https:\/\/gelidsolutions.com\/de\/#\/schema\/logo\/image\/","url":"https:\/\/gelidsolutions.com\/wp-content\/uploads\/2022\/06\/logo_white_104_104.gif","contentUrl":"https:\/\/gelidsolutions.com\/wp-content\/uploads\/2022\/06\/logo_white_104_104.gif","width":104,"height":104,"caption":"Gelid Solutions"},"image":{"@id":"https:\/\/gelidsolutions.com\/de\/#\/schema\/logo\/image\/"}}]}},"_links":{"self":[{"href":"https:\/\/gelidsolutions.com\/de\/wp-json\/wp\/v2\/product\/113761","targetHints":{"allow":["GET"]}}],"collection":[{"href":"https:\/\/gelidsolutions.com\/de\/wp-json\/wp\/v2\/product"}],"about":[{"href":"https:\/\/gelidsolutions.com\/de\/wp-json\/wp\/v2\/types\/product"}],"replies":[{"embeddable":true,"href":"https:\/\/gelidsolutions.com\/de\/wp-json\/wp\/v2\/comments?post=113761"}],"wp:featuredmedia":[{"embeddable":true,"href":"https:\/\/gelidsolutions.com\/de\/wp-json\/wp\/v2\/media\/108170"}],"wp:attachment":[{"href":"https:\/\/gelidsolutions.com\/de\/wp-json\/wp\/v2\/media?parent=113761"}],"wp:term":[{"taxonomy":"product_cat","embeddable":true,"href":"https:\/\/gelidsolutions.com\/de\/wp-json\/wp\/v2\/product_cat?post=113761"},{"taxonomy":"product_tag","embeddable":true,"href":"https:\/\/gelidsolutions.com\/de\/wp-json\/wp\/v2\/product_tag?post=113761"}],"curies":[{"name":"wp","href":"https:\/\/api.w.org\/{rel}","templated":true}]}}