{"id":113764,"date":"2016-08-02T06:31:00","date_gmt":"2016-08-01T22:31:00","guid":{"rendered":"https:\/\/localhost\/gelidsolutions\/product\/thermal-compound-gc-2\/"},"modified":"2022-06-18T07:07:32","modified_gmt":"2022-06-18T07:07:32","slug":"thermal-compound-gc-2","status":"publish","type":"product","link":"https:\/\/gelidsolutions.com\/de\/produkt\/thermal-compound-gc-2\/","title":{"rendered":"GC-2"},"content":{"rendered":"<p><i><b>GC-2 W\u00e4rmeleitpaste<\/b><\/i> (TC-GC-02-A)<\/p>\n<p>&nbsp;<\/p>\n<p>Die erstklassige Premium GC-2-W\u00e4rmeleitpaste erm\u00f6glicht dank des GELID-Applikators eine effektive W\u00e4rme\u00fcbertragung und eine einfache Anwendung auf CPU, VGA oder sogar Chipsatzk\u00fchler. Mit einem Nettogehalt von 7 g und einem sehr attraktiven Preis bietet der GC-2 ein spezifisches Gewicht von mehr als 2,8 g \/ cm\u00b3.<\/p>\n<p>&nbsp;<\/p>\n<p><i><b>Empfohlen und ausgezeichnet durch<\/b><\/i><\/p>\n<p>\u201cI found the GC-2 compound very easy to use and spread on both the IHS and the base of a few cooler types I tried it on. With the four thermal pastes I tried including the previous GELID Solutions compound, I found the GELID Solutions GC-2 thermal compound to be the best performer. GC-2, in our lab-like environment of testing, performed just shy of 2\u00b0 Celsius better than the previous one, and more than a degree better than both of the others tested. Great job on the new thermal compound, it makes it to the top three as far as what thermal compound I would purchase.\u201d <i><b>Tweaktown.com<\/b><\/i><\/p>\n<p>\u201cGELID Solutions previously impressed us with their previous paste and we are left with a similar impression of GC-2. Their new thermal compound exceeds the performance of Arctic Cooling&#8217;s MX-2 under load and idle conditions which makes it our first choice in any system build.\u201d\u00a0 <b><i>Driverheaven.net<\/i><\/b><br \/>\n<i><b><br \/>\nUVP: USD 6.99 \/ Euro 4.99<\/b><\/i><\/p>\n","protected":false},"excerpt":{"rendered":"<p><i><b>Merkmale:<\/b><\/i><\/p>\n<ul>\n<li>\u00a0 \u00a0 \u00a0 \u00a0 \u25cf\u00a0Herausragende W\u00e4rmeleitf\u00e4higkeit<\/li>\n<li>\u00a0 \u00a0 \u00a0 \u00a0 \u25cf\u00a0Geringer thermischer Widerstand<\/li>\n<li>\u00a0 \u00a0 \u00a0 \u00a0 \u25cf\u00a0Nicht-elektrisch leitend<\/li>\n<li>\u00a0 \u00a0 \u00a0 \u00a0 \u25cf\u00a0Nicht korrosierf\u00e4hig<\/li>\n<li>\u00a0 \u00a0 \u00a0 \u00a0 \u25cf\u00a0Nicht aush\u00e4rtend<\/li>\n<li>\u00a0 \u00a0 \u00a0 \u00a0 \u25cf\u00a0Inklusive GELID Spachtel<\/li>\n<li>\u00a0 \u00a0 \u00a0 \u00a0 \u25cf\u00a07g Netto Inhalt<\/li>\n<\/ul>\n<p>[button size=&#039;medium&#039; style=&#039;&#039; text=&#039;PDF Download&#039; icon=&#039;&#039; icon_color=&#039;&#039; link=&#039;https:\/\/gelidsolutions.com\/product-pdf\/guides\/gc2_flyer.pdf&#039; target=&#039;_self&#039; color=&#039;#c1d72e&#039; hover_color=&#039;&#039; border_color=&#039;&#039; hover_border_color=&#039;&#039; background_color=&#039;#ffffff&#039; hover_background_color=&#039;&#039; font_style=&#039;&#039; font_weight=&#039;&#039; text_align=&#039;center&#039; margin=&#039;&#039;] \u00a0 \u00a0 \u00a0 \u00a0 \u00a0\u00a0 \u00a0 [button size=&#039;medium&#039; style=&#039;&#039; text=&#039;Awards&#039; icon=&#039;&#039; icon_color=&#039;&#039; link=\u2019https:\/\/gelidsolutions.com\/product-pdf\/index.php?lid=2&amp;cid=16&amp;id=41&amp;tab=4\u2019 target=&#039;_self&#039; color=&#039;#c1d72e&#039; hover_color=&#039;&#039; border_color=&#039;&#039; hover_border_color=&#039;&#039; background_color=&#039;#ffffff&#039; hover_background_color=&#039;&#039; font_style=&#039;&#039; font_weight=&#039;&#039; text_align=&#039;center&#039; margin=&#039;&#039;]<\/p>\n","protected":false},"featured_media":108457,"comment_status":"closed","ping_status":"closed","template":"","meta":{"_acf_changed":false},"product_cat":[317],"product_tag":[],"class_list":{"0":"post-113764","1":"product","2":"type-product","3":"status-publish","4":"has-post-thumbnail","6":"product_cat-waermeleitpasten-archiv","8":"first","9":"outofstock","10":"taxable","11":"shipping-taxable","12":"purchasable","13":"product-type-simple"},"supplier_id":null,"supplier_sku":"","barcode":null,"atum_controlled":true,"out_stock_date":"2022-07-12 14:18:00","out_stock_threshold":null,"inheritable":false,"inbound_stock":0,"stock_on_hold":0,"sold_today":0,"sales_last_days":0,"reserved_stock":0,"customer_returns":0,"warehouse_damage":0,"lost_in_post":0,"other_logs":0,"out_stock_days":1361,"lost_sales":0,"has_location":false,"update_date":"2026-04-04T00:03:37","atum_locations":[],"atum_stock_status":"outofstock","restock_status":false,"low_stock_amount":"","sales_update_date":"2026-04-04T00:03:37","calc_backorders":null,"acf":[],"yoast_head":"<!-- This site is optimized with the Yoast SEO plugin v27.3 - https:\/\/yoast.com\/product\/yoast-seo-wordpress\/ -->\n<title>GC-2 - Gelid Solutions<\/title>\n<meta name=\"robots\" content=\"index, follow, max-snippet:-1, max-image-preview:large, max-video-preview:-1\" \/>\n<link rel=\"canonical\" href=\"https:\/\/gelidsolutions.com\/de\/produkt\/thermal-compound-gc-2\/\" \/>\n<meta property=\"og:locale\" content=\"de_DE\" \/>\n<meta property=\"og:type\" content=\"article\" \/>\n<meta property=\"og:title\" content=\"GC-2 - Gelid Solutions\" \/>\n<meta property=\"og:description\" content=\"Merkmale:   \u00a0 \u00a0 \u00a0 \u00a0 \u25cf\u00a0Herausragende W\u00e4rmeleitf\u00e4higkeit  \u00a0 \u00a0 \u00a0 \u00a0 \u25cf\u00a0Geringer thermischer Widerstand  \u00a0 \u00a0 \u00a0 \u00a0 \u25cf\u00a0Nicht-elektrisch leitend  \u00a0 \u00a0 \u00a0 \u00a0 \u25cf\u00a0Nicht korrosierf\u00e4hig     \u00a0 \u00a0 \u00a0 \u00a0 \u25cf\u00a0Nicht aush\u00e4rtend  \u00a0 \u00a0 \u00a0 \u00a0 \u25cf\u00a0Inklusive GELID Spachtel     \u00a0 \u00a0 \u00a0 \u00a0 \u25cf\u00a07g Netto Inhalt  [button size=&#039;medium&#039; style=&#039;&#039; text=&#039;PDF Download&#039; icon=&#039;&#039; icon_color=&#039;&#039; link=&#039;https:\/\/gelidsolutions.com\/product-pdf\/guides\/gc2_flyer.pdf&#039; target=&#039;_self&#039; color=&#039;#c1d72e&#039; hover_color=&#039;&#039; border_color=&#039;&#039; hover_border_color=&#039;&#039; background_color=&#039;#ffffff&#039; hover_background_color=&#039;&#039; font_style=&#039;&#039; font_weight=&#039;&#039; text_align=&#039;center&#039; margin=&#039;&#039;] \u00a0 \u00a0 \u00a0 \u00a0 \u00a0\u00a0 \u00a0 [button size=&#039;medium&#039; style=&#039;&#039; text=&#039;Awards&#039; icon=&#039;&#039; icon_color=&#039;&#039; link=\u2019https:\/\/gelidsolutions.com\/product-pdf\/index.php?lid=2&amp;cid=16&amp;id=41&amp;tab=4\u2019 target=&#039;_self&#039; color=&#039;#c1d72e&#039; hover_color=&#039;&#039; border_color=&#039;&#039; hover_border_color=&#039;&#039; background_color=&#039;#ffffff&#039; hover_background_color=&#039;&#039; font_style=&#039;&#039; font_weight=&#039;&#039; text_align=&#039;center&#039; margin=&#039;&#039;]\" \/>\n<meta property=\"og:url\" content=\"https:\/\/gelidsolutions.com\/de\/produkt\/thermal-compound-gc-2\/\" \/>\n<meta property=\"og:site_name\" content=\"Gelid Solutions\" \/>\n<meta property=\"article:modified_time\" content=\"2022-06-18T07:07:32+00:00\" \/>\n<meta property=\"og:image\" content=\"https:\/\/gelidsolutions.com\/wp-content\/uploads\/2022\/05\/thermal_compound_silent_GC-2_1.jpg\" \/>\n\t<meta property=\"og:image:width\" content=\"600\" \/>\n\t<meta property=\"og:image:height\" content=\"400\" \/>\n\t<meta property=\"og:image:type\" content=\"image\/jpeg\" \/>\n<meta name=\"twitter:card\" content=\"summary_large_image\" \/>\n<meta name=\"twitter:label1\" content=\"Gesch\u00e4tzte Lesezeit\" \/>\n\t<meta name=\"twitter:data1\" content=\"1\u00a0Minute\" \/>\n<script type=\"application\/ld+json\" class=\"yoast-schema-graph\">{\"@context\":\"https:\\\/\\\/schema.org\",\"@graph\":[{\"@type\":\"WebPage\",\"@id\":\"https:\\\/\\\/gelidsolutions.com\\\/de\\\/produkt\\\/thermal-compound-gc-2\\\/\",\"url\":\"https:\\\/\\\/gelidsolutions.com\\\/de\\\/produkt\\\/thermal-compound-gc-2\\\/\",\"name\":\"GC-2 - Gelid Solutions\",\"isPartOf\":{\"@id\":\"https:\\\/\\\/gelidsolutions.com\\\/de\\\/#website\"},\"primaryImageOfPage\":{\"@id\":\"https:\\\/\\\/gelidsolutions.com\\\/de\\\/produkt\\\/thermal-compound-gc-2\\\/#primaryimage\"},\"image\":{\"@id\":\"https:\\\/\\\/gelidsolutions.com\\\/de\\\/produkt\\\/thermal-compound-gc-2\\\/#primaryimage\"},\"thumbnailUrl\":\"https:\\\/\\\/gelidsolutions.com\\\/wp-content\\\/uploads\\\/2022\\\/05\\\/thermal_compound_silent_GC-2_1.jpg\",\"datePublished\":\"2016-08-01T22:31:00+00:00\",\"dateModified\":\"2022-06-18T07:07:32+00:00\",\"breadcrumb\":{\"@id\":\"https:\\\/\\\/gelidsolutions.com\\\/de\\\/produkt\\\/thermal-compound-gc-2\\\/#breadcrumb\"},\"inLanguage\":\"de\",\"potentialAction\":[{\"@type\":\"ReadAction\",\"target\":[\"https:\\\/\\\/gelidsolutions.com\\\/de\\\/produkt\\\/thermal-compound-gc-2\\\/\"]}]},{\"@type\":\"ImageObject\",\"inLanguage\":\"de\",\"@id\":\"https:\\\/\\\/gelidsolutions.com\\\/de\\\/produkt\\\/thermal-compound-gc-2\\\/#primaryimage\",\"url\":\"https:\\\/\\\/gelidsolutions.com\\\/wp-content\\\/uploads\\\/2022\\\/05\\\/thermal_compound_silent_GC-2_1.jpg\",\"contentUrl\":\"https:\\\/\\\/gelidsolutions.com\\\/wp-content\\\/uploads\\\/2022\\\/05\\\/thermal_compound_silent_GC-2_1.jpg\",\"width\":600,\"height\":400},{\"@type\":\"BreadcrumbList\",\"@id\":\"https:\\\/\\\/gelidsolutions.com\\\/de\\\/produkt\\\/thermal-compound-gc-2\\\/#breadcrumb\",\"itemListElement\":[{\"@type\":\"ListItem\",\"position\":1,\"name\":\"Home\",\"item\":\"https:\\\/\\\/gelidsolutions.com\\\/de\\\/\"},{\"@type\":\"ListItem\",\"position\":2,\"name\":\"Shop\",\"item\":\"https:\\\/\\\/gelidsolutions.com\\\/shop\\\/\"},{\"@type\":\"ListItem\",\"position\":3,\"name\":\"GC-2\"}]},{\"@type\":\"WebSite\",\"@id\":\"https:\\\/\\\/gelidsolutions.com\\\/de\\\/#website\",\"url\":\"https:\\\/\\\/gelidsolutions.com\\\/de\\\/\",\"name\":\"Gelid Solutions\",\"description\":\"\",\"publisher\":{\"@id\":\"https:\\\/\\\/gelidsolutions.com\\\/de\\\/#organization\"},\"potentialAction\":[{\"@type\":\"SearchAction\",\"target\":{\"@type\":\"EntryPoint\",\"urlTemplate\":\"https:\\\/\\\/gelidsolutions.com\\\/de\\\/?s={search_term_string}\"},\"query-input\":{\"@type\":\"PropertyValueSpecification\",\"valueRequired\":true,\"valueName\":\"search_term_string\"}}],\"inLanguage\":\"de\"},{\"@type\":\"Organization\",\"@id\":\"https:\\\/\\\/gelidsolutions.com\\\/de\\\/#organization\",\"name\":\"Gelid Solutions\",\"url\":\"https:\\\/\\\/gelidsolutions.com\\\/de\\\/\",\"logo\":{\"@type\":\"ImageObject\",\"inLanguage\":\"de\",\"@id\":\"https:\\\/\\\/gelidsolutions.com\\\/de\\\/#\\\/schema\\\/logo\\\/image\\\/\",\"url\":\"https:\\\/\\\/gelidsolutions.com\\\/wp-content\\\/uploads\\\/2022\\\/06\\\/logo_white_104_104.gif\",\"contentUrl\":\"https:\\\/\\\/gelidsolutions.com\\\/wp-content\\\/uploads\\\/2022\\\/06\\\/logo_white_104_104.gif\",\"width\":104,\"height\":104,\"caption\":\"Gelid Solutions\"},\"image\":{\"@id\":\"https:\\\/\\\/gelidsolutions.com\\\/de\\\/#\\\/schema\\\/logo\\\/image\\\/\"}}]}<\/script>\n<!-- \/ Yoast SEO plugin. -->","yoast_head_json":{"title":"GC-2 - Gelid Solutions","robots":{"index":"index","follow":"follow","max-snippet":"max-snippet:-1","max-image-preview":"max-image-preview:large","max-video-preview":"max-video-preview:-1"},"canonical":"https:\/\/gelidsolutions.com\/de\/produkt\/thermal-compound-gc-2\/","og_locale":"de_DE","og_type":"article","og_title":"GC-2 - Gelid Solutions","og_description":"Merkmale:   \u00a0 \u00a0 \u00a0 \u00a0 \u25cf\u00a0Herausragende W\u00e4rmeleitf\u00e4higkeit  \u00a0 \u00a0 \u00a0 \u00a0 \u25cf\u00a0Geringer thermischer Widerstand  \u00a0 \u00a0 \u00a0 \u00a0 \u25cf\u00a0Nicht-elektrisch leitend  \u00a0 \u00a0 \u00a0 \u00a0 \u25cf\u00a0Nicht korrosierf\u00e4hig     \u00a0 \u00a0 \u00a0 \u00a0 \u25cf\u00a0Nicht aush\u00e4rtend  \u00a0 \u00a0 \u00a0 \u00a0 \u25cf\u00a0Inklusive GELID Spachtel     \u00a0 \u00a0 \u00a0 \u00a0 \u25cf\u00a07g Netto Inhalt  [button size=&#039;medium&#039; style=&#039;&#039; text=&#039;PDF Download&#039; icon=&#039;&#039; icon_color=&#039;&#039; link=&#039;https:\/\/gelidsolutions.com\/product-pdf\/guides\/gc2_flyer.pdf&#039; target=&#039;_self&#039; color=&#039;#c1d72e&#039; hover_color=&#039;&#039; border_color=&#039;&#039; hover_border_color=&#039;&#039; background_color=&#039;#ffffff&#039; hover_background_color=&#039;&#039; font_style=&#039;&#039; font_weight=&#039;&#039; text_align=&#039;center&#039; margin=&#039;&#039;] \u00a0 \u00a0 \u00a0 \u00a0 \u00a0\u00a0 \u00a0 [button size=&#039;medium&#039; style=&#039;&#039; text=&#039;Awards&#039; icon=&#039;&#039; icon_color=&#039;&#039; link=\u2019https:\/\/gelidsolutions.com\/product-pdf\/index.php?lid=2&amp;cid=16&amp;id=41&amp;tab=4\u2019 target=&#039;_self&#039; color=&#039;#c1d72e&#039; hover_color=&#039;&#039; border_color=&#039;&#039; hover_border_color=&#039;&#039; background_color=&#039;#ffffff&#039; hover_background_color=&#039;&#039; font_style=&#039;&#039; font_weight=&#039;&#039; text_align=&#039;center&#039; margin=&#039;&#039;]","og_url":"https:\/\/gelidsolutions.com\/de\/produkt\/thermal-compound-gc-2\/","og_site_name":"Gelid Solutions","article_modified_time":"2022-06-18T07:07:32+00:00","og_image":[{"width":600,"height":400,"url":"https:\/\/gelidsolutions.com\/wp-content\/uploads\/2022\/05\/thermal_compound_silent_GC-2_1.jpg","type":"image\/jpeg"}],"twitter_card":"summary_large_image","twitter_misc":{"Gesch\u00e4tzte Lesezeit":"1\u00a0Minute"},"schema":{"@context":"https:\/\/schema.org","@graph":[{"@type":"WebPage","@id":"https:\/\/gelidsolutions.com\/de\/produkt\/thermal-compound-gc-2\/","url":"https:\/\/gelidsolutions.com\/de\/produkt\/thermal-compound-gc-2\/","name":"GC-2 - Gelid Solutions","isPartOf":{"@id":"https:\/\/gelidsolutions.com\/de\/#website"},"primaryImageOfPage":{"@id":"https:\/\/gelidsolutions.com\/de\/produkt\/thermal-compound-gc-2\/#primaryimage"},"image":{"@id":"https:\/\/gelidsolutions.com\/de\/produkt\/thermal-compound-gc-2\/#primaryimage"},"thumbnailUrl":"https:\/\/gelidsolutions.com\/wp-content\/uploads\/2022\/05\/thermal_compound_silent_GC-2_1.jpg","datePublished":"2016-08-01T22:31:00+00:00","dateModified":"2022-06-18T07:07:32+00:00","breadcrumb":{"@id":"https:\/\/gelidsolutions.com\/de\/produkt\/thermal-compound-gc-2\/#breadcrumb"},"inLanguage":"de","potentialAction":[{"@type":"ReadAction","target":["https:\/\/gelidsolutions.com\/de\/produkt\/thermal-compound-gc-2\/"]}]},{"@type":"ImageObject","inLanguage":"de","@id":"https:\/\/gelidsolutions.com\/de\/produkt\/thermal-compound-gc-2\/#primaryimage","url":"https:\/\/gelidsolutions.com\/wp-content\/uploads\/2022\/05\/thermal_compound_silent_GC-2_1.jpg","contentUrl":"https:\/\/gelidsolutions.com\/wp-content\/uploads\/2022\/05\/thermal_compound_silent_GC-2_1.jpg","width":600,"height":400},{"@type":"BreadcrumbList","@id":"https:\/\/gelidsolutions.com\/de\/produkt\/thermal-compound-gc-2\/#breadcrumb","itemListElement":[{"@type":"ListItem","position":1,"name":"Home","item":"https:\/\/gelidsolutions.com\/de\/"},{"@type":"ListItem","position":2,"name":"Shop","item":"https:\/\/gelidsolutions.com\/shop\/"},{"@type":"ListItem","position":3,"name":"GC-2"}]},{"@type":"WebSite","@id":"https:\/\/gelidsolutions.com\/de\/#website","url":"https:\/\/gelidsolutions.com\/de\/","name":"Gelid Solutions","description":"","publisher":{"@id":"https:\/\/gelidsolutions.com\/de\/#organization"},"potentialAction":[{"@type":"SearchAction","target":{"@type":"EntryPoint","urlTemplate":"https:\/\/gelidsolutions.com\/de\/?s={search_term_string}"},"query-input":{"@type":"PropertyValueSpecification","valueRequired":true,"valueName":"search_term_string"}}],"inLanguage":"de"},{"@type":"Organization","@id":"https:\/\/gelidsolutions.com\/de\/#organization","name":"Gelid Solutions","url":"https:\/\/gelidsolutions.com\/de\/","logo":{"@type":"ImageObject","inLanguage":"de","@id":"https:\/\/gelidsolutions.com\/de\/#\/schema\/logo\/image\/","url":"https:\/\/gelidsolutions.com\/wp-content\/uploads\/2022\/06\/logo_white_104_104.gif","contentUrl":"https:\/\/gelidsolutions.com\/wp-content\/uploads\/2022\/06\/logo_white_104_104.gif","width":104,"height":104,"caption":"Gelid Solutions"},"image":{"@id":"https:\/\/gelidsolutions.com\/de\/#\/schema\/logo\/image\/"}}]}},"_links":{"self":[{"href":"https:\/\/gelidsolutions.com\/de\/wp-json\/wp\/v2\/product\/113764","targetHints":{"allow":["GET"]}}],"collection":[{"href":"https:\/\/gelidsolutions.com\/de\/wp-json\/wp\/v2\/product"}],"about":[{"href":"https:\/\/gelidsolutions.com\/de\/wp-json\/wp\/v2\/types\/product"}],"replies":[{"embeddable":true,"href":"https:\/\/gelidsolutions.com\/de\/wp-json\/wp\/v2\/comments?post=113764"}],"wp:featuredmedia":[{"embeddable":true,"href":"https:\/\/gelidsolutions.com\/de\/wp-json\/wp\/v2\/media\/108457"}],"wp:attachment":[{"href":"https:\/\/gelidsolutions.com\/de\/wp-json\/wp\/v2\/media?parent=113764"}],"wp:term":[{"taxonomy":"product_cat","embeddable":true,"href":"https:\/\/gelidsolutions.com\/de\/wp-json\/wp\/v2\/product_cat?post=113764"},{"taxonomy":"product_tag","embeddable":true,"href":"https:\/\/gelidsolutions.com\/de\/wp-json\/wp\/v2\/product_tag?post=113764"}],"curies":[{"name":"wp","href":"https:\/\/api.w.org\/{rel}","templated":true}]}}