{"id":113765,"date":"2016-08-02T06:30:00","date_gmt":"2016-08-01T22:30:00","guid":{"rendered":"https:\/\/localhost\/gelidsolutions\/product\/thermal-compound-gc-supreme\/"},"modified":"2022-05-31T06:54:39","modified_gmt":"2022-05-31T06:54:39","slug":"thermal-compound-gc-supreme","status":"publish","type":"product","link":"https:\/\/gelidsolutions.com\/de\/produkt\/thermal-compound-gc-supreme\/","title":{"rendered":"GC-SUPREME"},"content":{"rendered":"<p><i><b>GC-Supreme Thermal Compound (TC-GC-04-A)<\/b><\/i><\/p>\n<p>&nbsp;<\/p>\n<p>Die \u201eGC-Supreme\u201d wurde aus feinstem W\u00e4rmeleitmaterial entwickelt und bietet eine \u00fcberagende W\u00e4rmeleitf\u00e4higkeit. Dank dem in der Nanotechnologie produzierte ultra feine Molekularstrukturen f\u00fcllt die \u201eGC-Supreme\u201c die L\u00fccken zwischen der CPU Oberfl\u00e4che und der Kupferbodenplatte des CPU K\u00fchlers am effektivsten. Im Vergleich zu den konventionellen Pasten ist diese Paste leichter aufzutragen und dies speziell mit dem GELID Spachtel. Die exzellente Leitf\u00e4higkeit und der attraktive Preis machen die \u201eGC-Supreme\u201c zur unwiderstehlichen Kaufempfehlung.<\/p>\n<p>&nbsp;<\/p>\n<p><i><b>Empfohlen und ausgezeichnet durch<\/b><\/i>:<\/p>\n<p><i>&#8222;GC-Supreme is the one in all solution. It will deliver supreme performance, no matter if you are basic user or extreme overclocker. The paste is easy to apply and easy to remove and the amount is enough for heavy users. This is the product I can truly recommend to everone.&#8220;<\/i> <i><b>www.sf3d.fi<\/b><\/i><\/p>\n<p><i>&#8222;With the GC-Supreme you get a thermal grease which is easy to apply and offers great performance.&#8220;<\/i><i><b>www.ocaholic.ch<\/b><\/i><\/p>\n<p><b><i><br \/>\nUVP: USD 7.5 \/ EUR 5.7<\/i><\/b><\/p>\n","protected":false},"excerpt":{"rendered":"<p><i><b>Merkmale:<\/b><\/i><\/p>\n<ul>\n<li>\u00a0 \u00a0 \u00a0 \u00a0 \u25cf\u00a0Keine Hautreizung<\/li>\n<li>\u00a0 \u00a0 \u00a0 \u00a0 \u25cf\u00a0Optimale Hitzeleitf\u00e4higkeit<\/li>\n<li>\u00a0 \u00a0 \u00a0 \u00a0 \u25cf\u00a0Nicht elektrisch leitend<\/li>\n<li>\u00a0 \u00a0 \u00a0 \u00a0 \u25cf\u00a0Nicht entz\u00fcndbar<\/li>\n<li>\u00a0 \u00a0 \u00a0 \u00a0 \u25cf\u00a0Nicht oxidierend<\/li>\n<li>\u00a0 \u00a0 \u00a0 \u00a0 \u25cf\u00a0Nicht \u00e4tzend &amp; nicht giftig<\/li>\n<\/ul>\n<p>&nbsp;<\/p>\n","protected":false},"featured_media":108448,"comment_status":"closed","ping_status":"closed","template":"","meta":{"_acf_changed":false},"product_cat":[317],"product_tag":[],"class_list":{"0":"post-113765","1":"product","2":"type-product","3":"status-publish","4":"has-post-thumbnail","6":"product_cat-waermeleitpasten-archiv","8":"first","9":"outofstock","10":"taxable","11":"shipping-taxable","12":"purchasable","13":"product-type-simple"},"supplier_id":null,"supplier_sku":"TC-GC-Supreme","barcode":null,"atum_controlled":true,"out_stock_date":"2022-07-12 14:18:00","out_stock_threshold":null,"inheritable":false,"inbound_stock":0,"stock_on_hold":0,"sold_today":0,"sales_last_days":0,"reserved_stock":0,"customer_returns":0,"warehouse_damage":0,"lost_in_post":0,"other_logs":0,"out_stock_days":1388,"lost_sales":0,"has_location":false,"update_date":"2026-05-01T01:11:53","atum_locations":[],"atum_stock_status":"outofstock","restock_status":false,"low_stock_amount":"","sales_update_date":"2026-05-01T01:11:53","calc_backorders":null,"acf":[],"yoast_head":"<!-- This site is optimized with the Yoast SEO plugin v27.5 - https:\/\/yoast.com\/product\/yoast-seo-wordpress\/ -->\n<title>GC-SUPREME - Gelid Solutions<\/title>\n<meta name=\"robots\" content=\"index, follow, max-snippet:-1, max-image-preview:large, max-video-preview:-1\" \/>\n<link rel=\"canonical\" href=\"https:\/\/gelidsolutions.com\/de\/produkt\/thermal-compound-gc-supreme\/\" \/>\n<meta property=\"og:locale\" content=\"de_DE\" \/>\n<meta property=\"og:type\" content=\"article\" \/>\n<meta property=\"og:title\" content=\"GC-SUPREME - Gelid Solutions\" \/>\n<meta property=\"og:description\" content=\"Merkmale:  \u00a0 \u00a0 \u00a0 \u00a0 \u25cf\u00a0Keine Hautreizung  \u00a0 \u00a0 \u00a0 \u00a0 \u25cf\u00a0Optimale Hitzeleitf\u00e4higkeit  \u00a0 \u00a0 \u00a0 \u00a0 \u25cf\u00a0Nicht elektrisch leitend  \u00a0 \u00a0 \u00a0 \u00a0 \u25cf\u00a0Nicht entz\u00fcndbar  \u00a0 \u00a0 \u00a0 \u00a0 \u25cf\u00a0Nicht oxidierend  \u00a0 \u00a0 \u00a0 \u00a0 \u25cf\u00a0Nicht \u00e4tzend &amp; nicht giftig &nbsp;\" \/>\n<meta property=\"og:url\" content=\"https:\/\/gelidsolutions.com\/de\/produkt\/thermal-compound-gc-supreme\/\" \/>\n<meta property=\"og:site_name\" content=\"Gelid Solutions\" \/>\n<meta property=\"article:modified_time\" content=\"2022-05-31T06:54:39+00:00\" \/>\n<meta property=\"og:image\" content=\"https:\/\/gelidsolutions.com\/wp-content\/uploads\/2022\/05\/thermal_compound_silent_GC-SUPREME_1.jpg\" \/>\n\t<meta property=\"og:image:width\" content=\"600\" \/>\n\t<meta property=\"og:image:height\" content=\"400\" \/>\n\t<meta property=\"og:image:type\" content=\"image\/jpeg\" \/>\n<meta name=\"twitter:card\" content=\"summary_large_image\" \/>\n<meta name=\"twitter:label1\" content=\"Gesch\u00e4tzte Lesezeit\" \/>\n\t<meta name=\"twitter:data1\" content=\"1\u00a0Minute\" \/>\n<script type=\"application\/ld+json\" class=\"yoast-schema-graph\">{\"@context\":\"https:\\\/\\\/schema.org\",\"@graph\":[{\"@type\":\"WebPage\",\"@id\":\"https:\\\/\\\/gelidsolutions.com\\\/de\\\/produkt\\\/thermal-compound-gc-supreme\\\/\",\"url\":\"https:\\\/\\\/gelidsolutions.com\\\/de\\\/produkt\\\/thermal-compound-gc-supreme\\\/\",\"name\":\"GC-SUPREME - Gelid Solutions\",\"isPartOf\":{\"@id\":\"https:\\\/\\\/gelidsolutions.com\\\/de\\\/#website\"},\"primaryImageOfPage\":{\"@id\":\"https:\\\/\\\/gelidsolutions.com\\\/de\\\/produkt\\\/thermal-compound-gc-supreme\\\/#primaryimage\"},\"image\":{\"@id\":\"https:\\\/\\\/gelidsolutions.com\\\/de\\\/produkt\\\/thermal-compound-gc-supreme\\\/#primaryimage\"},\"thumbnailUrl\":\"https:\\\/\\\/gelidsolutions.com\\\/wp-content\\\/uploads\\\/2022\\\/05\\\/thermal_compound_silent_GC-SUPREME_1.jpg\",\"datePublished\":\"2016-08-01T22:30:00+00:00\",\"dateModified\":\"2022-05-31T06:54:39+00:00\",\"breadcrumb\":{\"@id\":\"https:\\\/\\\/gelidsolutions.com\\\/de\\\/produkt\\\/thermal-compound-gc-supreme\\\/#breadcrumb\"},\"inLanguage\":\"de\",\"potentialAction\":[{\"@type\":\"ReadAction\",\"target\":[\"https:\\\/\\\/gelidsolutions.com\\\/de\\\/produkt\\\/thermal-compound-gc-supreme\\\/\"]}]},{\"@type\":\"ImageObject\",\"inLanguage\":\"de\",\"@id\":\"https:\\\/\\\/gelidsolutions.com\\\/de\\\/produkt\\\/thermal-compound-gc-supreme\\\/#primaryimage\",\"url\":\"https:\\\/\\\/gelidsolutions.com\\\/wp-content\\\/uploads\\\/2022\\\/05\\\/thermal_compound_silent_GC-SUPREME_1.jpg\",\"contentUrl\":\"https:\\\/\\\/gelidsolutions.com\\\/wp-content\\\/uploads\\\/2022\\\/05\\\/thermal_compound_silent_GC-SUPREME_1.jpg\",\"width\":600,\"height\":400},{\"@type\":\"BreadcrumbList\",\"@id\":\"https:\\\/\\\/gelidsolutions.com\\\/de\\\/produkt\\\/thermal-compound-gc-supreme\\\/#breadcrumb\",\"itemListElement\":[{\"@type\":\"ListItem\",\"position\":1,\"name\":\"Home\",\"item\":\"https:\\\/\\\/gelidsolutions.com\\\/de\\\/\"},{\"@type\":\"ListItem\",\"position\":2,\"name\":\"Shop\",\"item\":\"https:\\\/\\\/gelidsolutions.com\\\/shop\\\/\"},{\"@type\":\"ListItem\",\"position\":3,\"name\":\"GC-SUPREME\"}]},{\"@type\":\"WebSite\",\"@id\":\"https:\\\/\\\/gelidsolutions.com\\\/de\\\/#website\",\"url\":\"https:\\\/\\\/gelidsolutions.com\\\/de\\\/\",\"name\":\"Gelid Solutions\",\"description\":\"\",\"publisher\":{\"@id\":\"https:\\\/\\\/gelidsolutions.com\\\/de\\\/#organization\"},\"potentialAction\":[{\"@type\":\"SearchAction\",\"target\":{\"@type\":\"EntryPoint\",\"urlTemplate\":\"https:\\\/\\\/gelidsolutions.com\\\/de\\\/?s={search_term_string}\"},\"query-input\":{\"@type\":\"PropertyValueSpecification\",\"valueRequired\":true,\"valueName\":\"search_term_string\"}}],\"inLanguage\":\"de\"},{\"@type\":\"Organization\",\"@id\":\"https:\\\/\\\/gelidsolutions.com\\\/de\\\/#organization\",\"name\":\"Gelid Solutions\",\"url\":\"https:\\\/\\\/gelidsolutions.com\\\/de\\\/\",\"logo\":{\"@type\":\"ImageObject\",\"inLanguage\":\"de\",\"@id\":\"https:\\\/\\\/gelidsolutions.com\\\/de\\\/#\\\/schema\\\/logo\\\/image\\\/\",\"url\":\"https:\\\/\\\/gelidsolutions.com\\\/wp-content\\\/uploads\\\/2022\\\/06\\\/logo_white_104_104.gif\",\"contentUrl\":\"https:\\\/\\\/gelidsolutions.com\\\/wp-content\\\/uploads\\\/2022\\\/06\\\/logo_white_104_104.gif\",\"width\":104,\"height\":104,\"caption\":\"Gelid Solutions\"},\"image\":{\"@id\":\"https:\\\/\\\/gelidsolutions.com\\\/de\\\/#\\\/schema\\\/logo\\\/image\\\/\"}}]}<\/script>\n<!-- \/ Yoast SEO plugin. -->","yoast_head_json":{"title":"GC-SUPREME - Gelid Solutions","robots":{"index":"index","follow":"follow","max-snippet":"max-snippet:-1","max-image-preview":"max-image-preview:large","max-video-preview":"max-video-preview:-1"},"canonical":"https:\/\/gelidsolutions.com\/de\/produkt\/thermal-compound-gc-supreme\/","og_locale":"de_DE","og_type":"article","og_title":"GC-SUPREME - Gelid Solutions","og_description":"Merkmale:  \u00a0 \u00a0 \u00a0 \u00a0 \u25cf\u00a0Keine Hautreizung  \u00a0 \u00a0 \u00a0 \u00a0 \u25cf\u00a0Optimale Hitzeleitf\u00e4higkeit  \u00a0 \u00a0 \u00a0 \u00a0 \u25cf\u00a0Nicht elektrisch leitend  \u00a0 \u00a0 \u00a0 \u00a0 \u25cf\u00a0Nicht entz\u00fcndbar  \u00a0 \u00a0 \u00a0 \u00a0 \u25cf\u00a0Nicht oxidierend  \u00a0 \u00a0 \u00a0 \u00a0 \u25cf\u00a0Nicht \u00e4tzend &amp; nicht giftig &nbsp;","og_url":"https:\/\/gelidsolutions.com\/de\/produkt\/thermal-compound-gc-supreme\/","og_site_name":"Gelid Solutions","article_modified_time":"2022-05-31T06:54:39+00:00","og_image":[{"width":600,"height":400,"url":"https:\/\/gelidsolutions.com\/wp-content\/uploads\/2022\/05\/thermal_compound_silent_GC-SUPREME_1.jpg","type":"image\/jpeg"}],"twitter_card":"summary_large_image","twitter_misc":{"Gesch\u00e4tzte Lesezeit":"1\u00a0Minute"},"schema":{"@context":"https:\/\/schema.org","@graph":[{"@type":"WebPage","@id":"https:\/\/gelidsolutions.com\/de\/produkt\/thermal-compound-gc-supreme\/","url":"https:\/\/gelidsolutions.com\/de\/produkt\/thermal-compound-gc-supreme\/","name":"GC-SUPREME - Gelid Solutions","isPartOf":{"@id":"https:\/\/gelidsolutions.com\/de\/#website"},"primaryImageOfPage":{"@id":"https:\/\/gelidsolutions.com\/de\/produkt\/thermal-compound-gc-supreme\/#primaryimage"},"image":{"@id":"https:\/\/gelidsolutions.com\/de\/produkt\/thermal-compound-gc-supreme\/#primaryimage"},"thumbnailUrl":"https:\/\/gelidsolutions.com\/wp-content\/uploads\/2022\/05\/thermal_compound_silent_GC-SUPREME_1.jpg","datePublished":"2016-08-01T22:30:00+00:00","dateModified":"2022-05-31T06:54:39+00:00","breadcrumb":{"@id":"https:\/\/gelidsolutions.com\/de\/produkt\/thermal-compound-gc-supreme\/#breadcrumb"},"inLanguage":"de","potentialAction":[{"@type":"ReadAction","target":["https:\/\/gelidsolutions.com\/de\/produkt\/thermal-compound-gc-supreme\/"]}]},{"@type":"ImageObject","inLanguage":"de","@id":"https:\/\/gelidsolutions.com\/de\/produkt\/thermal-compound-gc-supreme\/#primaryimage","url":"https:\/\/gelidsolutions.com\/wp-content\/uploads\/2022\/05\/thermal_compound_silent_GC-SUPREME_1.jpg","contentUrl":"https:\/\/gelidsolutions.com\/wp-content\/uploads\/2022\/05\/thermal_compound_silent_GC-SUPREME_1.jpg","width":600,"height":400},{"@type":"BreadcrumbList","@id":"https:\/\/gelidsolutions.com\/de\/produkt\/thermal-compound-gc-supreme\/#breadcrumb","itemListElement":[{"@type":"ListItem","position":1,"name":"Home","item":"https:\/\/gelidsolutions.com\/de\/"},{"@type":"ListItem","position":2,"name":"Shop","item":"https:\/\/gelidsolutions.com\/shop\/"},{"@type":"ListItem","position":3,"name":"GC-SUPREME"}]},{"@type":"WebSite","@id":"https:\/\/gelidsolutions.com\/de\/#website","url":"https:\/\/gelidsolutions.com\/de\/","name":"Gelid Solutions","description":"","publisher":{"@id":"https:\/\/gelidsolutions.com\/de\/#organization"},"potentialAction":[{"@type":"SearchAction","target":{"@type":"EntryPoint","urlTemplate":"https:\/\/gelidsolutions.com\/de\/?s={search_term_string}"},"query-input":{"@type":"PropertyValueSpecification","valueRequired":true,"valueName":"search_term_string"}}],"inLanguage":"de"},{"@type":"Organization","@id":"https:\/\/gelidsolutions.com\/de\/#organization","name":"Gelid Solutions","url":"https:\/\/gelidsolutions.com\/de\/","logo":{"@type":"ImageObject","inLanguage":"de","@id":"https:\/\/gelidsolutions.com\/de\/#\/schema\/logo\/image\/","url":"https:\/\/gelidsolutions.com\/wp-content\/uploads\/2022\/06\/logo_white_104_104.gif","contentUrl":"https:\/\/gelidsolutions.com\/wp-content\/uploads\/2022\/06\/logo_white_104_104.gif","width":104,"height":104,"caption":"Gelid Solutions"},"image":{"@id":"https:\/\/gelidsolutions.com\/de\/#\/schema\/logo\/image\/"}}]}},"_links":{"self":[{"href":"https:\/\/gelidsolutions.com\/de\/wp-json\/wp\/v2\/product\/113765","targetHints":{"allow":["GET"]}}],"collection":[{"href":"https:\/\/gelidsolutions.com\/de\/wp-json\/wp\/v2\/product"}],"about":[{"href":"https:\/\/gelidsolutions.com\/de\/wp-json\/wp\/v2\/types\/product"}],"replies":[{"embeddable":true,"href":"https:\/\/gelidsolutions.com\/de\/wp-json\/wp\/v2\/comments?post=113765"}],"wp:featuredmedia":[{"embeddable":true,"href":"https:\/\/gelidsolutions.com\/de\/wp-json\/wp\/v2\/media\/108448"}],"wp:attachment":[{"href":"https:\/\/gelidsolutions.com\/de\/wp-json\/wp\/v2\/media?parent=113765"}],"wp:term":[{"taxonomy":"product_cat","embeddable":true,"href":"https:\/\/gelidsolutions.com\/de\/wp-json\/wp\/v2\/product_cat?post=113765"},{"taxonomy":"product_tag","embeddable":true,"href":"https:\/\/gelidsolutions.com\/de\/wp-json\/wp\/v2\/product_tag?post=113765"}],"curies":[{"name":"wp","href":"https:\/\/api.w.org\/{rel}","templated":true}]}}