{"id":113766,"date":"2020-03-25T23:55:00","date_gmt":"2020-03-25T15:55:00","guid":{"rendered":"https:\/\/localhost\/gelidsolutions\/product\/accessories-pwm-1-to-4-splitter\/"},"modified":"2023-10-04T20:12:38","modified_gmt":"2023-10-04T12:12:38","slug":"pwm-1-auf-4-splitter","status":"publish","type":"product","link":"https:\/\/gelidsolutions.com\/de\/produkt\/pwm-1-auf-4-splitter\/","title":{"rendered":"PWM 1-ZU-4-SPLITTER"},"content":{"rendered":"<p><b><i>PWM 1-zu-4-Verteiler (CA-PWM-03)<\/i><\/b><br \/>\nDieser Splitter erm\u00f6glicht es dem PWM-Signaleingang des Mainboards, bis zu max. 4 GELID PWM-L\u00fcfter.<\/p>\n<p><i><b>Eigenschaften<\/b><\/i><br \/>\nSchlie\u00dfen Sie 4 PWM-L\u00fcfter an den CPU-Sockel Ihres Mainboards an, die direkt vom Netzteil mit Strom versorgt werden. Verwenden Sie mehrere PWM-Splitter, um 4 PWM-L\u00fcfter anzuschlie\u00dfen und wie bisher zus\u00e4tzliche K\u00fchlung zu gew\u00e4hrleisten.<\/p>\n<p>Die Leistungsaufnahme Ihres CPU-K\u00fchlers wird in Abh\u00e4ngigkeit von seiner Temperatur angepasst. Eine CPU, die sich im Leerlauf befindet, erzeugt nicht so viel W\u00e4rme und ben\u00f6tigt weniger aktive K\u00fchlung, so dass niedrigere L\u00fcftergeschwindigkeiten ausreichend sind. Dar\u00fcber hinaus wird dadurch auch das Umgebungsger\u00e4usch Ihres PCs reduziert, und zwar automatisch und mit geringem Risiko f\u00fcr Ihre PC-Komponenten.<\/p>\n<p>W\u00e4hrend PWM-L\u00fcftersteuerungen in der heutigen PC-Industrie sehr verbreitet und auf den meisten Mainboards verf\u00fcgbar sind, gibt es oft nur einen oder zwei solcher PWM-Header, die f\u00fcr die CPU- oder Chipsatz-L\u00fcfter reserviert sind. Eine M\u00f6glichkeit, diese hervorragende Idee der Ger\u00e4uschreduzierung auf die zahlreichen Geh\u00e4usel\u00fcfter in einem typischen PC auszuweiten, ist die Verwendung eines GELID PWM-Splitters.<\/p>\n<p>Der Splitter hat eine L\u00e4nge von 420 mm.<\/p>\n<p><i><b>Dieser Splitter umfasst:<\/b><\/i><\/p>\n<p>4 x 4-Pin-PWM-Steckerleiste<br \/>\n1 x 4 Pin PWM-Anschluss<br \/>\n1 x 4-poliger Molex-Stecker<\/p>\n<p>EAN: 4897025780460<\/p>\n","protected":false},"excerpt":{"rendered":"<ul>\n<li>PWM- und Molex-Eing\u00e4nge<\/li>\n<li>5 x 4-Pin PWM<\/li>\n<li>Kabell\u00e4nge 42cm<\/li>\n<\/ul>\n<p>&nbsp;<\/p>\n","protected":false},"featured_media":108041,"comment_status":"closed","ping_status":"closed","template":"","meta":{"_acf_changed":false},"product_cat":[318,506],"product_tag":[],"class_list":{"0":"post-113766","1":"product","2":"type-product","3":"status-publish","4":"has-post-thumbnail","6":"product_cat-zubehoer","7":"product_cat-zubehor","9":"first","10":"outofstock","11":"sale","12":"taxable","13":"shipping-taxable","14":"purchasable","15":"product-type-simple"},"supplier_id":null,"supplier_sku":"","barcode":"4897025780460","atum_controlled":true,"out_stock_date":null,"out_stock_threshold":null,"inheritable":false,"inbound_stock":null,"stock_on_hold":0,"sold_today":0,"sales_last_days":0,"reserved_stock":null,"customer_returns":null,"warehouse_damage":null,"lost_in_post":null,"other_logs":null,"out_stock_days":0,"lost_sales":0,"has_location":false,"update_date":"2026-05-03T01:13:51","atum_locations":[],"atum_stock_status":"outofstock","restock_status":false,"low_stock_amount":"","sales_update_date":"2026-05-03T01:13:51","calc_backorders":null,"acf":[],"yoast_head":"<!-- This site is optimized with the Yoast SEO plugin v27.5 - https:\/\/yoast.com\/product\/yoast-seo-wordpress\/ -->\n<title>PWM 1-ZU-4-SPLITTER - Gelid Solutions<\/title>\n<meta name=\"robots\" content=\"index, follow, max-snippet:-1, max-image-preview:large, max-video-preview:-1\" \/>\n<link rel=\"canonical\" href=\"https:\/\/gelidsolutions.com\/de\/produkt\/pwm-1-auf-4-splitter\/\" \/>\n<meta property=\"og:locale\" content=\"de_DE\" \/>\n<meta property=\"og:type\" content=\"article\" \/>\n<meta property=\"og:title\" content=\"PWM 1-ZU-4-SPLITTER - Gelid Solutions\" \/>\n<meta property=\"og:description\" content=\"PWM- und Molex-Eing\u00e4nge  5 x 4-Pin PWM  Kabell\u00e4nge 42cm  &nbsp;\" \/>\n<meta property=\"og:url\" content=\"https:\/\/gelidsolutions.com\/de\/produkt\/pwm-1-auf-4-splitter\/\" \/>\n<meta property=\"og:site_name\" content=\"Gelid Solutions\" \/>\n<meta property=\"article:modified_time\" content=\"2023-10-04T12:12:38+00:00\" \/>\n<meta property=\"og:image\" content=\"https:\/\/gelidsolutions.com\/wp-content\/uploads\/2022\/05\/accessories_silent_PWM_1-TO-4_SPLITTER_1.jpg\" \/>\n\t<meta property=\"og:image:width\" content=\"600\" \/>\n\t<meta property=\"og:image:height\" content=\"400\" \/>\n\t<meta property=\"og:image:type\" content=\"image\/jpeg\" \/>\n<meta name=\"twitter:card\" content=\"summary_large_image\" \/>\n<meta name=\"twitter:label1\" content=\"Gesch\u00e4tzte Lesezeit\" \/>\n\t<meta name=\"twitter:data1\" content=\"1\u00a0Minute\" \/>\n<script type=\"application\/ld+json\" class=\"yoast-schema-graph\">{\"@context\":\"https:\\\/\\\/schema.org\",\"@graph\":[{\"@type\":\"WebPage\",\"@id\":\"https:\\\/\\\/gelidsolutions.com\\\/de\\\/produkt\\\/pwm-1-auf-4-splitter\\\/\",\"url\":\"https:\\\/\\\/gelidsolutions.com\\\/de\\\/produkt\\\/pwm-1-auf-4-splitter\\\/\",\"name\":\"PWM 1-ZU-4-SPLITTER - Gelid Solutions\",\"isPartOf\":{\"@id\":\"https:\\\/\\\/gelidsolutions.com\\\/de\\\/#website\"},\"primaryImageOfPage\":{\"@id\":\"https:\\\/\\\/gelidsolutions.com\\\/de\\\/produkt\\\/pwm-1-auf-4-splitter\\\/#primaryimage\"},\"image\":{\"@id\":\"https:\\\/\\\/gelidsolutions.com\\\/de\\\/produkt\\\/pwm-1-auf-4-splitter\\\/#primaryimage\"},\"thumbnailUrl\":\"https:\\\/\\\/gelidsolutions.com\\\/wp-content\\\/uploads\\\/2022\\\/05\\\/accessories_silent_PWM_1-TO-4_SPLITTER_1.jpg\",\"datePublished\":\"2020-03-25T15:55:00+00:00\",\"dateModified\":\"2023-10-04T12:12:38+00:00\",\"breadcrumb\":{\"@id\":\"https:\\\/\\\/gelidsolutions.com\\\/de\\\/produkt\\\/pwm-1-auf-4-splitter\\\/#breadcrumb\"},\"inLanguage\":\"de\",\"potentialAction\":[{\"@type\":\"ReadAction\",\"target\":[\"https:\\\/\\\/gelidsolutions.com\\\/de\\\/produkt\\\/pwm-1-auf-4-splitter\\\/\"]}]},{\"@type\":\"ImageObject\",\"inLanguage\":\"de\",\"@id\":\"https:\\\/\\\/gelidsolutions.com\\\/de\\\/produkt\\\/pwm-1-auf-4-splitter\\\/#primaryimage\",\"url\":\"https:\\\/\\\/gelidsolutions.com\\\/wp-content\\\/uploads\\\/2022\\\/05\\\/accessories_silent_PWM_1-TO-4_SPLITTER_1.jpg\",\"contentUrl\":\"https:\\\/\\\/gelidsolutions.com\\\/wp-content\\\/uploads\\\/2022\\\/05\\\/accessories_silent_PWM_1-TO-4_SPLITTER_1.jpg\",\"width\":600,\"height\":400},{\"@type\":\"BreadcrumbList\",\"@id\":\"https:\\\/\\\/gelidsolutions.com\\\/de\\\/produkt\\\/pwm-1-auf-4-splitter\\\/#breadcrumb\",\"itemListElement\":[{\"@type\":\"ListItem\",\"position\":1,\"name\":\"Home\",\"item\":\"https:\\\/\\\/gelidsolutions.com\\\/de\\\/\"},{\"@type\":\"ListItem\",\"position\":2,\"name\":\"Shop\",\"item\":\"https:\\\/\\\/gelidsolutions.com\\\/shop\\\/\"},{\"@type\":\"ListItem\",\"position\":3,\"name\":\"PWM 1-ZU-4-SPLITTER\"}]},{\"@type\":\"WebSite\",\"@id\":\"https:\\\/\\\/gelidsolutions.com\\\/de\\\/#website\",\"url\":\"https:\\\/\\\/gelidsolutions.com\\\/de\\\/\",\"name\":\"Gelid Solutions\",\"description\":\"\",\"publisher\":{\"@id\":\"https:\\\/\\\/gelidsolutions.com\\\/de\\\/#organization\"},\"potentialAction\":[{\"@type\":\"SearchAction\",\"target\":{\"@type\":\"EntryPoint\",\"urlTemplate\":\"https:\\\/\\\/gelidsolutions.com\\\/de\\\/?s={search_term_string}\"},\"query-input\":{\"@type\":\"PropertyValueSpecification\",\"valueRequired\":true,\"valueName\":\"search_term_string\"}}],\"inLanguage\":\"de\"},{\"@type\":\"Organization\",\"@id\":\"https:\\\/\\\/gelidsolutions.com\\\/de\\\/#organization\",\"name\":\"Gelid Solutions\",\"url\":\"https:\\\/\\\/gelidsolutions.com\\\/de\\\/\",\"logo\":{\"@type\":\"ImageObject\",\"inLanguage\":\"de\",\"@id\":\"https:\\\/\\\/gelidsolutions.com\\\/de\\\/#\\\/schema\\\/logo\\\/image\\\/\",\"url\":\"https:\\\/\\\/gelidsolutions.com\\\/wp-content\\\/uploads\\\/2022\\\/06\\\/logo_white_104_104.gif\",\"contentUrl\":\"https:\\\/\\\/gelidsolutions.com\\\/wp-content\\\/uploads\\\/2022\\\/06\\\/logo_white_104_104.gif\",\"width\":104,\"height\":104,\"caption\":\"Gelid Solutions\"},\"image\":{\"@id\":\"https:\\\/\\\/gelidsolutions.com\\\/de\\\/#\\\/schema\\\/logo\\\/image\\\/\"}}]}<\/script>\n<!-- \/ Yoast SEO plugin. -->","yoast_head_json":{"title":"PWM 1-ZU-4-SPLITTER - Gelid Solutions","robots":{"index":"index","follow":"follow","max-snippet":"max-snippet:-1","max-image-preview":"max-image-preview:large","max-video-preview":"max-video-preview:-1"},"canonical":"https:\/\/gelidsolutions.com\/de\/produkt\/pwm-1-auf-4-splitter\/","og_locale":"de_DE","og_type":"article","og_title":"PWM 1-ZU-4-SPLITTER - Gelid Solutions","og_description":"PWM- und Molex-Eing\u00e4nge  5 x 4-Pin PWM  Kabell\u00e4nge 42cm  &nbsp;","og_url":"https:\/\/gelidsolutions.com\/de\/produkt\/pwm-1-auf-4-splitter\/","og_site_name":"Gelid Solutions","article_modified_time":"2023-10-04T12:12:38+00:00","og_image":[{"width":600,"height":400,"url":"https:\/\/gelidsolutions.com\/wp-content\/uploads\/2022\/05\/accessories_silent_PWM_1-TO-4_SPLITTER_1.jpg","type":"image\/jpeg"}],"twitter_card":"summary_large_image","twitter_misc":{"Gesch\u00e4tzte Lesezeit":"1\u00a0Minute"},"schema":{"@context":"https:\/\/schema.org","@graph":[{"@type":"WebPage","@id":"https:\/\/gelidsolutions.com\/de\/produkt\/pwm-1-auf-4-splitter\/","url":"https:\/\/gelidsolutions.com\/de\/produkt\/pwm-1-auf-4-splitter\/","name":"PWM 1-ZU-4-SPLITTER - Gelid Solutions","isPartOf":{"@id":"https:\/\/gelidsolutions.com\/de\/#website"},"primaryImageOfPage":{"@id":"https:\/\/gelidsolutions.com\/de\/produkt\/pwm-1-auf-4-splitter\/#primaryimage"},"image":{"@id":"https:\/\/gelidsolutions.com\/de\/produkt\/pwm-1-auf-4-splitter\/#primaryimage"},"thumbnailUrl":"https:\/\/gelidsolutions.com\/wp-content\/uploads\/2022\/05\/accessories_silent_PWM_1-TO-4_SPLITTER_1.jpg","datePublished":"2020-03-25T15:55:00+00:00","dateModified":"2023-10-04T12:12:38+00:00","breadcrumb":{"@id":"https:\/\/gelidsolutions.com\/de\/produkt\/pwm-1-auf-4-splitter\/#breadcrumb"},"inLanguage":"de","potentialAction":[{"@type":"ReadAction","target":["https:\/\/gelidsolutions.com\/de\/produkt\/pwm-1-auf-4-splitter\/"]}]},{"@type":"ImageObject","inLanguage":"de","@id":"https:\/\/gelidsolutions.com\/de\/produkt\/pwm-1-auf-4-splitter\/#primaryimage","url":"https:\/\/gelidsolutions.com\/wp-content\/uploads\/2022\/05\/accessories_silent_PWM_1-TO-4_SPLITTER_1.jpg","contentUrl":"https:\/\/gelidsolutions.com\/wp-content\/uploads\/2022\/05\/accessories_silent_PWM_1-TO-4_SPLITTER_1.jpg","width":600,"height":400},{"@type":"BreadcrumbList","@id":"https:\/\/gelidsolutions.com\/de\/produkt\/pwm-1-auf-4-splitter\/#breadcrumb","itemListElement":[{"@type":"ListItem","position":1,"name":"Home","item":"https:\/\/gelidsolutions.com\/de\/"},{"@type":"ListItem","position":2,"name":"Shop","item":"https:\/\/gelidsolutions.com\/shop\/"},{"@type":"ListItem","position":3,"name":"PWM 1-ZU-4-SPLITTER"}]},{"@type":"WebSite","@id":"https:\/\/gelidsolutions.com\/de\/#website","url":"https:\/\/gelidsolutions.com\/de\/","name":"Gelid Solutions","description":"","publisher":{"@id":"https:\/\/gelidsolutions.com\/de\/#organization"},"potentialAction":[{"@type":"SearchAction","target":{"@type":"EntryPoint","urlTemplate":"https:\/\/gelidsolutions.com\/de\/?s={search_term_string}"},"query-input":{"@type":"PropertyValueSpecification","valueRequired":true,"valueName":"search_term_string"}}],"inLanguage":"de"},{"@type":"Organization","@id":"https:\/\/gelidsolutions.com\/de\/#organization","name":"Gelid Solutions","url":"https:\/\/gelidsolutions.com\/de\/","logo":{"@type":"ImageObject","inLanguage":"de","@id":"https:\/\/gelidsolutions.com\/de\/#\/schema\/logo\/image\/","url":"https:\/\/gelidsolutions.com\/wp-content\/uploads\/2022\/06\/logo_white_104_104.gif","contentUrl":"https:\/\/gelidsolutions.com\/wp-content\/uploads\/2022\/06\/logo_white_104_104.gif","width":104,"height":104,"caption":"Gelid Solutions"},"image":{"@id":"https:\/\/gelidsolutions.com\/de\/#\/schema\/logo\/image\/"}}]}},"_links":{"self":[{"href":"https:\/\/gelidsolutions.com\/de\/wp-json\/wp\/v2\/product\/113766","targetHints":{"allow":["GET"]}}],"collection":[{"href":"https:\/\/gelidsolutions.com\/de\/wp-json\/wp\/v2\/product"}],"about":[{"href":"https:\/\/gelidsolutions.com\/de\/wp-json\/wp\/v2\/types\/product"}],"replies":[{"embeddable":true,"href":"https:\/\/gelidsolutions.com\/de\/wp-json\/wp\/v2\/comments?post=113766"}],"wp:featuredmedia":[{"embeddable":true,"href":"https:\/\/gelidsolutions.com\/de\/wp-json\/wp\/v2\/media\/108041"}],"wp:attachment":[{"href":"https:\/\/gelidsolutions.com\/de\/wp-json\/wp\/v2\/media?parent=113766"}],"wp:term":[{"taxonomy":"product_cat","embeddable":true,"href":"https:\/\/gelidsolutions.com\/de\/wp-json\/wp\/v2\/product_cat?post=113766"},{"taxonomy":"product_tag","embeddable":true,"href":"https:\/\/gelidsolutions.com\/de\/wp-json\/wp\/v2\/product_tag?post=113766"}],"curies":[{"name":"wp","href":"https:\/\/api.w.org\/{rel}","templated":true}]}}