{"id":113767,"date":"2020-03-25T23:05:00","date_gmt":"2020-03-25T15:05:00","guid":{"rendered":"https:\/\/localhost\/gelidsolutions\/product\/accessories-pwm-y-cable\/"},"modified":"2022-11-30T21:30:23","modified_gmt":"2022-11-30T13:30:23","slug":"pwm-y-kabel","status":"publish","type":"product","link":"https:\/\/gelidsolutions.com\/de\/produkt\/pwm-y-kabel\/","title":{"rendered":"PWM Y-KABEL"},"content":{"rendered":"<p><b><br \/>\n  <i>PWM Y-Kabel <\/i><br \/>\n<\/b><i>(CA-PWM-01) <\/i><br \/>\nDer PWM-Signaleingang des Mainboards wird zur Steuerung einer Reihe von angeschlossenen PWM-L\u00fcftern verwendet, um eine optimale Ger\u00e4usch- und K\u00fchlleistung zu erzielen.<\/p>\n<p><b><i>Eigenschaften<\/i><\/b><br \/>\nSchlie\u00dfen Sie 2 PWM-L\u00fcfter an den CPU-Sockel Ihres Mainboards an. Verwenden Sie mehrere Y-Kabel, um eine Reihe von bis zu 5 PWM-L\u00fcftern anzuschlie\u00dfen und so viel zus\u00e4tzliche K\u00fchlung wie gew\u00fcnscht bereitzustellen.<\/p>\n<p>Die Leistungsaufnahme Ihres CPU-K\u00fchlers wird in Abh\u00e4ngigkeit von seiner Temperatur angepasst. Eine CPU, die sich im Leerlauf befindet, erzeugt nicht so viel W\u00e4rme und ben\u00f6tigt weniger aktive K\u00fchlung, so dass niedrigere L\u00fcftergeschwindigkeiten ausreichend sind. Dar\u00fcber hinaus wird dadurch auch das Umgebungsger\u00e4usch Ihres PCs reduziert, und zwar automatisch und mit geringem Risiko f\u00fcr Ihre PC-Komponenten.<\/p>\n<p>W\u00e4hrend PWM-L\u00fcftersteuerungen in der heutigen PC-Industrie sehr verbreitet und auf den meisten Mainboards verf\u00fcgbar sind, gibt es oft nur einen oder zwei solcher PWM-Header, die f\u00fcr die CPU- oder Chipsatz-L\u00fcfter reserviert sind. Eine M\u00f6glichkeit, diese hervorragende Idee der Ger\u00e4uschreduzierung auf die zahlreichen Geh\u00e4usel\u00fcfter in einem typischen PC auszuweiten, ist die Verwendung eines GELID PWM Y-Kabels.<\/p>\n<p>Das lange Kabel bietet gen\u00fcgend L\u00e4nge, um jede Stelle in Ihrem Koffer zu erreichen.<\/p>\n<p>EAN: 4897025780149<\/p>\n","protected":false},"excerpt":{"rendered":"<p><b>Verbindet 2 PWM-L\u00fcfter mit dem L\u00fcfteranschluss oder der L\u00fcftersteuerung Ihres Mainboards.<\/b><\/p>\n<p>Verwenden Sie die GELID PWM Y-Kabel, um eine Reihe von bis zu 5 PWM-L\u00fcftern anzuschlie\u00dfen und so viel zus\u00e4tzliche K\u00fchlung wie gew\u00fcnscht bereitzustellen.<\/p>\n","protected":false},"featured_media":107712,"comment_status":"closed","ping_status":"closed","template":"","meta":{"_acf_changed":false},"product_cat":[506],"product_tag":[],"class_list":{"0":"post-113767","1":"product","2":"type-product","3":"status-publish","4":"has-post-thumbnail","6":"product_cat-zubehor","8":"first","9":"outofstock","10":"sale","11":"taxable","12":"shipping-taxable","13":"purchasable","14":"product-type-simple"},"supplier_id":null,"supplier_sku":"CA-PWM-01","barcode":"4897025780149","atum_controlled":true,"out_stock_date":null,"out_stock_threshold":null,"inheritable":false,"inbound_stock":null,"stock_on_hold":0,"sold_today":0,"sales_last_days":0,"reserved_stock":null,"customer_returns":null,"warehouse_damage":null,"lost_in_post":null,"other_logs":null,"out_stock_days":0,"lost_sales":0,"has_location":false,"update_date":"2026-04-30T01:11:50","atum_locations":[],"atum_stock_status":"outofstock","restock_status":false,"low_stock_amount":"","sales_update_date":"2026-04-30T01:11:50","calc_backorders":null,"acf":[],"yoast_head":"<!-- This site is optimized with the Yoast SEO plugin v27.5 - https:\/\/yoast.com\/product\/yoast-seo-wordpress\/ -->\n<title>PWM Y-KABEL - Gelid Solutions<\/title>\n<meta name=\"robots\" content=\"index, follow, max-snippet:-1, max-image-preview:large, max-video-preview:-1\" \/>\n<link rel=\"canonical\" href=\"https:\/\/gelidsolutions.com\/de\/produkt\/pwm-y-kabel\/\" \/>\n<meta property=\"og:locale\" content=\"de_DE\" \/>\n<meta property=\"og:type\" content=\"article\" \/>\n<meta property=\"og:title\" content=\"PWM Y-KABEL - Gelid Solutions\" \/>\n<meta property=\"og:description\" content=\"Verbindet 2 PWM-L\u00fcfter mit dem L\u00fcfteranschluss oder der L\u00fcftersteuerung Ihres Mainboards. Verwenden Sie die GELID PWM Y-Kabel, um eine Reihe von bis zu 5 PWM-L\u00fcftern anzuschlie\u00dfen und so viel zus\u00e4tzliche K\u00fchlung wie gew\u00fcnscht bereitzustellen.\" \/>\n<meta property=\"og:url\" content=\"https:\/\/gelidsolutions.com\/de\/produkt\/pwm-y-kabel\/\" \/>\n<meta property=\"og:site_name\" content=\"Gelid Solutions\" \/>\n<meta property=\"article:modified_time\" content=\"2022-11-30T13:30:23+00:00\" \/>\n<meta property=\"og:image\" content=\"https:\/\/gelidsolutions.com\/wp-content\/uploads\/2022\/05\/accessories_silent_PWM_Y_CABLE_1.jpg\" \/>\n\t<meta property=\"og:image:width\" content=\"600\" \/>\n\t<meta property=\"og:image:height\" content=\"400\" \/>\n\t<meta property=\"og:image:type\" content=\"image\/jpeg\" \/>\n<meta name=\"twitter:card\" content=\"summary_large_image\" \/>\n<meta name=\"twitter:label1\" content=\"Gesch\u00e4tzte Lesezeit\" \/>\n\t<meta name=\"twitter:data1\" content=\"1\u00a0Minute\" \/>\n<script type=\"application\/ld+json\" class=\"yoast-schema-graph\">{\"@context\":\"https:\\\/\\\/schema.org\",\"@graph\":[{\"@type\":\"WebPage\",\"@id\":\"https:\\\/\\\/gelidsolutions.com\\\/de\\\/produkt\\\/pwm-y-kabel\\\/\",\"url\":\"https:\\\/\\\/gelidsolutions.com\\\/de\\\/produkt\\\/pwm-y-kabel\\\/\",\"name\":\"PWM Y-KABEL - Gelid Solutions\",\"isPartOf\":{\"@id\":\"https:\\\/\\\/gelidsolutions.com\\\/de\\\/#website\"},\"primaryImageOfPage\":{\"@id\":\"https:\\\/\\\/gelidsolutions.com\\\/de\\\/produkt\\\/pwm-y-kabel\\\/#primaryimage\"},\"image\":{\"@id\":\"https:\\\/\\\/gelidsolutions.com\\\/de\\\/produkt\\\/pwm-y-kabel\\\/#primaryimage\"},\"thumbnailUrl\":\"https:\\\/\\\/gelidsolutions.com\\\/wp-content\\\/uploads\\\/2022\\\/05\\\/accessories_silent_PWM_Y_CABLE_1.jpg\",\"datePublished\":\"2020-03-25T15:05:00+00:00\",\"dateModified\":\"2022-11-30T13:30:23+00:00\",\"breadcrumb\":{\"@id\":\"https:\\\/\\\/gelidsolutions.com\\\/de\\\/produkt\\\/pwm-y-kabel\\\/#breadcrumb\"},\"inLanguage\":\"de\",\"potentialAction\":[{\"@type\":\"ReadAction\",\"target\":[\"https:\\\/\\\/gelidsolutions.com\\\/de\\\/produkt\\\/pwm-y-kabel\\\/\"]}]},{\"@type\":\"ImageObject\",\"inLanguage\":\"de\",\"@id\":\"https:\\\/\\\/gelidsolutions.com\\\/de\\\/produkt\\\/pwm-y-kabel\\\/#primaryimage\",\"url\":\"https:\\\/\\\/gelidsolutions.com\\\/wp-content\\\/uploads\\\/2022\\\/05\\\/accessories_silent_PWM_Y_CABLE_1.jpg\",\"contentUrl\":\"https:\\\/\\\/gelidsolutions.com\\\/wp-content\\\/uploads\\\/2022\\\/05\\\/accessories_silent_PWM_Y_CABLE_1.jpg\",\"width\":600,\"height\":400},{\"@type\":\"BreadcrumbList\",\"@id\":\"https:\\\/\\\/gelidsolutions.com\\\/de\\\/produkt\\\/pwm-y-kabel\\\/#breadcrumb\",\"itemListElement\":[{\"@type\":\"ListItem\",\"position\":1,\"name\":\"Home\",\"item\":\"https:\\\/\\\/gelidsolutions.com\\\/de\\\/\"},{\"@type\":\"ListItem\",\"position\":2,\"name\":\"Shop\",\"item\":\"https:\\\/\\\/gelidsolutions.com\\\/shop\\\/\"},{\"@type\":\"ListItem\",\"position\":3,\"name\":\"PWM Y-KABEL\"}]},{\"@type\":\"WebSite\",\"@id\":\"https:\\\/\\\/gelidsolutions.com\\\/de\\\/#website\",\"url\":\"https:\\\/\\\/gelidsolutions.com\\\/de\\\/\",\"name\":\"Gelid Solutions\",\"description\":\"\",\"publisher\":{\"@id\":\"https:\\\/\\\/gelidsolutions.com\\\/de\\\/#organization\"},\"potentialAction\":[{\"@type\":\"SearchAction\",\"target\":{\"@type\":\"EntryPoint\",\"urlTemplate\":\"https:\\\/\\\/gelidsolutions.com\\\/de\\\/?s={search_term_string}\"},\"query-input\":{\"@type\":\"PropertyValueSpecification\",\"valueRequired\":true,\"valueName\":\"search_term_string\"}}],\"inLanguage\":\"de\"},{\"@type\":\"Organization\",\"@id\":\"https:\\\/\\\/gelidsolutions.com\\\/de\\\/#organization\",\"name\":\"Gelid Solutions\",\"url\":\"https:\\\/\\\/gelidsolutions.com\\\/de\\\/\",\"logo\":{\"@type\":\"ImageObject\",\"inLanguage\":\"de\",\"@id\":\"https:\\\/\\\/gelidsolutions.com\\\/de\\\/#\\\/schema\\\/logo\\\/image\\\/\",\"url\":\"https:\\\/\\\/gelidsolutions.com\\\/wp-content\\\/uploads\\\/2022\\\/06\\\/logo_white_104_104.gif\",\"contentUrl\":\"https:\\\/\\\/gelidsolutions.com\\\/wp-content\\\/uploads\\\/2022\\\/06\\\/logo_white_104_104.gif\",\"width\":104,\"height\":104,\"caption\":\"Gelid Solutions\"},\"image\":{\"@id\":\"https:\\\/\\\/gelidsolutions.com\\\/de\\\/#\\\/schema\\\/logo\\\/image\\\/\"}}]}<\/script>\n<!-- \/ Yoast SEO plugin. -->","yoast_head_json":{"title":"PWM Y-KABEL - Gelid Solutions","robots":{"index":"index","follow":"follow","max-snippet":"max-snippet:-1","max-image-preview":"max-image-preview:large","max-video-preview":"max-video-preview:-1"},"canonical":"https:\/\/gelidsolutions.com\/de\/produkt\/pwm-y-kabel\/","og_locale":"de_DE","og_type":"article","og_title":"PWM Y-KABEL - Gelid Solutions","og_description":"Verbindet 2 PWM-L\u00fcfter mit dem L\u00fcfteranschluss oder der L\u00fcftersteuerung Ihres Mainboards. Verwenden Sie die GELID PWM Y-Kabel, um eine Reihe von bis zu 5 PWM-L\u00fcftern anzuschlie\u00dfen und so viel zus\u00e4tzliche K\u00fchlung wie gew\u00fcnscht bereitzustellen.","og_url":"https:\/\/gelidsolutions.com\/de\/produkt\/pwm-y-kabel\/","og_site_name":"Gelid Solutions","article_modified_time":"2022-11-30T13:30:23+00:00","og_image":[{"width":600,"height":400,"url":"https:\/\/gelidsolutions.com\/wp-content\/uploads\/2022\/05\/accessories_silent_PWM_Y_CABLE_1.jpg","type":"image\/jpeg"}],"twitter_card":"summary_large_image","twitter_misc":{"Gesch\u00e4tzte Lesezeit":"1\u00a0Minute"},"schema":{"@context":"https:\/\/schema.org","@graph":[{"@type":"WebPage","@id":"https:\/\/gelidsolutions.com\/de\/produkt\/pwm-y-kabel\/","url":"https:\/\/gelidsolutions.com\/de\/produkt\/pwm-y-kabel\/","name":"PWM Y-KABEL - Gelid Solutions","isPartOf":{"@id":"https:\/\/gelidsolutions.com\/de\/#website"},"primaryImageOfPage":{"@id":"https:\/\/gelidsolutions.com\/de\/produkt\/pwm-y-kabel\/#primaryimage"},"image":{"@id":"https:\/\/gelidsolutions.com\/de\/produkt\/pwm-y-kabel\/#primaryimage"},"thumbnailUrl":"https:\/\/gelidsolutions.com\/wp-content\/uploads\/2022\/05\/accessories_silent_PWM_Y_CABLE_1.jpg","datePublished":"2020-03-25T15:05:00+00:00","dateModified":"2022-11-30T13:30:23+00:00","breadcrumb":{"@id":"https:\/\/gelidsolutions.com\/de\/produkt\/pwm-y-kabel\/#breadcrumb"},"inLanguage":"de","potentialAction":[{"@type":"ReadAction","target":["https:\/\/gelidsolutions.com\/de\/produkt\/pwm-y-kabel\/"]}]},{"@type":"ImageObject","inLanguage":"de","@id":"https:\/\/gelidsolutions.com\/de\/produkt\/pwm-y-kabel\/#primaryimage","url":"https:\/\/gelidsolutions.com\/wp-content\/uploads\/2022\/05\/accessories_silent_PWM_Y_CABLE_1.jpg","contentUrl":"https:\/\/gelidsolutions.com\/wp-content\/uploads\/2022\/05\/accessories_silent_PWM_Y_CABLE_1.jpg","width":600,"height":400},{"@type":"BreadcrumbList","@id":"https:\/\/gelidsolutions.com\/de\/produkt\/pwm-y-kabel\/#breadcrumb","itemListElement":[{"@type":"ListItem","position":1,"name":"Home","item":"https:\/\/gelidsolutions.com\/de\/"},{"@type":"ListItem","position":2,"name":"Shop","item":"https:\/\/gelidsolutions.com\/shop\/"},{"@type":"ListItem","position":3,"name":"PWM Y-KABEL"}]},{"@type":"WebSite","@id":"https:\/\/gelidsolutions.com\/de\/#website","url":"https:\/\/gelidsolutions.com\/de\/","name":"Gelid Solutions","description":"","publisher":{"@id":"https:\/\/gelidsolutions.com\/de\/#organization"},"potentialAction":[{"@type":"SearchAction","target":{"@type":"EntryPoint","urlTemplate":"https:\/\/gelidsolutions.com\/de\/?s={search_term_string}"},"query-input":{"@type":"PropertyValueSpecification","valueRequired":true,"valueName":"search_term_string"}}],"inLanguage":"de"},{"@type":"Organization","@id":"https:\/\/gelidsolutions.com\/de\/#organization","name":"Gelid Solutions","url":"https:\/\/gelidsolutions.com\/de\/","logo":{"@type":"ImageObject","inLanguage":"de","@id":"https:\/\/gelidsolutions.com\/de\/#\/schema\/logo\/image\/","url":"https:\/\/gelidsolutions.com\/wp-content\/uploads\/2022\/06\/logo_white_104_104.gif","contentUrl":"https:\/\/gelidsolutions.com\/wp-content\/uploads\/2022\/06\/logo_white_104_104.gif","width":104,"height":104,"caption":"Gelid Solutions"},"image":{"@id":"https:\/\/gelidsolutions.com\/de\/#\/schema\/logo\/image\/"}}]}},"_links":{"self":[{"href":"https:\/\/gelidsolutions.com\/de\/wp-json\/wp\/v2\/product\/113767","targetHints":{"allow":["GET"]}}],"collection":[{"href":"https:\/\/gelidsolutions.com\/de\/wp-json\/wp\/v2\/product"}],"about":[{"href":"https:\/\/gelidsolutions.com\/de\/wp-json\/wp\/v2\/types\/product"}],"replies":[{"embeddable":true,"href":"https:\/\/gelidsolutions.com\/de\/wp-json\/wp\/v2\/comments?post=113767"}],"wp:featuredmedia":[{"embeddable":true,"href":"https:\/\/gelidsolutions.com\/de\/wp-json\/wp\/v2\/media\/107712"}],"wp:attachment":[{"href":"https:\/\/gelidsolutions.com\/de\/wp-json\/wp\/v2\/media?parent=113767"}],"wp:term":[{"taxonomy":"product_cat","embeddable":true,"href":"https:\/\/gelidsolutions.com\/de\/wp-json\/wp\/v2\/product_cat?post=113767"},{"taxonomy":"product_tag","embeddable":true,"href":"https:\/\/gelidsolutions.com\/de\/wp-json\/wp\/v2\/product_tag?post=113767"}],"curies":[{"name":"wp","href":"https:\/\/api.w.org\/{rel}","templated":true}]}}