{"id":113769,"date":"2016-08-03T06:41:00","date_gmt":"2016-08-03T06:41:00","guid":{"rendered":"https:\/\/localhost\/gelidsolutions\/product\/accessories-rubber-fan-mounts\/"},"modified":"2023-01-03T00:29:40","modified_gmt":"2023-01-02T16:29:40","slug":"accessories-rubber-fan-mounts","status":"publish","type":"product","link":"https:\/\/gelidsolutions.com\/de\/produkt\/accessories-rubber-fan-mounts\/","title":{"rendered":"ANTI-VIBRATIONS-BOLZEN"},"content":{"rendered":"<p><i><b>Anti-Vibrations-Bolzen <\/b>(RB-GR02-B)<\/i><\/p>\n<p>&nbsp;<\/p>\n<p><b><i>Merkmale:<\/i><\/b><\/p>\n<p>&#8211; Hochwertige Materialien gew\u00e4hrleisten eine lange Lebensdauer auch bei hohen Temperaturen<\/p>\n<p>&#8211; Ultra-weiches Gummi bricht und rei\u00dft nicht w\u00e4hrend der Installation<\/p>\n<p>&#8211; Einzigartiges Design passt zu fast allen offenen L\u00fcftergr\u00f6\u00dfen (80mm, 92mm und 120mm) und PC Geh\u00e4usen<\/p>\n<p>&#8211; Schnelle und einfache Installation<\/p>\n<p>&nbsp;<\/p>\n<p><b><i>Passend f\u00fcr:<\/i><\/b><\/p>\n<p>&#8211; Geh\u00e4use L\u00f6cher: 4 &#8211; 5.5 mm Durchmesser<\/p>\n<p>&#8211; L\u00fcfter L\u00f6cher: 4 &#8211; 5.25 mm Durchmesser<\/p>\n<p>&#8211; Geeignet f\u00fcr L\u00fcfter bis zu 120 x 120 x 38 mm (max. Gewicht 300g)<\/p>\n<p>&nbsp;<\/p>\n<p><i>EAN: 4897025780194<\/i><\/p>\n<p>&nbsp;<\/p>\n","protected":false},"excerpt":{"rendered":"<p>Speziell entwickelt, um Vibrationen zu 100% von Ihrem PC-Geh\u00e4use zu entkoppeln. F\u00fcr alle L\u00fcfter und PC-Geh\u00e4use geeignet.<\/p>\n<p>&nbsp;<\/p>\n<table style=\"width: 320px;\">\n<tbody>\n<tr>\n<td style=\"padding: 5px 5px;\">[vc_single_image image=\"30883\" img_size=\"full\" onclick=\"custom_link\" qode_css_animation=\"element_from_fade\" qode_hover_animation=\"zoom_in\" link=\"https:\/\/pixelfy.me\/gelid-rubber-fan-mounts\"]<\/td>\n<td style=\"padding: 5px 5px;\">[vc_single_image image=\"32804\" img_size=\"full\" onclick=\"custom_link\" qode_css_animation=\"element_from_fade\" qode_hover_animation=\"zoom_in\" link=\"https:\/\/gelidstore.com\/collections\/accessories\/products\/rubber-fan-mounts\"]<\/td>\n<\/tr>\n<\/tbody>\n<\/table>\n<p>&nbsp;<\/p>\n","protected":false},"featured_media":122542,"comment_status":"closed","ping_status":"closed","template":"","meta":{"_acf_changed":false},"product_cat":[305,319,318],"product_tag":[458],"class_list":{"0":"post-113769","1":"product","2":"type-product","3":"status-publish","4":"has-post-thumbnail","6":"product_cat-kuehlloesungen","7":"product_cat-silent-zubehoer","8":"product_cat-zubehoer","9":"product_tag-silent-accessories-2","11":"first","12":"instock","13":"taxable","14":"shipping-taxable","15":"product-type-simple"},"supplier_id":null,"supplier_sku":"","barcode":null,"atum_controlled":true,"out_stock_date":null,"out_stock_threshold":null,"inheritable":false,"inbound_stock":null,"stock_on_hold":0,"sold_today":0,"sales_last_days":0,"reserved_stock":null,"customer_returns":null,"warehouse_damage":null,"lost_in_post":null,"other_logs":null,"out_stock_days":0,"lost_sales":0,"has_location":false,"update_date":"2026-05-15T00:02:50","atum_locations":[],"atum_stock_status":"instock","restock_status":false,"low_stock_amount":"","sales_update_date":"2026-05-15T00:02:50","calc_backorders":null,"acf":[],"yoast_head":"<!-- This site is optimized with the Yoast SEO plugin v27.6 - https:\/\/yoast.com\/product\/yoast-seo-wordpress\/ -->\n<title>ANTI-VIBRATIONS-BOLZEN - Gelid Solutions<\/title>\n<meta name=\"robots\" content=\"index, follow, max-snippet:-1, max-image-preview:large, max-video-preview:-1\" \/>\n<link rel=\"canonical\" href=\"https:\/\/gelidsolutions.com\/de\/produkt\/accessories-rubber-fan-mounts\/\" \/>\n<meta property=\"og:locale\" content=\"de_DE\" \/>\n<meta property=\"og:type\" content=\"article\" \/>\n<meta property=\"og:title\" content=\"ANTI-VIBRATIONS-BOLZEN - Gelid Solutions\" \/>\n<meta property=\"og:description\" content=\"Speziell entwickelt, um Vibrationen zu 100% von Ihrem PC-Geh\u00e4use zu entkoppeln. F\u00fcr alle L\u00fcfter und PC-Geh\u00e4use geeignet.  &nbsp;         &nbsp;\" \/>\n<meta property=\"og:url\" content=\"https:\/\/gelidsolutions.com\/de\/produkt\/accessories-rubber-fan-mounts\/\" \/>\n<meta property=\"og:site_name\" content=\"Gelid Solutions\" \/>\n<meta property=\"article:modified_time\" content=\"2023-01-02T16:29:40+00:00\" \/>\n<meta property=\"og:image\" content=\"https:\/\/gelidsolutions.com\/wp-content\/uploads\/2016\/08\/accessories_silent_RUBBER_FAN_MOUNTS_1.png\" \/>\n\t<meta property=\"og:image:width\" content=\"600\" \/>\n\t<meta property=\"og:image:height\" content=\"400\" \/>\n\t<meta property=\"og:image:type\" content=\"image\/png\" \/>\n<meta name=\"twitter:card\" content=\"summary_large_image\" \/>\n<meta name=\"twitter:label1\" content=\"Gesch\u00e4tzte Lesezeit\" \/>\n\t<meta name=\"twitter:data1\" content=\"1\u00a0Minute\" \/>\n<script type=\"application\/ld+json\" class=\"yoast-schema-graph\">{\"@context\":\"https:\\\/\\\/schema.org\",\"@graph\":[{\"@type\":\"WebPage\",\"@id\":\"https:\\\/\\\/gelidsolutions.com\\\/de\\\/produkt\\\/accessories-rubber-fan-mounts\\\/\",\"url\":\"https:\\\/\\\/gelidsolutions.com\\\/de\\\/produkt\\\/accessories-rubber-fan-mounts\\\/\",\"name\":\"ANTI-VIBRATIONS-BOLZEN - Gelid Solutions\",\"isPartOf\":{\"@id\":\"https:\\\/\\\/gelidsolutions.com\\\/de\\\/#website\"},\"primaryImageOfPage\":{\"@id\":\"https:\\\/\\\/gelidsolutions.com\\\/de\\\/produkt\\\/accessories-rubber-fan-mounts\\\/#primaryimage\"},\"image\":{\"@id\":\"https:\\\/\\\/gelidsolutions.com\\\/de\\\/produkt\\\/accessories-rubber-fan-mounts\\\/#primaryimage\"},\"thumbnailUrl\":\"https:\\\/\\\/gelidsolutions.com\\\/wp-content\\\/uploads\\\/2016\\\/08\\\/accessories_silent_RUBBER_FAN_MOUNTS_1.png\",\"datePublished\":\"2016-08-03T06:41:00+00:00\",\"dateModified\":\"2023-01-02T16:29:40+00:00\",\"breadcrumb\":{\"@id\":\"https:\\\/\\\/gelidsolutions.com\\\/de\\\/produkt\\\/accessories-rubber-fan-mounts\\\/#breadcrumb\"},\"inLanguage\":\"de\",\"potentialAction\":[{\"@type\":\"ReadAction\",\"target\":[\"https:\\\/\\\/gelidsolutions.com\\\/de\\\/produkt\\\/accessories-rubber-fan-mounts\\\/\"]}]},{\"@type\":\"ImageObject\",\"inLanguage\":\"de\",\"@id\":\"https:\\\/\\\/gelidsolutions.com\\\/de\\\/produkt\\\/accessories-rubber-fan-mounts\\\/#primaryimage\",\"url\":\"https:\\\/\\\/gelidsolutions.com\\\/wp-content\\\/uploads\\\/2016\\\/08\\\/accessories_silent_RUBBER_FAN_MOUNTS_1.png\",\"contentUrl\":\"https:\\\/\\\/gelidsolutions.com\\\/wp-content\\\/uploads\\\/2016\\\/08\\\/accessories_silent_RUBBER_FAN_MOUNTS_1.png\",\"width\":600,\"height\":400},{\"@type\":\"BreadcrumbList\",\"@id\":\"https:\\\/\\\/gelidsolutions.com\\\/de\\\/produkt\\\/accessories-rubber-fan-mounts\\\/#breadcrumb\",\"itemListElement\":[{\"@type\":\"ListItem\",\"position\":1,\"name\":\"Home\",\"item\":\"https:\\\/\\\/gelidsolutions.com\\\/de\\\/\"},{\"@type\":\"ListItem\",\"position\":2,\"name\":\"Shop\",\"item\":\"https:\\\/\\\/gelidsolutions.com\\\/shop\\\/\"},{\"@type\":\"ListItem\",\"position\":3,\"name\":\"ANTI-VIBRATIONS-BOLZEN\"}]},{\"@type\":\"WebSite\",\"@id\":\"https:\\\/\\\/gelidsolutions.com\\\/de\\\/#website\",\"url\":\"https:\\\/\\\/gelidsolutions.com\\\/de\\\/\",\"name\":\"Gelid Solutions\",\"description\":\"\",\"publisher\":{\"@id\":\"https:\\\/\\\/gelidsolutions.com\\\/de\\\/#organization\"},\"potentialAction\":[{\"@type\":\"SearchAction\",\"target\":{\"@type\":\"EntryPoint\",\"urlTemplate\":\"https:\\\/\\\/gelidsolutions.com\\\/de\\\/?s={search_term_string}\"},\"query-input\":{\"@type\":\"PropertyValueSpecification\",\"valueRequired\":true,\"valueName\":\"search_term_string\"}}],\"inLanguage\":\"de\"},{\"@type\":\"Organization\",\"@id\":\"https:\\\/\\\/gelidsolutions.com\\\/de\\\/#organization\",\"name\":\"Gelid Solutions\",\"url\":\"https:\\\/\\\/gelidsolutions.com\\\/de\\\/\",\"logo\":{\"@type\":\"ImageObject\",\"inLanguage\":\"de\",\"@id\":\"https:\\\/\\\/gelidsolutions.com\\\/de\\\/#\\\/schema\\\/logo\\\/image\\\/\",\"url\":\"https:\\\/\\\/gelidsolutions.com\\\/wp-content\\\/uploads\\\/2022\\\/06\\\/logo_white_104_104.gif\",\"contentUrl\":\"https:\\\/\\\/gelidsolutions.com\\\/wp-content\\\/uploads\\\/2022\\\/06\\\/logo_white_104_104.gif\",\"width\":104,\"height\":104,\"caption\":\"Gelid Solutions\"},\"image\":{\"@id\":\"https:\\\/\\\/gelidsolutions.com\\\/de\\\/#\\\/schema\\\/logo\\\/image\\\/\"}}]}<\/script>\n<!-- \/ Yoast SEO plugin. -->","yoast_head_json":{"title":"ANTI-VIBRATIONS-BOLZEN - Gelid Solutions","robots":{"index":"index","follow":"follow","max-snippet":"max-snippet:-1","max-image-preview":"max-image-preview:large","max-video-preview":"max-video-preview:-1"},"canonical":"https:\/\/gelidsolutions.com\/de\/produkt\/accessories-rubber-fan-mounts\/","og_locale":"de_DE","og_type":"article","og_title":"ANTI-VIBRATIONS-BOLZEN - Gelid Solutions","og_description":"Speziell entwickelt, um Vibrationen zu 100% von Ihrem PC-Geh\u00e4use zu entkoppeln. F\u00fcr alle L\u00fcfter und PC-Geh\u00e4use geeignet.  &nbsp;         &nbsp;","og_url":"https:\/\/gelidsolutions.com\/de\/produkt\/accessories-rubber-fan-mounts\/","og_site_name":"Gelid Solutions","article_modified_time":"2023-01-02T16:29:40+00:00","og_image":[{"width":600,"height":400,"url":"https:\/\/gelidsolutions.com\/wp-content\/uploads\/2016\/08\/accessories_silent_RUBBER_FAN_MOUNTS_1.png","type":"image\/png"}],"twitter_card":"summary_large_image","twitter_misc":{"Gesch\u00e4tzte Lesezeit":"1\u00a0Minute"},"schema":{"@context":"https:\/\/schema.org","@graph":[{"@type":"WebPage","@id":"https:\/\/gelidsolutions.com\/de\/produkt\/accessories-rubber-fan-mounts\/","url":"https:\/\/gelidsolutions.com\/de\/produkt\/accessories-rubber-fan-mounts\/","name":"ANTI-VIBRATIONS-BOLZEN - Gelid Solutions","isPartOf":{"@id":"https:\/\/gelidsolutions.com\/de\/#website"},"primaryImageOfPage":{"@id":"https:\/\/gelidsolutions.com\/de\/produkt\/accessories-rubber-fan-mounts\/#primaryimage"},"image":{"@id":"https:\/\/gelidsolutions.com\/de\/produkt\/accessories-rubber-fan-mounts\/#primaryimage"},"thumbnailUrl":"https:\/\/gelidsolutions.com\/wp-content\/uploads\/2016\/08\/accessories_silent_RUBBER_FAN_MOUNTS_1.png","datePublished":"2016-08-03T06:41:00+00:00","dateModified":"2023-01-02T16:29:40+00:00","breadcrumb":{"@id":"https:\/\/gelidsolutions.com\/de\/produkt\/accessories-rubber-fan-mounts\/#breadcrumb"},"inLanguage":"de","potentialAction":[{"@type":"ReadAction","target":["https:\/\/gelidsolutions.com\/de\/produkt\/accessories-rubber-fan-mounts\/"]}]},{"@type":"ImageObject","inLanguage":"de","@id":"https:\/\/gelidsolutions.com\/de\/produkt\/accessories-rubber-fan-mounts\/#primaryimage","url":"https:\/\/gelidsolutions.com\/wp-content\/uploads\/2016\/08\/accessories_silent_RUBBER_FAN_MOUNTS_1.png","contentUrl":"https:\/\/gelidsolutions.com\/wp-content\/uploads\/2016\/08\/accessories_silent_RUBBER_FAN_MOUNTS_1.png","width":600,"height":400},{"@type":"BreadcrumbList","@id":"https:\/\/gelidsolutions.com\/de\/produkt\/accessories-rubber-fan-mounts\/#breadcrumb","itemListElement":[{"@type":"ListItem","position":1,"name":"Home","item":"https:\/\/gelidsolutions.com\/de\/"},{"@type":"ListItem","position":2,"name":"Shop","item":"https:\/\/gelidsolutions.com\/shop\/"},{"@type":"ListItem","position":3,"name":"ANTI-VIBRATIONS-BOLZEN"}]},{"@type":"WebSite","@id":"https:\/\/gelidsolutions.com\/de\/#website","url":"https:\/\/gelidsolutions.com\/de\/","name":"Gelid Solutions","description":"","publisher":{"@id":"https:\/\/gelidsolutions.com\/de\/#organization"},"potentialAction":[{"@type":"SearchAction","target":{"@type":"EntryPoint","urlTemplate":"https:\/\/gelidsolutions.com\/de\/?s={search_term_string}"},"query-input":{"@type":"PropertyValueSpecification","valueRequired":true,"valueName":"search_term_string"}}],"inLanguage":"de"},{"@type":"Organization","@id":"https:\/\/gelidsolutions.com\/de\/#organization","name":"Gelid Solutions","url":"https:\/\/gelidsolutions.com\/de\/","logo":{"@type":"ImageObject","inLanguage":"de","@id":"https:\/\/gelidsolutions.com\/de\/#\/schema\/logo\/image\/","url":"https:\/\/gelidsolutions.com\/wp-content\/uploads\/2022\/06\/logo_white_104_104.gif","contentUrl":"https:\/\/gelidsolutions.com\/wp-content\/uploads\/2022\/06\/logo_white_104_104.gif","width":104,"height":104,"caption":"Gelid Solutions"},"image":{"@id":"https:\/\/gelidsolutions.com\/de\/#\/schema\/logo\/image\/"}}]}},"_links":{"self":[{"href":"https:\/\/gelidsolutions.com\/de\/wp-json\/wp\/v2\/product\/113769","targetHints":{"allow":["GET"]}}],"collection":[{"href":"https:\/\/gelidsolutions.com\/de\/wp-json\/wp\/v2\/product"}],"about":[{"href":"https:\/\/gelidsolutions.com\/de\/wp-json\/wp\/v2\/types\/product"}],"replies":[{"embeddable":true,"href":"https:\/\/gelidsolutions.com\/de\/wp-json\/wp\/v2\/comments?post=113769"}],"wp:featuredmedia":[{"embeddable":true,"href":"https:\/\/gelidsolutions.com\/de\/wp-json\/wp\/v2\/media\/122542"}],"wp:attachment":[{"href":"https:\/\/gelidsolutions.com\/de\/wp-json\/wp\/v2\/media?parent=113769"}],"wp:term":[{"taxonomy":"product_cat","embeddable":true,"href":"https:\/\/gelidsolutions.com\/de\/wp-json\/wp\/v2\/product_cat?post=113769"},{"taxonomy":"product_tag","embeddable":true,"href":"https:\/\/gelidsolutions.com\/de\/wp-json\/wp\/v2\/product_tag?post=113769"}],"curies":[{"name":"wp","href":"https:\/\/api.w.org\/{rel}","templated":true}]}}