{"id":113774,"date":"2016-08-02T06:46:00","date_gmt":"2016-08-02T06:46:00","guid":{"rendered":"https:\/\/localhost\/gelidsolutions\/product\/wing-12-uv-blue-multipack\/"},"modified":"2022-06-18T06:45:56","modified_gmt":"2022-06-18T06:45:56","slug":"wing-12-uv-blue-multipack","status":"publish","type":"product","link":"https:\/\/gelidsolutions.com\/de\/produkt\/wing-12-uv-blue-multipack\/","title":{"rendered":"WING 12 UV BLUE MULTIPACK"},"content":{"rendered":"<p><b><i>WING 12 (<\/i><\/b><i>FN-FW1204-15)<br \/>\n120mm Gamer L\u00fcfter<\/i><\/p>\n<p>&nbsp;<\/p>\n<p>Die WING Geh\u00e4usel\u00fcfter sind in Premium-Qualit\u00e4t, UV-reaktiv, ultra-leise-, staub- und wasserdichte L\u00fcfter f\u00fcr Gamer. Diese Serie verf\u00fcgt \u00fcber ein Lager mit einzigartigem patentiertem Design, Winglet L\u00fcfterbl\u00e4ttern und niedrigen Spannung. Nur hochwertige Materialien werden verwendet f\u00fcr die Herstellung dieser State-of-the-art-L\u00fcfter. Steuerung der L\u00fcfter nach Ihrem Wunsch mit Hilfe der mitgelieferten Spannungsregler. Mithilfe der Silence-L\u00fcfter-Schrauben ersetzen sie herk\u00f6mmliche Schrauben. Die Schrauben sind aus hochwertigem, ultraweichem Silikon, das Vibrationen aus dem L\u00fcftermotor nicht an das PC-Geh\u00e4use weiterleitet.<\/p>\n<p>&nbsp;<\/p>\n<p><b><i>Nanoflux Kugellager\u00a0 <\/i><\/b><br \/>\nPatentierte Nanoflux Lager mit einem cleveren, magnetischen Design, sehr hoher Pr\u00e4zision bei der Herstellung und l\u00e4uft reibungslos und arbeitet ger\u00e4uschlos. Elektromagnetische Felder werden genutzt, um feste Teile unber\u00fchrt zu lassen. Die Last wird von einem magnetischen Feld getragen.<\/p>\n<p>&nbsp;<\/p>\n<p><i><b>Die wichtigsten Features von Nanoflux-Lagern<\/b><\/i><br \/>\nDie Nano-Composite-Technologie sorgt f\u00fcr geringste Abnutzung und extreme Haltbarkeit (100.000 Stunden). Im Vergleich zu anderen Magnetlagern erm\u00f6glicht diese Technologie das Laufrad zu l\u00f6sen und damit k\u00f6nnen die Fan-Blades problemlos gereinigt werden.<\/p>\n<p>&nbsp;<\/p>\n<p><i><b>UVP: USD 65.00<\/b><\/i><\/p>\n","protected":false},"excerpt":{"rendered":"<p><b>Merkmale<\/b><\/p>\n<p>\u25cf Nanoflux Bearing (NFB)<br \/>\n\u25cf Abnehmbares &amp; optimiertes L\u00fcfterrad<br \/>\n\u25cf Wasser- und staubdicht<br \/>\n\u25cf Lebenszeit (100&#8217;000 h MTTF bei 40\u00b0C)<\/p>\n","protected":false},"featured_media":108667,"comment_status":"closed","ping_status":"closed","template":"","meta":{"_acf_changed":false},"product_cat":[321],"product_tag":[],"class_list":{"0":"post-113774","1":"product","2":"type-product","3":"status-publish","4":"has-post-thumbnail","6":"product_cat-gamer-luefter-archiv","8":"first","9":"outofstock","10":"taxable","11":"shipping-taxable","12":"purchasable","13":"product-type-simple"},"supplier_id":null,"supplier_sku":"","barcode":null,"atum_controlled":true,"out_stock_date":"2022-07-12 14:18:00","out_stock_threshold":null,"inheritable":false,"inbound_stock":null,"stock_on_hold":0,"sold_today":0,"sales_last_days":0,"reserved_stock":null,"customer_returns":null,"warehouse_damage":null,"lost_in_post":null,"other_logs":null,"out_stock_days":1361,"lost_sales":0,"has_location":false,"update_date":"2026-04-04T00:03:37","atum_locations":[],"atum_stock_status":"outofstock","restock_status":false,"low_stock_amount":"","sales_update_date":"2026-04-04T00:03:37","calc_backorders":null,"acf":[],"yoast_head":"<!-- This site is optimized with the Yoast SEO plugin v27.3 - https:\/\/yoast.com\/product\/yoast-seo-wordpress\/ -->\n<title>WING 12 UV BLUE MULTIPACK - Gelid Solutions<\/title>\n<meta name=\"robots\" content=\"index, follow, max-snippet:-1, max-image-preview:large, max-video-preview:-1\" \/>\n<link rel=\"canonical\" href=\"https:\/\/gelidsolutions.com\/de\/produkt\/wing-12-uv-blue-multipack\/\" \/>\n<meta property=\"og:locale\" content=\"de_DE\" \/>\n<meta property=\"og:type\" content=\"article\" \/>\n<meta property=\"og:title\" content=\"WING 12 UV BLUE MULTIPACK - Gelid Solutions\" \/>\n<meta property=\"og:description\" content=\"Merkmale  \u25cf Nanoflux Bearing (NFB) \u25cf Abnehmbares &amp; optimiertes L\u00fcfterrad \u25cf Wasser- und staubdicht \u25cf Lebenszeit (100&#039;000 h MTTF bei 40\u00b0C)\" \/>\n<meta property=\"og:url\" content=\"https:\/\/gelidsolutions.com\/de\/produkt\/wing-12-uv-blue-multipack\/\" \/>\n<meta property=\"og:site_name\" content=\"Gelid Solutions\" \/>\n<meta property=\"article:modified_time\" content=\"2022-06-18T06:45:56+00:00\" \/>\n<meta property=\"og:image\" content=\"https:\/\/gelidsolutions.com\/wp-content\/uploads\/2022\/05\/case_fan_gamer_WING_12_UV_BLUE_MULTIPACK_1.jpg\" \/>\n\t<meta property=\"og:image:width\" content=\"600\" \/>\n\t<meta property=\"og:image:height\" content=\"400\" \/>\n\t<meta property=\"og:image:type\" content=\"image\/jpeg\" \/>\n<meta name=\"twitter:card\" content=\"summary_large_image\" \/>\n<meta name=\"twitter:label1\" content=\"Gesch\u00e4tzte Lesezeit\" \/>\n\t<meta name=\"twitter:data1\" content=\"1\u00a0Minute\" \/>\n<script type=\"application\/ld+json\" class=\"yoast-schema-graph\">{\"@context\":\"https:\\\/\\\/schema.org\",\"@graph\":[{\"@type\":\"WebPage\",\"@id\":\"https:\\\/\\\/gelidsolutions.com\\\/de\\\/produkt\\\/wing-12-uv-blue-multipack\\\/\",\"url\":\"https:\\\/\\\/gelidsolutions.com\\\/de\\\/produkt\\\/wing-12-uv-blue-multipack\\\/\",\"name\":\"WING 12 UV BLUE MULTIPACK - Gelid Solutions\",\"isPartOf\":{\"@id\":\"https:\\\/\\\/gelidsolutions.com\\\/de\\\/#website\"},\"primaryImageOfPage\":{\"@id\":\"https:\\\/\\\/gelidsolutions.com\\\/de\\\/produkt\\\/wing-12-uv-blue-multipack\\\/#primaryimage\"},\"image\":{\"@id\":\"https:\\\/\\\/gelidsolutions.com\\\/de\\\/produkt\\\/wing-12-uv-blue-multipack\\\/#primaryimage\"},\"thumbnailUrl\":\"https:\\\/\\\/gelidsolutions.com\\\/wp-content\\\/uploads\\\/2022\\\/05\\\/case_fan_gamer_WING_12_UV_BLUE_MULTIPACK_1.jpg\",\"datePublished\":\"2016-08-02T06:46:00+00:00\",\"dateModified\":\"2022-06-18T06:45:56+00:00\",\"breadcrumb\":{\"@id\":\"https:\\\/\\\/gelidsolutions.com\\\/de\\\/produkt\\\/wing-12-uv-blue-multipack\\\/#breadcrumb\"},\"inLanguage\":\"de\",\"potentialAction\":[{\"@type\":\"ReadAction\",\"target\":[\"https:\\\/\\\/gelidsolutions.com\\\/de\\\/produkt\\\/wing-12-uv-blue-multipack\\\/\"]}]},{\"@type\":\"ImageObject\",\"inLanguage\":\"de\",\"@id\":\"https:\\\/\\\/gelidsolutions.com\\\/de\\\/produkt\\\/wing-12-uv-blue-multipack\\\/#primaryimage\",\"url\":\"https:\\\/\\\/gelidsolutions.com\\\/wp-content\\\/uploads\\\/2022\\\/05\\\/case_fan_gamer_WING_12_UV_BLUE_MULTIPACK_1.jpg\",\"contentUrl\":\"https:\\\/\\\/gelidsolutions.com\\\/wp-content\\\/uploads\\\/2022\\\/05\\\/case_fan_gamer_WING_12_UV_BLUE_MULTIPACK_1.jpg\",\"width\":600,\"height\":400},{\"@type\":\"BreadcrumbList\",\"@id\":\"https:\\\/\\\/gelidsolutions.com\\\/de\\\/produkt\\\/wing-12-uv-blue-multipack\\\/#breadcrumb\",\"itemListElement\":[{\"@type\":\"ListItem\",\"position\":1,\"name\":\"Home\",\"item\":\"https:\\\/\\\/gelidsolutions.com\\\/de\\\/\"},{\"@type\":\"ListItem\",\"position\":2,\"name\":\"Shop\",\"item\":\"https:\\\/\\\/gelidsolutions.com\\\/shop\\\/\"},{\"@type\":\"ListItem\",\"position\":3,\"name\":\"WING 12 UV BLUE MULTIPACK\"}]},{\"@type\":\"WebSite\",\"@id\":\"https:\\\/\\\/gelidsolutions.com\\\/de\\\/#website\",\"url\":\"https:\\\/\\\/gelidsolutions.com\\\/de\\\/\",\"name\":\"Gelid Solutions\",\"description\":\"\",\"publisher\":{\"@id\":\"https:\\\/\\\/gelidsolutions.com\\\/de\\\/#organization\"},\"potentialAction\":[{\"@type\":\"SearchAction\",\"target\":{\"@type\":\"EntryPoint\",\"urlTemplate\":\"https:\\\/\\\/gelidsolutions.com\\\/de\\\/?s={search_term_string}\"},\"query-input\":{\"@type\":\"PropertyValueSpecification\",\"valueRequired\":true,\"valueName\":\"search_term_string\"}}],\"inLanguage\":\"de\"},{\"@type\":\"Organization\",\"@id\":\"https:\\\/\\\/gelidsolutions.com\\\/de\\\/#organization\",\"name\":\"Gelid Solutions\",\"url\":\"https:\\\/\\\/gelidsolutions.com\\\/de\\\/\",\"logo\":{\"@type\":\"ImageObject\",\"inLanguage\":\"de\",\"@id\":\"https:\\\/\\\/gelidsolutions.com\\\/de\\\/#\\\/schema\\\/logo\\\/image\\\/\",\"url\":\"https:\\\/\\\/gelidsolutions.com\\\/wp-content\\\/uploads\\\/2022\\\/06\\\/logo_white_104_104.gif\",\"contentUrl\":\"https:\\\/\\\/gelidsolutions.com\\\/wp-content\\\/uploads\\\/2022\\\/06\\\/logo_white_104_104.gif\",\"width\":104,\"height\":104,\"caption\":\"Gelid Solutions\"},\"image\":{\"@id\":\"https:\\\/\\\/gelidsolutions.com\\\/de\\\/#\\\/schema\\\/logo\\\/image\\\/\"}}]}<\/script>\n<!-- \/ Yoast SEO plugin. -->","yoast_head_json":{"title":"WING 12 UV BLUE MULTIPACK - Gelid Solutions","robots":{"index":"index","follow":"follow","max-snippet":"max-snippet:-1","max-image-preview":"max-image-preview:large","max-video-preview":"max-video-preview:-1"},"canonical":"https:\/\/gelidsolutions.com\/de\/produkt\/wing-12-uv-blue-multipack\/","og_locale":"de_DE","og_type":"article","og_title":"WING 12 UV BLUE MULTIPACK - Gelid Solutions","og_description":"Merkmale  \u25cf Nanoflux Bearing (NFB) \u25cf Abnehmbares &amp; optimiertes L\u00fcfterrad \u25cf Wasser- und staubdicht \u25cf Lebenszeit (100'000 h MTTF bei 40\u00b0C)","og_url":"https:\/\/gelidsolutions.com\/de\/produkt\/wing-12-uv-blue-multipack\/","og_site_name":"Gelid Solutions","article_modified_time":"2022-06-18T06:45:56+00:00","og_image":[{"width":600,"height":400,"url":"https:\/\/gelidsolutions.com\/wp-content\/uploads\/2022\/05\/case_fan_gamer_WING_12_UV_BLUE_MULTIPACK_1.jpg","type":"image\/jpeg"}],"twitter_card":"summary_large_image","twitter_misc":{"Gesch\u00e4tzte Lesezeit":"1\u00a0Minute"},"schema":{"@context":"https:\/\/schema.org","@graph":[{"@type":"WebPage","@id":"https:\/\/gelidsolutions.com\/de\/produkt\/wing-12-uv-blue-multipack\/","url":"https:\/\/gelidsolutions.com\/de\/produkt\/wing-12-uv-blue-multipack\/","name":"WING 12 UV BLUE MULTIPACK - Gelid Solutions","isPartOf":{"@id":"https:\/\/gelidsolutions.com\/de\/#website"},"primaryImageOfPage":{"@id":"https:\/\/gelidsolutions.com\/de\/produkt\/wing-12-uv-blue-multipack\/#primaryimage"},"image":{"@id":"https:\/\/gelidsolutions.com\/de\/produkt\/wing-12-uv-blue-multipack\/#primaryimage"},"thumbnailUrl":"https:\/\/gelidsolutions.com\/wp-content\/uploads\/2022\/05\/case_fan_gamer_WING_12_UV_BLUE_MULTIPACK_1.jpg","datePublished":"2016-08-02T06:46:00+00:00","dateModified":"2022-06-18T06:45:56+00:00","breadcrumb":{"@id":"https:\/\/gelidsolutions.com\/de\/produkt\/wing-12-uv-blue-multipack\/#breadcrumb"},"inLanguage":"de","potentialAction":[{"@type":"ReadAction","target":["https:\/\/gelidsolutions.com\/de\/produkt\/wing-12-uv-blue-multipack\/"]}]},{"@type":"ImageObject","inLanguage":"de","@id":"https:\/\/gelidsolutions.com\/de\/produkt\/wing-12-uv-blue-multipack\/#primaryimage","url":"https:\/\/gelidsolutions.com\/wp-content\/uploads\/2022\/05\/case_fan_gamer_WING_12_UV_BLUE_MULTIPACK_1.jpg","contentUrl":"https:\/\/gelidsolutions.com\/wp-content\/uploads\/2022\/05\/case_fan_gamer_WING_12_UV_BLUE_MULTIPACK_1.jpg","width":600,"height":400},{"@type":"BreadcrumbList","@id":"https:\/\/gelidsolutions.com\/de\/produkt\/wing-12-uv-blue-multipack\/#breadcrumb","itemListElement":[{"@type":"ListItem","position":1,"name":"Home","item":"https:\/\/gelidsolutions.com\/de\/"},{"@type":"ListItem","position":2,"name":"Shop","item":"https:\/\/gelidsolutions.com\/shop\/"},{"@type":"ListItem","position":3,"name":"WING 12 UV BLUE MULTIPACK"}]},{"@type":"WebSite","@id":"https:\/\/gelidsolutions.com\/de\/#website","url":"https:\/\/gelidsolutions.com\/de\/","name":"Gelid Solutions","description":"","publisher":{"@id":"https:\/\/gelidsolutions.com\/de\/#organization"},"potentialAction":[{"@type":"SearchAction","target":{"@type":"EntryPoint","urlTemplate":"https:\/\/gelidsolutions.com\/de\/?s={search_term_string}"},"query-input":{"@type":"PropertyValueSpecification","valueRequired":true,"valueName":"search_term_string"}}],"inLanguage":"de"},{"@type":"Organization","@id":"https:\/\/gelidsolutions.com\/de\/#organization","name":"Gelid Solutions","url":"https:\/\/gelidsolutions.com\/de\/","logo":{"@type":"ImageObject","inLanguage":"de","@id":"https:\/\/gelidsolutions.com\/de\/#\/schema\/logo\/image\/","url":"https:\/\/gelidsolutions.com\/wp-content\/uploads\/2022\/06\/logo_white_104_104.gif","contentUrl":"https:\/\/gelidsolutions.com\/wp-content\/uploads\/2022\/06\/logo_white_104_104.gif","width":104,"height":104,"caption":"Gelid Solutions"},"image":{"@id":"https:\/\/gelidsolutions.com\/de\/#\/schema\/logo\/image\/"}}]}},"_links":{"self":[{"href":"https:\/\/gelidsolutions.com\/de\/wp-json\/wp\/v2\/product\/113774","targetHints":{"allow":["GET"]}}],"collection":[{"href":"https:\/\/gelidsolutions.com\/de\/wp-json\/wp\/v2\/product"}],"about":[{"href":"https:\/\/gelidsolutions.com\/de\/wp-json\/wp\/v2\/types\/product"}],"replies":[{"embeddable":true,"href":"https:\/\/gelidsolutions.com\/de\/wp-json\/wp\/v2\/comments?post=113774"}],"wp:featuredmedia":[{"embeddable":true,"href":"https:\/\/gelidsolutions.com\/de\/wp-json\/wp\/v2\/media\/108667"}],"wp:attachment":[{"href":"https:\/\/gelidsolutions.com\/de\/wp-json\/wp\/v2\/media?parent=113774"}],"wp:term":[{"taxonomy":"product_cat","embeddable":true,"href":"https:\/\/gelidsolutions.com\/de\/wp-json\/wp\/v2\/product_cat?post=113774"},{"taxonomy":"product_tag","embeddable":true,"href":"https:\/\/gelidsolutions.com\/de\/wp-json\/wp\/v2\/product_tag?post=113774"}],"curies":[{"name":"wp","href":"https:\/\/api.w.org\/{rel}","templated":true}]}}