{"id":113775,"date":"2016-08-03T06:23:00","date_gmt":"2016-08-03T06:23:00","guid":{"rendered":"https:\/\/localhost\/gelidsolutions\/product\/wing-12-pl-green\/"},"modified":"2022-06-17T16:00:28","modified_gmt":"2022-06-17T16:00:28","slug":"wing-12-pl-green","status":"publish","type":"product","link":"https:\/\/gelidsolutions.com\/de\/produkt\/wing-12-pl-green\/","title":{"rendered":"WING 12 PL GREEN"},"content":{"rendered":"<p><b><i>WING 12 PL (FN-FW12PL-18)<\/i><\/b><i><br \/>\nLeiser 120mm PWM L\u03cbfter mit LED<\/i><\/p>\n<p>&nbsp;<\/p>\n<p>Die WING 12PL verf\u03cbgt \u03cbber ein einzigartiges Nanoflux Lager, das eine reibungslose und leise Operation erm\u00f6glicht. Dank dem intelligentem Design und magnetischem Lager kann man das L\u00fcfterrad zum Reinigungszweck abnehmen. Dazu sind gebogene Fl\u00fcgelspitzen an jedem Fl\u00fcgel kreiert, um einen gr\u00f6sseren Luftstrom und einen h\u00f6heren statischen Druck zu erzielen.<br \/>\n<b><i><br \/>\na) Die wichtigsten Merkmale von Nanoflux-Lager<\/i><\/b><br \/>\nDie Nano-Composite-Technologie sorgt f\u00fcr geringste Abnutzung und extreme Haltbarkeit (100.000 Stunden). Im Vergleich zu anderen Magnetlagern erm\u00f6glicht diese Technologie das Laufrad zu l\u00f6sen und damit k\u00f6nnen die Fan-Blades problemlos gereinigt werden.<br \/>\n<img loading=\"lazy\" decoding=\"async\" src=\"https:\/\/gelidsolutions.com\/clients\/gelid\/userfiles\/image\/gamer-bearing_set_280_200(3).gif\" alt=\"\" width=\"280\" height=\"200\" border=\"0\" \/><br \/>\nBildlegende: Das Material der Nanoflux Lagers ist selbstschmierend<\/p>\n<p>&nbsp;<\/p>\n<p><b><i>b) Nanoflux Bearing (NFB), verglichen mit H\u00fclse und Kugellager<\/i><\/b><br \/>\nAuch wenn konventionelle H\u00fclse und Kugellager den Markt derzeit dominieren ,haben sie ihre Nachteile. W\u00e4hrend Gleitlager eine sehr niedrige Ger\u00e4uschemissionen haben und sehr kosteng\u00fcnstig sind, neigen sie dazu, auf \u00d6l Lecks. Sobald das \u00d6l einmal herausl\u00e4uft, kann der L\u00fcfter nicht mehr funktionieren. Auf der anderen Seite haben Kugellager l\u00e4ngere Lebensdauer, jedoch sind die wesentlich teuerer, lauter und anf\u00e4lliger f\u00fcr Sch\u00e4den. GELID Solutions Nanoflux Lager verwendet magnetischen Fluss, um einen Kontakt von Achse und Lager und deren Abnutzung zu verhindern. Ein wiederverwendeter \u00d6lfluss gew\u00e4hrt keinen \u00d6lauslauf. Das Ergebnis sind eine extrem lange Lebensdauer und einen ruhigen Betrieb.<\/p>\n<p>&nbsp;<\/p>\n<p><i><b>PWM Steuerung &amp; LED Licht<\/b><\/i><br \/>\nBeide Modelle umfassen eine PWM Steuerung, welche den L\u00fcfter leise h\u00e4lt, wenn keine zus\u00e4tzliche K\u00fchlung notwendig ist. Falls es zus\u00e4tzliche K\u00fchlung braucht, wird automatische die Drehzahl beschleunigt. Um den L\u00fcfter eine spezielle Farbe zu geben, wurden weisse LED Dioden im gr\u00fcnen WING 12 PL L\u00fcfter eingebaut.<\/p>\n<p><i><b><br \/>\nUVP: USD 22.00<\/b><\/i><\/p>\n<p><i>* Gr\u00fcne WING 12 PL <\/i><i>L\u00fcfter<\/i> <i>sind zur Zeit in den EU-L\u00e4ndern nicht erh\u00e4ltlich.<\/i><\/p>\n","protected":false},"excerpt":{"rendered":"<p><i><b>Features<\/b><\/i><\/p>\n<ul>\n<li>\u00a0 \u00a0 \u00a0 \u00a0 \u25cf Nanoflux Bearing (NFB)<\/li>\n<li>\u00a0 \u00a0 \u00a0 \u00a0 \u25cf Optimized Winglet Fan Blades<\/li>\n<li>\u00a0 \u00a0 \u00a0 \u00a0 \u25cf PWM Control<\/li>\n<li>\u00a0 \u00a0 \u00a0 \u00a0 \u25cf LED Light<\/li>\n<li>\u00a0 \u00a0 \u00a0 \u00a0 \u25cf Detachable Impeller<\/li>\n<li>\u00a0 \u00a0 \u00a0 \u00a0 \u25cf Long Lifetime (100&#8217;000 h MTTF at 40\u00b0C)<\/li>\n<\/ul>\n<p>&nbsp;<\/p>\n","protected":false},"featured_media":108680,"comment_status":"closed","ping_status":"closed","template":"","meta":{"_acf_changed":false},"product_cat":[321],"product_tag":[],"class_list":{"0":"post-113775","1":"product","2":"type-product","3":"status-publish","4":"has-post-thumbnail","6":"product_cat-gamer-luefter-archiv","8":"first","9":"outofstock","10":"taxable","11":"shipping-taxable","12":"purchasable","13":"product-type-simple"},"supplier_id":null,"supplier_sku":"FN-FW12PL-18","barcode":"4897025780316","atum_controlled":true,"out_stock_date":"2022-07-12 14:18:00","out_stock_threshold":null,"inheritable":false,"inbound_stock":null,"stock_on_hold":0,"sold_today":0,"sales_last_days":0,"reserved_stock":null,"customer_returns":null,"warehouse_damage":null,"lost_in_post":null,"other_logs":null,"out_stock_days":1391,"lost_sales":0,"has_location":false,"update_date":"2026-05-04T01:13:51","atum_locations":[],"atum_stock_status":"outofstock","restock_status":false,"low_stock_amount":"","sales_update_date":"2026-05-04T01:13:51","calc_backorders":null,"acf":[],"yoast_head":"<!-- This site is optimized with the Yoast SEO plugin v27.5 - https:\/\/yoast.com\/product\/yoast-seo-wordpress\/ -->\n<title>WING 12 PL GREEN - Gelid Solutions<\/title>\n<meta name=\"robots\" content=\"index, follow, max-snippet:-1, max-image-preview:large, max-video-preview:-1\" \/>\n<link rel=\"canonical\" href=\"https:\/\/gelidsolutions.com\/de\/produkt\/wing-12-pl-green\/\" \/>\n<meta property=\"og:locale\" content=\"de_DE\" \/>\n<meta property=\"og:type\" content=\"article\" \/>\n<meta property=\"og:title\" content=\"WING 12 PL GREEN - Gelid Solutions\" \/>\n<meta property=\"og:description\" content=\"Features   \u00a0 \u00a0 \u00a0 \u00a0 \u25cf Nanoflux Bearing (NFB)  \u00a0 \u00a0 \u00a0 \u00a0 \u25cf Optimized Winglet Fan Blades  \u00a0 \u00a0 \u00a0 \u00a0 \u25cf PWM Control  \u00a0 \u00a0 \u00a0 \u00a0 \u25cf LED Light  \u00a0 \u00a0 \u00a0 \u00a0 \u25cf Detachable Impeller  \u00a0 \u00a0 \u00a0 \u00a0 \u25cf Long Lifetime (100&#039;000 h MTTF at 40\u00b0C)  &nbsp;\" \/>\n<meta property=\"og:url\" content=\"https:\/\/gelidsolutions.com\/de\/produkt\/wing-12-pl-green\/\" \/>\n<meta property=\"og:site_name\" content=\"Gelid Solutions\" \/>\n<meta property=\"article:modified_time\" content=\"2022-06-17T16:00:28+00:00\" \/>\n<meta property=\"og:image\" content=\"https:\/\/gelidsolutions.com\/wp-content\/uploads\/2022\/05\/case_fan_gamer_WING_12_PL_GREEN_1.jpg\" \/>\n\t<meta property=\"og:image:width\" content=\"600\" \/>\n\t<meta property=\"og:image:height\" content=\"400\" \/>\n\t<meta property=\"og:image:type\" content=\"image\/jpeg\" \/>\n<meta name=\"twitter:card\" content=\"summary_large_image\" \/>\n<meta name=\"twitter:label1\" content=\"Gesch\u00e4tzte Lesezeit\" \/>\n\t<meta name=\"twitter:data1\" content=\"2\u00a0Minuten\" \/>\n<script type=\"application\/ld+json\" class=\"yoast-schema-graph\">{\"@context\":\"https:\\\/\\\/schema.org\",\"@graph\":[{\"@type\":\"WebPage\",\"@id\":\"https:\\\/\\\/gelidsolutions.com\\\/de\\\/produkt\\\/wing-12-pl-green\\\/\",\"url\":\"https:\\\/\\\/gelidsolutions.com\\\/de\\\/produkt\\\/wing-12-pl-green\\\/\",\"name\":\"WING 12 PL GREEN - Gelid Solutions\",\"isPartOf\":{\"@id\":\"https:\\\/\\\/gelidsolutions.com\\\/de\\\/#website\"},\"primaryImageOfPage\":{\"@id\":\"https:\\\/\\\/gelidsolutions.com\\\/de\\\/produkt\\\/wing-12-pl-green\\\/#primaryimage\"},\"image\":{\"@id\":\"https:\\\/\\\/gelidsolutions.com\\\/de\\\/produkt\\\/wing-12-pl-green\\\/#primaryimage\"},\"thumbnailUrl\":\"https:\\\/\\\/gelidsolutions.com\\\/wp-content\\\/uploads\\\/2022\\\/05\\\/case_fan_gamer_WING_12_PL_GREEN_1.jpg\",\"datePublished\":\"2016-08-03T06:23:00+00:00\",\"dateModified\":\"2022-06-17T16:00:28+00:00\",\"breadcrumb\":{\"@id\":\"https:\\\/\\\/gelidsolutions.com\\\/de\\\/produkt\\\/wing-12-pl-green\\\/#breadcrumb\"},\"inLanguage\":\"de\",\"potentialAction\":[{\"@type\":\"ReadAction\",\"target\":[\"https:\\\/\\\/gelidsolutions.com\\\/de\\\/produkt\\\/wing-12-pl-green\\\/\"]}]},{\"@type\":\"ImageObject\",\"inLanguage\":\"de\",\"@id\":\"https:\\\/\\\/gelidsolutions.com\\\/de\\\/produkt\\\/wing-12-pl-green\\\/#primaryimage\",\"url\":\"https:\\\/\\\/gelidsolutions.com\\\/wp-content\\\/uploads\\\/2022\\\/05\\\/case_fan_gamer_WING_12_PL_GREEN_1.jpg\",\"contentUrl\":\"https:\\\/\\\/gelidsolutions.com\\\/wp-content\\\/uploads\\\/2022\\\/05\\\/case_fan_gamer_WING_12_PL_GREEN_1.jpg\",\"width\":600,\"height\":400},{\"@type\":\"BreadcrumbList\",\"@id\":\"https:\\\/\\\/gelidsolutions.com\\\/de\\\/produkt\\\/wing-12-pl-green\\\/#breadcrumb\",\"itemListElement\":[{\"@type\":\"ListItem\",\"position\":1,\"name\":\"Home\",\"item\":\"https:\\\/\\\/gelidsolutions.com\\\/de\\\/\"},{\"@type\":\"ListItem\",\"position\":2,\"name\":\"Shop\",\"item\":\"https:\\\/\\\/gelidsolutions.com\\\/shop\\\/\"},{\"@type\":\"ListItem\",\"position\":3,\"name\":\"WING 12 PL GREEN\"}]},{\"@type\":\"WebSite\",\"@id\":\"https:\\\/\\\/gelidsolutions.com\\\/de\\\/#website\",\"url\":\"https:\\\/\\\/gelidsolutions.com\\\/de\\\/\",\"name\":\"Gelid Solutions\",\"description\":\"\",\"publisher\":{\"@id\":\"https:\\\/\\\/gelidsolutions.com\\\/de\\\/#organization\"},\"potentialAction\":[{\"@type\":\"SearchAction\",\"target\":{\"@type\":\"EntryPoint\",\"urlTemplate\":\"https:\\\/\\\/gelidsolutions.com\\\/de\\\/?s={search_term_string}\"},\"query-input\":{\"@type\":\"PropertyValueSpecification\",\"valueRequired\":true,\"valueName\":\"search_term_string\"}}],\"inLanguage\":\"de\"},{\"@type\":\"Organization\",\"@id\":\"https:\\\/\\\/gelidsolutions.com\\\/de\\\/#organization\",\"name\":\"Gelid Solutions\",\"url\":\"https:\\\/\\\/gelidsolutions.com\\\/de\\\/\",\"logo\":{\"@type\":\"ImageObject\",\"inLanguage\":\"de\",\"@id\":\"https:\\\/\\\/gelidsolutions.com\\\/de\\\/#\\\/schema\\\/logo\\\/image\\\/\",\"url\":\"https:\\\/\\\/gelidsolutions.com\\\/wp-content\\\/uploads\\\/2022\\\/06\\\/logo_white_104_104.gif\",\"contentUrl\":\"https:\\\/\\\/gelidsolutions.com\\\/wp-content\\\/uploads\\\/2022\\\/06\\\/logo_white_104_104.gif\",\"width\":104,\"height\":104,\"caption\":\"Gelid Solutions\"},\"image\":{\"@id\":\"https:\\\/\\\/gelidsolutions.com\\\/de\\\/#\\\/schema\\\/logo\\\/image\\\/\"}}]}<\/script>\n<!-- \/ Yoast SEO plugin. -->","yoast_head_json":{"title":"WING 12 PL GREEN - Gelid Solutions","robots":{"index":"index","follow":"follow","max-snippet":"max-snippet:-1","max-image-preview":"max-image-preview:large","max-video-preview":"max-video-preview:-1"},"canonical":"https:\/\/gelidsolutions.com\/de\/produkt\/wing-12-pl-green\/","og_locale":"de_DE","og_type":"article","og_title":"WING 12 PL GREEN - Gelid Solutions","og_description":"Features   \u00a0 \u00a0 \u00a0 \u00a0 \u25cf Nanoflux Bearing (NFB)  \u00a0 \u00a0 \u00a0 \u00a0 \u25cf Optimized Winglet Fan Blades  \u00a0 \u00a0 \u00a0 \u00a0 \u25cf PWM Control  \u00a0 \u00a0 \u00a0 \u00a0 \u25cf LED Light  \u00a0 \u00a0 \u00a0 \u00a0 \u25cf Detachable Impeller  \u00a0 \u00a0 \u00a0 \u00a0 \u25cf Long Lifetime (100'000 h MTTF at 40\u00b0C)  &nbsp;","og_url":"https:\/\/gelidsolutions.com\/de\/produkt\/wing-12-pl-green\/","og_site_name":"Gelid Solutions","article_modified_time":"2022-06-17T16:00:28+00:00","og_image":[{"width":600,"height":400,"url":"https:\/\/gelidsolutions.com\/wp-content\/uploads\/2022\/05\/case_fan_gamer_WING_12_PL_GREEN_1.jpg","type":"image\/jpeg"}],"twitter_card":"summary_large_image","twitter_misc":{"Gesch\u00e4tzte Lesezeit":"2\u00a0Minuten"},"schema":{"@context":"https:\/\/schema.org","@graph":[{"@type":"WebPage","@id":"https:\/\/gelidsolutions.com\/de\/produkt\/wing-12-pl-green\/","url":"https:\/\/gelidsolutions.com\/de\/produkt\/wing-12-pl-green\/","name":"WING 12 PL GREEN - Gelid Solutions","isPartOf":{"@id":"https:\/\/gelidsolutions.com\/de\/#website"},"primaryImageOfPage":{"@id":"https:\/\/gelidsolutions.com\/de\/produkt\/wing-12-pl-green\/#primaryimage"},"image":{"@id":"https:\/\/gelidsolutions.com\/de\/produkt\/wing-12-pl-green\/#primaryimage"},"thumbnailUrl":"https:\/\/gelidsolutions.com\/wp-content\/uploads\/2022\/05\/case_fan_gamer_WING_12_PL_GREEN_1.jpg","datePublished":"2016-08-03T06:23:00+00:00","dateModified":"2022-06-17T16:00:28+00:00","breadcrumb":{"@id":"https:\/\/gelidsolutions.com\/de\/produkt\/wing-12-pl-green\/#breadcrumb"},"inLanguage":"de","potentialAction":[{"@type":"ReadAction","target":["https:\/\/gelidsolutions.com\/de\/produkt\/wing-12-pl-green\/"]}]},{"@type":"ImageObject","inLanguage":"de","@id":"https:\/\/gelidsolutions.com\/de\/produkt\/wing-12-pl-green\/#primaryimage","url":"https:\/\/gelidsolutions.com\/wp-content\/uploads\/2022\/05\/case_fan_gamer_WING_12_PL_GREEN_1.jpg","contentUrl":"https:\/\/gelidsolutions.com\/wp-content\/uploads\/2022\/05\/case_fan_gamer_WING_12_PL_GREEN_1.jpg","width":600,"height":400},{"@type":"BreadcrumbList","@id":"https:\/\/gelidsolutions.com\/de\/produkt\/wing-12-pl-green\/#breadcrumb","itemListElement":[{"@type":"ListItem","position":1,"name":"Home","item":"https:\/\/gelidsolutions.com\/de\/"},{"@type":"ListItem","position":2,"name":"Shop","item":"https:\/\/gelidsolutions.com\/shop\/"},{"@type":"ListItem","position":3,"name":"WING 12 PL GREEN"}]},{"@type":"WebSite","@id":"https:\/\/gelidsolutions.com\/de\/#website","url":"https:\/\/gelidsolutions.com\/de\/","name":"Gelid Solutions","description":"","publisher":{"@id":"https:\/\/gelidsolutions.com\/de\/#organization"},"potentialAction":[{"@type":"SearchAction","target":{"@type":"EntryPoint","urlTemplate":"https:\/\/gelidsolutions.com\/de\/?s={search_term_string}"},"query-input":{"@type":"PropertyValueSpecification","valueRequired":true,"valueName":"search_term_string"}}],"inLanguage":"de"},{"@type":"Organization","@id":"https:\/\/gelidsolutions.com\/de\/#organization","name":"Gelid Solutions","url":"https:\/\/gelidsolutions.com\/de\/","logo":{"@type":"ImageObject","inLanguage":"de","@id":"https:\/\/gelidsolutions.com\/de\/#\/schema\/logo\/image\/","url":"https:\/\/gelidsolutions.com\/wp-content\/uploads\/2022\/06\/logo_white_104_104.gif","contentUrl":"https:\/\/gelidsolutions.com\/wp-content\/uploads\/2022\/06\/logo_white_104_104.gif","width":104,"height":104,"caption":"Gelid Solutions"},"image":{"@id":"https:\/\/gelidsolutions.com\/de\/#\/schema\/logo\/image\/"}}]}},"_links":{"self":[{"href":"https:\/\/gelidsolutions.com\/de\/wp-json\/wp\/v2\/product\/113775","targetHints":{"allow":["GET"]}}],"collection":[{"href":"https:\/\/gelidsolutions.com\/de\/wp-json\/wp\/v2\/product"}],"about":[{"href":"https:\/\/gelidsolutions.com\/de\/wp-json\/wp\/v2\/types\/product"}],"replies":[{"embeddable":true,"href":"https:\/\/gelidsolutions.com\/de\/wp-json\/wp\/v2\/comments?post=113775"}],"wp:featuredmedia":[{"embeddable":true,"href":"https:\/\/gelidsolutions.com\/de\/wp-json\/wp\/v2\/media\/108680"}],"wp:attachment":[{"href":"https:\/\/gelidsolutions.com\/de\/wp-json\/wp\/v2\/media?parent=113775"}],"wp:term":[{"taxonomy":"product_cat","embeddable":true,"href":"https:\/\/gelidsolutions.com\/de\/wp-json\/wp\/v2\/product_cat?post=113775"},{"taxonomy":"product_tag","embeddable":true,"href":"https:\/\/gelidsolutions.com\/de\/wp-json\/wp\/v2\/product_tag?post=113775"}],"curies":[{"name":"wp","href":"https:\/\/api.w.org\/{rel}","templated":true}]}}