{"id":113777,"date":"2016-08-02T07:39:00","date_gmt":"2016-08-02T07:39:00","guid":{"rendered":"https:\/\/localhost\/gelidsolutions\/product\/cpu-cooler-antarctica\/"},"modified":"2022-06-17T16:47:44","modified_gmt":"2022-06-17T16:47:44","slug":"cpu-cooler-antarctica","status":"publish","type":"product","link":"https:\/\/gelidsolutions.com\/de\/produkt\/cpu-cooler-antarctica\/","title":{"rendered":"ANTARCTICA"},"content":{"rendered":"<p><i><b>Antarctica (CCAntartica-01-A)<\/b><\/i><\/p>\n<p>&nbsp;<\/p>\n<p><i><b>Anwendungsbereich:<br \/>\n<\/b><\/i><b>Intel<\/b><i>\u2122<\/i> Sockel 775, 1155, 1156, 1366, 2011, 1150 &amp; 1151:<br \/>\nCPU: alle Pentium D\/ Pentium 4\/ alle Celeron D\/ alle Pentium Dual-Core\/ Extreme\/ alle Core 2 Extreme\/ Core 2 Quad\/ Core 2 Duo, Core i5, Core i7<\/p>\n<p>&nbsp;<\/p>\n<p>*Der Montageclip f\u00fcr die Buchse 2011 muss separat erworben werden.<\/p>\n<p>&nbsp;<\/p>\n<p><b>AMD<\/b><i>\u2122<\/i> Sockel AM2\/ AM2+\/ AM3\/ AM3+\/ FM1 &amp; FM2:<br \/>\nCPU: alle Athlon 64 X2, Athlon 64, alle Athlon II, alle Sempron, Phenom, Phenom II, alle A Series AMD APU Llano<\/p>\n<p>&nbsp;<\/p>\n<p>Alle Marken-und Warenzeichen sind Eigentum ihrer jeweiligen Besitzer.<\/p>\n<p>&nbsp;<\/p>\n<p><i><b>Designkonzept:<\/b><\/i><\/p>\n<p>Der Antarctica wird mit einem 3D-optimierten K\u00fchlk\u00f6rper geliefert, der die beste W\u00e4rmeleistung seiner Klasse bietet. Die Ingenieure von GELID Solutions haben speziellen an 5 Power Stromw\u00e4rmeleitungen, Aluminiumlamellen mit verbesserter Profilierung und einen zus\u00e4tzlichen kleineren K\u00fchlk\u00f6rper mit Kupferkern entworfen. Diese Elemente sorgen f\u00fcr eine au\u00dfergew\u00f6hnliche W\u00e4rme\u00fcbertragung von der CPU zum K\u00fchlk\u00f6rper. Beide K\u00fchlk\u00f6rper wurden w\u00e4hrend der Entwicklungsphase mithilfe einer pr\u00e4zisen Softwaresimulation und -berechnung erstellt, um eine effiziente Luftstromverteilung bei m\u00f6glichst geringer L\u00fcfterdrehzahl sicherzustellen. Das Ergebnis ist, dass der Antarctica die W\u00e4rme\u00fcbertragung von TDP 220W vollst\u00e4ndig unterst\u00fctzt, wenn dieser mit selbst ger\u00e4uscharmen, praktisch ger\u00e4uschlosen L\u00fcftern kombiniert wird.<\/p>\n<p>&nbsp;<\/p>\n<p>Ein leiser 140-mm-L\u00fcfter mit der intelligenten GELID PWM (Pulse Width Module) Steuerung erg\u00e4nzt den K\u00fchlk\u00f6rper. Die L\u00fcfterbl\u00e4tter sind f\u00fcr einen hohen Luftstrom bei niedriger Geschwindigkeit optimiert, und der neu entwickelte PWM-IC eliminiert Klickger\u00e4usche. Die intelligente GELID PWM-Kurve betreibt den L\u00fcfter in einem erweiterten Drehzahlbereich von 450 U \/ min bis 1500 U \/ min. Sie h\u00e4lt den L\u00fcfter st\u00e4ndig leise, beschleunigt jedoch die Drehzahl, wenn zus\u00e4tzliche K\u00fchlung erforderlich ist. Mit 2 L\u00fcfterhalterungen kann ein zweiter L\u00fcfter installiert werden, um die hervorragende Leistung des K\u00fchlers noch weiter zu verbessern. Dar\u00fcber hinaus ist die mehrfach preisgekr\u00f6nte Hochleistungs-W\u00e4rmeleitpaste GC-Extreme bereits im Lieferumfang enthalten.<\/p>\n<p>&nbsp;<\/p>\n<p><i>Der K\u00fchler ist RoHS- und WEEE-konform und hat eine Garantie von 5 Jahren.<\/i><\/p>\n<p>&nbsp;<\/p>\n<p><i><b>UVP: USD 41.99 \/ Euro 39.95<\/b><\/i><\/p>\n","protected":false},"excerpt":{"rendered":"<p><i><b>Merkmale:<\/b><\/i><\/p>\n<ul>\n<li>\u00a0 \u00a0 \u00a0 \u00a0 \u25cf 5 Power Stromw\u00e4rmeleitungen<\/li>\n<li>\u00a0 \u00a0 \u00a0 \u00a0 \u25cf 140mm PWM leiser L\u00fcfter mit 120mm Befestigungsl\u00f6cher<\/li>\n<li>\u00a0 \u00a0 \u00a0 \u00a0 \u25cf Hoher Luftstrom<\/li>\n<li>\u00a0 \u00a0 \u00a0 \u00a0 \u25cf Leiser Betrieb<\/li>\n<li>\u00a0 \u00a0 \u00a0 \u00a0 \u25cf GC-Extreme W\u00e4rmeleitpaste<\/li>\n<li>\u00a0 \u00a0 \u00a0 \u00a0 \u25cf 5 Jahre Garantie<\/li>\n<\/ul>\n","protected":false},"featured_media":108864,"comment_status":"closed","ping_status":"closed","template":"","meta":{"_acf_changed":false},"product_cat":[323,305],"product_tag":[],"class_list":{"0":"post-113777","1":"product","2":"type-product","3":"status-publish","4":"has-post-thumbnail","6":"product_cat-gamer-cpu-kuehler-archiv","7":"product_cat-kuehlloesungen","9":"first","10":"outofstock","11":"taxable","12":"shipping-taxable","13":"purchasable","14":"product-type-simple"},"supplier_id":null,"supplier_sku":"CC-ANTARC-01","barcode":null,"atum_controlled":true,"out_stock_date":"2022-07-12 14:18:01","out_stock_threshold":null,"inheritable":false,"inbound_stock":0,"stock_on_hold":0,"sold_today":0,"sales_last_days":0,"reserved_stock":0,"customer_returns":0,"warehouse_damage":0,"lost_in_post":0,"other_logs":0,"out_stock_days":1372,"lost_sales":0,"has_location":false,"update_date":"2026-04-15T00:10:04","atum_locations":[],"atum_stock_status":"outofstock","restock_status":false,"low_stock_amount":"","sales_update_date":"2026-04-15T00:10:03","calc_backorders":null,"acf":[],"yoast_head":"<!-- This site is optimized with the Yoast SEO plugin v27.4 - https:\/\/yoast.com\/product\/yoast-seo-wordpress\/ -->\n<title>ANTARCTICA - Gelid Solutions<\/title>\n<meta name=\"robots\" content=\"index, follow, max-snippet:-1, max-image-preview:large, max-video-preview:-1\" \/>\n<link rel=\"canonical\" href=\"https:\/\/gelidsolutions.com\/de\/produkt\/cpu-cooler-antarctica\/\" \/>\n<meta property=\"og:locale\" content=\"de_DE\" \/>\n<meta property=\"og:type\" content=\"article\" \/>\n<meta property=\"og:title\" content=\"ANTARCTICA - Gelid Solutions\" \/>\n<meta property=\"og:description\" content=\"Merkmale:   \u00a0 \u00a0 \u00a0 \u00a0 \u25cf 5 Power Stromw\u00e4rmeleitungen  \u00a0 \u00a0 \u00a0 \u00a0 \u25cf 140mm PWM leiser L\u00fcfter mit 120mm Befestigungsl\u00f6cher  \u00a0 \u00a0 \u00a0 \u00a0 \u25cf Hoher Luftstrom  \u00a0 \u00a0 \u00a0 \u00a0 \u25cf Leiser Betrieb  \u00a0 \u00a0 \u00a0 \u00a0 \u25cf GC-Extreme W\u00e4rmeleitpaste  \u00a0 \u00a0 \u00a0 \u00a0 \u25cf 5 Jahre Garantie\" \/>\n<meta property=\"og:url\" content=\"https:\/\/gelidsolutions.com\/de\/produkt\/cpu-cooler-antarctica\/\" \/>\n<meta property=\"og:site_name\" content=\"Gelid Solutions\" \/>\n<meta property=\"article:modified_time\" content=\"2022-06-17T16:47:44+00:00\" \/>\n<meta property=\"og:image\" content=\"https:\/\/gelidsolutions.com\/wp-content\/uploads\/2022\/05\/cpu_cooler_gamer_ANTARCTICA_1-2.jpg\" \/>\n\t<meta property=\"og:image:width\" content=\"600\" \/>\n\t<meta property=\"og:image:height\" content=\"400\" \/>\n\t<meta property=\"og:image:type\" content=\"image\/jpeg\" \/>\n<meta name=\"twitter:card\" content=\"summary_large_image\" \/>\n<meta name=\"twitter:label1\" content=\"Gesch\u00e4tzte Lesezeit\" \/>\n\t<meta name=\"twitter:data1\" content=\"2\u00a0Minuten\" \/>\n<script type=\"application\/ld+json\" class=\"yoast-schema-graph\">{\"@context\":\"https:\\\/\\\/schema.org\",\"@graph\":[{\"@type\":\"WebPage\",\"@id\":\"https:\\\/\\\/gelidsolutions.com\\\/de\\\/produkt\\\/cpu-cooler-antarctica\\\/\",\"url\":\"https:\\\/\\\/gelidsolutions.com\\\/de\\\/produkt\\\/cpu-cooler-antarctica\\\/\",\"name\":\"ANTARCTICA - Gelid Solutions\",\"isPartOf\":{\"@id\":\"https:\\\/\\\/gelidsolutions.com\\\/de\\\/#website\"},\"primaryImageOfPage\":{\"@id\":\"https:\\\/\\\/gelidsolutions.com\\\/de\\\/produkt\\\/cpu-cooler-antarctica\\\/#primaryimage\"},\"image\":{\"@id\":\"https:\\\/\\\/gelidsolutions.com\\\/de\\\/produkt\\\/cpu-cooler-antarctica\\\/#primaryimage\"},\"thumbnailUrl\":\"https:\\\/\\\/gelidsolutions.com\\\/wp-content\\\/uploads\\\/2022\\\/05\\\/cpu_cooler_gamer_ANTARCTICA_1-2.jpg\",\"datePublished\":\"2016-08-02T07:39:00+00:00\",\"dateModified\":\"2022-06-17T16:47:44+00:00\",\"breadcrumb\":{\"@id\":\"https:\\\/\\\/gelidsolutions.com\\\/de\\\/produkt\\\/cpu-cooler-antarctica\\\/#breadcrumb\"},\"inLanguage\":\"de\",\"potentialAction\":[{\"@type\":\"ReadAction\",\"target\":[\"https:\\\/\\\/gelidsolutions.com\\\/de\\\/produkt\\\/cpu-cooler-antarctica\\\/\"]}]},{\"@type\":\"ImageObject\",\"inLanguage\":\"de\",\"@id\":\"https:\\\/\\\/gelidsolutions.com\\\/de\\\/produkt\\\/cpu-cooler-antarctica\\\/#primaryimage\",\"url\":\"https:\\\/\\\/gelidsolutions.com\\\/wp-content\\\/uploads\\\/2022\\\/05\\\/cpu_cooler_gamer_ANTARCTICA_1-2.jpg\",\"contentUrl\":\"https:\\\/\\\/gelidsolutions.com\\\/wp-content\\\/uploads\\\/2022\\\/05\\\/cpu_cooler_gamer_ANTARCTICA_1-2.jpg\",\"width\":600,\"height\":400},{\"@type\":\"BreadcrumbList\",\"@id\":\"https:\\\/\\\/gelidsolutions.com\\\/de\\\/produkt\\\/cpu-cooler-antarctica\\\/#breadcrumb\",\"itemListElement\":[{\"@type\":\"ListItem\",\"position\":1,\"name\":\"Home\",\"item\":\"https:\\\/\\\/gelidsolutions.com\\\/de\\\/\"},{\"@type\":\"ListItem\",\"position\":2,\"name\":\"Shop\",\"item\":\"https:\\\/\\\/gelidsolutions.com\\\/shop\\\/\"},{\"@type\":\"ListItem\",\"position\":3,\"name\":\"ANTARCTICA\"}]},{\"@type\":\"WebSite\",\"@id\":\"https:\\\/\\\/gelidsolutions.com\\\/de\\\/#website\",\"url\":\"https:\\\/\\\/gelidsolutions.com\\\/de\\\/\",\"name\":\"Gelid Solutions\",\"description\":\"\",\"publisher\":{\"@id\":\"https:\\\/\\\/gelidsolutions.com\\\/de\\\/#organization\"},\"potentialAction\":[{\"@type\":\"SearchAction\",\"target\":{\"@type\":\"EntryPoint\",\"urlTemplate\":\"https:\\\/\\\/gelidsolutions.com\\\/de\\\/?s={search_term_string}\"},\"query-input\":{\"@type\":\"PropertyValueSpecification\",\"valueRequired\":true,\"valueName\":\"search_term_string\"}}],\"inLanguage\":\"de\"},{\"@type\":\"Organization\",\"@id\":\"https:\\\/\\\/gelidsolutions.com\\\/de\\\/#organization\",\"name\":\"Gelid Solutions\",\"url\":\"https:\\\/\\\/gelidsolutions.com\\\/de\\\/\",\"logo\":{\"@type\":\"ImageObject\",\"inLanguage\":\"de\",\"@id\":\"https:\\\/\\\/gelidsolutions.com\\\/de\\\/#\\\/schema\\\/logo\\\/image\\\/\",\"url\":\"https:\\\/\\\/gelidsolutions.com\\\/wp-content\\\/uploads\\\/2022\\\/06\\\/logo_white_104_104.gif\",\"contentUrl\":\"https:\\\/\\\/gelidsolutions.com\\\/wp-content\\\/uploads\\\/2022\\\/06\\\/logo_white_104_104.gif\",\"width\":104,\"height\":104,\"caption\":\"Gelid Solutions\"},\"image\":{\"@id\":\"https:\\\/\\\/gelidsolutions.com\\\/de\\\/#\\\/schema\\\/logo\\\/image\\\/\"}}]}<\/script>\n<!-- \/ Yoast SEO plugin. -->","yoast_head_json":{"title":"ANTARCTICA - Gelid Solutions","robots":{"index":"index","follow":"follow","max-snippet":"max-snippet:-1","max-image-preview":"max-image-preview:large","max-video-preview":"max-video-preview:-1"},"canonical":"https:\/\/gelidsolutions.com\/de\/produkt\/cpu-cooler-antarctica\/","og_locale":"de_DE","og_type":"article","og_title":"ANTARCTICA - Gelid Solutions","og_description":"Merkmale:   \u00a0 \u00a0 \u00a0 \u00a0 \u25cf 5 Power Stromw\u00e4rmeleitungen  \u00a0 \u00a0 \u00a0 \u00a0 \u25cf 140mm PWM leiser L\u00fcfter mit 120mm Befestigungsl\u00f6cher  \u00a0 \u00a0 \u00a0 \u00a0 \u25cf Hoher Luftstrom  \u00a0 \u00a0 \u00a0 \u00a0 \u25cf Leiser Betrieb  \u00a0 \u00a0 \u00a0 \u00a0 \u25cf GC-Extreme W\u00e4rmeleitpaste  \u00a0 \u00a0 \u00a0 \u00a0 \u25cf 5 Jahre Garantie","og_url":"https:\/\/gelidsolutions.com\/de\/produkt\/cpu-cooler-antarctica\/","og_site_name":"Gelid Solutions","article_modified_time":"2022-06-17T16:47:44+00:00","og_image":[{"width":600,"height":400,"url":"https:\/\/gelidsolutions.com\/wp-content\/uploads\/2022\/05\/cpu_cooler_gamer_ANTARCTICA_1-2.jpg","type":"image\/jpeg"}],"twitter_card":"summary_large_image","twitter_misc":{"Gesch\u00e4tzte Lesezeit":"2\u00a0Minuten"},"schema":{"@context":"https:\/\/schema.org","@graph":[{"@type":"WebPage","@id":"https:\/\/gelidsolutions.com\/de\/produkt\/cpu-cooler-antarctica\/","url":"https:\/\/gelidsolutions.com\/de\/produkt\/cpu-cooler-antarctica\/","name":"ANTARCTICA - Gelid Solutions","isPartOf":{"@id":"https:\/\/gelidsolutions.com\/de\/#website"},"primaryImageOfPage":{"@id":"https:\/\/gelidsolutions.com\/de\/produkt\/cpu-cooler-antarctica\/#primaryimage"},"image":{"@id":"https:\/\/gelidsolutions.com\/de\/produkt\/cpu-cooler-antarctica\/#primaryimage"},"thumbnailUrl":"https:\/\/gelidsolutions.com\/wp-content\/uploads\/2022\/05\/cpu_cooler_gamer_ANTARCTICA_1-2.jpg","datePublished":"2016-08-02T07:39:00+00:00","dateModified":"2022-06-17T16:47:44+00:00","breadcrumb":{"@id":"https:\/\/gelidsolutions.com\/de\/produkt\/cpu-cooler-antarctica\/#breadcrumb"},"inLanguage":"de","potentialAction":[{"@type":"ReadAction","target":["https:\/\/gelidsolutions.com\/de\/produkt\/cpu-cooler-antarctica\/"]}]},{"@type":"ImageObject","inLanguage":"de","@id":"https:\/\/gelidsolutions.com\/de\/produkt\/cpu-cooler-antarctica\/#primaryimage","url":"https:\/\/gelidsolutions.com\/wp-content\/uploads\/2022\/05\/cpu_cooler_gamer_ANTARCTICA_1-2.jpg","contentUrl":"https:\/\/gelidsolutions.com\/wp-content\/uploads\/2022\/05\/cpu_cooler_gamer_ANTARCTICA_1-2.jpg","width":600,"height":400},{"@type":"BreadcrumbList","@id":"https:\/\/gelidsolutions.com\/de\/produkt\/cpu-cooler-antarctica\/#breadcrumb","itemListElement":[{"@type":"ListItem","position":1,"name":"Home","item":"https:\/\/gelidsolutions.com\/de\/"},{"@type":"ListItem","position":2,"name":"Shop","item":"https:\/\/gelidsolutions.com\/shop\/"},{"@type":"ListItem","position":3,"name":"ANTARCTICA"}]},{"@type":"WebSite","@id":"https:\/\/gelidsolutions.com\/de\/#website","url":"https:\/\/gelidsolutions.com\/de\/","name":"Gelid Solutions","description":"","publisher":{"@id":"https:\/\/gelidsolutions.com\/de\/#organization"},"potentialAction":[{"@type":"SearchAction","target":{"@type":"EntryPoint","urlTemplate":"https:\/\/gelidsolutions.com\/de\/?s={search_term_string}"},"query-input":{"@type":"PropertyValueSpecification","valueRequired":true,"valueName":"search_term_string"}}],"inLanguage":"de"},{"@type":"Organization","@id":"https:\/\/gelidsolutions.com\/de\/#organization","name":"Gelid Solutions","url":"https:\/\/gelidsolutions.com\/de\/","logo":{"@type":"ImageObject","inLanguage":"de","@id":"https:\/\/gelidsolutions.com\/de\/#\/schema\/logo\/image\/","url":"https:\/\/gelidsolutions.com\/wp-content\/uploads\/2022\/06\/logo_white_104_104.gif","contentUrl":"https:\/\/gelidsolutions.com\/wp-content\/uploads\/2022\/06\/logo_white_104_104.gif","width":104,"height":104,"caption":"Gelid Solutions"},"image":{"@id":"https:\/\/gelidsolutions.com\/de\/#\/schema\/logo\/image\/"}}]}},"_links":{"self":[{"href":"https:\/\/gelidsolutions.com\/de\/wp-json\/wp\/v2\/product\/113777","targetHints":{"allow":["GET"]}}],"collection":[{"href":"https:\/\/gelidsolutions.com\/de\/wp-json\/wp\/v2\/product"}],"about":[{"href":"https:\/\/gelidsolutions.com\/de\/wp-json\/wp\/v2\/types\/product"}],"replies":[{"embeddable":true,"href":"https:\/\/gelidsolutions.com\/de\/wp-json\/wp\/v2\/comments?post=113777"}],"wp:featuredmedia":[{"embeddable":true,"href":"https:\/\/gelidsolutions.com\/de\/wp-json\/wp\/v2\/media\/108864"}],"wp:attachment":[{"href":"https:\/\/gelidsolutions.com\/de\/wp-json\/wp\/v2\/media?parent=113777"}],"wp:term":[{"taxonomy":"product_cat","embeddable":true,"href":"https:\/\/gelidsolutions.com\/de\/wp-json\/wp\/v2\/product_cat?post=113777"},{"taxonomy":"product_tag","embeddable":true,"href":"https:\/\/gelidsolutions.com\/de\/wp-json\/wp\/v2\/product_tag?post=113777"}],"curies":[{"name":"wp","href":"https:\/\/api.w.org\/{rel}","templated":true}]}}