{"id":113778,"date":"2016-08-02T07:55:00","date_gmt":"2016-08-02T07:55:00","guid":{"rendered":"https:\/\/localhost\/gelidsolutions\/product\/cpu-cooler-the-black-edition\/"},"modified":"2022-05-31T07:22:55","modified_gmt":"2022-05-31T07:22:55","slug":"cpu-cooler-the-black-edition","status":"publish","type":"product","link":"https:\/\/gelidsolutions.com\/de\/produkt\/cpu-cooler-the-black-edition\/","title":{"rendered":"THE BLACK EDITION"},"content":{"rendered":"<p><i><b>The Black Edition (CC-BEdition-01-A)<\/b><\/i><\/p>\n<p>&nbsp;<\/p>\n<p><i><b>Applikationen:<br \/>\n<\/b><\/i><b>Intel<\/b><i>\u2122<\/i> Sockel 775, 1155, 1156, 1366, 2011 &amp; 1150<br \/>\nCPU: alle Pentium D\/ Pentium 4\/ alle Celeron D\/ alle Pentium Dual-Core\/ Extreme\/ alle Core 2 Extreme\/ Core 2 Quad\/ Core 2 Duo, Core i5, Core i7<\/p>\n<p>&nbsp;<\/p>\n<p><b>AMD<\/b><i>\u2122<\/i> Sockel AM2\/ AM2+\/ AM3\/ AM3+\/ FM1\/ FM2<br \/>\nCPU: alle Athlon 64 X2, Athlon 64, alle Athlon II, alle Sempron, Phenom, Phenom II, alle A Series AMD APU Llano<\/p>\n<p>&nbsp;<\/p>\n<p>Alle Marken-und Warenzeichen sind Eigentum ihrer jeweiligen Besitzer.<\/p>\n<p>&nbsp;<\/p>\n<p><i><b>Designkonzept von The Black Edition:<\/b><\/i><\/p>\n<p>In der traditionellen Art werden die Heatpipes von high-end K\u00fchler gew\u00f6hnlich nebeneinander gel\u00f6tet. Bei mehreren Heatpipes kommen die \u00e4usseren Heatpipes nur sp\u00e4rlich bis gar nicht mehr zum Einsatz.<br \/>\nIm Vergleich zur traditionellen Anordnung von Heatpipes wurde f\u00fcr den \u201eThe Black Edition\u201c GAMER CPU K\u00fchler eine spezielle Anordnung von Heatpipes benutzt, welche die W\u00e4rmeabfuhrkapazit\u00e4t der 7 6mm Heatpipes v\u00f6llig aussch\u00f6pft.<\/p>\n<p>&nbsp;<\/p>\n<p>Traditionelle Anordnung von Heatpipes<\/p>\n<p><img loading=\"lazy\" decoding=\"async\" src=\"https:\/\/gelidsolutions.com\/clients\/gelid\/userfiles\/image\/02-rev2(1).jpg\" alt=\"\" width=\"480\" height=\"168\" border=\"0\" \/><\/p>\n<p>&nbsp;<\/p>\n<p>Spezielle Anordnung von Heatpipes beim<i> &#8222;The Black Edition&#8220; <\/i><br \/>\n<img loading=\"lazy\" decoding=\"async\" src=\"https:\/\/gelidsolutions.com\/clients\/gelid\/userfiles\/image\/Black_eidition_concept_PIC_480_229(1).gif\" alt=\"\" width=\"480\" height=\"229\" border=\"0\" \/><\/p>\n<p>&nbsp;<\/p>\n<p><i>Spezielle Heatpipe Architektur f\u00fcr maximale Verwendung der 7 Heatpipes<\/i><i><\/i><\/p>\n<p><i><img loading=\"lazy\" decoding=\"async\" src=\"https:\/\/gelidsolutions.com\/clients\/gelid\/userfiles\/image\/DSCN0989_480_360(1).gif\" alt=\"\" width=\"480\" height=\"360\" border=\"0\" \/><\/i><\/p>\n<p>&nbsp;<\/p>\n<p><i><b>Slim 12 PWM &amp; Silent 12 PWM<br \/>\n<\/b><\/i><\/p>\n<p>Der Slim 12 UV Blue umfasst ein spezielles Hydro Dynamic Lager. Das Lager garantiert eine leise Operation und eine lange Lebenszeit. Die optimierten L\u00fcfterbl\u00e4tter generieren einen hohen Lufstrom und das L\u00fcfterrad ist UV reaktiv.<\/p>\n<p>Entwickelt f\u00fcr fortgeschrittene Silent Enthusiasten, sorgt der GELID Solutions Silent 12 PWM Geh\u00e4usel\u00fcfter f\u00fcr einen zus\u00e4tzlichen Luftstrom mit Hilfe der Pulsweitenmodulation, welche die Drehgeschwindigkeit automatisch gem\u00e4ss der CPU Last reguliert. Die Drehgeschwindigkeit kann tief gehalten werden, um den L\u00fcfter leise zu behalten. Ein intelligenter und im PCB integrierter IC bildet die Werte auf der Motherboards BIOS Software ab. Diese Technologie ist effizienter und einfacher zu bedienen als einen externen Spannungsregler.<\/p>\n<p>Bis zu total 3 L\u00fcfter k\u00f6nnen am K\u00fchlk\u00f6rper des <i>&#8222;The Black Edition<\/i>&#8220; angeh\u00e4ngt werden.<\/p>\n<p><img loading=\"lazy\" decoding=\"async\" src=\"https:\/\/gelidsolutions.com\/clients\/gelid\/userfiles\/image\/DSCN0991_480_360(1).gif\" alt=\"\" width=\"480\" height=\"360\" border=\"0\" \/><\/p>\n<p>Zus\u00e4tzlich ist neben der ausgezeichneten GC-Extreme W\u00e4rmeleitpaste auch Befestigungsklammer f\u00fcr den AM2\/ AM2+\/ AM3\/ AM3+\/ FM1\/ FM2 und Intel\u2018s 775, 1155, 1156, 1366 und 2011 Sockel sowie R\u00fcckplatten f\u00fcr Intel LGA 775, Core i5 und Core i7 Motherboards bereits inbegriffen.<\/p>\n<p>&nbsp;<\/p>\n<p><img loading=\"lazy\" decoding=\"async\" src=\"https:\/\/gelidsolutions.com\/clients\/gelid\/userfiles\/image\/clip_480_360__(1).jpg\" alt=\"\" width=\"434\" height=\"160\" border=\"0\" \/><\/p>\n<p><i>Der K\u00fchler ist sowohl RoHS als auch WEEE konform und hat eine Herstellergarantie von 5 Jahren. Installationsanleitung f\u00fcr<a href=\"https:\/\/gelidsolutions.com\/clients\/gelid\/userfiles\/Installation_manual_TheBlackEdition_Intel_.pdf\" target=\"_blank\"> Intel<\/a>\u2122 und <a href=\"https:\/\/gelidsolutions.com\/clients\/gelid\/userfiles\/Installation_manual_TheBlackEdition_AMD_.pdf\" target=\"_blank\">AMD<\/a>\u2122.<\/i><\/p>\n<p>&nbsp;<\/p>\n<p><i><b>UVP: USD 75 \/ Euro 59<\/b><\/i><\/p>\n","protected":false},"excerpt":{"rendered":"<p><i><b>Merkmale:<\/b><\/i><\/p>\n<ul>\n<li>\u00a0 \u00a0 \u00a0 \u00a0 \u25cf 7 Power Heatpipes<\/li>\n<li>\u00a0 \u00a0 \u00a0 \u00a0 \u25cf Spezielle Anordnung von Heatpipes<\/li>\n<li>\u00a0 \u00a0 \u00a0 \u00a0 \u25cf Mehrfach ausgezeichneter Slim 12 PWM &amp; Silent 12 PWM L\u00fcfter<\/li>\n<li>\u00a0 \u00a0 \u00a0 \u00a0 \u25cf Bis zu 3 L\u00fcfter anh\u00e4ngbar<\/li>\n<li>\u00a0 \u00a0 \u00a0 \u00a0 \u25cf GC-Extreme W\u00e4rmeleitpaste<\/li>\n<li>\u00a0 \u00a0 \u00a0 \u00a0 \u25cf 5 Jahre Garantie<\/li>\n<\/ul>\n<p>&nbsp;<\/p>\n","protected":false},"featured_media":108816,"comment_status":"closed","ping_status":"closed","template":"","meta":{"_acf_changed":false},"product_cat":[337,344],"product_tag":[],"class_list":{"0":"post-113778","1":"product","2":"type-product","3":"status-publish","4":"has-post-thumbnail","6":"product_cat-337","7":"product_cat----gamer","9":"first","10":"outofstock","11":"taxable","12":"shipping-taxable","13":"purchasable","14":"product-type-simple"},"supplier_id":null,"supplier_sku":"CC-BEdition-01","barcode":null,"atum_controlled":true,"out_stock_date":"2022-07-12 14:18:01","out_stock_threshold":null,"inheritable":false,"inbound_stock":null,"stock_on_hold":0,"sold_today":0,"sales_last_days":0,"reserved_stock":null,"customer_returns":null,"warehouse_damage":null,"lost_in_post":null,"other_logs":null,"out_stock_days":1402,"lost_sales":0,"has_location":false,"update_date":"2026-05-15T00:02:50","atum_locations":[],"atum_stock_status":"outofstock","restock_status":false,"low_stock_amount":"","sales_update_date":"2026-05-15T00:02:50","calc_backorders":null,"acf":[],"yoast_head":"<!-- This site is optimized with the Yoast SEO plugin v27.6 - https:\/\/yoast.com\/product\/yoast-seo-wordpress\/ -->\n<title>THE BLACK EDITION - Gelid Solutions<\/title>\n<meta name=\"robots\" content=\"index, follow, max-snippet:-1, max-image-preview:large, max-video-preview:-1\" \/>\n<link rel=\"canonical\" href=\"https:\/\/gelidsolutions.com\/de\/produkt\/cpu-cooler-the-black-edition\/\" \/>\n<meta property=\"og:locale\" content=\"de_DE\" \/>\n<meta property=\"og:type\" content=\"article\" \/>\n<meta property=\"og:title\" content=\"THE BLACK EDITION - Gelid Solutions\" \/>\n<meta property=\"og:description\" content=\"Merkmale:  \u00a0 \u00a0 \u00a0 \u00a0 \u25cf 7 Power Heatpipes  \u00a0 \u00a0 \u00a0 \u00a0 \u25cf Spezielle Anordnung von Heatpipes  \u00a0 \u00a0 \u00a0 \u00a0 \u25cf Mehrfach ausgezeichneter Slim 12 PWM &amp; Silent 12 PWM L\u00fcfter  \u00a0 \u00a0 \u00a0 \u00a0 \u25cf Bis zu 3 L\u00fcfter anh\u00e4ngbar  \u00a0 \u00a0 \u00a0 \u00a0 \u25cf GC-Extreme W\u00e4rmeleitpaste  \u00a0 \u00a0 \u00a0 \u00a0 \u25cf 5 Jahre Garantie &nbsp;\" \/>\n<meta property=\"og:url\" content=\"https:\/\/gelidsolutions.com\/de\/produkt\/cpu-cooler-the-black-edition\/\" \/>\n<meta property=\"og:site_name\" content=\"Gelid Solutions\" \/>\n<meta property=\"article:modified_time\" content=\"2022-05-31T07:22:55+00:00\" \/>\n<meta property=\"og:image\" content=\"https:\/\/gelidsolutions.com\/wp-content\/uploads\/2022\/05\/cpu_cooler_gamer_THE_BLACK_EDITION_1-1.jpg\" \/>\n\t<meta property=\"og:image:width\" content=\"1296\" \/>\n\t<meta property=\"og:image:height\" content=\"972\" \/>\n\t<meta property=\"og:image:type\" content=\"image\/jpeg\" \/>\n<meta name=\"twitter:card\" content=\"summary_large_image\" \/>\n<meta name=\"twitter:label1\" content=\"Gesch\u00e4tzte Lesezeit\" \/>\n\t<meta name=\"twitter:data1\" content=\"2\u00a0Minuten\" \/>\n<script type=\"application\/ld+json\" class=\"yoast-schema-graph\">{\"@context\":\"https:\\\/\\\/schema.org\",\"@graph\":[{\"@type\":\"WebPage\",\"@id\":\"https:\\\/\\\/gelidsolutions.com\\\/de\\\/produkt\\\/cpu-cooler-the-black-edition\\\/\",\"url\":\"https:\\\/\\\/gelidsolutions.com\\\/de\\\/produkt\\\/cpu-cooler-the-black-edition\\\/\",\"name\":\"THE BLACK EDITION - Gelid Solutions\",\"isPartOf\":{\"@id\":\"https:\\\/\\\/gelidsolutions.com\\\/de\\\/#website\"},\"primaryImageOfPage\":{\"@id\":\"https:\\\/\\\/gelidsolutions.com\\\/de\\\/produkt\\\/cpu-cooler-the-black-edition\\\/#primaryimage\"},\"image\":{\"@id\":\"https:\\\/\\\/gelidsolutions.com\\\/de\\\/produkt\\\/cpu-cooler-the-black-edition\\\/#primaryimage\"},\"thumbnailUrl\":\"https:\\\/\\\/gelidsolutions.com\\\/wp-content\\\/uploads\\\/2022\\\/05\\\/cpu_cooler_gamer_THE_BLACK_EDITION_1-1.jpg\",\"datePublished\":\"2016-08-02T07:55:00+00:00\",\"dateModified\":\"2022-05-31T07:22:55+00:00\",\"breadcrumb\":{\"@id\":\"https:\\\/\\\/gelidsolutions.com\\\/de\\\/produkt\\\/cpu-cooler-the-black-edition\\\/#breadcrumb\"},\"inLanguage\":\"de\",\"potentialAction\":[{\"@type\":\"ReadAction\",\"target\":[\"https:\\\/\\\/gelidsolutions.com\\\/de\\\/produkt\\\/cpu-cooler-the-black-edition\\\/\"]}]},{\"@type\":\"ImageObject\",\"inLanguage\":\"de\",\"@id\":\"https:\\\/\\\/gelidsolutions.com\\\/de\\\/produkt\\\/cpu-cooler-the-black-edition\\\/#primaryimage\",\"url\":\"https:\\\/\\\/gelidsolutions.com\\\/wp-content\\\/uploads\\\/2022\\\/05\\\/cpu_cooler_gamer_THE_BLACK_EDITION_1-1.jpg\",\"contentUrl\":\"https:\\\/\\\/gelidsolutions.com\\\/wp-content\\\/uploads\\\/2022\\\/05\\\/cpu_cooler_gamer_THE_BLACK_EDITION_1-1.jpg\",\"width\":1296,\"height\":972},{\"@type\":\"BreadcrumbList\",\"@id\":\"https:\\\/\\\/gelidsolutions.com\\\/de\\\/produkt\\\/cpu-cooler-the-black-edition\\\/#breadcrumb\",\"itemListElement\":[{\"@type\":\"ListItem\",\"position\":1,\"name\":\"Home\",\"item\":\"https:\\\/\\\/gelidsolutions.com\\\/de\\\/\"},{\"@type\":\"ListItem\",\"position\":2,\"name\":\"Shop\",\"item\":\"https:\\\/\\\/gelidsolutions.com\\\/shop\\\/\"},{\"@type\":\"ListItem\",\"position\":3,\"name\":\"THE BLACK EDITION\"}]},{\"@type\":\"WebSite\",\"@id\":\"https:\\\/\\\/gelidsolutions.com\\\/de\\\/#website\",\"url\":\"https:\\\/\\\/gelidsolutions.com\\\/de\\\/\",\"name\":\"Gelid Solutions\",\"description\":\"\",\"publisher\":{\"@id\":\"https:\\\/\\\/gelidsolutions.com\\\/de\\\/#organization\"},\"potentialAction\":[{\"@type\":\"SearchAction\",\"target\":{\"@type\":\"EntryPoint\",\"urlTemplate\":\"https:\\\/\\\/gelidsolutions.com\\\/de\\\/?s={search_term_string}\"},\"query-input\":{\"@type\":\"PropertyValueSpecification\",\"valueRequired\":true,\"valueName\":\"search_term_string\"}}],\"inLanguage\":\"de\"},{\"@type\":\"Organization\",\"@id\":\"https:\\\/\\\/gelidsolutions.com\\\/de\\\/#organization\",\"name\":\"Gelid Solutions\",\"url\":\"https:\\\/\\\/gelidsolutions.com\\\/de\\\/\",\"logo\":{\"@type\":\"ImageObject\",\"inLanguage\":\"de\",\"@id\":\"https:\\\/\\\/gelidsolutions.com\\\/de\\\/#\\\/schema\\\/logo\\\/image\\\/\",\"url\":\"https:\\\/\\\/gelidsolutions.com\\\/wp-content\\\/uploads\\\/2022\\\/06\\\/logo_white_104_104.gif\",\"contentUrl\":\"https:\\\/\\\/gelidsolutions.com\\\/wp-content\\\/uploads\\\/2022\\\/06\\\/logo_white_104_104.gif\",\"width\":104,\"height\":104,\"caption\":\"Gelid Solutions\"},\"image\":{\"@id\":\"https:\\\/\\\/gelidsolutions.com\\\/de\\\/#\\\/schema\\\/logo\\\/image\\\/\"}}]}<\/script>\n<!-- \/ Yoast SEO plugin. -->","yoast_head_json":{"title":"THE BLACK EDITION - Gelid Solutions","robots":{"index":"index","follow":"follow","max-snippet":"max-snippet:-1","max-image-preview":"max-image-preview:large","max-video-preview":"max-video-preview:-1"},"canonical":"https:\/\/gelidsolutions.com\/de\/produkt\/cpu-cooler-the-black-edition\/","og_locale":"de_DE","og_type":"article","og_title":"THE BLACK EDITION - Gelid Solutions","og_description":"Merkmale:  \u00a0 \u00a0 \u00a0 \u00a0 \u25cf 7 Power Heatpipes  \u00a0 \u00a0 \u00a0 \u00a0 \u25cf Spezielle Anordnung von Heatpipes  \u00a0 \u00a0 \u00a0 \u00a0 \u25cf Mehrfach ausgezeichneter Slim 12 PWM &amp; Silent 12 PWM L\u00fcfter  \u00a0 \u00a0 \u00a0 \u00a0 \u25cf Bis zu 3 L\u00fcfter anh\u00e4ngbar  \u00a0 \u00a0 \u00a0 \u00a0 \u25cf GC-Extreme W\u00e4rmeleitpaste  \u00a0 \u00a0 \u00a0 \u00a0 \u25cf 5 Jahre Garantie &nbsp;","og_url":"https:\/\/gelidsolutions.com\/de\/produkt\/cpu-cooler-the-black-edition\/","og_site_name":"Gelid Solutions","article_modified_time":"2022-05-31T07:22:55+00:00","og_image":[{"width":1296,"height":972,"url":"https:\/\/gelidsolutions.com\/wp-content\/uploads\/2022\/05\/cpu_cooler_gamer_THE_BLACK_EDITION_1-1.jpg","type":"image\/jpeg"}],"twitter_card":"summary_large_image","twitter_misc":{"Gesch\u00e4tzte Lesezeit":"2\u00a0Minuten"},"schema":{"@context":"https:\/\/schema.org","@graph":[{"@type":"WebPage","@id":"https:\/\/gelidsolutions.com\/de\/produkt\/cpu-cooler-the-black-edition\/","url":"https:\/\/gelidsolutions.com\/de\/produkt\/cpu-cooler-the-black-edition\/","name":"THE BLACK EDITION - Gelid Solutions","isPartOf":{"@id":"https:\/\/gelidsolutions.com\/de\/#website"},"primaryImageOfPage":{"@id":"https:\/\/gelidsolutions.com\/de\/produkt\/cpu-cooler-the-black-edition\/#primaryimage"},"image":{"@id":"https:\/\/gelidsolutions.com\/de\/produkt\/cpu-cooler-the-black-edition\/#primaryimage"},"thumbnailUrl":"https:\/\/gelidsolutions.com\/wp-content\/uploads\/2022\/05\/cpu_cooler_gamer_THE_BLACK_EDITION_1-1.jpg","datePublished":"2016-08-02T07:55:00+00:00","dateModified":"2022-05-31T07:22:55+00:00","breadcrumb":{"@id":"https:\/\/gelidsolutions.com\/de\/produkt\/cpu-cooler-the-black-edition\/#breadcrumb"},"inLanguage":"de","potentialAction":[{"@type":"ReadAction","target":["https:\/\/gelidsolutions.com\/de\/produkt\/cpu-cooler-the-black-edition\/"]}]},{"@type":"ImageObject","inLanguage":"de","@id":"https:\/\/gelidsolutions.com\/de\/produkt\/cpu-cooler-the-black-edition\/#primaryimage","url":"https:\/\/gelidsolutions.com\/wp-content\/uploads\/2022\/05\/cpu_cooler_gamer_THE_BLACK_EDITION_1-1.jpg","contentUrl":"https:\/\/gelidsolutions.com\/wp-content\/uploads\/2022\/05\/cpu_cooler_gamer_THE_BLACK_EDITION_1-1.jpg","width":1296,"height":972},{"@type":"BreadcrumbList","@id":"https:\/\/gelidsolutions.com\/de\/produkt\/cpu-cooler-the-black-edition\/#breadcrumb","itemListElement":[{"@type":"ListItem","position":1,"name":"Home","item":"https:\/\/gelidsolutions.com\/de\/"},{"@type":"ListItem","position":2,"name":"Shop","item":"https:\/\/gelidsolutions.com\/shop\/"},{"@type":"ListItem","position":3,"name":"THE BLACK EDITION"}]},{"@type":"WebSite","@id":"https:\/\/gelidsolutions.com\/de\/#website","url":"https:\/\/gelidsolutions.com\/de\/","name":"Gelid Solutions","description":"","publisher":{"@id":"https:\/\/gelidsolutions.com\/de\/#organization"},"potentialAction":[{"@type":"SearchAction","target":{"@type":"EntryPoint","urlTemplate":"https:\/\/gelidsolutions.com\/de\/?s={search_term_string}"},"query-input":{"@type":"PropertyValueSpecification","valueRequired":true,"valueName":"search_term_string"}}],"inLanguage":"de"},{"@type":"Organization","@id":"https:\/\/gelidsolutions.com\/de\/#organization","name":"Gelid Solutions","url":"https:\/\/gelidsolutions.com\/de\/","logo":{"@type":"ImageObject","inLanguage":"de","@id":"https:\/\/gelidsolutions.com\/de\/#\/schema\/logo\/image\/","url":"https:\/\/gelidsolutions.com\/wp-content\/uploads\/2022\/06\/logo_white_104_104.gif","contentUrl":"https:\/\/gelidsolutions.com\/wp-content\/uploads\/2022\/06\/logo_white_104_104.gif","width":104,"height":104,"caption":"Gelid Solutions"},"image":{"@id":"https:\/\/gelidsolutions.com\/de\/#\/schema\/logo\/image\/"}}]}},"_links":{"self":[{"href":"https:\/\/gelidsolutions.com\/de\/wp-json\/wp\/v2\/product\/113778","targetHints":{"allow":["GET"]}}],"collection":[{"href":"https:\/\/gelidsolutions.com\/de\/wp-json\/wp\/v2\/product"}],"about":[{"href":"https:\/\/gelidsolutions.com\/de\/wp-json\/wp\/v2\/types\/product"}],"replies":[{"embeddable":true,"href":"https:\/\/gelidsolutions.com\/de\/wp-json\/wp\/v2\/comments?post=113778"}],"wp:featuredmedia":[{"embeddable":true,"href":"https:\/\/gelidsolutions.com\/de\/wp-json\/wp\/v2\/media\/108816"}],"wp:attachment":[{"href":"https:\/\/gelidsolutions.com\/de\/wp-json\/wp\/v2\/media?parent=113778"}],"wp:term":[{"taxonomy":"product_cat","embeddable":true,"href":"https:\/\/gelidsolutions.com\/de\/wp-json\/wp\/v2\/product_cat?post=113778"},{"taxonomy":"product_tag","embeddable":true,"href":"https:\/\/gelidsolutions.com\/de\/wp-json\/wp\/v2\/product_tag?post=113778"}],"curies":[{"name":"wp","href":"https:\/\/api.w.org\/{rel}","templated":true}]}}