{"id":113781,"date":"2016-08-02T06:59:00","date_gmt":"2016-08-02T06:59:00","guid":{"rendered":"https:\/\/localhost\/gelidsolutions\/product\/thermal-compound-gc-extreme-10g\/"},"modified":"2022-06-18T06:23:45","modified_gmt":"2022-06-18T06:23:45","slug":"thermal-compound-gc-extreme-10g","status":"publish","type":"product","link":"https:\/\/gelidsolutions.com\/de\/produkt\/thermal-compound-gc-extreme-10g\/","title":{"rendered":"GC-EXTREME 10G"},"content":{"rendered":"<p><b><i>GC-Extreme 10g W\u00e4rmeleitpaste<\/i><\/b> (TC-GC-03-10g)<\/p>\n<p>&nbsp;<\/p>\n<p>Die GC-Extreme-W\u00e4rmeleitpaste (10 g) wurde f\u00fcr dauerhafte Benutzung auf h\u00f6chstem Niveau entwickelt und erzielt die beste W\u00e4rmeleitf\u00e4higkeit von Ihrer CPU, VGA oder sogar Ihrem Chipsatz zu Ihrem K\u00fchler. Der GELID-Applikator erm\u00f6glicht eine einfache Anwendung. Sie enth\u00e4lt das gleiche Material wie das mehrfach ausgezeichnete \u201eGC-Extreme 3.5g\u201c und variiert nur im Nettoinhalt. Im Vergleich zu den anderen Verbindungen auf dem Markt bricht der \u201eGC-Extreme\u201c alle Rekorde und eignet sich am besten zum \u00dcbertakten. Die ultimative W\u00e4rmeleitf\u00e4higkeit macht den \u201eGC-Extreme\u201c zum Marktf\u00fchrer aller W\u00e4rmeleitpasten. Wie bei den anderen Leitpasten von GELID Solutions ist der \u201eGC-Extreme\u201c nicht elektrisch leitend, nicht korrosiv und nicht aush\u00e4rtend. Der \u201eGC-Extreme 10g\u201c wird mit einem GELID-Applikator geliefert, der eine einfachere Anwendung erm\u00f6glicht.<\/p>\n<p>&nbsp;<\/p>\n<p><b><i>Empfohlen und ausgezeichnet durch<\/i><\/b><\/p>\n<p>&#8222;Taking a massive 18 degrees Celsius off the normal paste that comes with your Intel rocessor*, and outperforming all of it\u2019s competition, the GC-Extreme is what you\u2019re looking for if you want the highest performing grease in the market. Being paired with the GELID applicator (an innovative, flexible piece of plastic), you should not have to look any further than GELID Solutions GC-Extreme when shopping for some new thermal compound.\u201d <b><i>Techpower Up<\/i><\/b><\/p>\n<p>&nbsp;<\/p>\n<p><i>&#8222;I have used GELID Solutions GC-Extreme for the MSI Master Overclocking Arena EMEA Final. It workes very well with subzero temperatures and led us to win!\u201d <\/i><b>Matei Mihatoiu, Winner of MSI Master Overclocking Arena EMEA 2011.<\/b><\/p>\n<p>&#8222;GELID&#8217;s GC-Extreme thermal compound is a clear winner, as it provides lower temperatures for the same price. It is clear that GELID Solutions keeps getting better and better in this game, and GC-Extreme is a clear proof of that. If you take the MSRP of $9.99 into consideration, GC-Extreme has a clear advantage over the competition and it clearly deserves our Recommended Award.&#8220;\u00a0 <b><i>Fudzilla.com<\/i><\/b><\/p>\n<p>&nbsp;<\/p>\n<p><i><b>UVP: USD 25.99 \/ Euro 19.99<\/b><\/i><\/p>\n<p>&nbsp;<\/p>\n<p><i>EAN: 4897025780583<\/i><\/p>\n<p>&nbsp;<\/p>\n","protected":false},"excerpt":{"rendered":"<p><b>Merkmale:<\/b><\/p>\n<ul>\n<li>\u00a0 \u00a0 \u00a0 \u00a0 \u25cf Herausragende W\u00e4rmeleitf\u00e4higkeit<\/li>\n<li>\u00a0 \u00a0 \u00a0 \u00a0 \u25cf Nicht elektrisch leitend<\/li>\n<li>\u00a0 \u00a0 \u00a0 \u00a0 \u25cf Nicht \u00e4tzend, nicht aush\u00e4rtend und nicht giftig<\/li>\n<li>\u00a0 \u00a0 \u00a0 \u00a0 \u25cf Benutzerfreundlich<\/li>\n<li>\u00a0 \u00a0 \u00a0 \u00a0 \u25cf Inklusive GELID Spachtel<\/li>\n<li>\u00a0 \u00a0 \u00a0 \u00a0 \u25cf Netto Inhalt 10g<\/li>\n<li>\u00a0 \u00a0 \u00a0 \u00a0 \u25cf Betriebstemperaturbereich -45 bis +180 Grad Celsius<\/li>\n<\/ul>\n<p>&nbsp;<\/p>\n","protected":false},"featured_media":108745,"comment_status":"closed","ping_status":"closed","template":"","meta":{"_acf_changed":false},"product_cat":[324,329],"product_tag":[],"class_list":{"0":"post-113781","1":"product","2":"type-product","3":"status-publish","4":"has-post-thumbnail","6":"product_cat-gamer-waermeleitpasten","7":"product_cat-waermeleitpad","9":"first","10":"outofstock","11":"taxable","12":"shipping-taxable","13":"purchasable","14":"product-type-simple"},"supplier_id":null,"supplier_sku":"","barcode":null,"atum_controlled":true,"out_stock_date":null,"out_stock_threshold":null,"inheritable":false,"inbound_stock":null,"stock_on_hold":0,"sold_today":0,"sales_last_days":0,"reserved_stock":null,"customer_returns":null,"warehouse_damage":null,"lost_in_post":null,"other_logs":null,"out_stock_days":0,"lost_sales":0,"has_location":null,"update_date":"2026-04-28T01:10:55","atum_locations":[],"atum_stock_status":"outofstock","restock_status":false,"low_stock_amount":"","sales_update_date":"2026-04-28T01:10:55","calc_backorders":null,"acf":[],"yoast_head":"<!-- This site is optimized with the Yoast SEO plugin v27.5 - https:\/\/yoast.com\/product\/yoast-seo-wordpress\/ -->\n<title>GC-EXTREME 10G - Gelid Solutions<\/title>\n<meta name=\"robots\" content=\"index, follow, max-snippet:-1, max-image-preview:large, max-video-preview:-1\" \/>\n<link rel=\"canonical\" href=\"https:\/\/gelidsolutions.com\/de\/produkt\/thermal-compound-gc-extreme-10g\/\" \/>\n<meta property=\"og:locale\" content=\"de_DE\" \/>\n<meta property=\"og:type\" content=\"article\" \/>\n<meta property=\"og:title\" content=\"GC-EXTREME 10G - Gelid Solutions\" \/>\n<meta property=\"og:description\" content=\"Merkmale:   \u00a0 \u00a0 \u00a0 \u00a0 \u25cf Herausragende W\u00e4rmeleitf\u00e4higkeit  \u00a0 \u00a0 \u00a0 \u00a0 \u25cf Nicht elektrisch leitend  \u00a0 \u00a0 \u00a0 \u00a0 \u25cf Nicht \u00e4tzend, nicht aush\u00e4rtend und nicht giftig  \u00a0 \u00a0 \u00a0 \u00a0 \u25cf Benutzerfreundlich  \u00a0 \u00a0 \u00a0 \u00a0 \u25cf Inklusive GELID Spachtel      \u00a0 \u00a0 \u00a0 \u00a0 \u25cf Netto Inhalt 10g     \u00a0 \u00a0 \u00a0 \u00a0 \u25cf Betriebstemperaturbereich -45 bis +180 Grad Celsius  &nbsp;\" \/>\n<meta property=\"og:url\" content=\"https:\/\/gelidsolutions.com\/de\/produkt\/thermal-compound-gc-extreme-10g\/\" \/>\n<meta property=\"og:site_name\" content=\"Gelid Solutions\" \/>\n<meta property=\"article:modified_time\" content=\"2022-06-18T06:23:45+00:00\" \/>\n<meta property=\"og:image\" content=\"https:\/\/gelidsolutions.com\/wp-content\/uploads\/2022\/05\/GC-Extreme-10g_3.jpg\" \/>\n\t<meta property=\"og:image:width\" content=\"1600\" \/>\n\t<meta property=\"og:image:height\" content=\"1600\" \/>\n\t<meta property=\"og:image:type\" content=\"image\/jpeg\" \/>\n<meta name=\"twitter:card\" content=\"summary_large_image\" \/>\n<meta name=\"twitter:label1\" content=\"Gesch\u00e4tzte Lesezeit\" \/>\n\t<meta name=\"twitter:data1\" content=\"2\u00a0Minuten\" \/>\n<script type=\"application\/ld+json\" class=\"yoast-schema-graph\">{\"@context\":\"https:\\\/\\\/schema.org\",\"@graph\":[{\"@type\":\"WebPage\",\"@id\":\"https:\\\/\\\/gelidsolutions.com\\\/de\\\/produkt\\\/thermal-compound-gc-extreme-10g\\\/\",\"url\":\"https:\\\/\\\/gelidsolutions.com\\\/de\\\/produkt\\\/thermal-compound-gc-extreme-10g\\\/\",\"name\":\"GC-EXTREME 10G - Gelid Solutions\",\"isPartOf\":{\"@id\":\"https:\\\/\\\/gelidsolutions.com\\\/de\\\/#website\"},\"primaryImageOfPage\":{\"@id\":\"https:\\\/\\\/gelidsolutions.com\\\/de\\\/produkt\\\/thermal-compound-gc-extreme-10g\\\/#primaryimage\"},\"image\":{\"@id\":\"https:\\\/\\\/gelidsolutions.com\\\/de\\\/produkt\\\/thermal-compound-gc-extreme-10g\\\/#primaryimage\"},\"thumbnailUrl\":\"https:\\\/\\\/gelidsolutions.com\\\/wp-content\\\/uploads\\\/2022\\\/05\\\/GC-Extreme-10g_3.jpg\",\"datePublished\":\"2016-08-02T06:59:00+00:00\",\"dateModified\":\"2022-06-18T06:23:45+00:00\",\"breadcrumb\":{\"@id\":\"https:\\\/\\\/gelidsolutions.com\\\/de\\\/produkt\\\/thermal-compound-gc-extreme-10g\\\/#breadcrumb\"},\"inLanguage\":\"de\",\"potentialAction\":[{\"@type\":\"ReadAction\",\"target\":[\"https:\\\/\\\/gelidsolutions.com\\\/de\\\/produkt\\\/thermal-compound-gc-extreme-10g\\\/\"]}]},{\"@type\":\"ImageObject\",\"inLanguage\":\"de\",\"@id\":\"https:\\\/\\\/gelidsolutions.com\\\/de\\\/produkt\\\/thermal-compound-gc-extreme-10g\\\/#primaryimage\",\"url\":\"https:\\\/\\\/gelidsolutions.com\\\/wp-content\\\/uploads\\\/2022\\\/05\\\/GC-Extreme-10g_3.jpg\",\"contentUrl\":\"https:\\\/\\\/gelidsolutions.com\\\/wp-content\\\/uploads\\\/2022\\\/05\\\/GC-Extreme-10g_3.jpg\",\"width\":1600,\"height\":1600},{\"@type\":\"BreadcrumbList\",\"@id\":\"https:\\\/\\\/gelidsolutions.com\\\/de\\\/produkt\\\/thermal-compound-gc-extreme-10g\\\/#breadcrumb\",\"itemListElement\":[{\"@type\":\"ListItem\",\"position\":1,\"name\":\"Home\",\"item\":\"https:\\\/\\\/gelidsolutions.com\\\/de\\\/\"},{\"@type\":\"ListItem\",\"position\":2,\"name\":\"Shop\",\"item\":\"https:\\\/\\\/gelidsolutions.com\\\/shop\\\/\"},{\"@type\":\"ListItem\",\"position\":3,\"name\":\"GC-EXTREME 10G\"}]},{\"@type\":\"WebSite\",\"@id\":\"https:\\\/\\\/gelidsolutions.com\\\/de\\\/#website\",\"url\":\"https:\\\/\\\/gelidsolutions.com\\\/de\\\/\",\"name\":\"Gelid Solutions\",\"description\":\"\",\"publisher\":{\"@id\":\"https:\\\/\\\/gelidsolutions.com\\\/de\\\/#organization\"},\"potentialAction\":[{\"@type\":\"SearchAction\",\"target\":{\"@type\":\"EntryPoint\",\"urlTemplate\":\"https:\\\/\\\/gelidsolutions.com\\\/de\\\/?s={search_term_string}\"},\"query-input\":{\"@type\":\"PropertyValueSpecification\",\"valueRequired\":true,\"valueName\":\"search_term_string\"}}],\"inLanguage\":\"de\"},{\"@type\":\"Organization\",\"@id\":\"https:\\\/\\\/gelidsolutions.com\\\/de\\\/#organization\",\"name\":\"Gelid Solutions\",\"url\":\"https:\\\/\\\/gelidsolutions.com\\\/de\\\/\",\"logo\":{\"@type\":\"ImageObject\",\"inLanguage\":\"de\",\"@id\":\"https:\\\/\\\/gelidsolutions.com\\\/de\\\/#\\\/schema\\\/logo\\\/image\\\/\",\"url\":\"https:\\\/\\\/gelidsolutions.com\\\/wp-content\\\/uploads\\\/2022\\\/06\\\/logo_white_104_104.gif\",\"contentUrl\":\"https:\\\/\\\/gelidsolutions.com\\\/wp-content\\\/uploads\\\/2022\\\/06\\\/logo_white_104_104.gif\",\"width\":104,\"height\":104,\"caption\":\"Gelid Solutions\"},\"image\":{\"@id\":\"https:\\\/\\\/gelidsolutions.com\\\/de\\\/#\\\/schema\\\/logo\\\/image\\\/\"}}]}<\/script>\n<!-- \/ Yoast SEO plugin. -->","yoast_head_json":{"title":"GC-EXTREME 10G - Gelid Solutions","robots":{"index":"index","follow":"follow","max-snippet":"max-snippet:-1","max-image-preview":"max-image-preview:large","max-video-preview":"max-video-preview:-1"},"canonical":"https:\/\/gelidsolutions.com\/de\/produkt\/thermal-compound-gc-extreme-10g\/","og_locale":"de_DE","og_type":"article","og_title":"GC-EXTREME 10G - Gelid Solutions","og_description":"Merkmale:   \u00a0 \u00a0 \u00a0 \u00a0 \u25cf Herausragende W\u00e4rmeleitf\u00e4higkeit  \u00a0 \u00a0 \u00a0 \u00a0 \u25cf Nicht elektrisch leitend  \u00a0 \u00a0 \u00a0 \u00a0 \u25cf Nicht \u00e4tzend, nicht aush\u00e4rtend und nicht giftig  \u00a0 \u00a0 \u00a0 \u00a0 \u25cf Benutzerfreundlich  \u00a0 \u00a0 \u00a0 \u00a0 \u25cf Inklusive GELID Spachtel      \u00a0 \u00a0 \u00a0 \u00a0 \u25cf Netto Inhalt 10g     \u00a0 \u00a0 \u00a0 \u00a0 \u25cf Betriebstemperaturbereich -45 bis +180 Grad Celsius  &nbsp;","og_url":"https:\/\/gelidsolutions.com\/de\/produkt\/thermal-compound-gc-extreme-10g\/","og_site_name":"Gelid Solutions","article_modified_time":"2022-06-18T06:23:45+00:00","og_image":[{"width":1600,"height":1600,"url":"https:\/\/gelidsolutions.com\/wp-content\/uploads\/2022\/05\/GC-Extreme-10g_3.jpg","type":"image\/jpeg"}],"twitter_card":"summary_large_image","twitter_misc":{"Gesch\u00e4tzte Lesezeit":"2\u00a0Minuten"},"schema":{"@context":"https:\/\/schema.org","@graph":[{"@type":"WebPage","@id":"https:\/\/gelidsolutions.com\/de\/produkt\/thermal-compound-gc-extreme-10g\/","url":"https:\/\/gelidsolutions.com\/de\/produkt\/thermal-compound-gc-extreme-10g\/","name":"GC-EXTREME 10G - Gelid Solutions","isPartOf":{"@id":"https:\/\/gelidsolutions.com\/de\/#website"},"primaryImageOfPage":{"@id":"https:\/\/gelidsolutions.com\/de\/produkt\/thermal-compound-gc-extreme-10g\/#primaryimage"},"image":{"@id":"https:\/\/gelidsolutions.com\/de\/produkt\/thermal-compound-gc-extreme-10g\/#primaryimage"},"thumbnailUrl":"https:\/\/gelidsolutions.com\/wp-content\/uploads\/2022\/05\/GC-Extreme-10g_3.jpg","datePublished":"2016-08-02T06:59:00+00:00","dateModified":"2022-06-18T06:23:45+00:00","breadcrumb":{"@id":"https:\/\/gelidsolutions.com\/de\/produkt\/thermal-compound-gc-extreme-10g\/#breadcrumb"},"inLanguage":"de","potentialAction":[{"@type":"ReadAction","target":["https:\/\/gelidsolutions.com\/de\/produkt\/thermal-compound-gc-extreme-10g\/"]}]},{"@type":"ImageObject","inLanguage":"de","@id":"https:\/\/gelidsolutions.com\/de\/produkt\/thermal-compound-gc-extreme-10g\/#primaryimage","url":"https:\/\/gelidsolutions.com\/wp-content\/uploads\/2022\/05\/GC-Extreme-10g_3.jpg","contentUrl":"https:\/\/gelidsolutions.com\/wp-content\/uploads\/2022\/05\/GC-Extreme-10g_3.jpg","width":1600,"height":1600},{"@type":"BreadcrumbList","@id":"https:\/\/gelidsolutions.com\/de\/produkt\/thermal-compound-gc-extreme-10g\/#breadcrumb","itemListElement":[{"@type":"ListItem","position":1,"name":"Home","item":"https:\/\/gelidsolutions.com\/de\/"},{"@type":"ListItem","position":2,"name":"Shop","item":"https:\/\/gelidsolutions.com\/shop\/"},{"@type":"ListItem","position":3,"name":"GC-EXTREME 10G"}]},{"@type":"WebSite","@id":"https:\/\/gelidsolutions.com\/de\/#website","url":"https:\/\/gelidsolutions.com\/de\/","name":"Gelid Solutions","description":"","publisher":{"@id":"https:\/\/gelidsolutions.com\/de\/#organization"},"potentialAction":[{"@type":"SearchAction","target":{"@type":"EntryPoint","urlTemplate":"https:\/\/gelidsolutions.com\/de\/?s={search_term_string}"},"query-input":{"@type":"PropertyValueSpecification","valueRequired":true,"valueName":"search_term_string"}}],"inLanguage":"de"},{"@type":"Organization","@id":"https:\/\/gelidsolutions.com\/de\/#organization","name":"Gelid Solutions","url":"https:\/\/gelidsolutions.com\/de\/","logo":{"@type":"ImageObject","inLanguage":"de","@id":"https:\/\/gelidsolutions.com\/de\/#\/schema\/logo\/image\/","url":"https:\/\/gelidsolutions.com\/wp-content\/uploads\/2022\/06\/logo_white_104_104.gif","contentUrl":"https:\/\/gelidsolutions.com\/wp-content\/uploads\/2022\/06\/logo_white_104_104.gif","width":104,"height":104,"caption":"Gelid Solutions"},"image":{"@id":"https:\/\/gelidsolutions.com\/de\/#\/schema\/logo\/image\/"}}]}},"_links":{"self":[{"href":"https:\/\/gelidsolutions.com\/de\/wp-json\/wp\/v2\/product\/113781","targetHints":{"allow":["GET"]}}],"collection":[{"href":"https:\/\/gelidsolutions.com\/de\/wp-json\/wp\/v2\/product"}],"about":[{"href":"https:\/\/gelidsolutions.com\/de\/wp-json\/wp\/v2\/types\/product"}],"replies":[{"embeddable":true,"href":"https:\/\/gelidsolutions.com\/de\/wp-json\/wp\/v2\/comments?post=113781"}],"wp:featuredmedia":[{"embeddable":true,"href":"https:\/\/gelidsolutions.com\/de\/wp-json\/wp\/v2\/media\/108745"}],"wp:attachment":[{"href":"https:\/\/gelidsolutions.com\/de\/wp-json\/wp\/v2\/media?parent=113781"}],"wp:term":[{"taxonomy":"product_cat","embeddable":true,"href":"https:\/\/gelidsolutions.com\/de\/wp-json\/wp\/v2\/product_cat?post=113781"},{"taxonomy":"product_tag","embeddable":true,"href":"https:\/\/gelidsolutions.com\/de\/wp-json\/wp\/v2\/product_tag?post=113781"}],"curies":[{"name":"wp","href":"https:\/\/api.w.org\/{rel}","templated":true}]}}