{"id":113782,"date":"2016-08-02T08:15:00","date_gmt":"2016-08-02T00:15:00","guid":{"rendered":"https:\/\/localhost\/gelidsolutions\/product\/thermal-compound-gc-extreme-10g-2\/"},"modified":"2023-08-01T16:27:39","modified_gmt":"2023-08-01T08:27:39","slug":"thermal-compound-gc-extreme-10g-2","status":"publish","type":"product","link":"https:\/\/gelidsolutions.com\/de\/produkt\/thermal-compound-gc-extreme-10g-2\/","title":{"rendered":"GC-EXTREME"},"content":{"rendered":"<p><b><i>GC-Extreme W\u00e4rmeleitpaste<\/i><\/b> 1g (TC-GC-03-D) , 3.5g (TC-GC-03-A) &amp; 10g (TC-GC-03-02)<\/p>\n<p>&nbsp;<\/p>\n<p>Entwickelt f\u00fcr dauerhafte Benutzung mit h\u00f6chsten Anspr\u00fcchen, bietet die GC-Extreme W\u00e4rmeleitpaste die beste Hitzeleitf\u00e4higkeit von Ihrem CPU, VGA oder sogar von Ihrem Chipset zu Ihrem K\u00fchler. Der GELID Spachtel erm\u00f6glicht ein simples Auftragen.<\/p>\n<p>&nbsp;<\/p>\n<p><b><i>Empfohlen und ausgezeichnet durch:<\/i><\/b><\/p>\n<p>&#8222;Taking a massive 18 degrees Celsius off the normal paste that comes with your Intel Processor*, and outperforming all of it\u2019s competition, the GC-Extreme is what you\u2019re looking for if you want the highest performing grease in the market. Being paired with the GELID applicator (an innovative, flexible piece of plastic), you should not have to look any further than GELID Solutions GC-Extreme when shopping for some new thermal compound.\u201d <b><i>Techpower Up<\/i><\/b><\/p>\n<p>&nbsp;<\/p>\n<p><i>&#8222;I have used GELID Solutions GC-Extreme for the MSI Master Overclocking Arena EMEA Final. It workes very well with subzero temperatures and led us to win!\u201d <\/i><b>Matei Mihatoiu, Winner of MSI Master Overclocking Arena EMEA 2011.<\/b><\/p>\n<p>&#8222;GELID&#8217;s GC-Extreme thermal compound is a clear winner, as it provides lower temperatures for the same price. It is clear that GELID Solutions keeps getting better and better in this game, and GC-Extreme is a clear proof of that. If you take the MSRP of $9.99 into consideration, GC-Extreme has a clear advantage over the competition and it clearly deserves our Recommended Award.&#8220;\u00a0 <b><i>Fudzilla.com<\/i><\/b><\/p>\n<p>&nbsp;<\/p>\n<p><strong>EAN<\/strong>:<br \/>\n<i>1g: 4897025780880<\/i><br \/>\n<i>3.5g: 4897025780279<\/i><br \/>\n<i>10g: 4897025780583<\/i><\/p>\n","protected":false},"excerpt":{"rendered":"<ul>\n<li>\u00a0Herausragende W\u00e4rmeleitf\u00e4higkeit<\/li>\n<li>\u00a0Nicht elektrisch leitend<\/li>\n<li>\u00a0Nicht \u00e4tzend, nicht aush\u00e4rtend und nicht giftig<\/li>\n<li>\u00a0Benutzerfreundlich<\/li>\n<li>\u00a0Inklusive GELID Spachtel<\/li>\n<li>\u00a0Netto Inhalt 3.5g oder 1g<\/li>\n<li>\u00a0Betriebstemperaturbereich -45 bis +180 Grad Celsius<\/li>\n<\/ul>\n","protected":false},"featured_media":121714,"comment_status":"closed","ping_status":"closed","template":"","meta":{"_acf_changed":false},"product_cat":[548,329],"product_tag":[],"class_list":{"0":"post-113782","1":"product","2":"type-product","3":"status-publish","4":"has-post-thumbnail","6":"product_cat-award-winning-thermal-solutions-collections-de","7":"product_cat-waermeleitpad","8":"pa_size-10g-de","9":"pa_size-1g-de","10":"pa_size-3-5g-de","12":"first","13":"instock","14":"taxable","15":"shipping-taxable","16":"purchasable","17":"product-type-variable","18":"has-default-attributes"},"supplier_id":null,"supplier_sku":"TC-GC-03-A","barcode":"4897025780279","atum_controlled":true,"out_stock_date":null,"out_stock_threshold":null,"inheritable":true,"inbound_stock":null,"stock_on_hold":0,"sold_today":0,"sales_last_days":0,"reserved_stock":null,"customer_returns":null,"warehouse_damage":null,"lost_in_post":null,"other_logs":null,"out_stock_days":0,"lost_sales":0,"has_location":false,"update_date":"2026-05-03T01:13:51","atum_locations":[],"atum_stock_status":"instock","restock_status":false,"low_stock_amount":"","sales_update_date":"2026-05-03T01:13:51","calc_backorders":null,"acf":[],"yoast_head":"<!-- This site is optimized with the Yoast SEO plugin v27.5 - https:\/\/yoast.com\/product\/yoast-seo-wordpress\/ -->\n<title>GC-EXTREME - Gelid Solutions<\/title>\n<meta name=\"robots\" content=\"index, follow, max-snippet:-1, max-image-preview:large, max-video-preview:-1\" \/>\n<link rel=\"canonical\" href=\"https:\/\/gelidsolutions.com\/de\/produkt\/thermal-compound-gc-extreme-10g-2\/\" \/>\n<meta property=\"og:locale\" content=\"de_DE\" \/>\n<meta property=\"og:type\" content=\"article\" \/>\n<meta property=\"og:title\" content=\"GC-EXTREME - Gelid Solutions\" \/>\n<meta property=\"og:description\" content=\"\u00a0Herausragende W\u00e4rmeleitf\u00e4higkeit  \u00a0Nicht elektrisch leitend  \u00a0Nicht \u00e4tzend, nicht aush\u00e4rtend und nicht giftig  \u00a0Benutzerfreundlich  \u00a0Inklusive GELID Spachtel  \u00a0Netto Inhalt 3.5g oder 1g  \u00a0Betriebstemperaturbereich -45 bis +180 Grad Celsius\" \/>\n<meta property=\"og:url\" content=\"https:\/\/gelidsolutions.com\/de\/produkt\/thermal-compound-gc-extreme-10g-2\/\" \/>\n<meta property=\"og:site_name\" content=\"Gelid Solutions\" \/>\n<meta property=\"article:modified_time\" content=\"2023-08-01T08:27:39+00:00\" \/>\n<meta property=\"og:image\" content=\"https:\/\/gelidsolutions.com\/wp-content\/uploads\/2016\/08\/Gelid-GC-Extreme-Thermal-Paste-1.png\" \/>\n\t<meta property=\"og:image:width\" content=\"1600\" \/>\n\t<meta property=\"og:image:height\" content=\"1600\" \/>\n\t<meta property=\"og:image:type\" content=\"image\/png\" \/>\n<meta name=\"twitter:card\" content=\"summary_large_image\" \/>\n<meta name=\"twitter:label1\" content=\"Gesch\u00e4tzte Lesezeit\" \/>\n\t<meta name=\"twitter:data1\" content=\"1\u00a0Minute\" \/>\n<script type=\"application\/ld+json\" class=\"yoast-schema-graph\">{\"@context\":\"https:\\\/\\\/schema.org\",\"@graph\":[{\"@type\":\"WebPage\",\"@id\":\"https:\\\/\\\/gelidsolutions.com\\\/de\\\/produkt\\\/thermal-compound-gc-extreme-10g-2\\\/\",\"url\":\"https:\\\/\\\/gelidsolutions.com\\\/de\\\/produkt\\\/thermal-compound-gc-extreme-10g-2\\\/\",\"name\":\"GC-EXTREME - Gelid Solutions\",\"isPartOf\":{\"@id\":\"https:\\\/\\\/gelidsolutions.com\\\/de\\\/#website\"},\"primaryImageOfPage\":{\"@id\":\"https:\\\/\\\/gelidsolutions.com\\\/de\\\/produkt\\\/thermal-compound-gc-extreme-10g-2\\\/#primaryimage\"},\"image\":{\"@id\":\"https:\\\/\\\/gelidsolutions.com\\\/de\\\/produkt\\\/thermal-compound-gc-extreme-10g-2\\\/#primaryimage\"},\"thumbnailUrl\":\"https:\\\/\\\/gelidsolutions.com\\\/wp-content\\\/uploads\\\/2016\\\/08\\\/Gelid-GC-Extreme-Thermal-Paste-1.png\",\"datePublished\":\"2016-08-02T00:15:00+00:00\",\"dateModified\":\"2023-08-01T08:27:39+00:00\",\"breadcrumb\":{\"@id\":\"https:\\\/\\\/gelidsolutions.com\\\/de\\\/produkt\\\/thermal-compound-gc-extreme-10g-2\\\/#breadcrumb\"},\"inLanguage\":\"de\",\"potentialAction\":[{\"@type\":\"ReadAction\",\"target\":[\"https:\\\/\\\/gelidsolutions.com\\\/de\\\/produkt\\\/thermal-compound-gc-extreme-10g-2\\\/\"]}]},{\"@type\":\"ImageObject\",\"inLanguage\":\"de\",\"@id\":\"https:\\\/\\\/gelidsolutions.com\\\/de\\\/produkt\\\/thermal-compound-gc-extreme-10g-2\\\/#primaryimage\",\"url\":\"https:\\\/\\\/gelidsolutions.com\\\/wp-content\\\/uploads\\\/2016\\\/08\\\/Gelid-GC-Extreme-Thermal-Paste-1.png\",\"contentUrl\":\"https:\\\/\\\/gelidsolutions.com\\\/wp-content\\\/uploads\\\/2016\\\/08\\\/Gelid-GC-Extreme-Thermal-Paste-1.png\",\"width\":1600,\"height\":1600,\"caption\":\"CG Extreme Syringe\"},{\"@type\":\"BreadcrumbList\",\"@id\":\"https:\\\/\\\/gelidsolutions.com\\\/de\\\/produkt\\\/thermal-compound-gc-extreme-10g-2\\\/#breadcrumb\",\"itemListElement\":[{\"@type\":\"ListItem\",\"position\":1,\"name\":\"Home\",\"item\":\"https:\\\/\\\/gelidsolutions.com\\\/de\\\/\"},{\"@type\":\"ListItem\",\"position\":2,\"name\":\"Shop\",\"item\":\"https:\\\/\\\/gelidsolutions.com\\\/shop\\\/\"},{\"@type\":\"ListItem\",\"position\":3,\"name\":\"GC-EXTREME\"}]},{\"@type\":\"WebSite\",\"@id\":\"https:\\\/\\\/gelidsolutions.com\\\/de\\\/#website\",\"url\":\"https:\\\/\\\/gelidsolutions.com\\\/de\\\/\",\"name\":\"Gelid Solutions\",\"description\":\"\",\"publisher\":{\"@id\":\"https:\\\/\\\/gelidsolutions.com\\\/de\\\/#organization\"},\"potentialAction\":[{\"@type\":\"SearchAction\",\"target\":{\"@type\":\"EntryPoint\",\"urlTemplate\":\"https:\\\/\\\/gelidsolutions.com\\\/de\\\/?s={search_term_string}\"},\"query-input\":{\"@type\":\"PropertyValueSpecification\",\"valueRequired\":true,\"valueName\":\"search_term_string\"}}],\"inLanguage\":\"de\"},{\"@type\":\"Organization\",\"@id\":\"https:\\\/\\\/gelidsolutions.com\\\/de\\\/#organization\",\"name\":\"Gelid Solutions\",\"url\":\"https:\\\/\\\/gelidsolutions.com\\\/de\\\/\",\"logo\":{\"@type\":\"ImageObject\",\"inLanguage\":\"de\",\"@id\":\"https:\\\/\\\/gelidsolutions.com\\\/de\\\/#\\\/schema\\\/logo\\\/image\\\/\",\"url\":\"https:\\\/\\\/gelidsolutions.com\\\/wp-content\\\/uploads\\\/2022\\\/06\\\/logo_white_104_104.gif\",\"contentUrl\":\"https:\\\/\\\/gelidsolutions.com\\\/wp-content\\\/uploads\\\/2022\\\/06\\\/logo_white_104_104.gif\",\"width\":104,\"height\":104,\"caption\":\"Gelid Solutions\"},\"image\":{\"@id\":\"https:\\\/\\\/gelidsolutions.com\\\/de\\\/#\\\/schema\\\/logo\\\/image\\\/\"}}]}<\/script>\n<!-- \/ Yoast SEO plugin. -->","yoast_head_json":{"title":"GC-EXTREME - Gelid Solutions","robots":{"index":"index","follow":"follow","max-snippet":"max-snippet:-1","max-image-preview":"max-image-preview:large","max-video-preview":"max-video-preview:-1"},"canonical":"https:\/\/gelidsolutions.com\/de\/produkt\/thermal-compound-gc-extreme-10g-2\/","og_locale":"de_DE","og_type":"article","og_title":"GC-EXTREME - Gelid Solutions","og_description":"\u00a0Herausragende W\u00e4rmeleitf\u00e4higkeit  \u00a0Nicht elektrisch leitend  \u00a0Nicht \u00e4tzend, nicht aush\u00e4rtend und nicht giftig  \u00a0Benutzerfreundlich  \u00a0Inklusive GELID Spachtel  \u00a0Netto Inhalt 3.5g oder 1g  \u00a0Betriebstemperaturbereich -45 bis +180 Grad Celsius","og_url":"https:\/\/gelidsolutions.com\/de\/produkt\/thermal-compound-gc-extreme-10g-2\/","og_site_name":"Gelid Solutions","article_modified_time":"2023-08-01T08:27:39+00:00","og_image":[{"width":1600,"height":1600,"url":"https:\/\/gelidsolutions.com\/wp-content\/uploads\/2016\/08\/Gelid-GC-Extreme-Thermal-Paste-1.png","type":"image\/png"}],"twitter_card":"summary_large_image","twitter_misc":{"Gesch\u00e4tzte Lesezeit":"1\u00a0Minute"},"schema":{"@context":"https:\/\/schema.org","@graph":[{"@type":"WebPage","@id":"https:\/\/gelidsolutions.com\/de\/produkt\/thermal-compound-gc-extreme-10g-2\/","url":"https:\/\/gelidsolutions.com\/de\/produkt\/thermal-compound-gc-extreme-10g-2\/","name":"GC-EXTREME - Gelid Solutions","isPartOf":{"@id":"https:\/\/gelidsolutions.com\/de\/#website"},"primaryImageOfPage":{"@id":"https:\/\/gelidsolutions.com\/de\/produkt\/thermal-compound-gc-extreme-10g-2\/#primaryimage"},"image":{"@id":"https:\/\/gelidsolutions.com\/de\/produkt\/thermal-compound-gc-extreme-10g-2\/#primaryimage"},"thumbnailUrl":"https:\/\/gelidsolutions.com\/wp-content\/uploads\/2016\/08\/Gelid-GC-Extreme-Thermal-Paste-1.png","datePublished":"2016-08-02T00:15:00+00:00","dateModified":"2023-08-01T08:27:39+00:00","breadcrumb":{"@id":"https:\/\/gelidsolutions.com\/de\/produkt\/thermal-compound-gc-extreme-10g-2\/#breadcrumb"},"inLanguage":"de","potentialAction":[{"@type":"ReadAction","target":["https:\/\/gelidsolutions.com\/de\/produkt\/thermal-compound-gc-extreme-10g-2\/"]}]},{"@type":"ImageObject","inLanguage":"de","@id":"https:\/\/gelidsolutions.com\/de\/produkt\/thermal-compound-gc-extreme-10g-2\/#primaryimage","url":"https:\/\/gelidsolutions.com\/wp-content\/uploads\/2016\/08\/Gelid-GC-Extreme-Thermal-Paste-1.png","contentUrl":"https:\/\/gelidsolutions.com\/wp-content\/uploads\/2016\/08\/Gelid-GC-Extreme-Thermal-Paste-1.png","width":1600,"height":1600,"caption":"CG Extreme Syringe"},{"@type":"BreadcrumbList","@id":"https:\/\/gelidsolutions.com\/de\/produkt\/thermal-compound-gc-extreme-10g-2\/#breadcrumb","itemListElement":[{"@type":"ListItem","position":1,"name":"Home","item":"https:\/\/gelidsolutions.com\/de\/"},{"@type":"ListItem","position":2,"name":"Shop","item":"https:\/\/gelidsolutions.com\/shop\/"},{"@type":"ListItem","position":3,"name":"GC-EXTREME"}]},{"@type":"WebSite","@id":"https:\/\/gelidsolutions.com\/de\/#website","url":"https:\/\/gelidsolutions.com\/de\/","name":"Gelid Solutions","description":"","publisher":{"@id":"https:\/\/gelidsolutions.com\/de\/#organization"},"potentialAction":[{"@type":"SearchAction","target":{"@type":"EntryPoint","urlTemplate":"https:\/\/gelidsolutions.com\/de\/?s={search_term_string}"},"query-input":{"@type":"PropertyValueSpecification","valueRequired":true,"valueName":"search_term_string"}}],"inLanguage":"de"},{"@type":"Organization","@id":"https:\/\/gelidsolutions.com\/de\/#organization","name":"Gelid Solutions","url":"https:\/\/gelidsolutions.com\/de\/","logo":{"@type":"ImageObject","inLanguage":"de","@id":"https:\/\/gelidsolutions.com\/de\/#\/schema\/logo\/image\/","url":"https:\/\/gelidsolutions.com\/wp-content\/uploads\/2022\/06\/logo_white_104_104.gif","contentUrl":"https:\/\/gelidsolutions.com\/wp-content\/uploads\/2022\/06\/logo_white_104_104.gif","width":104,"height":104,"caption":"Gelid Solutions"},"image":{"@id":"https:\/\/gelidsolutions.com\/de\/#\/schema\/logo\/image\/"}}]}},"_links":{"self":[{"href":"https:\/\/gelidsolutions.com\/de\/wp-json\/wp\/v2\/product\/113782","targetHints":{"allow":["GET"]}}],"collection":[{"href":"https:\/\/gelidsolutions.com\/de\/wp-json\/wp\/v2\/product"}],"about":[{"href":"https:\/\/gelidsolutions.com\/de\/wp-json\/wp\/v2\/types\/product"}],"replies":[{"embeddable":true,"href":"https:\/\/gelidsolutions.com\/de\/wp-json\/wp\/v2\/comments?post=113782"}],"wp:featuredmedia":[{"embeddable":true,"href":"https:\/\/gelidsolutions.com\/de\/wp-json\/wp\/v2\/media\/121714"}],"wp:attachment":[{"href":"https:\/\/gelidsolutions.com\/de\/wp-json\/wp\/v2\/media?parent=113782"}],"wp:term":[{"taxonomy":"product_cat","embeddable":true,"href":"https:\/\/gelidsolutions.com\/de\/wp-json\/wp\/v2\/product_cat?post=113782"},{"taxonomy":"product_tag","embeddable":true,"href":"https:\/\/gelidsolutions.com\/de\/wp-json\/wp\/v2\/product_tag?post=113782"}],"curies":[{"name":"wp","href":"https:\/\/api.w.org\/{rel}","templated":true}]}}