{"id":113783,"date":"2016-08-02T06:39:00","date_gmt":"2016-08-01T22:39:00","guid":{"rendered":"https:\/\/localhost\/gelidsolutions\/product\/thermal-compound-gc-pro\/"},"modified":"2022-06-18T06:54:05","modified_gmt":"2022-06-18T06:54:05","slug":"thermal-compound-gc-pro","status":"publish","type":"product","link":"https:\/\/gelidsolutions.com\/de\/produkt\/thermal-compound-gc-pro\/","title":{"rendered":"GC-PRO"},"content":{"rendered":"<p><b><i>GC-Pro <\/i><\/b><b><i>(TC-GC-PRO-A) f\u00fcr 5g und (TC-GC-PRO-A) f\u00fcr 1g<\/i><\/b><\/p>\n<p><i>Der GC-Pro besteht aus reinsten w\u00e4rmeleitenden Materialien und bietet hervorragende thermische Eigenschaften. Dank der ultra-feinen Molek\u00fclstruktur im Nanoma\u00dfstab f\u00fcllt der GC-Pro R\u00e4ume effektiver als herk\u00f6mmliche Materialien und bietet daher einen gleichm\u00e4\u00dfigen W\u00e4rmekontakt mit verbesserten W\u00e4rme\u00fcbertragungseigenschaften. Die GC-Pro-W\u00e4rmeleitpaste wurde f\u00fcr Profis entwickelt und gew\u00e4hrleistet die branchenweit beste Leistung f\u00fcr Ihre CPU-, VGA- oder Chipsatz-K\u00fchlk\u00f6rperanwendungen. Wie bei den anderen Verbindungen von GELID Solutions ist der GC-Pro nicht elektrisch leitend, nicht korrosiv, nicht aush\u00e4rtend, nicht brennbar und nicht toxisch. Der GC-Pro wird au\u00dferdem mit einem GELID-Applikator geliefert, der eine einfachere Anwendung erm\u00f6glicht.<\/i><\/p>\n<p><i>Netto Inhalt: 5g und 1g<\/i><\/p>\n<p>&nbsp;<\/p>\n<p><i><b>UVP: USD 5.50 (5g) &amp; USD 2.20 (1g) \/ EUR 4.99 (5g) &amp; EUR 1.99 (1g)<\/b><\/i><\/p>\n<p>&nbsp;<\/p>\n<p><i>EAN (5g): 4897025781221<\/i><br \/>\n<i>EAN (1g): 4897025781429<\/i><\/p>\n<p>&nbsp;<\/p>\n","protected":false},"excerpt":{"rendered":"<p><b>Merkmale:<\/b><\/p>\n<ul>\n<li>\u00a0 \u00a0 \u00a0 \u00a0 \u25cf Herausragende W\u00e4rmeleitf\u00e4higkeit<\/li>\n<li>\u00a0 \u00a0 \u00a0 \u00a0 \u25cf Nicht elektrisch leitend<\/li>\n<li>\u00a0 \u00a0 \u00a0 \u00a0 \u25cf Nicht \u00e4tzend, nicht aush\u00e4rtend und nicht giftig<\/li>\n<li>\u00a0 \u00a0 \u00a0 \u00a0 \u25cf Benutzerfreundlich<\/li>\n<li>\u00a0 \u00a0 \u00a0 \u00a0 \u25cf Inklusive GELID Spachtel<\/li>\n<li>\u00a0 \u00a0 \u00a0 \u00a0 \u25cf Nettoinhalt 5g oder 1g <\/li>\n<\/ul>\n<p>&nbsp;<\/p>\n","protected":false},"featured_media":117899,"comment_status":"closed","ping_status":"closed","template":"","meta":{"_acf_changed":false},"product_cat":[317],"product_tag":[553,148],"class_list":{"0":"post-113783","1":"product","2":"type-product","3":"status-publish","4":"has-post-thumbnail","6":"product_cat-waermeleitpasten-archiv","7":"product_tag-thermal-solution-de","8":"product_tag-thermal-solution","9":"pa_size-1g","10":"pa_size-1g-de","12":"first","13":"outofstock","14":"taxable","15":"shipping-taxable","16":"purchasable","17":"product-type-variable"},"supplier_id":null,"supplier_sku":"TC-GC-PRO-D","barcode":"4897025781429","atum_controlled":true,"out_stock_date":"2022-10-18 05:29:53","out_stock_threshold":null,"inheritable":true,"inbound_stock":0,"stock_on_hold":0,"sold_today":0,"sales_last_days":0,"reserved_stock":0,"customer_returns":0,"warehouse_damage":0,"lost_in_post":0,"other_logs":0,"out_stock_days":1292,"lost_sales":0,"has_location":false,"update_date":"2026-05-03T01:13:51","atum_locations":[],"atum_stock_status":"outofstock","restock_status":false,"low_stock_amount":"","sales_update_date":"2026-05-03T01:13:51","calc_backorders":null,"acf":[],"yoast_head":"<!-- This site is optimized with the Yoast SEO plugin v27.5 - https:\/\/yoast.com\/product\/yoast-seo-wordpress\/ -->\n<title>GC-PRO - Gelid Solutions<\/title>\n<meta name=\"robots\" content=\"index, follow, max-snippet:-1, max-image-preview:large, max-video-preview:-1\" \/>\n<link rel=\"canonical\" href=\"https:\/\/gelidsolutions.com\/de\/produkt\/thermal-compound-gc-pro\/\" \/>\n<meta property=\"og:locale\" content=\"de_DE\" \/>\n<meta property=\"og:type\" content=\"article\" \/>\n<meta property=\"og:title\" content=\"GC-PRO - Gelid Solutions\" \/>\n<meta property=\"og:description\" content=\"Merkmale:   \u00a0 \u00a0 \u00a0 \u00a0 \u25cf Herausragende W\u00e4rmeleitf\u00e4higkeit  \u00a0 \u00a0 \u00a0 \u00a0 \u25cf Nicht elektrisch leitend  \u00a0 \u00a0 \u00a0 \u00a0 \u25cf Nicht \u00e4tzend, nicht aush\u00e4rtend und nicht giftig  \u00a0 \u00a0 \u00a0 \u00a0 \u25cf Benutzerfreundlich  \u00a0 \u00a0 \u00a0 \u00a0 \u25cf Inklusive GELID Spachtel     \u00a0 \u00a0 \u00a0 \u00a0 \u25cf Nettoinhalt 5g oder 1g   &nbsp;\" \/>\n<meta property=\"og:url\" content=\"https:\/\/gelidsolutions.com\/de\/produkt\/thermal-compound-gc-pro\/\" \/>\n<meta property=\"og:site_name\" content=\"Gelid Solutions\" \/>\n<meta property=\"article:modified_time\" content=\"2022-06-18T06:54:05+00:00\" \/>\n<meta property=\"og:image\" content=\"https:\/\/gelidsolutions.com\/wp-content\/uploads\/2016\/08\/Pasta-Termoconduttiva-GC-PRO-1g-GELID-SOLUTIONS-31_1.jpg\" \/>\n\t<meta property=\"og:image:width\" content=\"1000\" \/>\n\t<meta property=\"og:image:height\" content=\"1000\" \/>\n\t<meta property=\"og:image:type\" content=\"image\/jpeg\" \/>\n<meta name=\"twitter:card\" content=\"summary_large_image\" \/>\n<meta name=\"twitter:label1\" content=\"Gesch\u00e4tzte Lesezeit\" \/>\n\t<meta name=\"twitter:data1\" content=\"1\u00a0Minute\" \/>\n<script type=\"application\/ld+json\" class=\"yoast-schema-graph\">{\"@context\":\"https:\\\/\\\/schema.org\",\"@graph\":[{\"@type\":\"WebPage\",\"@id\":\"https:\\\/\\\/gelidsolutions.com\\\/de\\\/produkt\\\/thermal-compound-gc-pro\\\/\",\"url\":\"https:\\\/\\\/gelidsolutions.com\\\/de\\\/produkt\\\/thermal-compound-gc-pro\\\/\",\"name\":\"GC-PRO - Gelid Solutions\",\"isPartOf\":{\"@id\":\"https:\\\/\\\/gelidsolutions.com\\\/de\\\/#website\"},\"primaryImageOfPage\":{\"@id\":\"https:\\\/\\\/gelidsolutions.com\\\/de\\\/produkt\\\/thermal-compound-gc-pro\\\/#primaryimage\"},\"image\":{\"@id\":\"https:\\\/\\\/gelidsolutions.com\\\/de\\\/produkt\\\/thermal-compound-gc-pro\\\/#primaryimage\"},\"thumbnailUrl\":\"https:\\\/\\\/gelidsolutions.com\\\/wp-content\\\/uploads\\\/2016\\\/08\\\/Pasta-Termoconduttiva-GC-PRO-1g-GELID-SOLUTIONS-31_1.jpg\",\"datePublished\":\"2016-08-01T22:39:00+00:00\",\"dateModified\":\"2022-06-18T06:54:05+00:00\",\"breadcrumb\":{\"@id\":\"https:\\\/\\\/gelidsolutions.com\\\/de\\\/produkt\\\/thermal-compound-gc-pro\\\/#breadcrumb\"},\"inLanguage\":\"de\",\"potentialAction\":[{\"@type\":\"ReadAction\",\"target\":[\"https:\\\/\\\/gelidsolutions.com\\\/de\\\/produkt\\\/thermal-compound-gc-pro\\\/\"]}]},{\"@type\":\"ImageObject\",\"inLanguage\":\"de\",\"@id\":\"https:\\\/\\\/gelidsolutions.com\\\/de\\\/produkt\\\/thermal-compound-gc-pro\\\/#primaryimage\",\"url\":\"https:\\\/\\\/gelidsolutions.com\\\/wp-content\\\/uploads\\\/2016\\\/08\\\/Pasta-Termoconduttiva-GC-PRO-1g-GELID-SOLUTIONS-31_1.jpg\",\"contentUrl\":\"https:\\\/\\\/gelidsolutions.com\\\/wp-content\\\/uploads\\\/2016\\\/08\\\/Pasta-Termoconduttiva-GC-PRO-1g-GELID-SOLUTIONS-31_1.jpg\",\"width\":1000,\"height\":1000},{\"@type\":\"BreadcrumbList\",\"@id\":\"https:\\\/\\\/gelidsolutions.com\\\/de\\\/produkt\\\/thermal-compound-gc-pro\\\/#breadcrumb\",\"itemListElement\":[{\"@type\":\"ListItem\",\"position\":1,\"name\":\"Home\",\"item\":\"https:\\\/\\\/gelidsolutions.com\\\/de\\\/\"},{\"@type\":\"ListItem\",\"position\":2,\"name\":\"Shop\",\"item\":\"https:\\\/\\\/gelidsolutions.com\\\/shop\\\/\"},{\"@type\":\"ListItem\",\"position\":3,\"name\":\"GC-PRO\"}]},{\"@type\":\"WebSite\",\"@id\":\"https:\\\/\\\/gelidsolutions.com\\\/de\\\/#website\",\"url\":\"https:\\\/\\\/gelidsolutions.com\\\/de\\\/\",\"name\":\"Gelid Solutions\",\"description\":\"\",\"publisher\":{\"@id\":\"https:\\\/\\\/gelidsolutions.com\\\/de\\\/#organization\"},\"potentialAction\":[{\"@type\":\"SearchAction\",\"target\":{\"@type\":\"EntryPoint\",\"urlTemplate\":\"https:\\\/\\\/gelidsolutions.com\\\/de\\\/?s={search_term_string}\"},\"query-input\":{\"@type\":\"PropertyValueSpecification\",\"valueRequired\":true,\"valueName\":\"search_term_string\"}}],\"inLanguage\":\"de\"},{\"@type\":\"Organization\",\"@id\":\"https:\\\/\\\/gelidsolutions.com\\\/de\\\/#organization\",\"name\":\"Gelid Solutions\",\"url\":\"https:\\\/\\\/gelidsolutions.com\\\/de\\\/\",\"logo\":{\"@type\":\"ImageObject\",\"inLanguage\":\"de\",\"@id\":\"https:\\\/\\\/gelidsolutions.com\\\/de\\\/#\\\/schema\\\/logo\\\/image\\\/\",\"url\":\"https:\\\/\\\/gelidsolutions.com\\\/wp-content\\\/uploads\\\/2022\\\/06\\\/logo_white_104_104.gif\",\"contentUrl\":\"https:\\\/\\\/gelidsolutions.com\\\/wp-content\\\/uploads\\\/2022\\\/06\\\/logo_white_104_104.gif\",\"width\":104,\"height\":104,\"caption\":\"Gelid Solutions\"},\"image\":{\"@id\":\"https:\\\/\\\/gelidsolutions.com\\\/de\\\/#\\\/schema\\\/logo\\\/image\\\/\"}}]}<\/script>\n<!-- \/ Yoast SEO plugin. -->","yoast_head_json":{"title":"GC-PRO - Gelid Solutions","robots":{"index":"index","follow":"follow","max-snippet":"max-snippet:-1","max-image-preview":"max-image-preview:large","max-video-preview":"max-video-preview:-1"},"canonical":"https:\/\/gelidsolutions.com\/de\/produkt\/thermal-compound-gc-pro\/","og_locale":"de_DE","og_type":"article","og_title":"GC-PRO - Gelid Solutions","og_description":"Merkmale:   \u00a0 \u00a0 \u00a0 \u00a0 \u25cf Herausragende W\u00e4rmeleitf\u00e4higkeit  \u00a0 \u00a0 \u00a0 \u00a0 \u25cf Nicht elektrisch leitend  \u00a0 \u00a0 \u00a0 \u00a0 \u25cf Nicht \u00e4tzend, nicht aush\u00e4rtend und nicht giftig  \u00a0 \u00a0 \u00a0 \u00a0 \u25cf Benutzerfreundlich  \u00a0 \u00a0 \u00a0 \u00a0 \u25cf Inklusive GELID Spachtel     \u00a0 \u00a0 \u00a0 \u00a0 \u25cf Nettoinhalt 5g oder 1g   &nbsp;","og_url":"https:\/\/gelidsolutions.com\/de\/produkt\/thermal-compound-gc-pro\/","og_site_name":"Gelid Solutions","article_modified_time":"2022-06-18T06:54:05+00:00","og_image":[{"width":1000,"height":1000,"url":"https:\/\/gelidsolutions.com\/wp-content\/uploads\/2016\/08\/Pasta-Termoconduttiva-GC-PRO-1g-GELID-SOLUTIONS-31_1.jpg","type":"image\/jpeg"}],"twitter_card":"summary_large_image","twitter_misc":{"Gesch\u00e4tzte Lesezeit":"1\u00a0Minute"},"schema":{"@context":"https:\/\/schema.org","@graph":[{"@type":"WebPage","@id":"https:\/\/gelidsolutions.com\/de\/produkt\/thermal-compound-gc-pro\/","url":"https:\/\/gelidsolutions.com\/de\/produkt\/thermal-compound-gc-pro\/","name":"GC-PRO - Gelid Solutions","isPartOf":{"@id":"https:\/\/gelidsolutions.com\/de\/#website"},"primaryImageOfPage":{"@id":"https:\/\/gelidsolutions.com\/de\/produkt\/thermal-compound-gc-pro\/#primaryimage"},"image":{"@id":"https:\/\/gelidsolutions.com\/de\/produkt\/thermal-compound-gc-pro\/#primaryimage"},"thumbnailUrl":"https:\/\/gelidsolutions.com\/wp-content\/uploads\/2016\/08\/Pasta-Termoconduttiva-GC-PRO-1g-GELID-SOLUTIONS-31_1.jpg","datePublished":"2016-08-01T22:39:00+00:00","dateModified":"2022-06-18T06:54:05+00:00","breadcrumb":{"@id":"https:\/\/gelidsolutions.com\/de\/produkt\/thermal-compound-gc-pro\/#breadcrumb"},"inLanguage":"de","potentialAction":[{"@type":"ReadAction","target":["https:\/\/gelidsolutions.com\/de\/produkt\/thermal-compound-gc-pro\/"]}]},{"@type":"ImageObject","inLanguage":"de","@id":"https:\/\/gelidsolutions.com\/de\/produkt\/thermal-compound-gc-pro\/#primaryimage","url":"https:\/\/gelidsolutions.com\/wp-content\/uploads\/2016\/08\/Pasta-Termoconduttiva-GC-PRO-1g-GELID-SOLUTIONS-31_1.jpg","contentUrl":"https:\/\/gelidsolutions.com\/wp-content\/uploads\/2016\/08\/Pasta-Termoconduttiva-GC-PRO-1g-GELID-SOLUTIONS-31_1.jpg","width":1000,"height":1000},{"@type":"BreadcrumbList","@id":"https:\/\/gelidsolutions.com\/de\/produkt\/thermal-compound-gc-pro\/#breadcrumb","itemListElement":[{"@type":"ListItem","position":1,"name":"Home","item":"https:\/\/gelidsolutions.com\/de\/"},{"@type":"ListItem","position":2,"name":"Shop","item":"https:\/\/gelidsolutions.com\/shop\/"},{"@type":"ListItem","position":3,"name":"GC-PRO"}]},{"@type":"WebSite","@id":"https:\/\/gelidsolutions.com\/de\/#website","url":"https:\/\/gelidsolutions.com\/de\/","name":"Gelid Solutions","description":"","publisher":{"@id":"https:\/\/gelidsolutions.com\/de\/#organization"},"potentialAction":[{"@type":"SearchAction","target":{"@type":"EntryPoint","urlTemplate":"https:\/\/gelidsolutions.com\/de\/?s={search_term_string}"},"query-input":{"@type":"PropertyValueSpecification","valueRequired":true,"valueName":"search_term_string"}}],"inLanguage":"de"},{"@type":"Organization","@id":"https:\/\/gelidsolutions.com\/de\/#organization","name":"Gelid Solutions","url":"https:\/\/gelidsolutions.com\/de\/","logo":{"@type":"ImageObject","inLanguage":"de","@id":"https:\/\/gelidsolutions.com\/de\/#\/schema\/logo\/image\/","url":"https:\/\/gelidsolutions.com\/wp-content\/uploads\/2022\/06\/logo_white_104_104.gif","contentUrl":"https:\/\/gelidsolutions.com\/wp-content\/uploads\/2022\/06\/logo_white_104_104.gif","width":104,"height":104,"caption":"Gelid Solutions"},"image":{"@id":"https:\/\/gelidsolutions.com\/de\/#\/schema\/logo\/image\/"}}]}},"_links":{"self":[{"href":"https:\/\/gelidsolutions.com\/de\/wp-json\/wp\/v2\/product\/113783","targetHints":{"allow":["GET"]}}],"collection":[{"href":"https:\/\/gelidsolutions.com\/de\/wp-json\/wp\/v2\/product"}],"about":[{"href":"https:\/\/gelidsolutions.com\/de\/wp-json\/wp\/v2\/types\/product"}],"replies":[{"embeddable":true,"href":"https:\/\/gelidsolutions.com\/de\/wp-json\/wp\/v2\/comments?post=113783"}],"wp:featuredmedia":[{"embeddable":true,"href":"https:\/\/gelidsolutions.com\/de\/wp-json\/wp\/v2\/media\/117899"}],"wp:attachment":[{"href":"https:\/\/gelidsolutions.com\/de\/wp-json\/wp\/v2\/media?parent=113783"}],"wp:term":[{"taxonomy":"product_cat","embeddable":true,"href":"https:\/\/gelidsolutions.com\/de\/wp-json\/wp\/v2\/product_cat?post=113783"},{"taxonomy":"product_tag","embeddable":true,"href":"https:\/\/gelidsolutions.com\/de\/wp-json\/wp\/v2\/product_tag?post=113783"}],"curies":[{"name":"wp","href":"https:\/\/api.w.org\/{rel}","templated":true}]}}