{"id":113784,"date":"2016-08-02T07:59:00","date_gmt":"2016-08-02T07:59:00","guid":{"rendered":"https:\/\/localhost\/gelidsolutions\/product\/accessories-pci-slot-fan-holder\/"},"modified":"2022-06-19T13:47:28","modified_gmt":"2022-06-19T13:47:28","slug":"accessories-pci-slot-fan-holder","status":"publish","type":"product","link":"https:\/\/gelidsolutions.com\/de\/produkt\/accessories-pci-slot-fan-holder\/","title":{"rendered":"PCI SLOT L\u00dcFTERHALTER"},"content":{"rendered":"<p><i><b>PCI Slot L\u00fcfterhalter (SL-PCI-02)<\/b><\/i><\/p>\n<p>Der PCI Slot Fan Holder besteht aus zwei Slim 120mm UV Blue L\u00fcfter, einem Slot mit Luftl\u00f6cher und Staubfilter und ein 3 Pin Y L\u00fcfterkabel. Dank dem PCI Slot Fan Holder bleiben deine Grafikkarte und andere Komponenten im Geh\u00e4use sch\u00f6n k\u00fchl. Beide L\u00fcfter sind nur 15.8mm dick und drehen bei 1500 rpm sehr leise. Im Vergleich zu anderen System Blower, die nur laut und wenig heisse Luft hinaus blasen, schleust der GELID PCI Slot Fan Holder den kalten Luftstrom direkt und leise auf die Grafikkarte und k\u00fchlt dadurch die GPU und die VRM signifikant.<\/p>\n<p><i><b>UVP: USD 19 \/ EUR 14<\/b><\/i><\/p>\n<p>&nbsp;<\/p>\n<p><i>EAN: 4897025781115<\/i><\/p>\n<p>&nbsp;<\/p>\n","protected":false},"excerpt":{"rendered":"<p><i><b>Merkmale:<\/b><\/i><\/p>\n<ul>\n<li>\u00a0 \u00a0 \u00a0 \u00a0 \u25cf 2 x Slim 12 UV Blue L\u00fcfter<\/li>\n<li>\u00a0 \u00a0 \u00a0 \u00a0 \u25cf Hoher Luftstrom &amp; geringem Ger\u00e4usch<\/li>\n<li>\u00a0 \u00a0 \u00a0 \u00a0 \u25cf 2 Slot Design mit Luftl\u00f6cher &amp; Staubfilter<\/li>\n<li>\u00a0 \u00a0 \u00a0 \u00a0 \u25cf 3 Pin Y-Cable Stecker<\/li>\n<\/ul>\n","protected":false},"featured_media":111543,"comment_status":"closed","ping_status":"closed","template":"","meta":{"_acf_changed":false},"product_cat":[305],"product_tag":[],"class_list":{"0":"post-113784","1":"product","2":"type-product","3":"status-publish","4":"has-post-thumbnail","6":"product_cat-kuehlloesungen","8":"first","9":"outofstock","10":"taxable","11":"shipping-taxable","12":"purchasable","13":"product-type-simple"},"supplier_id":null,"supplier_sku":"SL-PCI-02","barcode":"4897025781115","atum_controlled":true,"out_stock_date":"2022-07-12 14:18:04","out_stock_threshold":null,"inheritable":false,"inbound_stock":null,"stock_on_hold":0,"sold_today":0,"sales_last_days":0,"reserved_stock":null,"customer_returns":null,"warehouse_damage":null,"lost_in_post":null,"other_logs":null,"out_stock_days":1385,"lost_sales":0,"has_location":false,"update_date":"2026-04-28T01:10:55","atum_locations":[],"atum_stock_status":"outofstock","restock_status":false,"low_stock_amount":"","sales_update_date":"2026-04-28T01:10:55","calc_backorders":null,"acf":[],"yoast_head":"<!-- This site is optimized with the Yoast SEO plugin v27.5 - https:\/\/yoast.com\/product\/yoast-seo-wordpress\/ -->\n<title>PCI SLOT L\u00dcFTERHALTER - Gelid Solutions<\/title>\n<meta name=\"robots\" content=\"index, follow, max-snippet:-1, max-image-preview:large, max-video-preview:-1\" \/>\n<link rel=\"canonical\" href=\"https:\/\/gelidsolutions.com\/de\/produkt\/accessories-pci-slot-fan-holder\/\" \/>\n<meta property=\"og:locale\" content=\"de_DE\" \/>\n<meta property=\"og:type\" content=\"article\" \/>\n<meta property=\"og:title\" content=\"PCI SLOT L\u00dcFTERHALTER - Gelid Solutions\" \/>\n<meta property=\"og:description\" content=\"Merkmale:   \u00a0 \u00a0 \u00a0 \u00a0 \u25cf 2 x Slim 12 UV Blue L\u00fcfter  \u00a0 \u00a0 \u00a0 \u00a0 \u25cf Hoher Luftstrom &amp; geringem Ger\u00e4usch  \u00a0 \u00a0 \u00a0 \u00a0 \u25cf 2 Slot Design mit Luftl\u00f6cher &amp; Staubfilter  \u00a0 \u00a0 \u00a0 \u00a0 \u25cf 3 Pin Y-Cable Stecker\" \/>\n<meta property=\"og:url\" content=\"https:\/\/gelidsolutions.com\/de\/produkt\/accessories-pci-slot-fan-holder\/\" \/>\n<meta property=\"og:site_name\" content=\"Gelid Solutions\" \/>\n<meta property=\"article:modified_time\" content=\"2022-06-19T13:47:28+00:00\" \/>\n<meta property=\"og:image\" content=\"https:\/\/gelidsolutions.com\/wp-content\/uploads\/2022\/05\/accessories_gamer_PCI_SLOT_FAN_HOLDER_1-1.jpg\" \/>\n\t<meta property=\"og:image:width\" content=\"926\" \/>\n\t<meta property=\"og:image:height\" content=\"904\" \/>\n\t<meta property=\"og:image:type\" content=\"image\/jpeg\" \/>\n<meta name=\"twitter:card\" content=\"summary_large_image\" \/>\n<meta name=\"twitter:label1\" content=\"Gesch\u00e4tzte Lesezeit\" \/>\n\t<meta name=\"twitter:data1\" content=\"1\u00a0Minute\" \/>\n<script type=\"application\/ld+json\" class=\"yoast-schema-graph\">{\"@context\":\"https:\\\/\\\/schema.org\",\"@graph\":[{\"@type\":\"WebPage\",\"@id\":\"https:\\\/\\\/gelidsolutions.com\\\/de\\\/produkt\\\/accessories-pci-slot-fan-holder\\\/\",\"url\":\"https:\\\/\\\/gelidsolutions.com\\\/de\\\/produkt\\\/accessories-pci-slot-fan-holder\\\/\",\"name\":\"PCI SLOT L\u00dcFTERHALTER - Gelid Solutions\",\"isPartOf\":{\"@id\":\"https:\\\/\\\/gelidsolutions.com\\\/de\\\/#website\"},\"primaryImageOfPage\":{\"@id\":\"https:\\\/\\\/gelidsolutions.com\\\/de\\\/produkt\\\/accessories-pci-slot-fan-holder\\\/#primaryimage\"},\"image\":{\"@id\":\"https:\\\/\\\/gelidsolutions.com\\\/de\\\/produkt\\\/accessories-pci-slot-fan-holder\\\/#primaryimage\"},\"thumbnailUrl\":\"https:\\\/\\\/gelidsolutions.com\\\/wp-content\\\/uploads\\\/2022\\\/05\\\/accessories_gamer_PCI_SLOT_FAN_HOLDER_1-1.jpg\",\"datePublished\":\"2016-08-02T07:59:00+00:00\",\"dateModified\":\"2022-06-19T13:47:28+00:00\",\"breadcrumb\":{\"@id\":\"https:\\\/\\\/gelidsolutions.com\\\/de\\\/produkt\\\/accessories-pci-slot-fan-holder\\\/#breadcrumb\"},\"inLanguage\":\"de\",\"potentialAction\":[{\"@type\":\"ReadAction\",\"target\":[\"https:\\\/\\\/gelidsolutions.com\\\/de\\\/produkt\\\/accessories-pci-slot-fan-holder\\\/\"]}]},{\"@type\":\"ImageObject\",\"inLanguage\":\"de\",\"@id\":\"https:\\\/\\\/gelidsolutions.com\\\/de\\\/produkt\\\/accessories-pci-slot-fan-holder\\\/#primaryimage\",\"url\":\"https:\\\/\\\/gelidsolutions.com\\\/wp-content\\\/uploads\\\/2022\\\/05\\\/accessories_gamer_PCI_SLOT_FAN_HOLDER_1-1.jpg\",\"contentUrl\":\"https:\\\/\\\/gelidsolutions.com\\\/wp-content\\\/uploads\\\/2022\\\/05\\\/accessories_gamer_PCI_SLOT_FAN_HOLDER_1-1.jpg\",\"width\":926,\"height\":904},{\"@type\":\"BreadcrumbList\",\"@id\":\"https:\\\/\\\/gelidsolutions.com\\\/de\\\/produkt\\\/accessories-pci-slot-fan-holder\\\/#breadcrumb\",\"itemListElement\":[{\"@type\":\"ListItem\",\"position\":1,\"name\":\"Home\",\"item\":\"https:\\\/\\\/gelidsolutions.com\\\/de\\\/\"},{\"@type\":\"ListItem\",\"position\":2,\"name\":\"Shop\",\"item\":\"https:\\\/\\\/gelidsolutions.com\\\/shop\\\/\"},{\"@type\":\"ListItem\",\"position\":3,\"name\":\"PCI SLOT L\u00dcFTERHALTER\"}]},{\"@type\":\"WebSite\",\"@id\":\"https:\\\/\\\/gelidsolutions.com\\\/de\\\/#website\",\"url\":\"https:\\\/\\\/gelidsolutions.com\\\/de\\\/\",\"name\":\"Gelid Solutions\",\"description\":\"\",\"publisher\":{\"@id\":\"https:\\\/\\\/gelidsolutions.com\\\/de\\\/#organization\"},\"potentialAction\":[{\"@type\":\"SearchAction\",\"target\":{\"@type\":\"EntryPoint\",\"urlTemplate\":\"https:\\\/\\\/gelidsolutions.com\\\/de\\\/?s={search_term_string}\"},\"query-input\":{\"@type\":\"PropertyValueSpecification\",\"valueRequired\":true,\"valueName\":\"search_term_string\"}}],\"inLanguage\":\"de\"},{\"@type\":\"Organization\",\"@id\":\"https:\\\/\\\/gelidsolutions.com\\\/de\\\/#organization\",\"name\":\"Gelid Solutions\",\"url\":\"https:\\\/\\\/gelidsolutions.com\\\/de\\\/\",\"logo\":{\"@type\":\"ImageObject\",\"inLanguage\":\"de\",\"@id\":\"https:\\\/\\\/gelidsolutions.com\\\/de\\\/#\\\/schema\\\/logo\\\/image\\\/\",\"url\":\"https:\\\/\\\/gelidsolutions.com\\\/wp-content\\\/uploads\\\/2022\\\/06\\\/logo_white_104_104.gif\",\"contentUrl\":\"https:\\\/\\\/gelidsolutions.com\\\/wp-content\\\/uploads\\\/2022\\\/06\\\/logo_white_104_104.gif\",\"width\":104,\"height\":104,\"caption\":\"Gelid Solutions\"},\"image\":{\"@id\":\"https:\\\/\\\/gelidsolutions.com\\\/de\\\/#\\\/schema\\\/logo\\\/image\\\/\"}}]}<\/script>\n<!-- \/ Yoast SEO plugin. -->","yoast_head_json":{"title":"PCI SLOT L\u00dcFTERHALTER - Gelid Solutions","robots":{"index":"index","follow":"follow","max-snippet":"max-snippet:-1","max-image-preview":"max-image-preview:large","max-video-preview":"max-video-preview:-1"},"canonical":"https:\/\/gelidsolutions.com\/de\/produkt\/accessories-pci-slot-fan-holder\/","og_locale":"de_DE","og_type":"article","og_title":"PCI SLOT L\u00dcFTERHALTER - Gelid Solutions","og_description":"Merkmale:   \u00a0 \u00a0 \u00a0 \u00a0 \u25cf 2 x Slim 12 UV Blue L\u00fcfter  \u00a0 \u00a0 \u00a0 \u00a0 \u25cf Hoher Luftstrom &amp; geringem Ger\u00e4usch  \u00a0 \u00a0 \u00a0 \u00a0 \u25cf 2 Slot Design mit Luftl\u00f6cher &amp; Staubfilter  \u00a0 \u00a0 \u00a0 \u00a0 \u25cf 3 Pin Y-Cable Stecker","og_url":"https:\/\/gelidsolutions.com\/de\/produkt\/accessories-pci-slot-fan-holder\/","og_site_name":"Gelid Solutions","article_modified_time":"2022-06-19T13:47:28+00:00","og_image":[{"width":926,"height":904,"url":"https:\/\/gelidsolutions.com\/wp-content\/uploads\/2022\/05\/accessories_gamer_PCI_SLOT_FAN_HOLDER_1-1.jpg","type":"image\/jpeg"}],"twitter_card":"summary_large_image","twitter_misc":{"Gesch\u00e4tzte Lesezeit":"1\u00a0Minute"},"schema":{"@context":"https:\/\/schema.org","@graph":[{"@type":"WebPage","@id":"https:\/\/gelidsolutions.com\/de\/produkt\/accessories-pci-slot-fan-holder\/","url":"https:\/\/gelidsolutions.com\/de\/produkt\/accessories-pci-slot-fan-holder\/","name":"PCI SLOT L\u00dcFTERHALTER - Gelid Solutions","isPartOf":{"@id":"https:\/\/gelidsolutions.com\/de\/#website"},"primaryImageOfPage":{"@id":"https:\/\/gelidsolutions.com\/de\/produkt\/accessories-pci-slot-fan-holder\/#primaryimage"},"image":{"@id":"https:\/\/gelidsolutions.com\/de\/produkt\/accessories-pci-slot-fan-holder\/#primaryimage"},"thumbnailUrl":"https:\/\/gelidsolutions.com\/wp-content\/uploads\/2022\/05\/accessories_gamer_PCI_SLOT_FAN_HOLDER_1-1.jpg","datePublished":"2016-08-02T07:59:00+00:00","dateModified":"2022-06-19T13:47:28+00:00","breadcrumb":{"@id":"https:\/\/gelidsolutions.com\/de\/produkt\/accessories-pci-slot-fan-holder\/#breadcrumb"},"inLanguage":"de","potentialAction":[{"@type":"ReadAction","target":["https:\/\/gelidsolutions.com\/de\/produkt\/accessories-pci-slot-fan-holder\/"]}]},{"@type":"ImageObject","inLanguage":"de","@id":"https:\/\/gelidsolutions.com\/de\/produkt\/accessories-pci-slot-fan-holder\/#primaryimage","url":"https:\/\/gelidsolutions.com\/wp-content\/uploads\/2022\/05\/accessories_gamer_PCI_SLOT_FAN_HOLDER_1-1.jpg","contentUrl":"https:\/\/gelidsolutions.com\/wp-content\/uploads\/2022\/05\/accessories_gamer_PCI_SLOT_FAN_HOLDER_1-1.jpg","width":926,"height":904},{"@type":"BreadcrumbList","@id":"https:\/\/gelidsolutions.com\/de\/produkt\/accessories-pci-slot-fan-holder\/#breadcrumb","itemListElement":[{"@type":"ListItem","position":1,"name":"Home","item":"https:\/\/gelidsolutions.com\/de\/"},{"@type":"ListItem","position":2,"name":"Shop","item":"https:\/\/gelidsolutions.com\/shop\/"},{"@type":"ListItem","position":3,"name":"PCI SLOT L\u00dcFTERHALTER"}]},{"@type":"WebSite","@id":"https:\/\/gelidsolutions.com\/de\/#website","url":"https:\/\/gelidsolutions.com\/de\/","name":"Gelid Solutions","description":"","publisher":{"@id":"https:\/\/gelidsolutions.com\/de\/#organization"},"potentialAction":[{"@type":"SearchAction","target":{"@type":"EntryPoint","urlTemplate":"https:\/\/gelidsolutions.com\/de\/?s={search_term_string}"},"query-input":{"@type":"PropertyValueSpecification","valueRequired":true,"valueName":"search_term_string"}}],"inLanguage":"de"},{"@type":"Organization","@id":"https:\/\/gelidsolutions.com\/de\/#organization","name":"Gelid Solutions","url":"https:\/\/gelidsolutions.com\/de\/","logo":{"@type":"ImageObject","inLanguage":"de","@id":"https:\/\/gelidsolutions.com\/de\/#\/schema\/logo\/image\/","url":"https:\/\/gelidsolutions.com\/wp-content\/uploads\/2022\/06\/logo_white_104_104.gif","contentUrl":"https:\/\/gelidsolutions.com\/wp-content\/uploads\/2022\/06\/logo_white_104_104.gif","width":104,"height":104,"caption":"Gelid Solutions"},"image":{"@id":"https:\/\/gelidsolutions.com\/de\/#\/schema\/logo\/image\/"}}]}},"_links":{"self":[{"href":"https:\/\/gelidsolutions.com\/de\/wp-json\/wp\/v2\/product\/113784","targetHints":{"allow":["GET"]}}],"collection":[{"href":"https:\/\/gelidsolutions.com\/de\/wp-json\/wp\/v2\/product"}],"about":[{"href":"https:\/\/gelidsolutions.com\/de\/wp-json\/wp\/v2\/types\/product"}],"replies":[{"embeddable":true,"href":"https:\/\/gelidsolutions.com\/de\/wp-json\/wp\/v2\/comments?post=113784"}],"wp:featuredmedia":[{"embeddable":true,"href":"https:\/\/gelidsolutions.com\/de\/wp-json\/wp\/v2\/media\/111543"}],"wp:attachment":[{"href":"https:\/\/gelidsolutions.com\/de\/wp-json\/wp\/v2\/media?parent=113784"}],"wp:term":[{"taxonomy":"product_cat","embeddable":true,"href":"https:\/\/gelidsolutions.com\/de\/wp-json\/wp\/v2\/product_cat?post=113784"},{"taxonomy":"product_tag","embeddable":true,"href":"https:\/\/gelidsolutions.com\/de\/wp-json\/wp\/v2\/product_tag?post=113784"}],"curies":[{"name":"wp","href":"https:\/\/api.w.org\/{rel}","templated":true}]}}