{"id":113787,"date":"2016-08-02T03:52:00","date_gmt":"2016-08-01T19:52:00","guid":{"rendered":"https:\/\/localhost\/gelidsolutions\/product\/accessories-speedtouch-6\/"},"modified":"2022-12-01T15:52:39","modified_gmt":"2022-12-01T07:52:39","slug":"accessories-speedtouch-6","status":"publish","type":"product","link":"https:\/\/gelidsolutions.com\/de\/produkt\/accessories-speedtouch-6\/","title":{"rendered":"SPEEDTOUCH 6"},"content":{"rendered":"<p><i><b>SpeedTouch 6 <\/b><\/i>(FC-LC-01)<br \/>\n<i>LED L\u00fcfterkontroller mit Touch Screen f\u00fcr 6 x 30 W Kan\u00e4le<br \/>\n<\/i><\/p>\n<p>&nbsp;<\/p>\n<p>Das \u201eSpeedTouch 6\u201c bietet insgesamt 6 Kan\u00e4le mit einer Leistung von 30 W pro Kanal. Dieser L\u00fcfterregler mit Aluminiumgeh\u00e4use ist mit allen Arten von L\u00fcftern mit Spannungsregelung kompatibel. Jeder Kanal enth\u00e4lt einen Temperatursensor. Die Geschwindigkeit jedes Kanals kann automatisch oder manuell angepasst werden. Um eine bestimmte Genauigkeit der L\u00fcftergeschwindigkeit sicherzustellen, wird die L\u00fcftergeschwindigkeit mit einer zweistelligen Genauigkeit angezeigt. Beispielsweise wenn die effektive Geschwindigkeit 1653 U \/ min betr\u00e4gt, wird sie als 1650 U \/ min angezeigt. Die Temperatur wird in Celsius oder Fahrenheit angezeigt. Des Weiteren kann die Helligkeit des Bedienfelds kann nach Wunsch eingestellt werden.<\/p>\n<p>&nbsp;<\/p>\n<p><i>EAN: 4897025780897<\/i><\/p>\n<p>&nbsp;<\/p>\n","protected":false},"excerpt":{"rendered":"<ul>\n<li>\u00a0Kapazitives Touchscreen-Panel<\/li>\n<li>\u00a06 L\u00fcfterkan\u00e4le mit jeweils 30W pro Kanal<\/li>\n<li>\u00a06 Temperatursensoren<\/li>\n<li>\u00a0Autom. \/ man. Geschwindigkeitskontrolle<\/li>\n<li>\u00a0Man. EIN\/ AUS Schalter f\u00fcr L\u00fcfter\/ Pumpe<\/li>\n<li>\u00a0Temperatureinheit in Celsius oder Fahrenheit<\/li>\n<\/ul>\n","protected":false},"featured_media":111497,"comment_status":"closed","ping_status":"closed","template":"","meta":{"_acf_changed":false},"product_cat":[320],"product_tag":[562,567,553],"class_list":{"0":"post-113787","1":"product","2":"type-product","3":"status-publish","4":"has-post-thumbnail","6":"product_cat-zubehoer-archiv","7":"product_tag-accessories-de","8":"product_tag-gamer-zubehor","9":"product_tag-thermal-solution-de","11":"first","12":"outofstock","13":"taxable","14":"shipping-taxable","15":"purchasable","16":"product-type-simple"},"supplier_id":null,"supplier_sku":"FC-LC-01","barcode":"4897025780897","atum_controlled":true,"out_stock_date":"2022-07-12 14:18:04","out_stock_threshold":null,"inheritable":false,"inbound_stock":null,"stock_on_hold":0,"sold_today":0,"sales_last_days":0,"reserved_stock":null,"customer_returns":null,"warehouse_damage":null,"lost_in_post":null,"other_logs":null,"out_stock_days":1383,"lost_sales":0,"has_location":false,"update_date":"2026-04-26T01:09:52","atum_locations":[],"atum_stock_status":"outofstock","restock_status":false,"low_stock_amount":"","sales_update_date":"2026-04-26T01:09:52","calc_backorders":null,"acf":[],"yoast_head":"<!-- This site is optimized with the Yoast SEO plugin v27.4 - https:\/\/yoast.com\/product\/yoast-seo-wordpress\/ -->\n<title>SPEEDTOUCH 6 - Gelid Solutions<\/title>\n<meta name=\"robots\" content=\"index, follow, max-snippet:-1, max-image-preview:large, max-video-preview:-1\" \/>\n<link rel=\"canonical\" href=\"https:\/\/gelidsolutions.com\/de\/produkt\/accessories-speedtouch-6\/\" \/>\n<meta property=\"og:locale\" content=\"de_DE\" \/>\n<meta property=\"og:type\" content=\"article\" \/>\n<meta property=\"og:title\" content=\"SPEEDTOUCH 6 - Gelid Solutions\" \/>\n<meta property=\"og:description\" content=\"\u00a0Kapazitives Touchscreen-Panel  \u00a06 L\u00fcfterkan\u00e4le mit jeweils 30W pro Kanal  \u00a06 Temperatursensoren  \u00a0Autom. \/ man. Geschwindigkeitskontrolle  \u00a0Man. EIN\/ AUS Schalter f\u00fcr L\u00fcfter\/ Pumpe  \u00a0Temperatureinheit in Celsius oder Fahrenheit\" \/>\n<meta property=\"og:url\" content=\"https:\/\/gelidsolutions.com\/de\/produkt\/accessories-speedtouch-6\/\" \/>\n<meta property=\"og:site_name\" content=\"Gelid Solutions\" \/>\n<meta property=\"article:modified_time\" content=\"2022-12-01T07:52:39+00:00\" \/>\n<meta property=\"og:image\" content=\"https:\/\/gelidsolutions.com\/wp-content\/uploads\/2022\/05\/accessories_gamer_SPEEDTOUCH_6_1.jpg\" \/>\n\t<meta property=\"og:image:width\" content=\"2048\" \/>\n\t<meta property=\"og:image:height\" content=\"1536\" \/>\n\t<meta property=\"og:image:type\" content=\"image\/jpeg\" \/>\n<meta name=\"twitter:card\" content=\"summary_large_image\" \/>\n<meta name=\"twitter:label1\" content=\"Gesch\u00e4tzte Lesezeit\" \/>\n\t<meta name=\"twitter:data1\" content=\"1\u00a0Minute\" \/>\n<script type=\"application\/ld+json\" class=\"yoast-schema-graph\">{\"@context\":\"https:\\\/\\\/schema.org\",\"@graph\":[{\"@type\":\"WebPage\",\"@id\":\"https:\\\/\\\/gelidsolutions.com\\\/de\\\/produkt\\\/accessories-speedtouch-6\\\/\",\"url\":\"https:\\\/\\\/gelidsolutions.com\\\/de\\\/produkt\\\/accessories-speedtouch-6\\\/\",\"name\":\"SPEEDTOUCH 6 - Gelid Solutions\",\"isPartOf\":{\"@id\":\"https:\\\/\\\/gelidsolutions.com\\\/de\\\/#website\"},\"primaryImageOfPage\":{\"@id\":\"https:\\\/\\\/gelidsolutions.com\\\/de\\\/produkt\\\/accessories-speedtouch-6\\\/#primaryimage\"},\"image\":{\"@id\":\"https:\\\/\\\/gelidsolutions.com\\\/de\\\/produkt\\\/accessories-speedtouch-6\\\/#primaryimage\"},\"thumbnailUrl\":\"https:\\\/\\\/gelidsolutions.com\\\/wp-content\\\/uploads\\\/2022\\\/05\\\/accessories_gamer_SPEEDTOUCH_6_1.jpg\",\"datePublished\":\"2016-08-01T19:52:00+00:00\",\"dateModified\":\"2022-12-01T07:52:39+00:00\",\"breadcrumb\":{\"@id\":\"https:\\\/\\\/gelidsolutions.com\\\/de\\\/produkt\\\/accessories-speedtouch-6\\\/#breadcrumb\"},\"inLanguage\":\"de\",\"potentialAction\":[{\"@type\":\"ReadAction\",\"target\":[\"https:\\\/\\\/gelidsolutions.com\\\/de\\\/produkt\\\/accessories-speedtouch-6\\\/\"]}]},{\"@type\":\"ImageObject\",\"inLanguage\":\"de\",\"@id\":\"https:\\\/\\\/gelidsolutions.com\\\/de\\\/produkt\\\/accessories-speedtouch-6\\\/#primaryimage\",\"url\":\"https:\\\/\\\/gelidsolutions.com\\\/wp-content\\\/uploads\\\/2022\\\/05\\\/accessories_gamer_SPEEDTOUCH_6_1.jpg\",\"contentUrl\":\"https:\\\/\\\/gelidsolutions.com\\\/wp-content\\\/uploads\\\/2022\\\/05\\\/accessories_gamer_SPEEDTOUCH_6_1.jpg\",\"width\":2048,\"height\":1536},{\"@type\":\"BreadcrumbList\",\"@id\":\"https:\\\/\\\/gelidsolutions.com\\\/de\\\/produkt\\\/accessories-speedtouch-6\\\/#breadcrumb\",\"itemListElement\":[{\"@type\":\"ListItem\",\"position\":1,\"name\":\"Home\",\"item\":\"https:\\\/\\\/gelidsolutions.com\\\/de\\\/\"},{\"@type\":\"ListItem\",\"position\":2,\"name\":\"Shop\",\"item\":\"https:\\\/\\\/gelidsolutions.com\\\/shop\\\/\"},{\"@type\":\"ListItem\",\"position\":3,\"name\":\"SPEEDTOUCH 6\"}]},{\"@type\":\"WebSite\",\"@id\":\"https:\\\/\\\/gelidsolutions.com\\\/de\\\/#website\",\"url\":\"https:\\\/\\\/gelidsolutions.com\\\/de\\\/\",\"name\":\"Gelid Solutions\",\"description\":\"\",\"publisher\":{\"@id\":\"https:\\\/\\\/gelidsolutions.com\\\/de\\\/#organization\"},\"potentialAction\":[{\"@type\":\"SearchAction\",\"target\":{\"@type\":\"EntryPoint\",\"urlTemplate\":\"https:\\\/\\\/gelidsolutions.com\\\/de\\\/?s={search_term_string}\"},\"query-input\":{\"@type\":\"PropertyValueSpecification\",\"valueRequired\":true,\"valueName\":\"search_term_string\"}}],\"inLanguage\":\"de\"},{\"@type\":\"Organization\",\"@id\":\"https:\\\/\\\/gelidsolutions.com\\\/de\\\/#organization\",\"name\":\"Gelid Solutions\",\"url\":\"https:\\\/\\\/gelidsolutions.com\\\/de\\\/\",\"logo\":{\"@type\":\"ImageObject\",\"inLanguage\":\"de\",\"@id\":\"https:\\\/\\\/gelidsolutions.com\\\/de\\\/#\\\/schema\\\/logo\\\/image\\\/\",\"url\":\"https:\\\/\\\/gelidsolutions.com\\\/wp-content\\\/uploads\\\/2022\\\/06\\\/logo_white_104_104.gif\",\"contentUrl\":\"https:\\\/\\\/gelidsolutions.com\\\/wp-content\\\/uploads\\\/2022\\\/06\\\/logo_white_104_104.gif\",\"width\":104,\"height\":104,\"caption\":\"Gelid Solutions\"},\"image\":{\"@id\":\"https:\\\/\\\/gelidsolutions.com\\\/de\\\/#\\\/schema\\\/logo\\\/image\\\/\"}}]}<\/script>\n<!-- \/ Yoast SEO plugin. -->","yoast_head_json":{"title":"SPEEDTOUCH 6 - Gelid Solutions","robots":{"index":"index","follow":"follow","max-snippet":"max-snippet:-1","max-image-preview":"max-image-preview:large","max-video-preview":"max-video-preview:-1"},"canonical":"https:\/\/gelidsolutions.com\/de\/produkt\/accessories-speedtouch-6\/","og_locale":"de_DE","og_type":"article","og_title":"SPEEDTOUCH 6 - Gelid Solutions","og_description":"\u00a0Kapazitives Touchscreen-Panel  \u00a06 L\u00fcfterkan\u00e4le mit jeweils 30W pro Kanal  \u00a06 Temperatursensoren  \u00a0Autom. \/ man. Geschwindigkeitskontrolle  \u00a0Man. EIN\/ AUS Schalter f\u00fcr L\u00fcfter\/ Pumpe  \u00a0Temperatureinheit in Celsius oder Fahrenheit","og_url":"https:\/\/gelidsolutions.com\/de\/produkt\/accessories-speedtouch-6\/","og_site_name":"Gelid Solutions","article_modified_time":"2022-12-01T07:52:39+00:00","og_image":[{"width":2048,"height":1536,"url":"https:\/\/gelidsolutions.com\/wp-content\/uploads\/2022\/05\/accessories_gamer_SPEEDTOUCH_6_1.jpg","type":"image\/jpeg"}],"twitter_card":"summary_large_image","twitter_misc":{"Gesch\u00e4tzte Lesezeit":"1\u00a0Minute"},"schema":{"@context":"https:\/\/schema.org","@graph":[{"@type":"WebPage","@id":"https:\/\/gelidsolutions.com\/de\/produkt\/accessories-speedtouch-6\/","url":"https:\/\/gelidsolutions.com\/de\/produkt\/accessories-speedtouch-6\/","name":"SPEEDTOUCH 6 - Gelid Solutions","isPartOf":{"@id":"https:\/\/gelidsolutions.com\/de\/#website"},"primaryImageOfPage":{"@id":"https:\/\/gelidsolutions.com\/de\/produkt\/accessories-speedtouch-6\/#primaryimage"},"image":{"@id":"https:\/\/gelidsolutions.com\/de\/produkt\/accessories-speedtouch-6\/#primaryimage"},"thumbnailUrl":"https:\/\/gelidsolutions.com\/wp-content\/uploads\/2022\/05\/accessories_gamer_SPEEDTOUCH_6_1.jpg","datePublished":"2016-08-01T19:52:00+00:00","dateModified":"2022-12-01T07:52:39+00:00","breadcrumb":{"@id":"https:\/\/gelidsolutions.com\/de\/produkt\/accessories-speedtouch-6\/#breadcrumb"},"inLanguage":"de","potentialAction":[{"@type":"ReadAction","target":["https:\/\/gelidsolutions.com\/de\/produkt\/accessories-speedtouch-6\/"]}]},{"@type":"ImageObject","inLanguage":"de","@id":"https:\/\/gelidsolutions.com\/de\/produkt\/accessories-speedtouch-6\/#primaryimage","url":"https:\/\/gelidsolutions.com\/wp-content\/uploads\/2022\/05\/accessories_gamer_SPEEDTOUCH_6_1.jpg","contentUrl":"https:\/\/gelidsolutions.com\/wp-content\/uploads\/2022\/05\/accessories_gamer_SPEEDTOUCH_6_1.jpg","width":2048,"height":1536},{"@type":"BreadcrumbList","@id":"https:\/\/gelidsolutions.com\/de\/produkt\/accessories-speedtouch-6\/#breadcrumb","itemListElement":[{"@type":"ListItem","position":1,"name":"Home","item":"https:\/\/gelidsolutions.com\/de\/"},{"@type":"ListItem","position":2,"name":"Shop","item":"https:\/\/gelidsolutions.com\/shop\/"},{"@type":"ListItem","position":3,"name":"SPEEDTOUCH 6"}]},{"@type":"WebSite","@id":"https:\/\/gelidsolutions.com\/de\/#website","url":"https:\/\/gelidsolutions.com\/de\/","name":"Gelid Solutions","description":"","publisher":{"@id":"https:\/\/gelidsolutions.com\/de\/#organization"},"potentialAction":[{"@type":"SearchAction","target":{"@type":"EntryPoint","urlTemplate":"https:\/\/gelidsolutions.com\/de\/?s={search_term_string}"},"query-input":{"@type":"PropertyValueSpecification","valueRequired":true,"valueName":"search_term_string"}}],"inLanguage":"de"},{"@type":"Organization","@id":"https:\/\/gelidsolutions.com\/de\/#organization","name":"Gelid Solutions","url":"https:\/\/gelidsolutions.com\/de\/","logo":{"@type":"ImageObject","inLanguage":"de","@id":"https:\/\/gelidsolutions.com\/de\/#\/schema\/logo\/image\/","url":"https:\/\/gelidsolutions.com\/wp-content\/uploads\/2022\/06\/logo_white_104_104.gif","contentUrl":"https:\/\/gelidsolutions.com\/wp-content\/uploads\/2022\/06\/logo_white_104_104.gif","width":104,"height":104,"caption":"Gelid Solutions"},"image":{"@id":"https:\/\/gelidsolutions.com\/de\/#\/schema\/logo\/image\/"}}]}},"_links":{"self":[{"href":"https:\/\/gelidsolutions.com\/de\/wp-json\/wp\/v2\/product\/113787","targetHints":{"allow":["GET"]}}],"collection":[{"href":"https:\/\/gelidsolutions.com\/de\/wp-json\/wp\/v2\/product"}],"about":[{"href":"https:\/\/gelidsolutions.com\/de\/wp-json\/wp\/v2\/types\/product"}],"replies":[{"embeddable":true,"href":"https:\/\/gelidsolutions.com\/de\/wp-json\/wp\/v2\/comments?post=113787"}],"wp:featuredmedia":[{"embeddable":true,"href":"https:\/\/gelidsolutions.com\/de\/wp-json\/wp\/v2\/media\/111497"}],"wp:attachment":[{"href":"https:\/\/gelidsolutions.com\/de\/wp-json\/wp\/v2\/media?parent=113787"}],"wp:term":[{"taxonomy":"product_cat","embeddable":true,"href":"https:\/\/gelidsolutions.com\/de\/wp-json\/wp\/v2\/product_cat?post=113787"},{"taxonomy":"product_tag","embeddable":true,"href":"https:\/\/gelidsolutions.com\/de\/wp-json\/wp\/v2\/product_tag?post=113787"}],"curies":[{"name":"wp","href":"https:\/\/api.w.org\/{rel}","templated":true}]}}