{"id":113789,"date":"2019-10-28T15:05:00","date_gmt":"2019-10-28T07:05:00","guid":{"rendered":"https:\/\/localhost\/gelidsolutions\/product\/accessories-gp-extreme\/"},"modified":"2024-02-07T12:53:19","modified_gmt":"2024-02-07T04:53:19","slug":"zubehor-gp-extrem","status":"publish","type":"product","link":"https:\/\/gelidsolutions.com\/de\/produkt\/zubehor-gp-extrem\/","title":{"rendered":"Gelid Solutions GP -Extreme &#8211; 80 x 40 W\u00e4rmeleitpad"},"content":{"rendered":"<h2><i><b>GP-Extreme W\u00e4rmeleitpads-Serie<br \/>\n<\/b><\/i><\/h2>\n<h3><\/h3>\n<h3>Das hochmoderne Thermal Pad<\/h3>\n<p>&nbsp;<\/p>\n<p>Dickenvarianten:<br \/>\nEinzelverpackung (TP-GP01-A) 0,5 mm, (TP-GP01-B) 1,0 mm, (TP-GP01-C) 1,5 mm, (TP-GP01-D) 2,0 mm, (TP-GP01-F) 2,5 mm, (TP-GP01-E) 3,0 mm<br \/>\n&amp;<br \/>\nDoppelpackung (TP-VP01-A) 0,5 mm, (TP-VP01-B) 1,0 mm, (TP-VP01-C) 1,5 mm, (TP-VP01-D) 2,0 mm, (TP-VP01-F) 2,5 mm (TP-VP01-E) 3,0 mm<\/p>\n<p><b>Gelid Extreme W\u00e4rmepads<\/b><span style=\"font-weight: 400;\"> sind<\/span><span style=\"font-weight: 400;\"> entwickelt, um bei der Installation auf Leiterplatten mit H\u00f6henunterschieden und unebenen Oberfl\u00e4chen, wie z. B. Mikrocontroller-Einheiten, Speicher-ICs, Analog-ICs, MOSFETs und anderen SMD-Komponenten, einen perfekten W\u00e4rmekontakt zum K\u00fchlk\u00f6rper zu gew\u00e4hrleisten. Dank seiner Weichheit und ultimativen W\u00e4rmeleitf\u00e4higkeit f\u00fcllt das GP-Extreme die R\u00e4ume richtig aus und bietet die beste Leistung in seiner Klasse. <\/span><b>Gelid Thermopads <\/b><span style=\"font-weight: 400;\">sind<\/span><span style=\"font-weight: 400;\"> nicht elektrisch leitf\u00e4hig, nicht korrosiv, nicht aush\u00e4rtend und nicht giftig. Der GP-Extreme gew\u00e4hrleistet eine einfache<\/span> <span style=\"font-weight: 400;\"> Bewerbung<\/span><b>, <\/b><span style=\"font-weight: 400;\">und die Abmessungen des W\u00e4rmeleitpads von 80\u00d740 mm eignen sich optimal f\u00fcr gro\u00dfe Leiterplattenfl\u00e4chen von VGA-Karten, Laptops, Spielekonsolen und anderen dicht gepackten Ger\u00e4ten.<\/span><\/p>\n<p>&nbsp;<\/p>\n<p><img loading=\"lazy\" decoding=\"async\" class=\"alignnone wp-image-36052 size-full\" src=\"https:\/\/gelidsolutions.com\/wp-content\/uploads\/2021\/10\/gp-extreme120-test.jpg\" alt=\"GP-Extrem 120x120\" width=\"590\" height=\"385\" \/><\/p>\n<p>&nbsp;<\/p>\n<p><strong>Hinweis: Bitte entfernen Sie vor der Anwendung die Schutzfolien von beiden Seiten!<\/strong><\/p>\n<p><strong>Nach dem Auftragen wird die Form des W\u00e4rmeleitpads komprimiert und verformt und ist nicht wieder verwendbar. <\/strong><\/p>\n<p>&nbsp;<\/p>\n<p><strong>EAN (Einzelverpackung 1 Stk.):<\/strong><br \/>\n<i>EAN (0.5mm): 4897025781191<\/i><br \/>\n<i>EAN (1mm): 4897025781207<\/i><br \/>\n<i>EAN (1.5mm): 4897025781443<\/i><br \/>\n<i>EAN (2mm): 4897025781528<\/i><br \/>\n<i>EAN (2.5mm): 4897025783423<\/i><br \/>\n<i>EAN (3mm): 4897025781634<\/i><\/p>\n<p><strong>EAN (Doppelpackung 2 Stk.):<\/strong><br \/>\n<i>EAN (0.5mm): 4897025783362<\/i><br \/>\n<i>EAN (1mm): 4897025783379<\/i><br \/>\n<i>EAN (1.5mm): 4897025783386<\/i><br \/>\n<i>EAN (2mm): 4897025783393<\/i><br \/>\n<i>EAN (2.5mm): 4897025783416<\/i><br \/>\nN (3mm): 4897025783409<\/p>\n<p><iframe loading=\"lazy\" title=\"Thermal Pad Showdown! What you should (and Shouldn&#039;t) Buy\" width=\"500\" height=\"281\" src=\"https:\/\/www.youtube.com\/embed\/vdIIA57treo?feature=oembed\" frameborder=\"0\" allow=\"accelerometer; autoplay; clipboard-write; encrypted-media; gyroscope; picture-in-picture; web-share\" referrerpolicy=\"strict-origin-when-cross-origin\" allowfullscreen><\/iframe><\/p>\n","protected":false},"excerpt":{"rendered":"<ul>\n<li>\u00a0Ultimative W\u00e4rmeleitf\u00e4higkeit<\/li>\n<li>\u00a0Nicht elektrisch leitf\u00e4hig<\/li>\n<li>\u00a0Nicht korrosiv, nicht aush\u00e4rtend &amp; ungiftig<\/li>\n<li>\u00a0Einfache Anwendung<\/li>\n<li>\u00a0Perfekt f\u00fcr RAM-Speicher, VRM &amp; SSD vom Typ M.2<\/li>\n<\/ul>\n","protected":false},"featured_media":121741,"comment_status":"closed","ping_status":"closed","template":"","meta":{"_acf_changed":false},"product_cat":[548,549,327,305,315,318],"product_tag":[562,567,553],"class_list":{"0":"post-113789","1":"product","2":"type-product","3":"status-publish","4":"has-post-thumbnail","6":"product_cat-award-winning-thermal-solutions-collections-de","7":"product_cat-collections-de","8":"product_cat-gamer-zubehoer","9":"product_cat-kuehlloesungen","10":"product_cat-waermeleitpads","11":"product_cat-zubehoer","12":"product_tag-accessories-de","13":"product_tag-gamer-zubehor","14":"product_tag-thermal-solution-de","15":"pa_size-0-5mm-de","16":"pa_size-1-0mm-de","17":"pa_size-1-5mm-de","18":"pa_size-2-0mm-de","19":"pa_size-2-5mm-de","20":"pa_size-3-0mm-de","21":"pa_size-value-pack-0-5mm-de","22":"pa_size-value-pack-1-0mm-de","23":"pa_size-value-pack-1-5mm-de","24":"pa_size-value-pack-2-0mm-de","25":"pa_size-value-pack-2-5mm-de","26":"pa_size-value-pack-3-0mm-de","28":"first","29":"instock","30":"taxable","31":"shipping-taxable","32":"purchasable","33":"product-type-variable","34":"has-default-attributes"},"supplier_id":null,"supplier_sku":"","barcode":null,"atum_controlled":true,"out_stock_date":null,"out_stock_threshold":null,"inheritable":true,"inbound_stock":0,"stock_on_hold":0,"sold_today":0,"sales_last_days":0,"reserved_stock":0,"customer_returns":0,"warehouse_damage":0,"lost_in_post":0,"other_logs":0,"out_stock_days":0,"lost_sales":0,"has_location":false,"update_date":"2026-05-17T00:03:50","atum_locations":[],"atum_stock_status":"instock","restock_status":false,"low_stock_amount":"","sales_update_date":"2026-05-17T00:03:50","calc_backorders":null,"acf":[],"yoast_head":"<!-- This site is optimized with the Yoast SEO plugin v27.6 - https:\/\/yoast.com\/product\/yoast-seo-wordpress\/ -->\n<title>GP-EXTREME 80x40 W\u00e4rmeleitpad f\u00fcr CPU kaufen | Gelid Solutions<\/title>\n<meta name=\"description\" content=\"Das GP-EXTREME 80x40 Thermal Pad von Gelid Solutions ist eine hochleistungsf\u00e4hige thermische Schnittstelle, die Unebenheiten und L\u00fccken zwischen der CPU und der K\u00fchll\u00f6sung ausf\u00fcllt, um eine optimale W\u00e4rme\u00fcbertragung zu gew\u00e4hrleisten.\" \/>\n<meta name=\"robots\" content=\"index, follow, max-snippet:-1, max-image-preview:large, max-video-preview:-1\" \/>\n<link rel=\"canonical\" href=\"https:\/\/gelidsolutions.com\/de\/produkt\/zubehor-gp-extrem\/\" \/>\n<meta property=\"og:locale\" content=\"de_DE\" \/>\n<meta property=\"og:type\" content=\"article\" \/>\n<meta property=\"og:title\" content=\"GP-EXTREME 80x40 W\u00e4rmeleitpad f\u00fcr CPU kaufen | Gelid Solutions\" \/>\n<meta property=\"og:description\" content=\"Das GP-EXTREME 80x40 Thermal Pad von Gelid Solutions ist eine hochleistungsf\u00e4hige thermische Schnittstelle, die Unebenheiten und L\u00fccken zwischen der CPU und der K\u00fchll\u00f6sung ausf\u00fcllt, um eine optimale W\u00e4rme\u00fcbertragung zu gew\u00e4hrleisten.\" \/>\n<meta property=\"og:url\" content=\"https:\/\/gelidsolutions.com\/de\/produkt\/zubehor-gp-extrem\/\" \/>\n<meta property=\"og:site_name\" content=\"Gelid Solutions\" \/>\n<meta property=\"article:modified_time\" content=\"2024-02-07T04:53:19+00:00\" \/>\n<meta property=\"og:image\" content=\"https:\/\/gelidsolutions.com\/wp-content\/uploads\/2019\/10\/Gelid-GP-EXTREME-80x40-Thermal-Pad.png\" \/>\n\t<meta property=\"og:image:width\" content=\"2720\" \/>\n\t<meta property=\"og:image:height\" content=\"2720\" \/>\n\t<meta property=\"og:image:type\" content=\"image\/png\" \/>\n<meta name=\"twitter:card\" content=\"summary_large_image\" \/>\n<meta name=\"twitter:label1\" content=\"Gesch\u00e4tzte Lesezeit\" \/>\n\t<meta name=\"twitter:data1\" content=\"2\u00a0Minuten\" \/>\n<script type=\"application\/ld+json\" class=\"yoast-schema-graph\">{\"@context\":\"https:\\\/\\\/schema.org\",\"@graph\":[{\"@type\":\"WebPage\",\"@id\":\"https:\\\/\\\/gelidsolutions.com\\\/de\\\/produkt\\\/zubehor-gp-extrem\\\/\",\"url\":\"https:\\\/\\\/gelidsolutions.com\\\/de\\\/produkt\\\/zubehor-gp-extrem\\\/\",\"name\":\"GP-EXTREME 80x40 W\u00e4rmeleitpad f\u00fcr CPU kaufen | Gelid Solutions\",\"isPartOf\":{\"@id\":\"https:\\\/\\\/gelidsolutions.com\\\/de\\\/#website\"},\"primaryImageOfPage\":{\"@id\":\"https:\\\/\\\/gelidsolutions.com\\\/de\\\/produkt\\\/zubehor-gp-extrem\\\/#primaryimage\"},\"image\":{\"@id\":\"https:\\\/\\\/gelidsolutions.com\\\/de\\\/produkt\\\/zubehor-gp-extrem\\\/#primaryimage\"},\"thumbnailUrl\":\"https:\\\/\\\/gelidsolutions.com\\\/wp-content\\\/uploads\\\/2019\\\/10\\\/Gelid-GP-EXTREME-80x40-Thermal-Pad.png\",\"datePublished\":\"2019-10-28T07:05:00+00:00\",\"dateModified\":\"2024-02-07T04:53:19+00:00\",\"description\":\"Das GP-EXTREME 80x40 Thermal Pad von Gelid Solutions ist eine hochleistungsf\u00e4hige thermische Schnittstelle, die Unebenheiten und L\u00fccken zwischen der CPU und der K\u00fchll\u00f6sung ausf\u00fcllt, um eine optimale W\u00e4rme\u00fcbertragung zu gew\u00e4hrleisten.\",\"breadcrumb\":{\"@id\":\"https:\\\/\\\/gelidsolutions.com\\\/de\\\/produkt\\\/zubehor-gp-extrem\\\/#breadcrumb\"},\"inLanguage\":\"de\",\"potentialAction\":[{\"@type\":\"ReadAction\",\"target\":[\"https:\\\/\\\/gelidsolutions.com\\\/de\\\/produkt\\\/zubehor-gp-extrem\\\/\"]}]},{\"@type\":\"ImageObject\",\"inLanguage\":\"de\",\"@id\":\"https:\\\/\\\/gelidsolutions.com\\\/de\\\/produkt\\\/zubehor-gp-extrem\\\/#primaryimage\",\"url\":\"https:\\\/\\\/gelidsolutions.com\\\/wp-content\\\/uploads\\\/2019\\\/10\\\/Gelid-GP-EXTREME-80x40-Thermal-Pad.png\",\"contentUrl\":\"https:\\\/\\\/gelidsolutions.com\\\/wp-content\\\/uploads\\\/2019\\\/10\\\/Gelid-GP-EXTREME-80x40-Thermal-Pad.png\",\"width\":2720,\"height\":2720,\"caption\":\"Gelid Solutions GP-EXTREME 80x40 W\u00e4rmeleitpads\"},{\"@type\":\"BreadcrumbList\",\"@id\":\"https:\\\/\\\/gelidsolutions.com\\\/de\\\/produkt\\\/zubehor-gp-extrem\\\/#breadcrumb\",\"itemListElement\":[{\"@type\":\"ListItem\",\"position\":1,\"name\":\"Home\",\"item\":\"https:\\\/\\\/gelidsolutions.com\\\/de\\\/\"},{\"@type\":\"ListItem\",\"position\":2,\"name\":\"Shop\",\"item\":\"https:\\\/\\\/gelidsolutions.com\\\/shop\\\/\"},{\"@type\":\"ListItem\",\"position\":3,\"name\":\"Gelid Solutions GP -Extreme &#8211; 80 x 40 W\u00e4rmeleitpad\"}]},{\"@type\":\"WebSite\",\"@id\":\"https:\\\/\\\/gelidsolutions.com\\\/de\\\/#website\",\"url\":\"https:\\\/\\\/gelidsolutions.com\\\/de\\\/\",\"name\":\"Gelid Solutions\",\"description\":\"\",\"publisher\":{\"@id\":\"https:\\\/\\\/gelidsolutions.com\\\/de\\\/#organization\"},\"potentialAction\":[{\"@type\":\"SearchAction\",\"target\":{\"@type\":\"EntryPoint\",\"urlTemplate\":\"https:\\\/\\\/gelidsolutions.com\\\/de\\\/?s={search_term_string}\"},\"query-input\":{\"@type\":\"PropertyValueSpecification\",\"valueRequired\":true,\"valueName\":\"search_term_string\"}}],\"inLanguage\":\"de\"},{\"@type\":\"Organization\",\"@id\":\"https:\\\/\\\/gelidsolutions.com\\\/de\\\/#organization\",\"name\":\"Gelid Solutions\",\"url\":\"https:\\\/\\\/gelidsolutions.com\\\/de\\\/\",\"logo\":{\"@type\":\"ImageObject\",\"inLanguage\":\"de\",\"@id\":\"https:\\\/\\\/gelidsolutions.com\\\/de\\\/#\\\/schema\\\/logo\\\/image\\\/\",\"url\":\"https:\\\/\\\/gelidsolutions.com\\\/wp-content\\\/uploads\\\/2022\\\/06\\\/logo_white_104_104.gif\",\"contentUrl\":\"https:\\\/\\\/gelidsolutions.com\\\/wp-content\\\/uploads\\\/2022\\\/06\\\/logo_white_104_104.gif\",\"width\":104,\"height\":104,\"caption\":\"Gelid Solutions\"},\"image\":{\"@id\":\"https:\\\/\\\/gelidsolutions.com\\\/de\\\/#\\\/schema\\\/logo\\\/image\\\/\"}}]}<\/script>\n<!-- \/ Yoast SEO plugin. -->","yoast_head_json":{"title":"GP-EXTREME 80x40 W\u00e4rmeleitpad f\u00fcr CPU kaufen | Gelid Solutions","description":"Das GP-EXTREME 80x40 Thermal Pad von Gelid Solutions ist eine hochleistungsf\u00e4hige thermische Schnittstelle, die Unebenheiten und L\u00fccken zwischen der CPU und der K\u00fchll\u00f6sung ausf\u00fcllt, um eine optimale W\u00e4rme\u00fcbertragung zu gew\u00e4hrleisten.","robots":{"index":"index","follow":"follow","max-snippet":"max-snippet:-1","max-image-preview":"max-image-preview:large","max-video-preview":"max-video-preview:-1"},"canonical":"https:\/\/gelidsolutions.com\/de\/produkt\/zubehor-gp-extrem\/","og_locale":"de_DE","og_type":"article","og_title":"GP-EXTREME 80x40 W\u00e4rmeleitpad f\u00fcr CPU kaufen | Gelid Solutions","og_description":"Das GP-EXTREME 80x40 Thermal Pad von Gelid Solutions ist eine hochleistungsf\u00e4hige thermische Schnittstelle, die Unebenheiten und L\u00fccken zwischen der CPU und der K\u00fchll\u00f6sung ausf\u00fcllt, um eine optimale W\u00e4rme\u00fcbertragung zu gew\u00e4hrleisten.","og_url":"https:\/\/gelidsolutions.com\/de\/produkt\/zubehor-gp-extrem\/","og_site_name":"Gelid Solutions","article_modified_time":"2024-02-07T04:53:19+00:00","og_image":[{"width":2720,"height":2720,"url":"https:\/\/gelidsolutions.com\/wp-content\/uploads\/2019\/10\/Gelid-GP-EXTREME-80x40-Thermal-Pad.png","type":"image\/png"}],"twitter_card":"summary_large_image","twitter_misc":{"Gesch\u00e4tzte Lesezeit":"2\u00a0Minuten"},"schema":{"@context":"https:\/\/schema.org","@graph":[{"@type":"WebPage","@id":"https:\/\/gelidsolutions.com\/de\/produkt\/zubehor-gp-extrem\/","url":"https:\/\/gelidsolutions.com\/de\/produkt\/zubehor-gp-extrem\/","name":"GP-EXTREME 80x40 W\u00e4rmeleitpad f\u00fcr CPU kaufen | Gelid Solutions","isPartOf":{"@id":"https:\/\/gelidsolutions.com\/de\/#website"},"primaryImageOfPage":{"@id":"https:\/\/gelidsolutions.com\/de\/produkt\/zubehor-gp-extrem\/#primaryimage"},"image":{"@id":"https:\/\/gelidsolutions.com\/de\/produkt\/zubehor-gp-extrem\/#primaryimage"},"thumbnailUrl":"https:\/\/gelidsolutions.com\/wp-content\/uploads\/2019\/10\/Gelid-GP-EXTREME-80x40-Thermal-Pad.png","datePublished":"2019-10-28T07:05:00+00:00","dateModified":"2024-02-07T04:53:19+00:00","description":"Das GP-EXTREME 80x40 Thermal Pad von Gelid Solutions ist eine hochleistungsf\u00e4hige thermische Schnittstelle, die Unebenheiten und L\u00fccken zwischen der CPU und der K\u00fchll\u00f6sung ausf\u00fcllt, um eine optimale W\u00e4rme\u00fcbertragung zu gew\u00e4hrleisten.","breadcrumb":{"@id":"https:\/\/gelidsolutions.com\/de\/produkt\/zubehor-gp-extrem\/#breadcrumb"},"inLanguage":"de","potentialAction":[{"@type":"ReadAction","target":["https:\/\/gelidsolutions.com\/de\/produkt\/zubehor-gp-extrem\/"]}]},{"@type":"ImageObject","inLanguage":"de","@id":"https:\/\/gelidsolutions.com\/de\/produkt\/zubehor-gp-extrem\/#primaryimage","url":"https:\/\/gelidsolutions.com\/wp-content\/uploads\/2019\/10\/Gelid-GP-EXTREME-80x40-Thermal-Pad.png","contentUrl":"https:\/\/gelidsolutions.com\/wp-content\/uploads\/2019\/10\/Gelid-GP-EXTREME-80x40-Thermal-Pad.png","width":2720,"height":2720,"caption":"Gelid Solutions GP-EXTREME 80x40 W\u00e4rmeleitpads"},{"@type":"BreadcrumbList","@id":"https:\/\/gelidsolutions.com\/de\/produkt\/zubehor-gp-extrem\/#breadcrumb","itemListElement":[{"@type":"ListItem","position":1,"name":"Home","item":"https:\/\/gelidsolutions.com\/de\/"},{"@type":"ListItem","position":2,"name":"Shop","item":"https:\/\/gelidsolutions.com\/shop\/"},{"@type":"ListItem","position":3,"name":"Gelid Solutions GP -Extreme &#8211; 80 x 40 W\u00e4rmeleitpad"}]},{"@type":"WebSite","@id":"https:\/\/gelidsolutions.com\/de\/#website","url":"https:\/\/gelidsolutions.com\/de\/","name":"Gelid Solutions","description":"","publisher":{"@id":"https:\/\/gelidsolutions.com\/de\/#organization"},"potentialAction":[{"@type":"SearchAction","target":{"@type":"EntryPoint","urlTemplate":"https:\/\/gelidsolutions.com\/de\/?s={search_term_string}"},"query-input":{"@type":"PropertyValueSpecification","valueRequired":true,"valueName":"search_term_string"}}],"inLanguage":"de"},{"@type":"Organization","@id":"https:\/\/gelidsolutions.com\/de\/#organization","name":"Gelid Solutions","url":"https:\/\/gelidsolutions.com\/de\/","logo":{"@type":"ImageObject","inLanguage":"de","@id":"https:\/\/gelidsolutions.com\/de\/#\/schema\/logo\/image\/","url":"https:\/\/gelidsolutions.com\/wp-content\/uploads\/2022\/06\/logo_white_104_104.gif","contentUrl":"https:\/\/gelidsolutions.com\/wp-content\/uploads\/2022\/06\/logo_white_104_104.gif","width":104,"height":104,"caption":"Gelid Solutions"},"image":{"@id":"https:\/\/gelidsolutions.com\/de\/#\/schema\/logo\/image\/"}}]}},"_links":{"self":[{"href":"https:\/\/gelidsolutions.com\/de\/wp-json\/wp\/v2\/product\/113789","targetHints":{"allow":["GET"]}}],"collection":[{"href":"https:\/\/gelidsolutions.com\/de\/wp-json\/wp\/v2\/product"}],"about":[{"href":"https:\/\/gelidsolutions.com\/de\/wp-json\/wp\/v2\/types\/product"}],"replies":[{"embeddable":true,"href":"https:\/\/gelidsolutions.com\/de\/wp-json\/wp\/v2\/comments?post=113789"}],"wp:featuredmedia":[{"embeddable":true,"href":"https:\/\/gelidsolutions.com\/de\/wp-json\/wp\/v2\/media\/121741"}],"wp:attachment":[{"href":"https:\/\/gelidsolutions.com\/de\/wp-json\/wp\/v2\/media?parent=113789"}],"wp:term":[{"taxonomy":"product_cat","embeddable":true,"href":"https:\/\/gelidsolutions.com\/de\/wp-json\/wp\/v2\/product_cat?post=113789"},{"taxonomy":"product_tag","embeddable":true,"href":"https:\/\/gelidsolutions.com\/de\/wp-json\/wp\/v2\/product_tag?post=113789"}],"curies":[{"name":"wp","href":"https:\/\/api.w.org\/{rel}","templated":true}]}}