{"id":113790,"date":"2016-08-02T07:25:00","date_gmt":"2016-08-02T07:25:00","guid":{"rendered":"https:\/\/localhost\/gelidsolutions\/product\/accessories-upgrade-kit-for-icy-vision\/"},"modified":"2022-05-31T07:43:40","modified_gmt":"2022-05-31T07:43:40","slug":"accessories-upgrade-kit-for-icy-vision","status":"publish","type":"product","link":"https:\/\/gelidsolutions.com\/de\/produkt\/accessories-upgrade-kit-for-icy-vision\/","title":{"rendered":"ICY VISION UPGRADE KIT"},"content":{"rendered":"<p><b><i>ICY Vision Upgrade Kit:<\/i><\/b><br \/>\n&#8211; Erweiterung der Kompatibilit\u00e4t des Icy Vision (rev. 1) auf AMD HD6850 &amp; HD 6870, NV GTX 460, GTX 465,\u00a0GTX\u00a0 470, GTX480, GTX 570 &amp; GTX580<\/p>\n<p>&#8211; Kurzes Schraubenkopf Design f\u00fcr eine bessere Kompatibilit\u00e4t von SLI \/ CF<\/p>\n<p>&#8211; Inklusive neue VRM K\u00fchlk\u00f6rper fheatsinks f\u00fcr verschiedene Grafikkarten<\/p>\n<p>&nbsp;<\/p>\n<p><i><b>UVP: USD 9.99 \/ EUR 6.9<\/b><\/i><\/p>\n","protected":false},"excerpt":{"rendered":"<p>Erweitern Sie die Kompatibilit\u00e4t des ICY Vision VGA K\u00fchlers auf AMD HD6850 &amp; HD 6870, NV GTX 460, GTX 465, GTX 470, GTX480, GTX 570 &amp; GTX580<\/p>\n","protected":false},"featured_media":111588,"comment_status":"closed","ping_status":"closed","template":"","meta":{"_acf_changed":false},"product_cat":[251,337,357],"product_tag":[],"class_list":{"0":"post-113790","1":"product","2":"type-product","3":"status-publish","4":"has-post-thumbnail","6":"product_cat-accessories-archive-product-archive","7":"product_cat-337","8":"product_cat-357","10":"first","11":"outofstock","12":"taxable","13":"shipping-taxable","14":"purchasable","15":"product-type-simple"},"supplier_id":null,"supplier_sku":"","barcode":null,"atum_controlled":true,"out_stock_date":null,"out_stock_threshold":null,"inheritable":false,"inbound_stock":0,"stock_on_hold":0,"sold_today":0,"sales_last_days":0,"reserved_stock":0,"customer_returns":0,"warehouse_damage":0,"lost_in_post":0,"other_logs":0,"out_stock_days":0,"lost_sales":0,"has_location":false,"update_date":"2026-04-03T00:03:06","atum_locations":[],"atum_stock_status":"outofstock","restock_status":false,"low_stock_amount":"","sales_update_date":"2026-04-03T00:03:06","calc_backorders":null,"acf":[],"yoast_head":"<!-- This site is optimized with the Yoast SEO plugin v27.3 - https:\/\/yoast.com\/product\/yoast-seo-wordpress\/ -->\n<title>ICY VISION UPGRADE KIT - Gelid Solutions<\/title>\n<meta name=\"robots\" content=\"index, follow, max-snippet:-1, max-image-preview:large, max-video-preview:-1\" \/>\n<link rel=\"canonical\" href=\"https:\/\/gelidsolutions.com\/de\/produkt\/accessories-upgrade-kit-for-icy-vision\/\" \/>\n<meta property=\"og:locale\" content=\"de_DE\" \/>\n<meta property=\"og:type\" content=\"article\" \/>\n<meta property=\"og:title\" content=\"ICY VISION UPGRADE KIT - Gelid Solutions\" \/>\n<meta property=\"og:description\" content=\"Erweitern Sie die Kompatibilit\u00e4t des ICY Vision VGA K\u00fchlers auf AMD HD6850 &amp; HD 6870, NV GTX 460, GTX 465, GTX 470, GTX480, GTX 570 &amp; GTX580\" \/>\n<meta property=\"og:url\" content=\"https:\/\/gelidsolutions.com\/de\/produkt\/accessories-upgrade-kit-for-icy-vision\/\" \/>\n<meta property=\"og:site_name\" content=\"Gelid Solutions\" \/>\n<meta property=\"article:modified_time\" content=\"2022-05-31T07:43:40+00:00\" \/>\n<meta property=\"og:image\" content=\"https:\/\/gelidsolutions.com\/wp-content\/uploads\/2022\/05\/accessories_gamer_UPGRADE_KIT_ICY_VISION_1.jpg\" \/>\n\t<meta property=\"og:image:width\" content=\"2048\" \/>\n\t<meta property=\"og:image:height\" content=\"1536\" \/>\n\t<meta property=\"og:image:type\" content=\"image\/jpeg\" \/>\n<meta name=\"twitter:card\" content=\"summary_large_image\" \/>\n<script type=\"application\/ld+json\" class=\"yoast-schema-graph\">{\"@context\":\"https:\\\/\\\/schema.org\",\"@graph\":[{\"@type\":\"WebPage\",\"@id\":\"https:\\\/\\\/gelidsolutions.com\\\/de\\\/produkt\\\/accessories-upgrade-kit-for-icy-vision\\\/\",\"url\":\"https:\\\/\\\/gelidsolutions.com\\\/de\\\/produkt\\\/accessories-upgrade-kit-for-icy-vision\\\/\",\"name\":\"ICY VISION UPGRADE KIT - Gelid Solutions\",\"isPartOf\":{\"@id\":\"https:\\\/\\\/gelidsolutions.com\\\/de\\\/#website\"},\"primaryImageOfPage\":{\"@id\":\"https:\\\/\\\/gelidsolutions.com\\\/de\\\/produkt\\\/accessories-upgrade-kit-for-icy-vision\\\/#primaryimage\"},\"image\":{\"@id\":\"https:\\\/\\\/gelidsolutions.com\\\/de\\\/produkt\\\/accessories-upgrade-kit-for-icy-vision\\\/#primaryimage\"},\"thumbnailUrl\":\"https:\\\/\\\/gelidsolutions.com\\\/wp-content\\\/uploads\\\/2022\\\/05\\\/accessories_gamer_UPGRADE_KIT_ICY_VISION_1.jpg\",\"datePublished\":\"2016-08-02T07:25:00+00:00\",\"dateModified\":\"2022-05-31T07:43:40+00:00\",\"breadcrumb\":{\"@id\":\"https:\\\/\\\/gelidsolutions.com\\\/de\\\/produkt\\\/accessories-upgrade-kit-for-icy-vision\\\/#breadcrumb\"},\"inLanguage\":\"de\",\"potentialAction\":[{\"@type\":\"ReadAction\",\"target\":[\"https:\\\/\\\/gelidsolutions.com\\\/de\\\/produkt\\\/accessories-upgrade-kit-for-icy-vision\\\/\"]}]},{\"@type\":\"ImageObject\",\"inLanguage\":\"de\",\"@id\":\"https:\\\/\\\/gelidsolutions.com\\\/de\\\/produkt\\\/accessories-upgrade-kit-for-icy-vision\\\/#primaryimage\",\"url\":\"https:\\\/\\\/gelidsolutions.com\\\/wp-content\\\/uploads\\\/2022\\\/05\\\/accessories_gamer_UPGRADE_KIT_ICY_VISION_1.jpg\",\"contentUrl\":\"https:\\\/\\\/gelidsolutions.com\\\/wp-content\\\/uploads\\\/2022\\\/05\\\/accessories_gamer_UPGRADE_KIT_ICY_VISION_1.jpg\",\"width\":2048,\"height\":1536},{\"@type\":\"BreadcrumbList\",\"@id\":\"https:\\\/\\\/gelidsolutions.com\\\/de\\\/produkt\\\/accessories-upgrade-kit-for-icy-vision\\\/#breadcrumb\",\"itemListElement\":[{\"@type\":\"ListItem\",\"position\":1,\"name\":\"Home\",\"item\":\"https:\\\/\\\/gelidsolutions.com\\\/de\\\/\"},{\"@type\":\"ListItem\",\"position\":2,\"name\":\"Shop\",\"item\":\"https:\\\/\\\/gelidsolutions.com\\\/shop\\\/\"},{\"@type\":\"ListItem\",\"position\":3,\"name\":\"ICY VISION UPGRADE KIT\"}]},{\"@type\":\"WebSite\",\"@id\":\"https:\\\/\\\/gelidsolutions.com\\\/de\\\/#website\",\"url\":\"https:\\\/\\\/gelidsolutions.com\\\/de\\\/\",\"name\":\"Gelid Solutions\",\"description\":\"\",\"publisher\":{\"@id\":\"https:\\\/\\\/gelidsolutions.com\\\/de\\\/#organization\"},\"potentialAction\":[{\"@type\":\"SearchAction\",\"target\":{\"@type\":\"EntryPoint\",\"urlTemplate\":\"https:\\\/\\\/gelidsolutions.com\\\/de\\\/?s={search_term_string}\"},\"query-input\":{\"@type\":\"PropertyValueSpecification\",\"valueRequired\":true,\"valueName\":\"search_term_string\"}}],\"inLanguage\":\"de\"},{\"@type\":\"Organization\",\"@id\":\"https:\\\/\\\/gelidsolutions.com\\\/de\\\/#organization\",\"name\":\"Gelid Solutions\",\"url\":\"https:\\\/\\\/gelidsolutions.com\\\/de\\\/\",\"logo\":{\"@type\":\"ImageObject\",\"inLanguage\":\"de\",\"@id\":\"https:\\\/\\\/gelidsolutions.com\\\/de\\\/#\\\/schema\\\/logo\\\/image\\\/\",\"url\":\"https:\\\/\\\/gelidsolutions.com\\\/wp-content\\\/uploads\\\/2022\\\/06\\\/logo_white_104_104.gif\",\"contentUrl\":\"https:\\\/\\\/gelidsolutions.com\\\/wp-content\\\/uploads\\\/2022\\\/06\\\/logo_white_104_104.gif\",\"width\":104,\"height\":104,\"caption\":\"Gelid Solutions\"},\"image\":{\"@id\":\"https:\\\/\\\/gelidsolutions.com\\\/de\\\/#\\\/schema\\\/logo\\\/image\\\/\"}}]}<\/script>\n<!-- \/ Yoast SEO plugin. -->","yoast_head_json":{"title":"ICY VISION UPGRADE KIT - Gelid Solutions","robots":{"index":"index","follow":"follow","max-snippet":"max-snippet:-1","max-image-preview":"max-image-preview:large","max-video-preview":"max-video-preview:-1"},"canonical":"https:\/\/gelidsolutions.com\/de\/produkt\/accessories-upgrade-kit-for-icy-vision\/","og_locale":"de_DE","og_type":"article","og_title":"ICY VISION UPGRADE KIT - Gelid Solutions","og_description":"Erweitern Sie die Kompatibilit\u00e4t des ICY Vision VGA K\u00fchlers auf AMD HD6850 &amp; HD 6870, NV GTX 460, GTX 465, GTX 470, GTX480, GTX 570 &amp; GTX580","og_url":"https:\/\/gelidsolutions.com\/de\/produkt\/accessories-upgrade-kit-for-icy-vision\/","og_site_name":"Gelid Solutions","article_modified_time":"2022-05-31T07:43:40+00:00","og_image":[{"width":2048,"height":1536,"url":"https:\/\/gelidsolutions.com\/wp-content\/uploads\/2022\/05\/accessories_gamer_UPGRADE_KIT_ICY_VISION_1.jpg","type":"image\/jpeg"}],"twitter_card":"summary_large_image","schema":{"@context":"https:\/\/schema.org","@graph":[{"@type":"WebPage","@id":"https:\/\/gelidsolutions.com\/de\/produkt\/accessories-upgrade-kit-for-icy-vision\/","url":"https:\/\/gelidsolutions.com\/de\/produkt\/accessories-upgrade-kit-for-icy-vision\/","name":"ICY VISION UPGRADE KIT - Gelid Solutions","isPartOf":{"@id":"https:\/\/gelidsolutions.com\/de\/#website"},"primaryImageOfPage":{"@id":"https:\/\/gelidsolutions.com\/de\/produkt\/accessories-upgrade-kit-for-icy-vision\/#primaryimage"},"image":{"@id":"https:\/\/gelidsolutions.com\/de\/produkt\/accessories-upgrade-kit-for-icy-vision\/#primaryimage"},"thumbnailUrl":"https:\/\/gelidsolutions.com\/wp-content\/uploads\/2022\/05\/accessories_gamer_UPGRADE_KIT_ICY_VISION_1.jpg","datePublished":"2016-08-02T07:25:00+00:00","dateModified":"2022-05-31T07:43:40+00:00","breadcrumb":{"@id":"https:\/\/gelidsolutions.com\/de\/produkt\/accessories-upgrade-kit-for-icy-vision\/#breadcrumb"},"inLanguage":"de","potentialAction":[{"@type":"ReadAction","target":["https:\/\/gelidsolutions.com\/de\/produkt\/accessories-upgrade-kit-for-icy-vision\/"]}]},{"@type":"ImageObject","inLanguage":"de","@id":"https:\/\/gelidsolutions.com\/de\/produkt\/accessories-upgrade-kit-for-icy-vision\/#primaryimage","url":"https:\/\/gelidsolutions.com\/wp-content\/uploads\/2022\/05\/accessories_gamer_UPGRADE_KIT_ICY_VISION_1.jpg","contentUrl":"https:\/\/gelidsolutions.com\/wp-content\/uploads\/2022\/05\/accessories_gamer_UPGRADE_KIT_ICY_VISION_1.jpg","width":2048,"height":1536},{"@type":"BreadcrumbList","@id":"https:\/\/gelidsolutions.com\/de\/produkt\/accessories-upgrade-kit-for-icy-vision\/#breadcrumb","itemListElement":[{"@type":"ListItem","position":1,"name":"Home","item":"https:\/\/gelidsolutions.com\/de\/"},{"@type":"ListItem","position":2,"name":"Shop","item":"https:\/\/gelidsolutions.com\/shop\/"},{"@type":"ListItem","position":3,"name":"ICY VISION UPGRADE KIT"}]},{"@type":"WebSite","@id":"https:\/\/gelidsolutions.com\/de\/#website","url":"https:\/\/gelidsolutions.com\/de\/","name":"Gelid Solutions","description":"","publisher":{"@id":"https:\/\/gelidsolutions.com\/de\/#organization"},"potentialAction":[{"@type":"SearchAction","target":{"@type":"EntryPoint","urlTemplate":"https:\/\/gelidsolutions.com\/de\/?s={search_term_string}"},"query-input":{"@type":"PropertyValueSpecification","valueRequired":true,"valueName":"search_term_string"}}],"inLanguage":"de"},{"@type":"Organization","@id":"https:\/\/gelidsolutions.com\/de\/#organization","name":"Gelid Solutions","url":"https:\/\/gelidsolutions.com\/de\/","logo":{"@type":"ImageObject","inLanguage":"de","@id":"https:\/\/gelidsolutions.com\/de\/#\/schema\/logo\/image\/","url":"https:\/\/gelidsolutions.com\/wp-content\/uploads\/2022\/06\/logo_white_104_104.gif","contentUrl":"https:\/\/gelidsolutions.com\/wp-content\/uploads\/2022\/06\/logo_white_104_104.gif","width":104,"height":104,"caption":"Gelid Solutions"},"image":{"@id":"https:\/\/gelidsolutions.com\/de\/#\/schema\/logo\/image\/"}}]}},"_links":{"self":[{"href":"https:\/\/gelidsolutions.com\/de\/wp-json\/wp\/v2\/product\/113790","targetHints":{"allow":["GET"]}}],"collection":[{"href":"https:\/\/gelidsolutions.com\/de\/wp-json\/wp\/v2\/product"}],"about":[{"href":"https:\/\/gelidsolutions.com\/de\/wp-json\/wp\/v2\/types\/product"}],"replies":[{"embeddable":true,"href":"https:\/\/gelidsolutions.com\/de\/wp-json\/wp\/v2\/comments?post=113790"}],"wp:featuredmedia":[{"embeddable":true,"href":"https:\/\/gelidsolutions.com\/de\/wp-json\/wp\/v2\/media\/111588"}],"wp:attachment":[{"href":"https:\/\/gelidsolutions.com\/de\/wp-json\/wp\/v2\/media?parent=113790"}],"wp:term":[{"taxonomy":"product_cat","embeddable":true,"href":"https:\/\/gelidsolutions.com\/de\/wp-json\/wp\/v2\/product_cat?post=113790"},{"taxonomy":"product_tag","embeddable":true,"href":"https:\/\/gelidsolutions.com\/de\/wp-json\/wp\/v2\/product_tag?post=113790"}],"curies":[{"name":"wp","href":"https:\/\/api.w.org\/{rel}","templated":true}]}}