{"id":113794,"date":"2016-08-02T07:16:00","date_gmt":"2016-08-02T07:16:00","guid":{"rendered":"https:\/\/localhost\/gelidsolutions\/product\/vga-cooler-rev-2-icy-vision-2\/"},"modified":"2022-06-18T06:14:54","modified_gmt":"2022-06-18T06:14:54","slug":"vga-cooler-rev-2-icy-vision-2","status":"publish","type":"product","link":"https:\/\/gelidsolutions.com\/de\/produkt\/vga-cooler-rev-2-icy-vision-2\/","title":{"rendered":"REV.2 ICY VISION"},"content":{"rendered":"<p><b><i>ICY VISION (GC-VGA02-01)<\/i><\/b><\/p>\n<p>&nbsp;<\/p>\n<p><i><b>Kompatibel mit:*<\/b><\/i><br \/>\nAMD\u2122:\u00a0\u00a0\u00a0 HD4850, HD4870, HD4890, HD5830, HD5850, HD5870, HD6850, HD6870, HD6950*, HD6970*, HD7850, 7870, R9 270X, R9 290X, R9 290 and R9 390\/X<br \/>\nNvidia\u2122: 9800GT, 9800GTX, GTS250, GTX260, 275, 280, 285, GTS450, GTX 460, GTX465, GTX470, GTX480, GTX550TI, GTX560TI, GTX570, GTX580, Quadro 4000, GTX680, <b>GTX Titan, GTX770 (mit Verwendung von Abstandshaltern),\u00a0 GTX 780, Titan X,\u00a0GTX1070* und GTX1080#<br \/>\n<\/b><\/p>\n<p>&nbsp;<\/p>\n<p><a href=\"https:\/\/gelidsolutions.com\/product-pdf\/index.php?lid=1&amp;cid=13&amp;id=62\" target=\"_blank\" rel=\"noopener\">*<\/a><b><i><a href=\"https:\/\/gelidsolutions.com\/product-pdf\/index.php?lid=1&amp;cid=13&amp;id=62\" target=\"_blank\" rel=\"noopener\">* In Kombination mit dem Erweiterungs-Set f\u00fcr Rev. 2 ICY Vision FOR AMD 6900 SERIES<\/a> <\/i><\/b><\/p>\n<p><a href=\"https:\/\/gelidsolutions.com\/thermal-solutions\/icy-vision-gtx10701080-enhancement-kit\/\"><em><strong>#In Kombination mit dem Erweiterungs-Set f\u00fcr Rev. 2 ICY Vision FOR GTX1070 \/ 1080<\/strong><\/em><\/a><\/p>\n<p>&nbsp;<\/p>\n<p>Die Gew\u00e4hrleistung der Kompatibilit\u00e4t bezieht sich nur auf das Referenzlayout von AMD &amp; Nvidia. GELID Solutions \u00fcbernimmt keine Garantie f\u00fcr Inkompatibili\u00e4t von nicht standardisierten Karten. Bitte \u00fcberpr\u00fcfen Sie mit unserer <a href=\"https:\/\/gelidsolutions.com\/clients\/gelid\/userfiles\/height_restriction_drawing(1).pdf\">Restriktionszeichnung<\/a>. Alle Marken- und Warenzeichen sind Eigentum ihrer jeweiligen Besitzer. Installationsanleitung f\u00fcr <a href=\"https:\/\/gelidsolutions.com\/clients\/gelid\/userfiles\/In_A3_4870_r9.pdf\" target=\"_blank\" rel=\"noopener\">AMD<\/a> Karte und <a href=\"https:\/\/gelidsolutions.com\/clients\/gelid\/userfiles\/In_A3_NV280_r12_.pdf\" target=\"_blank\" rel=\"noopener\">Nvidia<\/a> Karte zum herunterladen.<\/p>\n<p>&nbsp;<\/p>\n<p><i><b>Design Konzept:<\/b><\/i><\/p>\n<p>Der Rev. 2 ICY VISION umfasst \u00fcber 5 kr\u00e4ftige W\u00e4rmeleitungen, 10 effektiven Hitze\u00fcbetragunsgkan\u00e4len und 85 optimierte und hochwertige 0.4mm dicke Aluminiumlamellen. Zusammen mit einer Flachstapelflosse und gel\u00f6teter Kupferbasis erm\u00f6glicht dies, die effizienteste W\u00e4rme\u00fcbertragung und -ableitung von der GPU.<br \/>\nNeben dem K\u00fchlk\u00f6rper erzeugen zwei 92-mm-UV-reaktive L\u00fcfter mit 11 Klingen in S-Form einen zus\u00e4tzlichen Luftstrom von 20% mehr als herk\u00f6mmliche L\u00fcfter. Der L\u00fcfter enth\u00e4lt ein hochwertiges Kugellager, um eine l\u00e4ngere Lebenszeit in Umgebungen mit hohen Temperaturen zu gew\u00e4hrleisten.<\/p>\n<p><img loading=\"lazy\" decoding=\"async\" src=\"https:\/\/gelidsolutions.com\/clients\/gelid\/userfiles\/image\/air_flow_01(1).gif\" alt=\"\" width=\"600\" height=\"263\" border=\"0\" \/><\/p>\n<p>Beide VGA-L\u00fcfter blasen kalte Luft direkt auf die Karte<\/p>\n<p><img loading=\"lazy\" decoding=\"async\" src=\"https:\/\/gelidsolutions.com\/clients\/gelid\/userfiles\/image\/air_flow_02(1).gif\" alt=\"\" width=\"600\" height=\"660\" border=\"0\" \/><\/p>\n<p>w\u00e4hrend Geh\u00e4usel\u00fcfter hei\u00dfe Luft aus dem PC-Geh\u00e4use ziehen.<\/p>\n<p><b><i>Testplattform mit der \u00fcbertakten Fermi GTX 480:<\/i><\/b><\/p>\n<p>&nbsp;<\/p>\n<p><a href=\"https:\/\/www.hkepc.com\/forum\/viewthread.php?tid=1450376&amp;extra=page%3D1\" target=\"_blank\" rel=\"noopener\"><img loading=\"lazy\" decoding=\"async\" src=\"https:\/\/gelidsolutions.com\/clients\/gelid\/userfiles\/image\/chart(5).gif\" alt=\"\" width=\"600\" height=\"164\" border=\"0\" \/><\/a><\/p>\n<p><b><i>INKLUSIVE:<\/i><\/b><\/p>\n<p>&#8211; Ram &amp; Weitere K\u00fchlk\u00f6rper f\u00fcr Ram &amp; VRM<\/p>\n<p><img loading=\"lazy\" decoding=\"async\" src=\"https:\/\/gelidsolutions.com\/clients\/gelid\/userfiles\/image\/part_480_140(1).gif\" alt=\"\" width=\"480\" height=\"140\" border=\"0\" \/><br \/>\n&#8211; Hochwertige GC-2 W\u00e4rmeleitpaste<\/p>\n<p>&#8211; Geh\u00e4use L\u00fcfterkabel zur Stromversorgung oder zum Motherboard<\/p>\n<p>&nbsp;<\/p>\n<p>Dieser K\u00fchler ist RoHS, WEEE konform und besitzt eine Herstellergarantie von 5 Jahre.<\/p>\n<p>&nbsp;<\/p>\n<p><b>UVP: USD 55 \/ Euro 46<\/b><\/p>\n<p>&nbsp;<\/p>\n<p><i>EAN: 4897025780392<\/i><\/p>\n<p>&nbsp;<\/p>\n","protected":false},"excerpt":{"rendered":"<p><b>Merkmale:<\/b><\/p>\n<ul>\n<li>\u00a0 \u00a0 \u00a0 \u00a0 \u25cf 5 kr\u00e4ftige Power W\u00e4rmeleitungen<\/li>\n<li>\u00a0 \u00a0 \u00a0 \u00a0 \u25cf Hochwertige Aluminiumflossen und purem Kupferboden<\/li>\n<li>\u00a0 \u00a0 \u00a0 \u00a0 \u25cf 2 x 92mm S-f\u00f6rmige L\u00fcfter mit 20% mehr Luftstrom<\/li>\n<li>\u00a0 \u00a0 \u00a0 \u00a0 \u25cf Kugellager f\u00fcr lange Lebenszeit<\/li>\n<li>\u00a0 \u00a0 \u00a0 \u00a0 \u25cf CrossFire und SLI kompatibel<\/li>\n<\/ul>\n<p>&nbsp;<\/p>\n<p>[button size=&#039;medium&#039; style=&#039;&#039; text=&#039;PDF Download&#039; icon=&#039;&#039; icon_color=&#039;&#039; link=&#039;https:\/\/gelidsolutions.com\/product-pdf\/guides\/Rev.2%20Icy%20Vision_installation_manual.pdf&#039; target=&#039;_self&#039; color=&#039;#c1d72e&#039; hover_color=&#039;&#039; border_color=&#039;&#039; hover_border_color=&#039;&#039; background_color=&#039;#ffffff&#039; hover_background_color=&#039;&#039; font_style=&#039;&#039; font_weight=&#039;&#039; text_align=&#039;center&#039; margin=&#039;&#039;] \u00a0 \u00a0 \u00a0 \u00a0 \u00a0\u00a0 \u00a0 [button size=&#039;medium&#039; style=&#039;&#039; text=&#039;Awards&#039; icon=&#039;&#039; icon_color=&#039;&#039; link=\u2019https:\/\/gelidsolutions.com\/product-pdf\/index.php?lid=1&amp;cid=17&amp;id=52&amp;tab=4\u2019 target=&#039;_self&#039; color=&#039;#c1d72e&#039; hover_color=&#039;&#039; border_color=&#039;&#039; hover_border_color=&#039;&#039; background_color=&#039;#ffffff&#039; hover_background_color=&#039;&#039; font_style=&#039;&#039; font_weight=&#039;&#039; text_align=&#039;center&#039; margin=&#039;&#039;]<\/p>\n","protected":false},"featured_media":111611,"comment_status":"closed","ping_status":"closed","template":"","meta":{"_acf_changed":false},"product_cat":[305,145,347,339,348,349],"product_tag":[],"class_list":{"0":"post-113794","1":"product","2":"type-product","3":"status-publish","4":"has-post-thumbnail","6":"product_cat-kuehlloesungen","7":"product_cat-thermal-solutions","8":"product_cat---vga","9":"product_cat-339","10":"product_cat--amd","11":"product_cat--nvidia","13":"first","14":"outofstock","15":"taxable","16":"shipping-taxable","17":"purchasable","18":"product-type-simple"},"supplier_id":null,"supplier_sku":"","barcode":null,"atum_controlled":true,"out_stock_date":"2022-07-12 14:18:05","out_stock_threshold":null,"inheritable":false,"inbound_stock":null,"stock_on_hold":0,"sold_today":0,"sales_last_days":0,"reserved_stock":null,"customer_returns":null,"warehouse_damage":null,"lost_in_post":null,"other_logs":null,"out_stock_days":1383,"lost_sales":0,"has_location":null,"update_date":"2026-04-26T01:09:52","atum_locations":[],"atum_stock_status":"outofstock","restock_status":false,"low_stock_amount":"","sales_update_date":"2026-04-26T01:09:52","calc_backorders":null,"acf":[],"yoast_head":"<!-- This site is optimized with the Yoast SEO plugin v27.4 - https:\/\/yoast.com\/product\/yoast-seo-wordpress\/ -->\n<title>REV.2 ICY VISION - Gelid Solutions<\/title>\n<meta name=\"robots\" content=\"index, follow, max-snippet:-1, max-image-preview:large, max-video-preview:-1\" \/>\n<link rel=\"canonical\" href=\"https:\/\/gelidsolutions.com\/de\/produkt\/vga-cooler-rev-2-icy-vision-2\/\" \/>\n<meta property=\"og:locale\" content=\"de_DE\" \/>\n<meta property=\"og:type\" content=\"article\" \/>\n<meta property=\"og:title\" content=\"REV.2 ICY VISION - Gelid Solutions\" \/>\n<meta property=\"og:description\" content=\"Merkmale:   \u00a0 \u00a0 \u00a0 \u00a0 \u25cf 5 kr\u00e4ftige Power W\u00e4rmeleitungen  \u00a0 \u00a0 \u00a0 \u00a0 \u25cf Hochwertige Aluminiumflossen und purem Kupferboden  \u00a0 \u00a0 \u00a0 \u00a0 \u25cf 2 x 92mm S-f\u00f6rmige L\u00fcfter mit 20% mehr Luftstrom  \u00a0 \u00a0 \u00a0 \u00a0 \u25cf Kugellager f\u00fcr lange Lebenszeit  \u00a0 \u00a0 \u00a0 \u00a0 \u25cf CrossFire und SLI kompatibel  &nbsp;  [button size=&#039;medium&#039; style=&#039;&#039; text=&#039;PDF Download&#039; icon=&#039;&#039; icon_color=&#039;&#039; link=&#039;https:\/\/gelidsolutions.com\/product-pdf\/guides\/Rev.2%20Icy%20Vision_installation_manual.pdf&#039; target=&#039;_self&#039; color=&#039;#c1d72e&#039; hover_color=&#039;&#039; border_color=&#039;&#039; hover_border_color=&#039;&#039; background_color=&#039;#ffffff&#039; hover_background_color=&#039;&#039; font_style=&#039;&#039; font_weight=&#039;&#039; text_align=&#039;center&#039; margin=&#039;&#039;] \u00a0 \u00a0 \u00a0 \u00a0 \u00a0\u00a0 \u00a0 [button size=&#039;medium&#039; style=&#039;&#039; text=&#039;Awards&#039; icon=&#039;&#039; icon_color=&#039;&#039; link=\u2019https:\/\/gelidsolutions.com\/product-pdf\/index.php?lid=1&amp;cid=17&amp;id=52&amp;tab=4\u2019 target=&#039;_self&#039; color=&#039;#c1d72e&#039; hover_color=&#039;&#039; border_color=&#039;&#039; hover_border_color=&#039;&#039; background_color=&#039;#ffffff&#039; hover_background_color=&#039;&#039; font_style=&#039;&#039; font_weight=&#039;&#039; text_align=&#039;center&#039; margin=&#039;&#039;]\" \/>\n<meta property=\"og:url\" content=\"https:\/\/gelidsolutions.com\/de\/produkt\/vga-cooler-rev-2-icy-vision-2\/\" \/>\n<meta property=\"og:site_name\" content=\"Gelid Solutions\" \/>\n<meta property=\"article:modified_time\" content=\"2022-06-18T06:14:54+00:00\" \/>\n<meta property=\"og:image\" content=\"https:\/\/gelidsolutions.com\/wp-content\/uploads\/2022\/05\/vga_cooler_gamer_REV2_ICY_VISION_1-1.jpg\" \/>\n\t<meta property=\"og:image:width\" content=\"600\" \/>\n\t<meta property=\"og:image:height\" content=\"400\" \/>\n\t<meta property=\"og:image:type\" content=\"image\/jpeg\" \/>\n<meta name=\"twitter:card\" content=\"summary_large_image\" \/>\n<meta name=\"twitter:label1\" content=\"Gesch\u00e4tzte Lesezeit\" \/>\n\t<meta name=\"twitter:data1\" content=\"2\u00a0Minuten\" \/>\n<script type=\"application\/ld+json\" class=\"yoast-schema-graph\">{\"@context\":\"https:\\\/\\\/schema.org\",\"@graph\":[{\"@type\":\"WebPage\",\"@id\":\"https:\\\/\\\/gelidsolutions.com\\\/de\\\/produkt\\\/vga-cooler-rev-2-icy-vision-2\\\/\",\"url\":\"https:\\\/\\\/gelidsolutions.com\\\/de\\\/produkt\\\/vga-cooler-rev-2-icy-vision-2\\\/\",\"name\":\"REV.2 ICY VISION - Gelid Solutions\",\"isPartOf\":{\"@id\":\"https:\\\/\\\/gelidsolutions.com\\\/de\\\/#website\"},\"primaryImageOfPage\":{\"@id\":\"https:\\\/\\\/gelidsolutions.com\\\/de\\\/produkt\\\/vga-cooler-rev-2-icy-vision-2\\\/#primaryimage\"},\"image\":{\"@id\":\"https:\\\/\\\/gelidsolutions.com\\\/de\\\/produkt\\\/vga-cooler-rev-2-icy-vision-2\\\/#primaryimage\"},\"thumbnailUrl\":\"https:\\\/\\\/gelidsolutions.com\\\/wp-content\\\/uploads\\\/2022\\\/05\\\/vga_cooler_gamer_REV2_ICY_VISION_1-1.jpg\",\"datePublished\":\"2016-08-02T07:16:00+00:00\",\"dateModified\":\"2022-06-18T06:14:54+00:00\",\"breadcrumb\":{\"@id\":\"https:\\\/\\\/gelidsolutions.com\\\/de\\\/produkt\\\/vga-cooler-rev-2-icy-vision-2\\\/#breadcrumb\"},\"inLanguage\":\"de\",\"potentialAction\":[{\"@type\":\"ReadAction\",\"target\":[\"https:\\\/\\\/gelidsolutions.com\\\/de\\\/produkt\\\/vga-cooler-rev-2-icy-vision-2\\\/\"]}]},{\"@type\":\"ImageObject\",\"inLanguage\":\"de\",\"@id\":\"https:\\\/\\\/gelidsolutions.com\\\/de\\\/produkt\\\/vga-cooler-rev-2-icy-vision-2\\\/#primaryimage\",\"url\":\"https:\\\/\\\/gelidsolutions.com\\\/wp-content\\\/uploads\\\/2022\\\/05\\\/vga_cooler_gamer_REV2_ICY_VISION_1-1.jpg\",\"contentUrl\":\"https:\\\/\\\/gelidsolutions.com\\\/wp-content\\\/uploads\\\/2022\\\/05\\\/vga_cooler_gamer_REV2_ICY_VISION_1-1.jpg\",\"width\":600,\"height\":400},{\"@type\":\"BreadcrumbList\",\"@id\":\"https:\\\/\\\/gelidsolutions.com\\\/de\\\/produkt\\\/vga-cooler-rev-2-icy-vision-2\\\/#breadcrumb\",\"itemListElement\":[{\"@type\":\"ListItem\",\"position\":1,\"name\":\"Home\",\"item\":\"https:\\\/\\\/gelidsolutions.com\\\/de\\\/\"},{\"@type\":\"ListItem\",\"position\":2,\"name\":\"Shop\",\"item\":\"https:\\\/\\\/gelidsolutions.com\\\/shop\\\/\"},{\"@type\":\"ListItem\",\"position\":3,\"name\":\"REV.2 ICY VISION\"}]},{\"@type\":\"WebSite\",\"@id\":\"https:\\\/\\\/gelidsolutions.com\\\/de\\\/#website\",\"url\":\"https:\\\/\\\/gelidsolutions.com\\\/de\\\/\",\"name\":\"Gelid Solutions\",\"description\":\"\",\"publisher\":{\"@id\":\"https:\\\/\\\/gelidsolutions.com\\\/de\\\/#organization\"},\"potentialAction\":[{\"@type\":\"SearchAction\",\"target\":{\"@type\":\"EntryPoint\",\"urlTemplate\":\"https:\\\/\\\/gelidsolutions.com\\\/de\\\/?s={search_term_string}\"},\"query-input\":{\"@type\":\"PropertyValueSpecification\",\"valueRequired\":true,\"valueName\":\"search_term_string\"}}],\"inLanguage\":\"de\"},{\"@type\":\"Organization\",\"@id\":\"https:\\\/\\\/gelidsolutions.com\\\/de\\\/#organization\",\"name\":\"Gelid Solutions\",\"url\":\"https:\\\/\\\/gelidsolutions.com\\\/de\\\/\",\"logo\":{\"@type\":\"ImageObject\",\"inLanguage\":\"de\",\"@id\":\"https:\\\/\\\/gelidsolutions.com\\\/de\\\/#\\\/schema\\\/logo\\\/image\\\/\",\"url\":\"https:\\\/\\\/gelidsolutions.com\\\/wp-content\\\/uploads\\\/2022\\\/06\\\/logo_white_104_104.gif\",\"contentUrl\":\"https:\\\/\\\/gelidsolutions.com\\\/wp-content\\\/uploads\\\/2022\\\/06\\\/logo_white_104_104.gif\",\"width\":104,\"height\":104,\"caption\":\"Gelid Solutions\"},\"image\":{\"@id\":\"https:\\\/\\\/gelidsolutions.com\\\/de\\\/#\\\/schema\\\/logo\\\/image\\\/\"}}]}<\/script>\n<!-- \/ Yoast SEO plugin. -->","yoast_head_json":{"title":"REV.2 ICY VISION - Gelid Solutions","robots":{"index":"index","follow":"follow","max-snippet":"max-snippet:-1","max-image-preview":"max-image-preview:large","max-video-preview":"max-video-preview:-1"},"canonical":"https:\/\/gelidsolutions.com\/de\/produkt\/vga-cooler-rev-2-icy-vision-2\/","og_locale":"de_DE","og_type":"article","og_title":"REV.2 ICY VISION - Gelid Solutions","og_description":"Merkmale:   \u00a0 \u00a0 \u00a0 \u00a0 \u25cf 5 kr\u00e4ftige Power W\u00e4rmeleitungen  \u00a0 \u00a0 \u00a0 \u00a0 \u25cf Hochwertige Aluminiumflossen und purem Kupferboden  \u00a0 \u00a0 \u00a0 \u00a0 \u25cf 2 x 92mm S-f\u00f6rmige L\u00fcfter mit 20% mehr Luftstrom  \u00a0 \u00a0 \u00a0 \u00a0 \u25cf Kugellager f\u00fcr lange Lebenszeit  \u00a0 \u00a0 \u00a0 \u00a0 \u25cf CrossFire und SLI kompatibel  &nbsp;  [button size=&#039;medium&#039; style=&#039;&#039; text=&#039;PDF Download&#039; icon=&#039;&#039; icon_color=&#039;&#039; link=&#039;https:\/\/gelidsolutions.com\/product-pdf\/guides\/Rev.2%20Icy%20Vision_installation_manual.pdf&#039; target=&#039;_self&#039; color=&#039;#c1d72e&#039; hover_color=&#039;&#039; border_color=&#039;&#039; hover_border_color=&#039;&#039; background_color=&#039;#ffffff&#039; hover_background_color=&#039;&#039; font_style=&#039;&#039; font_weight=&#039;&#039; text_align=&#039;center&#039; margin=&#039;&#039;] \u00a0 \u00a0 \u00a0 \u00a0 \u00a0\u00a0 \u00a0 [button size=&#039;medium&#039; style=&#039;&#039; text=&#039;Awards&#039; icon=&#039;&#039; icon_color=&#039;&#039; link=\u2019https:\/\/gelidsolutions.com\/product-pdf\/index.php?lid=1&amp;cid=17&amp;id=52&amp;tab=4\u2019 target=&#039;_self&#039; color=&#039;#c1d72e&#039; hover_color=&#039;&#039; border_color=&#039;&#039; hover_border_color=&#039;&#039; background_color=&#039;#ffffff&#039; hover_background_color=&#039;&#039; font_style=&#039;&#039; font_weight=&#039;&#039; text_align=&#039;center&#039; margin=&#039;&#039;]","og_url":"https:\/\/gelidsolutions.com\/de\/produkt\/vga-cooler-rev-2-icy-vision-2\/","og_site_name":"Gelid Solutions","article_modified_time":"2022-06-18T06:14:54+00:00","og_image":[{"width":600,"height":400,"url":"https:\/\/gelidsolutions.com\/wp-content\/uploads\/2022\/05\/vga_cooler_gamer_REV2_ICY_VISION_1-1.jpg","type":"image\/jpeg"}],"twitter_card":"summary_large_image","twitter_misc":{"Gesch\u00e4tzte Lesezeit":"2\u00a0Minuten"},"schema":{"@context":"https:\/\/schema.org","@graph":[{"@type":"WebPage","@id":"https:\/\/gelidsolutions.com\/de\/produkt\/vga-cooler-rev-2-icy-vision-2\/","url":"https:\/\/gelidsolutions.com\/de\/produkt\/vga-cooler-rev-2-icy-vision-2\/","name":"REV.2 ICY VISION - Gelid Solutions","isPartOf":{"@id":"https:\/\/gelidsolutions.com\/de\/#website"},"primaryImageOfPage":{"@id":"https:\/\/gelidsolutions.com\/de\/produkt\/vga-cooler-rev-2-icy-vision-2\/#primaryimage"},"image":{"@id":"https:\/\/gelidsolutions.com\/de\/produkt\/vga-cooler-rev-2-icy-vision-2\/#primaryimage"},"thumbnailUrl":"https:\/\/gelidsolutions.com\/wp-content\/uploads\/2022\/05\/vga_cooler_gamer_REV2_ICY_VISION_1-1.jpg","datePublished":"2016-08-02T07:16:00+00:00","dateModified":"2022-06-18T06:14:54+00:00","breadcrumb":{"@id":"https:\/\/gelidsolutions.com\/de\/produkt\/vga-cooler-rev-2-icy-vision-2\/#breadcrumb"},"inLanguage":"de","potentialAction":[{"@type":"ReadAction","target":["https:\/\/gelidsolutions.com\/de\/produkt\/vga-cooler-rev-2-icy-vision-2\/"]}]},{"@type":"ImageObject","inLanguage":"de","@id":"https:\/\/gelidsolutions.com\/de\/produkt\/vga-cooler-rev-2-icy-vision-2\/#primaryimage","url":"https:\/\/gelidsolutions.com\/wp-content\/uploads\/2022\/05\/vga_cooler_gamer_REV2_ICY_VISION_1-1.jpg","contentUrl":"https:\/\/gelidsolutions.com\/wp-content\/uploads\/2022\/05\/vga_cooler_gamer_REV2_ICY_VISION_1-1.jpg","width":600,"height":400},{"@type":"BreadcrumbList","@id":"https:\/\/gelidsolutions.com\/de\/produkt\/vga-cooler-rev-2-icy-vision-2\/#breadcrumb","itemListElement":[{"@type":"ListItem","position":1,"name":"Home","item":"https:\/\/gelidsolutions.com\/de\/"},{"@type":"ListItem","position":2,"name":"Shop","item":"https:\/\/gelidsolutions.com\/shop\/"},{"@type":"ListItem","position":3,"name":"REV.2 ICY VISION"}]},{"@type":"WebSite","@id":"https:\/\/gelidsolutions.com\/de\/#website","url":"https:\/\/gelidsolutions.com\/de\/","name":"Gelid Solutions","description":"","publisher":{"@id":"https:\/\/gelidsolutions.com\/de\/#organization"},"potentialAction":[{"@type":"SearchAction","target":{"@type":"EntryPoint","urlTemplate":"https:\/\/gelidsolutions.com\/de\/?s={search_term_string}"},"query-input":{"@type":"PropertyValueSpecification","valueRequired":true,"valueName":"search_term_string"}}],"inLanguage":"de"},{"@type":"Organization","@id":"https:\/\/gelidsolutions.com\/de\/#organization","name":"Gelid Solutions","url":"https:\/\/gelidsolutions.com\/de\/","logo":{"@type":"ImageObject","inLanguage":"de","@id":"https:\/\/gelidsolutions.com\/de\/#\/schema\/logo\/image\/","url":"https:\/\/gelidsolutions.com\/wp-content\/uploads\/2022\/06\/logo_white_104_104.gif","contentUrl":"https:\/\/gelidsolutions.com\/wp-content\/uploads\/2022\/06\/logo_white_104_104.gif","width":104,"height":104,"caption":"Gelid Solutions"},"image":{"@id":"https:\/\/gelidsolutions.com\/de\/#\/schema\/logo\/image\/"}}]}},"_links":{"self":[{"href":"https:\/\/gelidsolutions.com\/de\/wp-json\/wp\/v2\/product\/113794","targetHints":{"allow":["GET"]}}],"collection":[{"href":"https:\/\/gelidsolutions.com\/de\/wp-json\/wp\/v2\/product"}],"about":[{"href":"https:\/\/gelidsolutions.com\/de\/wp-json\/wp\/v2\/types\/product"}],"replies":[{"embeddable":true,"href":"https:\/\/gelidsolutions.com\/de\/wp-json\/wp\/v2\/comments?post=113794"}],"wp:featuredmedia":[{"embeddable":true,"href":"https:\/\/gelidsolutions.com\/de\/wp-json\/wp\/v2\/media\/111611"}],"wp:attachment":[{"href":"https:\/\/gelidsolutions.com\/de\/wp-json\/wp\/v2\/media?parent=113794"}],"wp:term":[{"taxonomy":"product_cat","embeddable":true,"href":"https:\/\/gelidsolutions.com\/de\/wp-json\/wp\/v2\/product_cat?post=113794"},{"taxonomy":"product_tag","embeddable":true,"href":"https:\/\/gelidsolutions.com\/de\/wp-json\/wp\/v2\/product_tag?post=113794"}],"curies":[{"name":"wp","href":"https:\/\/api.w.org\/{rel}","templated":true}]}}