{"id":113817,"date":"2017-05-10T21:33:00","date_gmt":"2017-05-10T13:33:00","guid":{"rendered":"https:\/\/localhost\/gelidsolutions\/product\/phantom-black-cpu-cooler\/"},"modified":"2022-11-30T22:15:50","modified_gmt":"2022-11-30T14:15:50","slug":"phantom-schwarz","status":"publish","type":"product","link":"https:\/\/gelidsolutions.com\/de\/produkt\/phantom-schwarz\/","title":{"rendered":"PHANTOM BLACK"},"content":{"rendered":"<p><b><i>Phantom Black (CC-Phantom-Black-01-A)<\/i><\/b><br \/>\nUltimativer CPU-K\u00fchler<\/p>\n<p><i><b>Anwendungen:<\/b><\/i><\/p>\n<p><b>Intel\u2122<\/b> Sockel 775, 1366, 2011, 2066, 1155, 1156, 1150, 1151 &amp; 1200<br \/>\nCPU: Alle Pentium D\/ Pentium 4\/ Alle Celeron D\/ Alle Pentium Dual-Core\/ Extreme\/ Alle Core 2 Extreme\/ Core 2 Quad\/ Core 2 Duo, Core i5, Core i7, Core i9<br \/>\n<b><br \/>\nAMD\u2122<\/b> Sockel AM2, AM2+, AM3, AM3+, AM4, AM5, FM1, FM2 &amp; FM2+<br \/>\nCPU: Alle Athlon 64 X2, Athlon 64, alle Athlon II, alle Sempron, Phenom, Phenom II, alle AMD APU der A-Serie, alle Ryzen (AM4)<\/p>\n<p><em>Alle Marken und Warenzeichen sind das Eigentum ihrer jeweiligen Inhaber.<\/em><\/p>\n<p>&nbsp;<\/p>\n<p>Phantom Black verf\u00fcgt \u00fcber ein Meisterwerk an erstklassigen K\u00fchltechnologien. Die einzigartige Konstellation von 7 optimierten Power-Heatpipes, der fortschrittliche 2-Tower-K\u00fchlk\u00f6rper und die 2 leisen 120-mm-L\u00fcfter mit Smart PWM sorgen f\u00fcr ultimative thermische Leistung. Die Unterst\u00fctzung von TDP \u00fcber 200W macht das Phantom Black zu einer Overkill-CPU-K\u00fchll\u00f6sung f\u00fcr Pro-Gamer und Overclocker.<\/p>\n<p><img loading=\"lazy\" decoding=\"async\" class=\"aligncenter size-full wp-image-29307\" src=\"https:\/\/gelidsolutions.com\/wp-content\/uploads\/2019\/06\/phantom-black-page.jpg\" alt=\"Phantom Black\" width=\"590\" height=\"431\"><\/p>\n<p><strong>7 vernickelte<\/strong> Power-Heatpipes <strong>in gemischter Gr\u00f6\u00dfe<\/strong> dienen zur Optimierung der W\u00e4rme\u00fcbertragung innerhalb der K\u00fchlk\u00f6rperelemente.<\/p>\n<p>Der <strong>fortschrittliche Twin-Tower-K\u00fchlk\u00f6rper<\/strong> bietet eine deutlich verbesserte K\u00fchlleistung.<\/p>\n<p><strong>2 intelligente PWM-L\u00fcfter <\/strong>sorgen f\u00fcr eine effiziente Verteilung des Luftstroms \u00fcber den K\u00fchlk\u00f6rper und einen leisen Betrieb.<\/p>\n<p>Mit der <strong>Triple Fan Option<\/strong> kann ein<sup>dritter<\/sup> L\u00fcfter installiert werden, der die Leistung des K\u00fchlers noch weiter steigert.<\/p>\n<p>Das <strong>Enhanced Mounting Kit <\/strong>erleichtert die Installation und erweitert die CPU-Unterst\u00fctzung.<\/p>\n<p>Die <strong>TDP 200W-Unterst\u00fctzung<\/strong> gew\u00e4hrleistet eine extrem hohe Leistung bei CPU-\u00dcbertaktung.<\/p>\n<p>Die <strong>hochwertige schwarze Nickelbeschichtung<\/strong> verbessert die W\u00e4rme\u00fcbertragung der K\u00fchlk\u00f6rperlamellen und erh\u00f6ht die Haltbarkeit.<\/p>\n<p><i>Der K\u00fchler ist RoHS- und WEEE-konform und hat eine 5-j\u00e4hrige Garantie.<\/i><i><br \/>\n<\/i><\/p>\n<p><i>EAN: 4897025781597<\/i><\/p>\n<p>&nbsp;<\/p>\n","protected":false},"excerpt":{"rendered":"<ul>\n<li>  7 Ni-Plattierte Heatpipes in verschiedenen Gr\u00f6\u00dfen<\/li>\n<li>  Fortschrittlicher Twin-Tower-K\u00fchlk\u00f6rper<\/li>\n<li>  2 intelligente PWM-L\u00fcfter<\/li>\n<li>  Dreifach-Ventilator-Option<\/li>\n<li>  Erweitertes Montage-Kit<\/li>\n<li>  TDP 200W Unterst\u00fctzung<\/li>\n<li>  Hochwertig schwarz vernickelt<\/li>\n<li>  5 Jahre beschr\u00e4nkte Garantie<\/li>\n<\/ul>\n","protected":false},"featured_media":120196,"comment_status":"closed","ping_status":"closed","template":"","meta":{"_acf_changed":false},"product_cat":[548,549,323],"product_tag":[553],"class_list":{"0":"post-113817","1":"product","2":"type-product","3":"status-publish","4":"has-post-thumbnail","6":"product_cat-award-winning-thermal-solutions-collections-de","7":"product_cat-collections-de","8":"product_cat-gamer-cpu-kuehler-archiv","9":"product_tag-thermal-solution-de","11":"first","12":"outofstock","13":"taxable","14":"shipping-taxable","15":"purchasable","16":"product-type-simple"},"supplier_id":null,"supplier_sku":"CC-Phantom-Black-01-A","barcode":"4897025781597","atum_controlled":true,"out_stock_date":"2022-07-12 14:18:10","out_stock_threshold":null,"inheritable":false,"inbound_stock":null,"stock_on_hold":0,"sold_today":0,"sales_last_days":0,"reserved_stock":null,"customer_returns":null,"warehouse_damage":null,"lost_in_post":null,"other_logs":null,"out_stock_days":1388,"lost_sales":0,"has_location":false,"update_date":"2026-05-01T01:11:54","atum_locations":[],"atum_stock_status":"outofstock","restock_status":false,"low_stock_amount":"","sales_update_date":"2026-05-01T01:11:54","calc_backorders":null,"acf":[],"yoast_head":"<!-- This site is optimized with the Yoast SEO plugin v27.5 - https:\/\/yoast.com\/product\/yoast-seo-wordpress\/ -->\n<title>PHANTOM BLACK - Gelid Solutions<\/title>\n<meta name=\"robots\" content=\"index, follow, max-snippet:-1, max-image-preview:large, max-video-preview:-1\" \/>\n<link rel=\"canonical\" href=\"https:\/\/gelidsolutions.com\/de\/produkt\/phantom-schwarz\/\" \/>\n<meta property=\"og:locale\" content=\"de_DE\" \/>\n<meta property=\"og:type\" content=\"article\" \/>\n<meta property=\"og:title\" content=\"PHANTOM BLACK - Gelid Solutions\" \/>\n<meta property=\"og:description\" content=\"7 Ni-Plattierte Heatpipes in verschiedenen Gr\u00f6\u00dfen   Fortschrittlicher Twin-Tower-K\u00fchlk\u00f6rper   2 intelligente PWM-L\u00fcfter   Dreifach-Ventilator-Option   Erweitertes Montage-Kit   TDP 200W Unterst\u00fctzung   Hochwertig schwarz vernickelt   5 Jahre beschr\u00e4nkte Garantie\" \/>\n<meta property=\"og:url\" content=\"https:\/\/gelidsolutions.com\/de\/produkt\/phantom-schwarz\/\" \/>\n<meta property=\"og:site_name\" content=\"Gelid Solutions\" \/>\n<meta property=\"article:modified_time\" content=\"2022-11-30T14:15:50+00:00\" \/>\n<meta property=\"og:image\" content=\"https:\/\/gelidsolutions.com\/wp-content\/uploads\/2017\/05\/cpu_cooler_silent_PHANTOM_BLACK_1-scaled-1-1024x1024.png\" \/>\n\t<meta property=\"og:image:width\" content=\"1024\" \/>\n\t<meta property=\"og:image:height\" content=\"1024\" \/>\n\t<meta property=\"og:image:type\" content=\"image\/png\" \/>\n<meta name=\"twitter:card\" content=\"summary_large_image\" \/>\n<meta name=\"twitter:label1\" content=\"Gesch\u00e4tzte Lesezeit\" \/>\n\t<meta name=\"twitter:data1\" content=\"1\u00a0Minute\" \/>\n<script type=\"application\/ld+json\" class=\"yoast-schema-graph\">{\"@context\":\"https:\\\/\\\/schema.org\",\"@graph\":[{\"@type\":\"WebPage\",\"@id\":\"https:\\\/\\\/gelidsolutions.com\\\/de\\\/produkt\\\/phantom-schwarz\\\/\",\"url\":\"https:\\\/\\\/gelidsolutions.com\\\/de\\\/produkt\\\/phantom-schwarz\\\/\",\"name\":\"PHANTOM BLACK - Gelid Solutions\",\"isPartOf\":{\"@id\":\"https:\\\/\\\/gelidsolutions.com\\\/de\\\/#website\"},\"primaryImageOfPage\":{\"@id\":\"https:\\\/\\\/gelidsolutions.com\\\/de\\\/produkt\\\/phantom-schwarz\\\/#primaryimage\"},\"image\":{\"@id\":\"https:\\\/\\\/gelidsolutions.com\\\/de\\\/produkt\\\/phantom-schwarz\\\/#primaryimage\"},\"thumbnailUrl\":\"https:\\\/\\\/gelidsolutions.com\\\/wp-content\\\/uploads\\\/2017\\\/05\\\/cpu_cooler_silent_PHANTOM_BLACK_1-scaled-1.png\",\"datePublished\":\"2017-05-10T13:33:00+00:00\",\"dateModified\":\"2022-11-30T14:15:50+00:00\",\"breadcrumb\":{\"@id\":\"https:\\\/\\\/gelidsolutions.com\\\/de\\\/produkt\\\/phantom-schwarz\\\/#breadcrumb\"},\"inLanguage\":\"de\",\"potentialAction\":[{\"@type\":\"ReadAction\",\"target\":[\"https:\\\/\\\/gelidsolutions.com\\\/de\\\/produkt\\\/phantom-schwarz\\\/\"]}]},{\"@type\":\"ImageObject\",\"inLanguage\":\"de\",\"@id\":\"https:\\\/\\\/gelidsolutions.com\\\/de\\\/produkt\\\/phantom-schwarz\\\/#primaryimage\",\"url\":\"https:\\\/\\\/gelidsolutions.com\\\/wp-content\\\/uploads\\\/2017\\\/05\\\/cpu_cooler_silent_PHANTOM_BLACK_1-scaled-1.png\",\"contentUrl\":\"https:\\\/\\\/gelidsolutions.com\\\/wp-content\\\/uploads\\\/2017\\\/05\\\/cpu_cooler_silent_PHANTOM_BLACK_1-scaled-1.png\",\"width\":2560,\"height\":2560,\"caption\":\"Phantom Black\"},{\"@type\":\"BreadcrumbList\",\"@id\":\"https:\\\/\\\/gelidsolutions.com\\\/de\\\/produkt\\\/phantom-schwarz\\\/#breadcrumb\",\"itemListElement\":[{\"@type\":\"ListItem\",\"position\":1,\"name\":\"Home\",\"item\":\"https:\\\/\\\/gelidsolutions.com\\\/de\\\/\"},{\"@type\":\"ListItem\",\"position\":2,\"name\":\"Shop\",\"item\":\"https:\\\/\\\/gelidsolutions.com\\\/shop\\\/\"},{\"@type\":\"ListItem\",\"position\":3,\"name\":\"PHANTOM BLACK\"}]},{\"@type\":\"WebSite\",\"@id\":\"https:\\\/\\\/gelidsolutions.com\\\/de\\\/#website\",\"url\":\"https:\\\/\\\/gelidsolutions.com\\\/de\\\/\",\"name\":\"Gelid Solutions\",\"description\":\"\",\"publisher\":{\"@id\":\"https:\\\/\\\/gelidsolutions.com\\\/de\\\/#organization\"},\"potentialAction\":[{\"@type\":\"SearchAction\",\"target\":{\"@type\":\"EntryPoint\",\"urlTemplate\":\"https:\\\/\\\/gelidsolutions.com\\\/de\\\/?s={search_term_string}\"},\"query-input\":{\"@type\":\"PropertyValueSpecification\",\"valueRequired\":true,\"valueName\":\"search_term_string\"}}],\"inLanguage\":\"de\"},{\"@type\":\"Organization\",\"@id\":\"https:\\\/\\\/gelidsolutions.com\\\/de\\\/#organization\",\"name\":\"Gelid Solutions\",\"url\":\"https:\\\/\\\/gelidsolutions.com\\\/de\\\/\",\"logo\":{\"@type\":\"ImageObject\",\"inLanguage\":\"de\",\"@id\":\"https:\\\/\\\/gelidsolutions.com\\\/de\\\/#\\\/schema\\\/logo\\\/image\\\/\",\"url\":\"https:\\\/\\\/gelidsolutions.com\\\/wp-content\\\/uploads\\\/2022\\\/06\\\/logo_white_104_104.gif\",\"contentUrl\":\"https:\\\/\\\/gelidsolutions.com\\\/wp-content\\\/uploads\\\/2022\\\/06\\\/logo_white_104_104.gif\",\"width\":104,\"height\":104,\"caption\":\"Gelid Solutions\"},\"image\":{\"@id\":\"https:\\\/\\\/gelidsolutions.com\\\/de\\\/#\\\/schema\\\/logo\\\/image\\\/\"}}]}<\/script>\n<!-- \/ Yoast SEO plugin. -->","yoast_head_json":{"title":"PHANTOM BLACK - Gelid Solutions","robots":{"index":"index","follow":"follow","max-snippet":"max-snippet:-1","max-image-preview":"max-image-preview:large","max-video-preview":"max-video-preview:-1"},"canonical":"https:\/\/gelidsolutions.com\/de\/produkt\/phantom-schwarz\/","og_locale":"de_DE","og_type":"article","og_title":"PHANTOM BLACK - Gelid Solutions","og_description":"7 Ni-Plattierte Heatpipes in verschiedenen Gr\u00f6\u00dfen   Fortschrittlicher Twin-Tower-K\u00fchlk\u00f6rper   2 intelligente PWM-L\u00fcfter   Dreifach-Ventilator-Option   Erweitertes Montage-Kit   TDP 200W Unterst\u00fctzung   Hochwertig schwarz vernickelt   5 Jahre beschr\u00e4nkte Garantie","og_url":"https:\/\/gelidsolutions.com\/de\/produkt\/phantom-schwarz\/","og_site_name":"Gelid Solutions","article_modified_time":"2022-11-30T14:15:50+00:00","og_image":[{"width":1024,"height":1024,"url":"https:\/\/gelidsolutions.com\/wp-content\/uploads\/2017\/05\/cpu_cooler_silent_PHANTOM_BLACK_1-scaled-1-1024x1024.png","type":"image\/png"}],"twitter_card":"summary_large_image","twitter_misc":{"Gesch\u00e4tzte Lesezeit":"1\u00a0Minute"},"schema":{"@context":"https:\/\/schema.org","@graph":[{"@type":"WebPage","@id":"https:\/\/gelidsolutions.com\/de\/produkt\/phantom-schwarz\/","url":"https:\/\/gelidsolutions.com\/de\/produkt\/phantom-schwarz\/","name":"PHANTOM BLACK - Gelid Solutions","isPartOf":{"@id":"https:\/\/gelidsolutions.com\/de\/#website"},"primaryImageOfPage":{"@id":"https:\/\/gelidsolutions.com\/de\/produkt\/phantom-schwarz\/#primaryimage"},"image":{"@id":"https:\/\/gelidsolutions.com\/de\/produkt\/phantom-schwarz\/#primaryimage"},"thumbnailUrl":"https:\/\/gelidsolutions.com\/wp-content\/uploads\/2017\/05\/cpu_cooler_silent_PHANTOM_BLACK_1-scaled-1.png","datePublished":"2017-05-10T13:33:00+00:00","dateModified":"2022-11-30T14:15:50+00:00","breadcrumb":{"@id":"https:\/\/gelidsolutions.com\/de\/produkt\/phantom-schwarz\/#breadcrumb"},"inLanguage":"de","potentialAction":[{"@type":"ReadAction","target":["https:\/\/gelidsolutions.com\/de\/produkt\/phantom-schwarz\/"]}]},{"@type":"ImageObject","inLanguage":"de","@id":"https:\/\/gelidsolutions.com\/de\/produkt\/phantom-schwarz\/#primaryimage","url":"https:\/\/gelidsolutions.com\/wp-content\/uploads\/2017\/05\/cpu_cooler_silent_PHANTOM_BLACK_1-scaled-1.png","contentUrl":"https:\/\/gelidsolutions.com\/wp-content\/uploads\/2017\/05\/cpu_cooler_silent_PHANTOM_BLACK_1-scaled-1.png","width":2560,"height":2560,"caption":"Phantom Black"},{"@type":"BreadcrumbList","@id":"https:\/\/gelidsolutions.com\/de\/produkt\/phantom-schwarz\/#breadcrumb","itemListElement":[{"@type":"ListItem","position":1,"name":"Home","item":"https:\/\/gelidsolutions.com\/de\/"},{"@type":"ListItem","position":2,"name":"Shop","item":"https:\/\/gelidsolutions.com\/shop\/"},{"@type":"ListItem","position":3,"name":"PHANTOM BLACK"}]},{"@type":"WebSite","@id":"https:\/\/gelidsolutions.com\/de\/#website","url":"https:\/\/gelidsolutions.com\/de\/","name":"Gelid Solutions","description":"","publisher":{"@id":"https:\/\/gelidsolutions.com\/de\/#organization"},"potentialAction":[{"@type":"SearchAction","target":{"@type":"EntryPoint","urlTemplate":"https:\/\/gelidsolutions.com\/de\/?s={search_term_string}"},"query-input":{"@type":"PropertyValueSpecification","valueRequired":true,"valueName":"search_term_string"}}],"inLanguage":"de"},{"@type":"Organization","@id":"https:\/\/gelidsolutions.com\/de\/#organization","name":"Gelid Solutions","url":"https:\/\/gelidsolutions.com\/de\/","logo":{"@type":"ImageObject","inLanguage":"de","@id":"https:\/\/gelidsolutions.com\/de\/#\/schema\/logo\/image\/","url":"https:\/\/gelidsolutions.com\/wp-content\/uploads\/2022\/06\/logo_white_104_104.gif","contentUrl":"https:\/\/gelidsolutions.com\/wp-content\/uploads\/2022\/06\/logo_white_104_104.gif","width":104,"height":104,"caption":"Gelid Solutions"},"image":{"@id":"https:\/\/gelidsolutions.com\/de\/#\/schema\/logo\/image\/"}}]}},"_links":{"self":[{"href":"https:\/\/gelidsolutions.com\/de\/wp-json\/wp\/v2\/product\/113817","targetHints":{"allow":["GET"]}}],"collection":[{"href":"https:\/\/gelidsolutions.com\/de\/wp-json\/wp\/v2\/product"}],"about":[{"href":"https:\/\/gelidsolutions.com\/de\/wp-json\/wp\/v2\/types\/product"}],"replies":[{"embeddable":true,"href":"https:\/\/gelidsolutions.com\/de\/wp-json\/wp\/v2\/comments?post=113817"}],"wp:featuredmedia":[{"embeddable":true,"href":"https:\/\/gelidsolutions.com\/de\/wp-json\/wp\/v2\/media\/120196"}],"wp:attachment":[{"href":"https:\/\/gelidsolutions.com\/de\/wp-json\/wp\/v2\/media?parent=113817"}],"wp:term":[{"taxonomy":"product_cat","embeddable":true,"href":"https:\/\/gelidsolutions.com\/de\/wp-json\/wp\/v2\/product_cat?post=113817"},{"taxonomy":"product_tag","embeddable":true,"href":"https:\/\/gelidsolutions.com\/de\/wp-json\/wp\/v2\/product_tag?post=113817"}],"curies":[{"name":"wp","href":"https:\/\/api.w.org\/{rel}","templated":true}]}}