{"id":113823,"date":"2018-10-24T00:53:00","date_gmt":"2018-10-23T16:53:00","guid":{"rendered":"https:\/\/localhost\/gelidsolutions\/product\/radiant-d-rgb-fan\/"},"modified":"2022-11-30T22:06:30","modified_gmt":"2022-11-30T14:06:30","slug":"strahlend-d-rgb-lufter","status":"publish","type":"product","link":"https:\/\/gelidsolutions.com\/de\/produkt\/strahlend-d-rgb-lufter\/","title":{"rendered":"RADIANT-D-VENTILATOR"},"content":{"rendered":"<p><b><i>Radiant-D (FN-RADIANTD-20)<\/i><\/b><br \/>\n120mm Extreme Leistung Programmierbare ARGB-L\u00fcfter<\/p>\n<p>&nbsp;<\/p>\n<p><img loading=\"lazy\" decoding=\"async\" class=\"alignleft wp-image-28798\" src=\"https:\/\/gelidsolutions.com\/wp-content\/uploads\/2019\/04\/mb_rgb_tech.png\" alt=\"Unterst\u00fctzte RGB-Technologien\" width=\"500\" height=\"101\"><\/p>\n<p>&nbsp;<\/p>\n<p><i><b>Pr\u00e4chtige Farben. Extreme Leistung. K\u00fchnes Design<\/b><\/i><\/p>\n<p>&nbsp;<\/p>\n<p>Der Radiant-D RGB-L\u00fcfter wurde mit Spitzentechnologie und Leidenschaft gebraut und ist ein besonderes Produkt f\u00fcr Modder und Gaming-Enthusiasten. Er verf\u00fcgt \u00fcber eine programmierbare Digital-RGB-Steuerung mit einzeln adressierbaren RGB-LEDs (ARGB), die variable Farbeinstellungen f\u00fcr jede der 9 am L\u00fcfter installierten LEDs erm\u00f6glicht und ein atemberaubend lebendiges RGB-Beleuchtungserlebnis bietet. Zusammen mit dem extremen Leistungsprofil und dem k\u00fchnen Design ist der Radiant-D die perfekte Erg\u00e4nzung f\u00fcr Gaming-Rigs und Custom-PCs. Probieren Sie es einfach aus und entfachen Sie das bunte Leben in Ihrem PC!<\/p>\n<p>&nbsp;<\/p>\n<p>httpv:\/\/www.youtube.com\/watch?v=kF3XfAusMvY<\/p>\n<p>&nbsp;<\/p>\n<p><img loading=\"lazy\" decoding=\"async\" class=\"aligncenter size-full wp-image-29233\" src=\"https:\/\/gelidsolutions.com\/wp-content\/uploads\/2019\/06\/radintd-pic.jpg\" alt=\"RADIANT-D ARGB L\u00fcfter\" width=\"590\" height=\"369\"><\/p>\n<p>&nbsp;<\/p>\n<p><strong>9 Vollfarb-RGB-LEDs:<\/strong> kreisf\u00f6rmig angeordnete, helle LEDs f\u00fcr ein atemberaubend lebendiges RGB-Beleuchtungserlebnis.<\/p>\n<p>&nbsp;<\/p>\n<p><strong>Programmierbare Digital-RGB-Steuerung:<\/strong> grenzenlose Farbmodi und Lichteffekte \u00fcber individuell adressierbare RGB-LEDs.<\/p>\n<p>&nbsp;<\/p>\n<p><strong>Extremer statischer Druck:<\/strong> leistungsstarkes Laufrad mit beispiellosem statischem Druck und Leistungsprofil.<\/p>\n<p>&nbsp;<\/p>\n<p><strong>Hochpr\u00e4zise Shark-Tooth-Klinge:<\/strong> 3D-optimierte Klinge f\u00fcr noch h\u00f6heren Luftstrom und weniger L\u00e4rm.<\/p>\n<p>&nbsp;<\/p>\n<p><strong>Ger\u00e4uschloser Motorantriebs-IC:<\/strong> neu entwickelter und verbesserter Motortreiber zur Beseitigung von Klickger\u00e4uschen.<\/p>\n<p>&nbsp;<\/p>\n<p><strong>Ultra-haltbare Doppelkugellager:<\/strong> Sorgf\u00e4ltig ausgew\u00e4hlte, hochwertige Kugellager f\u00fcr ultra-haltbaren Betrieb.<\/p>\n<p>&nbsp;<\/p>\n<p><strong>Wide Range RPM:<\/strong> erweiterte L\u00fcfterdrehzahl im Bereich von 500 &#8211; 2000 RPM.<\/p>\n<p>&nbsp;<\/p>\n<p><strong>Breite Kompatibilit\u00e4t:<\/strong> alle modernen Motherboards mit RGB-Sync-Steuerung und 5V-adressierbaren Headern werden unterst\u00fctzt.<\/p>\n<p>&nbsp;<\/p>\n<h3><strong>Erkl\u00e4rungen zu Standard-RGB und individuell adressierbarem RGB<\/strong><\/h3>\n<p>&nbsp;<\/p>\n<p>Bei Standard-RGB-Anwendungen verwendet diese Art von L\u00fcftern den Standard-RGB-LED-Header mit 4 Verdrahtungen: 12V, R, G, B. Alle LEDs, die in den L\u00fcfter integriert sind, werden dann an die gleichen 4 Busse angeschlossen, sie werden alle als Ganzes gesteuert, so dass sie alle genau die gleiche Farbe ausgeben werden.<\/p>\n<p>&nbsp;<\/p>\n<p>Es ist so, als ob Sie die Farbe f\u00fcr ein Objekt in Ihrem Grafikeditor einstellen, zum Beispiel Rot: 25, Gr\u00fcn: 50 und Blau: 125. Ein externer RGB-Controller oder eine Hauptplatine steuert den Standard-RGB-LED-L\u00fcfter auf die gleiche Weise an, indem er die Leistung auf den Farbbussen mit dem richtigen Tastverh\u00e4ltnis &#8211; dem roten, gr\u00fcnen bzw. blauen Bus &#8211; \u00e4ndert, um die gew\u00fcnschte RGB-Farbe auszugeben.<\/p>\n<p>&nbsp;<\/p>\n<p>Nat\u00fcrlich k\u00f6nnen die Farben dynamisch verwaltet werden, mit zahlreichen Lichteffekten in Serie. Aber die Einheitlichkeit der LEDs &#8211; eine Farbe f\u00fcr alle LEDs gleichzeitig &#8211; schr\u00e4nkt die RGB-Beleuchtungseffekte bis zu einem gewissen Grad ein.<\/p>\n<p>&nbsp;<\/p>\n<p><img loading=\"lazy\" decoding=\"async\" class=\"alignnone size-medium wp-image-27775\" src=\"https:\/\/gelidsolutions.com\/wp-content\/uploads\/2018\/10\/rgb-fan-headers.jpg\" alt=\"RGB-L\u00fcfter-Header\" width=\"500\" height=\"402\"><\/p>\n<p>&nbsp;<\/p>\n<p><strong>Radiant-D Individuell adressierbares RGB (ARGB)<\/strong><\/p>\n<p>&nbsp;<\/p>\n<p>Im Gegensatz zu den Standard-RGB-L\u00fcftern sind die Steuerungen der individuell adressierbaren RGB-L\u00fcfter (ARGB) digitaler Natur. F\u00fcr dieses Geh\u00e4use verwenden die L\u00fcfter den adressierbaren RGB-LED-Header mit 3-Leiter-Anschluss: 5V, D, Masse. Und die in den L\u00fcfter integrierten LEDs haben einen speziellen Begleit-IC, der jede von ihnen einzeln ansteuert: Er befindet sich auf einem seriellen Ein-Draht-Bus und sendet Befehle wie &#8222;LEDs Nummer 3, 5 und 6: schalte auf gr\u00fcn&#8220;, um die gew\u00fcnschte Farbe f\u00fcr jede einzelne LED einzustellen. So hat jede der LEDs ihre eigene ID und wird unabh\u00e4ngig von den anderen gesteuert. Der IC kann wiederum mit einer externen App programmiert werden, so dass praktisch unbegrenzte M\u00f6glichkeiten an Farbmodi und Effekten bestehen. Regenbogenkreise, rotierende Farben, pulsierende Farben mit mehreren Punkten und einige andere atemberaubend lebendige RGB-Beleuchtungseffekte sind nur mit den ARGB-L\u00fcftern m\u00f6glich. Da diese Art von L\u00fcftern jedoch nur digitale RGB-Steuerungen unterst\u00fctzt, liegt es an Ihrem Motherboard, eine vollwertige RGB-App bereitzustellen, um die Vorz\u00fcge der RGB-Beleuchtung zu entdecken.<\/p>\n<p>&nbsp;<\/p>\n<p>Bitte lesen Sie das Handbuch Ihres Motherboards, bevor Sie die individuell adressierbaren RGB-L\u00fcfter anschlie\u00dfen.<\/p>\n<p>&nbsp;<\/p>\n<p><i>Der Ventilator ist RoHS- und WEEE-konform und hat eine 5-Jahres-Garantie.<\/i><i><br \/>\n<\/i><\/p>\n<p>&nbsp;<\/p>\n<p><i>EAN: 4897025781955<\/i><\/p>\n<p>&nbsp;<\/p>\n<p><em><strong>Achtung:<\/strong> Das RGB-Kabel kann nur an den adressierbaren RBG (5V)-Header angeschlossen werden. Einzelheiten entnehmen Sie bitte dem Installationshandbuch Ihres Mainboards. Der Anschluss an den Standard-RGB-Header (12V) kann Ihren L\u00fcfter besch\u00e4digen!<\/em><\/p>\n<p>&nbsp;<\/p>\n","protected":false},"excerpt":{"rendered":"<ul>\n<li>9 Vollfarb-RGB-LEDs<\/li>\n<li>Programmierbare Digital-RGB-Steuerung<\/li>\n<li>Extremer statischer Druck<\/li>\n<li>Hochpr\u00e4zise Haifischzahnklinge<\/li>\n<li>Ger\u00e4uschlose Motorsteuerung IC<\/li>\n<li>Ultra-haltbares doppeltes Kugellager<\/li>\n<\/ul>\n","protected":false},"featured_media":112751,"comment_status":"closed","ping_status":"closed","template":"","meta":{"_acf_changed":false},"product_cat":[313,321],"product_tag":[554,558,553],"class_list":{"0":"post-113823","1":"product","2":"type-product","3":"status-publish","4":"has-post-thumbnail","6":"product_cat-archiv","7":"product_cat-gamer-luefter-archiv","8":"product_tag-gamer-case-fan-de","9":"product_tag-rgb-de","10":"product_tag-thermal-solution-de","12":"first","13":"outofstock","14":"taxable","15":"shipping-taxable","16":"purchasable","17":"product-type-simple"},"supplier_id":null,"supplier_sku":"FN-RADIANTD-20","barcode":"4897025781955","atum_controlled":true,"out_stock_date":null,"out_stock_threshold":null,"inheritable":false,"inbound_stock":null,"stock_on_hold":0,"sold_today":0,"sales_last_days":0,"reserved_stock":null,"customer_returns":null,"warehouse_damage":null,"lost_in_post":null,"other_logs":null,"out_stock_days":0,"lost_sales":0,"has_location":false,"update_date":"2026-04-08T00:05:13","atum_locations":[],"atum_stock_status":"outofstock","restock_status":false,"low_stock_amount":"","sales_update_date":"2026-04-08T00:05:13","calc_backorders":null,"acf":[],"yoast_head":"<!-- This site is optimized with the Yoast SEO plugin v27.3 - https:\/\/yoast.com\/product\/yoast-seo-wordpress\/ -->\n<title>RADIANT-D-VENTILATOR - Gelid Solutions<\/title>\n<meta name=\"robots\" content=\"index, follow, max-snippet:-1, max-image-preview:large, max-video-preview:-1\" \/>\n<link rel=\"canonical\" href=\"https:\/\/gelidsolutions.com\/de\/produkt\/strahlend-d-rgb-lufter\/\" \/>\n<meta property=\"og:locale\" content=\"de_DE\" \/>\n<meta property=\"og:type\" content=\"article\" \/>\n<meta property=\"og:title\" content=\"RADIANT-D-VENTILATOR - Gelid Solutions\" \/>\n<meta property=\"og:description\" content=\"9 Vollfarb-RGB-LEDs  Programmierbare Digital-RGB-Steuerung  Extremer statischer Druck  Hochpr\u00e4zise Haifischzahnklinge  Ger\u00e4uschlose Motorsteuerung IC  Ultra-haltbares doppeltes Kugellager\" \/>\n<meta property=\"og:url\" content=\"https:\/\/gelidsolutions.com\/de\/produkt\/strahlend-d-rgb-lufter\/\" \/>\n<meta property=\"og:site_name\" content=\"Gelid Solutions\" \/>\n<meta property=\"article:modified_time\" content=\"2022-11-30T14:06:30+00:00\" \/>\n<meta property=\"og:image\" content=\"https:\/\/gelidsolutions.com\/wp-content\/uploads\/2022\/05\/gelid_radiantd_gamer_fan_1.jpg\" \/>\n\t<meta property=\"og:image:width\" content=\"1600\" \/>\n\t<meta property=\"og:image:height\" content=\"1600\" \/>\n\t<meta property=\"og:image:type\" content=\"image\/jpeg\" \/>\n<meta name=\"twitter:card\" content=\"summary_large_image\" \/>\n<meta name=\"twitter:label1\" content=\"Gesch\u00e4tzte Lesezeit\" \/>\n\t<meta name=\"twitter:data1\" content=\"3\u00a0Minuten\" \/>\n<script type=\"application\/ld+json\" class=\"yoast-schema-graph\">{\"@context\":\"https:\\\/\\\/schema.org\",\"@graph\":[{\"@type\":\"WebPage\",\"@id\":\"https:\\\/\\\/gelidsolutions.com\\\/de\\\/produkt\\\/strahlend-d-rgb-lufter\\\/\",\"url\":\"https:\\\/\\\/gelidsolutions.com\\\/de\\\/produkt\\\/strahlend-d-rgb-lufter\\\/\",\"name\":\"RADIANT-D-VENTILATOR - Gelid Solutions\",\"isPartOf\":{\"@id\":\"https:\\\/\\\/gelidsolutions.com\\\/de\\\/#website\"},\"primaryImageOfPage\":{\"@id\":\"https:\\\/\\\/gelidsolutions.com\\\/de\\\/produkt\\\/strahlend-d-rgb-lufter\\\/#primaryimage\"},\"image\":{\"@id\":\"https:\\\/\\\/gelidsolutions.com\\\/de\\\/produkt\\\/strahlend-d-rgb-lufter\\\/#primaryimage\"},\"thumbnailUrl\":\"https:\\\/\\\/gelidsolutions.com\\\/wp-content\\\/uploads\\\/2022\\\/05\\\/gelid_radiantd_gamer_fan_1.jpg\",\"datePublished\":\"2018-10-23T16:53:00+00:00\",\"dateModified\":\"2022-11-30T14:06:30+00:00\",\"breadcrumb\":{\"@id\":\"https:\\\/\\\/gelidsolutions.com\\\/de\\\/produkt\\\/strahlend-d-rgb-lufter\\\/#breadcrumb\"},\"inLanguage\":\"de\",\"potentialAction\":[{\"@type\":\"ReadAction\",\"target\":[\"https:\\\/\\\/gelidsolutions.com\\\/de\\\/produkt\\\/strahlend-d-rgb-lufter\\\/\"]}]},{\"@type\":\"ImageObject\",\"inLanguage\":\"de\",\"@id\":\"https:\\\/\\\/gelidsolutions.com\\\/de\\\/produkt\\\/strahlend-d-rgb-lufter\\\/#primaryimage\",\"url\":\"https:\\\/\\\/gelidsolutions.com\\\/wp-content\\\/uploads\\\/2022\\\/05\\\/gelid_radiantd_gamer_fan_1.jpg\",\"contentUrl\":\"https:\\\/\\\/gelidsolutions.com\\\/wp-content\\\/uploads\\\/2022\\\/05\\\/gelid_radiantd_gamer_fan_1.jpg\",\"width\":1600,\"height\":1600,\"caption\":\"Gelid Radiant-D RGB-L\u00fcfter\"},{\"@type\":\"BreadcrumbList\",\"@id\":\"https:\\\/\\\/gelidsolutions.com\\\/de\\\/produkt\\\/strahlend-d-rgb-lufter\\\/#breadcrumb\",\"itemListElement\":[{\"@type\":\"ListItem\",\"position\":1,\"name\":\"Home\",\"item\":\"https:\\\/\\\/gelidsolutions.com\\\/de\\\/\"},{\"@type\":\"ListItem\",\"position\":2,\"name\":\"Shop\",\"item\":\"https:\\\/\\\/gelidsolutions.com\\\/shop\\\/\"},{\"@type\":\"ListItem\",\"position\":3,\"name\":\"RADIANT-D-VENTILATOR\"}]},{\"@type\":\"WebSite\",\"@id\":\"https:\\\/\\\/gelidsolutions.com\\\/de\\\/#website\",\"url\":\"https:\\\/\\\/gelidsolutions.com\\\/de\\\/\",\"name\":\"Gelid Solutions\",\"description\":\"\",\"publisher\":{\"@id\":\"https:\\\/\\\/gelidsolutions.com\\\/de\\\/#organization\"},\"potentialAction\":[{\"@type\":\"SearchAction\",\"target\":{\"@type\":\"EntryPoint\",\"urlTemplate\":\"https:\\\/\\\/gelidsolutions.com\\\/de\\\/?s={search_term_string}\"},\"query-input\":{\"@type\":\"PropertyValueSpecification\",\"valueRequired\":true,\"valueName\":\"search_term_string\"}}],\"inLanguage\":\"de\"},{\"@type\":\"Organization\",\"@id\":\"https:\\\/\\\/gelidsolutions.com\\\/de\\\/#organization\",\"name\":\"Gelid Solutions\",\"url\":\"https:\\\/\\\/gelidsolutions.com\\\/de\\\/\",\"logo\":{\"@type\":\"ImageObject\",\"inLanguage\":\"de\",\"@id\":\"https:\\\/\\\/gelidsolutions.com\\\/de\\\/#\\\/schema\\\/logo\\\/image\\\/\",\"url\":\"https:\\\/\\\/gelidsolutions.com\\\/wp-content\\\/uploads\\\/2022\\\/06\\\/logo_white_104_104.gif\",\"contentUrl\":\"https:\\\/\\\/gelidsolutions.com\\\/wp-content\\\/uploads\\\/2022\\\/06\\\/logo_white_104_104.gif\",\"width\":104,\"height\":104,\"caption\":\"Gelid Solutions\"},\"image\":{\"@id\":\"https:\\\/\\\/gelidsolutions.com\\\/de\\\/#\\\/schema\\\/logo\\\/image\\\/\"}}]}<\/script>\n<!-- \/ Yoast SEO plugin. -->","yoast_head_json":{"title":"RADIANT-D-VENTILATOR - Gelid Solutions","robots":{"index":"index","follow":"follow","max-snippet":"max-snippet:-1","max-image-preview":"max-image-preview:large","max-video-preview":"max-video-preview:-1"},"canonical":"https:\/\/gelidsolutions.com\/de\/produkt\/strahlend-d-rgb-lufter\/","og_locale":"de_DE","og_type":"article","og_title":"RADIANT-D-VENTILATOR - Gelid Solutions","og_description":"9 Vollfarb-RGB-LEDs  Programmierbare Digital-RGB-Steuerung  Extremer statischer Druck  Hochpr\u00e4zise Haifischzahnklinge  Ger\u00e4uschlose Motorsteuerung IC  Ultra-haltbares doppeltes Kugellager","og_url":"https:\/\/gelidsolutions.com\/de\/produkt\/strahlend-d-rgb-lufter\/","og_site_name":"Gelid Solutions","article_modified_time":"2022-11-30T14:06:30+00:00","og_image":[{"width":1600,"height":1600,"url":"https:\/\/gelidsolutions.com\/wp-content\/uploads\/2022\/05\/gelid_radiantd_gamer_fan_1.jpg","type":"image\/jpeg"}],"twitter_card":"summary_large_image","twitter_misc":{"Gesch\u00e4tzte Lesezeit":"3\u00a0Minuten"},"schema":{"@context":"https:\/\/schema.org","@graph":[{"@type":"WebPage","@id":"https:\/\/gelidsolutions.com\/de\/produkt\/strahlend-d-rgb-lufter\/","url":"https:\/\/gelidsolutions.com\/de\/produkt\/strahlend-d-rgb-lufter\/","name":"RADIANT-D-VENTILATOR - Gelid Solutions","isPartOf":{"@id":"https:\/\/gelidsolutions.com\/de\/#website"},"primaryImageOfPage":{"@id":"https:\/\/gelidsolutions.com\/de\/produkt\/strahlend-d-rgb-lufter\/#primaryimage"},"image":{"@id":"https:\/\/gelidsolutions.com\/de\/produkt\/strahlend-d-rgb-lufter\/#primaryimage"},"thumbnailUrl":"https:\/\/gelidsolutions.com\/wp-content\/uploads\/2022\/05\/gelid_radiantd_gamer_fan_1.jpg","datePublished":"2018-10-23T16:53:00+00:00","dateModified":"2022-11-30T14:06:30+00:00","breadcrumb":{"@id":"https:\/\/gelidsolutions.com\/de\/produkt\/strahlend-d-rgb-lufter\/#breadcrumb"},"inLanguage":"de","potentialAction":[{"@type":"ReadAction","target":["https:\/\/gelidsolutions.com\/de\/produkt\/strahlend-d-rgb-lufter\/"]}]},{"@type":"ImageObject","inLanguage":"de","@id":"https:\/\/gelidsolutions.com\/de\/produkt\/strahlend-d-rgb-lufter\/#primaryimage","url":"https:\/\/gelidsolutions.com\/wp-content\/uploads\/2022\/05\/gelid_radiantd_gamer_fan_1.jpg","contentUrl":"https:\/\/gelidsolutions.com\/wp-content\/uploads\/2022\/05\/gelid_radiantd_gamer_fan_1.jpg","width":1600,"height":1600,"caption":"Gelid Radiant-D RGB-L\u00fcfter"},{"@type":"BreadcrumbList","@id":"https:\/\/gelidsolutions.com\/de\/produkt\/strahlend-d-rgb-lufter\/#breadcrumb","itemListElement":[{"@type":"ListItem","position":1,"name":"Home","item":"https:\/\/gelidsolutions.com\/de\/"},{"@type":"ListItem","position":2,"name":"Shop","item":"https:\/\/gelidsolutions.com\/shop\/"},{"@type":"ListItem","position":3,"name":"RADIANT-D-VENTILATOR"}]},{"@type":"WebSite","@id":"https:\/\/gelidsolutions.com\/de\/#website","url":"https:\/\/gelidsolutions.com\/de\/","name":"Gelid Solutions","description":"","publisher":{"@id":"https:\/\/gelidsolutions.com\/de\/#organization"},"potentialAction":[{"@type":"SearchAction","target":{"@type":"EntryPoint","urlTemplate":"https:\/\/gelidsolutions.com\/de\/?s={search_term_string}"},"query-input":{"@type":"PropertyValueSpecification","valueRequired":true,"valueName":"search_term_string"}}],"inLanguage":"de"},{"@type":"Organization","@id":"https:\/\/gelidsolutions.com\/de\/#organization","name":"Gelid Solutions","url":"https:\/\/gelidsolutions.com\/de\/","logo":{"@type":"ImageObject","inLanguage":"de","@id":"https:\/\/gelidsolutions.com\/de\/#\/schema\/logo\/image\/","url":"https:\/\/gelidsolutions.com\/wp-content\/uploads\/2022\/06\/logo_white_104_104.gif","contentUrl":"https:\/\/gelidsolutions.com\/wp-content\/uploads\/2022\/06\/logo_white_104_104.gif","width":104,"height":104,"caption":"Gelid Solutions"},"image":{"@id":"https:\/\/gelidsolutions.com\/de\/#\/schema\/logo\/image\/"}}]}},"_links":{"self":[{"href":"https:\/\/gelidsolutions.com\/de\/wp-json\/wp\/v2\/product\/113823","targetHints":{"allow":["GET"]}}],"collection":[{"href":"https:\/\/gelidsolutions.com\/de\/wp-json\/wp\/v2\/product"}],"about":[{"href":"https:\/\/gelidsolutions.com\/de\/wp-json\/wp\/v2\/types\/product"}],"replies":[{"embeddable":true,"href":"https:\/\/gelidsolutions.com\/de\/wp-json\/wp\/v2\/comments?post=113823"}],"wp:featuredmedia":[{"embeddable":true,"href":"https:\/\/gelidsolutions.com\/de\/wp-json\/wp\/v2\/media\/112751"}],"wp:attachment":[{"href":"https:\/\/gelidsolutions.com\/de\/wp-json\/wp\/v2\/media?parent=113823"}],"wp:term":[{"taxonomy":"product_cat","embeddable":true,"href":"https:\/\/gelidsolutions.com\/de\/wp-json\/wp\/v2\/product_cat?post=113823"},{"taxonomy":"product_tag","embeddable":true,"href":"https:\/\/gelidsolutions.com\/de\/wp-json\/wp\/v2\/product_tag?post=113823"}],"curies":[{"name":"wp","href":"https:\/\/api.w.org\/{rel}","templated":true}]}}