{"id":113824,"date":"2018-10-23T23:48:00","date_gmt":"2018-10-23T15:48:00","guid":{"rendered":"https:\/\/localhost\/gelidsolutions\/product\/radiant-rgb-fan\/"},"modified":"2022-11-30T22:07:13","modified_gmt":"2022-11-30T14:07:13","slug":"radiant-rgb-lufter","status":"publish","type":"product","link":"https:\/\/gelidsolutions.com\/de\/produkt\/radiant-rgb-lufter\/","title":{"rendered":"RADIANT"},"content":{"rendered":"<p><b><i>Radiant (FN-RADIANT-20)<\/i><\/b><br \/>\n120mm Extreme Performance RGB-L\u00fcfter<\/p>\n<p>&nbsp;<\/p>\n<p><i><b>Pr\u00e4chtige Farben. Extreme Leistung. K\u00fchnes Design<\/b><\/i><\/p>\n<p>&nbsp;<\/p>\n<p>Der Radiant RGB-LED-L\u00fcfter wurde mit Spitzentechnologien und Leidenschaft entwickelt und sorgt f\u00fcr ein atemberaubend lebendiges RGB-LED-Beleuchtungserlebnis. Die pr\u00e4chtigen Farben, die extreme Leistung und das k\u00fchne Design machen den Radiant zu einem perfekten Partner f\u00fcr Wasserk\u00fchlungs-Radiatoren, fortschrittliche K\u00fchlk\u00f6rper und individuelle PC-Rigs. Probieren Sie es einfach aus, und entfachen Sie die Farben des Lebens in Ihrem PC!<\/p>\n<p>&nbsp;<\/p>\n<p><img loading=\"lazy\" decoding=\"async\" class=\"aligncenter wp-image-28798\" src=\"https:\/\/gelidsolutions.com\/wp-content\/uploads\/2019\/04\/mb_rgb_tech.png\" alt=\"Unterst\u00fctzte RGB-Technologien\" width=\"500\" height=\"101\"><\/p>\n<p>&nbsp;<\/p>\n<p><i><b>Designkonzept<\/b><\/i><\/p>\n<p>&nbsp;<\/p>\n<p><strong>9 Vollfarb-RGB-LEDs:<\/strong> kreisf\u00f6rmig angeordnete LEDs mit hoher Helligkeit f\u00fcr ein atemberaubend lebendiges RGB-Lichterlebnis.<\/p>\n<p>&nbsp;<\/p>\n<p><strong>Unendliches Farbspektrum:<\/strong> variable Farbmodi \u00fcber Motherboard-Steuerung oder den optionalen GELID RGB LED Multi-Fan Controller.<\/p>\n<p>&nbsp;<\/p>\n<p><strong>Extremer statischer Druck:<\/strong> leistungsstarkes Laufrad mit beispiellosem statischem Druck und Leistungsprofil.<\/p>\n<p>&nbsp;<\/p>\n<p><strong>Hochpr\u00e4zise Shark-Tooth-Klinge:<\/strong> 3D-optimierte Klinge f\u00fcr noch h\u00f6heren Luftstrom und weniger L\u00e4rm.<\/p>\n<p>&nbsp;<\/p>\n<p><strong>Ger\u00e4uschloser Motorantriebs-IC:<\/strong> neu entwickelter und verbesserter Motortreiber zur Beseitigung von Klickger\u00e4uschen.<\/p>\n<p>&nbsp;<\/p>\n<p><strong>Ultra-haltbare Doppelkugellager:<\/strong> Sorgf\u00e4ltig ausgew\u00e4hlte, hochwertige Kugellager f\u00fcr ultra-haltbaren Betrieb.<\/p>\n<p>&nbsp;<\/p>\n<p><strong>Wide Range RPM:<\/strong> erweiterte L\u00fcfterdrehzahl im Bereich von 500 &#8211; 2000 RPM.<\/p>\n<p>&nbsp;<\/p>\n<p><strong>Breite Kompatibilit\u00e4t:<\/strong> Alle modernen Motherboards mit RGB-Sync-Steuerung und 12V-Standard-RGB-Headern werden unterst\u00fctzt.<\/p>\n<p>&nbsp;<\/p>\n<p><i>Der Ventilator ist RoHS- und WEEE-konform und hat eine 5-Jahres-Garantie.<\/i><i><br \/>\n<\/i><\/p>\n<p>&nbsp;<\/p>\n<p><i>EAN: 4897025781948<\/i><\/p>\n<p>&nbsp;<\/p>\n","protected":false},"excerpt":{"rendered":"<ul>\n<li>9 Vollfarb-RGB-LEDs<\/li>\n<li>Extremer statischer Druck<\/li>\n<li>Hochpr\u00e4zise Haifischzahnklinge<\/li>\n<li>Ger\u00e4uschlose Motorsteuerung IC<\/li>\n<li>Ultra-haltbares doppeltes Kugellager<\/li>\n<li>Breiter Drehzahlbereich 500 &#8211; 2000 RPM<\/li>\n<\/ul>\n","protected":false},"featured_media":112728,"comment_status":"closed","ping_status":"closed","template":"","meta":{"_acf_changed":false},"product_cat":[313,587],"product_tag":[],"class_list":{"0":"post-113824","1":"product","2":"type-product","3":"status-publish","4":"has-post-thumbnail","6":"product_cat-archiv","7":"product_cat-archiv-fur-stille-fans","9":"first","10":"outofstock","11":"taxable","12":"shipping-taxable","13":"purchasable","14":"product-type-simple"},"supplier_id":null,"supplier_sku":"FN-RADIANT-20","barcode":"4897025781948","atum_controlled":true,"out_stock_date":"2022-07-12 14:18:11","out_stock_threshold":null,"inheritable":false,"inbound_stock":null,"stock_on_hold":0,"sold_today":0,"sales_last_days":0,"reserved_stock":null,"customer_returns":null,"warehouse_damage":null,"lost_in_post":null,"other_logs":null,"out_stock_days":1402,"lost_sales":0,"has_location":false,"update_date":"2026-05-15T00:02:51","atum_locations":[],"atum_stock_status":"outofstock","restock_status":false,"low_stock_amount":"","sales_update_date":"2026-05-15T00:02:51","calc_backorders":null,"acf":[],"yoast_head":"<!-- This site is optimized with the Yoast SEO plugin v27.6 - https:\/\/yoast.com\/product\/yoast-seo-wordpress\/ -->\n<title>RADIANT - Gelid Solutions<\/title>\n<meta name=\"robots\" content=\"index, follow, max-snippet:-1, max-image-preview:large, max-video-preview:-1\" \/>\n<link rel=\"canonical\" href=\"https:\/\/gelidsolutions.com\/de\/produkt\/radiant-rgb-lufter\/\" \/>\n<meta property=\"og:locale\" content=\"de_DE\" \/>\n<meta property=\"og:type\" content=\"article\" \/>\n<meta property=\"og:title\" content=\"RADIANT - Gelid Solutions\" \/>\n<meta property=\"og:description\" content=\"9 Vollfarb-RGB-LEDs  Extremer statischer Druck  Hochpr\u00e4zise Haifischzahnklinge  Ger\u00e4uschlose Motorsteuerung IC  Ultra-haltbares doppeltes Kugellager  Breiter Drehzahlbereich 500 - 2000 RPM\" \/>\n<meta property=\"og:url\" content=\"https:\/\/gelidsolutions.com\/de\/produkt\/radiant-rgb-lufter\/\" \/>\n<meta property=\"og:site_name\" content=\"Gelid Solutions\" \/>\n<meta property=\"article:modified_time\" content=\"2022-11-30T14:07:13+00:00\" \/>\n<meta property=\"og:image\" content=\"https:\/\/gelidsolutions.com\/wp-content\/uploads\/2022\/05\/gelid_radiant_gamer_fan_1.jpg\" \/>\n\t<meta property=\"og:image:width\" content=\"1600\" \/>\n\t<meta property=\"og:image:height\" content=\"1600\" \/>\n\t<meta property=\"og:image:type\" content=\"image\/jpeg\" \/>\n<meta name=\"twitter:card\" content=\"summary_large_image\" \/>\n<meta name=\"twitter:label1\" content=\"Gesch\u00e4tzte Lesezeit\" \/>\n\t<meta name=\"twitter:data1\" content=\"1\u00a0Minute\" \/>\n<script type=\"application\/ld+json\" class=\"yoast-schema-graph\">{\"@context\":\"https:\\\/\\\/schema.org\",\"@graph\":[{\"@type\":\"WebPage\",\"@id\":\"https:\\\/\\\/gelidsolutions.com\\\/de\\\/produkt\\\/radiant-rgb-lufter\\\/\",\"url\":\"https:\\\/\\\/gelidsolutions.com\\\/de\\\/produkt\\\/radiant-rgb-lufter\\\/\",\"name\":\"RADIANT - Gelid Solutions\",\"isPartOf\":{\"@id\":\"https:\\\/\\\/gelidsolutions.com\\\/de\\\/#website\"},\"primaryImageOfPage\":{\"@id\":\"https:\\\/\\\/gelidsolutions.com\\\/de\\\/produkt\\\/radiant-rgb-lufter\\\/#primaryimage\"},\"image\":{\"@id\":\"https:\\\/\\\/gelidsolutions.com\\\/de\\\/produkt\\\/radiant-rgb-lufter\\\/#primaryimage\"},\"thumbnailUrl\":\"https:\\\/\\\/gelidsolutions.com\\\/wp-content\\\/uploads\\\/2022\\\/05\\\/gelid_radiant_gamer_fan_1.jpg\",\"datePublished\":\"2018-10-23T15:48:00+00:00\",\"dateModified\":\"2022-11-30T14:07:13+00:00\",\"breadcrumb\":{\"@id\":\"https:\\\/\\\/gelidsolutions.com\\\/de\\\/produkt\\\/radiant-rgb-lufter\\\/#breadcrumb\"},\"inLanguage\":\"de\",\"potentialAction\":[{\"@type\":\"ReadAction\",\"target\":[\"https:\\\/\\\/gelidsolutions.com\\\/de\\\/produkt\\\/radiant-rgb-lufter\\\/\"]}]},{\"@type\":\"ImageObject\",\"inLanguage\":\"de\",\"@id\":\"https:\\\/\\\/gelidsolutions.com\\\/de\\\/produkt\\\/radiant-rgb-lufter\\\/#primaryimage\",\"url\":\"https:\\\/\\\/gelidsolutions.com\\\/wp-content\\\/uploads\\\/2022\\\/05\\\/gelid_radiant_gamer_fan_1.jpg\",\"contentUrl\":\"https:\\\/\\\/gelidsolutions.com\\\/wp-content\\\/uploads\\\/2022\\\/05\\\/gelid_radiant_gamer_fan_1.jpg\",\"width\":1600,\"height\":1600,\"caption\":\"Strahlender RGB-LED-L\u00fcfter\"},{\"@type\":\"BreadcrumbList\",\"@id\":\"https:\\\/\\\/gelidsolutions.com\\\/de\\\/produkt\\\/radiant-rgb-lufter\\\/#breadcrumb\",\"itemListElement\":[{\"@type\":\"ListItem\",\"position\":1,\"name\":\"Home\",\"item\":\"https:\\\/\\\/gelidsolutions.com\\\/de\\\/\"},{\"@type\":\"ListItem\",\"position\":2,\"name\":\"Shop\",\"item\":\"https:\\\/\\\/gelidsolutions.com\\\/shop\\\/\"},{\"@type\":\"ListItem\",\"position\":3,\"name\":\"RADIANT\"}]},{\"@type\":\"WebSite\",\"@id\":\"https:\\\/\\\/gelidsolutions.com\\\/de\\\/#website\",\"url\":\"https:\\\/\\\/gelidsolutions.com\\\/de\\\/\",\"name\":\"Gelid Solutions\",\"description\":\"\",\"publisher\":{\"@id\":\"https:\\\/\\\/gelidsolutions.com\\\/de\\\/#organization\"},\"potentialAction\":[{\"@type\":\"SearchAction\",\"target\":{\"@type\":\"EntryPoint\",\"urlTemplate\":\"https:\\\/\\\/gelidsolutions.com\\\/de\\\/?s={search_term_string}\"},\"query-input\":{\"@type\":\"PropertyValueSpecification\",\"valueRequired\":true,\"valueName\":\"search_term_string\"}}],\"inLanguage\":\"de\"},{\"@type\":\"Organization\",\"@id\":\"https:\\\/\\\/gelidsolutions.com\\\/de\\\/#organization\",\"name\":\"Gelid Solutions\",\"url\":\"https:\\\/\\\/gelidsolutions.com\\\/de\\\/\",\"logo\":{\"@type\":\"ImageObject\",\"inLanguage\":\"de\",\"@id\":\"https:\\\/\\\/gelidsolutions.com\\\/de\\\/#\\\/schema\\\/logo\\\/image\\\/\",\"url\":\"https:\\\/\\\/gelidsolutions.com\\\/wp-content\\\/uploads\\\/2022\\\/06\\\/logo_white_104_104.gif\",\"contentUrl\":\"https:\\\/\\\/gelidsolutions.com\\\/wp-content\\\/uploads\\\/2022\\\/06\\\/logo_white_104_104.gif\",\"width\":104,\"height\":104,\"caption\":\"Gelid Solutions\"},\"image\":{\"@id\":\"https:\\\/\\\/gelidsolutions.com\\\/de\\\/#\\\/schema\\\/logo\\\/image\\\/\"}}]}<\/script>\n<!-- \/ Yoast SEO plugin. -->","yoast_head_json":{"title":"RADIANT - Gelid Solutions","robots":{"index":"index","follow":"follow","max-snippet":"max-snippet:-1","max-image-preview":"max-image-preview:large","max-video-preview":"max-video-preview:-1"},"canonical":"https:\/\/gelidsolutions.com\/de\/produkt\/radiant-rgb-lufter\/","og_locale":"de_DE","og_type":"article","og_title":"RADIANT - Gelid Solutions","og_description":"9 Vollfarb-RGB-LEDs  Extremer statischer Druck  Hochpr\u00e4zise Haifischzahnklinge  Ger\u00e4uschlose Motorsteuerung IC  Ultra-haltbares doppeltes Kugellager  Breiter Drehzahlbereich 500 - 2000 RPM","og_url":"https:\/\/gelidsolutions.com\/de\/produkt\/radiant-rgb-lufter\/","og_site_name":"Gelid Solutions","article_modified_time":"2022-11-30T14:07:13+00:00","og_image":[{"width":1600,"height":1600,"url":"https:\/\/gelidsolutions.com\/wp-content\/uploads\/2022\/05\/gelid_radiant_gamer_fan_1.jpg","type":"image\/jpeg"}],"twitter_card":"summary_large_image","twitter_misc":{"Gesch\u00e4tzte Lesezeit":"1\u00a0Minute"},"schema":{"@context":"https:\/\/schema.org","@graph":[{"@type":"WebPage","@id":"https:\/\/gelidsolutions.com\/de\/produkt\/radiant-rgb-lufter\/","url":"https:\/\/gelidsolutions.com\/de\/produkt\/radiant-rgb-lufter\/","name":"RADIANT - Gelid Solutions","isPartOf":{"@id":"https:\/\/gelidsolutions.com\/de\/#website"},"primaryImageOfPage":{"@id":"https:\/\/gelidsolutions.com\/de\/produkt\/radiant-rgb-lufter\/#primaryimage"},"image":{"@id":"https:\/\/gelidsolutions.com\/de\/produkt\/radiant-rgb-lufter\/#primaryimage"},"thumbnailUrl":"https:\/\/gelidsolutions.com\/wp-content\/uploads\/2022\/05\/gelid_radiant_gamer_fan_1.jpg","datePublished":"2018-10-23T15:48:00+00:00","dateModified":"2022-11-30T14:07:13+00:00","breadcrumb":{"@id":"https:\/\/gelidsolutions.com\/de\/produkt\/radiant-rgb-lufter\/#breadcrumb"},"inLanguage":"de","potentialAction":[{"@type":"ReadAction","target":["https:\/\/gelidsolutions.com\/de\/produkt\/radiant-rgb-lufter\/"]}]},{"@type":"ImageObject","inLanguage":"de","@id":"https:\/\/gelidsolutions.com\/de\/produkt\/radiant-rgb-lufter\/#primaryimage","url":"https:\/\/gelidsolutions.com\/wp-content\/uploads\/2022\/05\/gelid_radiant_gamer_fan_1.jpg","contentUrl":"https:\/\/gelidsolutions.com\/wp-content\/uploads\/2022\/05\/gelid_radiant_gamer_fan_1.jpg","width":1600,"height":1600,"caption":"Strahlender RGB-LED-L\u00fcfter"},{"@type":"BreadcrumbList","@id":"https:\/\/gelidsolutions.com\/de\/produkt\/radiant-rgb-lufter\/#breadcrumb","itemListElement":[{"@type":"ListItem","position":1,"name":"Home","item":"https:\/\/gelidsolutions.com\/de\/"},{"@type":"ListItem","position":2,"name":"Shop","item":"https:\/\/gelidsolutions.com\/shop\/"},{"@type":"ListItem","position":3,"name":"RADIANT"}]},{"@type":"WebSite","@id":"https:\/\/gelidsolutions.com\/de\/#website","url":"https:\/\/gelidsolutions.com\/de\/","name":"Gelid Solutions","description":"","publisher":{"@id":"https:\/\/gelidsolutions.com\/de\/#organization"},"potentialAction":[{"@type":"SearchAction","target":{"@type":"EntryPoint","urlTemplate":"https:\/\/gelidsolutions.com\/de\/?s={search_term_string}"},"query-input":{"@type":"PropertyValueSpecification","valueRequired":true,"valueName":"search_term_string"}}],"inLanguage":"de"},{"@type":"Organization","@id":"https:\/\/gelidsolutions.com\/de\/#organization","name":"Gelid Solutions","url":"https:\/\/gelidsolutions.com\/de\/","logo":{"@type":"ImageObject","inLanguage":"de","@id":"https:\/\/gelidsolutions.com\/de\/#\/schema\/logo\/image\/","url":"https:\/\/gelidsolutions.com\/wp-content\/uploads\/2022\/06\/logo_white_104_104.gif","contentUrl":"https:\/\/gelidsolutions.com\/wp-content\/uploads\/2022\/06\/logo_white_104_104.gif","width":104,"height":104,"caption":"Gelid Solutions"},"image":{"@id":"https:\/\/gelidsolutions.com\/de\/#\/schema\/logo\/image\/"}}]}},"_links":{"self":[{"href":"https:\/\/gelidsolutions.com\/de\/wp-json\/wp\/v2\/product\/113824","targetHints":{"allow":["GET"]}}],"collection":[{"href":"https:\/\/gelidsolutions.com\/de\/wp-json\/wp\/v2\/product"}],"about":[{"href":"https:\/\/gelidsolutions.com\/de\/wp-json\/wp\/v2\/types\/product"}],"replies":[{"embeddable":true,"href":"https:\/\/gelidsolutions.com\/de\/wp-json\/wp\/v2\/comments?post=113824"}],"wp:featuredmedia":[{"embeddable":true,"href":"https:\/\/gelidsolutions.com\/de\/wp-json\/wp\/v2\/media\/112728"}],"wp:attachment":[{"href":"https:\/\/gelidsolutions.com\/de\/wp-json\/wp\/v2\/media?parent=113824"}],"wp:term":[{"taxonomy":"product_cat","embeddable":true,"href":"https:\/\/gelidsolutions.com\/de\/wp-json\/wp\/v2\/product_cat?post=113824"},{"taxonomy":"product_tag","embeddable":true,"href":"https:\/\/gelidsolutions.com\/de\/wp-json\/wp\/v2\/product_tag?post=113824"}],"curies":[{"name":"wp","href":"https:\/\/api.w.org\/{rel}","templated":true}]}}