{"id":113825,"date":"2019-11-07T19:05:00","date_gmt":"2019-11-07T11:05:00","guid":{"rendered":"https:\/\/localhost\/gelidsolutions\/product\/subzero-m2-ssd-kit\/"},"modified":"2023-01-16T16:19:35","modified_gmt":"2023-01-16T08:19:35","slug":"subzero-m2-ssd-kit","status":"publish","type":"product","link":"https:\/\/gelidsolutions.com\/de\/produkt\/subzero-m2-ssd-kit\/","title":{"rendered":"SUBZERO M.2 SSD K\u00fchl-Set"},"content":{"rendered":"<p><i><b>SubZero M.2 SSD K\u00fchl-Set (HS-M2-SSD)<\/b><\/i><\/p>\n<p>&nbsp;<\/p>\n<p>Das SubZero M.2 SSD-K\u00fchlkit wurde entwickelt, um die M.2 2280 SSD effizient abzuk\u00fchlen und thermische Drosselung zu verhindern. Es hilft die Leistung zu verbessern, die Haltbarkeit zu erh\u00f6hen und die Datenintegrit\u00e4t der Solid-State-Laufwerke zu steigern. Das SubZero M.2 SSD-K\u00fchlkit verwendet den ultraschlanken Aluminiumk\u00fchlk\u00f6rper und die speziell gefertigten W\u00e4rmeleitpads, um die beste W\u00e4rme\u00fcbertragung zu erzielen und die Betriebstemperaturen f\u00fcr Speicher-ICs und andere elektronische Komponenten der M.2 SSD deutlich zu senken.<\/p>\n<p>&nbsp;<\/p>\n<p>Zus\u00e4tzlich wird ein Satz von 3 extrem haltbaren Silikonringbefestigungen mit dem SubZero M.2 SSD-K\u00fchlkit geliefert, um eine sichere Montage der K\u00fchlk\u00f6rper zu gew\u00e4hrleisten. Das SubZero M.2 SSD-K\u00fchlkit bietet eine schnelle Installation und passt auf alle Standard-SSDs M.2 2280, die f\u00fcr Laptops oder Desktop-Computersysteme entwickelt wurden.<\/p>\n<p>&nbsp;<\/p>\n<p><strong>Thermische Drosselung erkl\u00e4rt:<\/strong><\/p>\n<p>Die thermische Drosselung ist eine Technik, bei der die Frequenz eines IC automatisch angepasst werden kann, um die vom IC erzeugte W\u00e4rmemenge zu reduzieren. Normalerweise arbeiten die elektronischen SSD-Komponenten innerhalb des Standardtemperaturbereichs mit voller Geschwindigkeit. Bei hoher Arbeitslast, beim Ausf\u00fchren von Apps sowie Computerspielen, Videoverarbeitung oder anderen datenintensiven Computern, kann der SSD-Controller und die Speicher-ICs aufgrund einer hohen Anzahl von Lese- \/ Schreibvorg\u00e4ngen und hohen Datenmengen eine \u00fcberm\u00e4\u00dfige W\u00e4rme erzeugen.<\/p>\n<p>&nbsp;<\/p>\n<p>Um die SSD abzuk\u00fchlen, wird ein automatischer Arbeitszyklus angewendet. Die effektive SSD-Frequenz wird niedriger und die Betriebstemperatur erreicht stufenweise den normalen Bereich. In diesem Zyklus verschlechtert sich die Leistung der SSD, bis sie k\u00fchler l\u00e4uft. Einige Laptops haben m\u00f6glicherweise auch eine schlechte K\u00fchlung im M.2-Geh\u00e4use. In diesem Fall kann eine sequentielle Aktivierung der thermischen Drosselung auftreten, was zu einer kontinuierlichen unterdurchschnittlichen Leistung der M.2-SSD f\u00fchrt.<\/p>\n<p>&nbsp;<\/p>\n<p>Das SubZero M.2 SSD-K\u00fchlkit verbessert die K\u00fchlung der M.2-SSD erheblich. Daher wird die Betriebstemperatur der unterst\u00fctzten SSD erheblich niedriger. SubZero M.2 SSD-K\u00fchlkit hilft dabei, die Temperatur bei hoher Arbeitsbelastung im normalen Bereich zu halten und verhindert, dass die thermische Drosselung aktiviert wird.<\/p>\n<p>&nbsp;<\/p>\n<p><i><b>UVP: 12 USD \/ 9.95 EUR <\/b><\/i><\/p>\n<p>&nbsp;<\/p>\n<p><i>EAN (Black): 4897025781658<\/i><br \/>\n<i>EAN (Red): 4897025781689<\/i><\/p>\n<p>&nbsp;<\/p>\n","protected":false},"excerpt":{"rendered":"<ul>\n<li>\u00a0Hochleistungsk\u00fchlung<\/li>\n<li>\u00a0Leichtbau<\/li>\n<li>\u00a0Hochzuverl\u00e4ssige Silikonhalterung<\/li>\n<li>\u00a0Schnelle und einfache Montage<\/li>\n<li>\u00a0Passend f\u00fcr alle M.2 2280 Typ SSD<\/li>\n<\/ul>\n","protected":false},"featured_media":120384,"comment_status":"closed","ping_status":"closed","template":"","meta":{"_acf_changed":false},"product_cat":[561,318,506],"product_tag":[562,567,553],"class_list":{"0":"post-113825","1":"product","2":"type-product","3":"status-publish","4":"has-post-thumbnail","6":"product_cat-ssd-cooler-thermal-solutions-de","7":"product_cat-zubehoer","8":"product_cat-zubehor","9":"product_tag-accessories-de","10":"product_tag-gamer-zubehor","11":"product_tag-thermal-solution-de","13":"first","14":"outofstock","15":"taxable","16":"shipping-taxable","17":"purchasable","18":"product-type-variable"},"supplier_id":null,"supplier_sku":"HS-M2-SSD","barcode":null,"atum_controlled":true,"out_stock_date":"2022-08-08 10:38:05","out_stock_threshold":null,"inheritable":true,"inbound_stock":null,"stock_on_hold":0,"sold_today":0,"sales_last_days":0,"reserved_stock":null,"customer_returns":null,"warehouse_damage":null,"lost_in_post":null,"other_logs":null,"out_stock_days":1368,"lost_sales":0,"has_location":false,"update_date":"2026-05-08T01:14:56","atum_locations":[],"atum_stock_status":"outofstock","restock_status":false,"low_stock_amount":"","sales_update_date":"2026-05-08T01:14:56","calc_backorders":null,"acf":[],"yoast_head":"<!-- This site is optimized with the Yoast SEO plugin v27.5 - https:\/\/yoast.com\/product\/yoast-seo-wordpress\/ -->\n<title>SUBZERO M.2 SSD K\u00fchl-Set - Gelid Solutions<\/title>\n<meta name=\"robots\" content=\"index, follow, max-snippet:-1, max-image-preview:large, max-video-preview:-1\" \/>\n<link rel=\"canonical\" href=\"https:\/\/gelidsolutions.com\/de\/produkt\/subzero-m2-ssd-kit\/\" \/>\n<meta property=\"og:locale\" content=\"de_DE\" \/>\n<meta property=\"og:type\" content=\"article\" \/>\n<meta property=\"og:title\" content=\"SUBZERO M.2 SSD K\u00fchl-Set - Gelid Solutions\" \/>\n<meta property=\"og:description\" content=\"\u00a0Hochleistungsk\u00fchlung  \u00a0Leichtbau  \u00a0Hochzuverl\u00e4ssige Silikonhalterung  \u00a0Schnelle und einfache Montage  \u00a0Passend f\u00fcr alle M.2 2280 Typ SSD\" \/>\n<meta property=\"og:url\" content=\"https:\/\/gelidsolutions.com\/de\/produkt\/subzero-m2-ssd-kit\/\" \/>\n<meta property=\"og:site_name\" content=\"Gelid Solutions\" \/>\n<meta property=\"article:modified_time\" content=\"2023-01-16T08:19:35+00:00\" \/>\n<meta property=\"og:image\" content=\"https:\/\/gelidsolutions.com\/wp-content\/uploads\/2019\/11\/accessories_gamer_SUBZERO_M.2_1.1.png\" \/>\n\t<meta property=\"og:image:width\" content=\"1200\" \/>\n\t<meta property=\"og:image:height\" content=\"802\" \/>\n\t<meta property=\"og:image:type\" content=\"image\/png\" \/>\n<meta name=\"twitter:card\" content=\"summary_large_image\" \/>\n<meta name=\"twitter:label1\" content=\"Gesch\u00e4tzte Lesezeit\" \/>\n\t<meta name=\"twitter:data1\" content=\"2\u00a0Minuten\" \/>\n<script type=\"application\/ld+json\" class=\"yoast-schema-graph\">{\"@context\":\"https:\\\/\\\/schema.org\",\"@graph\":[{\"@type\":\"WebPage\",\"@id\":\"https:\\\/\\\/gelidsolutions.com\\\/de\\\/produkt\\\/subzero-m2-ssd-kit\\\/\",\"url\":\"https:\\\/\\\/gelidsolutions.com\\\/de\\\/produkt\\\/subzero-m2-ssd-kit\\\/\",\"name\":\"SUBZERO M.2 SSD K\u00fchl-Set - Gelid Solutions\",\"isPartOf\":{\"@id\":\"https:\\\/\\\/gelidsolutions.com\\\/de\\\/#website\"},\"primaryImageOfPage\":{\"@id\":\"https:\\\/\\\/gelidsolutions.com\\\/de\\\/produkt\\\/subzero-m2-ssd-kit\\\/#primaryimage\"},\"image\":{\"@id\":\"https:\\\/\\\/gelidsolutions.com\\\/de\\\/produkt\\\/subzero-m2-ssd-kit\\\/#primaryimage\"},\"thumbnailUrl\":\"https:\\\/\\\/gelidsolutions.com\\\/wp-content\\\/uploads\\\/2019\\\/11\\\/accessories_gamer_SUBZERO_M.2_1.1.png\",\"datePublished\":\"2019-11-07T11:05:00+00:00\",\"dateModified\":\"2023-01-16T08:19:35+00:00\",\"breadcrumb\":{\"@id\":\"https:\\\/\\\/gelidsolutions.com\\\/de\\\/produkt\\\/subzero-m2-ssd-kit\\\/#breadcrumb\"},\"inLanguage\":\"de\",\"potentialAction\":[{\"@type\":\"ReadAction\",\"target\":[\"https:\\\/\\\/gelidsolutions.com\\\/de\\\/produkt\\\/subzero-m2-ssd-kit\\\/\"]}]},{\"@type\":\"ImageObject\",\"inLanguage\":\"de\",\"@id\":\"https:\\\/\\\/gelidsolutions.com\\\/de\\\/produkt\\\/subzero-m2-ssd-kit\\\/#primaryimage\",\"url\":\"https:\\\/\\\/gelidsolutions.com\\\/wp-content\\\/uploads\\\/2019\\\/11\\\/accessories_gamer_SUBZERO_M.2_1.1.png\",\"contentUrl\":\"https:\\\/\\\/gelidsolutions.com\\\/wp-content\\\/uploads\\\/2019\\\/11\\\/accessories_gamer_SUBZERO_M.2_1.1.png\",\"width\":1200,\"height\":802,\"caption\":\"Subzero M.2\"},{\"@type\":\"BreadcrumbList\",\"@id\":\"https:\\\/\\\/gelidsolutions.com\\\/de\\\/produkt\\\/subzero-m2-ssd-kit\\\/#breadcrumb\",\"itemListElement\":[{\"@type\":\"ListItem\",\"position\":1,\"name\":\"Home\",\"item\":\"https:\\\/\\\/gelidsolutions.com\\\/de\\\/\"},{\"@type\":\"ListItem\",\"position\":2,\"name\":\"Shop\",\"item\":\"https:\\\/\\\/gelidsolutions.com\\\/shop\\\/\"},{\"@type\":\"ListItem\",\"position\":3,\"name\":\"SUBZERO M.2 SSD K\u00fchl-Set\"}]},{\"@type\":\"WebSite\",\"@id\":\"https:\\\/\\\/gelidsolutions.com\\\/de\\\/#website\",\"url\":\"https:\\\/\\\/gelidsolutions.com\\\/de\\\/\",\"name\":\"Gelid Solutions\",\"description\":\"\",\"publisher\":{\"@id\":\"https:\\\/\\\/gelidsolutions.com\\\/de\\\/#organization\"},\"potentialAction\":[{\"@type\":\"SearchAction\",\"target\":{\"@type\":\"EntryPoint\",\"urlTemplate\":\"https:\\\/\\\/gelidsolutions.com\\\/de\\\/?s={search_term_string}\"},\"query-input\":{\"@type\":\"PropertyValueSpecification\",\"valueRequired\":true,\"valueName\":\"search_term_string\"}}],\"inLanguage\":\"de\"},{\"@type\":\"Organization\",\"@id\":\"https:\\\/\\\/gelidsolutions.com\\\/de\\\/#organization\",\"name\":\"Gelid Solutions\",\"url\":\"https:\\\/\\\/gelidsolutions.com\\\/de\\\/\",\"logo\":{\"@type\":\"ImageObject\",\"inLanguage\":\"de\",\"@id\":\"https:\\\/\\\/gelidsolutions.com\\\/de\\\/#\\\/schema\\\/logo\\\/image\\\/\",\"url\":\"https:\\\/\\\/gelidsolutions.com\\\/wp-content\\\/uploads\\\/2022\\\/06\\\/logo_white_104_104.gif\",\"contentUrl\":\"https:\\\/\\\/gelidsolutions.com\\\/wp-content\\\/uploads\\\/2022\\\/06\\\/logo_white_104_104.gif\",\"width\":104,\"height\":104,\"caption\":\"Gelid Solutions\"},\"image\":{\"@id\":\"https:\\\/\\\/gelidsolutions.com\\\/de\\\/#\\\/schema\\\/logo\\\/image\\\/\"}}]}<\/script>\n<!-- \/ Yoast SEO plugin. -->","yoast_head_json":{"title":"SUBZERO M.2 SSD K\u00fchl-Set - Gelid Solutions","robots":{"index":"index","follow":"follow","max-snippet":"max-snippet:-1","max-image-preview":"max-image-preview:large","max-video-preview":"max-video-preview:-1"},"canonical":"https:\/\/gelidsolutions.com\/de\/produkt\/subzero-m2-ssd-kit\/","og_locale":"de_DE","og_type":"article","og_title":"SUBZERO M.2 SSD K\u00fchl-Set - Gelid Solutions","og_description":"\u00a0Hochleistungsk\u00fchlung  \u00a0Leichtbau  \u00a0Hochzuverl\u00e4ssige Silikonhalterung  \u00a0Schnelle und einfache Montage  \u00a0Passend f\u00fcr alle M.2 2280 Typ SSD","og_url":"https:\/\/gelidsolutions.com\/de\/produkt\/subzero-m2-ssd-kit\/","og_site_name":"Gelid Solutions","article_modified_time":"2023-01-16T08:19:35+00:00","og_image":[{"width":1200,"height":802,"url":"https:\/\/gelidsolutions.com\/wp-content\/uploads\/2019\/11\/accessories_gamer_SUBZERO_M.2_1.1.png","type":"image\/png"}],"twitter_card":"summary_large_image","twitter_misc":{"Gesch\u00e4tzte Lesezeit":"2\u00a0Minuten"},"schema":{"@context":"https:\/\/schema.org","@graph":[{"@type":"WebPage","@id":"https:\/\/gelidsolutions.com\/de\/produkt\/subzero-m2-ssd-kit\/","url":"https:\/\/gelidsolutions.com\/de\/produkt\/subzero-m2-ssd-kit\/","name":"SUBZERO M.2 SSD K\u00fchl-Set - Gelid Solutions","isPartOf":{"@id":"https:\/\/gelidsolutions.com\/de\/#website"},"primaryImageOfPage":{"@id":"https:\/\/gelidsolutions.com\/de\/produkt\/subzero-m2-ssd-kit\/#primaryimage"},"image":{"@id":"https:\/\/gelidsolutions.com\/de\/produkt\/subzero-m2-ssd-kit\/#primaryimage"},"thumbnailUrl":"https:\/\/gelidsolutions.com\/wp-content\/uploads\/2019\/11\/accessories_gamer_SUBZERO_M.2_1.1.png","datePublished":"2019-11-07T11:05:00+00:00","dateModified":"2023-01-16T08:19:35+00:00","breadcrumb":{"@id":"https:\/\/gelidsolutions.com\/de\/produkt\/subzero-m2-ssd-kit\/#breadcrumb"},"inLanguage":"de","potentialAction":[{"@type":"ReadAction","target":["https:\/\/gelidsolutions.com\/de\/produkt\/subzero-m2-ssd-kit\/"]}]},{"@type":"ImageObject","inLanguage":"de","@id":"https:\/\/gelidsolutions.com\/de\/produkt\/subzero-m2-ssd-kit\/#primaryimage","url":"https:\/\/gelidsolutions.com\/wp-content\/uploads\/2019\/11\/accessories_gamer_SUBZERO_M.2_1.1.png","contentUrl":"https:\/\/gelidsolutions.com\/wp-content\/uploads\/2019\/11\/accessories_gamer_SUBZERO_M.2_1.1.png","width":1200,"height":802,"caption":"Subzero M.2"},{"@type":"BreadcrumbList","@id":"https:\/\/gelidsolutions.com\/de\/produkt\/subzero-m2-ssd-kit\/#breadcrumb","itemListElement":[{"@type":"ListItem","position":1,"name":"Home","item":"https:\/\/gelidsolutions.com\/de\/"},{"@type":"ListItem","position":2,"name":"Shop","item":"https:\/\/gelidsolutions.com\/shop\/"},{"@type":"ListItem","position":3,"name":"SUBZERO M.2 SSD K\u00fchl-Set"}]},{"@type":"WebSite","@id":"https:\/\/gelidsolutions.com\/de\/#website","url":"https:\/\/gelidsolutions.com\/de\/","name":"Gelid Solutions","description":"","publisher":{"@id":"https:\/\/gelidsolutions.com\/de\/#organization"},"potentialAction":[{"@type":"SearchAction","target":{"@type":"EntryPoint","urlTemplate":"https:\/\/gelidsolutions.com\/de\/?s={search_term_string}"},"query-input":{"@type":"PropertyValueSpecification","valueRequired":true,"valueName":"search_term_string"}}],"inLanguage":"de"},{"@type":"Organization","@id":"https:\/\/gelidsolutions.com\/de\/#organization","name":"Gelid Solutions","url":"https:\/\/gelidsolutions.com\/de\/","logo":{"@type":"ImageObject","inLanguage":"de","@id":"https:\/\/gelidsolutions.com\/de\/#\/schema\/logo\/image\/","url":"https:\/\/gelidsolutions.com\/wp-content\/uploads\/2022\/06\/logo_white_104_104.gif","contentUrl":"https:\/\/gelidsolutions.com\/wp-content\/uploads\/2022\/06\/logo_white_104_104.gif","width":104,"height":104,"caption":"Gelid Solutions"},"image":{"@id":"https:\/\/gelidsolutions.com\/de\/#\/schema\/logo\/image\/"}}]}},"_links":{"self":[{"href":"https:\/\/gelidsolutions.com\/de\/wp-json\/wp\/v2\/product\/113825","targetHints":{"allow":["GET"]}}],"collection":[{"href":"https:\/\/gelidsolutions.com\/de\/wp-json\/wp\/v2\/product"}],"about":[{"href":"https:\/\/gelidsolutions.com\/de\/wp-json\/wp\/v2\/types\/product"}],"replies":[{"embeddable":true,"href":"https:\/\/gelidsolutions.com\/de\/wp-json\/wp\/v2\/comments?post=113825"}],"wp:featuredmedia":[{"embeddable":true,"href":"https:\/\/gelidsolutions.com\/de\/wp-json\/wp\/v2\/media\/120384"}],"wp:attachment":[{"href":"https:\/\/gelidsolutions.com\/de\/wp-json\/wp\/v2\/media?parent=113825"}],"wp:term":[{"taxonomy":"product_cat","embeddable":true,"href":"https:\/\/gelidsolutions.com\/de\/wp-json\/wp\/v2\/product_cat?post=113825"},{"taxonomy":"product_tag","embeddable":true,"href":"https:\/\/gelidsolutions.com\/de\/wp-json\/wp\/v2\/product_tag?post=113825"}],"curies":[{"name":"wp","href":"https:\/\/api.w.org\/{rel}","templated":true}]}}