{"id":113826,"date":"2020-08-12T23:10:00","date_gmt":"2020-08-12T15:10:00","guid":{"rendered":"https:\/\/localhost\/gelidsolutions\/product\/codi6-argb-controller\/"},"modified":"2022-10-29T03:27:27","modified_gmt":"2022-10-28T19:27:27","slug":"codi6-argb-steuergerat","status":"publish","type":"product","link":"https:\/\/gelidsolutions.com\/de\/produkt\/codi6-argb-steuergerat\/","title":{"rendered":"CODI6 ARGB CONTROLLER-KIT"},"content":{"rendered":"<p><b><i>CODI6 (FC-CODI6-A)<\/i><\/b><br \/>\n6-Kanal programmierbarer ARGB-Controller-Kit<\/p>\n<p><strong>Volle Kontrolle. Einfache Programmierung. Unz\u00e4hlige RGB-Effekte<\/strong><\/p>\n<p>CODI6 kommt mit Freiheit im Herzen. Es enth\u00e4lt das Arduino UNO-kompatible USB-Controller-Board und Zusatzmodule f\u00fcr 6 unabh\u00e4ngig programmierbare ARGB-Kan\u00e4le (5V) und 6 PWM-L\u00fcfter-Kan\u00e4le (12V) auf der Oberseite. Mit einem Stromausgang von 4 A pro Kanal werden bis zu 6 ARGB-L\u00fcfter oder ARGB-Streifen unterst\u00fctzt. Die RGB-Steuerungen werden \u00fcber die quelloffene Arduino-IDE-Software geladen und k\u00f6nnen mit verschiedenen Multifunktions-Codebeispielen, die in Open-Source-Online-Repositories verf\u00fcgbar sind, oder mit Ihrem eigenen, vollst\u00e4ndig benutzerdefinierten Code leicht programmiert werden, um alle m\u00f6glichen, praktisch unbegrenzten RGB-Effekte zu implementieren.<\/p>\n<p>CODI6 verf\u00fcgt au\u00dferdem \u00fcber eine integrierte Funktionstaste zum schnellen Umschalten der Betriebsart und unterst\u00fctzt einen optionalen Ultraschallsensor f\u00fcr die Fernsteuerung. Zus\u00e4tzlich sind 4 magnetische St\u00e4nder und ein klebriges Gel-Pad im Lieferumfang enthalten, so dass Sie CODI6 \u00fcberall in Ihrem PC montieren k\u00f6nnen.<\/p>\n<p><strong>Sp\u00fcren Sie den Rhythmus der atemberaubend lebendigen RGB-Beleuchtung. \u00dcbernehmen Sie die volle Kontrolle \u00fcber Ihre ARGB-L\u00fcfter und ARGB-Streifen!<\/strong><\/p>\n<p><a href=\"https:\/\/gelidsolutions.com\/codi6\/codi6-schema.svg\" target=\"_blank\" rel=\"noopener\"><img loading=\"lazy\" decoding=\"async\" class=\"aligncenter size-full wp-image-29165\" src=\"https:\/\/gelidsolutions.com\/wp-content\/uploads\/2019\/05\/codi6-schema-rev-1.png\" alt=\"CODI6\" width=\"549\" height=\"545\"><\/a><\/p>\n<p><strong>Open Source USB Controller Board.  <\/strong>Umfassende und vollst\u00e4ndig anpassbare Programmierung zur Erstellung unz\u00e4hliger RGB-Modi, dynamischer Effekte und Funktionen. Zahlreiche Open-Source-Codebeispiele sind online verf\u00fcgbar. F\u00fcr den Anfang sind nur sehr geringe Programmierkenntnisse erforderlich.<\/p>\n<p><strong>6 ARGB-Stecker und 6 PWM-Stecker.  <\/strong>Es werden bis zu 6 adressierbare RGB-L\u00fcfter oder -Strips f\u00fcr unabh\u00e4ngig programmierte RGB-Effekte unterst\u00fctzt.<\/p>\n<p><strong>4A Stromausgang pro Kanal.  <\/strong>Es werden bis zu 90 LEDs pro Kanal unterst\u00fctzt.<\/p>\n<p><strong>Kanal-Synchronisation.  <\/strong>Option zur Synchronisierung aller 6 ARGB-Kan\u00e4le unabh\u00e4ngig von Typ, Modell und LED-Anzahl der angeschlossenen ARGB-Ger\u00e4te.<\/p>\n<p><strong>Gemeinsame PWM-Steuerung.  <\/strong>PWM-L\u00fcfterkan\u00e4le teilen sich den PWM-Eingang vom Motherboard.<\/p>\n<p><strong>On-board programmierbare Funktionstaste.  <\/strong>Schnelle Modusumschaltung.<\/p>\n<p><strong>Optionale Fernbedienungstasten.  <\/strong>Es k\u00f6nnen auch bis zu 5 Fernbedienungskn\u00f6pfe angeschlossen und programmiert werden.<\/p>\n<p><strong>Unterst\u00fctzung des Arduino Sensor Ecosystems.  <\/strong>Analoge Eing\u00e4nge\/Ausg\u00e4nge f\u00fcr verschiedene Sensoren zur Implementierung erweiterter ereignisgesteuerter RGB-Fernsteuerungen: Ultraschallsensor, Schallpegelsensor, IR-Sensor, Vibrationssensor, Temperatursensor, Bewegungssensor und viele andere.<\/p>\n<p><strong>4 magnetische St\u00e4nder und Gel-Haftkissen.  <\/strong>Einfache Montage im PC-Geh\u00e4use.<\/p>\n<p>Bitte laden Sie die Dokumentation herunter:<br \/>\n<strong><a href=\"https:\/\/gelidsolutions.com\/codi6\/codi6_faq.pdf\" target=\"_blank\" rel=\"noopener\">CODI6: FAQ<\/a><br \/>\n<a href=\"https:\/\/gelidsolutions.com\/codi6\/codi6_quickstart.pdf\" target=\"_blank\" rel=\"noopener\">CODI6: Schnellstartanleitung<\/a><\/strong><\/p>\n<p>&nbsp;<\/p>\n<p>EAN: 4897025782082<\/p>\n","protected":false},"excerpt":{"rendered":"<ul>\n<li>  Open-Source-USB-Controller-Karte<\/li>\n<li>  6 unabh\u00e4ngig voneinander programmierbare ARGB-Header<\/li>\n<li>  6 PWM-L\u00fcftersteuerungs-Header<\/li>\n<li>  4A Stromausgang pro Kanal<\/li>\n<li>  Arduino IDE-kompatibel<\/li>\n<li>  On-Board programmierbare Funktionstaste<\/li>\n<li>  Offene Quellcode-Beispiele<\/li>\n<li>  4 magnetische St\u00e4nder und PU-Haftgel-Pad im Lieferumfang enthalten<\/li>\n<\/ul>\n","protected":false},"featured_media":121183,"comment_status":"closed","ping_status":"closed","template":"","meta":{"_acf_changed":false},"product_cat":[313,320],"product_tag":[558,553],"class_list":{"0":"post-113826","1":"product","2":"type-product","3":"status-publish","4":"has-post-thumbnail","6":"product_cat-archiv","7":"product_cat-zubehoer-archiv","8":"product_tag-rgb-de","9":"product_tag-thermal-solution-de","11":"first","12":"outofstock","13":"taxable","14":"shipping-taxable","15":"purchasable","16":"product-type-simple"},"supplier_id":null,"supplier_sku":"FC-CODI6-A","barcode":"4897025782082","atum_controlled":true,"out_stock_date":"2022-07-12 14:18:11","out_stock_threshold":null,"inheritable":false,"inbound_stock":null,"stock_on_hold":0,"sold_today":0,"sales_last_days":0,"reserved_stock":null,"customer_returns":null,"warehouse_damage":null,"lost_in_post":null,"other_logs":null,"out_stock_days":1364,"lost_sales":0,"has_location":false,"update_date":"2026-04-07T00:05:09","atum_locations":[],"atum_stock_status":"outofstock","restock_status":false,"low_stock_amount":"","sales_update_date":"2026-04-07T00:05:09","calc_backorders":null,"acf":[],"yoast_head":"<!-- This site is optimized with the Yoast SEO plugin v27.3 - https:\/\/yoast.com\/product\/yoast-seo-wordpress\/ -->\n<title>CODI6 ARGB CONTROLLER-KIT - Gelid Solutions<\/title>\n<meta name=\"robots\" content=\"index, follow, max-snippet:-1, max-image-preview:large, max-video-preview:-1\" \/>\n<link rel=\"canonical\" href=\"https:\/\/gelidsolutions.com\/de\/produkt\/codi6-argb-steuergerat\/\" \/>\n<meta property=\"og:locale\" content=\"de_DE\" \/>\n<meta property=\"og:type\" content=\"article\" \/>\n<meta property=\"og:title\" content=\"CODI6 ARGB CONTROLLER-KIT - Gelid Solutions\" \/>\n<meta property=\"og:description\" content=\"Open-Source-USB-Controller-Karte   6 unabh\u00e4ngig voneinander programmierbare ARGB-Header   6 PWM-L\u00fcftersteuerungs-Header   4A Stromausgang pro Kanal   Arduino IDE-kompatibel   On-Board programmierbare Funktionstaste   Offene Quellcode-Beispiele   4 magnetische St\u00e4nder und PU-Haftgel-Pad im Lieferumfang enthalten\" \/>\n<meta property=\"og:url\" content=\"https:\/\/gelidsolutions.com\/de\/produkt\/codi6-argb-steuergerat\/\" \/>\n<meta property=\"og:site_name\" content=\"Gelid Solutions\" \/>\n<meta property=\"article:modified_time\" content=\"2022-10-28T19:27:27+00:00\" \/>\n<meta property=\"og:image\" content=\"https:\/\/gelidsolutions.com\/wp-content\/uploads\/2020\/08\/codi6_argb_controller_1.1.png\" \/>\n\t<meta property=\"og:image:width\" content=\"2000\" \/>\n\t<meta property=\"og:image:height\" content=\"2000\" \/>\n\t<meta property=\"og:image:type\" content=\"image\/png\" \/>\n<meta name=\"twitter:card\" content=\"summary_large_image\" \/>\n<meta name=\"twitter:label1\" content=\"Gesch\u00e4tzte Lesezeit\" \/>\n\t<meta name=\"twitter:data1\" content=\"2\u00a0Minuten\" \/>\n<script type=\"application\/ld+json\" class=\"yoast-schema-graph\">{\"@context\":\"https:\\\/\\\/schema.org\",\"@graph\":[{\"@type\":\"WebPage\",\"@id\":\"https:\\\/\\\/gelidsolutions.com\\\/de\\\/produkt\\\/codi6-argb-steuergerat\\\/\",\"url\":\"https:\\\/\\\/gelidsolutions.com\\\/de\\\/produkt\\\/codi6-argb-steuergerat\\\/\",\"name\":\"CODI6 ARGB CONTROLLER-KIT - Gelid Solutions\",\"isPartOf\":{\"@id\":\"https:\\\/\\\/gelidsolutions.com\\\/de\\\/#website\"},\"primaryImageOfPage\":{\"@id\":\"https:\\\/\\\/gelidsolutions.com\\\/de\\\/produkt\\\/codi6-argb-steuergerat\\\/#primaryimage\"},\"image\":{\"@id\":\"https:\\\/\\\/gelidsolutions.com\\\/de\\\/produkt\\\/codi6-argb-steuergerat\\\/#primaryimage\"},\"thumbnailUrl\":\"https:\\\/\\\/gelidsolutions.com\\\/wp-content\\\/uploads\\\/2020\\\/08\\\/codi6_argb_controller_1.1.png\",\"datePublished\":\"2020-08-12T15:10:00+00:00\",\"dateModified\":\"2022-10-28T19:27:27+00:00\",\"breadcrumb\":{\"@id\":\"https:\\\/\\\/gelidsolutions.com\\\/de\\\/produkt\\\/codi6-argb-steuergerat\\\/#breadcrumb\"},\"inLanguage\":\"de\",\"potentialAction\":[{\"@type\":\"ReadAction\",\"target\":[\"https:\\\/\\\/gelidsolutions.com\\\/de\\\/produkt\\\/codi6-argb-steuergerat\\\/\"]}]},{\"@type\":\"ImageObject\",\"inLanguage\":\"de\",\"@id\":\"https:\\\/\\\/gelidsolutions.com\\\/de\\\/produkt\\\/codi6-argb-steuergerat\\\/#primaryimage\",\"url\":\"https:\\\/\\\/gelidsolutions.com\\\/wp-content\\\/uploads\\\/2020\\\/08\\\/codi6_argb_controller_1.1.png\",\"contentUrl\":\"https:\\\/\\\/gelidsolutions.com\\\/wp-content\\\/uploads\\\/2020\\\/08\\\/codi6_argb_controller_1.1.png\",\"width\":2000,\"height\":2000},{\"@type\":\"BreadcrumbList\",\"@id\":\"https:\\\/\\\/gelidsolutions.com\\\/de\\\/produkt\\\/codi6-argb-steuergerat\\\/#breadcrumb\",\"itemListElement\":[{\"@type\":\"ListItem\",\"position\":1,\"name\":\"Home\",\"item\":\"https:\\\/\\\/gelidsolutions.com\\\/de\\\/\"},{\"@type\":\"ListItem\",\"position\":2,\"name\":\"Shop\",\"item\":\"https:\\\/\\\/gelidsolutions.com\\\/shop\\\/\"},{\"@type\":\"ListItem\",\"position\":3,\"name\":\"CODI6 ARGB CONTROLLER-KIT\"}]},{\"@type\":\"WebSite\",\"@id\":\"https:\\\/\\\/gelidsolutions.com\\\/de\\\/#website\",\"url\":\"https:\\\/\\\/gelidsolutions.com\\\/de\\\/\",\"name\":\"Gelid Solutions\",\"description\":\"\",\"publisher\":{\"@id\":\"https:\\\/\\\/gelidsolutions.com\\\/de\\\/#organization\"},\"potentialAction\":[{\"@type\":\"SearchAction\",\"target\":{\"@type\":\"EntryPoint\",\"urlTemplate\":\"https:\\\/\\\/gelidsolutions.com\\\/de\\\/?s={search_term_string}\"},\"query-input\":{\"@type\":\"PropertyValueSpecification\",\"valueRequired\":true,\"valueName\":\"search_term_string\"}}],\"inLanguage\":\"de\"},{\"@type\":\"Organization\",\"@id\":\"https:\\\/\\\/gelidsolutions.com\\\/de\\\/#organization\",\"name\":\"Gelid Solutions\",\"url\":\"https:\\\/\\\/gelidsolutions.com\\\/de\\\/\",\"logo\":{\"@type\":\"ImageObject\",\"inLanguage\":\"de\",\"@id\":\"https:\\\/\\\/gelidsolutions.com\\\/de\\\/#\\\/schema\\\/logo\\\/image\\\/\",\"url\":\"https:\\\/\\\/gelidsolutions.com\\\/wp-content\\\/uploads\\\/2022\\\/06\\\/logo_white_104_104.gif\",\"contentUrl\":\"https:\\\/\\\/gelidsolutions.com\\\/wp-content\\\/uploads\\\/2022\\\/06\\\/logo_white_104_104.gif\",\"width\":104,\"height\":104,\"caption\":\"Gelid Solutions\"},\"image\":{\"@id\":\"https:\\\/\\\/gelidsolutions.com\\\/de\\\/#\\\/schema\\\/logo\\\/image\\\/\"}}]}<\/script>\n<!-- \/ Yoast SEO plugin. -->","yoast_head_json":{"title":"CODI6 ARGB CONTROLLER-KIT - Gelid Solutions","robots":{"index":"index","follow":"follow","max-snippet":"max-snippet:-1","max-image-preview":"max-image-preview:large","max-video-preview":"max-video-preview:-1"},"canonical":"https:\/\/gelidsolutions.com\/de\/produkt\/codi6-argb-steuergerat\/","og_locale":"de_DE","og_type":"article","og_title":"CODI6 ARGB CONTROLLER-KIT - Gelid Solutions","og_description":"Open-Source-USB-Controller-Karte   6 unabh\u00e4ngig voneinander programmierbare ARGB-Header   6 PWM-L\u00fcftersteuerungs-Header   4A Stromausgang pro Kanal   Arduino IDE-kompatibel   On-Board programmierbare Funktionstaste   Offene Quellcode-Beispiele   4 magnetische St\u00e4nder und PU-Haftgel-Pad im Lieferumfang enthalten","og_url":"https:\/\/gelidsolutions.com\/de\/produkt\/codi6-argb-steuergerat\/","og_site_name":"Gelid Solutions","article_modified_time":"2022-10-28T19:27:27+00:00","og_image":[{"width":2000,"height":2000,"url":"https:\/\/gelidsolutions.com\/wp-content\/uploads\/2020\/08\/codi6_argb_controller_1.1.png","type":"image\/png"}],"twitter_card":"summary_large_image","twitter_misc":{"Gesch\u00e4tzte Lesezeit":"2\u00a0Minuten"},"schema":{"@context":"https:\/\/schema.org","@graph":[{"@type":"WebPage","@id":"https:\/\/gelidsolutions.com\/de\/produkt\/codi6-argb-steuergerat\/","url":"https:\/\/gelidsolutions.com\/de\/produkt\/codi6-argb-steuergerat\/","name":"CODI6 ARGB CONTROLLER-KIT - Gelid Solutions","isPartOf":{"@id":"https:\/\/gelidsolutions.com\/de\/#website"},"primaryImageOfPage":{"@id":"https:\/\/gelidsolutions.com\/de\/produkt\/codi6-argb-steuergerat\/#primaryimage"},"image":{"@id":"https:\/\/gelidsolutions.com\/de\/produkt\/codi6-argb-steuergerat\/#primaryimage"},"thumbnailUrl":"https:\/\/gelidsolutions.com\/wp-content\/uploads\/2020\/08\/codi6_argb_controller_1.1.png","datePublished":"2020-08-12T15:10:00+00:00","dateModified":"2022-10-28T19:27:27+00:00","breadcrumb":{"@id":"https:\/\/gelidsolutions.com\/de\/produkt\/codi6-argb-steuergerat\/#breadcrumb"},"inLanguage":"de","potentialAction":[{"@type":"ReadAction","target":["https:\/\/gelidsolutions.com\/de\/produkt\/codi6-argb-steuergerat\/"]}]},{"@type":"ImageObject","inLanguage":"de","@id":"https:\/\/gelidsolutions.com\/de\/produkt\/codi6-argb-steuergerat\/#primaryimage","url":"https:\/\/gelidsolutions.com\/wp-content\/uploads\/2020\/08\/codi6_argb_controller_1.1.png","contentUrl":"https:\/\/gelidsolutions.com\/wp-content\/uploads\/2020\/08\/codi6_argb_controller_1.1.png","width":2000,"height":2000},{"@type":"BreadcrumbList","@id":"https:\/\/gelidsolutions.com\/de\/produkt\/codi6-argb-steuergerat\/#breadcrumb","itemListElement":[{"@type":"ListItem","position":1,"name":"Home","item":"https:\/\/gelidsolutions.com\/de\/"},{"@type":"ListItem","position":2,"name":"Shop","item":"https:\/\/gelidsolutions.com\/shop\/"},{"@type":"ListItem","position":3,"name":"CODI6 ARGB CONTROLLER-KIT"}]},{"@type":"WebSite","@id":"https:\/\/gelidsolutions.com\/de\/#website","url":"https:\/\/gelidsolutions.com\/de\/","name":"Gelid Solutions","description":"","publisher":{"@id":"https:\/\/gelidsolutions.com\/de\/#organization"},"potentialAction":[{"@type":"SearchAction","target":{"@type":"EntryPoint","urlTemplate":"https:\/\/gelidsolutions.com\/de\/?s={search_term_string}"},"query-input":{"@type":"PropertyValueSpecification","valueRequired":true,"valueName":"search_term_string"}}],"inLanguage":"de"},{"@type":"Organization","@id":"https:\/\/gelidsolutions.com\/de\/#organization","name":"Gelid Solutions","url":"https:\/\/gelidsolutions.com\/de\/","logo":{"@type":"ImageObject","inLanguage":"de","@id":"https:\/\/gelidsolutions.com\/de\/#\/schema\/logo\/image\/","url":"https:\/\/gelidsolutions.com\/wp-content\/uploads\/2022\/06\/logo_white_104_104.gif","contentUrl":"https:\/\/gelidsolutions.com\/wp-content\/uploads\/2022\/06\/logo_white_104_104.gif","width":104,"height":104,"caption":"Gelid Solutions"},"image":{"@id":"https:\/\/gelidsolutions.com\/de\/#\/schema\/logo\/image\/"}}]}},"_links":{"self":[{"href":"https:\/\/gelidsolutions.com\/de\/wp-json\/wp\/v2\/product\/113826","targetHints":{"allow":["GET"]}}],"collection":[{"href":"https:\/\/gelidsolutions.com\/de\/wp-json\/wp\/v2\/product"}],"about":[{"href":"https:\/\/gelidsolutions.com\/de\/wp-json\/wp\/v2\/types\/product"}],"replies":[{"embeddable":true,"href":"https:\/\/gelidsolutions.com\/de\/wp-json\/wp\/v2\/comments?post=113826"}],"wp:featuredmedia":[{"embeddable":true,"href":"https:\/\/gelidsolutions.com\/de\/wp-json\/wp\/v2\/media\/121183"}],"wp:attachment":[{"href":"https:\/\/gelidsolutions.com\/de\/wp-json\/wp\/v2\/media?parent=113826"}],"wp:term":[{"taxonomy":"product_cat","embeddable":true,"href":"https:\/\/gelidsolutions.com\/de\/wp-json\/wp\/v2\/product_cat?post=113826"},{"taxonomy":"product_tag","embeddable":true,"href":"https:\/\/gelidsolutions.com\/de\/wp-json\/wp\/v2\/product_tag?post=113826"}],"curies":[{"name":"wp","href":"https:\/\/api.w.org\/{rel}","templated":true}]}}