{"id":113827,"date":"2019-10-28T20:06:00","date_gmt":"2019-10-28T20:06:00","guid":{"rendered":"https:\/\/localhost\/gelidsolutions\/product\/gp-ultimate-thermal-pad\/"},"modified":"2022-06-17T12:59:27","modified_gmt":"2022-06-17T12:59:27","slug":"gp-ultimate-thermal-pad","status":"publish","type":"product","link":"https:\/\/gelidsolutions.com\/de\/produkt\/gp-ultimate-thermal-pad\/","title":{"rendered":"GP-ULTIMATE W\u00c4RMELEITPAD"},"content":{"rendered":"<p><i><b>GP-Ultimate W\u00e4rmeleitpad: (TP-GP04-A) f\u00fcr 0.5 mm und (TP-GP04-B) f\u00fcr 1.0 mm<br \/>\n<\/b><\/i><\/p>\n<p>&nbsp;<\/p>\n<h5>Das innovative W\u00e4rmeleitpad<\/h5>\n<p>&nbsp;<\/p>\n<p>Der GP-Ultimate bietet einen perfekten W\u00e4rmekontakt zu den K\u00fchlk\u00f6rpern wenn er auf einer Leiterplatte mit H\u00f6henunterschieden und unebenen Oberfl\u00e4chen, wie Leistungs-MOSFETs, Chips\u00e4tzen, analogen ICs, Mikrocontrollern und anderen Hochtemperatur-SMD-Komponenten installiert wird. Dank seiner verbesserten Mehrschichtmatrix, der \u00fcberlegenen Materialzusammensetzung und der ultimativen W\u00e4rmeleitf\u00e4higkeit von 15 W \/ mK f\u00fcllt der GP-Ultimate R\u00e4ume richtig aus und bietet die beste Leistung seiner Klasse.<\/p>\n<p>&nbsp;<\/p>\n<p>Der GP-Ultimate ist nicht elektrisch leitend, nicht korrosiv, nicht aush\u00e4rtend, ungiftig und unterst\u00fctzt einen erweiterten Betriebstemperaturbereich von -60 \u00b0 C bis 220 \u00b0 C. Es ist einfach anzuwenden und hat die Abmessungen eines W\u00e4rmeleitpads von 90 x 50 mm, um am besten f\u00fcr gro\u00dfe Leiterplattenoberfl\u00e4chen von GPU-Karten, Motherboards, Zusatzkarten und anderen dicht gepackten elektronischen Ger\u00e4ten geeignet zu sein.<\/p>\n<p>&nbsp;<\/p>\n<p><em>Einzelpackung (1 Stk inklusive):<\/em><br \/>\n<i>0.5mm: USD 9.50 \/ 8.00 Euro <\/i><br \/>\n<i>1mm: USD 12.00 \/ 9.00 Euro<\/i><br \/>\n<i>1.5mm: USD 14.00 \/ 10.00 Euro<\/i><br \/>\n<i>2mm: USD 17.00 \/ 11.00 Euro<\/i><br \/>\n<i>3mm: USD 19.00 \/ 15.00 Euro<\/i><\/p>\n<p>&nbsp;<\/p>\n<p><em>Doppelpack (2 Stk inklusive):<\/em><br \/>\n<i>0.5mm: USD 13.00 \/ 11.00 Euro <\/i><br \/>\n<i>1mm: USD 18.00 \/ 15.00 Euro<\/i><br \/>\n<i>1.5mm: USD 22.00 \/ 19.00 Euro<\/i><br \/>\n<i>2mm: USD 25.00 \/ 23.00 Euro<\/i><br \/>\n<i>3mm: USD 35.00 \/ 26.00 Euro<\/i><\/p>\n<p>&nbsp;<\/p>\n<p>EAN (Einzelpackung):<br \/>\n<i>(0.5mm): 4897025782112<\/i><br \/>\n<i>(1mm): 4897025782198<\/i><br \/>\n<i>(1.5mm): 4897025782204<\/i><br \/>\n<i>(2mm): 4897025782211<\/i><br \/>\n<i>(3mm): 4897025782945<\/i><br \/>\nEAN (Doppelpackung):<br \/>\n<i>(0.5mm): 4897025782594<\/i><br \/>\n<i>(1mm): 4897025782600<\/i><br \/>\n<i>(1.5mm): 4897025782617<\/i><br \/>\n<i>(2mm): 4897025782624<\/i><br \/>\n<i>(2mm): 4897025782952<\/i><\/p>\n","protected":false},"excerpt":{"rendered":"<p><i><b>Merkmale:<\/b><\/i><\/p>\n<ul>\n<li>\u00a0 \u00a0 \u00a0 \u00a0 \u25cf Herausragende W\u00e4rmeleitf\u00e4higkeit von 15 W\/mK<\/li>\n<li>\u00a0 \u00a0 \u00a0 \u00a0 \u25cf Nicht elektrisch leitend<\/li>\n<li>\u00a0 \u00a0 \u00a0 \u00a0 \u25cf Nicht \u00e4tzend, nicht aush\u00e4rtend und nicht giftig<\/li>\n<li>\u00a0\u00a0\u00a0\u00a0\u00a0\u00a0\u00a0 \u25cf Einfache Anwendung<\/li>\n<\/ul>\n<p>&nbsp;<\/p>\n","protected":false},"featured_media":0,"comment_status":"closed","ping_status":"closed","template":"","meta":{"_acf_changed":false},"product_cat":[149,143,327,305,329,318],"product_tag":[102,454,146,455,425,148],"class_list":{"0":"post-113827","1":"product","2":"type-product","3":"status-publish","5":"product_cat-award-winning-thermal-solutions","6":"product_cat-collections","7":"product_cat-gamer-zubehoer","8":"product_cat-kuehlloesungen","9":"product_cat-waermeleitpad","10":"product_cat-zubehoer","11":"product_tag-accessories","12":"product_tag-accessories-3","13":"product_tag-gamer-accessories","14":"product_tag-gamer-accessories-3","15":"product_tag-thermal-solution-4","16":"product_tag-thermal-solution","18":"first","19":"instock","20":"taxable","21":"shipping-taxable","22":"product-type-simple"},"supplier_id":null,"supplier_sku":"","barcode":null,"atum_controlled":true,"out_stock_date":null,"out_stock_threshold":null,"inheritable":false,"inbound_stock":null,"stock_on_hold":0,"sold_today":0,"sales_last_days":0,"reserved_stock":null,"customer_returns":null,"warehouse_damage":null,"lost_in_post":null,"other_logs":null,"out_stock_days":0,"lost_sales":0,"has_location":false,"update_date":"2026-04-28T01:10:56","atum_locations":[],"atum_stock_status":"instock","restock_status":false,"low_stock_amount":"","sales_update_date":"2026-04-28T01:10:56","calc_backorders":null,"acf":[],"yoast_head":"<!-- This site is optimized with the Yoast SEO plugin v27.5 - https:\/\/yoast.com\/product\/yoast-seo-wordpress\/ -->\n<title>GP-ULTIMATE W\u00c4RMELEITPAD - Gelid Solutions<\/title>\n<meta name=\"robots\" content=\"index, follow, max-snippet:-1, max-image-preview:large, max-video-preview:-1\" \/>\n<link rel=\"canonical\" href=\"https:\/\/gelidsolutions.com\/de\/produkt\/gp-ultimate-thermal-pad\/\" \/>\n<meta property=\"og:locale\" content=\"de_DE\" \/>\n<meta property=\"og:type\" content=\"article\" \/>\n<meta property=\"og:title\" content=\"GP-ULTIMATE W\u00c4RMELEITPAD - Gelid Solutions\" \/>\n<meta property=\"og:description\" content=\"Merkmale:   \u00a0 \u00a0 \u00a0 \u00a0 \u25cf Herausragende W\u00e4rmeleitf\u00e4higkeit von 15 W\/mK  \u00a0 \u00a0 \u00a0 \u00a0 \u25cf Nicht elektrisch leitend  \u00a0 \u00a0 \u00a0 \u00a0 \u25cf Nicht \u00e4tzend, nicht aush\u00e4rtend und nicht giftig  \u00a0\u00a0\u00a0\u00a0\u00a0\u00a0\u00a0 \u25cf Einfache Anwendung  &nbsp;\" \/>\n<meta property=\"og:url\" content=\"https:\/\/gelidsolutions.com\/de\/produkt\/gp-ultimate-thermal-pad\/\" \/>\n<meta property=\"og:site_name\" content=\"Gelid Solutions\" \/>\n<meta property=\"article:modified_time\" content=\"2022-06-17T12:59:27+00:00\" \/>\n<meta name=\"twitter:card\" content=\"summary_large_image\" \/>\n<meta name=\"twitter:label1\" content=\"Gesch\u00e4tzte Lesezeit\" \/>\n\t<meta name=\"twitter:data1\" content=\"1\u00a0Minute\" \/>\n<script type=\"application\/ld+json\" class=\"yoast-schema-graph\">{\"@context\":\"https:\\\/\\\/schema.org\",\"@graph\":[{\"@type\":\"WebPage\",\"@id\":\"https:\\\/\\\/gelidsolutions.com\\\/de\\\/produkt\\\/gp-ultimate-thermal-pad\\\/\",\"url\":\"https:\\\/\\\/gelidsolutions.com\\\/de\\\/produkt\\\/gp-ultimate-thermal-pad\\\/\",\"name\":\"GP-ULTIMATE W\u00c4RMELEITPAD - Gelid Solutions\",\"isPartOf\":{\"@id\":\"https:\\\/\\\/gelidsolutions.com\\\/de\\\/#website\"},\"datePublished\":\"2019-10-28T20:06:00+00:00\",\"dateModified\":\"2022-06-17T12:59:27+00:00\",\"breadcrumb\":{\"@id\":\"https:\\\/\\\/gelidsolutions.com\\\/de\\\/produkt\\\/gp-ultimate-thermal-pad\\\/#breadcrumb\"},\"inLanguage\":\"de\",\"potentialAction\":[{\"@type\":\"ReadAction\",\"target\":[\"https:\\\/\\\/gelidsolutions.com\\\/de\\\/produkt\\\/gp-ultimate-thermal-pad\\\/\"]}]},{\"@type\":\"BreadcrumbList\",\"@id\":\"https:\\\/\\\/gelidsolutions.com\\\/de\\\/produkt\\\/gp-ultimate-thermal-pad\\\/#breadcrumb\",\"itemListElement\":[{\"@type\":\"ListItem\",\"position\":1,\"name\":\"Home\",\"item\":\"https:\\\/\\\/gelidsolutions.com\\\/de\\\/\"},{\"@type\":\"ListItem\",\"position\":2,\"name\":\"Shop\",\"item\":\"https:\\\/\\\/gelidsolutions.com\\\/shop\\\/\"},{\"@type\":\"ListItem\",\"position\":3,\"name\":\"GP-ULTIMATE W\u00c4RMELEITPAD\"}]},{\"@type\":\"WebSite\",\"@id\":\"https:\\\/\\\/gelidsolutions.com\\\/de\\\/#website\",\"url\":\"https:\\\/\\\/gelidsolutions.com\\\/de\\\/\",\"name\":\"Gelid Solutions\",\"description\":\"\",\"publisher\":{\"@id\":\"https:\\\/\\\/gelidsolutions.com\\\/de\\\/#organization\"},\"potentialAction\":[{\"@type\":\"SearchAction\",\"target\":{\"@type\":\"EntryPoint\",\"urlTemplate\":\"https:\\\/\\\/gelidsolutions.com\\\/de\\\/?s={search_term_string}\"},\"query-input\":{\"@type\":\"PropertyValueSpecification\",\"valueRequired\":true,\"valueName\":\"search_term_string\"}}],\"inLanguage\":\"de\"},{\"@type\":\"Organization\",\"@id\":\"https:\\\/\\\/gelidsolutions.com\\\/de\\\/#organization\",\"name\":\"Gelid Solutions\",\"url\":\"https:\\\/\\\/gelidsolutions.com\\\/de\\\/\",\"logo\":{\"@type\":\"ImageObject\",\"inLanguage\":\"de\",\"@id\":\"https:\\\/\\\/gelidsolutions.com\\\/de\\\/#\\\/schema\\\/logo\\\/image\\\/\",\"url\":\"https:\\\/\\\/gelidsolutions.com\\\/wp-content\\\/uploads\\\/2022\\\/06\\\/logo_white_104_104.gif\",\"contentUrl\":\"https:\\\/\\\/gelidsolutions.com\\\/wp-content\\\/uploads\\\/2022\\\/06\\\/logo_white_104_104.gif\",\"width\":104,\"height\":104,\"caption\":\"Gelid Solutions\"},\"image\":{\"@id\":\"https:\\\/\\\/gelidsolutions.com\\\/de\\\/#\\\/schema\\\/logo\\\/image\\\/\"}}]}<\/script>\n<!-- \/ Yoast SEO plugin. -->","yoast_head_json":{"title":"GP-ULTIMATE W\u00c4RMELEITPAD - Gelid Solutions","robots":{"index":"index","follow":"follow","max-snippet":"max-snippet:-1","max-image-preview":"max-image-preview:large","max-video-preview":"max-video-preview:-1"},"canonical":"https:\/\/gelidsolutions.com\/de\/produkt\/gp-ultimate-thermal-pad\/","og_locale":"de_DE","og_type":"article","og_title":"GP-ULTIMATE W\u00c4RMELEITPAD - Gelid Solutions","og_description":"Merkmale:   \u00a0 \u00a0 \u00a0 \u00a0 \u25cf Herausragende W\u00e4rmeleitf\u00e4higkeit von 15 W\/mK  \u00a0 \u00a0 \u00a0 \u00a0 \u25cf Nicht elektrisch leitend  \u00a0 \u00a0 \u00a0 \u00a0 \u25cf Nicht \u00e4tzend, nicht aush\u00e4rtend und nicht giftig  \u00a0\u00a0\u00a0\u00a0\u00a0\u00a0\u00a0 \u25cf Einfache Anwendung  &nbsp;","og_url":"https:\/\/gelidsolutions.com\/de\/produkt\/gp-ultimate-thermal-pad\/","og_site_name":"Gelid Solutions","article_modified_time":"2022-06-17T12:59:27+00:00","twitter_card":"summary_large_image","twitter_misc":{"Gesch\u00e4tzte Lesezeit":"1\u00a0Minute"},"schema":{"@context":"https:\/\/schema.org","@graph":[{"@type":"WebPage","@id":"https:\/\/gelidsolutions.com\/de\/produkt\/gp-ultimate-thermal-pad\/","url":"https:\/\/gelidsolutions.com\/de\/produkt\/gp-ultimate-thermal-pad\/","name":"GP-ULTIMATE W\u00c4RMELEITPAD - Gelid Solutions","isPartOf":{"@id":"https:\/\/gelidsolutions.com\/de\/#website"},"datePublished":"2019-10-28T20:06:00+00:00","dateModified":"2022-06-17T12:59:27+00:00","breadcrumb":{"@id":"https:\/\/gelidsolutions.com\/de\/produkt\/gp-ultimate-thermal-pad\/#breadcrumb"},"inLanguage":"de","potentialAction":[{"@type":"ReadAction","target":["https:\/\/gelidsolutions.com\/de\/produkt\/gp-ultimate-thermal-pad\/"]}]},{"@type":"BreadcrumbList","@id":"https:\/\/gelidsolutions.com\/de\/produkt\/gp-ultimate-thermal-pad\/#breadcrumb","itemListElement":[{"@type":"ListItem","position":1,"name":"Home","item":"https:\/\/gelidsolutions.com\/de\/"},{"@type":"ListItem","position":2,"name":"Shop","item":"https:\/\/gelidsolutions.com\/shop\/"},{"@type":"ListItem","position":3,"name":"GP-ULTIMATE W\u00c4RMELEITPAD"}]},{"@type":"WebSite","@id":"https:\/\/gelidsolutions.com\/de\/#website","url":"https:\/\/gelidsolutions.com\/de\/","name":"Gelid Solutions","description":"","publisher":{"@id":"https:\/\/gelidsolutions.com\/de\/#organization"},"potentialAction":[{"@type":"SearchAction","target":{"@type":"EntryPoint","urlTemplate":"https:\/\/gelidsolutions.com\/de\/?s={search_term_string}"},"query-input":{"@type":"PropertyValueSpecification","valueRequired":true,"valueName":"search_term_string"}}],"inLanguage":"de"},{"@type":"Organization","@id":"https:\/\/gelidsolutions.com\/de\/#organization","name":"Gelid Solutions","url":"https:\/\/gelidsolutions.com\/de\/","logo":{"@type":"ImageObject","inLanguage":"de","@id":"https:\/\/gelidsolutions.com\/de\/#\/schema\/logo\/image\/","url":"https:\/\/gelidsolutions.com\/wp-content\/uploads\/2022\/06\/logo_white_104_104.gif","contentUrl":"https:\/\/gelidsolutions.com\/wp-content\/uploads\/2022\/06\/logo_white_104_104.gif","width":104,"height":104,"caption":"Gelid Solutions"},"image":{"@id":"https:\/\/gelidsolutions.com\/de\/#\/schema\/logo\/image\/"}}]}},"_links":{"self":[{"href":"https:\/\/gelidsolutions.com\/de\/wp-json\/wp\/v2\/product\/113827","targetHints":{"allow":["GET"]}}],"collection":[{"href":"https:\/\/gelidsolutions.com\/de\/wp-json\/wp\/v2\/product"}],"about":[{"href":"https:\/\/gelidsolutions.com\/de\/wp-json\/wp\/v2\/types\/product"}],"replies":[{"embeddable":true,"href":"https:\/\/gelidsolutions.com\/de\/wp-json\/wp\/v2\/comments?post=113827"}],"wp:attachment":[{"href":"https:\/\/gelidsolutions.com\/de\/wp-json\/wp\/v2\/media?parent=113827"}],"wp:term":[{"taxonomy":"product_cat","embeddable":true,"href":"https:\/\/gelidsolutions.com\/de\/wp-json\/wp\/v2\/product_cat?post=113827"},{"taxonomy":"product_tag","embeddable":true,"href":"https:\/\/gelidsolutions.com\/de\/wp-json\/wp\/v2\/product_tag?post=113827"}],"curies":[{"name":"wp","href":"https:\/\/api.w.org\/{rel}","templated":true}]}}