{"id":113828,"date":"2019-11-07T22:44:00","date_gmt":"2019-11-07T22:44:00","guid":{"rendered":"https:\/\/localhost\/gelidsolutions\/product\/subzero-xl-ssd-kit\/"},"modified":"2022-06-17T12:56:17","modified_gmt":"2022-06-17T12:56:17","slug":"subzero-xl-ssd-kit","status":"publish","type":"product","link":"https:\/\/gelidsolutions.com\/de\/produkt\/subzero-xl-ssd-kit\/","title":{"rendered":"SUBZERO M.2 XL SSD K\u00fchl-Set"},"content":{"rendered":"<p><i><b>SubZero M.2 XL SSD K\u00fchl-Set (HS-M2-SSD-20)<\/b><\/i><\/p>\n<p>&nbsp;<\/p>\n<p>Der SubZero M.2 XL wurde entwickelt, um die SSD Typ M.2 Typ 22110 effizient abzuk\u00fchlen und eine thermische Drosselung zu verhindern. Es hilft, die Leistung zu verbessern, die Haltbarkeit zu erh\u00f6hen und die Datenintegrit\u00e4t der Solid-State-Laufwerke zu verbessern. Der SubZero M.2 XL verwendet den ultraschlanken Aluminiumk\u00fchlk\u00f6rper und die speziell gefertigten W\u00e4rmeleitpads, um die beste W\u00e4rme\u00fcbertragung zu erzielen und die Betriebstemperaturen f\u00fcr Speicher-ICs und andere elektronische Komponenten der M.2 SSD deutlich zu senken.<\/p>\n<p>&nbsp;<\/p>\n<p>Zus\u00e4tzlich wird ein Satz von 3 extrem haltbaren Silikonringbefestigungen mit dem SubZero M.2 XL mitgeliefert, um eine sichere Montage der K\u00fchlk\u00f6rper zu gew\u00e4hrleisten. Der SubZero M.2 XL bietet eine schnelle Installation und passt auf alle Standard-SSDs vom Typ M.2 Typ 22110 f\u00fcr Laptops oder Desktops.<\/p>\n<p>&nbsp;<\/p>\n<p><strong>Thermische Drosselung erkl\u00e4rt:<\/strong><\/p>\n<p>Die thermische Drosselung ist eine Technik, bei der die Frequenz eines IC automatisch angepasst werden kann, um die vom IC erzeugte W\u00e4rmemenge zu reduzieren. Normalerweise arbeiten die elektronischen SSD-Komponenten innerhalb des Standardtemperaturbereichs mit voller Geschwindigkeit. Bei hoher Arbeitslast, beim Ausf\u00fchren von Apps sowie Computerspielen, Videoverarbeitung oder anderen datenintensiven Computern, kann der SSD-Controller und die Speicher-ICs aufgrund einer hohen Anzahl von Lese- \/ Schreibvorg\u00e4ngen und hohen Datenmengen eine \u00fcberm\u00e4\u00dfige W\u00e4rme erzeugen.<\/p>\n<p>&nbsp;<\/p>\n<p>Um die SSD abzuk\u00fchlen, wird ein automatischer Arbeitszyklus angewendet. Die effektive SSD-Frequenz wird niedriger und die Betriebstemperatur erreicht stufenweise den normalen Bereich. In diesem Zyklus verschlechtert sich die Leistung der SSD, bis sie k\u00fchler l\u00e4uft. Einige Laptops haben m\u00f6glicherweise auch eine schlechte K\u00fchlung im M.2-Geh\u00e4use. In diesem Fall kann eine sequentielle Aktivierung der thermischen Drosselung auftreten, was zu einer kontinuierlichen unterdurchschnittlichen Leistung der M.2-SSD f\u00fchrt.<\/p>\n<p>&nbsp;<\/p>\n<p>Der SubZero M.2 XL verbessert die K\u00fchlung der M.2 SSD erheblich. Daher wird die Betriebstemperatur der unterst\u00fctzten SSD erheblich niedriger. Der SubZero M.2 XL h\u00e4lt die Temperatur unter jeder Arbeitsbelastung im normalen Bereich und verhindert, dass die thermische Drosselung aktiviert wird.<\/p>\n<p>&nbsp;<\/p>\n<p><i><b>UVP: 10 USD \/ 9 EUR <\/b><\/i><\/p>\n<p>&nbsp;<\/p>\n<p><i>EAN (Black): 4897025782129<\/i><br \/>\n<i>EAN (Red): 4897025782136<\/i><\/p>\n<p>&nbsp;<\/p>\n","protected":false},"excerpt":{"rendered":"<p><i><b>Merkmale:<\/b><\/i><\/p>\n<ul>\n<li>        \u25cf Hochleistungsk\u00fchlung<\/li>\n<li>        \u25cf Leichtes und schlankes Design<\/li>\n<li>        \u25cf Hochzuverl\u00e4ssige Silikonhalterung<\/li>\n<li>        \u25cf Schnelle und einfache Montage<\/li>\n<li>        \u25cf Passend f\u00fcr alle M.2 22110 Typ SSD<\/li>\n<\/ul>\n","protected":false},"featured_media":112835,"comment_status":"closed","ping_status":"closed","template":"","meta":{"_acf_changed":false},"product_cat":[295,248,296,279,305,402,145,318,355,358,339,290,416,417],"product_tag":[],"class_list":{"0":"post-113828","1":"product","2":"type-product","3":"status-publish","4":"has-post-thumbnail","6":"product_cat-accessories-","7":"product_cat-accessories-thermal-solutions","8":"product_cat-gamer-accessories-accessories-","10":"product_cat-kuehlloesungen","11":"product_cat-ssd-cooler","12":"product_cat-thermal-solutions","13":"product_cat-zubehoer","14":"product_cat-355","15":"product_cat---gamer","16":"product_cat-339","17":"product_cat-290","18":"product_cat-416","19":"product_cat-417","21":"first","22":"outofstock","23":"taxable","24":"shipping-taxable","25":"purchasable","26":"product-type-simple"},"supplier_id":null,"supplier_sku":"HS-M2-SSD-20","barcode":null,"atum_controlled":true,"out_stock_date":null,"out_stock_threshold":null,"inheritable":false,"inbound_stock":null,"stock_on_hold":0,"sold_today":0,"sales_last_days":0,"reserved_stock":null,"customer_returns":null,"warehouse_damage":null,"lost_in_post":null,"other_logs":null,"out_stock_days":0,"lost_sales":0,"has_location":false,"update_date":"2026-04-04T00:03:38","atum_locations":[],"atum_stock_status":"outofstock","restock_status":false,"low_stock_amount":"","sales_update_date":"2026-04-04T00:03:38","calc_backorders":null,"acf":[],"yoast_head":"<!-- This site is optimized with the Yoast SEO plugin v27.3 - https:\/\/yoast.com\/product\/yoast-seo-wordpress\/ -->\n<title>SUBZERO M.2 XL SSD K\u00fchl-Set - Gelid Solutions<\/title>\n<meta name=\"robots\" content=\"index, follow, max-snippet:-1, max-image-preview:large, max-video-preview:-1\" \/>\n<link rel=\"canonical\" href=\"https:\/\/gelidsolutions.com\/de\/produkt\/subzero-xl-ssd-kit\/\" \/>\n<meta property=\"og:locale\" content=\"de_DE\" \/>\n<meta property=\"og:type\" content=\"article\" \/>\n<meta property=\"og:title\" content=\"SUBZERO M.2 XL SSD K\u00fchl-Set - Gelid Solutions\" \/>\n<meta property=\"og:description\" content=\"Merkmale:       \u25cf Hochleistungsk\u00fchlung      \u25cf Leichtes und schlankes Design      \u25cf Hochzuverl\u00e4ssige Silikonhalterung      \u25cf Schnelle und einfache Montage      \u25cf Passend f\u00fcr alle M.2 22110 Typ SSD\" \/>\n<meta property=\"og:url\" content=\"https:\/\/gelidsolutions.com\/de\/produkt\/subzero-xl-ssd-kit\/\" \/>\n<meta property=\"og:site_name\" content=\"Gelid Solutions\" \/>\n<meta property=\"article:modified_time\" content=\"2022-06-17T12:56:17+00:00\" \/>\n<meta property=\"og:image\" content=\"https:\/\/gelidsolutions.com\/wp-content\/uploads\/2022\/05\/subzero_xl_kit_1.jpg\" \/>\n\t<meta property=\"og:image:width\" content=\"1600\" \/>\n\t<meta property=\"og:image:height\" content=\"1600\" \/>\n\t<meta property=\"og:image:type\" content=\"image\/jpeg\" \/>\n<meta name=\"twitter:card\" content=\"summary_large_image\" \/>\n<meta name=\"twitter:label1\" content=\"Gesch\u00e4tzte Lesezeit\" \/>\n\t<meta name=\"twitter:data1\" content=\"2\u00a0Minuten\" \/>\n<script type=\"application\/ld+json\" class=\"yoast-schema-graph\">{\"@context\":\"https:\\\/\\\/schema.org\",\"@graph\":[{\"@type\":\"WebPage\",\"@id\":\"https:\\\/\\\/gelidsolutions.com\\\/de\\\/produkt\\\/subzero-xl-ssd-kit\\\/\",\"url\":\"https:\\\/\\\/gelidsolutions.com\\\/de\\\/produkt\\\/subzero-xl-ssd-kit\\\/\",\"name\":\"SUBZERO M.2 XL SSD K\u00fchl-Set - Gelid Solutions\",\"isPartOf\":{\"@id\":\"https:\\\/\\\/gelidsolutions.com\\\/de\\\/#website\"},\"primaryImageOfPage\":{\"@id\":\"https:\\\/\\\/gelidsolutions.com\\\/de\\\/produkt\\\/subzero-xl-ssd-kit\\\/#primaryimage\"},\"image\":{\"@id\":\"https:\\\/\\\/gelidsolutions.com\\\/de\\\/produkt\\\/subzero-xl-ssd-kit\\\/#primaryimage\"},\"thumbnailUrl\":\"https:\\\/\\\/gelidsolutions.com\\\/wp-content\\\/uploads\\\/2022\\\/05\\\/subzero_xl_kit_1.jpg\",\"datePublished\":\"2019-11-07T22:44:00+00:00\",\"dateModified\":\"2022-06-17T12:56:17+00:00\",\"breadcrumb\":{\"@id\":\"https:\\\/\\\/gelidsolutions.com\\\/de\\\/produkt\\\/subzero-xl-ssd-kit\\\/#breadcrumb\"},\"inLanguage\":\"de\",\"potentialAction\":[{\"@type\":\"ReadAction\",\"target\":[\"https:\\\/\\\/gelidsolutions.com\\\/de\\\/produkt\\\/subzero-xl-ssd-kit\\\/\"]}]},{\"@type\":\"ImageObject\",\"inLanguage\":\"de\",\"@id\":\"https:\\\/\\\/gelidsolutions.com\\\/de\\\/produkt\\\/subzero-xl-ssd-kit\\\/#primaryimage\",\"url\":\"https:\\\/\\\/gelidsolutions.com\\\/wp-content\\\/uploads\\\/2022\\\/05\\\/subzero_xl_kit_1.jpg\",\"contentUrl\":\"https:\\\/\\\/gelidsolutions.com\\\/wp-content\\\/uploads\\\/2022\\\/05\\\/subzero_xl_kit_1.jpg\",\"width\":1600,\"height\":1600},{\"@type\":\"BreadcrumbList\",\"@id\":\"https:\\\/\\\/gelidsolutions.com\\\/de\\\/produkt\\\/subzero-xl-ssd-kit\\\/#breadcrumb\",\"itemListElement\":[{\"@type\":\"ListItem\",\"position\":1,\"name\":\"Home\",\"item\":\"https:\\\/\\\/gelidsolutions.com\\\/de\\\/\"},{\"@type\":\"ListItem\",\"position\":2,\"name\":\"Shop\",\"item\":\"https:\\\/\\\/gelidsolutions.com\\\/shop\\\/\"},{\"@type\":\"ListItem\",\"position\":3,\"name\":\"SUBZERO M.2 XL SSD K\u00fchl-Set\"}]},{\"@type\":\"WebSite\",\"@id\":\"https:\\\/\\\/gelidsolutions.com\\\/de\\\/#website\",\"url\":\"https:\\\/\\\/gelidsolutions.com\\\/de\\\/\",\"name\":\"Gelid Solutions\",\"description\":\"\",\"publisher\":{\"@id\":\"https:\\\/\\\/gelidsolutions.com\\\/de\\\/#organization\"},\"potentialAction\":[{\"@type\":\"SearchAction\",\"target\":{\"@type\":\"EntryPoint\",\"urlTemplate\":\"https:\\\/\\\/gelidsolutions.com\\\/de\\\/?s={search_term_string}\"},\"query-input\":{\"@type\":\"PropertyValueSpecification\",\"valueRequired\":true,\"valueName\":\"search_term_string\"}}],\"inLanguage\":\"de\"},{\"@type\":\"Organization\",\"@id\":\"https:\\\/\\\/gelidsolutions.com\\\/de\\\/#organization\",\"name\":\"Gelid Solutions\",\"url\":\"https:\\\/\\\/gelidsolutions.com\\\/de\\\/\",\"logo\":{\"@type\":\"ImageObject\",\"inLanguage\":\"de\",\"@id\":\"https:\\\/\\\/gelidsolutions.com\\\/de\\\/#\\\/schema\\\/logo\\\/image\\\/\",\"url\":\"https:\\\/\\\/gelidsolutions.com\\\/wp-content\\\/uploads\\\/2022\\\/06\\\/logo_white_104_104.gif\",\"contentUrl\":\"https:\\\/\\\/gelidsolutions.com\\\/wp-content\\\/uploads\\\/2022\\\/06\\\/logo_white_104_104.gif\",\"width\":104,\"height\":104,\"caption\":\"Gelid Solutions\"},\"image\":{\"@id\":\"https:\\\/\\\/gelidsolutions.com\\\/de\\\/#\\\/schema\\\/logo\\\/image\\\/\"}}]}<\/script>\n<!-- \/ Yoast SEO plugin. -->","yoast_head_json":{"title":"SUBZERO M.2 XL SSD K\u00fchl-Set - Gelid Solutions","robots":{"index":"index","follow":"follow","max-snippet":"max-snippet:-1","max-image-preview":"max-image-preview:large","max-video-preview":"max-video-preview:-1"},"canonical":"https:\/\/gelidsolutions.com\/de\/produkt\/subzero-xl-ssd-kit\/","og_locale":"de_DE","og_type":"article","og_title":"SUBZERO M.2 XL SSD K\u00fchl-Set - Gelid Solutions","og_description":"Merkmale:       \u25cf Hochleistungsk\u00fchlung      \u25cf Leichtes und schlankes Design      \u25cf Hochzuverl\u00e4ssige Silikonhalterung      \u25cf Schnelle und einfache Montage      \u25cf Passend f\u00fcr alle M.2 22110 Typ SSD","og_url":"https:\/\/gelidsolutions.com\/de\/produkt\/subzero-xl-ssd-kit\/","og_site_name":"Gelid Solutions","article_modified_time":"2022-06-17T12:56:17+00:00","og_image":[{"width":1600,"height":1600,"url":"https:\/\/gelidsolutions.com\/wp-content\/uploads\/2022\/05\/subzero_xl_kit_1.jpg","type":"image\/jpeg"}],"twitter_card":"summary_large_image","twitter_misc":{"Gesch\u00e4tzte Lesezeit":"2\u00a0Minuten"},"schema":{"@context":"https:\/\/schema.org","@graph":[{"@type":"WebPage","@id":"https:\/\/gelidsolutions.com\/de\/produkt\/subzero-xl-ssd-kit\/","url":"https:\/\/gelidsolutions.com\/de\/produkt\/subzero-xl-ssd-kit\/","name":"SUBZERO M.2 XL SSD K\u00fchl-Set - Gelid Solutions","isPartOf":{"@id":"https:\/\/gelidsolutions.com\/de\/#website"},"primaryImageOfPage":{"@id":"https:\/\/gelidsolutions.com\/de\/produkt\/subzero-xl-ssd-kit\/#primaryimage"},"image":{"@id":"https:\/\/gelidsolutions.com\/de\/produkt\/subzero-xl-ssd-kit\/#primaryimage"},"thumbnailUrl":"https:\/\/gelidsolutions.com\/wp-content\/uploads\/2022\/05\/subzero_xl_kit_1.jpg","datePublished":"2019-11-07T22:44:00+00:00","dateModified":"2022-06-17T12:56:17+00:00","breadcrumb":{"@id":"https:\/\/gelidsolutions.com\/de\/produkt\/subzero-xl-ssd-kit\/#breadcrumb"},"inLanguage":"de","potentialAction":[{"@type":"ReadAction","target":["https:\/\/gelidsolutions.com\/de\/produkt\/subzero-xl-ssd-kit\/"]}]},{"@type":"ImageObject","inLanguage":"de","@id":"https:\/\/gelidsolutions.com\/de\/produkt\/subzero-xl-ssd-kit\/#primaryimage","url":"https:\/\/gelidsolutions.com\/wp-content\/uploads\/2022\/05\/subzero_xl_kit_1.jpg","contentUrl":"https:\/\/gelidsolutions.com\/wp-content\/uploads\/2022\/05\/subzero_xl_kit_1.jpg","width":1600,"height":1600},{"@type":"BreadcrumbList","@id":"https:\/\/gelidsolutions.com\/de\/produkt\/subzero-xl-ssd-kit\/#breadcrumb","itemListElement":[{"@type":"ListItem","position":1,"name":"Home","item":"https:\/\/gelidsolutions.com\/de\/"},{"@type":"ListItem","position":2,"name":"Shop","item":"https:\/\/gelidsolutions.com\/shop\/"},{"@type":"ListItem","position":3,"name":"SUBZERO M.2 XL SSD K\u00fchl-Set"}]},{"@type":"WebSite","@id":"https:\/\/gelidsolutions.com\/de\/#website","url":"https:\/\/gelidsolutions.com\/de\/","name":"Gelid Solutions","description":"","publisher":{"@id":"https:\/\/gelidsolutions.com\/de\/#organization"},"potentialAction":[{"@type":"SearchAction","target":{"@type":"EntryPoint","urlTemplate":"https:\/\/gelidsolutions.com\/de\/?s={search_term_string}"},"query-input":{"@type":"PropertyValueSpecification","valueRequired":true,"valueName":"search_term_string"}}],"inLanguage":"de"},{"@type":"Organization","@id":"https:\/\/gelidsolutions.com\/de\/#organization","name":"Gelid Solutions","url":"https:\/\/gelidsolutions.com\/de\/","logo":{"@type":"ImageObject","inLanguage":"de","@id":"https:\/\/gelidsolutions.com\/de\/#\/schema\/logo\/image\/","url":"https:\/\/gelidsolutions.com\/wp-content\/uploads\/2022\/06\/logo_white_104_104.gif","contentUrl":"https:\/\/gelidsolutions.com\/wp-content\/uploads\/2022\/06\/logo_white_104_104.gif","width":104,"height":104,"caption":"Gelid Solutions"},"image":{"@id":"https:\/\/gelidsolutions.com\/de\/#\/schema\/logo\/image\/"}}]}},"_links":{"self":[{"href":"https:\/\/gelidsolutions.com\/de\/wp-json\/wp\/v2\/product\/113828","targetHints":{"allow":["GET"]}}],"collection":[{"href":"https:\/\/gelidsolutions.com\/de\/wp-json\/wp\/v2\/product"}],"about":[{"href":"https:\/\/gelidsolutions.com\/de\/wp-json\/wp\/v2\/types\/product"}],"replies":[{"embeddable":true,"href":"https:\/\/gelidsolutions.com\/de\/wp-json\/wp\/v2\/comments?post=113828"}],"wp:featuredmedia":[{"embeddable":true,"href":"https:\/\/gelidsolutions.com\/de\/wp-json\/wp\/v2\/media\/112835"}],"wp:attachment":[{"href":"https:\/\/gelidsolutions.com\/de\/wp-json\/wp\/v2\/media?parent=113828"}],"wp:term":[{"taxonomy":"product_cat","embeddable":true,"href":"https:\/\/gelidsolutions.com\/de\/wp-json\/wp\/v2\/product_cat?post=113828"},{"taxonomy":"product_tag","embeddable":true,"href":"https:\/\/gelidsolutions.com\/de\/wp-json\/wp\/v2\/product_tag?post=113828"}],"curies":[{"name":"wp","href":"https:\/\/api.w.org\/{rel}","templated":true}]}}