{"id":113829,"date":"2020-08-12T23:05:00","date_gmt":"2020-08-12T15:05:00","guid":{"rendered":"https:\/\/localhost\/gelidsolutions\/product\/flexlight-rgb-strip\/"},"modified":"2022-11-30T21:27:08","modified_gmt":"2022-11-30T13:27:08","slug":"flexlight-rgb-strip","status":"publish","type":"product","link":"https:\/\/gelidsolutions.com\/de\/produkt\/flexlight-rgb-strip\/","title":{"rendered":"FLEXLIGHT RGB STRIP"},"content":{"rendered":"<p><i><b>FlexLight RGB (LED-S-02)<\/b><\/i><br \/>\nUltraflexibler RGB-LED-Streifen<\/p>\n<p>Das FlexLight RGB ist mit 150 SMD 5050-LEDs ausgestattet und unterst\u00fctzt die 24-Bit-RGB-LED-Farbfunktion f\u00fcr \u00fcber 16,7 Millionen RGB-Farben, die in 20 statischen und dynamischen Beleuchtungsmodi gesteuert werden. Alle Farbmodi k\u00f6nnen \u00fcber die mitgelieferte RGB-Steuereinheit und die IR-Fernbedienung angepasst werden. Das FlexLight RGB verf\u00fcgt \u00fcber einen 5 m langen, transparenten Streifen mit doppelseitigem Kleber, der auf jedes Gaming-Rig, jeden Computertisch oder Arbeitsplatz passt. Er besteht aus einem speziell entwickelten, sto\u00dffesten und ultraflexiblen Polymer, so dass Sie den Bandk\u00f6rper leicht in jede gew\u00fcnschte Form rollen oder biegen k\u00f6nnen.<\/p>\n<p>Die superhellen SMD 5050-LEDs, der ultraflexible Streifen und die fortschrittlichen Beleuchtungstechniken vereinen sich zu einer einzigartigen Mischung und machen das FlexLight RGB zu einer brillanten L\u00f6sung f\u00fcr Gamer, Modder und RGB-Enthusiasten.<\/p>\n<p><strong>Z\u00fcnden Sie unz\u00e4hlige lebendige Lichter in Ihrem Arbeitsbereich! Bereichern Sie Ihr Modding-Erlebnis mit dem FlexLight RGB!<\/strong><\/p>\n<p>EAN: 4897025782877<\/p>\n","protected":false},"excerpt":{"rendered":"<ul>\n<li>  150 helle SMD 5050 LEDs<\/li>\n<li>  24bit RGB-Farben<\/li>\n<li>  Ultraflexibles und ultrastarkes Band<\/li>\n<li>  Doppelseitiger Kleber<\/li>\n<li>  RGB-Programme und IR-Fernbedienung<\/li>\n<p><\/u><\/p>\n","protected":false},"featured_media":121329,"comment_status":"closed","ping_status":"closed","template":"","meta":{"_acf_changed":false},"product_cat":[549,327,569,305,428,506,318],"product_tag":[562,567,553],"class_list":{"0":"post-113829","1":"product","2":"type-product","3":"status-publish","4":"has-post-thumbnail","6":"product_cat-collections-de","7":"product_cat-gamer-zubehoer","8":"product_cat-hervorragendes-zubehor","9":"product_cat-kuehlloesungen","10":"product_cat-rgb-collection-de","11":"product_cat-zubehor","12":"product_cat-zubehoer","13":"product_tag-accessories-de","14":"product_tag-gamer-zubehor","15":"product_tag-thermal-solution-de","17":"first","18":"outofstock","19":"taxable","20":"shipping-taxable","21":"purchasable","22":"product-type-simple"},"supplier_id":null,"supplier_sku":"LED-S-02","barcode":"4897025782877","atum_controlled":true,"out_stock_date":null,"out_stock_threshold":null,"inheritable":false,"inbound_stock":null,"stock_on_hold":0,"sold_today":0,"sales_last_days":0,"reserved_stock":null,"customer_returns":null,"warehouse_damage":null,"lost_in_post":null,"other_logs":null,"out_stock_days":0,"lost_sales":0,"has_location":false,"update_date":"2026-04-29T01:10:54","atum_locations":[],"atum_stock_status":"outofstock","restock_status":false,"low_stock_amount":"","sales_update_date":"2026-04-29T01:10:54","calc_backorders":null,"acf":[],"yoast_head":"<!-- This site is optimized with the Yoast SEO plugin v27.5 - https:\/\/yoast.com\/product\/yoast-seo-wordpress\/ -->\n<title>FLEXLIGHT RGB STRIP - Gelid Solutions<\/title>\n<meta name=\"robots\" content=\"index, follow, max-snippet:-1, max-image-preview:large, max-video-preview:-1\" \/>\n<link rel=\"canonical\" href=\"https:\/\/gelidsolutions.com\/de\/produkt\/flexlight-rgb-strip\/\" \/>\n<meta property=\"og:locale\" content=\"de_DE\" \/>\n<meta property=\"og:type\" content=\"article\" \/>\n<meta property=\"og:title\" content=\"FLEXLIGHT RGB STRIP - Gelid Solutions\" \/>\n<meta property=\"og:description\" content=\"150 helle SMD 5050 LEDs   24bit RGB-Farben   Ultraflexibles und ultrastarkes Band   Doppelseitiger Kleber   RGB-Programme und IR-Fernbedienung\" \/>\n<meta property=\"og:url\" content=\"https:\/\/gelidsolutions.com\/de\/produkt\/flexlight-rgb-strip\/\" \/>\n<meta property=\"og:site_name\" content=\"Gelid Solutions\" \/>\n<meta property=\"article:modified_time\" content=\"2022-11-30T13:27:08+00:00\" \/>\n<meta property=\"og:image\" content=\"https:\/\/gelidsolutions.com\/wp-content\/uploads\/2020\/08\/flexlight-rgb-strip_6.1.png\" \/>\n\t<meta property=\"og:image:width\" content=\"1600\" \/>\n\t<meta property=\"og:image:height\" content=\"1600\" \/>\n\t<meta property=\"og:image:type\" content=\"image\/png\" \/>\n<meta name=\"twitter:card\" content=\"summary_large_image\" \/>\n<meta name=\"twitter:label1\" content=\"Gesch\u00e4tzte Lesezeit\" \/>\n\t<meta name=\"twitter:data1\" content=\"1\u00a0Minute\" \/>\n<script type=\"application\/ld+json\" class=\"yoast-schema-graph\">{\"@context\":\"https:\\\/\\\/schema.org\",\"@graph\":[{\"@type\":\"WebPage\",\"@id\":\"https:\\\/\\\/gelidsolutions.com\\\/de\\\/produkt\\\/flexlight-rgb-strip\\\/\",\"url\":\"https:\\\/\\\/gelidsolutions.com\\\/de\\\/produkt\\\/flexlight-rgb-strip\\\/\",\"name\":\"FLEXLIGHT RGB STRIP - Gelid Solutions\",\"isPartOf\":{\"@id\":\"https:\\\/\\\/gelidsolutions.com\\\/de\\\/#website\"},\"primaryImageOfPage\":{\"@id\":\"https:\\\/\\\/gelidsolutions.com\\\/de\\\/produkt\\\/flexlight-rgb-strip\\\/#primaryimage\"},\"image\":{\"@id\":\"https:\\\/\\\/gelidsolutions.com\\\/de\\\/produkt\\\/flexlight-rgb-strip\\\/#primaryimage\"},\"thumbnailUrl\":\"https:\\\/\\\/gelidsolutions.com\\\/wp-content\\\/uploads\\\/2020\\\/08\\\/flexlight-rgb-strip_6.1.png\",\"datePublished\":\"2020-08-12T15:05:00+00:00\",\"dateModified\":\"2022-11-30T13:27:08+00:00\",\"breadcrumb\":{\"@id\":\"https:\\\/\\\/gelidsolutions.com\\\/de\\\/produkt\\\/flexlight-rgb-strip\\\/#breadcrumb\"},\"inLanguage\":\"de\",\"potentialAction\":[{\"@type\":\"ReadAction\",\"target\":[\"https:\\\/\\\/gelidsolutions.com\\\/de\\\/produkt\\\/flexlight-rgb-strip\\\/\"]}]},{\"@type\":\"ImageObject\",\"inLanguage\":\"de\",\"@id\":\"https:\\\/\\\/gelidsolutions.com\\\/de\\\/produkt\\\/flexlight-rgb-strip\\\/#primaryimage\",\"url\":\"https:\\\/\\\/gelidsolutions.com\\\/wp-content\\\/uploads\\\/2020\\\/08\\\/flexlight-rgb-strip_6.1.png\",\"contentUrl\":\"https:\\\/\\\/gelidsolutions.com\\\/wp-content\\\/uploads\\\/2020\\\/08\\\/flexlight-rgb-strip_6.1.png\",\"width\":1600,\"height\":1600},{\"@type\":\"BreadcrumbList\",\"@id\":\"https:\\\/\\\/gelidsolutions.com\\\/de\\\/produkt\\\/flexlight-rgb-strip\\\/#breadcrumb\",\"itemListElement\":[{\"@type\":\"ListItem\",\"position\":1,\"name\":\"Home\",\"item\":\"https:\\\/\\\/gelidsolutions.com\\\/de\\\/\"},{\"@type\":\"ListItem\",\"position\":2,\"name\":\"Shop\",\"item\":\"https:\\\/\\\/gelidsolutions.com\\\/shop\\\/\"},{\"@type\":\"ListItem\",\"position\":3,\"name\":\"FLEXLIGHT RGB STRIP\"}]},{\"@type\":\"WebSite\",\"@id\":\"https:\\\/\\\/gelidsolutions.com\\\/de\\\/#website\",\"url\":\"https:\\\/\\\/gelidsolutions.com\\\/de\\\/\",\"name\":\"Gelid Solutions\",\"description\":\"\",\"publisher\":{\"@id\":\"https:\\\/\\\/gelidsolutions.com\\\/de\\\/#organization\"},\"potentialAction\":[{\"@type\":\"SearchAction\",\"target\":{\"@type\":\"EntryPoint\",\"urlTemplate\":\"https:\\\/\\\/gelidsolutions.com\\\/de\\\/?s={search_term_string}\"},\"query-input\":{\"@type\":\"PropertyValueSpecification\",\"valueRequired\":true,\"valueName\":\"search_term_string\"}}],\"inLanguage\":\"de\"},{\"@type\":\"Organization\",\"@id\":\"https:\\\/\\\/gelidsolutions.com\\\/de\\\/#organization\",\"name\":\"Gelid Solutions\",\"url\":\"https:\\\/\\\/gelidsolutions.com\\\/de\\\/\",\"logo\":{\"@type\":\"ImageObject\",\"inLanguage\":\"de\",\"@id\":\"https:\\\/\\\/gelidsolutions.com\\\/de\\\/#\\\/schema\\\/logo\\\/image\\\/\",\"url\":\"https:\\\/\\\/gelidsolutions.com\\\/wp-content\\\/uploads\\\/2022\\\/06\\\/logo_white_104_104.gif\",\"contentUrl\":\"https:\\\/\\\/gelidsolutions.com\\\/wp-content\\\/uploads\\\/2022\\\/06\\\/logo_white_104_104.gif\",\"width\":104,\"height\":104,\"caption\":\"Gelid Solutions\"},\"image\":{\"@id\":\"https:\\\/\\\/gelidsolutions.com\\\/de\\\/#\\\/schema\\\/logo\\\/image\\\/\"}}]}<\/script>\n<!-- \/ Yoast SEO plugin. -->","yoast_head_json":{"title":"FLEXLIGHT RGB STRIP - Gelid Solutions","robots":{"index":"index","follow":"follow","max-snippet":"max-snippet:-1","max-image-preview":"max-image-preview:large","max-video-preview":"max-video-preview:-1"},"canonical":"https:\/\/gelidsolutions.com\/de\/produkt\/flexlight-rgb-strip\/","og_locale":"de_DE","og_type":"article","og_title":"FLEXLIGHT RGB STRIP - Gelid Solutions","og_description":"150 helle SMD 5050 LEDs   24bit RGB-Farben   Ultraflexibles und ultrastarkes Band   Doppelseitiger Kleber   RGB-Programme und IR-Fernbedienung","og_url":"https:\/\/gelidsolutions.com\/de\/produkt\/flexlight-rgb-strip\/","og_site_name":"Gelid Solutions","article_modified_time":"2022-11-30T13:27:08+00:00","og_image":[{"width":1600,"height":1600,"url":"https:\/\/gelidsolutions.com\/wp-content\/uploads\/2020\/08\/flexlight-rgb-strip_6.1.png","type":"image\/png"}],"twitter_card":"summary_large_image","twitter_misc":{"Gesch\u00e4tzte Lesezeit":"1\u00a0Minute"},"schema":{"@context":"https:\/\/schema.org","@graph":[{"@type":"WebPage","@id":"https:\/\/gelidsolutions.com\/de\/produkt\/flexlight-rgb-strip\/","url":"https:\/\/gelidsolutions.com\/de\/produkt\/flexlight-rgb-strip\/","name":"FLEXLIGHT RGB STRIP - Gelid Solutions","isPartOf":{"@id":"https:\/\/gelidsolutions.com\/de\/#website"},"primaryImageOfPage":{"@id":"https:\/\/gelidsolutions.com\/de\/produkt\/flexlight-rgb-strip\/#primaryimage"},"image":{"@id":"https:\/\/gelidsolutions.com\/de\/produkt\/flexlight-rgb-strip\/#primaryimage"},"thumbnailUrl":"https:\/\/gelidsolutions.com\/wp-content\/uploads\/2020\/08\/flexlight-rgb-strip_6.1.png","datePublished":"2020-08-12T15:05:00+00:00","dateModified":"2022-11-30T13:27:08+00:00","breadcrumb":{"@id":"https:\/\/gelidsolutions.com\/de\/produkt\/flexlight-rgb-strip\/#breadcrumb"},"inLanguage":"de","potentialAction":[{"@type":"ReadAction","target":["https:\/\/gelidsolutions.com\/de\/produkt\/flexlight-rgb-strip\/"]}]},{"@type":"ImageObject","inLanguage":"de","@id":"https:\/\/gelidsolutions.com\/de\/produkt\/flexlight-rgb-strip\/#primaryimage","url":"https:\/\/gelidsolutions.com\/wp-content\/uploads\/2020\/08\/flexlight-rgb-strip_6.1.png","contentUrl":"https:\/\/gelidsolutions.com\/wp-content\/uploads\/2020\/08\/flexlight-rgb-strip_6.1.png","width":1600,"height":1600},{"@type":"BreadcrumbList","@id":"https:\/\/gelidsolutions.com\/de\/produkt\/flexlight-rgb-strip\/#breadcrumb","itemListElement":[{"@type":"ListItem","position":1,"name":"Home","item":"https:\/\/gelidsolutions.com\/de\/"},{"@type":"ListItem","position":2,"name":"Shop","item":"https:\/\/gelidsolutions.com\/shop\/"},{"@type":"ListItem","position":3,"name":"FLEXLIGHT RGB STRIP"}]},{"@type":"WebSite","@id":"https:\/\/gelidsolutions.com\/de\/#website","url":"https:\/\/gelidsolutions.com\/de\/","name":"Gelid Solutions","description":"","publisher":{"@id":"https:\/\/gelidsolutions.com\/de\/#organization"},"potentialAction":[{"@type":"SearchAction","target":{"@type":"EntryPoint","urlTemplate":"https:\/\/gelidsolutions.com\/de\/?s={search_term_string}"},"query-input":{"@type":"PropertyValueSpecification","valueRequired":true,"valueName":"search_term_string"}}],"inLanguage":"de"},{"@type":"Organization","@id":"https:\/\/gelidsolutions.com\/de\/#organization","name":"Gelid Solutions","url":"https:\/\/gelidsolutions.com\/de\/","logo":{"@type":"ImageObject","inLanguage":"de","@id":"https:\/\/gelidsolutions.com\/de\/#\/schema\/logo\/image\/","url":"https:\/\/gelidsolutions.com\/wp-content\/uploads\/2022\/06\/logo_white_104_104.gif","contentUrl":"https:\/\/gelidsolutions.com\/wp-content\/uploads\/2022\/06\/logo_white_104_104.gif","width":104,"height":104,"caption":"Gelid Solutions"},"image":{"@id":"https:\/\/gelidsolutions.com\/de\/#\/schema\/logo\/image\/"}}]}},"_links":{"self":[{"href":"https:\/\/gelidsolutions.com\/de\/wp-json\/wp\/v2\/product\/113829","targetHints":{"allow":["GET"]}}],"collection":[{"href":"https:\/\/gelidsolutions.com\/de\/wp-json\/wp\/v2\/product"}],"about":[{"href":"https:\/\/gelidsolutions.com\/de\/wp-json\/wp\/v2\/types\/product"}],"replies":[{"embeddable":true,"href":"https:\/\/gelidsolutions.com\/de\/wp-json\/wp\/v2\/comments?post=113829"}],"wp:featuredmedia":[{"embeddable":true,"href":"https:\/\/gelidsolutions.com\/de\/wp-json\/wp\/v2\/media\/121329"}],"wp:attachment":[{"href":"https:\/\/gelidsolutions.com\/de\/wp-json\/wp\/v2\/media?parent=113829"}],"wp:term":[{"taxonomy":"product_cat","embeddable":true,"href":"https:\/\/gelidsolutions.com\/de\/wp-json\/wp\/v2\/product_cat?post=113829"},{"taxonomy":"product_tag","embeddable":true,"href":"https:\/\/gelidsolutions.com\/de\/wp-json\/wp\/v2\/product_tag?post=113829"}],"curies":[{"name":"wp","href":"https:\/\/api.w.org\/{rel}","templated":true}]}}