{"id":113830,"date":"1970-01-01T00:00:00","date_gmt":"1969-12-31T16:00:00","guid":{"rendered":"https:\/\/localhost\/gelidsolutions\/product\/mesh-dust-filter\/"},"modified":"2022-12-01T15:55:21","modified_gmt":"2022-12-01T07:55:21","slug":"mesh-dust-filter","status":"publish","type":"product","link":"https:\/\/gelidsolutions.com\/de\/produkt\/mesh-dust-filter\/","title":{"rendered":"MESH 120 STAUBFILTER-SET"},"content":{"rendered":"<p><i><b>Mesh 120 (SL-Dust-01)<\/b><\/i><br \/>\n120 mm L\u00fcfter\/Staubfilter-Set<\/p>\n<p>&nbsp;<\/p>\n<p>Mesh 120 wurde entwickelt, um Staubansammlungen in Ihrem PC zu verhindern. Staub verschlechtert nicht nur die \u00c4sthetik, sondern verringert auch die K\u00fchlleistung und kann auch eine bestimmte Menge an elektrischer Kapazit\u00e4t und Leitf\u00e4higkeit ansammeln, was die Zuverl\u00e4ssigkeit und Lebensdauer Ihres PCs beeintr\u00e4chtigt.<\/p>\n<p>&nbsp;<\/p>\n<p>Mit dem winzigen, faser- und luftstromoptimierten PVC-Netz mit super dichten 27 Poren pro Zoll sorgt Mesh 120 f\u00fcr eine nahezu 100% ige Staubfilterung und erm\u00f6glicht einen Luftstrom von bis zu 90%. Das Netz ist waschbar, wieder verwendbar und kompatibel mit allen g\u00e4ngigen 120-mm-L\u00fcftern und L\u00fcftungsschlitzen.<\/p>\n<p>&nbsp;<\/p>\n<p>Befreien Sie sich vom Staub! Geben Sie Ihrem PC mit Magnet Mesh 140 frischen Wind!<\/p>\n<p>&nbsp;<\/p>\n<p><i>EAN: 4897025782273<\/i><\/p>\n<p>&nbsp;<\/p>\n","protected":false},"excerpt":{"rendered":"<ul>\n<li> Ultra feines PVC-Netz mit 27 Poren pro Zoll<\/li>\n<li> Hervorragende Luftdurchl\u00e4ssigkeit<\/li>\n<li> Leicht und einfach zu installieren<\/li>\n<li> Waschbar und wieder verwendbar<\/li>\n<li> Passend f\u00fcr alle 120 mm L\u00fcfter und L\u00fcftungsschlitze<\/li>\n<li> RoHS-Konform<\/li>\n<\/ul>\n","protected":false},"featured_media":121454,"comment_status":"open","ping_status":"open","template":"","meta":{"_acf_changed":false},"product_cat":[15],"product_tag":[562,551],"class_list":{"0":"post-113830","1":"product","2":"type-product","3":"status-publish","4":"has-post-thumbnail","6":"product_cat-uncategorized","7":"product_tag-accessories-de","8":"product_tag-case-fan-de","10":"first","11":"instock","12":"taxable","13":"shipping-taxable","14":"product-type-simple"},"supplier_id":null,"supplier_sku":"","barcode":null,"atum_controlled":true,"out_stock_date":null,"out_stock_threshold":null,"inheritable":false,"inbound_stock":null,"stock_on_hold":0,"sold_today":0,"sales_last_days":0,"reserved_stock":null,"customer_returns":null,"warehouse_damage":null,"lost_in_post":null,"other_logs":null,"out_stock_days":0,"lost_sales":0,"has_location":null,"update_date":"2026-04-04T00:03:38","atum_locations":[],"atum_stock_status":"instock","restock_status":false,"low_stock_amount":"","sales_update_date":"2026-04-04T00:03:38","calc_backorders":null,"acf":[],"yoast_head":"<!-- This site is optimized with the Yoast SEO plugin v27.3 - https:\/\/yoast.com\/product\/yoast-seo-wordpress\/ -->\n<title>MESH 120 STAUBFILTER-SET - Gelid Solutions<\/title>\n<meta name=\"robots\" content=\"index, follow, max-snippet:-1, max-image-preview:large, max-video-preview:-1\" \/>\n<link rel=\"canonical\" href=\"https:\/\/gelidsolutions.com\/de\/produkt\/mesh-dust-filter\/\" \/>\n<meta property=\"og:locale\" content=\"de_DE\" \/>\n<meta property=\"og:type\" content=\"article\" \/>\n<meta property=\"og:title\" content=\"MESH 120 STAUBFILTER-SET - Gelid Solutions\" \/>\n<meta property=\"og:description\" content=\"Ultra feines PVC-Netz mit 27 Poren pro Zoll   Hervorragende Luftdurchl\u00e4ssigkeit   Leicht und einfach zu installieren   Waschbar und wieder verwendbar   Passend f\u00fcr alle 120 mm L\u00fcfter und L\u00fcftungsschlitze   RoHS-Konform\" \/>\n<meta property=\"og:url\" content=\"https:\/\/gelidsolutions.com\/de\/produkt\/mesh-dust-filter\/\" \/>\n<meta property=\"og:site_name\" content=\"Gelid Solutions\" \/>\n<meta property=\"article:modified_time\" content=\"2022-12-01T07:55:21+00:00\" \/>\n<meta property=\"og:image\" content=\"https:\/\/gelidsolutions.com\/wp-content\/uploads\/2020\/06\/mesh120_dust_filter_1-1.1.png\" \/>\n\t<meta property=\"og:image:width\" content=\"1600\" \/>\n\t<meta property=\"og:image:height\" content=\"1600\" \/>\n\t<meta property=\"og:image:type\" content=\"image\/png\" \/>\n<meta name=\"twitter:card\" content=\"summary_large_image\" \/>\n<meta name=\"twitter:label1\" content=\"Gesch\u00e4tzte Lesezeit\" \/>\n\t<meta name=\"twitter:data1\" content=\"1\u00a0Minute\" \/>\n<script type=\"application\/ld+json\" class=\"yoast-schema-graph\">{\"@context\":\"https:\\\/\\\/schema.org\",\"@graph\":[{\"@type\":\"WebPage\",\"@id\":\"https:\\\/\\\/gelidsolutions.com\\\/de\\\/produkt\\\/mesh-dust-filter\\\/\",\"url\":\"https:\\\/\\\/gelidsolutions.com\\\/de\\\/produkt\\\/mesh-dust-filter\\\/\",\"name\":\"MESH 120 STAUBFILTER-SET - Gelid Solutions\",\"isPartOf\":{\"@id\":\"https:\\\/\\\/gelidsolutions.com\\\/de\\\/#website\"},\"primaryImageOfPage\":{\"@id\":\"https:\\\/\\\/gelidsolutions.com\\\/de\\\/produkt\\\/mesh-dust-filter\\\/#primaryimage\"},\"image\":{\"@id\":\"https:\\\/\\\/gelidsolutions.com\\\/de\\\/produkt\\\/mesh-dust-filter\\\/#primaryimage\"},\"thumbnailUrl\":\"https:\\\/\\\/gelidsolutions.com\\\/wp-content\\\/uploads\\\/2020\\\/06\\\/mesh120_dust_filter_1-1.1.png\",\"datePublished\":\"1969-12-31T16:00:00+00:00\",\"dateModified\":\"2022-12-01T07:55:21+00:00\",\"breadcrumb\":{\"@id\":\"https:\\\/\\\/gelidsolutions.com\\\/de\\\/produkt\\\/mesh-dust-filter\\\/#breadcrumb\"},\"inLanguage\":\"de\",\"potentialAction\":[{\"@type\":\"ReadAction\",\"target\":[\"https:\\\/\\\/gelidsolutions.com\\\/de\\\/produkt\\\/mesh-dust-filter\\\/\"]}]},{\"@type\":\"ImageObject\",\"inLanguage\":\"de\",\"@id\":\"https:\\\/\\\/gelidsolutions.com\\\/de\\\/produkt\\\/mesh-dust-filter\\\/#primaryimage\",\"url\":\"https:\\\/\\\/gelidsolutions.com\\\/wp-content\\\/uploads\\\/2020\\\/06\\\/mesh120_dust_filter_1-1.1.png\",\"contentUrl\":\"https:\\\/\\\/gelidsolutions.com\\\/wp-content\\\/uploads\\\/2020\\\/06\\\/mesh120_dust_filter_1-1.1.png\",\"width\":1600,\"height\":1600},{\"@type\":\"BreadcrumbList\",\"@id\":\"https:\\\/\\\/gelidsolutions.com\\\/de\\\/produkt\\\/mesh-dust-filter\\\/#breadcrumb\",\"itemListElement\":[{\"@type\":\"ListItem\",\"position\":1,\"name\":\"Home\",\"item\":\"https:\\\/\\\/gelidsolutions.com\\\/de\\\/\"},{\"@type\":\"ListItem\",\"position\":2,\"name\":\"Shop\",\"item\":\"https:\\\/\\\/gelidsolutions.com\\\/shop\\\/\"},{\"@type\":\"ListItem\",\"position\":3,\"name\":\"MESH 120 STAUBFILTER-SET\"}]},{\"@type\":\"WebSite\",\"@id\":\"https:\\\/\\\/gelidsolutions.com\\\/de\\\/#website\",\"url\":\"https:\\\/\\\/gelidsolutions.com\\\/de\\\/\",\"name\":\"Gelid Solutions\",\"description\":\"\",\"publisher\":{\"@id\":\"https:\\\/\\\/gelidsolutions.com\\\/de\\\/#organization\"},\"potentialAction\":[{\"@type\":\"SearchAction\",\"target\":{\"@type\":\"EntryPoint\",\"urlTemplate\":\"https:\\\/\\\/gelidsolutions.com\\\/de\\\/?s={search_term_string}\"},\"query-input\":{\"@type\":\"PropertyValueSpecification\",\"valueRequired\":true,\"valueName\":\"search_term_string\"}}],\"inLanguage\":\"de\"},{\"@type\":\"Organization\",\"@id\":\"https:\\\/\\\/gelidsolutions.com\\\/de\\\/#organization\",\"name\":\"Gelid Solutions\",\"url\":\"https:\\\/\\\/gelidsolutions.com\\\/de\\\/\",\"logo\":{\"@type\":\"ImageObject\",\"inLanguage\":\"de\",\"@id\":\"https:\\\/\\\/gelidsolutions.com\\\/de\\\/#\\\/schema\\\/logo\\\/image\\\/\",\"url\":\"https:\\\/\\\/gelidsolutions.com\\\/wp-content\\\/uploads\\\/2022\\\/06\\\/logo_white_104_104.gif\",\"contentUrl\":\"https:\\\/\\\/gelidsolutions.com\\\/wp-content\\\/uploads\\\/2022\\\/06\\\/logo_white_104_104.gif\",\"width\":104,\"height\":104,\"caption\":\"Gelid Solutions\"},\"image\":{\"@id\":\"https:\\\/\\\/gelidsolutions.com\\\/de\\\/#\\\/schema\\\/logo\\\/image\\\/\"}}]}<\/script>\n<!-- \/ Yoast SEO plugin. -->","yoast_head_json":{"title":"MESH 120 STAUBFILTER-SET - Gelid Solutions","robots":{"index":"index","follow":"follow","max-snippet":"max-snippet:-1","max-image-preview":"max-image-preview:large","max-video-preview":"max-video-preview:-1"},"canonical":"https:\/\/gelidsolutions.com\/de\/produkt\/mesh-dust-filter\/","og_locale":"de_DE","og_type":"article","og_title":"MESH 120 STAUBFILTER-SET - Gelid Solutions","og_description":"Ultra feines PVC-Netz mit 27 Poren pro Zoll   Hervorragende Luftdurchl\u00e4ssigkeit   Leicht und einfach zu installieren   Waschbar und wieder verwendbar   Passend f\u00fcr alle 120 mm L\u00fcfter und L\u00fcftungsschlitze   RoHS-Konform","og_url":"https:\/\/gelidsolutions.com\/de\/produkt\/mesh-dust-filter\/","og_site_name":"Gelid Solutions","article_modified_time":"2022-12-01T07:55:21+00:00","og_image":[{"width":1600,"height":1600,"url":"https:\/\/gelidsolutions.com\/wp-content\/uploads\/2020\/06\/mesh120_dust_filter_1-1.1.png","type":"image\/png"}],"twitter_card":"summary_large_image","twitter_misc":{"Gesch\u00e4tzte Lesezeit":"1\u00a0Minute"},"schema":{"@context":"https:\/\/schema.org","@graph":[{"@type":"WebPage","@id":"https:\/\/gelidsolutions.com\/de\/produkt\/mesh-dust-filter\/","url":"https:\/\/gelidsolutions.com\/de\/produkt\/mesh-dust-filter\/","name":"MESH 120 STAUBFILTER-SET - Gelid Solutions","isPartOf":{"@id":"https:\/\/gelidsolutions.com\/de\/#website"},"primaryImageOfPage":{"@id":"https:\/\/gelidsolutions.com\/de\/produkt\/mesh-dust-filter\/#primaryimage"},"image":{"@id":"https:\/\/gelidsolutions.com\/de\/produkt\/mesh-dust-filter\/#primaryimage"},"thumbnailUrl":"https:\/\/gelidsolutions.com\/wp-content\/uploads\/2020\/06\/mesh120_dust_filter_1-1.1.png","datePublished":"1969-12-31T16:00:00+00:00","dateModified":"2022-12-01T07:55:21+00:00","breadcrumb":{"@id":"https:\/\/gelidsolutions.com\/de\/produkt\/mesh-dust-filter\/#breadcrumb"},"inLanguage":"de","potentialAction":[{"@type":"ReadAction","target":["https:\/\/gelidsolutions.com\/de\/produkt\/mesh-dust-filter\/"]}]},{"@type":"ImageObject","inLanguage":"de","@id":"https:\/\/gelidsolutions.com\/de\/produkt\/mesh-dust-filter\/#primaryimage","url":"https:\/\/gelidsolutions.com\/wp-content\/uploads\/2020\/06\/mesh120_dust_filter_1-1.1.png","contentUrl":"https:\/\/gelidsolutions.com\/wp-content\/uploads\/2020\/06\/mesh120_dust_filter_1-1.1.png","width":1600,"height":1600},{"@type":"BreadcrumbList","@id":"https:\/\/gelidsolutions.com\/de\/produkt\/mesh-dust-filter\/#breadcrumb","itemListElement":[{"@type":"ListItem","position":1,"name":"Home","item":"https:\/\/gelidsolutions.com\/de\/"},{"@type":"ListItem","position":2,"name":"Shop","item":"https:\/\/gelidsolutions.com\/shop\/"},{"@type":"ListItem","position":3,"name":"MESH 120 STAUBFILTER-SET"}]},{"@type":"WebSite","@id":"https:\/\/gelidsolutions.com\/de\/#website","url":"https:\/\/gelidsolutions.com\/de\/","name":"Gelid Solutions","description":"","publisher":{"@id":"https:\/\/gelidsolutions.com\/de\/#organization"},"potentialAction":[{"@type":"SearchAction","target":{"@type":"EntryPoint","urlTemplate":"https:\/\/gelidsolutions.com\/de\/?s={search_term_string}"},"query-input":{"@type":"PropertyValueSpecification","valueRequired":true,"valueName":"search_term_string"}}],"inLanguage":"de"},{"@type":"Organization","@id":"https:\/\/gelidsolutions.com\/de\/#organization","name":"Gelid Solutions","url":"https:\/\/gelidsolutions.com\/de\/","logo":{"@type":"ImageObject","inLanguage":"de","@id":"https:\/\/gelidsolutions.com\/de\/#\/schema\/logo\/image\/","url":"https:\/\/gelidsolutions.com\/wp-content\/uploads\/2022\/06\/logo_white_104_104.gif","contentUrl":"https:\/\/gelidsolutions.com\/wp-content\/uploads\/2022\/06\/logo_white_104_104.gif","width":104,"height":104,"caption":"Gelid Solutions"},"image":{"@id":"https:\/\/gelidsolutions.com\/de\/#\/schema\/logo\/image\/"}}]}},"_links":{"self":[{"href":"https:\/\/gelidsolutions.com\/de\/wp-json\/wp\/v2\/product\/113830","targetHints":{"allow":["GET"]}}],"collection":[{"href":"https:\/\/gelidsolutions.com\/de\/wp-json\/wp\/v2\/product"}],"about":[{"href":"https:\/\/gelidsolutions.com\/de\/wp-json\/wp\/v2\/types\/product"}],"replies":[{"embeddable":true,"href":"https:\/\/gelidsolutions.com\/de\/wp-json\/wp\/v2\/comments?post=113830"}],"wp:featuredmedia":[{"embeddable":true,"href":"https:\/\/gelidsolutions.com\/de\/wp-json\/wp\/v2\/media\/121454"}],"wp:attachment":[{"href":"https:\/\/gelidsolutions.com\/de\/wp-json\/wp\/v2\/media?parent=113830"}],"wp:term":[{"taxonomy":"product_cat","embeddable":true,"href":"https:\/\/gelidsolutions.com\/de\/wp-json\/wp\/v2\/product_cat?post=113830"},{"taxonomy":"product_tag","embeddable":true,"href":"https:\/\/gelidsolutions.com\/de\/wp-json\/wp\/v2\/product_tag?post=113830"}],"curies":[{"name":"wp","href":"https:\/\/api.w.org\/{rel}","templated":true}]}}