{"id":113832,"date":"2020-04-09T20:51:00","date_gmt":"2020-04-09T20:51:00","guid":{"rendered":"https:\/\/localhost\/gelidsolutions\/product\/mesh140-dust-filter\/"},"modified":"2022-06-17T12:49:11","modified_gmt":"2022-06-17T12:49:11","slug":"mesh140-dust-filter","status":"publish","type":"product","link":"https:\/\/gelidsolutions.com\/de\/produkt\/mesh140-dust-filter\/","title":{"rendered":"MESH 140 STAUBFILTER-SET"},"content":{"rendered":"<p><i><b>Mesh 140 (SL-Dust-02)<\/b><\/i><br \/>\n140 mm L\u00fcfter\/Staubfilter Kit<\/p>\n<p>&nbsp;<\/p>\n<p>Mesh 140 wurde entwickelt, um Staubansammlungen in Ihrem PC zu verhindern. Staub verschlechtert nicht nur die \u00c4sthetik, sondern verringert auch die K\u00fchlleistung und kann auch eine bestimmte Menge an elektrischer Kapazit\u00e4t und Leitf\u00e4higkeit ansammeln, was die Zuverl\u00e4ssigkeit und Lebensdauer Ihres PCs beeintr\u00e4chtigt.<\/p>\n<p>&nbsp;<\/p>\n<p>Mit dem winzigen, faser- und luftstromoptimierten PVC-Netz mit super dichten 17 Poren pro Zoll gew\u00e4hrleistet Mesh 140 eine nahezu 100% ige Staubfilterung und erm\u00f6glicht einen freien Luftstrom von bis zu 90%. Es ist waschbar, wieder verwendbar und kompatibel mit allen g\u00e4ngigen 140-mm-L\u00fcftern und L\u00fcftungsschlitzen.<\/p>\n<p>&nbsp;<\/p>\n<p>Staub loswerden! Geben Sie Ihrem PC mit dem Mesh 140 Staubfilter-Kit frischen Wind!<\/p>\n<p>&nbsp;<\/p>\n<p><i><b>UVP: 5.99 USD \/ 5.50 EUR <\/b><\/i><\/p>\n<p>&nbsp;<\/p>\n<p><i>EAN: 4897025782365<\/i><\/p>\n<p>&nbsp;<\/p>\n","protected":false},"excerpt":{"rendered":"<p><i><b>Merkmale:<\/b><\/i><\/p>\n<ul>\n<li>\u25cf Ultra feines PVC-Netz mit 17 Poren pro Zoll<\/li>\n<li>\u25cf Hervorragende Luftdurchl\u00e4ssigkeit<\/li>\n<li>\u25cf Leicht und einfach zu installieren<\/li>\n<li>\u25cf Waschbar und wiederverwendbar<\/li>\n<li>\u25cf Passend f\u00fcr alle 140 mm L\u00fcfter und L\u00fcftungsschlitze<\/li>\n<li>\u25cf RoHS-Konform<\/li>\n<\/ul>\n","protected":false},"featured_media":0,"comment_status":"closed","ping_status":"closed","template":"","meta":{"_acf_changed":false},"product_cat":[327,305,318],"product_tag":[102,454,87,422],"class_list":{"0":"post-113832","1":"product","2":"type-product","3":"status-publish","5":"product_cat-gamer-zubehoer","6":"product_cat-kuehlloesungen","7":"product_cat-zubehoer","8":"product_tag-accessories","9":"product_tag-accessories-3","10":"product_tag-case-fan","11":"product_tag-case-fan-3","13":"first","14":"instock","15":"taxable","16":"shipping-taxable","17":"product-type-simple"},"supplier_id":null,"supplier_sku":"","barcode":null,"atum_controlled":true,"out_stock_date":null,"out_stock_threshold":null,"inheritable":false,"inbound_stock":null,"stock_on_hold":0,"sold_today":0,"sales_last_days":0,"reserved_stock":null,"customer_returns":null,"warehouse_damage":null,"lost_in_post":null,"other_logs":null,"out_stock_days":0,"lost_sales":0,"has_location":false,"update_date":"2026-04-04T00:03:38","atum_locations":[],"atum_stock_status":"instock","restock_status":false,"low_stock_amount":"","sales_update_date":"2026-04-04T00:03:38","calc_backorders":null,"acf":[],"yoast_head":"<!-- This site is optimized with the Yoast SEO plugin v27.3 - https:\/\/yoast.com\/product\/yoast-seo-wordpress\/ -->\n<title>MESH 140 STAUBFILTER-SET - Gelid Solutions<\/title>\n<meta name=\"robots\" content=\"index, follow, max-snippet:-1, max-image-preview:large, max-video-preview:-1\" \/>\n<link rel=\"canonical\" href=\"https:\/\/gelidsolutions.com\/de\/produkt\/mesh140-dust-filter\/\" \/>\n<meta property=\"og:locale\" content=\"de_DE\" \/>\n<meta property=\"og:type\" content=\"article\" \/>\n<meta property=\"og:title\" content=\"MESH 140 STAUBFILTER-SET - Gelid Solutions\" \/>\n<meta property=\"og:description\" content=\"Merkmale:   \u25cf Ultra feines PVC-Netz mit 17 Poren pro Zoll  \u25cf Hervorragende Luftdurchl\u00e4ssigkeit  \u25cf Leicht und einfach zu installieren  \u25cf Waschbar und wiederverwendbar  \u25cf Passend f\u00fcr alle 140 mm L\u00fcfter und L\u00fcftungsschlitze   \u25cf RoHS-Konform\" \/>\n<meta property=\"og:url\" content=\"https:\/\/gelidsolutions.com\/de\/produkt\/mesh140-dust-filter\/\" \/>\n<meta property=\"og:site_name\" content=\"Gelid Solutions\" \/>\n<meta property=\"article:modified_time\" content=\"2022-06-17T12:49:11+00:00\" \/>\n<meta name=\"twitter:card\" content=\"summary_large_image\" \/>\n<meta name=\"twitter:label1\" content=\"Gesch\u00e4tzte Lesezeit\" \/>\n\t<meta name=\"twitter:data1\" content=\"1\u00a0Minute\" \/>\n<script type=\"application\/ld+json\" class=\"yoast-schema-graph\">{\"@context\":\"https:\\\/\\\/schema.org\",\"@graph\":[{\"@type\":\"WebPage\",\"@id\":\"https:\\\/\\\/gelidsolutions.com\\\/de\\\/produkt\\\/mesh140-dust-filter\\\/\",\"url\":\"https:\\\/\\\/gelidsolutions.com\\\/de\\\/produkt\\\/mesh140-dust-filter\\\/\",\"name\":\"MESH 140 STAUBFILTER-SET - Gelid Solutions\",\"isPartOf\":{\"@id\":\"https:\\\/\\\/gelidsolutions.com\\\/de\\\/#website\"},\"datePublished\":\"2020-04-09T20:51:00+00:00\",\"dateModified\":\"2022-06-17T12:49:11+00:00\",\"breadcrumb\":{\"@id\":\"https:\\\/\\\/gelidsolutions.com\\\/de\\\/produkt\\\/mesh140-dust-filter\\\/#breadcrumb\"},\"inLanguage\":\"de\",\"potentialAction\":[{\"@type\":\"ReadAction\",\"target\":[\"https:\\\/\\\/gelidsolutions.com\\\/de\\\/produkt\\\/mesh140-dust-filter\\\/\"]}]},{\"@type\":\"BreadcrumbList\",\"@id\":\"https:\\\/\\\/gelidsolutions.com\\\/de\\\/produkt\\\/mesh140-dust-filter\\\/#breadcrumb\",\"itemListElement\":[{\"@type\":\"ListItem\",\"position\":1,\"name\":\"Home\",\"item\":\"https:\\\/\\\/gelidsolutions.com\\\/de\\\/\"},{\"@type\":\"ListItem\",\"position\":2,\"name\":\"Shop\",\"item\":\"https:\\\/\\\/gelidsolutions.com\\\/shop\\\/\"},{\"@type\":\"ListItem\",\"position\":3,\"name\":\"MESH 140 STAUBFILTER-SET\"}]},{\"@type\":\"WebSite\",\"@id\":\"https:\\\/\\\/gelidsolutions.com\\\/de\\\/#website\",\"url\":\"https:\\\/\\\/gelidsolutions.com\\\/de\\\/\",\"name\":\"Gelid Solutions\",\"description\":\"\",\"publisher\":{\"@id\":\"https:\\\/\\\/gelidsolutions.com\\\/de\\\/#organization\"},\"potentialAction\":[{\"@type\":\"SearchAction\",\"target\":{\"@type\":\"EntryPoint\",\"urlTemplate\":\"https:\\\/\\\/gelidsolutions.com\\\/de\\\/?s={search_term_string}\"},\"query-input\":{\"@type\":\"PropertyValueSpecification\",\"valueRequired\":true,\"valueName\":\"search_term_string\"}}],\"inLanguage\":\"de\"},{\"@type\":\"Organization\",\"@id\":\"https:\\\/\\\/gelidsolutions.com\\\/de\\\/#organization\",\"name\":\"Gelid Solutions\",\"url\":\"https:\\\/\\\/gelidsolutions.com\\\/de\\\/\",\"logo\":{\"@type\":\"ImageObject\",\"inLanguage\":\"de\",\"@id\":\"https:\\\/\\\/gelidsolutions.com\\\/de\\\/#\\\/schema\\\/logo\\\/image\\\/\",\"url\":\"https:\\\/\\\/gelidsolutions.com\\\/wp-content\\\/uploads\\\/2022\\\/06\\\/logo_white_104_104.gif\",\"contentUrl\":\"https:\\\/\\\/gelidsolutions.com\\\/wp-content\\\/uploads\\\/2022\\\/06\\\/logo_white_104_104.gif\",\"width\":104,\"height\":104,\"caption\":\"Gelid Solutions\"},\"image\":{\"@id\":\"https:\\\/\\\/gelidsolutions.com\\\/de\\\/#\\\/schema\\\/logo\\\/image\\\/\"}}]}<\/script>\n<!-- \/ Yoast SEO plugin. -->","yoast_head_json":{"title":"MESH 140 STAUBFILTER-SET - Gelid Solutions","robots":{"index":"index","follow":"follow","max-snippet":"max-snippet:-1","max-image-preview":"max-image-preview:large","max-video-preview":"max-video-preview:-1"},"canonical":"https:\/\/gelidsolutions.com\/de\/produkt\/mesh140-dust-filter\/","og_locale":"de_DE","og_type":"article","og_title":"MESH 140 STAUBFILTER-SET - Gelid Solutions","og_description":"Merkmale:   \u25cf Ultra feines PVC-Netz mit 17 Poren pro Zoll  \u25cf Hervorragende Luftdurchl\u00e4ssigkeit  \u25cf Leicht und einfach zu installieren  \u25cf Waschbar und wiederverwendbar  \u25cf Passend f\u00fcr alle 140 mm L\u00fcfter und L\u00fcftungsschlitze   \u25cf RoHS-Konform","og_url":"https:\/\/gelidsolutions.com\/de\/produkt\/mesh140-dust-filter\/","og_site_name":"Gelid Solutions","article_modified_time":"2022-06-17T12:49:11+00:00","twitter_card":"summary_large_image","twitter_misc":{"Gesch\u00e4tzte Lesezeit":"1\u00a0Minute"},"schema":{"@context":"https:\/\/schema.org","@graph":[{"@type":"WebPage","@id":"https:\/\/gelidsolutions.com\/de\/produkt\/mesh140-dust-filter\/","url":"https:\/\/gelidsolutions.com\/de\/produkt\/mesh140-dust-filter\/","name":"MESH 140 STAUBFILTER-SET - Gelid Solutions","isPartOf":{"@id":"https:\/\/gelidsolutions.com\/de\/#website"},"datePublished":"2020-04-09T20:51:00+00:00","dateModified":"2022-06-17T12:49:11+00:00","breadcrumb":{"@id":"https:\/\/gelidsolutions.com\/de\/produkt\/mesh140-dust-filter\/#breadcrumb"},"inLanguage":"de","potentialAction":[{"@type":"ReadAction","target":["https:\/\/gelidsolutions.com\/de\/produkt\/mesh140-dust-filter\/"]}]},{"@type":"BreadcrumbList","@id":"https:\/\/gelidsolutions.com\/de\/produkt\/mesh140-dust-filter\/#breadcrumb","itemListElement":[{"@type":"ListItem","position":1,"name":"Home","item":"https:\/\/gelidsolutions.com\/de\/"},{"@type":"ListItem","position":2,"name":"Shop","item":"https:\/\/gelidsolutions.com\/shop\/"},{"@type":"ListItem","position":3,"name":"MESH 140 STAUBFILTER-SET"}]},{"@type":"WebSite","@id":"https:\/\/gelidsolutions.com\/de\/#website","url":"https:\/\/gelidsolutions.com\/de\/","name":"Gelid Solutions","description":"","publisher":{"@id":"https:\/\/gelidsolutions.com\/de\/#organization"},"potentialAction":[{"@type":"SearchAction","target":{"@type":"EntryPoint","urlTemplate":"https:\/\/gelidsolutions.com\/de\/?s={search_term_string}"},"query-input":{"@type":"PropertyValueSpecification","valueRequired":true,"valueName":"search_term_string"}}],"inLanguage":"de"},{"@type":"Organization","@id":"https:\/\/gelidsolutions.com\/de\/#organization","name":"Gelid Solutions","url":"https:\/\/gelidsolutions.com\/de\/","logo":{"@type":"ImageObject","inLanguage":"de","@id":"https:\/\/gelidsolutions.com\/de\/#\/schema\/logo\/image\/","url":"https:\/\/gelidsolutions.com\/wp-content\/uploads\/2022\/06\/logo_white_104_104.gif","contentUrl":"https:\/\/gelidsolutions.com\/wp-content\/uploads\/2022\/06\/logo_white_104_104.gif","width":104,"height":104,"caption":"Gelid Solutions"},"image":{"@id":"https:\/\/gelidsolutions.com\/de\/#\/schema\/logo\/image\/"}}]}},"_links":{"self":[{"href":"https:\/\/gelidsolutions.com\/de\/wp-json\/wp\/v2\/product\/113832","targetHints":{"allow":["GET"]}}],"collection":[{"href":"https:\/\/gelidsolutions.com\/de\/wp-json\/wp\/v2\/product"}],"about":[{"href":"https:\/\/gelidsolutions.com\/de\/wp-json\/wp\/v2\/types\/product"}],"replies":[{"embeddable":true,"href":"https:\/\/gelidsolutions.com\/de\/wp-json\/wp\/v2\/comments?post=113832"}],"wp:attachment":[{"href":"https:\/\/gelidsolutions.com\/de\/wp-json\/wp\/v2\/media?parent=113832"}],"wp:term":[{"taxonomy":"product_cat","embeddable":true,"href":"https:\/\/gelidsolutions.com\/de\/wp-json\/wp\/v2\/product_cat?post=113832"},{"taxonomy":"product_tag","embeddable":true,"href":"https:\/\/gelidsolutions.com\/de\/wp-json\/wp\/v2\/product_tag?post=113832"}],"curies":[{"name":"wp","href":"https:\/\/api.w.org\/{rel}","templated":true}]}}