{"id":113834,"date":"2020-08-12T18:47:00","date_gmt":"2020-08-12T10:47:00","guid":{"rendered":"https:\/\/localhost\/gelidsolutions\/product\/1-to-4-rgb-splitter\/"},"modified":"2023-07-11T15:13:06","modified_gmt":"2023-07-11T07:13:06","slug":"1-bis-4-rgb-verteiler","status":"publish","type":"product","link":"https:\/\/gelidsolutions.com\/de\/produkt\/1-bis-4-rgb-verteiler\/","title":{"rendered":"RGB 1-zu-4-SPILTTER"},"content":{"rendered":"<p><i><b>RGB 1-zu-4-Verteiler (CA-RGB-01)<\/b><\/i><br \/>\nRGB-Splitterkabel mit 4 Ausg\u00e4ngen<\/p>\n<p>Entwickelt f\u00fcr RGB-Enthusiasten, um den Anschluss zahlreicher RGB-L\u00fcfter oder -Strips zu erleichtern.<\/p>\n<p>Mit dem RGB 1-zu-4-Splitter k\u00f6nnen Sie einen RGB- oder Addressable RGB (ARGB)-Header auf Ihrem Motherboard\/Controller ganz einfach erweitern, um bis zu 4 RGB-Ger\u00e4te anzuschlie\u00dfen, und sogar noch mehr, wenn Sie mehrere Splitter in Reihe schalten. Kompatibel mit allen handels\u00fcblichen 12V RGB und 5V Addressable RGB (ARGB) L\u00fcftern oder Leisten. Extrem robuste Kabel f\u00fcr eine lange Lebensdauer und 5 x Steckeradapter f\u00fcr eine nahtlose Installation.<\/p>\n<p>EAN: 4897025782013<\/p>\n","protected":false},"excerpt":{"rendered":"<ul>\n<li>4 x RGB-Ausg\u00e4nge<\/li>\n<li>12V 4-Pin RGB &amp; 5V 3-Pin ARGB Header Unterst\u00fctzung<\/li>\n<li>Ultra-robustes Kabel<\/li>\n<li>5 x Steckeradapter im Lieferumfang enthalten<\/li>\n<\/ul>\n","protected":false},"featured_media":112963,"comment_status":"closed","ping_status":"closed","template":"","meta":{"_acf_changed":false},"product_cat":[428,506],"product_tag":[],"class_list":{"0":"post-113834","1":"product","2":"type-product","3":"status-publish","4":"has-post-thumbnail","6":"product_cat-rgb-collection-de","7":"product_cat-zubehor","9":"first","10":"instock","11":"taxable","12":"shipping-taxable","13":"purchasable","14":"product-type-simple"},"supplier_id":null,"supplier_sku":"CA-RGB-01","barcode":"4897025782013","atum_controlled":true,"out_stock_date":"2022-11-24 07:22:10","out_stock_threshold":null,"inheritable":false,"inbound_stock":null,"stock_on_hold":0,"sold_today":0,"sales_last_days":0,"reserved_stock":null,"customer_returns":null,"warehouse_damage":null,"lost_in_post":null,"other_logs":null,"out_stock_days":1236,"lost_sales":0,"has_location":false,"update_date":"2026-04-14T00:09:54","atum_locations":[],"atum_stock_status":"instock","restock_status":false,"low_stock_amount":"","sales_update_date":"2026-04-14T00:09:54","calc_backorders":null,"acf":[],"yoast_head":"<!-- This site is optimized with the Yoast SEO plugin v27.4 - https:\/\/yoast.com\/product\/yoast-seo-wordpress\/ -->\n<title>RGB 1-zu-4-SPILTTER - Gelid Solutions<\/title>\n<meta name=\"robots\" content=\"index, follow, max-snippet:-1, max-image-preview:large, max-video-preview:-1\" \/>\n<link rel=\"canonical\" href=\"https:\/\/gelidsolutions.com\/de\/produkt\/1-bis-4-rgb-verteiler\/\" \/>\n<meta property=\"og:locale\" content=\"de_DE\" \/>\n<meta property=\"og:type\" content=\"article\" \/>\n<meta property=\"og:title\" content=\"RGB 1-zu-4-SPILTTER - Gelid Solutions\" \/>\n<meta property=\"og:description\" content=\"4 x RGB-Ausg\u00e4nge  12V 4-Pin RGB &amp; 5V 3-Pin ARGB Header Unterst\u00fctzung  Ultra-robustes Kabel  5 x Steckeradapter im Lieferumfang enthalten\" \/>\n<meta property=\"og:url\" content=\"https:\/\/gelidsolutions.com\/de\/produkt\/1-bis-4-rgb-verteiler\/\" \/>\n<meta property=\"og:site_name\" content=\"Gelid Solutions\" \/>\n<meta property=\"article:modified_time\" content=\"2023-07-11T07:13:06+00:00\" \/>\n<meta property=\"og:image\" content=\"https:\/\/gelidsolutions.com\/wp-content\/uploads\/2022\/05\/1-to-4_rgb_splitter_1.jpg\" \/>\n\t<meta property=\"og:image:width\" content=\"1600\" \/>\n\t<meta property=\"og:image:height\" content=\"1600\" \/>\n\t<meta property=\"og:image:type\" content=\"image\/jpeg\" \/>\n<meta name=\"twitter:card\" content=\"summary_large_image\" \/>\n<script type=\"application\/ld+json\" class=\"yoast-schema-graph\">{\"@context\":\"https:\\\/\\\/schema.org\",\"@graph\":[{\"@type\":\"WebPage\",\"@id\":\"https:\\\/\\\/gelidsolutions.com\\\/de\\\/produkt\\\/1-bis-4-rgb-verteiler\\\/\",\"url\":\"https:\\\/\\\/gelidsolutions.com\\\/de\\\/produkt\\\/1-bis-4-rgb-verteiler\\\/\",\"name\":\"RGB 1-zu-4-SPILTTER - Gelid Solutions\",\"isPartOf\":{\"@id\":\"https:\\\/\\\/gelidsolutions.com\\\/de\\\/#website\"},\"primaryImageOfPage\":{\"@id\":\"https:\\\/\\\/gelidsolutions.com\\\/de\\\/produkt\\\/1-bis-4-rgb-verteiler\\\/#primaryimage\"},\"image\":{\"@id\":\"https:\\\/\\\/gelidsolutions.com\\\/de\\\/produkt\\\/1-bis-4-rgb-verteiler\\\/#primaryimage\"},\"thumbnailUrl\":\"https:\\\/\\\/gelidsolutions.com\\\/wp-content\\\/uploads\\\/2022\\\/05\\\/1-to-4_rgb_splitter_1.jpg\",\"datePublished\":\"2020-08-12T10:47:00+00:00\",\"dateModified\":\"2023-07-11T07:13:06+00:00\",\"breadcrumb\":{\"@id\":\"https:\\\/\\\/gelidsolutions.com\\\/de\\\/produkt\\\/1-bis-4-rgb-verteiler\\\/#breadcrumb\"},\"inLanguage\":\"de\",\"potentialAction\":[{\"@type\":\"ReadAction\",\"target\":[\"https:\\\/\\\/gelidsolutions.com\\\/de\\\/produkt\\\/1-bis-4-rgb-verteiler\\\/\"]}]},{\"@type\":\"ImageObject\",\"inLanguage\":\"de\",\"@id\":\"https:\\\/\\\/gelidsolutions.com\\\/de\\\/produkt\\\/1-bis-4-rgb-verteiler\\\/#primaryimage\",\"url\":\"https:\\\/\\\/gelidsolutions.com\\\/wp-content\\\/uploads\\\/2022\\\/05\\\/1-to-4_rgb_splitter_1.jpg\",\"contentUrl\":\"https:\\\/\\\/gelidsolutions.com\\\/wp-content\\\/uploads\\\/2022\\\/05\\\/1-to-4_rgb_splitter_1.jpg\",\"width\":1600,\"height\":1600,\"caption\":\"RGB 1-zu-4-Verteiler\"},{\"@type\":\"BreadcrumbList\",\"@id\":\"https:\\\/\\\/gelidsolutions.com\\\/de\\\/produkt\\\/1-bis-4-rgb-verteiler\\\/#breadcrumb\",\"itemListElement\":[{\"@type\":\"ListItem\",\"position\":1,\"name\":\"Home\",\"item\":\"https:\\\/\\\/gelidsolutions.com\\\/de\\\/\"},{\"@type\":\"ListItem\",\"position\":2,\"name\":\"Shop\",\"item\":\"https:\\\/\\\/gelidsolutions.com\\\/shop\\\/\"},{\"@type\":\"ListItem\",\"position\":3,\"name\":\"RGB 1-zu-4-SPILTTER\"}]},{\"@type\":\"WebSite\",\"@id\":\"https:\\\/\\\/gelidsolutions.com\\\/de\\\/#website\",\"url\":\"https:\\\/\\\/gelidsolutions.com\\\/de\\\/\",\"name\":\"Gelid Solutions\",\"description\":\"\",\"publisher\":{\"@id\":\"https:\\\/\\\/gelidsolutions.com\\\/de\\\/#organization\"},\"potentialAction\":[{\"@type\":\"SearchAction\",\"target\":{\"@type\":\"EntryPoint\",\"urlTemplate\":\"https:\\\/\\\/gelidsolutions.com\\\/de\\\/?s={search_term_string}\"},\"query-input\":{\"@type\":\"PropertyValueSpecification\",\"valueRequired\":true,\"valueName\":\"search_term_string\"}}],\"inLanguage\":\"de\"},{\"@type\":\"Organization\",\"@id\":\"https:\\\/\\\/gelidsolutions.com\\\/de\\\/#organization\",\"name\":\"Gelid Solutions\",\"url\":\"https:\\\/\\\/gelidsolutions.com\\\/de\\\/\",\"logo\":{\"@type\":\"ImageObject\",\"inLanguage\":\"de\",\"@id\":\"https:\\\/\\\/gelidsolutions.com\\\/de\\\/#\\\/schema\\\/logo\\\/image\\\/\",\"url\":\"https:\\\/\\\/gelidsolutions.com\\\/wp-content\\\/uploads\\\/2022\\\/06\\\/logo_white_104_104.gif\",\"contentUrl\":\"https:\\\/\\\/gelidsolutions.com\\\/wp-content\\\/uploads\\\/2022\\\/06\\\/logo_white_104_104.gif\",\"width\":104,\"height\":104,\"caption\":\"Gelid Solutions\"},\"image\":{\"@id\":\"https:\\\/\\\/gelidsolutions.com\\\/de\\\/#\\\/schema\\\/logo\\\/image\\\/\"}}]}<\/script>\n<!-- \/ Yoast SEO plugin. -->","yoast_head_json":{"title":"RGB 1-zu-4-SPILTTER - Gelid Solutions","robots":{"index":"index","follow":"follow","max-snippet":"max-snippet:-1","max-image-preview":"max-image-preview:large","max-video-preview":"max-video-preview:-1"},"canonical":"https:\/\/gelidsolutions.com\/de\/produkt\/1-bis-4-rgb-verteiler\/","og_locale":"de_DE","og_type":"article","og_title":"RGB 1-zu-4-SPILTTER - Gelid Solutions","og_description":"4 x RGB-Ausg\u00e4nge  12V 4-Pin RGB &amp; 5V 3-Pin ARGB Header Unterst\u00fctzung  Ultra-robustes Kabel  5 x Steckeradapter im Lieferumfang enthalten","og_url":"https:\/\/gelidsolutions.com\/de\/produkt\/1-bis-4-rgb-verteiler\/","og_site_name":"Gelid Solutions","article_modified_time":"2023-07-11T07:13:06+00:00","og_image":[{"width":1600,"height":1600,"url":"https:\/\/gelidsolutions.com\/wp-content\/uploads\/2022\/05\/1-to-4_rgb_splitter_1.jpg","type":"image\/jpeg"}],"twitter_card":"summary_large_image","schema":{"@context":"https:\/\/schema.org","@graph":[{"@type":"WebPage","@id":"https:\/\/gelidsolutions.com\/de\/produkt\/1-bis-4-rgb-verteiler\/","url":"https:\/\/gelidsolutions.com\/de\/produkt\/1-bis-4-rgb-verteiler\/","name":"RGB 1-zu-4-SPILTTER - Gelid Solutions","isPartOf":{"@id":"https:\/\/gelidsolutions.com\/de\/#website"},"primaryImageOfPage":{"@id":"https:\/\/gelidsolutions.com\/de\/produkt\/1-bis-4-rgb-verteiler\/#primaryimage"},"image":{"@id":"https:\/\/gelidsolutions.com\/de\/produkt\/1-bis-4-rgb-verteiler\/#primaryimage"},"thumbnailUrl":"https:\/\/gelidsolutions.com\/wp-content\/uploads\/2022\/05\/1-to-4_rgb_splitter_1.jpg","datePublished":"2020-08-12T10:47:00+00:00","dateModified":"2023-07-11T07:13:06+00:00","breadcrumb":{"@id":"https:\/\/gelidsolutions.com\/de\/produkt\/1-bis-4-rgb-verteiler\/#breadcrumb"},"inLanguage":"de","potentialAction":[{"@type":"ReadAction","target":["https:\/\/gelidsolutions.com\/de\/produkt\/1-bis-4-rgb-verteiler\/"]}]},{"@type":"ImageObject","inLanguage":"de","@id":"https:\/\/gelidsolutions.com\/de\/produkt\/1-bis-4-rgb-verteiler\/#primaryimage","url":"https:\/\/gelidsolutions.com\/wp-content\/uploads\/2022\/05\/1-to-4_rgb_splitter_1.jpg","contentUrl":"https:\/\/gelidsolutions.com\/wp-content\/uploads\/2022\/05\/1-to-4_rgb_splitter_1.jpg","width":1600,"height":1600,"caption":"RGB 1-zu-4-Verteiler"},{"@type":"BreadcrumbList","@id":"https:\/\/gelidsolutions.com\/de\/produkt\/1-bis-4-rgb-verteiler\/#breadcrumb","itemListElement":[{"@type":"ListItem","position":1,"name":"Home","item":"https:\/\/gelidsolutions.com\/de\/"},{"@type":"ListItem","position":2,"name":"Shop","item":"https:\/\/gelidsolutions.com\/shop\/"},{"@type":"ListItem","position":3,"name":"RGB 1-zu-4-SPILTTER"}]},{"@type":"WebSite","@id":"https:\/\/gelidsolutions.com\/de\/#website","url":"https:\/\/gelidsolutions.com\/de\/","name":"Gelid Solutions","description":"","publisher":{"@id":"https:\/\/gelidsolutions.com\/de\/#organization"},"potentialAction":[{"@type":"SearchAction","target":{"@type":"EntryPoint","urlTemplate":"https:\/\/gelidsolutions.com\/de\/?s={search_term_string}"},"query-input":{"@type":"PropertyValueSpecification","valueRequired":true,"valueName":"search_term_string"}}],"inLanguage":"de"},{"@type":"Organization","@id":"https:\/\/gelidsolutions.com\/de\/#organization","name":"Gelid Solutions","url":"https:\/\/gelidsolutions.com\/de\/","logo":{"@type":"ImageObject","inLanguage":"de","@id":"https:\/\/gelidsolutions.com\/de\/#\/schema\/logo\/image\/","url":"https:\/\/gelidsolutions.com\/wp-content\/uploads\/2022\/06\/logo_white_104_104.gif","contentUrl":"https:\/\/gelidsolutions.com\/wp-content\/uploads\/2022\/06\/logo_white_104_104.gif","width":104,"height":104,"caption":"Gelid Solutions"},"image":{"@id":"https:\/\/gelidsolutions.com\/de\/#\/schema\/logo\/image\/"}}]}},"_links":{"self":[{"href":"https:\/\/gelidsolutions.com\/de\/wp-json\/wp\/v2\/product\/113834","targetHints":{"allow":["GET"]}}],"collection":[{"href":"https:\/\/gelidsolutions.com\/de\/wp-json\/wp\/v2\/product"}],"about":[{"href":"https:\/\/gelidsolutions.com\/de\/wp-json\/wp\/v2\/types\/product"}],"replies":[{"embeddable":true,"href":"https:\/\/gelidsolutions.com\/de\/wp-json\/wp\/v2\/comments?post=113834"}],"wp:featuredmedia":[{"embeddable":true,"href":"https:\/\/gelidsolutions.com\/de\/wp-json\/wp\/v2\/media\/112963"}],"wp:attachment":[{"href":"https:\/\/gelidsolutions.com\/de\/wp-json\/wp\/v2\/media?parent=113834"}],"wp:term":[{"taxonomy":"product_cat","embeddable":true,"href":"https:\/\/gelidsolutions.com\/de\/wp-json\/wp\/v2\/product_cat?post=113834"},{"taxonomy":"product_tag","embeddable":true,"href":"https:\/\/gelidsolutions.com\/de\/wp-json\/wp\/v2\/product_tag?post=113834"}],"curies":[{"name":"wp","href":"https:\/\/api.w.org\/{rel}","templated":true}]}}