{"id":113837,"date":"2020-08-24T22:17:00","date_gmt":"2020-08-24T14:17:00","guid":{"rendered":"https:\/\/localhost\/gelidsolutions\/product\/vga-card-holder\/"},"modified":"2023-07-11T15:15:54","modified_gmt":"2023-07-11T07:15:54","slug":"vga-karten-halter","status":"publish","type":"product","link":"https:\/\/gelidsolutions.com\/de\/produkt\/vga-karten-halter\/","title":{"rendered":"STABILO VGA KARTEN UNTERST\u00dcTZUNG"},"content":{"rendered":"<p><b><i>Stabilo VGA-Kartenunterst\u00fctzung (ST-RGB-01) &amp; (ST-RGB-02)<\/i><\/b><br \/>\nUniversal ARGB GPU-Halter<\/p>\n<p><img loading=\"lazy\" decoding=\"async\" class=\"alignleft wp-image-28798\" src=\"https:\/\/gelidsolutions.com\/wp-content\/uploads\/2019\/04\/mb_rgb_tech.png\" alt=\"Unterst\u00fctzte RGB-Technologien\" width=\"589\" height=\"119\"><\/p>\n<p>&nbsp;<\/p>\n<p>Stabilo VGA Card Support minimiert das Verbiegen der GPU-Platine im Laufe der Zeit, hilft, die GPU richtig zu st\u00fctzen und reduziert die Belastung Ihres Motherboards durch die schwere GPU. Die robuste Konstruktion mit ABS-Stahlstangen im Inneren, magnetischem Boden und einem Paar 5 cm langer, verstellbarer Halterungen erm\u00f6glicht es, GPUs jeder Art und Gr\u00f6\u00dfe zu unterst\u00fctzen. Der Stabilo verf\u00fcgt au\u00dferdem \u00fcber 9 ARGB-LEDs mit ARGB-Sync f\u00fcr eine lebendige Systembeleuchtung.<\/p>\n<p>&nbsp;<\/p>\n<p><strong>Bringen Sie die Kraft wieder ins Gleichgewicht. Stellen Sie Ihre GPU absolut stabil auf!<\/strong><\/p>\n<p>&nbsp;<\/p>\n<h3>Kompatibilit\u00e4t der RGB-Header des Motherboards<\/h3>\n<p>&nbsp;<\/p>\n<p><img loading=\"lazy\" decoding=\"async\" class=\"alignleft size-full wp-image-34824\" src=\"https:\/\/gelidsolutions.com\/wp-content\/uploads\/2021\/03\/argb-compatibility-vdg.png\" alt=\"Kompatibilit\u00e4t der RGB-Header des Motherboards\" width=\"600\" height=\"360\"><\/p>\n<p>&nbsp;<\/p>\n<p><strong>EAN:<\/strong><br \/>\n<i>Schwarz: 4897025782327<\/i><br \/>\n<i>Wei\u00df: 4897025782907<\/i><\/p>\n","protected":false},"excerpt":{"rendered":"<ul>\n<li>Unterst\u00fctzung f\u00fcr zwei GPUs<\/li>\n<li>Kompatibel mit allen GPU-Typen<\/li>\n<li>2 selbstsichernde, verstellbare Halterungen<\/li>\n<li>ABS-Stahlmast<\/li>\n<li>ARGB Sync<\/li>\n<li>Magnetische Unterseite &amp; Haftklebstoff<\/li>\n<\/ul>\n","protected":false},"featured_media":113005,"comment_status":"closed","ping_status":"closed","template":"","meta":{"_acf_changed":false},"product_cat":[313,320],"product_tag":[562,558,553],"class_list":{"0":"post-113837","1":"product","2":"type-product","3":"status-publish","4":"has-post-thumbnail","6":"product_cat-archiv","7":"product_cat-zubehoer-archiv","8":"product_tag-accessories-de","9":"product_tag-rgb-de","10":"product_tag-thermal-solution-de","12":"first","13":"instock","14":"taxable","15":"shipping-taxable","16":"purchasable","17":"product-type-variable"},"supplier_id":null,"supplier_sku":"ST-RGB-01","barcode":"4897025782327","atum_controlled":true,"out_stock_date":null,"out_stock_threshold":null,"inheritable":true,"inbound_stock":null,"stock_on_hold":0,"sold_today":0,"sales_last_days":0,"reserved_stock":null,"customer_returns":null,"warehouse_damage":null,"lost_in_post":null,"other_logs":null,"out_stock_days":0,"lost_sales":0,"has_location":false,"update_date":"2026-05-09T01:15:06","atum_locations":[],"atum_stock_status":"instock","restock_status":false,"low_stock_amount":"","sales_update_date":"2026-05-09T01:15:06","calc_backorders":null,"acf":[],"yoast_head":"<!-- This site is optimized with the Yoast SEO plugin v27.5 - https:\/\/yoast.com\/product\/yoast-seo-wordpress\/ -->\n<title>STABILO VGA KARTEN UNTERST\u00dcTZUNG - Gelid Solutions<\/title>\n<meta name=\"robots\" content=\"index, follow, max-snippet:-1, max-image-preview:large, max-video-preview:-1\" \/>\n<link rel=\"canonical\" href=\"https:\/\/gelidsolutions.com\/de\/produkt\/vga-karten-halter\/\" \/>\n<meta property=\"og:locale\" content=\"de_DE\" \/>\n<meta property=\"og:type\" content=\"article\" \/>\n<meta property=\"og:title\" content=\"STABILO VGA KARTEN UNTERST\u00dcTZUNG - Gelid Solutions\" \/>\n<meta property=\"og:description\" content=\"Unterst\u00fctzung f\u00fcr zwei GPUs  Kompatibel mit allen GPU-Typen  2 selbstsichernde, verstellbare Halterungen  ABS-Stahlmast  ARGB Sync  Magnetische Unterseite &amp; Haftklebstoff\" \/>\n<meta property=\"og:url\" content=\"https:\/\/gelidsolutions.com\/de\/produkt\/vga-karten-halter\/\" \/>\n<meta property=\"og:site_name\" content=\"Gelid Solutions\" \/>\n<meta property=\"article:modified_time\" content=\"2023-07-11T07:15:54+00:00\" \/>\n<meta property=\"og:image\" content=\"https:\/\/gelidsolutions.com\/wp-content\/uploads\/2022\/05\/WHITE_BLACKb-20210414-scaled.jpg\" \/>\n\t<meta property=\"og:image:width\" content=\"2560\" \/>\n\t<meta property=\"og:image:height\" content=\"2048\" \/>\n\t<meta property=\"og:image:type\" content=\"image\/jpeg\" \/>\n<meta name=\"twitter:card\" content=\"summary_large_image\" \/>\n<meta name=\"twitter:label1\" content=\"Gesch\u00e4tzte Lesezeit\" \/>\n\t<meta name=\"twitter:data1\" content=\"1\u00a0Minute\" \/>\n<script type=\"application\/ld+json\" class=\"yoast-schema-graph\">{\"@context\":\"https:\\\/\\\/schema.org\",\"@graph\":[{\"@type\":\"WebPage\",\"@id\":\"https:\\\/\\\/gelidsolutions.com\\\/de\\\/produkt\\\/vga-karten-halter\\\/\",\"url\":\"https:\\\/\\\/gelidsolutions.com\\\/de\\\/produkt\\\/vga-karten-halter\\\/\",\"name\":\"STABILO VGA KARTEN UNTERST\u00dcTZUNG - Gelid Solutions\",\"isPartOf\":{\"@id\":\"https:\\\/\\\/gelidsolutions.com\\\/de\\\/#website\"},\"primaryImageOfPage\":{\"@id\":\"https:\\\/\\\/gelidsolutions.com\\\/de\\\/produkt\\\/vga-karten-halter\\\/#primaryimage\"},\"image\":{\"@id\":\"https:\\\/\\\/gelidsolutions.com\\\/de\\\/produkt\\\/vga-karten-halter\\\/#primaryimage\"},\"thumbnailUrl\":\"https:\\\/\\\/gelidsolutions.com\\\/wp-content\\\/uploads\\\/2022\\\/05\\\/WHITE_BLACKb-20210414-scaled.jpg\",\"datePublished\":\"2020-08-24T14:17:00+00:00\",\"dateModified\":\"2023-07-11T07:15:54+00:00\",\"breadcrumb\":{\"@id\":\"https:\\\/\\\/gelidsolutions.com\\\/de\\\/produkt\\\/vga-karten-halter\\\/#breadcrumb\"},\"inLanguage\":\"de\",\"potentialAction\":[{\"@type\":\"ReadAction\",\"target\":[\"https:\\\/\\\/gelidsolutions.com\\\/de\\\/produkt\\\/vga-karten-halter\\\/\"]}]},{\"@type\":\"ImageObject\",\"inLanguage\":\"de\",\"@id\":\"https:\\\/\\\/gelidsolutions.com\\\/de\\\/produkt\\\/vga-karten-halter\\\/#primaryimage\",\"url\":\"https:\\\/\\\/gelidsolutions.com\\\/wp-content\\\/uploads\\\/2022\\\/05\\\/WHITE_BLACKb-20210414-scaled.jpg\",\"contentUrl\":\"https:\\\/\\\/gelidsolutions.com\\\/wp-content\\\/uploads\\\/2022\\\/05\\\/WHITE_BLACKb-20210414-scaled.jpg\",\"width\":2560,\"height\":2048},{\"@type\":\"BreadcrumbList\",\"@id\":\"https:\\\/\\\/gelidsolutions.com\\\/de\\\/produkt\\\/vga-karten-halter\\\/#breadcrumb\",\"itemListElement\":[{\"@type\":\"ListItem\",\"position\":1,\"name\":\"Home\",\"item\":\"https:\\\/\\\/gelidsolutions.com\\\/de\\\/\"},{\"@type\":\"ListItem\",\"position\":2,\"name\":\"Shop\",\"item\":\"https:\\\/\\\/gelidsolutions.com\\\/shop\\\/\"},{\"@type\":\"ListItem\",\"position\":3,\"name\":\"STABILO VGA KARTEN UNTERST\u00dcTZUNG\"}]},{\"@type\":\"WebSite\",\"@id\":\"https:\\\/\\\/gelidsolutions.com\\\/de\\\/#website\",\"url\":\"https:\\\/\\\/gelidsolutions.com\\\/de\\\/\",\"name\":\"Gelid Solutions\",\"description\":\"\",\"publisher\":{\"@id\":\"https:\\\/\\\/gelidsolutions.com\\\/de\\\/#organization\"},\"potentialAction\":[{\"@type\":\"SearchAction\",\"target\":{\"@type\":\"EntryPoint\",\"urlTemplate\":\"https:\\\/\\\/gelidsolutions.com\\\/de\\\/?s={search_term_string}\"},\"query-input\":{\"@type\":\"PropertyValueSpecification\",\"valueRequired\":true,\"valueName\":\"search_term_string\"}}],\"inLanguage\":\"de\"},{\"@type\":\"Organization\",\"@id\":\"https:\\\/\\\/gelidsolutions.com\\\/de\\\/#organization\",\"name\":\"Gelid Solutions\",\"url\":\"https:\\\/\\\/gelidsolutions.com\\\/de\\\/\",\"logo\":{\"@type\":\"ImageObject\",\"inLanguage\":\"de\",\"@id\":\"https:\\\/\\\/gelidsolutions.com\\\/de\\\/#\\\/schema\\\/logo\\\/image\\\/\",\"url\":\"https:\\\/\\\/gelidsolutions.com\\\/wp-content\\\/uploads\\\/2022\\\/06\\\/logo_white_104_104.gif\",\"contentUrl\":\"https:\\\/\\\/gelidsolutions.com\\\/wp-content\\\/uploads\\\/2022\\\/06\\\/logo_white_104_104.gif\",\"width\":104,\"height\":104,\"caption\":\"Gelid Solutions\"},\"image\":{\"@id\":\"https:\\\/\\\/gelidsolutions.com\\\/de\\\/#\\\/schema\\\/logo\\\/image\\\/\"}}]}<\/script>\n<!-- \/ Yoast SEO plugin. -->","yoast_head_json":{"title":"STABILO VGA KARTEN UNTERST\u00dcTZUNG - Gelid Solutions","robots":{"index":"index","follow":"follow","max-snippet":"max-snippet:-1","max-image-preview":"max-image-preview:large","max-video-preview":"max-video-preview:-1"},"canonical":"https:\/\/gelidsolutions.com\/de\/produkt\/vga-karten-halter\/","og_locale":"de_DE","og_type":"article","og_title":"STABILO VGA KARTEN UNTERST\u00dcTZUNG - Gelid Solutions","og_description":"Unterst\u00fctzung f\u00fcr zwei GPUs  Kompatibel mit allen GPU-Typen  2 selbstsichernde, verstellbare Halterungen  ABS-Stahlmast  ARGB Sync  Magnetische Unterseite &amp; Haftklebstoff","og_url":"https:\/\/gelidsolutions.com\/de\/produkt\/vga-karten-halter\/","og_site_name":"Gelid Solutions","article_modified_time":"2023-07-11T07:15:54+00:00","og_image":[{"width":2560,"height":2048,"url":"https:\/\/gelidsolutions.com\/wp-content\/uploads\/2022\/05\/WHITE_BLACKb-20210414-scaled.jpg","type":"image\/jpeg"}],"twitter_card":"summary_large_image","twitter_misc":{"Gesch\u00e4tzte Lesezeit":"1\u00a0Minute"},"schema":{"@context":"https:\/\/schema.org","@graph":[{"@type":"WebPage","@id":"https:\/\/gelidsolutions.com\/de\/produkt\/vga-karten-halter\/","url":"https:\/\/gelidsolutions.com\/de\/produkt\/vga-karten-halter\/","name":"STABILO VGA KARTEN UNTERST\u00dcTZUNG - Gelid Solutions","isPartOf":{"@id":"https:\/\/gelidsolutions.com\/de\/#website"},"primaryImageOfPage":{"@id":"https:\/\/gelidsolutions.com\/de\/produkt\/vga-karten-halter\/#primaryimage"},"image":{"@id":"https:\/\/gelidsolutions.com\/de\/produkt\/vga-karten-halter\/#primaryimage"},"thumbnailUrl":"https:\/\/gelidsolutions.com\/wp-content\/uploads\/2022\/05\/WHITE_BLACKb-20210414-scaled.jpg","datePublished":"2020-08-24T14:17:00+00:00","dateModified":"2023-07-11T07:15:54+00:00","breadcrumb":{"@id":"https:\/\/gelidsolutions.com\/de\/produkt\/vga-karten-halter\/#breadcrumb"},"inLanguage":"de","potentialAction":[{"@type":"ReadAction","target":["https:\/\/gelidsolutions.com\/de\/produkt\/vga-karten-halter\/"]}]},{"@type":"ImageObject","inLanguage":"de","@id":"https:\/\/gelidsolutions.com\/de\/produkt\/vga-karten-halter\/#primaryimage","url":"https:\/\/gelidsolutions.com\/wp-content\/uploads\/2022\/05\/WHITE_BLACKb-20210414-scaled.jpg","contentUrl":"https:\/\/gelidsolutions.com\/wp-content\/uploads\/2022\/05\/WHITE_BLACKb-20210414-scaled.jpg","width":2560,"height":2048},{"@type":"BreadcrumbList","@id":"https:\/\/gelidsolutions.com\/de\/produkt\/vga-karten-halter\/#breadcrumb","itemListElement":[{"@type":"ListItem","position":1,"name":"Home","item":"https:\/\/gelidsolutions.com\/de\/"},{"@type":"ListItem","position":2,"name":"Shop","item":"https:\/\/gelidsolutions.com\/shop\/"},{"@type":"ListItem","position":3,"name":"STABILO VGA KARTEN UNTERST\u00dcTZUNG"}]},{"@type":"WebSite","@id":"https:\/\/gelidsolutions.com\/de\/#website","url":"https:\/\/gelidsolutions.com\/de\/","name":"Gelid Solutions","description":"","publisher":{"@id":"https:\/\/gelidsolutions.com\/de\/#organization"},"potentialAction":[{"@type":"SearchAction","target":{"@type":"EntryPoint","urlTemplate":"https:\/\/gelidsolutions.com\/de\/?s={search_term_string}"},"query-input":{"@type":"PropertyValueSpecification","valueRequired":true,"valueName":"search_term_string"}}],"inLanguage":"de"},{"@type":"Organization","@id":"https:\/\/gelidsolutions.com\/de\/#organization","name":"Gelid Solutions","url":"https:\/\/gelidsolutions.com\/de\/","logo":{"@type":"ImageObject","inLanguage":"de","@id":"https:\/\/gelidsolutions.com\/de\/#\/schema\/logo\/image\/","url":"https:\/\/gelidsolutions.com\/wp-content\/uploads\/2022\/06\/logo_white_104_104.gif","contentUrl":"https:\/\/gelidsolutions.com\/wp-content\/uploads\/2022\/06\/logo_white_104_104.gif","width":104,"height":104,"caption":"Gelid Solutions"},"image":{"@id":"https:\/\/gelidsolutions.com\/de\/#\/schema\/logo\/image\/"}}]}},"_links":{"self":[{"href":"https:\/\/gelidsolutions.com\/de\/wp-json\/wp\/v2\/product\/113837","targetHints":{"allow":["GET"]}}],"collection":[{"href":"https:\/\/gelidsolutions.com\/de\/wp-json\/wp\/v2\/product"}],"about":[{"href":"https:\/\/gelidsolutions.com\/de\/wp-json\/wp\/v2\/types\/product"}],"replies":[{"embeddable":true,"href":"https:\/\/gelidsolutions.com\/de\/wp-json\/wp\/v2\/comments?post=113837"}],"wp:featuredmedia":[{"embeddable":true,"href":"https:\/\/gelidsolutions.com\/de\/wp-json\/wp\/v2\/media\/113005"}],"wp:attachment":[{"href":"https:\/\/gelidsolutions.com\/de\/wp-json\/wp\/v2\/media?parent=113837"}],"wp:term":[{"taxonomy":"product_cat","embeddable":true,"href":"https:\/\/gelidsolutions.com\/de\/wp-json\/wp\/v2\/product_cat?post=113837"},{"taxonomy":"product_tag","embeddable":true,"href":"https:\/\/gelidsolutions.com\/de\/wp-json\/wp\/v2\/product_tag?post=113837"}],"curies":[{"name":"wp","href":"https:\/\/api.w.org\/{rel}","templated":true}]}}