{"id":113839,"date":"2020-07-03T14:14:00","date_gmt":"2020-07-03T06:14:00","guid":{"rendered":"https:\/\/localhost\/gelidsolutions\/product\/magnet-mesh-140-staubfilter-set\/"},"modified":"2023-07-11T15:23:22","modified_gmt":"2023-07-11T07:23:22","slug":"magnet-netz140-filter","status":"publish","type":"product","link":"https:\/\/gelidsolutions.com\/de\/produkt\/magnet-netz140-filter\/","title":{"rendered":"MAGNETGEWEBE-STAUBFILTER 140"},"content":{"rendered":"<p><i><b>Magnetgitter 140 (SL-Dust-04)<\/b><\/i><br \/>\n140mm Magnetischer Staubfiltersatz<\/p>\n<p>Magnet Mesh 140 wurde entwickelt, um das Eindringen von Staub in Ihren PC zu verhindern. Staub beeintr\u00e4chtigt nicht nur die \u00c4sthetik, sondern verringert auch die K\u00fchlleistung und kann auch eine gewisse elektrische Kapazit\u00e4t und Leitf\u00e4higkeit anreichern, was sich auf die Zuverl\u00e4ssigkeit und Lebensdauer Ihres Computers auswirkt.<\/p>\n<p>Das Magnet Mesh 140 ist mit winzigen Fasern und einem luftstromoptimierten PVC-Gewebe mit dichten 17 Poren pro Zoll ausgestattet, das die Staubfilterung gew\u00e4hrleistet und bis zu 90 % luftstromfreien Durchgang erm\u00f6glicht. Es ist haltbar, waschbar, wiederverwendbar und kompatibel mit allen Standard-140-mm-L\u00fcftern und -L\u00fcftungen.<\/p>\n<p>Magnet Mesh 140 kann am Lufteinlass oder -auslass des Metall-PC-Geh\u00e4uses, des PSU-Geh\u00e4uses, des HTPCs oder jedes anderen Ger\u00e4ts mit installierten 140-mm-L\u00fcftern angebracht werden. Dank des magnetischen Designs in Sekundenschnelle montiert!<\/p>\n<p>Wenn Ihr PC-Geh\u00e4use nicht aus Metall ist, kann der magnetische Rahmen entfernt und der Filter mit dem vorbereiteten Klebeband an den Geh\u00e4use\u00f6ffnungen befestigt werden.<\/p>\n<p>Weg mit dem Staub! Bringen Sie frischen Wind in Ihren PC mit Magnet Mesh 140!<\/p>\n<p>EAN: 4897025782419<\/p>\n","protected":false},"excerpt":{"rendered":"<ul>\n<li>  Abnehmbarer magnetischer Rahmen<\/li>\n<li>  Feines PVC-Gewebe 17 Poren pro Zoll<\/li>\n<li>  Ausgezeichneter Airflow-Pass<\/li>\n<li>  Schnelle und einfache Anwendung<\/li>\n<li>  Langlebig, waschbar und wiederverwendbar<\/li>\n<li>  Passend f\u00fcr alle 140-mm-L\u00fcfter und L\u00fcftungs\u00f6ffnungen<\/li>\n<\/ul>\n","protected":false},"featured_media":121429,"comment_status":"closed","ping_status":"closed","template":"","meta":{"_acf_changed":false},"product_cat":[327,305,506],"product_tag":[],"class_list":{"0":"post-113839","1":"product","2":"type-product","3":"status-publish","4":"has-post-thumbnail","6":"product_cat-gamer-zubehoer","7":"product_cat-kuehlloesungen","8":"product_cat-zubehor","10":"first","11":"outofstock","12":"taxable","13":"shipping-taxable","14":"purchasable","15":"product-type-simple"},"supplier_id":null,"supplier_sku":"SL-Dust-04","barcode":"4897025782419","atum_controlled":true,"out_stock_date":null,"out_stock_threshold":null,"inheritable":false,"inbound_stock":null,"stock_on_hold":0,"sold_today":0,"sales_last_days":0,"reserved_stock":null,"customer_returns":null,"warehouse_damage":null,"lost_in_post":null,"other_logs":null,"out_stock_days":0,"lost_sales":0,"has_location":false,"update_date":"2026-05-15T00:02:51","atum_locations":[],"atum_stock_status":"outofstock","restock_status":false,"low_stock_amount":"","sales_update_date":"2026-05-15T00:02:51","calc_backorders":null,"acf":[],"yoast_head":"<!-- This site is optimized with the Yoast SEO plugin v27.6 - https:\/\/yoast.com\/product\/yoast-seo-wordpress\/ -->\n<title>MAGNETGEWEBE-STAUBFILTER 140 - Gelid Solutions<\/title>\n<meta name=\"robots\" content=\"index, follow, max-snippet:-1, max-image-preview:large, max-video-preview:-1\" \/>\n<link rel=\"canonical\" href=\"https:\/\/gelidsolutions.com\/de\/produkt\/magnet-netz140-filter\/\" \/>\n<meta property=\"og:locale\" content=\"de_DE\" \/>\n<meta property=\"og:type\" content=\"article\" \/>\n<meta property=\"og:title\" content=\"MAGNETGEWEBE-STAUBFILTER 140 - Gelid Solutions\" \/>\n<meta property=\"og:description\" content=\"Abnehmbarer magnetischer Rahmen   Feines PVC-Gewebe 17 Poren pro Zoll   Ausgezeichneter Airflow-Pass   Schnelle und einfache Anwendung   Langlebig, waschbar und wiederverwendbar   Passend f\u00fcr alle 140-mm-L\u00fcfter und L\u00fcftungs\u00f6ffnungen\" \/>\n<meta property=\"og:url\" content=\"https:\/\/gelidsolutions.com\/de\/produkt\/magnet-netz140-filter\/\" \/>\n<meta property=\"og:site_name\" content=\"Gelid Solutions\" \/>\n<meta property=\"article:modified_time\" content=\"2023-07-11T07:23:22+00:00\" \/>\n<meta property=\"og:image\" content=\"https:\/\/gelidsolutions.com\/wp-content\/uploads\/2020\/07\/magnet_mesh140_filter_kit_1-1.1.png\" \/>\n\t<meta property=\"og:image:width\" content=\"1600\" \/>\n\t<meta property=\"og:image:height\" content=\"1600\" \/>\n\t<meta property=\"og:image:type\" content=\"image\/png\" \/>\n<meta name=\"twitter:card\" content=\"summary_large_image\" \/>\n<meta name=\"twitter:label1\" content=\"Gesch\u00e4tzte Lesezeit\" \/>\n\t<meta name=\"twitter:data1\" content=\"1\u00a0Minute\" \/>\n<script type=\"application\/ld+json\" class=\"yoast-schema-graph\">{\"@context\":\"https:\\\/\\\/schema.org\",\"@graph\":[{\"@type\":\"WebPage\",\"@id\":\"https:\\\/\\\/gelidsolutions.com\\\/de\\\/produkt\\\/magnet-netz140-filter\\\/\",\"url\":\"https:\\\/\\\/gelidsolutions.com\\\/de\\\/produkt\\\/magnet-netz140-filter\\\/\",\"name\":\"MAGNETGEWEBE-STAUBFILTER 140 - Gelid Solutions\",\"isPartOf\":{\"@id\":\"https:\\\/\\\/gelidsolutions.com\\\/de\\\/#website\"},\"primaryImageOfPage\":{\"@id\":\"https:\\\/\\\/gelidsolutions.com\\\/de\\\/produkt\\\/magnet-netz140-filter\\\/#primaryimage\"},\"image\":{\"@id\":\"https:\\\/\\\/gelidsolutions.com\\\/de\\\/produkt\\\/magnet-netz140-filter\\\/#primaryimage\"},\"thumbnailUrl\":\"https:\\\/\\\/gelidsolutions.com\\\/wp-content\\\/uploads\\\/2020\\\/07\\\/magnet_mesh140_filter_kit_1-1.1.png\",\"datePublished\":\"2020-07-03T06:14:00+00:00\",\"dateModified\":\"2023-07-11T07:23:22+00:00\",\"breadcrumb\":{\"@id\":\"https:\\\/\\\/gelidsolutions.com\\\/de\\\/produkt\\\/magnet-netz140-filter\\\/#breadcrumb\"},\"inLanguage\":\"de\",\"potentialAction\":[{\"@type\":\"ReadAction\",\"target\":[\"https:\\\/\\\/gelidsolutions.com\\\/de\\\/produkt\\\/magnet-netz140-filter\\\/\"]}]},{\"@type\":\"ImageObject\",\"inLanguage\":\"de\",\"@id\":\"https:\\\/\\\/gelidsolutions.com\\\/de\\\/produkt\\\/magnet-netz140-filter\\\/#primaryimage\",\"url\":\"https:\\\/\\\/gelidsolutions.com\\\/wp-content\\\/uploads\\\/2020\\\/07\\\/magnet_mesh140_filter_kit_1-1.1.png\",\"contentUrl\":\"https:\\\/\\\/gelidsolutions.com\\\/wp-content\\\/uploads\\\/2020\\\/07\\\/magnet_mesh140_filter_kit_1-1.1.png\",\"width\":1600,\"height\":1600},{\"@type\":\"BreadcrumbList\",\"@id\":\"https:\\\/\\\/gelidsolutions.com\\\/de\\\/produkt\\\/magnet-netz140-filter\\\/#breadcrumb\",\"itemListElement\":[{\"@type\":\"ListItem\",\"position\":1,\"name\":\"Home\",\"item\":\"https:\\\/\\\/gelidsolutions.com\\\/de\\\/\"},{\"@type\":\"ListItem\",\"position\":2,\"name\":\"Shop\",\"item\":\"https:\\\/\\\/gelidsolutions.com\\\/shop\\\/\"},{\"@type\":\"ListItem\",\"position\":3,\"name\":\"MAGNETGEWEBE-STAUBFILTER 140\"}]},{\"@type\":\"WebSite\",\"@id\":\"https:\\\/\\\/gelidsolutions.com\\\/de\\\/#website\",\"url\":\"https:\\\/\\\/gelidsolutions.com\\\/de\\\/\",\"name\":\"Gelid Solutions\",\"description\":\"\",\"publisher\":{\"@id\":\"https:\\\/\\\/gelidsolutions.com\\\/de\\\/#organization\"},\"potentialAction\":[{\"@type\":\"SearchAction\",\"target\":{\"@type\":\"EntryPoint\",\"urlTemplate\":\"https:\\\/\\\/gelidsolutions.com\\\/de\\\/?s={search_term_string}\"},\"query-input\":{\"@type\":\"PropertyValueSpecification\",\"valueRequired\":true,\"valueName\":\"search_term_string\"}}],\"inLanguage\":\"de\"},{\"@type\":\"Organization\",\"@id\":\"https:\\\/\\\/gelidsolutions.com\\\/de\\\/#organization\",\"name\":\"Gelid Solutions\",\"url\":\"https:\\\/\\\/gelidsolutions.com\\\/de\\\/\",\"logo\":{\"@type\":\"ImageObject\",\"inLanguage\":\"de\",\"@id\":\"https:\\\/\\\/gelidsolutions.com\\\/de\\\/#\\\/schema\\\/logo\\\/image\\\/\",\"url\":\"https:\\\/\\\/gelidsolutions.com\\\/wp-content\\\/uploads\\\/2022\\\/06\\\/logo_white_104_104.gif\",\"contentUrl\":\"https:\\\/\\\/gelidsolutions.com\\\/wp-content\\\/uploads\\\/2022\\\/06\\\/logo_white_104_104.gif\",\"width\":104,\"height\":104,\"caption\":\"Gelid Solutions\"},\"image\":{\"@id\":\"https:\\\/\\\/gelidsolutions.com\\\/de\\\/#\\\/schema\\\/logo\\\/image\\\/\"}}]}<\/script>\n<!-- \/ Yoast SEO plugin. -->","yoast_head_json":{"title":"MAGNETGEWEBE-STAUBFILTER 140 - Gelid Solutions","robots":{"index":"index","follow":"follow","max-snippet":"max-snippet:-1","max-image-preview":"max-image-preview:large","max-video-preview":"max-video-preview:-1"},"canonical":"https:\/\/gelidsolutions.com\/de\/produkt\/magnet-netz140-filter\/","og_locale":"de_DE","og_type":"article","og_title":"MAGNETGEWEBE-STAUBFILTER 140 - Gelid Solutions","og_description":"Abnehmbarer magnetischer Rahmen   Feines PVC-Gewebe 17 Poren pro Zoll   Ausgezeichneter Airflow-Pass   Schnelle und einfache Anwendung   Langlebig, waschbar und wiederverwendbar   Passend f\u00fcr alle 140-mm-L\u00fcfter und L\u00fcftungs\u00f6ffnungen","og_url":"https:\/\/gelidsolutions.com\/de\/produkt\/magnet-netz140-filter\/","og_site_name":"Gelid Solutions","article_modified_time":"2023-07-11T07:23:22+00:00","og_image":[{"width":1600,"height":1600,"url":"https:\/\/gelidsolutions.com\/wp-content\/uploads\/2020\/07\/magnet_mesh140_filter_kit_1-1.1.png","type":"image\/png"}],"twitter_card":"summary_large_image","twitter_misc":{"Gesch\u00e4tzte Lesezeit":"1\u00a0Minute"},"schema":{"@context":"https:\/\/schema.org","@graph":[{"@type":"WebPage","@id":"https:\/\/gelidsolutions.com\/de\/produkt\/magnet-netz140-filter\/","url":"https:\/\/gelidsolutions.com\/de\/produkt\/magnet-netz140-filter\/","name":"MAGNETGEWEBE-STAUBFILTER 140 - Gelid Solutions","isPartOf":{"@id":"https:\/\/gelidsolutions.com\/de\/#website"},"primaryImageOfPage":{"@id":"https:\/\/gelidsolutions.com\/de\/produkt\/magnet-netz140-filter\/#primaryimage"},"image":{"@id":"https:\/\/gelidsolutions.com\/de\/produkt\/magnet-netz140-filter\/#primaryimage"},"thumbnailUrl":"https:\/\/gelidsolutions.com\/wp-content\/uploads\/2020\/07\/magnet_mesh140_filter_kit_1-1.1.png","datePublished":"2020-07-03T06:14:00+00:00","dateModified":"2023-07-11T07:23:22+00:00","breadcrumb":{"@id":"https:\/\/gelidsolutions.com\/de\/produkt\/magnet-netz140-filter\/#breadcrumb"},"inLanguage":"de","potentialAction":[{"@type":"ReadAction","target":["https:\/\/gelidsolutions.com\/de\/produkt\/magnet-netz140-filter\/"]}]},{"@type":"ImageObject","inLanguage":"de","@id":"https:\/\/gelidsolutions.com\/de\/produkt\/magnet-netz140-filter\/#primaryimage","url":"https:\/\/gelidsolutions.com\/wp-content\/uploads\/2020\/07\/magnet_mesh140_filter_kit_1-1.1.png","contentUrl":"https:\/\/gelidsolutions.com\/wp-content\/uploads\/2020\/07\/magnet_mesh140_filter_kit_1-1.1.png","width":1600,"height":1600},{"@type":"BreadcrumbList","@id":"https:\/\/gelidsolutions.com\/de\/produkt\/magnet-netz140-filter\/#breadcrumb","itemListElement":[{"@type":"ListItem","position":1,"name":"Home","item":"https:\/\/gelidsolutions.com\/de\/"},{"@type":"ListItem","position":2,"name":"Shop","item":"https:\/\/gelidsolutions.com\/shop\/"},{"@type":"ListItem","position":3,"name":"MAGNETGEWEBE-STAUBFILTER 140"}]},{"@type":"WebSite","@id":"https:\/\/gelidsolutions.com\/de\/#website","url":"https:\/\/gelidsolutions.com\/de\/","name":"Gelid Solutions","description":"","publisher":{"@id":"https:\/\/gelidsolutions.com\/de\/#organization"},"potentialAction":[{"@type":"SearchAction","target":{"@type":"EntryPoint","urlTemplate":"https:\/\/gelidsolutions.com\/de\/?s={search_term_string}"},"query-input":{"@type":"PropertyValueSpecification","valueRequired":true,"valueName":"search_term_string"}}],"inLanguage":"de"},{"@type":"Organization","@id":"https:\/\/gelidsolutions.com\/de\/#organization","name":"Gelid Solutions","url":"https:\/\/gelidsolutions.com\/de\/","logo":{"@type":"ImageObject","inLanguage":"de","@id":"https:\/\/gelidsolutions.com\/de\/#\/schema\/logo\/image\/","url":"https:\/\/gelidsolutions.com\/wp-content\/uploads\/2022\/06\/logo_white_104_104.gif","contentUrl":"https:\/\/gelidsolutions.com\/wp-content\/uploads\/2022\/06\/logo_white_104_104.gif","width":104,"height":104,"caption":"Gelid Solutions"},"image":{"@id":"https:\/\/gelidsolutions.com\/de\/#\/schema\/logo\/image\/"}}]}},"_links":{"self":[{"href":"https:\/\/gelidsolutions.com\/de\/wp-json\/wp\/v2\/product\/113839","targetHints":{"allow":["GET"]}}],"collection":[{"href":"https:\/\/gelidsolutions.com\/de\/wp-json\/wp\/v2\/product"}],"about":[{"href":"https:\/\/gelidsolutions.com\/de\/wp-json\/wp\/v2\/types\/product"}],"replies":[{"embeddable":true,"href":"https:\/\/gelidsolutions.com\/de\/wp-json\/wp\/v2\/comments?post=113839"}],"wp:featuredmedia":[{"embeddable":true,"href":"https:\/\/gelidsolutions.com\/de\/wp-json\/wp\/v2\/media\/121429"}],"wp:attachment":[{"href":"https:\/\/gelidsolutions.com\/de\/wp-json\/wp\/v2\/media?parent=113839"}],"wp:term":[{"taxonomy":"product_cat","embeddable":true,"href":"https:\/\/gelidsolutions.com\/de\/wp-json\/wp\/v2\/product_cat?post=113839"},{"taxonomy":"product_tag","embeddable":true,"href":"https:\/\/gelidsolutions.com\/de\/wp-json\/wp\/v2\/product_tag?post=113839"}],"curies":[{"name":"wp","href":"https:\/\/api.w.org\/{rel}","templated":true}]}}